{"id":15492,"date":"2020-06-17T13:37:23","date_gmt":"2020-06-17T13:37:23","guid":{"rendered":"https:\/\/gezonde-darmflora.nl\/product\/df4\/"},"modified":"2025-11-07T14:32:55","modified_gmt":"2025-11-07T13:32:55","slug":"df4","status":"publish","type":"product","link":"https:\/\/gezonde-darmflora.nl\/it\/prodotto\/df4\/","title":{"rendered":"DF4"},"content":{"rendered":"<p>DF4 (Paesi Bassi) mangia vegetariano ed \u00e8 un cantante lirico professionista. Se la voce \u00e8 il tuo strumento, \u00e8 ovvio che ti prendi cura del tuo corpo! \u00c8 cresciuta in una fattoria allo stato brado. Ama essere attiva nella natura e preferisce lavorare con i cavalli. Pratica fitness, ciclismo, escursionismo e ama andare in moto. Vaccinato per la corona.       <a href=\"https:\/\/gezonde-darmflora.nl\/wp-content\/uploads\/2023\/07\/DF4-MPC00173-Microbioom-.pdf\"><strong>Clicca qui per il rapporto sul microbioma<\/strong><\/a><\/p>\n<p>\/ <a href=\"https:\/\/gezonde-darmflora.nl\/wp-content\/uploads\/2020\/06\/DF4-OVERZICHT-scaled.jpg\"><strong>Clicca qui per i risultati degli esami delle feci<\/strong><\/a> \/ <a href=\"https:\/\/gezonde-darmflora.nl\/wp-content\/uploads\/2023\/08\/DF4-Bloed-test.pdf\"><strong>Clicca qui per il test del sangue<\/strong><\/a><\/p>\n","protected":false},"excerpt":{"rendered":"<p>L&#8217;importo non include il costo del ghiaccio secco, dell&#8217;imballaggio e delle spese di spedizione.<\/p>\n","protected":false},"featured_media":15493,"comment_status":"closed","ping_status":"closed","template":"","meta":{"_acf_changed":false},"product_brand":[],"product_cat":[261],"product_tag":[],"class_list":{"0":"post-15492","1":"product","2":"type-product","3":"status-publish","4":"has-post-thumbnail","6":"product_cat-flora-intestinale","7":"product_shipping_class-standard-it","9":"first","10":"instock","11":"taxable","12":"shipping-taxable","13":"purchasable","14":"product-type-variable"},"acf":[],"yoast_head":"<!-- This site is optimized with the Yoast SEO plugin v27.1.1 - https:\/\/yoast.com\/product\/yoast-seo-wordpress\/ -->\n<title>DF4 &#8211; Gezonde Darmflora<\/title>\n<meta name=\"robots\" content=\"index, follow, max-snippet:-1, max-image-preview:large, max-video-preview:-1\" \/>\n<link rel=\"canonical\" href=\"https:\/\/gezonde-darmflora.nl\/it\/prodotto\/df4\/\" \/>\n<meta property=\"og:locale\" content=\"it_IT\" \/>\n<meta property=\"og:type\" content=\"article\" \/>\n<meta property=\"og:title\" content=\"DF4 &#8211; Gezonde Darmflora\" \/>\n<meta property=\"og:description\" content=\"L&#039;importo non include il costo del ghiaccio secco, dell&#039;imballaggio e delle spese di spedizione.\" \/>\n<meta property=\"og:url\" content=\"https:\/\/gezonde-darmflora.nl\/it\/prodotto\/df4\/\" \/>\n<meta property=\"og:site_name\" content=\"Gezonde Darmflora\" \/>\n<meta property=\"article:modified_time\" content=\"2025-11-07T13:32:55+00:00\" \/>\n<meta property=\"og:image\" content=\"https:\/\/gezonde-darmflora.nl\/wp-content\/uploads\/2020\/06\/LEGE-CAPSULE-DF4-kopie.jpg\" \/>\n\t<meta property=\"og:image:width\" content=\"992\" \/>\n\t<meta property=\"og:image:height\" content=\"992\" \/>\n\t<meta property=\"og:image:type\" content=\"image\/jpeg\" \/>\n<meta name=\"twitter:card\" content=\"summary_large_image\" \/>\n<script type=\"application\/ld+json\" class=\"yoast-schema-graph\">{\"@context\":\"https:\/\/schema.org\",\"@graph\":[{\"@type\":\"WebPage\",\"@id\":\"https:\/\/gezonde-darmflora.nl\/it\/prodotto\/df4\/\",\"url\":\"https:\/\/gezonde-darmflora.nl\/it\/prodotto\/df4\/\",\"name\":\"DF4 &#8211; Gezonde Darmflora\",\"isPartOf\":{\"@id\":\"https:\/\/gezonde-darmflora.nl\/it\/#website\"},\"primaryImageOfPage\":{\"@id\":\"https:\/\/gezonde-darmflora.nl\/it\/prodotto\/df4\/#primaryimage\"},\"image\":{\"@id\":\"https:\/\/gezonde-darmflora.nl\/it\/prodotto\/df4\/#primaryimage\"},\"thumbnailUrl\":\"https:\/\/gezonde-darmflora.nl\/wp-content\/uploads\/2020\/06\/LEGE-CAPSULE-DF4-kopie.jpg\",\"datePublished\":\"2020-06-17T13:37:23+00:00\",\"dateModified\":\"2025-11-07T13:32:55+00:00\",\"breadcrumb\":{\"@id\":\"https:\/\/gezonde-darmflora.nl\/it\/prodotto\/df4\/#breadcrumb\"},\"inLanguage\":\"it-IT\",\"potentialAction\":[{\"@type\":\"ReadAction\",\"target\":[\"https:\/\/gezonde-darmflora.nl\/it\/prodotto\/df4\/\"]}]},{\"@type\":\"ImageObject\",\"inLanguage\":\"it-IT\",\"@id\":\"https:\/\/gezonde-darmflora.nl\/it\/prodotto\/df4\/#primaryimage\",\"url\":\"https:\/\/gezonde-darmflora.nl\/wp-content\/uploads\/2020\/06\/LEGE-CAPSULE-DF4-kopie.jpg\",\"contentUrl\":\"https:\/\/gezonde-darmflora.nl\/wp-content\/uploads\/2020\/06\/LEGE-CAPSULE-DF4-kopie.jpg\",\"width\":992,\"height\":992},{\"@type\":\"BreadcrumbList\",\"@id\":\"https:\/\/gezonde-darmflora.nl\/it\/prodotto\/df4\/#breadcrumb\",\"itemListElement\":[{\"@type\":\"ListItem\",\"position\":1,\"name\":\"Home\",\"item\":\"https:\/\/gezonde-darmflora.nl\/it\/\"},{\"@type\":\"ListItem\",\"position\":2,\"name\":\"Negozio\",\"item\":\"https:\/\/gezonde-darmflora.nl\/negozio\/\"},{\"@type\":\"ListItem\",\"position\":3,\"name\":\"DF4\"}]},{\"@type\":\"WebSite\",\"@id\":\"https:\/\/gezonde-darmflora.nl\/it\/#website\",\"url\":\"https:\/\/gezonde-darmflora.nl\/it\/\",\"name\":\"Gezonde Darmflora\",\"description\":\"Een gezonde &amp; natuurlijke darmflora\",\"potentialAction\":[{\"@type\":\"SearchAction\",\"target\":{\"@type\":\"EntryPoint\",\"urlTemplate\":\"https:\/\/gezonde-darmflora.nl\/it\/?s={search_term_string}\"},\"query-input\":{\"@type\":\"PropertyValueSpecification\",\"valueRequired\":true,\"valueName\":\"search_term_string\"}}],\"inLanguage\":\"it-IT\"}]}<\/script>\n<!-- \/ Yoast SEO plugin. -->","yoast_head_json":{"title":"DF4 &#8211; Gezonde Darmflora","robots":{"index":"index","follow":"follow","max-snippet":"max-snippet:-1","max-image-preview":"max-image-preview:large","max-video-preview":"max-video-preview:-1"},"canonical":"https:\/\/gezonde-darmflora.nl\/it\/prodotto\/df4\/","og_locale":"it_IT","og_type":"article","og_title":"DF4 &#8211; Gezonde Darmflora","og_description":"L'importo non include il costo del ghiaccio secco, dell'imballaggio e delle spese di spedizione.","og_url":"https:\/\/gezonde-darmflora.nl\/it\/prodotto\/df4\/","og_site_name":"Gezonde Darmflora","article_modified_time":"2025-11-07T13:32:55+00:00","og_image":[{"width":992,"height":992,"url":"https:\/\/gezonde-darmflora.nl\/wp-content\/uploads\/2020\/06\/LEGE-CAPSULE-DF4-kopie.jpg","type":"image\/jpeg"}],"twitter_card":"summary_large_image","schema":{"@context":"https:\/\/schema.org","@graph":[{"@type":"WebPage","@id":"https:\/\/gezonde-darmflora.nl\/it\/prodotto\/df4\/","url":"https:\/\/gezonde-darmflora.nl\/it\/prodotto\/df4\/","name":"DF4 &#8211; Gezonde Darmflora","isPartOf":{"@id":"https:\/\/gezonde-darmflora.nl\/it\/#website"},"primaryImageOfPage":{"@id":"https:\/\/gezonde-darmflora.nl\/it\/prodotto\/df4\/#primaryimage"},"image":{"@id":"https:\/\/gezonde-darmflora.nl\/it\/prodotto\/df4\/#primaryimage"},"thumbnailUrl":"https:\/\/gezonde-darmflora.nl\/wp-content\/uploads\/2020\/06\/LEGE-CAPSULE-DF4-kopie.jpg","datePublished":"2020-06-17T13:37:23+00:00","dateModified":"2025-11-07T13:32:55+00:00","breadcrumb":{"@id":"https:\/\/gezonde-darmflora.nl\/it\/prodotto\/df4\/#breadcrumb"},"inLanguage":"it-IT","potentialAction":[{"@type":"ReadAction","target":["https:\/\/gezonde-darmflora.nl\/it\/prodotto\/df4\/"]}]},{"@type":"ImageObject","inLanguage":"it-IT","@id":"https:\/\/gezonde-darmflora.nl\/it\/prodotto\/df4\/#primaryimage","url":"https:\/\/gezonde-darmflora.nl\/wp-content\/uploads\/2020\/06\/LEGE-CAPSULE-DF4-kopie.jpg","contentUrl":"https:\/\/gezonde-darmflora.nl\/wp-content\/uploads\/2020\/06\/LEGE-CAPSULE-DF4-kopie.jpg","width":992,"height":992},{"@type":"BreadcrumbList","@id":"https:\/\/gezonde-darmflora.nl\/it\/prodotto\/df4\/#breadcrumb","itemListElement":[{"@type":"ListItem","position":1,"name":"Home","item":"https:\/\/gezonde-darmflora.nl\/it\/"},{"@type":"ListItem","position":2,"name":"Negozio","item":"https:\/\/gezonde-darmflora.nl\/negozio\/"},{"@type":"ListItem","position":3,"name":"DF4"}]},{"@type":"WebSite","@id":"https:\/\/gezonde-darmflora.nl\/it\/#website","url":"https:\/\/gezonde-darmflora.nl\/it\/","name":"Gezonde Darmflora","description":"Een gezonde &amp; natuurlijke darmflora","potentialAction":[{"@type":"SearchAction","target":{"@type":"EntryPoint","urlTemplate":"https:\/\/gezonde-darmflora.nl\/it\/?s={search_term_string}"},"query-input":{"@type":"PropertyValueSpecification","valueRequired":true,"valueName":"search_term_string"}}],"inLanguage":"it-IT"}]}},"_links":{"self":[{"href":"https:\/\/gezonde-darmflora.nl\/it\/wp-json\/wp\/v2\/product\/15492","targetHints":{"allow":["GET"]}}],"collection":[{"href":"https:\/\/gezonde-darmflora.nl\/it\/wp-json\/wp\/v2\/product"}],"about":[{"href":"https:\/\/gezonde-darmflora.nl\/it\/wp-json\/wp\/v2\/types\/product"}],"replies":[{"embeddable":true,"href":"https:\/\/gezonde-darmflora.nl\/it\/wp-json\/wp\/v2\/comments?post=15492"}],"wp:featuredmedia":[{"embeddable":true,"href":"https:\/\/gezonde-darmflora.nl\/it\/wp-json\/wp\/v2\/media\/15493"}],"wp:attachment":[{"href":"https:\/\/gezonde-darmflora.nl\/it\/wp-json\/wp\/v2\/media?parent=15492"}],"wp:term":[{"taxonomy":"product_brand","embeddable":true,"href":"https:\/\/gezonde-darmflora.nl\/it\/wp-json\/wp\/v2\/product_brand?post=15492"},{"taxonomy":"product_cat","embeddable":true,"href":"https:\/\/gezonde-darmflora.nl\/it\/wp-json\/wp\/v2\/product_cat?post=15492"},{"taxonomy":"product_tag","embeddable":true,"href":"https:\/\/gezonde-darmflora.nl\/it\/wp-json\/wp\/v2\/product_tag?post=15492"}],"curies":[{"name":"wp","href":"https:\/\/api.w.org\/{rel}","templated":true}]}}