{"id":15437,"date":"2020-06-18T15:18:08","date_gmt":"2020-06-18T13:18:08","guid":{"rendered":"https:\/\/gezonde-darmflora.nl\/come-funziona\/"},"modified":"2025-11-15T17:11:01","modified_gmt":"2025-11-15T16:11:01","slug":"come-funziona","status":"publish","type":"page","link":"https:\/\/gezonde-darmflora.nl\/it\/come-funziona\/","title":{"rendered":"Come funziona?"},"content":{"rendered":"<div class=\"wpb-content-wrapper\"><p>[vc_row full_width=&#8221;stretch_row_content_no_spaces&#8221;][vc_column]\r\n    <div class=\"page-title\">\r\n        <div class=\"container\">\r\n            <div class=\"row\">\r\n                <div class=\"col\">\r\n                    <h1>Fare il trapianto di Fece da soli: Come funziona?<\/h1>\r\n                <\/div>\r\n            <\/div>\r\n        <\/div>\r\n    <\/div>\r\n\r\n    [\/vc_column][\/vc_row][vc_row equal_height=&#8221;yes&#8221;][vc_column width=&#8221;3\/4&#8243;][vc_column_text css=&#8221;&#8221;]<\/p>\n<blockquote><p>Le capsule di cacca non sono farmaci e non sono ancora state provate clinicamente come trattamento: l&#8217;uso che ne farai dopo l&#8217;acquisto \u00e8 quindi interamente sotto la tua responsabilit\u00e0.<\/p><\/blockquote>\n<h2>Trapianto di Fece<\/h2>\n<p>Il trapianto di cacca o di feci \u00e8 il trasferimento di una flora intestinale sana a un ricevente. Ora \u00e8 possibile farlo a casa utilizzando la nostra nuova tecnica con capsule resistenti ai succhi gastrici.<\/p>\n<p>Le specie batteriche che sono scomparse o che sono sottorappresentate in te possono essere reintegrate dal donatore.<\/p>\n<h2>Giornata del trapianto di Fece<\/h2>\n<p>La mattina in cui prenderai le 24 capsule (formato 000, la capsula pi\u00f9 grande disponibile) dovrai rimanere sobrio. Tieni la scatola EPS chiusa fino all&#8217;inizio del trapianto. Puoi ingerire le capsule con acqua verso mezzogiorno (mezzogiorno). Prendi le capsule immediatamente e non lasciarle scongelare. Dopo l&#8217;ultima capsula, rimani sobrio per altre due ore. In questo modo darai ai nuovi batteri il tempo di insediarsi tranquillamente nella parete intestinale. Se fa freddo, fai un bagno caldo o sdraiati sul divano con una borsa dell&#8217;acqua calda sotto le coperte e rilassati!<\/p>\n<p><strong><a href=\"https:\/\/gezonde-darmflora.nl\/wp-content\/uploads\/2024\/04\/caps-ENG-.jpg\">DESCRIZIONE METODO CAPSULE<\/a><\/strong> (Come inviato con l&#8217;ordine)<\/p>\n<p><strong><a href=\"https:\/\/gezonde-darmflora.nl\/wp-content\/uploads\/2024\/04\/klysma-ENG-kopie-3-copy-scaled.jpg\">DESCRIZIONE DEL METODO DEL CLISTERE<\/a> <\/strong>(Come inviato con l&#8217;ordine)<\/p>\n<h2>La settimana successiva al trapianto di feci<\/h2>\n<p>La percentuale media di successo con un tipo di intestino \u00e8 del 70%.<\/p>\n<p>Se non noti nulla nei primi giorni, allora il donatore che hai scelto non \u00e8 quello giusto per te. Ordinare di nuovo lo stesso donatore di intestino \u00e8 quindi inutile.<\/p>\n<p>Se noti qualcosa il giorno dopo e la situazione migliora di giorno in giorno, allora una dose ti aiuter\u00e0.<\/p>\n<p>Se nei primi giorni si nota qualcosa ma non abbastanza, o se i sintomi ritornano nel corso della settimana, allora \u00e8 necessaria una seconda e in alcuni casi una terza dose. Soprattutto le persone con una storia di forte uso di antibiotici sono soggette a questo problema. L&#8217;uso massiccio ha distrutto molte specie e ne ha causato la crescita eccessiva. Queste sono quindi ancora in carica.<\/p>\n<p>In media, queste persone ordinano una seconda (o doppia dose) dopo una settimana, se necessario.<\/p>\n<h2>MEZZO DOSO (questo pu\u00f2 essere fatto solo con le capsule)<\/h2>\n<p>In pratica, l&#8217;HALVE DOSIS viene utilizzato pi\u00f9 che altro per le persone che hanno gi\u00e0 utilizzato molti antibiotici o per le malattie pi\u00f9 gravi come il Collitus Ulcerosa. <strong>\u00c8 un metodo per trovare prima il donatore giusto per te.<\/strong><\/p>\n<p>Fai passare uno o due giorni tra un donatore e l&#8217;altro e tieni traccia dei seguenti aspetti: <strong>cosa fa per me il donatore in questione?<\/strong><\/p>\n<p>Ora che possiamo offrire il rapporto sul microbioma, puoi usare il tuo rapporto per vedere quale donatore \u00e8 adatto a te. Quali specie batteriche mi mancano e quale donatore ne ha molte! Quali batteri sono cresciuti troppo su di me? Vuoi che il donatore ne abbia il minor numero possibile, ecc. Se la raccomandazione contiene pi\u00f9 donatori, puoi dividere la dose e ordinare meno capsule da pi\u00f9 donatori.<\/p>\n<p>Lo svantaggio principale di un rapporto sui microalberi \u00e8 che non se ne conosce ancora il 20% e i risultati sono lontani almeno un mese.<\/p>\n<p>Una MEZZA DOSE \u00e8 pari a 12 capsule. Abbastanza per notare se un donatore fa qualcosa per te.<\/p>\n<h2>Donatori<\/h2>\n<p>Testiamo i donatori secondo le regole della Banca olandese dei donatori e delle feci di Leida e le linee guida dell&#8217;UE.<\/p>\n<p>Oltre a questi requisiti, selezioniamo i donatori in base all&#8217;energia che emanano, a una vita disciplinata e stabile. I nostri donatori sono consapevoli che il loro corpo \u00e8 il loro tempio e che hanno bisogno di un corpo in buone condizioni per raggiungere il loro obiettivo. Il donatore dona presso la nostra sede per rendere il processo di elaborazione il pi\u00f9 veloce possibile.<\/p>\n<p>Ai potenziali donatori viene prima consegnato un <a href=\"https:\/\/gezonde-darmflora.nl\/wp-content\/uploads\/2024\/04\/Vragenlijst-GD-word.pdf\">QUESTIONARIO<\/a> da compilare, poi vengono analizzati <a href=\"https:\/\/gezonde-darmflora.nl\/wp-content\/uploads\/2020\/06\/Lijst-met-testen-voor-DONOR-monsters.pdf\">i FECI<\/a> e infine il <a href=\"https:\/\/www.bloedwaardentest.nl\/gezonde-darmflora-controle-test.html\">SANGUE<\/a>. (Clicca sulle parole per vederle)<\/p>\n<p><strong>Il donatore viene sottoposto a un nuovo test delle feci dopo un mese! <\/strong><\/p>\n<p>Solo a questo punto \u00e8 possibile liberare le scorte accumulate. Se viene trovato qualcosa, lo stock viene controllato e distrutto dal giorno in cui viene trovato l&#8217;agente patogeno. (Per ogni donazione viene conservato un campione che ci permette di scoprirlo).<\/p>\n<blockquote><p>Leggi l&#8217;articolo sul <a href=\"https:\/\/gezonde-darmflora.nl\/it\/il-donatore-ideale\/\">donatore ideale<\/a> qui!<\/p><\/blockquote>\n<p>[\/vc_column_text]<div class=\"eye_empty_space pt-md-3 pb-md-3   pt-2 pb-2\"><\/div>[\/vc_column][\/vc_row][vc_row equal_height=&#8221;yes&#8221;][vc_column width=&#8221;3\/4&#8243;][vc_column_text css=&#8221;&#8221;]<\/p>\n<h2>Elaborazione<\/h2>\n<p><strong>Capsule:<\/strong> Nella nostra sala igienica, le feci vengono setacciate e mescolate con il 10% di cloruro di sodio e il 10% di glicerolo (il cloruro di sodio \u00e8 una soluzione salina che migliora l&#8217;assorbimento dei batteri e il glicerolo viene aggiunto per proteggere i batteri durante il congelamento). Si riempie una capsula trasparente e la si circonda con una capsula gastroresistente. Le capsule vengono messe nel congelatore il prima possibile. 1 dose = 24 capsule formato 000. 1 capsula corrisponde a 735 mg.<\/p>\n<p><strong>Clistere:<\/strong> Un clistere prevede l&#8217;aggiunta di una quantit\u00e0 leggermente superiore di cloruro di sodio per rendere le feci pi\u00f9 liquide per il catetere in dotazione. 1 siringa da 55 ml rappresenta una dose di 24 capsule.<\/p>\n<p>Nota: hai gi\u00e0 familiarit\u00e0 con i clisteri di fmt per altre vie? E vuoi anche diluire la sostanza? Richiedi una siringa e un NaCI aggiuntivi per posta.<\/p>\n<h2>Immagazzinamento<\/h2>\n<p>Le capsule e i clisteri vengono conservati in un congelatore da laboratorio a &#8211; 80 gradi.[\/vc_column_text]<div class=\"eye_empty_space pt-md-4 pb-md-4   pt-3 pb-3\"><\/div>[\/vc_column][vc_column width=&#8221;1\/4&#8243; el_class=&#8221;d-flex align-items-center&#8221;]\r\n    <div class=\"blob-image-wrap\">\r\n        <img decoding=\"async\" src=\"https:\/\/gezonde-darmflora.nl\/wp-content\/uploads\/2020\/08\/poeppillen.jpg\">\r\n    <\/div>\r\n    <p class=\"blob-image__caption\"><\/p>\r\n\r\n    \r\n    <div class=\"blob-image-wrap\">\r\n        <img decoding=\"async\" src=\"https:\/\/gezonde-darmflora.nl\/wp-content\/uploads\/2022\/03\/spuit-1024x485.jpg\">\r\n    <\/div>\r\n    <p class=\"blob-image__caption\"><\/p>\r\n\r\n    [\/vc_column][\/vc_row][vc_row equal_height=&#8221;yes&#8221;][vc_column width=&#8221;3\/4&#8243;][vc_column_text css=&#8221;&#8221;]<\/p>\n<h2>Processo di ordinazione e spedizione<\/h2>\n<p><strong>Paesi Bassi:<\/strong><\/p>\n<p><strong>Nota: i ritardi sono in aumento. Per questo motivo la scatola standard \u00e8 stata adattata a una dimensione pi\u00f9 grande ed \u00e8 dotata di ghiaccio secco per 3 giorni. <\/strong><\/p>\n<p>Si consiglia di ricevere prima la scatola e dare una rapida occhiata o assicurarsi che il barattolo di capsule sia ancora sotto un buon strato di ghiaccio secco. Poi, il giorno dopo, effettuare il trapianto. Non viene consegnata entro le 12 del giorno successivo? Allora arriva il giorno successivo prima delle 12.00.<\/p>\n<p>Vuoi fare un ritiro sul posto? Inviaci una mail per conoscere le possibilit\u00e0.<\/p>\n<p><strong>Se l&#8217;ordine viene effettuato in prossimit\u00e0 di giornate commerciali (Black Friday, Festa del Pap\u00e0, Ascensione, ecc.), \u00e8 necessario prevedere un ulteriore ritardo.<\/strong><\/p>\n<p>Per questo motivo spediamo sempre il luned\u00ec!<\/p>\n<p>Nel nostro <a href=\"https:\/\/gezonde-darmflora.nl\/it\/negozio-2\/\">negozio web<\/a> puoi specificare quale donatore (se ci sono pi\u00f9 donatori) desideri e il <a href=\"https:\/\/gezonde-darmflora.nl\/it\/spedizione-e-consegna\/\">luned\u00ec<\/a> in cui vuoi che il tuo ordine venga spedito. Gli ordini vengono imballati e ritirati dal corriere presso la nostra sede ogni luned\u00ec pomeriggio. Nei Paesi Bassi, l&#8217;ordine viene solitamente consegnato dal corriere prima di mezzogiorno del giorno successivo. In caso contrario, viene consegnato il giorno successivo prima delle 12.00. Purtroppo anche la posta subisce molti ritardi. Per questo motivo spediamo in una scatola in cui il prodotto si conservi per almeno 3 giorni. Il ghiaccio secco perde il 15% del suo volume in 24 ore.<\/p>\n<p>Tieni sotto controllo il track and trace. Assicurati di essere a casa il giorno della consegna.<\/p>\n<p><strong>Vivi nell&#8217;UE, nel Regno Unito o anche negli USA!<\/strong><\/p>\n<p>La spedizione avviene in una grande scatola EPS come standard e puoi scegliere se il pacco viene spedito con <strong>DHL<\/strong> o <strong>FedEx<\/strong>. Nell&#8217;UE, in genere, riceverai il pacco pi\u00f9 grande entro 24\/48 ore o 72 ore.<\/p>\n<p>Al momento della creazione dell&#8217;etichetta di spedizione, riceverai un track and trace dal corriere. Assicurati di essere in casa il giorno della consegna. Non consegniamo pacchi ai vicini.<\/p>\n<p>Se il tuo pacco si trova nel paese di destinazione e il track and trace indica la mattina; in viaggio per la consegna. In quel giorno, puoi aspettarti il pacco.<\/p>\n<p>Per quanto riguarda le spedizioni, dipendiamo completamente dall&#8217;azienda di trasporti con cui lavoriamo. <strong>E non influiscono sui ritardi.<\/strong> E di tanto in tanto ce ne sono, ed \u00e8 per questo che spediamo nella scatola pi\u00f9 grande che abbiamo. Il prodotto si conserva per almeno 4 giorni.<\/p>\n<p>Nota: il ghiaccio secco perde il 15% del suo volume ogni 24 ore.<\/p>\n<h2>Recensione<\/h2>\n<p>Dopo un mese, riceverai un&#8217;e-mail automatica con una richiesta di revisione. Se ordini una seconda dose entro un mese, la richiesta di revisione slitter\u00e0 automaticamente di un mese. La richiesta non \u00e8 obbligatoria e, se lo si desidera, pu\u00f2 essere effettuata in forma anonima.<\/p>\n<h2>Nota!<\/h2>\n<p>Una scatola in EPS viene riempita di ghiaccio secco e sigillata con il nostro nastro adesivo. Il ghiaccio secco \u00e8 anidride carbonica (CO2) refrigerata. Non toccare il ghiaccio secco (- 79 gradi) a mani nude e apri sempre la scatola EPS all&#8217;aperto! Lascia che il ghiaccio secco si sciolga nella scatola EPS. Hai finito il ghiaccio secco e vuoi conservare la forma pi\u00f9 a lungo? Allora ordina del ghiaccio secco extra in loco. Non puoi conservare la fmt nel congelatore della cucina.[\/vc_column_text][\/vc_column][vc_column width=&#8221;1\/4&#8243; el_class=&#8221;d-flex align-items-center&#8221;]\r\n    <div class=\"blob-image-wrap\">\r\n        <img decoding=\"async\" src=\"https:\/\/gezonde-darmflora.nl\/wp-content\/uploads\/2020\/08\/eps-doos.jpg\">\r\n    <\/div>\r\n    <p class=\"blob-image__caption\"><\/p>\r\n\r\n    [\/vc_column][\/vc_row][vc_row][vc_column]<div class=\"eye_empty_space pt-md-4 pb-md-4   pt-3 pb-3\"><\/div>[vc_column_text]<\/p>\n<h2>Leggi le esperienze dei nostri clienti qui<\/h2>\n<p>[\/vc_column_text]\r\n    <div class=\"home-reviews\">\r\n        <div class=\"row d-flex\">\r\n                                                <div class=\"col-lg-4 d-flex\">\r\n                        <div class=\"review-card\">\r\n                            <h6>N<\/h6>\r\n                            <span style=\"font-size: 1rem\">DF7\" \"DF6<\/span>\r\n                            <div class=\"review-card__stars\">\r\n                                <i class=\"fas fa-star\"><\/i>\r\n                                <i class=\"fas fa-star\"><\/i>\r\n                                <i class=\"fas fa-star\"><\/i>\r\n                                <i class=\"fas fa-star\"><\/i>\r\n                                <i class=\"fas fa-star\"><\/i>\r\n                            <\/div>\r\n\r\n                            <p>Avevo molta paura di sottopormi a questa procedura, ma sono davvero felice di averlo fatto. Avevo distrutto la mia flora intestinale con gli antibiotici nel tentativo di risolvere la mia intolleranza all&#8217;istamina. Ero praticamente costretto sul divano e soffrivo costantemente a causa dei problemi intestinali. Avevo anche dei problemi mentali molto gravi dopo aver assunto\u2026 <a href=\"https:\/\/gezonde-darmflora.nl\/it\/review\/n\/\">Leggi tutto &raquo;<\/a><\/p>\r\n                        <\/div>\r\n                    <\/div>\r\n                                    <div class=\"col-lg-4 d-flex\">\r\n                        <div class=\"review-card\">\r\n                            <h6>Anonimo (USA)<\/h6>\r\n                            <span style=\"font-size: 1rem\">DF7 DF6<\/span>\r\n                            <div class=\"review-card__stars\">\r\n                                <i class=\"fas fa-star\"><\/i>\r\n                                <i class=\"fas fa-star\"><\/i>\r\n                                <i class=\"fas fa-star\"><\/i>\r\n                                <i class=\"fas fa-star\"><\/i>\r\n                                <i class=\"fas fa-star\"><\/i>\r\n                            <\/div>\r\n\r\n                            <p>Questo prodotto ha letteralmente cambiato la mia vita. Oltre a problemi di stomaco e intestinali, ho sofferto per anni di stanchezza debilitante, dolore cronico, nebbia cerebrale e gravi allergie. Mi sentivo costantemente male, riuscivo a malapena a funzionare e potevo fare solo il minimo indispensabile per sopravvivere, e a volte nemmeno quello. Sono stati anni\u2026 <a href=\"https:\/\/gezonde-darmflora.nl\/it\/review\/anonimo-usa\/\">Leggi tutto &raquo;<\/a><\/p>\r\n                        <\/div>\r\n                    <\/div>\r\n                                    <div class=\"col-lg-4 d-flex\">\r\n                        <div class=\"review-card\">\r\n                            <h6>Javier (Spagna)<\/h6>\r\n                            <span style=\"font-size: 1rem\">DF6<\/span>\r\n                            <div class=\"review-card__stars\">\r\n                                <i class=\"fas fa-star\"><\/i>\r\n                                <i class=\"fas fa-star\"><\/i>\r\n                                <i class=\"fas fa-star\"><\/i>\r\n                                <i class=\"fas fa-star\"><\/i>\r\n                                <i class=\"fas fa-star\"><\/i>\r\n                            <\/div>\r\n\r\n                            <p>A distanza di circa un anno dal primo FMT (DF6) posso affermare che \u00e8 stato uno strumento molto utile. Avevo una disbiosi dominata da P. Copri, ma con l&#8217;aggiustamento della dieta, gli integratori e la FMT ho potuto riequilibrare e stabilizzare la flora. Il P copri \u00e8 ora molto meno abbondante e il genere Bacteroides\u2026 <a href=\"https:\/\/gezonde-darmflora.nl\/it\/review\/javier-spagna\/\">Leggi tutto &raquo;<\/a><\/p>\r\n                        <\/div>\r\n                    <\/div>\r\n                                    <\/div>\r\n\r\n    <\/div>\r\n\r\n    [\/vc_column][\/vc_row]<\/p>\n<\/div>","protected":false},"excerpt":{"rendered":"<p>[vc_row full_width=&#8221;stretch_row_content_no_spaces&#8221;][vc_column][\/vc_column][\/vc_row][vc_row equal_height=&#8221;yes&#8221;][vc_column width=&#8221;3\/4&#8243;][vc_column_text css=&#8221;&#8221;] Le capsule di cacca non sono farmaci e non sono ancora state provate clinicamente come trattamento: l&#8217;uso che ne farai dopo l&#8217;acquisto \u00e8 quindi interamente sotto la tua responsabilit\u00e0. Trapianto di Fece Il trapianto di cacca o di feci \u00e8 il trasferimento di una flora intestinale sana a un ricevente.\u2026 <a href=\"https:\/\/gezonde-darmflora.nl\/it\/review\/javier-spagna\/\">Leggi tutto &raquo;<\/a><\/p>\n","protected":false},"author":1,"featured_media":0,"parent":0,"menu_order":0,"comment_status":"closed","ping_status":"closed","template":"","meta":{"_acf_changed":false,"footnotes":""},"class_list":["post-15437","page","type-page","status-publish","hentry"],"acf":[],"yoast_head":"<!-- This site is optimized with the Yoast SEO plugin v27.1.1 - https:\/\/yoast.com\/product\/yoast-seo-wordpress\/ -->\n<title>Come funziona? &#8211; Gezonde Darmflora<\/title>\n<meta name=\"robots\" content=\"index, follow, max-snippet:-1, max-image-preview:large, max-video-preview:-1\" \/>\n<link rel=\"canonical\" href=\"https:\/\/gezonde-darmflora.nl\/it\/come-funziona\/\" \/>\n<meta property=\"og:locale\" content=\"it_IT\" \/>\n<meta property=\"og:type\" content=\"article\" \/>\n<meta property=\"og:title\" content=\"Come funziona? &#8211; Gezonde Darmflora\" \/>\n<meta property=\"og:description\" content=\"[vc_row full_width=&#8221;stretch_row_content_no_spaces&#8221;][vc_column][\/vc_column][\/vc_row][vc_row equal_height=&#8221;yes&#8221;][vc_column width=&#8221;3\/4&#8243;][vc_column_text css=&#8221;&#8221;] Le capsule di cacca non sono farmaci e non sono ancora state provate clinicamente come trattamento: l&#8217;uso che ne farai dopo l&#8217;acquisto \u00e8 quindi interamente sotto la tua responsabilit\u00e0. Trapianto di Fece Il trapianto di cacca o di feci \u00e8 il trasferimento di una flora intestinale sana a un ricevente.\u2026 Leggi tutto &raquo;\" \/>\n<meta property=\"og:url\" content=\"https:\/\/gezonde-darmflora.nl\/it\/come-funziona\/\" \/>\n<meta property=\"og:site_name\" content=\"Gezonde Darmflora\" \/>\n<meta property=\"article:modified_time\" content=\"2025-11-15T16:11:01+00:00\" \/>\n<meta name=\"twitter:card\" content=\"summary_large_image\" \/>\n<meta name=\"twitter:label1\" content=\"Tempo di lettura stimato\" \/>\n\t<meta name=\"twitter:data1\" content=\"7 minuti\" \/>\n<script type=\"application\/ld+json\" class=\"yoast-schema-graph\">{\"@context\":\"https:\/\/schema.org\",\"@graph\":[{\"@type\":\"WebPage\",\"@id\":\"https:\/\/gezonde-darmflora.nl\/it\/come-funziona\/\",\"url\":\"https:\/\/gezonde-darmflora.nl\/it\/come-funziona\/\",\"name\":\"Come funziona? &#8211; Gezonde Darmflora\",\"isPartOf\":{\"@id\":\"https:\/\/gezonde-darmflora.nl\/it\/#website\"},\"datePublished\":\"2020-06-18T13:18:08+00:00\",\"dateModified\":\"2025-11-15T16:11:01+00:00\",\"breadcrumb\":{\"@id\":\"https:\/\/gezonde-darmflora.nl\/it\/come-funziona\/#breadcrumb\"},\"inLanguage\":\"it-IT\",\"potentialAction\":[{\"@type\":\"ReadAction\",\"target\":[\"https:\/\/gezonde-darmflora.nl\/it\/come-funziona\/\"]}]},{\"@type\":\"BreadcrumbList\",\"@id\":\"https:\/\/gezonde-darmflora.nl\/it\/come-funziona\/#breadcrumb\",\"itemListElement\":[{\"@type\":\"ListItem\",\"position\":1,\"name\":\"Home\",\"item\":\"https:\/\/gezonde-darmflora.nl\/it\/\"},{\"@type\":\"ListItem\",\"position\":2,\"name\":\"Come funziona?\"}]},{\"@type\":\"WebSite\",\"@id\":\"https:\/\/gezonde-darmflora.nl\/it\/#website\",\"url\":\"https:\/\/gezonde-darmflora.nl\/it\/\",\"name\":\"Gezonde Darmflora\",\"description\":\"Een gezonde &amp; natuurlijke darmflora\",\"potentialAction\":[{\"@type\":\"SearchAction\",\"target\":{\"@type\":\"EntryPoint\",\"urlTemplate\":\"https:\/\/gezonde-darmflora.nl\/it\/?s={search_term_string}\"},\"query-input\":{\"@type\":\"PropertyValueSpecification\",\"valueRequired\":true,\"valueName\":\"search_term_string\"}}],\"inLanguage\":\"it-IT\"}]}<\/script>\n<!-- \/ Yoast SEO plugin. -->","yoast_head_json":{"title":"Come funziona? &#8211; Gezonde Darmflora","robots":{"index":"index","follow":"follow","max-snippet":"max-snippet:-1","max-image-preview":"max-image-preview:large","max-video-preview":"max-video-preview:-1"},"canonical":"https:\/\/gezonde-darmflora.nl\/it\/come-funziona\/","og_locale":"it_IT","og_type":"article","og_title":"Come funziona? &#8211; Gezonde Darmflora","og_description":"[vc_row full_width=&#8221;stretch_row_content_no_spaces&#8221;][vc_column][\/vc_column][\/vc_row][vc_row equal_height=&#8221;yes&#8221;][vc_column width=&#8221;3\/4&#8243;][vc_column_text css=&#8221;&#8221;] Le capsule di cacca non sono farmaci e non sono ancora state provate clinicamente come trattamento: l&#8217;uso che ne farai dopo l&#8217;acquisto \u00e8 quindi interamente sotto la tua responsabilit\u00e0. Trapianto di Fece Il trapianto di cacca o di feci \u00e8 il trasferimento di una flora intestinale sana a un ricevente.\u2026 Leggi tutto &raquo;","og_url":"https:\/\/gezonde-darmflora.nl\/it\/come-funziona\/","og_site_name":"Gezonde Darmflora","article_modified_time":"2025-11-15T16:11:01+00:00","twitter_card":"summary_large_image","twitter_misc":{"Tempo di lettura stimato":"7 minuti"},"schema":{"@context":"https:\/\/schema.org","@graph":[{"@type":"WebPage","@id":"https:\/\/gezonde-darmflora.nl\/it\/come-funziona\/","url":"https:\/\/gezonde-darmflora.nl\/it\/come-funziona\/","name":"Come funziona? &#8211; Gezonde Darmflora","isPartOf":{"@id":"https:\/\/gezonde-darmflora.nl\/it\/#website"},"datePublished":"2020-06-18T13:18:08+00:00","dateModified":"2025-11-15T16:11:01+00:00","breadcrumb":{"@id":"https:\/\/gezonde-darmflora.nl\/it\/come-funziona\/#breadcrumb"},"inLanguage":"it-IT","potentialAction":[{"@type":"ReadAction","target":["https:\/\/gezonde-darmflora.nl\/it\/come-funziona\/"]}]},{"@type":"BreadcrumbList","@id":"https:\/\/gezonde-darmflora.nl\/it\/come-funziona\/#breadcrumb","itemListElement":[{"@type":"ListItem","position":1,"name":"Home","item":"https:\/\/gezonde-darmflora.nl\/it\/"},{"@type":"ListItem","position":2,"name":"Come funziona?"}]},{"@type":"WebSite","@id":"https:\/\/gezonde-darmflora.nl\/it\/#website","url":"https:\/\/gezonde-darmflora.nl\/it\/","name":"Gezonde Darmflora","description":"Een gezonde &amp; natuurlijke darmflora","potentialAction":[{"@type":"SearchAction","target":{"@type":"EntryPoint","urlTemplate":"https:\/\/gezonde-darmflora.nl\/it\/?s={search_term_string}"},"query-input":{"@type":"PropertyValueSpecification","valueRequired":true,"valueName":"search_term_string"}}],"inLanguage":"it-IT"}]}},"_links":{"self":[{"href":"https:\/\/gezonde-darmflora.nl\/it\/wp-json\/wp\/v2\/pages\/15437","targetHints":{"allow":["GET"]}}],"collection":[{"href":"https:\/\/gezonde-darmflora.nl\/it\/wp-json\/wp\/v2\/pages"}],"about":[{"href":"https:\/\/gezonde-darmflora.nl\/it\/wp-json\/wp\/v2\/types\/page"}],"author":[{"embeddable":true,"href":"https:\/\/gezonde-darmflora.nl\/it\/wp-json\/wp\/v2\/users\/1"}],"replies":[{"embeddable":true,"href":"https:\/\/gezonde-darmflora.nl\/it\/wp-json\/wp\/v2\/comments?post=15437"}],"version-history":[{"count":18,"href":"https:\/\/gezonde-darmflora.nl\/it\/wp-json\/wp\/v2\/pages\/15437\/revisions"}],"predecessor-version":[{"id":18685,"href":"https:\/\/gezonde-darmflora.nl\/it\/wp-json\/wp\/v2\/pages\/15437\/revisions\/18685"}],"wp:attachment":[{"href":"https:\/\/gezonde-darmflora.nl\/it\/wp-json\/wp\/v2\/media?parent=15437"}],"curies":[{"name":"wp","href":"https:\/\/api.w.org\/{rel}","templated":true}]}}