{"id":15422,"date":"2020-06-18T14:48:52","date_gmt":"2020-06-18T12:48:52","guid":{"rendered":"https:\/\/gezonde-darmflora.nl\/termini-e-condizioni-generali\/"},"modified":"2025-04-29T12:47:24","modified_gmt":"2025-04-29T10:47:24","slug":"termini-e-condizioni-generali","status":"publish","type":"page","link":"https:\/\/gezonde-darmflora.nl\/it\/termini-e-condizioni-generali\/","title":{"rendered":"Termini e condizioni generali"},"content":{"rendered":"<div class=\"wpb-content-wrapper\"><p>[vc_row full_width=&#8221;stretch_row_content_no_spaces&#8221;][vc_column]\r\n    <div class=\"page-title\">\r\n        <div class=\"container\">\r\n            <div class=\"row\">\r\n                <div class=\"col\">\r\n                    <h1>Termini e condizioni generali<\/h1>\r\n                <\/div>\r\n            <\/div>\r\n        <\/div>\r\n    <\/div>\r\n\r\n    [\/vc_column][\/vc_row][vc_row][vc_column offset=&#8221;vc_col-md-offset-2 vc_col-md-8&#8243;][vc_column_text]<\/p>\n<h3>Articolo 1: Generalit\u00e0<\/h3>\n<p>1.1 I presenti termini e condizioni si applicano a tutte le offerte, i preventivi e gli accordi di Gezonde-Darmflora BV (Kvk numero 78182689 e con sede a Hillegom in Hyacinthenlaan 2u), di seguito denominata &#8220;Utente&#8221;, e di una Controparte. 1.2 Nei presenti termini e condizioni, per &#8220;Controparte&#8221; si intende qualsiasi persona fisica o giuridica che abbia stipulato, o desideri stipulare, un accordo con l&#8217;Utente. 1.3 Le disposizioni dei presenti termini e condizioni possono essere derogate solo per iscritto, nel qual caso le disposizioni non derogate rimarranno in vigore. 1.4 Se una o pi\u00f9 disposizioni dei presenti termini e condizioni dovessero risultare nulle o non valide, il contratto e i presenti termini e condizioni rimarranno comunque in vigore e la disposizione o le disposizioni in questione saranno sostituite o integrate da una disposizione che si avvicini il pi\u00f9 possibile alla portata e al contenuto di quella originale e che sia valida. 1.5 L&#8217;applicabilit\u00e0 dei termini e delle condizioni generali della Controparte \u00e8 espressamente esclusa.<\/p>\n<h3>Articolo 2: Preventivi e offerte<\/h3>\n<p>2.1 Tutti i preventivi, le offerte, gli elenchi di prodotti sul sito web o in altre espressioni provenienti dall&#8217;Utente sono senza impegno. Non possono derivare alcun diritto, a meno che il contrario non risulti esplicitamente dal preventivo, dall&#8217;offerta o dalla dichiarazione. 2.2 Le offerte o i preventivi non possono mai essere interpretati come consigli. L&#8217;Utente non stipula mai un contratto di consulenza o trattamento. L&#8217;Utente non desidera ricevere altre informazioni dalla Controparte, se non quelle strettamente necessarie alla conclusione del contratto di acquisto e alla consegna dei prodotti. L&#8217;Utente restituir\u00e0 le informazioni non richieste o le distrugger\u00e0 senza averle lette o esaminate. 2.3 L&#8217;Utente non potr\u00e0 essere ritenuto responsabile delle sue offerte o quotazioni se l&#8217;Altra Parte poteva ragionevolmente comprendere che le offerte o le quotazioni, o parte di esse, contenevano un evidente errore o un errore materiale. 2.4 I prezzi indicati in un&#8217;offerta o in un preventivo sono espressi in euro, comprensivi di IVA ed esclusi i costi di spedizione, eventuali tasse o altri tributi, se non diversamente indicato o concordato per iscritto. Le offerte o le quotazioni non si applicano automaticamente agli ordini futuri.<\/p>\n<h3>Articolo 3: Conclusione dell&#8217;accordo (a distanza)<\/h3>\n<p>3.1 Un accordo regolare si stabilisce con l&#8217;accettazione da parte della Controparte di un&#8217;offerta o di un preventivo dell&#8217;Utente entro il termine stabilito. 3.2 Si riterr\u00e0 che la Controparte abbia scelto come domicilio, anche per la consegna, l&#8217;indirizzo che la Controparte ha reso noto all&#8217;Utente. Se a tale indirizzo \u00e8 registrata una societ\u00e0 di cui l&#8217;Altra Parte \u00e8 (co)titolare, amministratore\/direttore effettivo o per la quale \u00e8 dipendente o agisce su sue istruzioni o in qualit\u00e0 di rappresentante, si presume &#8211; salvo prova contraria &#8211; che si tratti di un acquisto commerciale e non di un acquisto di consumo. 3.3 Un contratto di acquisto a distanza (tramite il sito web o il negozio web) si conclude con la compilazione completa da parte dell&#8217;Utente del menu dell&#8217;ordine sul relativo supporto (sito web, webApp, App mobile, ecc.) e la successiva ricezione dell&#8217;ordine da parte dell&#8217;Utente. L&#8217;Utente non sar\u00e0 responsabile della mancata ricezione dell&#8217;ordine dovuta a difetti o ritardi nella connessione a Internet di una delle parti. 3.4 L&#8217;Utente ha il diritto di rifiutare gli ordini o di imporre ulteriori condizioni alla consegna, qualora lo ritenga opportuno. Se un ordine non viene accettato, l&#8217;Utente lo comunicher\u00e0 entro dieci (10) giorni lavorativi dal ricevimento dell&#8217;ordine e il contratto, nella misura in cui \u00e8 stato concluso, sar\u00e0 sciolto. 3.5 Un motivo valido per l&#8217;Utente per rifiutare o annullare un ordine \u00e8 che l&#8217;ordine non \u00e8 (completamente) disponibile in magazzino e per questo motivo non potr\u00e0 essere consegnato entro il periodo di consegna.<\/p>\n<h3>Articolo 4: Cliente privato<\/h3>\n<p>4.1 L&#8217;Altra Parte, che agisce come persona fisica per scopi diversi dall&#8217;attivit\u00e0 imprenditoriale o professionale, nel caso di un contratto negoziato a distanza, avr\u00e0 la possibilit\u00e0 di revocare il contratto per iscritto secondo il modulo messo a disposizione a tal fine dall&#8217;Utente entro 14 giorni dal ricevimento dei beni da parte dell&#8217;Altra Parte (o del destinatario autorizzato) senza indicarne i motivi. 4.2 Il diritto di recesso non si applica ai beni che:<\/p>\n<ol>\n<li>hanno una durata di conservazione limitata, che in ogni caso comprende tutti i beni consegnati all&#8217;Utente in stato congelato e sigillato;<\/li>\n<li>non possono essere riutilizzati dopo l&#8217;apertura della confezione a causa di rischi per l&#8217;igiene o la salute e vengono quindi consegnati sigillati;<\/li>\n<\/ol>\n<p>In tutti i casi in cui il sigillo sia stato rotto e\/o il prodotto consegnato sia stato scongelato, non \u00e8 possibile revocare il contratto. 4.3 La Controparte dovr\u00e0 quindi restituire all&#8217;Utente i prodotti non utilizzati e in condizioni nuove entro i 14 giorni successivi, secondo le istruzioni dell&#8217;Utente. 4.4 I costi associati alla spedizione di ritorno saranno a carico della Controparte. In attesa del periodo di riflessione, la Controparte dovr\u00e0 maneggiare con cura i beni consegnati e l&#8217;imballaggio. 4.5 In caso di contestazione da parte dell&#8217;Utente, l&#8217;onere della prova del tempestivo ritiro e della tempestiva restituzione dei beni nelle loro condizioni originali\/nuove spetta alla Controparte. 4.6 Se la Controparte ha pagato (in parte) l&#8217;importo dell&#8217;acquisto, l&#8217;Utente dovr\u00e0 rimborsare l&#8217;importo pagato entro e non oltre 14 giorni dalla revoca, a condizione che la merce sia stata ricevuta dall&#8217;Utente.<\/p>\n<h3>Articolo 5: Pagamento<\/h3>\n<p>5.1 Il pagamento sar\u00e0 effettuato in anticipo tramite bonifico sul conto bancario dell&#8217;Utente, tramite iDeal, carta di credito, Paypal, etc., salvo diversa indicazione o accordo scritto dell&#8217;Utente.<\/p>\n<h3>Articolo 6: Consegna<\/h3>\n<p>6.1 L&#8217;Utente dovr\u00e0 prestare la massima attenzione al ricevimento e alla consegna dei beni e dovr\u00e0 assicurarsi che la garanzia legale che i beni consegnati siano conformi al contratto sia stata soddisfatta. 6.2 La consegna, se disponibile, avverr\u00e0 entro 14 giorni dalla conclusione del contratto o il pi\u00f9 presto possibile. La Controparte non pu\u00f2 trarre alcun diritto dai termini di consegna. Il superamento di un termine non d\u00e0 diritto alla Controparte ad alcun risarcimento. 6.3 Nel caso di prodotti che rientrano nelle categorie di cui all&#8217;articolo 4.2, l&#8217;Altra Parte sar\u00e0 informata del momento della spedizione e, per quanto possibile, della data e dell&#8217;ora (o dell&#8217;intervallo) di consegna. La merce deve essere ricevuta entro 24 ore dalla spedizione. Se la consegna non \u00e8 possibile a causa di circostanze imputabili alla Controparte, l&#8217;Utente non sar\u00e0 responsabile per questo o per l&#8217;inutilizzabilit\u00e0 dei prodotti consegnati che ne deriva.<\/p>\n<h3>Articolo 7: Garanzie<\/h3>\n<p>7.1 L&#8217;Utente garantisce che i prodotti e\/o i servizi sono conformi al contratto, alle specifiche indicate nell&#8217;offerta e ai ragionevoli requisiti di solidit\u00e0 e\/o utilizzabilit\u00e0. 7.2 La garanzia non si applica se i) il consumatore ha preparato e\/o trattato personalmente i prodotti consegnati (o li ha fatti preparare e\/o trattare da terzi) e se ii) i prodotti consegnati sono stati esposti a condizioni anomale o sono stati trattati con negligenza o sono stati trattati in modo contrario alle istruzioni dell&#8217;Utente e\/o a quanto indicato sulla confezione. 7.3 Non viene fornita alcuna garanzia sulla (natura, applicazione, funzionamento della) merce consegnata dall&#8217;Utente alla Controparte, data la sua composizione naturale. 7.4 Acquistando qualsiasi prodotto dell&#8217;Utente, l&#8217;Altra Parte dichiara di utilizzare il prodotto a proprie spese e a proprio rischio. La Controparte utilizzer\u00e0 il prodotto acquistato solo per se stessa e non lo metter\u00e0 a disposizione di terzi e inoltre lo terr\u00e0 fuori dalla portata dei minori. 7.5 L&#8217;insoddisfazione per il (mancato o insufficiente) funzionamento del prodotto acquistato dall&#8217;Utente non costituisce motivo di revoca o scioglimento del contratto di acquisto. 7.6 Eventuali deviazioni dal metodo di utilizzo\/amministrazione fornito dall&#8217;Utente o qualsiasi altro uso improprio o deviante saranno interamente a spese e rischio dell&#8217;Altra Parte. L&#8217;altra parte rimane in ogni momento personalmente responsabile di tutto ci\u00f2 che riguarda la sua situazione di salute in relazione ai beni acquistati e dovr\u00e0 consultare un medico in caso di dubbio. 7.7. L&#8217;altra parte \u00e8 tenuta a verificare, al momento della consegna, la conformit\u00e0 dei beni al contratto. Se, secondo la Controparte, non \u00e8 cos\u00ec, l&#8217;Utente dovr\u00e0 in ogni caso esserne informato per iscritto, indicandone i motivi, entro 7 giorni lavorativi dalla consegna, o almeno dopo che l&#8217;osservazione sia stata ragionevolmente possibile. 7.8 L&#8217;Utente dovr\u00e0 gestire il reclamo internamente entro 14 giorni dal ricevimento del reclamo\/reclamo. 7.9 I reclami tempestivi non sospendono l&#8217;obbligo di pagamento. In tal caso, la Controparte rimarr\u00e0 obbligata a prendere in consegna e a pagare gli altri beni ordinati. 7.10 Se si stabilisce che un reclamo\/reclamo \u00e8 infondato, i costi (di indagine o altro) sostenuti dall&#8217;Utente saranno interamente a carico della Controparte. 7.11 La responsabilit\u00e0 totale dell&#8217;Utente, per contratto, illecito o altro, derivante da o in relazione al presente Contratto non potr\u00e0 in alcun caso superare il prezzo di acquisto pagato dalla controparte per i beni\/servizi.<\/p>\n<h3>Articolo 8: Responsabilit\u00e0<\/h3>\n<p>8.1 L&#8217;Utente non \u00e8 responsabile per: &#8211; (le conseguenze di) un uso anomalo, l&#8217;effetto (mancato o dannoso) o gli effetti collaterali; &#8211; l&#8217;idoneit\u00e0 finale dei prodotti per l&#8217;applicazione individuale prevista dalla Controparte, n\u00e9 per qualsiasi consiglio relativo all&#8217;uso o all&#8217;applicazione dei prodotti; &#8211; danni, di qualsiasi natura, causati dal fatto che l&#8217;Utente ha fatto affidamento su dati e\/o istruzioni errati e\/o incompleti forniti da o per conto della Controparte; &#8211; danni derivanti da una consegna difettosa o tardiva dei beni alla Controparte e\/o ai fornitori dell&#8217;Utente; &#8211; cause di forza maggiore come descritto in altre parti dei presenti termini e condizioni. 8.2 La responsabilit\u00e0 dell&#8217;Utente sar\u00e0 limitata ai soli danni diretti, inclusi: &#8211; i costi ragionevoli sostenuti per determinare la causa e la portata del danno (diretto); &#8211; i costi ragionevoli sostenuti per far s\u00ec che le prestazioni difettose dell&#8217;Utente siano conformi al contratto, nella misura in cui possano essere attribuite all&#8217;Utente; &#8211; i costi ragionevoli sostenuti per prevenire o limitare il danno, nella misura in cui l&#8217;Altra Parte dimostri che tali costi hanno avuto come risultato la limitazione del danno diretto. 8.3 L&#8217;Utente non sar\u00e0 mai responsabile per danni indiretti, inclusi, a titolo esemplificativo ma non esaustivo, i danni conseguenti (nel senso pi\u00f9 ampio del termine), la perdita di profitto o di reddito, i mancati risparmi e i danni dovuti alla stagnazione dell&#8217;attivit\u00e0 o di altro tipo. In caso di acquisto da parte di un consumatore, questa limitazione non si estende oltre quanto consentito dall&#8217;articolo 7:24, paragrafo 2, del Codice Civile olandese. 8.4 Nel caso in cui l&#8217;Utente sia responsabile di un danno, la responsabilit\u00e0 dell&#8217;Utente sar\u00e0 limitata al massimo all&#8217;importo dell&#8217;acquisto del bene che \u00e8 la causa del danno.<\/p>\n<h3>Articolo 9: Forza maggiore<\/h3>\n<p>9.1 L&#8217;Utente non sar\u00e0 tenuto ad adempiere ad alcun obbligo nei confronti dell&#8217;Altra Parte qualora sia ostacolato da una circostanza non imputabile a sua colpa e che non sia imputabile a lui in virt\u00f9 della legge, di un atto giuridico o di una prassi generalmente accettata. 9.9.2 Oltre a quanto previsto al riguardo dalla legge e dalla giurisprudenza, per forza maggiore si intendono tutte le cause esterne, previste o impreviste, che sono al di fuori del controllo dell&#8217;Utente, ma a causa delle quali l&#8217;Utente non \u00e8 in grado di (continuare ad) adempiere ai propri obblighi, ivi compresi, a titolo esemplificativo, scioperi, assenze eccessive del personale o delle persone ausiliarie dell&#8217;Utente, difficolt\u00e0 di trasporto, incendi, misure governative, ivi compresi in ogni caso divieti di importazione, esportazione e consegna, restrizioni di quote e guasti operativi presso la nostra azienda o i nostri fornitori, problemi politici, instabilit\u00e0 politica, ecc.o dei nostri fornitori, problemi politici che comportino una stagnazione delle forniture, nonch\u00e9 inadempimenti da parte dei nostri fornitori. 9.3 L&#8217;Utente ha il diritto di invocare la forza maggiore se la circostanza che impedisce l&#8217;adempimento (ulteriore) del contratto si verifica dopo che l&#8217;Utente avrebbe dovuto adempiere ai propri obblighi. 9.4 L&#8217;Utente pu\u00f2 sospendere i propri obblighi ai sensi del contratto durante il periodo in cui persiste la causa di forza maggiore. Se questo periodo dura pi\u00f9 di due mesi, ciascuna delle parti avr\u00e0 il diritto di sciogliere il contratto, senza alcun obbligo di risarcire i danni all&#8217;altra parte. 9.5 Se, al momento del verificarsi della causa di forza maggiore, l&#8217;Utente ha gi\u00e0 adempiuto parzialmente ai suoi obblighi ai sensi del contratto o sar\u00e0 in grado di adempierli, e un valore indipendente pu\u00f2 essere attribuito alla parte gi\u00e0 adempiuta o alla parte da adempiere, l&#8217;Utente avr\u00e0 il diritto di fatturare separatamente la parte gi\u00e0 adempiuta o da adempiere. La Controparte sar\u00e0 obbligata a pagare questa fattura come se fosse un accordo separato.<\/p>\n<h3>Articolo 10: Termini di prescrizione<\/h3>\n<p>10.1 Fatti salvi i termini di prescrizione previsti dalla legge, il periodo di prescrizione di tutti i reclami e le difese della Controparte nei confronti dell&#8217;Utente e dei terzi coinvolti nell&#8217;esecuzione di un accordo \u00e8 di un anno. Se la Controparte non intraprende un&#8217;azione legale entro un anno dal momento in cui avrebbe potuto ragionevolmente conoscerne l&#8217;esistenza, il diritto di azione si prescrive e l&#8217;autorit\u00e0 di agire si estingue. 10.2 Quanto sopra non si applica a rivendicazioni e difese legali basate sull&#8217;affermazione che i beni consegnati non sono conformi al contratto. Tali rivendicazioni e difese decadranno, mutatis mutandis, allo scadere di due anni dalla data in cui la Controparte ha notificato all&#8217;Utente tale non conformit\u00e0.<\/p>\n<h3>Articolo 11: Indennizzo<\/h3>\n<p>11.1 La Controparte manleva l&#8217;Utente da richieste di risarcimento da parte di terzi che subiscano danni in relazione all&#8217;esecuzione del contratto e\/o all&#8217;uso dei beni consegnati, la cui causa possa essere attribuita a soggetti diversi dall&#8217;Utente. 11.2 Se l&#8217;Utente dovesse essere ritenuto responsabile da terzi per questo motivo, la Controparte sar\u00e0 tenuta ad assistere l&#8217;Utente sia in sede giudiziale che extragiudiziale e a fare immediatamente tutto ci\u00f2 che ci si aspetta da lui in questo caso. 11.3 Nel caso in cui l&#8217;Altra Parte non prenda provvedimenti adeguati, l&#8217;Utente avr\u00e0 il diritto, senza preavviso, di prendere tali provvedimenti autonomamente. Tutti i costi e i danni derivanti da tali misure da parte dell&#8217;Utente e di terzi saranno interamente a carico e a rischio dell&#8217;Altra Parte.<\/p>\n<h3>Articolo 12: Legge applicabile e controversie<\/h3>\n<p>12.1 Tutti i rapporti giuridici conclusi tra la Controparte e l&#8217;Utente sono regolati dalla legge olandese, anche se un obbligo \u00e8 interamente o parzialmente eseguito all&#8217;estero e\/o se la parte coinvolta nel rapporto giuridico \u00e8 domiciliata e\/o ha la propria sede (legale) all&#8217;estero. 12.2 \u00c8 esclusa l&#8217;applicabilit\u00e0 della Convenzione di Vienna sulle vendite. 12.3 Il Tribunale distrettuale di Amsterdam ha giurisdizione esclusiva per conoscere di tutte le controversie derivanti da accordi o rapporti giuridici conclusi tra l&#8217;Utente e la Controparte. Al fine di evitare inutili spese legali, le parti, qualora se ne presenti l&#8217;occasione, faranno ogni sforzo per risolvere una controversia in consultazione reciproca al di fuori del tribunale.<\/p>\n<p>[\/vc_column_text][\/vc_column][\/vc_row]<\/p>\n<\/div>","protected":false},"excerpt":{"rendered":"<p>[vc_row full_width=&#8221;stretch_row_content_no_spaces&#8221;][vc_column][\/vc_column][\/vc_row][vc_row][vc_column offset=&#8221;vc_col-md-offset-2 vc_col-md-8&#8243;][vc_column_text] Articolo 1: Generalit\u00e0 1.1 I presenti termini e condizioni si applicano a tutte le offerte, i preventivi e gli accordi di Gezonde-Darmflora BV (Kvk numero 78182689 e con sede a Hillegom in Hyacinthenlaan 2u), di seguito denominata &#8220;Utente&#8221;, e di una Controparte. 1.2 Nei presenti termini e condizioni, per &#8220;Controparte&#8221; si\u2026 <a href=\"https:\/\/gezonde-darmflora.nl\/it\/termini-e-condizioni-generali\/\">Leggi tutto &raquo;<\/a><\/p>\n","protected":false},"author":1,"featured_media":0,"parent":0,"menu_order":0,"comment_status":"closed","ping_status":"closed","template":"","meta":{"_acf_changed":false,"footnotes":""},"class_list":["post-15422","page","type-page","status-publish","hentry"],"acf":[],"yoast_head":"<!-- This site is optimized with the Yoast SEO plugin v27.1.1 - https:\/\/yoast.com\/product\/yoast-seo-wordpress\/ -->\n<title>Termini e condizioni generali &#8211; Gezonde Darmflora<\/title>\n<meta name=\"robots\" content=\"index, follow, max-snippet:-1, max-image-preview:large, max-video-preview:-1\" \/>\n<link rel=\"canonical\" href=\"https:\/\/gezonde-darmflora.nl\/it\/termini-e-condizioni-generali\/\" \/>\n<meta property=\"og:locale\" content=\"it_IT\" \/>\n<meta property=\"og:type\" content=\"article\" \/>\n<meta property=\"og:title\" content=\"Termini e condizioni generali &#8211; Gezonde Darmflora\" \/>\n<meta property=\"og:description\" content=\"[vc_row full_width=&#8221;stretch_row_content_no_spaces&#8221;][vc_column][\/vc_column][\/vc_row][vc_row][vc_column offset=&#8221;vc_col-md-offset-2 vc_col-md-8&#8243;][vc_column_text] Articolo 1: Generalit\u00e0 1.1 I presenti termini e condizioni si applicano a tutte le offerte, i preventivi e gli accordi di Gezonde-Darmflora BV (Kvk numero 78182689 e con sede a Hillegom in Hyacinthenlaan 2u), di seguito denominata &#8220;Utente&#8221;, e di una Controparte. 1.2 Nei presenti termini e condizioni, per &#8220;Controparte&#8221; si\u2026 Leggi tutto &raquo;\" \/>\n<meta property=\"og:url\" content=\"https:\/\/gezonde-darmflora.nl\/it\/termini-e-condizioni-generali\/\" \/>\n<meta property=\"og:site_name\" content=\"Gezonde Darmflora\" \/>\n<meta property=\"article:modified_time\" content=\"2025-04-29T10:47:24+00:00\" \/>\n<meta name=\"twitter:card\" content=\"summary_large_image\" \/>\n<meta name=\"twitter:label1\" content=\"Tempo di lettura stimato\" \/>\n\t<meta name=\"twitter:data1\" content=\"12 minuti\" \/>\n<script type=\"application\/ld+json\" class=\"yoast-schema-graph\">{\"@context\":\"https:\/\/schema.org\",\"@graph\":[{\"@type\":\"WebPage\",\"@id\":\"https:\/\/gezonde-darmflora.nl\/it\/termini-e-condizioni-generali\/\",\"url\":\"https:\/\/gezonde-darmflora.nl\/it\/termini-e-condizioni-generali\/\",\"name\":\"Termini e condizioni generali &#8211; Gezonde Darmflora\",\"isPartOf\":{\"@id\":\"https:\/\/gezonde-darmflora.nl\/it\/#website\"},\"datePublished\":\"2020-06-18T12:48:52+00:00\",\"dateModified\":\"2025-04-29T10:47:24+00:00\",\"breadcrumb\":{\"@id\":\"https:\/\/gezonde-darmflora.nl\/it\/termini-e-condizioni-generali\/#breadcrumb\"},\"inLanguage\":\"it-IT\",\"potentialAction\":[{\"@type\":\"ReadAction\",\"target\":[\"https:\/\/gezonde-darmflora.nl\/it\/termini-e-condizioni-generali\/\"]}]},{\"@type\":\"BreadcrumbList\",\"@id\":\"https:\/\/gezonde-darmflora.nl\/it\/termini-e-condizioni-generali\/#breadcrumb\",\"itemListElement\":[{\"@type\":\"ListItem\",\"position\":1,\"name\":\"Home\",\"item\":\"https:\/\/gezonde-darmflora.nl\/it\/\"},{\"@type\":\"ListItem\",\"position\":2,\"name\":\"Termini e condizioni generali\"}]},{\"@type\":\"WebSite\",\"@id\":\"https:\/\/gezonde-darmflora.nl\/it\/#website\",\"url\":\"https:\/\/gezonde-darmflora.nl\/it\/\",\"name\":\"Gezonde Darmflora\",\"description\":\"Een gezonde &amp; natuurlijke darmflora\",\"potentialAction\":[{\"@type\":\"SearchAction\",\"target\":{\"@type\":\"EntryPoint\",\"urlTemplate\":\"https:\/\/gezonde-darmflora.nl\/it\/?s={search_term_string}\"},\"query-input\":{\"@type\":\"PropertyValueSpecification\",\"valueRequired\":true,\"valueName\":\"search_term_string\"}}],\"inLanguage\":\"it-IT\"}]}<\/script>\n<!-- \/ Yoast SEO plugin. -->","yoast_head_json":{"title":"Termini e condizioni generali &#8211; Gezonde Darmflora","robots":{"index":"index","follow":"follow","max-snippet":"max-snippet:-1","max-image-preview":"max-image-preview:large","max-video-preview":"max-video-preview:-1"},"canonical":"https:\/\/gezonde-darmflora.nl\/it\/termini-e-condizioni-generali\/","og_locale":"it_IT","og_type":"article","og_title":"Termini e condizioni generali &#8211; Gezonde Darmflora","og_description":"[vc_row full_width=&#8221;stretch_row_content_no_spaces&#8221;][vc_column][\/vc_column][\/vc_row][vc_row][vc_column offset=&#8221;vc_col-md-offset-2 vc_col-md-8&#8243;][vc_column_text] Articolo 1: Generalit\u00e0 1.1 I presenti termini e condizioni si applicano a tutte le offerte, i preventivi e gli accordi di Gezonde-Darmflora BV (Kvk numero 78182689 e con sede a Hillegom in Hyacinthenlaan 2u), di seguito denominata &#8220;Utente&#8221;, e di una Controparte. 1.2 Nei presenti termini e condizioni, per &#8220;Controparte&#8221; si\u2026 Leggi tutto &raquo;","og_url":"https:\/\/gezonde-darmflora.nl\/it\/termini-e-condizioni-generali\/","og_site_name":"Gezonde Darmflora","article_modified_time":"2025-04-29T10:47:24+00:00","twitter_card":"summary_large_image","twitter_misc":{"Tempo di lettura stimato":"12 minuti"},"schema":{"@context":"https:\/\/schema.org","@graph":[{"@type":"WebPage","@id":"https:\/\/gezonde-darmflora.nl\/it\/termini-e-condizioni-generali\/","url":"https:\/\/gezonde-darmflora.nl\/it\/termini-e-condizioni-generali\/","name":"Termini e condizioni generali &#8211; Gezonde Darmflora","isPartOf":{"@id":"https:\/\/gezonde-darmflora.nl\/it\/#website"},"datePublished":"2020-06-18T12:48:52+00:00","dateModified":"2025-04-29T10:47:24+00:00","breadcrumb":{"@id":"https:\/\/gezonde-darmflora.nl\/it\/termini-e-condizioni-generali\/#breadcrumb"},"inLanguage":"it-IT","potentialAction":[{"@type":"ReadAction","target":["https:\/\/gezonde-darmflora.nl\/it\/termini-e-condizioni-generali\/"]}]},{"@type":"BreadcrumbList","@id":"https:\/\/gezonde-darmflora.nl\/it\/termini-e-condizioni-generali\/#breadcrumb","itemListElement":[{"@type":"ListItem","position":1,"name":"Home","item":"https:\/\/gezonde-darmflora.nl\/it\/"},{"@type":"ListItem","position":2,"name":"Termini e condizioni generali"}]},{"@type":"WebSite","@id":"https:\/\/gezonde-darmflora.nl\/it\/#website","url":"https:\/\/gezonde-darmflora.nl\/it\/","name":"Gezonde Darmflora","description":"Een gezonde &amp; natuurlijke darmflora","potentialAction":[{"@type":"SearchAction","target":{"@type":"EntryPoint","urlTemplate":"https:\/\/gezonde-darmflora.nl\/it\/?s={search_term_string}"},"query-input":{"@type":"PropertyValueSpecification","valueRequired":true,"valueName":"search_term_string"}}],"inLanguage":"it-IT"}]}},"_links":{"self":[{"href":"https:\/\/gezonde-darmflora.nl\/it\/wp-json\/wp\/v2\/pages\/15422","targetHints":{"allow":["GET"]}}],"collection":[{"href":"https:\/\/gezonde-darmflora.nl\/it\/wp-json\/wp\/v2\/pages"}],"about":[{"href":"https:\/\/gezonde-darmflora.nl\/it\/wp-json\/wp\/v2\/types\/page"}],"author":[{"embeddable":true,"href":"https:\/\/gezonde-darmflora.nl\/it\/wp-json\/wp\/v2\/users\/1"}],"replies":[{"embeddable":true,"href":"https:\/\/gezonde-darmflora.nl\/it\/wp-json\/wp\/v2\/comments?post=15422"}],"version-history":[{"count":11,"href":"https:\/\/gezonde-darmflora.nl\/it\/wp-json\/wp\/v2\/pages\/15422\/revisions"}],"predecessor-version":[{"id":17695,"href":"https:\/\/gezonde-darmflora.nl\/it\/wp-json\/wp\/v2\/pages\/15422\/revisions\/17695"}],"wp:attachment":[{"href":"https:\/\/gezonde-darmflora.nl\/it\/wp-json\/wp\/v2\/media?parent=15422"}],"curies":[{"name":"wp","href":"https:\/\/api.w.org\/{rel}","templated":true}]}}