{"id":15391,"date":"2020-06-18T07:08:20","date_gmt":"2020-06-18T05:08:20","guid":{"rendered":"https:\/\/gezonde-darmflora.nl\/flora-intestinale\/"},"modified":"2025-01-27T16:19:40","modified_gmt":"2025-01-27T15:19:40","slug":"flora-intestinale","status":"publish","type":"page","link":"https:\/\/gezonde-darmflora.nl\/it\/flora-intestinale\/","title":{"rendered":"Flora intestinale"},"content":{"rendered":"<div class=\"wpb-content-wrapper\"><p>[vc_row full_width=&#8221;stretch_row_content_no_spaces&#8221;][vc_column]\r\n    <div class=\"page-title\">\r\n        <div class=\"container\">\r\n            <div class=\"row\">\r\n                <div class=\"col\">\r\n                    <h1>Una flora intestinale sana<\/h1>\r\n                <\/div>\r\n            <\/div>\r\n        <\/div>\r\n    <\/div>\r\n\r\n    [\/vc_column][\/vc_row][vc_row][vc_column offset=&#8221;vc_col-md-8&#8243;][vc_column_text]<\/p>\n<h2>Quanto \u00e8 importante una flora intestinale sana?<\/h2>\n<p>C&#8217;\u00e8 un organismo che vive dentro e intorno al nostro corpo. Una forza naturale di batteri buoni che vivono sul e nel tuo corpo e di cui ti prendi inconsapevolmente cura. Un organismo composto da innumerevoli batteri e microbiota. La maggior parte di essi, ovvero il 95%, vive nel tratto gastrointestinale e l&#8217;80% di questo microbiota vive nella parte inferiore del colon. Puoi pensare alla tua flora intestinale come al tuo &#8220;ecosistema&#8221;.[\/vc_column_text]<div class=\"eye_empty_space pt-md-5 pb-md-5   pt-4 pb-4\"><\/div>[\/vc_column][vc_column offset=&#8221;vc_col-md-4&#8243; el_class=&#8221;mb-5 mb-lg-0&#8243;]\r\n    <div class=\"blob-image-wrap\">\r\n        <img decoding=\"async\" src=\"https:\/\/gezonde-darmflora.nl\/wp-content\/uploads\/2020\/08\/darmflora-gezond.jpg\">\r\n    <\/div>\r\n    <p class=\"blob-image__caption\"><\/p>\r\n\r\n    [\/vc_column][\/vc_row][vc_section full_width=&#8221;stretch_row&#8221; el_class=&#8221;bg-green&#8221;][vc_row][vc_column offset=&#8221;vc_col-lg-offset-2 vc_col-lg-8&#8243;][vc_column_text]<\/p>\n<h2>Come si crea la flora intestinale?<\/h2>\n<div>La tua flora intestinale viene trasmessa da tua madre alla nascita e si sviluppa principalmente nei primi tre anni di vita. Il modo in cui si partorisce e l&#8217;allattamento al seno o meno determinano gi\u00e0 una parte importante. In seguito, la flora intestinale \u00e8 determinata dal tuo stile di vita, dalle abitudini alimentari, dalla cultura in cui vivi, da quanto ti muovi e riposi, ma anche da fattori come lo stress. La tua flora intestinale \u00e8 unica come un&#8217;impronta digitale, ma \u00e8 soggetta a cambiamenti.   <\/div>\n<div>\n<figure id=\"attachment_531\" aria-describedby=\"caption-attachment-531\" style=\"width: 720px\" class=\"wp-caption alignleft\"><img decoding=\"async\" class=\"wp-image-531\" src=\"https:\/\/gezonde-darmflora.nl\/wp-content\/uploads\/2020\/08\/bacterien-uitwisselen.jpg\" alt=\"scambio di batteri\" width=\"720\" height=\"481\" srcset=\"https:\/\/gezonde-darmflora.nl\/wp-content\/uploads\/2020\/08\/bacterien-uitwisselen.jpg 770w, https:\/\/gezonde-darmflora.nl\/wp-content\/uploads\/2020\/08\/bacterien-uitwisselen-600x401.jpg 600w, https:\/\/gezonde-darmflora.nl\/wp-content\/uploads\/2020\/08\/bacterien-uitwisselen-300x200.jpg 300w, https:\/\/gezonde-darmflora.nl\/wp-content\/uploads\/2020\/08\/bacterien-uitwisselen-768x513.jpg 768w\" sizes=\"(max-width: 720px) 100vw, 720px\" \/><figcaption id=\"caption-attachment-531\" class=\"wp-caption-text\">Ad esempio, quando stringi o stringi la mano a qualcuno, stai gi\u00e0 scambiando cinquemila batteri.<\/figcaption><\/figure>\n<\/div>\n<div>\n<p>Pi\u00f9 ricca e diversificata \u00e8 la tua flora intestinale nel corso della vita, pi\u00f9 sei resistente alle minacce esterne. La flora intestinale rappresenta un ecosistema che viene continuamente messo alla prova da molti fattori come una dieta squilibrata, lo stress, l&#8217;uso di antibiotici o la presenza di ospiti indesiderati nel tuo corpo. <\/p>\n<h2>Molti batteri<\/h2>\n<p>Nell&#8217;intestino sano, il microbiota \u00e8 composto da circa il 99% di batteri buoni e benefici e dall&#8217;1% di batteri nocivi. Insieme, questi batteri sono innumerevoli, fino a centomila miliardi, con circa diecimila specie diverse e uniche. Pi\u00f9 di dieci volte il numero di cellule e centocinquanta volte il numero di DNA. Con un peso stimato di due o tre chili!   <\/p>\n<\/div>\n<p>[\/vc_column_text][\/vc_column][\/vc_row][\/vc_section][vc_row][vc_column]<div class=\"eye_empty_space pt-md-5 pb-md-5   pt-4 pb-4\"><\/div>[\/vc_column][\/vc_row][vc_row equal_height=&#8221;yes&#8221;][vc_column offset=&#8221;vc_col-md-8&#8243;][vc_column_text]<\/p>\n<h2>Quando il tuo intestino \u00e8 sano?<\/h2>\n<p>Se la flora intestinale \u00e8 sana, tutte le specie batteriche sono in equilibrio tra loro. L&#8217;interno della parete intestinale \u00e8 completamente occupato da batteri buoni. Essi assicurano il corretto assorbimento degli alimenti, il buon funzionamento dell&#8217;intestino e aiutano a sviluppare il sistema immunitario. Poich\u00e9 la parete intestinale \u00e8 completamente occupata, non c&#8217;\u00e8 spazio per la moltiplicazione dei batteri nocivi. L&#8217;importanza di un intestino e di batteri sani tra l&#8217;ospite e la flora intestinale \u00e8 essenziale per il funzionamento ottimale delle funzioni metaboliche e immunitarie e per prevenire lo sviluppo di problemi di lieve o grande entit\u00e0. Una dieta sana e varia \u00e8 quindi incredibilmente importante. Inoltre, anche l&#8217;esercizio fisico e il riposo, bere acqua a sufficienza e respirare correttamente sono elementi importanti per una flora intestinale sana.[\/vc_column_text]<div class=\"eye_empty_space pt-md-5 pb-md-5   pt-4 pb-4\"><\/div>[\/vc_column][vc_column offset=&#8221;vc_col-md-4&#8243; el_class=&#8221;d-flex align-items-center mb-5 mb-lg-0&#8243;]\r\n    <div class=\"blob-image-wrap\">\r\n        <img decoding=\"async\" src=\"https:\/\/gezonde-darmflora.nl\/wp-content\/uploads\/2020\/08\/gezonde-darmen.jpg\">\r\n    <\/div>\r\n    <p class=\"blob-image__caption\"><\/p>\r\n\r\n    [\/vc_column][\/vc_row][vc_section full_width=&#8221;stretch_row&#8221; el_class=&#8221;bg-green&#8221;][vc_row][vc_column offset=&#8221;vc_col-lg-offset-2 vc_col-lg-8&#8243;][vc_column_text]<\/p>\n<h2>Sintomi di un&#8217;alterazione della flora intestinale<\/h2>\n<p>All&#8217;inizio i disturbi addominali possono sembrare innocui, ma prima che tu te ne accorga influenzano pesantemente la tua vita. Se la tua flora intestinale \u00e8 disturbata, il dolore addominale \u00e8 spesso il primo segnale. Potresti notarlo anche nella forma, nell&#8217;odore o nel colore delle feci, nei movimenti intestinali che cambiano, nel ventre gonfio, nella stanchezza, nel peggioramento della pelle, magari nella condizione dei capelli o delle unghie.[\/vc_column_text][\/vc_column][\/vc_row][\/vc_section][vc_row][vc_column]<div class=\"eye_empty_space pt-md-5 pb-md-5   pt-4 pb-4\"><\/div>[vc_column_text]<\/p>\n<h2>Cause che influenzano negativamente la tua flora intestinale<\/h2>\n<p>Antibiotici, abitudini alimentari e di consumo sbagliate, irregolarit\u00e0, obesit\u00e0, lassativi\/pillole dimagranti, metalli pesanti, interventi chirurgici e stress. Cerca di evitare lo stress! L&#8217;intestino \u00e8 chiamato il tuo secondo cervello perch\u00e9 c&#8217;\u00e8 una connessione diretta. L&#8217;asse cervello-intestino. Lo stress, come la tensione, il nervosismo, l&#8217;agitazione, hanno tutti un effetto diretto sull&#8217;intestino. Questo \u00e8 il tuo &#8216;GUT FEELING'&#8221;.[\/vc_column_text]<div class=\"eye_empty_space pt-md-4 pb-md-4   pt-3 pb-3\"><\/div>[\/vc_column][\/vc_row][vc_row equal_height=&#8221;yes&#8221;][vc_column offset=&#8221;vc_col-md-4&#8243; el_class=&#8221;d-flex align-items-center mb-5 mb-lg-0&#8243;]\r\n    <div class=\"blob-image-wrap\">\r\n        <img decoding=\"async\" src=\"https:\/\/gezonde-darmflora.nl\/wp-content\/uploads\/2020\/08\/darmflora-verbeteren.jpg\">\r\n    <\/div>\r\n    <p class=\"blob-image__caption\"><\/p>\r\n\r\n    [\/vc_column][vc_column offset=&#8221;vc_col-md-8&#8243;][vc_column_text]<\/p>\n<h2>Cause che influenzano positivamente la tua flora intestinale<\/h2>\n<p>I nostri lontani antenati erano erbivori per natura. La parola &#8220;flora&#8221; sta quindi per pianta, ma gli scienziati preferiscono usare il termine microbiota intestinale. I batteri intestinali sono nutriti dal cibo che ingerisci. Puoi rafforzare la tua flora intestinale da solo attraverso diversi accorgimenti. Se parliamo di alimentazione per un intestino sano, \u00e8 ovvio che devi mangiare una grande variet\u00e0 di alimenti, molte verdure e abbastanza frutta. Mangia pi\u00f9 spesso i broccoli o i carciofi perch\u00e9 contengono molte fibre vegetali, che a loro volta sono un super alimento per i tuoi batteri buoni. Oppure che ne dici di un avocado? Fa bene al cuore grazie alle fibre e agli acidi grassi che contiene. Oppure una noce di cocco, che \u00e8 segretamente un frutto, ma contiene il 30% di grassi saturi e molto acido laurico. E questo, a sua volta, fa bene al tuo sistema immunitario! Inoltre, non dimenticare di masticare bene. Masticando bene, il cibo si mescola meglio con la saliva, permettendo ai nutrienti di essere assorbiti meglio dal tuo corpo. Se ti piace mangiare la carne, assicurati che si tratti di carne onesta proveniente dalla natura.         <\/p>\n<blockquote><p>La parola magica \u00e8 equilibrio!<\/p><\/blockquote>\n<p>Quindi assicurati sempre una buona alimentazione per mantenere un intestino sano, mangia una dieta varia e bevi acqua a sufficienza. Come la terra, il tuo corpo \u00e8 composto per il 70% da acqua. L&#8217;acqua \u00e8 vita! Anche i cambiamenti nello stile di vita possono rafforzare la flora intestinale. Pi\u00f9 esercizio fisico, maggiore regolarit\u00e0, riposo e relax e una vita stabile.[\/vc_column_text]<div class=\"eye_empty_space pt-md-5 pb-md-5   pt-4 pb-4\"><\/div>[\/vc_column][\/vc_row][vc_section full_width=&#8221;stretch_row&#8221; el_class=&#8221;bg-green&#8221;][vc_row][vc_column offset=&#8221;vc_col-lg-offset-2 vc_col-lg-8&#8243;][vc_column_text]<\/p>\n<h2>Controlla anche le feci<\/h2>\n<p>Le tue feci possono gi\u00e0 darti una buona indicazione sulla salute della tua flora intestinale. Negli anni &#8217;90, l&#8217;Universit\u00e0 di Bristol ha creato una scala di feci suddivisa in sette categorie. Tipo 1: Feci dure e sciolte Tipo 2: Come una salsiccia, ma grumose Tipo 3: Come una salsiccia, ma con crepe all&#8217;esterno Tipo 4: Come una salsiccia o un serpente, lisce e morbide Tipo 5: Feci morbide con bordi netti (facili da espellere) Tipo 6: Pezzi morbidi con bordi malconci, un&#8217;escrezione molliccia Tipo 7: Acquose, senza pezzi solidi. I tipi 1 e 2, completamente liquidi, indicano <a href=\"https:\/\/nl.wikipedia.org\/wiki\/Constipatie\" target=\"_blank\" rel=\"noopener noreferrer\">stitichezza<\/a>, mentre il 3 e il 4 sono le &#8220;feci ideali, con la flora intestinale pi\u00f9 ricca&#8221;. I tipi 5-7 presentano un minor numero di specie di batteri e sono quindi pi\u00f9 facilmente infiammabili.[\/vc_column_text][\/vc_column][\/vc_row][\/vc_section][vc_row full_width=&#8221;stretch_row_content_no_spaces&#8221; css=&#8221;.vc_custom_1593680854494{margin-bottom: -10rem !important;}&#8221;][vc_column]\r\n    <a href=\"https:\/\/gezonde-darmflora.nl\/poeppillen-bestellen\/\" target=\"\" class=\"no-underline\">\r\n\r\n        <div class=\"cta\" style=\"background-image: url('https:\/\/gezonde-darmflora.nl\/wp-content\/uploads\/2020\/08\/darmflora-gezondheid.jpg')\">\r\n            <div class=\"container\">\r\n                <div class=\"row\">\r\n                    <div class=\"col-12\">\r\n                        <p>\r\n                            <\/p>\n<h3>Aiutare anche la tua flora intestinale a rimanere in salute?<\/h3>\n<h4>Nel nostro negozio troverai tutto ci\u00f2 di cui hai bisogno.<\/h4>\n<p>                        <\/p>\r\n                        <div class=\"cta__button svg-btn svg-btn-darkgreen\">\r\n                            <svg xmlns=\"http:\/\/www.w3.org\/2000\/svg\" width=\"50\" height=\"50\" viewBox=\"0 0 55 50\"><defs><\/defs><g id=\"Layer_2\" data-name=\"Layer 2\"><g id=\"Layer_1-2\" data-name=\"Layer 1\"><path width=\"100%\" height=\"100%\" class=\"anime\" d=\"M1.16,31.86C5.61,44.26,19.3,52,32.23,49.6C40.23,48.11,48.89,42.33,51.61,34.400000000000006C53.61,28.510000000000005,51.839999999999996,22.550000000000004,49.23,17.210000000000004C46.23,10.990000000000006,43.06999999999999,4.210000000000004,36.29,1.270000000000005C31,-1,24.8,0,19.64,2.49A45,45,0,0,0,10.57,8.66C8.39,10.5,5.430000000000001,12.280000000000001,3.6400000000000006,14.46C-0.3,19.28,-0.9,26.13,1.16,31.86Z\"\/><\/g><\/g><\/svg>\r\n                            <i class=\"far fa-long-arrow-alt-right\"><\/i>\r\n                        <\/div>\r\n                    <\/div>\r\n                <\/div>\r\n            <\/div>\r\n        <\/div>\r\n\r\n    <\/a>\r\n\r\n    [\/vc_column][\/vc_row]<\/p>\n<\/div>","protected":false},"excerpt":{"rendered":"<p>[vc_row full_width=&#8221;stretch_row_content_no_spaces&#8221;][vc_column][\/vc_column][\/vc_row][vc_row][vc_column offset=&#8221;vc_col-md-8&#8243;][vc_column_text] Quanto \u00e8 importante una flora intestinale sana? C&#8217;\u00e8 un organismo che vive dentro e intorno al nostro corpo. Una forza naturale di batteri buoni che vivono sul e nel tuo corpo e di cui ti prendi inconsapevolmente cura. Un organismo composto da innumerevoli batteri e microbiota. La maggior parte di essi, ovvero\u2026 <a href=\"https:\/\/gezonde-darmflora.nl\/it\/flora-intestinale\/\">Leggi tutto &raquo;<\/a><\/p>\n","protected":false},"author":1,"featured_media":0,"parent":0,"menu_order":0,"comment_status":"closed","ping_status":"closed","template":"","meta":{"_acf_changed":false,"footnotes":""},"class_list":["post-15391","page","type-page","status-publish","hentry"],"acf":[],"yoast_head":"<!-- This site is optimized with the Yoast SEO plugin v27.1.1 - https:\/\/yoast.com\/product\/yoast-seo-wordpress\/ -->\n<title>Flora intestinale: l&#039;importanza di un intestino e di batteri sani<\/title>\n<meta name=\"description\" content=\"Una flora intestinale sana (microbiota) \u00e8 composta in gran parte da batteri benefici e da un piccolo gruppo di batteri nocivi. Per saperne di pi\u00f9 sull&#039;intestino sano, leggi qui.\" \/>\n<meta name=\"robots\" content=\"index, follow, max-snippet:-1, max-image-preview:large, max-video-preview:-1\" \/>\n<link rel=\"canonical\" href=\"https:\/\/gezonde-darmflora.nl\/it\/flora-intestinale\/\" \/>\n<meta property=\"og:locale\" content=\"it_IT\" \/>\n<meta property=\"og:type\" content=\"article\" \/>\n<meta property=\"og:title\" content=\"Flora intestinale: l&#039;importanza di un intestino e di batteri sani\" \/>\n<meta property=\"og:description\" content=\"Una flora intestinale sana (microbiota) \u00e8 composta in gran parte da batteri benefici e da un piccolo gruppo di batteri nocivi. Per saperne di pi\u00f9 sull&#039;intestino sano, leggi qui.\" \/>\n<meta property=\"og:url\" content=\"https:\/\/gezonde-darmflora.nl\/it\/flora-intestinale\/\" \/>\n<meta property=\"og:site_name\" content=\"Gezonde Darmflora\" \/>\n<meta property=\"article:modified_time\" content=\"2025-01-27T15:19:40+00:00\" \/>\n<meta property=\"og:image\" content=\"https:\/\/gezonde-darmflora.nl\/wp-content\/uploads\/2020\/08\/bacterien-uitwisselen.jpg\" \/>\n<meta name=\"twitter:card\" content=\"summary_large_image\" \/>\n<meta name=\"twitter:label1\" content=\"Tempo di lettura stimato\" \/>\n\t<meta name=\"twitter:data1\" content=\"6 minuti\" \/>\n<script type=\"application\/ld+json\" class=\"yoast-schema-graph\">{\"@context\":\"https:\/\/schema.org\",\"@graph\":[{\"@type\":\"WebPage\",\"@id\":\"https:\/\/gezonde-darmflora.nl\/it\/flora-intestinale\/\",\"url\":\"https:\/\/gezonde-darmflora.nl\/it\/flora-intestinale\/\",\"name\":\"Flora intestinale: l'importanza di un intestino e di batteri sani\",\"isPartOf\":{\"@id\":\"https:\/\/gezonde-darmflora.nl\/it\/#website\"},\"primaryImageOfPage\":{\"@id\":\"https:\/\/gezonde-darmflora.nl\/it\/flora-intestinale\/#primaryimage\"},\"image\":{\"@id\":\"https:\/\/gezonde-darmflora.nl\/it\/flora-intestinale\/#primaryimage\"},\"thumbnailUrl\":\"https:\/\/gezonde-darmflora.nl\/wp-content\/uploads\/2020\/08\/bacterien-uitwisselen.jpg\",\"datePublished\":\"2020-06-18T05:08:20+00:00\",\"dateModified\":\"2025-01-27T15:19:40+00:00\",\"description\":\"Una flora intestinale sana (microbiota) \u00e8 composta in gran parte da batteri benefici e da un piccolo gruppo di batteri nocivi. Per saperne di pi\u00f9 sull'intestino sano, leggi qui.\",\"breadcrumb\":{\"@id\":\"https:\/\/gezonde-darmflora.nl\/it\/flora-intestinale\/#breadcrumb\"},\"inLanguage\":\"it-IT\",\"potentialAction\":[{\"@type\":\"ReadAction\",\"target\":[\"https:\/\/gezonde-darmflora.nl\/it\/flora-intestinale\/\"]}]},{\"@type\":\"ImageObject\",\"inLanguage\":\"it-IT\",\"@id\":\"https:\/\/gezonde-darmflora.nl\/it\/flora-intestinale\/#primaryimage\",\"url\":\"https:\/\/gezonde-darmflora.nl\/wp-content\/uploads\/2020\/08\/bacterien-uitwisselen.jpg\",\"contentUrl\":\"https:\/\/gezonde-darmflora.nl\/wp-content\/uploads\/2020\/08\/bacterien-uitwisselen.jpg\"},{\"@type\":\"BreadcrumbList\",\"@id\":\"https:\/\/gezonde-darmflora.nl\/it\/flora-intestinale\/#breadcrumb\",\"itemListElement\":[{\"@type\":\"ListItem\",\"position\":1,\"name\":\"Home\",\"item\":\"https:\/\/gezonde-darmflora.nl\/it\/\"},{\"@type\":\"ListItem\",\"position\":2,\"name\":\"Flora intestinale\"}]},{\"@type\":\"WebSite\",\"@id\":\"https:\/\/gezonde-darmflora.nl\/it\/#website\",\"url\":\"https:\/\/gezonde-darmflora.nl\/it\/\",\"name\":\"Gezonde Darmflora\",\"description\":\"Een gezonde &amp; natuurlijke darmflora\",\"potentialAction\":[{\"@type\":\"SearchAction\",\"target\":{\"@type\":\"EntryPoint\",\"urlTemplate\":\"https:\/\/gezonde-darmflora.nl\/it\/?s={search_term_string}\"},\"query-input\":{\"@type\":\"PropertyValueSpecification\",\"valueRequired\":true,\"valueName\":\"search_term_string\"}}],\"inLanguage\":\"it-IT\"}]}<\/script>\n<!-- \/ Yoast SEO plugin. -->","yoast_head_json":{"title":"Flora intestinale: l'importanza di un intestino e di batteri sani","description":"Una flora intestinale sana (microbiota) \u00e8 composta in gran parte da batteri benefici e da un piccolo gruppo di batteri nocivi. Per saperne di pi\u00f9 sull'intestino sano, leggi qui.","robots":{"index":"index","follow":"follow","max-snippet":"max-snippet:-1","max-image-preview":"max-image-preview:large","max-video-preview":"max-video-preview:-1"},"canonical":"https:\/\/gezonde-darmflora.nl\/it\/flora-intestinale\/","og_locale":"it_IT","og_type":"article","og_title":"Flora intestinale: l'importanza di un intestino e di batteri sani","og_description":"Una flora intestinale sana (microbiota) \u00e8 composta in gran parte da batteri benefici e da un piccolo gruppo di batteri nocivi. Per saperne di pi\u00f9 sull'intestino sano, leggi qui.","og_url":"https:\/\/gezonde-darmflora.nl\/it\/flora-intestinale\/","og_site_name":"Gezonde Darmflora","article_modified_time":"2025-01-27T15:19:40+00:00","og_image":[{"url":"https:\/\/gezonde-darmflora.nl\/wp-content\/uploads\/2020\/08\/bacterien-uitwisselen.jpg","type":"","width":"","height":""}],"twitter_card":"summary_large_image","twitter_misc":{"Tempo di lettura stimato":"6 minuti"},"schema":{"@context":"https:\/\/schema.org","@graph":[{"@type":"WebPage","@id":"https:\/\/gezonde-darmflora.nl\/it\/flora-intestinale\/","url":"https:\/\/gezonde-darmflora.nl\/it\/flora-intestinale\/","name":"Flora intestinale: l'importanza di un intestino e di batteri sani","isPartOf":{"@id":"https:\/\/gezonde-darmflora.nl\/it\/#website"},"primaryImageOfPage":{"@id":"https:\/\/gezonde-darmflora.nl\/it\/flora-intestinale\/#primaryimage"},"image":{"@id":"https:\/\/gezonde-darmflora.nl\/it\/flora-intestinale\/#primaryimage"},"thumbnailUrl":"https:\/\/gezonde-darmflora.nl\/wp-content\/uploads\/2020\/08\/bacterien-uitwisselen.jpg","datePublished":"2020-06-18T05:08:20+00:00","dateModified":"2025-01-27T15:19:40+00:00","description":"Una flora intestinale sana (microbiota) \u00e8 composta in gran parte da batteri benefici e da un piccolo gruppo di batteri nocivi. Per saperne di pi\u00f9 sull'intestino sano, leggi qui.","breadcrumb":{"@id":"https:\/\/gezonde-darmflora.nl\/it\/flora-intestinale\/#breadcrumb"},"inLanguage":"it-IT","potentialAction":[{"@type":"ReadAction","target":["https:\/\/gezonde-darmflora.nl\/it\/flora-intestinale\/"]}]},{"@type":"ImageObject","inLanguage":"it-IT","@id":"https:\/\/gezonde-darmflora.nl\/it\/flora-intestinale\/#primaryimage","url":"https:\/\/gezonde-darmflora.nl\/wp-content\/uploads\/2020\/08\/bacterien-uitwisselen.jpg","contentUrl":"https:\/\/gezonde-darmflora.nl\/wp-content\/uploads\/2020\/08\/bacterien-uitwisselen.jpg"},{"@type":"BreadcrumbList","@id":"https:\/\/gezonde-darmflora.nl\/it\/flora-intestinale\/#breadcrumb","itemListElement":[{"@type":"ListItem","position":1,"name":"Home","item":"https:\/\/gezonde-darmflora.nl\/it\/"},{"@type":"ListItem","position":2,"name":"Flora intestinale"}]},{"@type":"WebSite","@id":"https:\/\/gezonde-darmflora.nl\/it\/#website","url":"https:\/\/gezonde-darmflora.nl\/it\/","name":"Gezonde Darmflora","description":"Een gezonde &amp; natuurlijke darmflora","potentialAction":[{"@type":"SearchAction","target":{"@type":"EntryPoint","urlTemplate":"https:\/\/gezonde-darmflora.nl\/it\/?s={search_term_string}"},"query-input":{"@type":"PropertyValueSpecification","valueRequired":true,"valueName":"search_term_string"}}],"inLanguage":"it-IT"}]}},"_links":{"self":[{"href":"https:\/\/gezonde-darmflora.nl\/it\/wp-json\/wp\/v2\/pages\/15391","targetHints":{"allow":["GET"]}}],"collection":[{"href":"https:\/\/gezonde-darmflora.nl\/it\/wp-json\/wp\/v2\/pages"}],"about":[{"href":"https:\/\/gezonde-darmflora.nl\/it\/wp-json\/wp\/v2\/types\/page"}],"author":[{"embeddable":true,"href":"https:\/\/gezonde-darmflora.nl\/it\/wp-json\/wp\/v2\/users\/1"}],"replies":[{"embeddable":true,"href":"https:\/\/gezonde-darmflora.nl\/it\/wp-json\/wp\/v2\/comments?post=15391"}],"version-history":[{"count":1,"href":"https:\/\/gezonde-darmflora.nl\/it\/wp-json\/wp\/v2\/pages\/15391\/revisions"}],"predecessor-version":[{"id":15397,"href":"https:\/\/gezonde-darmflora.nl\/it\/wp-json\/wp\/v2\/pages\/15391\/revisions\/15397"}],"wp:attachment":[{"href":"https:\/\/gezonde-darmflora.nl\/it\/wp-json\/wp\/v2\/media?parent=15391"}],"curies":[{"name":"wp","href":"https:\/\/api.w.org\/{rel}","templated":true}]}}