{"id":15314,"date":"2020-07-23T08:59:34","date_gmt":"2020-07-23T06:59:34","guid":{"rendered":"https:\/\/gezonde-darmflora.nl\/problemi-intestinali\/costipazione-o-intestino-bloccato\/"},"modified":"2025-01-27T16:18:43","modified_gmt":"2025-01-27T15:18:43","slug":"costipazione-o-intestino-bloccato","status":"publish","type":"page","link":"https:\/\/gezonde-darmflora.nl\/it\/problemi-intestinali\/costipazione-o-intestino-bloccato\/","title":{"rendered":"Costipazione o intestino bloccato"},"content":{"rendered":"<div class=\"wpb-content-wrapper\"><p>[vc_row full_width=&#8221;stretch_row_content_no_spaces&#8221;][vc_column]\r\n    <div class=\"page-title\">\r\n        <div class=\"container\">\r\n            <div class=\"row\">\r\n                <div class=\"col\">\r\n                    <h1>Costipazione o intestino bloccato<\/h1>\r\n                <\/div>\r\n            <\/div>\r\n        <\/div>\r\n    <\/div>\r\n\r\n    [\/vc_column][\/vc_row][vc_row][vc_column offset=&#8221;vc_col-md-8&#8243;][vc_column_text]<\/p>\n<h2>Quando si parla di stitichezza?<\/h2>\n<p>  La stitichezza o l&#8217;ossigenazione comporta un&#8217;interruzione dei normali movimenti intestinali. Normalmente, si va in bagno una o due volte al giorno per il grande messaggio. Ogni persona ha un proprio ritmo per i movimenti intestinali. Ma se il tuo intestino \u00e8 intasato e vai in bagno solo poche volte alla settimana, questo pu\u00f2 causare problemi. Si parla di stitichezza quando le feci arrivano meno spesso del solito e vengono espulse con difficolt\u00e0 e dolore.[\/vc_column_text]<div class=\"eye_empty_space pt-md-5 pb-md-5   pt-4 pb-4\"><\/div>[\/vc_column][vc_column offset=&#8221;vc_col-md-4&#8243; el_class=&#8221;mb-5 mb-lg-0&#8243;]\r\n    <div class=\"blob-image-wrap\">\r\n        <img decoding=\"async\" src=\"https:\/\/gezonde-darmflora.nl\/wp-content\/uploads\/2020\/08\/vaak-obstipatie.jpg\">\r\n    <\/div>\r\n    <p class=\"blob-image__caption\"><\/p>\r\n\r\n    [\/vc_column][\/vc_row][vc_section full_width=&#8221;stretch_row&#8221; el_class=&#8221;bg-green&#8221;][vc_row][vc_column offset=&#8221;vc_col-lg-offset-2 vc_col-lg-8&#8243;][vc_column_text]<\/p>\n<h2>Cause del blocco<\/h2>\n<p>  La causa dell&#8217;intestino stitico \u00e8 solitamente dovuta a una dieta povera di fibre e a un&#8217;assunzione di liquidi insufficiente. Anche l&#8217;esercizio fisico insufficiente o il mancato riposo non favoriscono la digestione. La stitichezza pu\u00f2 verificarsi anche sotto l&#8217;influenza dello stress. In alcune persone, la stitichezza \u00e8 addirittura la causa di mal di testa o stanchezza ricorrenti. La stitichezza pu\u00f2 verificarsi anche durante un viaggio o una malattia. Il corpo deve quindi adattarsi alla nuova situazione, il che pu\u00f2 richiedere diversi giorni. Inoltre, alcuni farmaci hanno come effetto collaterale la stitichezza.[\/vc_column_text][\/vc_column][\/vc_row][\/vc_section][vc_row][vc_column]<div class=\"eye_empty_space pt-md-5 pb-md-5   pt-4 pb-4\"><\/div>[\/vc_column][\/vc_row][vc_row equal_height=&#8221;yes&#8221;][vc_column offset=&#8221;vc_col-md-8&#8243;][vc_column_text]<\/p>\n<h2>Reclami che potresti riscontrare<\/h2>\n<p>  Se continui a soffrire di movimenti intestinali difficoltosi per due o tre settimane e se le feci contengono anche muco o sangue, i sintomi si sono accumulati. Da piccoli, come una maggiore <a href=\"https:\/\/gezonde-darmflora.nl\/it\/problemi-intestinali\/flatulenza\/\">flatulenza<\/a>, a un po&#8217; pi\u00f9 grandi. Si tratta principalmente di dolori al basso ventre dovuti all&#8217;indurimento delle feci e al fatto che il retto si riempie. Il contenuto dell&#8217;intestino rimane troppo a lungo nell&#8217;intestino crasso ed esce faticosamente o lentamente. Poich\u00e9 viene prelevata pi\u00f9 acqua del normale dalle feci, queste diventano dure e possono provocare movimenti intestinali dolorosi. Per questo motivo non \u00e8 consigliabile trattenere le feci. Poich\u00e9 le feci rimangono troppo a lungo nell&#8217;intestino, i prodotti di scarto vengono riassorbiti nel sangue quando normalmente avrebbero gi\u00e0 dovuto lasciare il corpo. Inoltre, non \u00e8 raro non avere feci per un giorno. Una stitichezza di breve durata non \u00e8 affatto un motivo di panico. La conseguenza di un intestino costipato \u00e8 un <a href=\"https:\/\/gezonde-darmflora.nl\/it\/problemi-intestinali\/gonfiore\/\">gonfiore di stomaco<\/a>. Si ha la nausea e la tendenza al vomito. Si sviluppa una riduzione dell&#8217;appetito che, se prolungata, porta alla cachessia. Si sviluppa una maggiore irrequietezza nel corpo e nella testa, che a sua volta pu\u00f2 provocare confusione. I dolori addominali diventano pi\u00f9 frequenti e aumenta l&#8217;insicurezza nei rapporti sociali. Possono comparire problemi gravi come emorroidi o lacerazioni vicino all&#8217;ano o una perforazione intestinale. Anche la minzione pu\u00f2 diventare pi\u00f9 difficile. Se stai assumendo dei farmaci, puoi discutere con il tuo medico se questa potrebbe essere la causa dei tuoi problemi. Forse esiste un altro tipo di farmaco che non causa questi effetti collaterali. In caso affermativo, controlla se \u00e8 possibile sottoporsi a uno screening per il cancro. Anche un tumore potrebbe essere la causa della tua stitichezza.[\/vc_column_text]<div class=\"eye_empty_space pt-md-5 pb-md-5   pt-4 pb-4\"><\/div>[\/vc_column][vc_column offset=&#8221;vc_col-md-4&#8243; el_class=&#8221;d-flex align-items-center mb-5 mb-lg-0&#8243;]\r\n    <div class=\"blob-image-wrap\">\r\n        <img decoding=\"async\" src=\"https:\/\/gezonde-darmflora.nl\/wp-content\/uploads\/2020\/08\/darmproblemen-verhelpen.jpg\">\r\n    <\/div>\r\n    <p class=\"blob-image__caption\"><\/p>\r\n\r\n    [\/vc_column][\/vc_row][vc_row equal_height=&#8221;yes&#8221;][vc_column offset=&#8221;vc_col-md-4&#8243; el_class=&#8221;d-flex align-items-center mb-5 mb-lg-0&#8243;]\r\n    <div class=\"blob-image-wrap\">\r\n        <img decoding=\"async\" src=\"https:\/\/gezonde-darmflora.nl\/wp-content\/uploads\/2020\/08\/wat-doen-verstopte-darmen.jpg\">\r\n    <\/div>\r\n    <p class=\"blob-image__caption\"><\/p>\r\n\r\n    [\/vc_column][vc_column offset=&#8221;vc_col-md-8&#8243;][vc_column_text]<\/p>\n<h2>Cosa puoi fare da solo contro la stitichezza?<\/h2>\n<p>  Inizia a mangiare in modo pi\u00f9 sano e a bere pi\u00f9 acqua. <a href=\"https:\/\/gezonde-darmflora.nl\/it\/flora-intestinale\/batteri-buoni-e-cattivi\/\">I batteri intestinali buoni<\/a> producono sostanze come gli acidi organici che aiutano a spingere la polpa del cibo in modo regolare e semplice nell&#8217;intestino. Se soffri di congestione intestinale, potrebbe essere causata da una flora intestinale che non produce abbastanza acidi. \u00c8 probabile che alcuni gruppi di batteri intestinali buoni siano poco rappresentati e che sia presente un numero eccessivo di <a href=\"https:\/\/gezonde-darmflora.nl\/it\/flora-intestinale\/batteri-buoni-e-cattivi\/\">batteri nocivi<\/a>. La modifica della dieta pu\u00f2 gi\u00e0 influenzare positivamente la composizione della tua flora intestinale. Utilizzando rimedi naturali, \u00e8 possibile inibire i batteri cattivi e sostenere quelli buoni, aumentandone cos\u00ec il numero. Gli alimenti ricchi di fibre possono aiutare a far ripartire i movimenti intestinali da stitichezza. Anche le arance, le prugne e le mele non sbucciate stimolano i movimenti intestinali. Potresti assumere una quantit\u00e0 extra di crusca, poich\u00e9 \u00e8 ricca di fibre. Assicurati di bere molto durante questo processo, altrimenti la crusca causer\u00e0 stitichezza! Prenditi il tempo necessario per mangiare lentamente e masticare bene il cibo. Fai pi\u00f9 esercizio fisico e fai attenzione al riposo. Tutto ci\u00f2 favorisce una buona digestione e un migliore movimento intestinale. Vai subito in bagno quando senti lo stimolo e prenditi il tempo necessario per farlo con calma. Cerca di trovare un buon equilibrio tra esercizio fisico e relax nella tua routine quotidiana.[\/vc_column_text]<div class=\"eye_empty_space pt-md-5 pb-md-5   pt-4 pb-4\"><\/div>[\/vc_column][\/vc_row][vc_section full_width=&#8221;stretch_row&#8221; el_class=&#8221;bg-green&#8221;][vc_row][vc_column offset=&#8221;vc_col-lg-offset-2 vc_col-lg-8&#8243;][vc_column_text]<\/p>\n<h2>Possibili trattamenti per la stitichezza<\/h2>\n<p>  Ma cosa fare in caso di stitichezza? Esiste un trattamento per la stitichezza? Nel peggiore dei casi, \u00e8 necessario un intervento chirurgico o l&#8217;inserimento di uno stent se si scopre che la causa \u00e8 un tumore. Per risolvere la stitichezza dell&#8217;intestino si ricorre solitamente all&#8217;uso di lassativi. Ma questi non sono affatto piacevoli per la flora intestinale e, se usati spesso, possono addirittura impigrire l&#8217;intestino, aumentando cos\u00ec il rischio di stitichezza. Se \u00e8 necessario perch\u00e9 non funziona nient&#8217;altro, non farlo mai per molto tempo di seguito e sicuramente non senza aver consultato il tuo medico. Un consiglio naturale \u00e8 quello di mangiare cibi crudi con olio extra di oliva, che ha anche un effetto lassativo. Se la flora intestinale \u00e8 stata indebolita da una malattia o dall&#8217;uso di antibiotici che hanno ucciso sia i batteri intestinali cattivi che quelli buoni, la flora intestinale ha bisogno di un tempo di recupero. In caso di stitichezza, pu\u00f2 essere utile rafforzare la flora intestinale utilizzando i cosiddetti probiotici. Tuttavia, questi hanno spesso molti zuccheri aggiunti e le dosi sono basse e devono passare attraverso lo stomaco. Per quanto riguarda i probiotici, devi avere pazienza prima di notare qualche effetto. <a href=\"https:\/\/gezonde-darmflora.nl\/it\/la-teoria-fmt\/\">Un trapianto di cacca<\/a> \u00e8 un&#8217;altra possibilit\u00e0 poco esplorata.[\/vc_column_text][\/vc_column][\/vc_row][\/vc_section][vc_row full_width=&#8221;stretch_row_content_no_spaces&#8221; css=&#8221;.vc_custom_1593680854494{margin-bottom: -10rem !important;}&#8221;][vc_column]\r\n    <a href=\"https:\/\/gezonde-darmflora.nl\/poeppillen-bestellen\/\" target=\"\" class=\"no-underline\">\r\n\r\n        <div class=\"cta\" style=\"background-image: url('https:\/\/gezonde-darmflora.nl\/wp-content\/uploads\/2020\/08\/darmflora-gezondheid.jpg')\">\r\n            <div class=\"container\">\r\n                <div class=\"row\">\r\n                    <div class=\"col-12\">\r\n                        <p>\r\n                            <\/p>\n<h3>Aiutare anche la tua flora intestinale a rimanere in salute?<\/h3>\n<h4>Nel nostro negozio troverai tutto ci\u00f2 di cui hai bisogno.<\/h4>\n<p>                        <\/p>\r\n                        <div class=\"cta__button svg-btn svg-btn-darkgreen\">\r\n                            <svg xmlns=\"http:\/\/www.w3.org\/2000\/svg\" width=\"50\" height=\"50\" viewBox=\"0 0 55 50\"><defs><\/defs><g id=\"Layer_2\" data-name=\"Layer 2\"><g id=\"Layer_1-2\" data-name=\"Layer 1\"><path width=\"100%\" height=\"100%\" class=\"anime\" d=\"M1.16,31.86C5.61,44.26,19.3,52,32.23,49.6C40.23,48.11,48.89,42.33,51.61,34.400000000000006C53.61,28.510000000000005,51.839999999999996,22.550000000000004,49.23,17.210000000000004C46.23,10.990000000000006,43.06999999999999,4.210000000000004,36.29,1.270000000000005C31,-1,24.8,0,19.64,2.49A45,45,0,0,0,10.57,8.66C8.39,10.5,5.430000000000001,12.280000000000001,3.6400000000000006,14.46C-0.3,19.28,-0.9,26.13,1.16,31.86Z\"\/><\/g><\/g><\/svg>\r\n                            <i class=\"far fa-long-arrow-alt-right\"><\/i>\r\n                        <\/div>\r\n                    <\/div>\r\n                <\/div>\r\n            <\/div>\r\n        <\/div>\r\n\r\n    <\/a>\r\n\r\n    [\/vc_column][\/vc_row]<\/p>\n<\/div>","protected":false},"excerpt":{"rendered":"<p>[vc_row full_width=&#8221;stretch_row_content_no_spaces&#8221;][vc_column][\/vc_column][\/vc_row][vc_row][vc_column offset=&#8221;vc_col-md-8&#8243;][vc_column_text] Quando si parla di stitichezza? La stitichezza o l&#8217;ossigenazione comporta un&#8217;interruzione dei normali movimenti intestinali. Normalmente, si va in bagno una o due volte al giorno per il grande messaggio. Ogni persona ha un proprio ritmo per i movimenti intestinali. Ma se il tuo intestino \u00e8 intasato e vai in bagno solo\u2026 <a href=\"https:\/\/gezonde-darmflora.nl\/it\/problemi-intestinali\/costipazione-o-intestino-bloccato\/\">Leggi tutto &raquo;<\/a><\/p>\n","protected":false},"author":4,"featured_media":0,"parent":15243,"menu_order":0,"comment_status":"closed","ping_status":"closed","template":"","meta":{"_acf_changed":false,"footnotes":""},"class_list":["post-15314","page","type-page","status-publish","hentry"],"acf":[],"yoast_head":"<!-- This site is optimized with the Yoast SEO plugin v27.1.1 - https:\/\/yoast.com\/product\/yoast-seo-wordpress\/ -->\n<title>Stitichezza - Cosa fare per l&#039;intestino stitico? Cause e soluzioni<\/title>\n<meta name=\"description\" content=\"La stitichezza o costipazione comporta un&#039;interruzione dei normali movimenti intestinali. Scopri le cause, le soluzioni e i consigli.\" \/>\n<meta name=\"robots\" content=\"index, follow, max-snippet:-1, max-image-preview:large, max-video-preview:-1\" \/>\n<link rel=\"canonical\" href=\"https:\/\/gezonde-darmflora.nl\/it\/problemi-intestinali\/costipazione-o-intestino-bloccato\/\" \/>\n<meta property=\"og:locale\" content=\"it_IT\" \/>\n<meta property=\"og:type\" content=\"article\" \/>\n<meta property=\"og:title\" content=\"Stitichezza - Cosa fare per l&#039;intestino stitico? Cause e soluzioni\" \/>\n<meta property=\"og:description\" content=\"La stitichezza o costipazione comporta un&#039;interruzione dei normali movimenti intestinali. Scopri le cause, le soluzioni e i consigli.\" \/>\n<meta property=\"og:url\" content=\"https:\/\/gezonde-darmflora.nl\/it\/problemi-intestinali\/costipazione-o-intestino-bloccato\/\" \/>\n<meta property=\"og:site_name\" content=\"Gezonde Darmflora\" \/>\n<meta property=\"article:modified_time\" content=\"2025-01-27T15:18:43+00:00\" \/>\n<meta name=\"twitter:card\" content=\"summary_large_image\" \/>\n<meta name=\"twitter:label1\" content=\"Tempo di lettura stimato\" \/>\n\t<meta name=\"twitter:data1\" content=\"6 minuti\" \/>\n<script type=\"application\/ld+json\" class=\"yoast-schema-graph\">{\"@context\":\"https:\/\/schema.org\",\"@graph\":[{\"@type\":\"WebPage\",\"@id\":\"https:\/\/gezonde-darmflora.nl\/it\/problemi-intestinali\/costipazione-o-intestino-bloccato\/\",\"url\":\"https:\/\/gezonde-darmflora.nl\/it\/problemi-intestinali\/costipazione-o-intestino-bloccato\/\",\"name\":\"Stitichezza - Cosa fare per l'intestino stitico? Cause e soluzioni\",\"isPartOf\":{\"@id\":\"https:\/\/gezonde-darmflora.nl\/it\/#website\"},\"datePublished\":\"2020-07-23T06:59:34+00:00\",\"dateModified\":\"2025-01-27T15:18:43+00:00\",\"description\":\"La stitichezza o costipazione comporta un'interruzione dei normali movimenti intestinali. Scopri le cause, le soluzioni e i consigli.\",\"breadcrumb\":{\"@id\":\"https:\/\/gezonde-darmflora.nl\/it\/problemi-intestinali\/costipazione-o-intestino-bloccato\/#breadcrumb\"},\"inLanguage\":\"it-IT\",\"potentialAction\":[{\"@type\":\"ReadAction\",\"target\":[\"https:\/\/gezonde-darmflora.nl\/it\/problemi-intestinali\/costipazione-o-intestino-bloccato\/\"]}]},{\"@type\":\"BreadcrumbList\",\"@id\":\"https:\/\/gezonde-darmflora.nl\/it\/problemi-intestinali\/costipazione-o-intestino-bloccato\/#breadcrumb\",\"itemListElement\":[{\"@type\":\"ListItem\",\"position\":1,\"name\":\"Home\",\"item\":\"https:\/\/gezonde-darmflora.nl\/it\/\"},{\"@type\":\"ListItem\",\"position\":2,\"name\":\"Problemi intestinali\",\"item\":\"https:\/\/gezonde-darmflora.nl\/it\/problemi-intestinali\/\"},{\"@type\":\"ListItem\",\"position\":3,\"name\":\"Costipazione o intestino bloccato\"}]},{\"@type\":\"WebSite\",\"@id\":\"https:\/\/gezonde-darmflora.nl\/it\/#website\",\"url\":\"https:\/\/gezonde-darmflora.nl\/it\/\",\"name\":\"Gezonde Darmflora\",\"description\":\"Een gezonde &amp; natuurlijke darmflora\",\"potentialAction\":[{\"@type\":\"SearchAction\",\"target\":{\"@type\":\"EntryPoint\",\"urlTemplate\":\"https:\/\/gezonde-darmflora.nl\/it\/?s={search_term_string}\"},\"query-input\":{\"@type\":\"PropertyValueSpecification\",\"valueRequired\":true,\"valueName\":\"search_term_string\"}}],\"inLanguage\":\"it-IT\"}]}<\/script>\n<!-- \/ Yoast SEO plugin. -->","yoast_head_json":{"title":"Stitichezza - Cosa fare per l'intestino stitico? Cause e soluzioni","description":"La stitichezza o costipazione comporta un'interruzione dei normali movimenti intestinali. Scopri le cause, le soluzioni e i consigli.","robots":{"index":"index","follow":"follow","max-snippet":"max-snippet:-1","max-image-preview":"max-image-preview:large","max-video-preview":"max-video-preview:-1"},"canonical":"https:\/\/gezonde-darmflora.nl\/it\/problemi-intestinali\/costipazione-o-intestino-bloccato\/","og_locale":"it_IT","og_type":"article","og_title":"Stitichezza - Cosa fare per l'intestino stitico? Cause e soluzioni","og_description":"La stitichezza o costipazione comporta un'interruzione dei normali movimenti intestinali. Scopri le cause, le soluzioni e i consigli.","og_url":"https:\/\/gezonde-darmflora.nl\/it\/problemi-intestinali\/costipazione-o-intestino-bloccato\/","og_site_name":"Gezonde Darmflora","article_modified_time":"2025-01-27T15:18:43+00:00","twitter_card":"summary_large_image","twitter_misc":{"Tempo di lettura stimato":"6 minuti"},"schema":{"@context":"https:\/\/schema.org","@graph":[{"@type":"WebPage","@id":"https:\/\/gezonde-darmflora.nl\/it\/problemi-intestinali\/costipazione-o-intestino-bloccato\/","url":"https:\/\/gezonde-darmflora.nl\/it\/problemi-intestinali\/costipazione-o-intestino-bloccato\/","name":"Stitichezza - Cosa fare per l'intestino stitico? Cause e soluzioni","isPartOf":{"@id":"https:\/\/gezonde-darmflora.nl\/it\/#website"},"datePublished":"2020-07-23T06:59:34+00:00","dateModified":"2025-01-27T15:18:43+00:00","description":"La stitichezza o costipazione comporta un'interruzione dei normali movimenti intestinali. Scopri le cause, le soluzioni e i consigli.","breadcrumb":{"@id":"https:\/\/gezonde-darmflora.nl\/it\/problemi-intestinali\/costipazione-o-intestino-bloccato\/#breadcrumb"},"inLanguage":"it-IT","potentialAction":[{"@type":"ReadAction","target":["https:\/\/gezonde-darmflora.nl\/it\/problemi-intestinali\/costipazione-o-intestino-bloccato\/"]}]},{"@type":"BreadcrumbList","@id":"https:\/\/gezonde-darmflora.nl\/it\/problemi-intestinali\/costipazione-o-intestino-bloccato\/#breadcrumb","itemListElement":[{"@type":"ListItem","position":1,"name":"Home","item":"https:\/\/gezonde-darmflora.nl\/it\/"},{"@type":"ListItem","position":2,"name":"Problemi intestinali","item":"https:\/\/gezonde-darmflora.nl\/it\/problemi-intestinali\/"},{"@type":"ListItem","position":3,"name":"Costipazione o intestino bloccato"}]},{"@type":"WebSite","@id":"https:\/\/gezonde-darmflora.nl\/it\/#website","url":"https:\/\/gezonde-darmflora.nl\/it\/","name":"Gezonde Darmflora","description":"Een gezonde &amp; natuurlijke darmflora","potentialAction":[{"@type":"SearchAction","target":{"@type":"EntryPoint","urlTemplate":"https:\/\/gezonde-darmflora.nl\/it\/?s={search_term_string}"},"query-input":{"@type":"PropertyValueSpecification","valueRequired":true,"valueName":"search_term_string"}}],"inLanguage":"it-IT"}]}},"_links":{"self":[{"href":"https:\/\/gezonde-darmflora.nl\/it\/wp-json\/wp\/v2\/pages\/15314","targetHints":{"allow":["GET"]}}],"collection":[{"href":"https:\/\/gezonde-darmflora.nl\/it\/wp-json\/wp\/v2\/pages"}],"about":[{"href":"https:\/\/gezonde-darmflora.nl\/it\/wp-json\/wp\/v2\/types\/page"}],"author":[{"embeddable":true,"href":"https:\/\/gezonde-darmflora.nl\/it\/wp-json\/wp\/v2\/users\/4"}],"replies":[{"embeddable":true,"href":"https:\/\/gezonde-darmflora.nl\/it\/wp-json\/wp\/v2\/comments?post=15314"}],"version-history":[{"count":1,"href":"https:\/\/gezonde-darmflora.nl\/it\/wp-json\/wp\/v2\/pages\/15314\/revisions"}],"predecessor-version":[{"id":15318,"href":"https:\/\/gezonde-darmflora.nl\/it\/wp-json\/wp\/v2\/pages\/15314\/revisions\/15318"}],"up":[{"embeddable":true,"href":"https:\/\/gezonde-darmflora.nl\/it\/wp-json\/wp\/v2\/pages\/15243"}],"wp:attachment":[{"href":"https:\/\/gezonde-darmflora.nl\/it\/wp-json\/wp\/v2\/media?parent=15314"}],"curies":[{"name":"wp","href":"https:\/\/api.w.org\/{rel}","templated":true}]}}