{"id":15273,"date":"2020-07-17T09:23:32","date_gmt":"2020-07-17T07:23:32","guid":{"rendered":"https:\/\/gezonde-darmflora.nl\/problemi-intestinali\/flatulenza\/"},"modified":"2025-01-27T16:18:35","modified_gmt":"2025-01-27T15:18:35","slug":"flatulenza","status":"publish","type":"page","link":"https:\/\/gezonde-darmflora.nl\/it\/problemi-intestinali\/flatulenza\/","title":{"rendered":"Flatulenza"},"content":{"rendered":"<div class=\"wpb-content-wrapper\"><p>[vc_row full_width=&#8221;stretch_row_content_no_spaces&#8221;][vc_column]\r\n    <div class=\"page-title\">\r\n        <div class=\"container\">\r\n            <div class=\"row\">\r\n                <div class=\"col\">\r\n                    <h1>Soffrire di flatulenza (estrema)<\/h1>\r\n                <\/div>\r\n            <\/div>\r\n        <\/div>\r\n    <\/div>\r\n\r\n    [\/vc_column][\/vc_row][vc_row][vc_column offset=&#8221;vc_col-md-8&#8243;][vc_column_text]Scoreggiare pu\u00f2 essere un piacevole sollievo se riesci a lasciarti andare. Ma cosa succede se devi scoreggiare oltre la media e sei solo &#8220;gasato&#8221; in compagnia&#8230; Ogni persona fa qualche scoreggia quotidianamente, ma se l&#8217;aria fuoriesce continuamente, se fai fatica a trattenerla o se non riesci a controllarla, spesso indica un problema di flora intestinale. I risultati ottenuti dopo un trapianto di cacca, come l&#8217;eliminazione delle scoregge e uno stomaco pi\u00f9 piatto, sono i miglioramenti pi\u00f9 comuni. Spesso dopo un solo giorno. Se fai una scoreggia intensa e poco odorosa, spesso \u00e8 segno che qualcosa non va nella digestione dei carboidrati. Mancano delle specie di batteri. Le scoregge morbide che non si sentono, ma che hanno un forte odore, possono indicare un problema nella digestione delle proteine. Scoreggi spesso e hai spesso la pancia gonfia? Allora smetti di mangiare zuccheri raffinati per dare alla tua <a href=\"https:\/\/gezonde-darmflora.nl\/it\/flora-intestinale\/\">flora intestinale<\/a> la possibilit\u00e0 di riprendersi. Sperimentando con gli alimenti ed eliminando gli zuccheri raffinati, i latticini e i cereali (glutine), \u00e8 possibile trovare da soli una soluzione a lungo termine. Scopri cosa attrae e cosa non attrae il tuo corpo in termini di cibo.[\/vc_column_text]<div class=\"eye_empty_space pt-md-5 pb-md-5   pt-4 pb-4\"><\/div>[\/vc_column][vc_column offset=&#8221;vc_col-md-4&#8243; el_class=&#8221;mb-5 mb-lg-0&#8243;]\r\n    <div class=\"blob-image-wrap\">\r\n        <img decoding=\"async\" src=\"https:\/\/gezonde-darmflora.nl\/wp-content\/uploads\/2020\/08\/extreem-winderig.jpg\">\r\n    <\/div>\r\n    <p class=\"blob-image__caption\"><\/p>\r\n\r\n    [\/vc_column][\/vc_row][vc_section full_width=&#8221;stretch_row&#8221; el_class=&#8221;bg-green&#8221;][vc_row][vc_column offset=&#8221;vc_col-lg-offset-2 vc_col-lg-8&#8243;][vc_column_text]<\/p>\n<h2>Cause della flatulenza<\/h2>\n<p>  La flatulenza \u00e8 spesso accompagnata da gonfiore addominale e la causa \u00e8 difficile da individuare perch\u00e9 pu\u00f2 avere decine di cause. Ad esempio, una carenza di succhi gastrici, una sovracrescita di candida, l&#8217;uso di alcuni farmaci, un&#8217;ipersensibilit\u00e0 alimentare o l&#8217;assenza di alcune specie batteriche. In ognuno di noi \u00e8 sempre presente una quantit\u00e0 di gas nel tratto gastrointestinale. Questo gas si forma ingerendo aria quando si mangia. Anche l&#8217;elaborazione delle particelle di cibo non digerite che finiscono nel colon rilascia una grande quantit\u00e0 di gas. Una piccola parte del gas proviene dal flusso sanguigno. Il gas viene rilasciato dal sangue all&#8217;intestino e viene rilasciato nuovamente al sangue dall&#8217;intestino.[\/vc_column_text][\/vc_column][\/vc_row][\/vc_section][vc_row][vc_column]<div class=\"eye_empty_space pt-md-5 pb-md-5   pt-4 pb-4\"><\/div>[\/vc_column][\/vc_row][vc_row equal_height=&#8221;yes&#8221;][vc_column offset=&#8221;vc_col-md-8&#8243;][vc_column_text]<\/p>\n<h2>Quando sei estremamente gasato?<\/h2>\n<p>  Il gas presente nell&#8217;intestino \u00e8 composto dai gas inodori ossigeno, azoto, anidride carbonica, idrogeno e metano. L&#8217;odore sgradevole delle scoregge \u00e8 dovuto a una piccola quantit\u00e0 di gas maleodoranti. Questi includono composti di zolfo rilasciati durante la scomposizione di alcune proteine che potresti aver mangiato in eccesso. Un odore pi\u00f9 acre \u00e8 il risultato della fermentazione nell&#8217;intestino. Questo odore acre si verifica soprattutto quando hai mangiato troppi <a href=\"https:\/\/drogespieren.nl\/afvallen\/is-suiker-een-dikmaker\" target=\"_blank\" rel=\"noopener noreferrer\">zuccheri<\/a> e amidi. La composizione e l&#8217;odore dei gas intestinali hanno a che fare con la dieta e la flora intestinale. Per eliminare i gas intestinali, devi scoreggiare in media 15 volte al giorno. Se superi questa soglia, il problema diventa serio. Sei estremamente gassoso e spesso le persone se ne vergognano. Iniziano a evitare i contatti e non osano parlarne con il medico di famiglia.[\/vc_column_text]<div class=\"eye_empty_space pt-md-5 pb-md-5   pt-4 pb-4\"><\/div>[\/vc_column][vc_column offset=&#8221;vc_col-md-4&#8243; el_class=&#8221;d-flex align-items-center mb-5 mb-lg-0&#8243;]\r\n    <div class=\"blob-image-wrap\">\r\n        <img decoding=\"async\" src=\"https:\/\/gezonde-darmflora.nl\/wp-content\/uploads\/2020\/08\/extreem-winderig-scheten-laten.jpg\">\r\n    <\/div>\r\n    <p class=\"blob-image__caption\"><\/p>\r\n\r\n    [\/vc_column][\/vc_row][vc_row equal_height=&#8221;yes&#8221;][vc_column offset=&#8221;vc_col-md-4&#8243; el_class=&#8221;d-flex align-items-center mb-5 mb-lg-0&#8243;]\r\n    <div class=\"blob-image-wrap\">\r\n        <img decoding=\"async\" src=\"https:\/\/gezonde-darmflora.nl\/wp-content\/uploads\/2020\/08\/opgeblazen-buik-gevoel-wat-doen.jpg\">\r\n    <\/div>\r\n    <p class=\"blob-image__caption\"><\/p>\r\n\r\n    [\/vc_column][vc_column offset=&#8221;vc_col-md-8&#8243;][vc_column_text]<\/p>\n<h2>Reclami che potresti riscontrare<\/h2>\n<p>  Quindi un peto \u00e8 in realt\u00e0 gas e quando questo gas si accumula, si manifestano sintomi come dolore addominale e\/o addome disteso. Se soffri di flatulenza, pu\u00f2 essere dovuto alla stitichezza o alla sindrome dell&#8217;intestino irritabile (PDS), a malattie intestinali come l&#8217;intolleranza al glutine (celiachia), il morbo di Crohn e la colite ulcerosa, tra le altre. Le malattie autoimmuni come il morbo di Crohn e la colite sono solitamente accompagnate da gas in eccesso. Un ultimo fattore da considerare in caso di flatulenza \u00e8 che potresti avere un&#8217;intolleranza o un&#8217;allergia specifica. Se soffri davvero troppo per la tua flatulenza, che viene chiamata meteorismo, allora vale la pena di fare un&#8217;analisi approfondita e iniziare a indagare. Cosa mangi e cosa bevi. Cosa succede al mio corpo quando elimino questo prodotto dalla mia dieta o aggiungo quel prodotto. Cosa mi dice l&#8217;odore delle mie scoregge o delle mie feci?         <\/p>\n<blockquote><p>Suggerimento: tieni un diario alimentare!<\/p><\/blockquote>\n<p>  Quando la flatulenza estrema causa molti problemi o \u00e8 accompagnata da altri sintomi, \u00e8 bene parlarne con il tuo medico di base. Se alcuni alimenti sono la causa della flatulenza, un dietologo pu\u00f2 aiutarti a individuarne la causa e a continuare a mangiare in modo sano.[\/vc_column_text]<div class=\"eye_empty_space pt-md-5 pb-md-5   pt-4 pb-4\"><\/div>[\/vc_column][\/vc_row][vc_row][vc_column]<div class=\"eye_empty_space pt-md-5 pb-md-5   pt-4 pb-4\"><\/div>[\/vc_column][\/vc_row][vc_row equal_height=&#8221;yes&#8221;][vc_column offset=&#8221;vc_col-md-8&#8243;][vc_column_text]<\/p>\n<h2>Cosa puoi fare da solo contro la flatulenza?<\/h2>\n<p>  Inizia dal cibo che assumi e da cosa e quanto bevi. Dopo tutto, la prevenzione delle scoregge inizia nel tuo piatto. Scopri cosa il tuo corpo apprezza e cosa no, mangia lentamente, con calma e mastica bene. Oltre alle cipolle e ai fagioli, anche i piselli, i porri, i cavoli come i cavolini di Bruxelles, l&#8217;aglio e i funghi sono noti produttori di gas. Le bevande gassate contengono molti gas disciolti, che devono anch&#8217;essi lasciare il corpo. Anche l&#8217;ingestione di aria, ad esempio mangiando e parlando allo stesso tempo, contribuisce ad aumentare la quantit\u00e0 di aria nello stomaco.[\/vc_column_text]<div class=\"eye_empty_space pt-md-5 pb-md-5   pt-4 pb-4\"><\/div>[\/vc_column][vc_column offset=&#8221;vc_col-md-4&#8243; el_class=&#8221;d-flex align-items-center mb-5 mb-lg-0&#8243;]\r\n    <div class=\"blob-image-wrap\">\r\n        <img decoding=\"async\" src=\"https:\/\/gezonde-darmflora.nl\/wp-content\/uploads\/2020\/08\/veel-scheten-laten.jpg\">\r\n    <\/div>\r\n    <p class=\"blob-image__caption\"><\/p>\r\n\r\n    [\/vc_column][\/vc_row][vc_row equal_height=&#8221;yes&#8221;][vc_column offset=&#8221;vc_col-md-4&#8243; el_class=&#8221;d-flex align-items-center mb-5 mb-lg-0&#8243;]\r\n    <div class=\"blob-image-wrap\">\r\n        <img decoding=\"async\" src=\"https:\/\/gezonde-darmflora.nl\/wp-content\/uploads\/2020\/06\/IMG_5065-kopie-871x1024.jpg\">\r\n    <\/div>\r\n    <p class=\"blob-image__caption\"><\/p>\r\n\r\n    [\/vc_column][vc_column offset=&#8221;vc_col-md-8&#8243;][vc_column_text]<\/p>\n<h2>Quindi scoreggiare fa male?<\/h2>\n<p>  No, in realt\u00e0 fa bene! Quindi mangia cipolle e fagioli, perch\u00e9 i gas rilasciati dalle scoregge possono combattere le malattie. La piccola quantit\u00e0 contenuta in una scoreggia pu\u00f2 prevenire danni alla salute. Non solo riducendo il rischio di cancro, ictus e infarti, ma anche di artrite e demenza senile, si pu\u00f2 evitare di scoreggiare liberamente. Inoltre, trattenere una scoreggia non fa affatto bene all&#8217;intestino. E se non scoreggi mai, il tuo corpo \u00e8 di nuovo carente di nutrienti! Una quindicina di scoregge al giorno \u00e8 segno di batteri intestinali sani. Chi vive una vita sana non fa altro che emettere scoregge. In fondo, significa che l&#8217;apparato digerente funziona correttamente. Se scoreggi molto pi\u00f9 della media, c&#8217;\u00e8 qualcosa che non va nella tua flora intestinale.[\/vc_column_text]<div class=\"eye_empty_space pt-md-5 pb-md-5   pt-4 pb-4\"><\/div>[\/vc_column][\/vc_row][vc_section full_width=&#8221;stretch_row&#8221; el_class=&#8221;bg-green&#8221;][vc_row][vc_column offset=&#8221;vc_col-lg-offset-2 vc_col-lg-8&#8243;][vc_column_text]<\/p>\n<h2>Possibili trattamenti<\/h2>\n<p>  Non esiste una cura per la flatulenza. Ma dopo un <a href=\"https:\/\/gezonde-darmflora.nl\/it\/la-teoria-fmt\/\">trapianto di cacca<\/a>, anche questo problema pu\u00f2 scomparire come neve al sole. Anche l&#8217;odore di quei pochi peti che ancora scorreggiano al giorno cambia.<\/p>\n<p>[\/vc_column_text][\/vc_column][\/vc_row][\/vc_section][vc_row full_width=&#8221;stretch_row_content_no_spaces&#8221; css=&#8221;.vc_custom_1593680854494{margin-bottom: -10rem !important;}&#8221;][vc_column]\r\n    <a href=\"https:\/\/gezonde-darmflora.nl\/poeppillen-bestellen\/\" target=\"\" class=\"no-underline\">\r\n\r\n        <div class=\"cta\" style=\"background-image: url('https:\/\/gezonde-darmflora.nl\/wp-content\/uploads\/2020\/08\/darmflora-gezondheid.jpg')\">\r\n            <div class=\"container\">\r\n                <div class=\"row\">\r\n                    <div class=\"col-12\">\r\n                        <p>\r\n                            <\/p>\n<h3>Aiutare anche la tua flora intestinale a rimanere in salute?<\/h3>\n<h4>Nel nostro negozio troverai tutto ci\u00f2 di cui hai bisogno.<\/h4>\n<p>                        <\/p>\r\n                        <div class=\"cta__button svg-btn svg-btn-darkgreen\">\r\n                            <svg xmlns=\"http:\/\/www.w3.org\/2000\/svg\" width=\"50\" height=\"50\" viewBox=\"0 0 55 50\"><defs><\/defs><g id=\"Layer_2\" data-name=\"Layer 2\"><g id=\"Layer_1-2\" data-name=\"Layer 1\"><path width=\"100%\" height=\"100%\" class=\"anime\" d=\"M1.16,31.86C5.61,44.26,19.3,52,32.23,49.6C40.23,48.11,48.89,42.33,51.61,34.400000000000006C53.61,28.510000000000005,51.839999999999996,22.550000000000004,49.23,17.210000000000004C46.23,10.990000000000006,43.06999999999999,4.210000000000004,36.29,1.270000000000005C31,-1,24.8,0,19.64,2.49A45,45,0,0,0,10.57,8.66C8.39,10.5,5.430000000000001,12.280000000000001,3.6400000000000006,14.46C-0.3,19.28,-0.9,26.13,1.16,31.86Z\"\/><\/g><\/g><\/svg>\r\n                            <i class=\"far fa-long-arrow-alt-right\"><\/i>\r\n                        <\/div>\r\n                    <\/div>\r\n                <\/div>\r\n            <\/div>\r\n        <\/div>\r\n\r\n    <\/a>\r\n\r\n    [\/vc_column][\/vc_row]<\/p>\n<\/div>","protected":false},"excerpt":{"rendered":"<p>[vc_row full_width=&#8221;stretch_row_content_no_spaces&#8221;][vc_column][\/vc_column][\/vc_row][vc_row][vc_column offset=&#8221;vc_col-md-8&#8243;][vc_column_text]Scoreggiare pu\u00f2 essere un piacevole sollievo se riesci a lasciarti andare. Ma cosa succede se devi scoreggiare oltre la media e sei solo &#8220;gasato&#8221; in compagnia&#8230; Ogni persona fa qualche scoreggia quotidianamente, ma se l&#8217;aria fuoriesce continuamente, se fai fatica a trattenerla o se non riesci a controllarla, spesso indica un problema di\u2026 <a href=\"https:\/\/gezonde-darmflora.nl\/it\/problemi-intestinali\/flatulenza\/\">Leggi tutto &raquo;<\/a><\/p>\n","protected":false},"author":4,"featured_media":0,"parent":15243,"menu_order":0,"comment_status":"closed","ping_status":"closed","template":"","meta":{"_acf_changed":false,"footnotes":""},"class_list":["post-15273","page","type-page","status-publish","hentry"],"acf":[],"yoast_head":"<!-- This site is optimized with the Yoast SEO plugin v27.1.1 - https:\/\/yoast.com\/product\/yoast-seo-wordpress\/ -->\n<title>Estremamente ventoso? Cosa fare se scoreggi molto - Cause e suggerimenti<\/title>\n<meta name=\"description\" content=\"La flatulenza \u00e8 spesso accompagnata da gonfiore addominale e la causa \u00e8 difficile da individuare perch\u00e9 pu\u00f2 avere decine di cause.\" \/>\n<meta name=\"robots\" content=\"index, follow, max-snippet:-1, max-image-preview:large, max-video-preview:-1\" \/>\n<link rel=\"canonical\" href=\"https:\/\/gezonde-darmflora.nl\/it\/problemi-intestinali\/flatulenza\/\" \/>\n<meta property=\"og:locale\" content=\"it_IT\" \/>\n<meta property=\"og:type\" content=\"article\" \/>\n<meta property=\"og:title\" content=\"Estremamente ventoso? Cosa fare se scoreggi molto - Cause e suggerimenti\" \/>\n<meta property=\"og:description\" content=\"La flatulenza \u00e8 spesso accompagnata da gonfiore addominale e la causa \u00e8 difficile da individuare perch\u00e9 pu\u00f2 avere decine di cause.\" \/>\n<meta property=\"og:url\" content=\"https:\/\/gezonde-darmflora.nl\/it\/problemi-intestinali\/flatulenza\/\" \/>\n<meta property=\"og:site_name\" content=\"Gezonde Darmflora\" \/>\n<meta property=\"article:modified_time\" content=\"2025-01-27T15:18:35+00:00\" \/>\n<meta name=\"twitter:card\" content=\"summary_large_image\" \/>\n<meta name=\"twitter:label1\" content=\"Tempo di lettura stimato\" \/>\n\t<meta name=\"twitter:data1\" content=\"6 minuti\" \/>\n<script type=\"application\/ld+json\" class=\"yoast-schema-graph\">{\"@context\":\"https:\/\/schema.org\",\"@graph\":[{\"@type\":\"WebPage\",\"@id\":\"https:\/\/gezonde-darmflora.nl\/it\/problemi-intestinali\/flatulenza\/\",\"url\":\"https:\/\/gezonde-darmflora.nl\/it\/problemi-intestinali\/flatulenza\/\",\"name\":\"Estremamente ventoso? Cosa fare se scoreggi molto - Cause e suggerimenti\",\"isPartOf\":{\"@id\":\"https:\/\/gezonde-darmflora.nl\/it\/#website\"},\"datePublished\":\"2020-07-17T07:23:32+00:00\",\"dateModified\":\"2025-01-27T15:18:35+00:00\",\"description\":\"La flatulenza \u00e8 spesso accompagnata da gonfiore addominale e la causa \u00e8 difficile da individuare perch\u00e9 pu\u00f2 avere decine di cause.\",\"breadcrumb\":{\"@id\":\"https:\/\/gezonde-darmflora.nl\/it\/problemi-intestinali\/flatulenza\/#breadcrumb\"},\"inLanguage\":\"it-IT\",\"potentialAction\":[{\"@type\":\"ReadAction\",\"target\":[\"https:\/\/gezonde-darmflora.nl\/it\/problemi-intestinali\/flatulenza\/\"]}]},{\"@type\":\"BreadcrumbList\",\"@id\":\"https:\/\/gezonde-darmflora.nl\/it\/problemi-intestinali\/flatulenza\/#breadcrumb\",\"itemListElement\":[{\"@type\":\"ListItem\",\"position\":1,\"name\":\"Home\",\"item\":\"https:\/\/gezonde-darmflora.nl\/it\/\"},{\"@type\":\"ListItem\",\"position\":2,\"name\":\"Problemi intestinali\",\"item\":\"https:\/\/gezonde-darmflora.nl\/it\/problemi-intestinali\/\"},{\"@type\":\"ListItem\",\"position\":3,\"name\":\"Flatulenza\"}]},{\"@type\":\"WebSite\",\"@id\":\"https:\/\/gezonde-darmflora.nl\/it\/#website\",\"url\":\"https:\/\/gezonde-darmflora.nl\/it\/\",\"name\":\"Gezonde Darmflora\",\"description\":\"Een gezonde &amp; natuurlijke darmflora\",\"potentialAction\":[{\"@type\":\"SearchAction\",\"target\":{\"@type\":\"EntryPoint\",\"urlTemplate\":\"https:\/\/gezonde-darmflora.nl\/it\/?s={search_term_string}\"},\"query-input\":{\"@type\":\"PropertyValueSpecification\",\"valueRequired\":true,\"valueName\":\"search_term_string\"}}],\"inLanguage\":\"it-IT\"}]}<\/script>\n<!-- \/ Yoast SEO plugin. -->","yoast_head_json":{"title":"Estremamente ventoso? Cosa fare se scoreggi molto - Cause e suggerimenti","description":"La flatulenza \u00e8 spesso accompagnata da gonfiore addominale e la causa \u00e8 difficile da individuare perch\u00e9 pu\u00f2 avere decine di cause.","robots":{"index":"index","follow":"follow","max-snippet":"max-snippet:-1","max-image-preview":"max-image-preview:large","max-video-preview":"max-video-preview:-1"},"canonical":"https:\/\/gezonde-darmflora.nl\/it\/problemi-intestinali\/flatulenza\/","og_locale":"it_IT","og_type":"article","og_title":"Estremamente ventoso? Cosa fare se scoreggi molto - Cause e suggerimenti","og_description":"La flatulenza \u00e8 spesso accompagnata da gonfiore addominale e la causa \u00e8 difficile da individuare perch\u00e9 pu\u00f2 avere decine di cause.","og_url":"https:\/\/gezonde-darmflora.nl\/it\/problemi-intestinali\/flatulenza\/","og_site_name":"Gezonde Darmflora","article_modified_time":"2025-01-27T15:18:35+00:00","twitter_card":"summary_large_image","twitter_misc":{"Tempo di lettura stimato":"6 minuti"},"schema":{"@context":"https:\/\/schema.org","@graph":[{"@type":"WebPage","@id":"https:\/\/gezonde-darmflora.nl\/it\/problemi-intestinali\/flatulenza\/","url":"https:\/\/gezonde-darmflora.nl\/it\/problemi-intestinali\/flatulenza\/","name":"Estremamente ventoso? Cosa fare se scoreggi molto - Cause e suggerimenti","isPartOf":{"@id":"https:\/\/gezonde-darmflora.nl\/it\/#website"},"datePublished":"2020-07-17T07:23:32+00:00","dateModified":"2025-01-27T15:18:35+00:00","description":"La flatulenza \u00e8 spesso accompagnata da gonfiore addominale e la causa \u00e8 difficile da individuare perch\u00e9 pu\u00f2 avere decine di cause.","breadcrumb":{"@id":"https:\/\/gezonde-darmflora.nl\/it\/problemi-intestinali\/flatulenza\/#breadcrumb"},"inLanguage":"it-IT","potentialAction":[{"@type":"ReadAction","target":["https:\/\/gezonde-darmflora.nl\/it\/problemi-intestinali\/flatulenza\/"]}]},{"@type":"BreadcrumbList","@id":"https:\/\/gezonde-darmflora.nl\/it\/problemi-intestinali\/flatulenza\/#breadcrumb","itemListElement":[{"@type":"ListItem","position":1,"name":"Home","item":"https:\/\/gezonde-darmflora.nl\/it\/"},{"@type":"ListItem","position":2,"name":"Problemi intestinali","item":"https:\/\/gezonde-darmflora.nl\/it\/problemi-intestinali\/"},{"@type":"ListItem","position":3,"name":"Flatulenza"}]},{"@type":"WebSite","@id":"https:\/\/gezonde-darmflora.nl\/it\/#website","url":"https:\/\/gezonde-darmflora.nl\/it\/","name":"Gezonde Darmflora","description":"Een gezonde &amp; natuurlijke darmflora","potentialAction":[{"@type":"SearchAction","target":{"@type":"EntryPoint","urlTemplate":"https:\/\/gezonde-darmflora.nl\/it\/?s={search_term_string}"},"query-input":{"@type":"PropertyValueSpecification","valueRequired":true,"valueName":"search_term_string"}}],"inLanguage":"it-IT"}]}},"_links":{"self":[{"href":"https:\/\/gezonde-darmflora.nl\/it\/wp-json\/wp\/v2\/pages\/15273","targetHints":{"allow":["GET"]}}],"collection":[{"href":"https:\/\/gezonde-darmflora.nl\/it\/wp-json\/wp\/v2\/pages"}],"about":[{"href":"https:\/\/gezonde-darmflora.nl\/it\/wp-json\/wp\/v2\/types\/page"}],"author":[{"embeddable":true,"href":"https:\/\/gezonde-darmflora.nl\/it\/wp-json\/wp\/v2\/users\/4"}],"replies":[{"embeddable":true,"href":"https:\/\/gezonde-darmflora.nl\/it\/wp-json\/wp\/v2\/comments?post=15273"}],"version-history":[{"count":1,"href":"https:\/\/gezonde-darmflora.nl\/it\/wp-json\/wp\/v2\/pages\/15273\/revisions"}],"predecessor-version":[{"id":15284,"href":"https:\/\/gezonde-darmflora.nl\/it\/wp-json\/wp\/v2\/pages\/15273\/revisions\/15284"}],"up":[{"embeddable":true,"href":"https:\/\/gezonde-darmflora.nl\/it\/wp-json\/wp\/v2\/pages\/15243"}],"wp:attachment":[{"href":"https:\/\/gezonde-darmflora.nl\/it\/wp-json\/wp\/v2\/media?parent=15273"}],"curies":[{"name":"wp","href":"https:\/\/api.w.org\/{rel}","templated":true}]}}