{"id":15250,"date":"2020-07-23T07:54:48","date_gmt":"2020-07-23T05:54:48","guid":{"rendered":"https:\/\/gezonde-darmflora.nl\/problemi-intestinali\/diarrea\/"},"modified":"2025-01-27T16:18:35","modified_gmt":"2025-01-27T15:18:35","slug":"diarrea","status":"publish","type":"page","link":"https:\/\/gezonde-darmflora.nl\/it\/problemi-intestinali\/diarrea\/","title":{"rendered":"Diarrea"},"content":{"rendered":"<div class=\"wpb-content-wrapper\"><p>[vc_row full_width=&#8221;stretch_row_content_no_spaces&#8221;][vc_column]\r\n    <div class=\"page-title\">\r\n        <div class=\"container\">\r\n            <div class=\"row\">\r\n                <div class=\"col\">\r\n                    <h1>Diarrea prolungata, frequente o cronica<\/h1>\r\n                <\/div>\r\n            <\/div>\r\n        <\/div>\r\n    <\/div>\r\n\r\n    [\/vc_column][\/vc_row][vc_row][vc_column offset=&#8221;vc_col-md-8&#8243;][vc_column_text]Di solito la diarrea passa da sola. Ma se la diarrea \u00e8 regolare o frequente, pu\u00f2 causare tensione e insicurezza in te stesso, soprattutto in compagnia. Oppure pu\u00f2 colpirti proprio nel giorno di quella festa divertente che non vedevi l&#8217;ora di fare&#8230; Oltre al disagio, anche l&#8217;energia \u00e8 lontana. Ma cos&#8217;\u00e8 la diarrea e quali possono essere le sue cause?[\/vc_column_text]<div class=\"eye_empty_space pt-md-5 pb-md-5   pt-4 pb-4\"><\/div>[\/vc_column][vc_column offset=&#8221;vc_col-md-4&#8243; el_class=&#8221;mb-5 mb-lg-0&#8243;]\r\n    <div class=\"blob-image-wrap\">\r\n        <img decoding=\"async\" src=\"https:\/\/gezonde-darmflora.nl\/wp-content\/uploads\/2020\/08\/chronische-diarree-behandelen.jpg\">\r\n    <\/div>\r\n    <p class=\"blob-image__caption\"><\/p>\r\n\r\n    [\/vc_column][\/vc_row][vc_section full_width=&#8221;stretch_row&#8221; el_class=&#8221;bg-green&#8221;][vc_row][vc_column offset=&#8221;vc_col-lg-offset-2 vc_col-lg-8&#8243;][vc_column_text]<\/p>\n<h2>Che cos&#8217;\u00e8 la diarrea?<\/h2>\n<p>La diarrea \u00e8 una feci sottili e acquose in cui si perdono molti liquidi. Ad esempio, si perdono molti liquidi anche quando si vomita, si ha la febbre e quando fa caldo. Se perdi molti liquidi e bevi troppo poco, puoi disidratarti. Questo pu\u00f2 portare a problemi quali: assenza o scarsa minzione (urina scura), sete, secchezza delle fauci, mancanza di energia, svenimento, confusione, respirazione accelerata o battito cardiaco accelerato, braccia e gambe fredde. Il problema principale, ovviamente, \u00e8 che il tuo corpo assorbe a malapena i nutrienti quando hai la diarrea, indebolendoti rapidamente, il che pu\u00f2 spiegare molti di questi sintomi.    <\/p>\n<h2>Diarrea prolungata o cronica<\/h2>\n<p>Se soffri di diarrea frequente o cronica, i problemi sono pi\u00f9 seri e spesso la causa \u00e8 un&#8217;altra. Ad esempio l&#8217;uso di farmaci (ad esempio antibiotici o antidepressivi), il consumo eccessivo di bevande dolcificate artificialmente, l&#8217;intestino irritabile o, peggio ancora, una malattia infiammatoria intestinale, come la colite ulcerosa o il morbo di Crohn. In queste malattie autoimmuni, comunque, la diarrea non \u00e8 contagiosa.[\/vc_column_text][\/vc_column][\/vc_row][\/vc_section][vc_row][vc_column]<div class=\"eye_empty_space pt-md-5 pb-md-5   pt-4 pb-4\"><\/div>[\/vc_column][\/vc_row][vc_row equal_height=&#8221;yes&#8221;][vc_column offset=&#8221;vc_col-md-8&#8243;][vc_column_text]<\/p>\n<h2>Cause della diarrea<\/h2>\n<p>Intossicazioni alimentari, sindrome dell&#8217;intestino irritabile e intolleranze alimentari sono tutte e tre possibili cause. Ma la diarrea pi\u00f9 comune \u00e8 solitamente dovuta a un&#8217;<strong>infezione intestinale causata da un virus<\/strong>. Un&#8217;infezione intestinale pu\u00f2 essere causata dalla mancanza di <a href=\"https:\/\/gezonde-darmflora.nl\/it\/flora-intestinale\/batteri-buoni-e-cattivi\/\">batteri buoni nella flora intestinale<\/a> o da invasori come i parassiti. Puoi entrare in contatto con questi ultimi quando viaggi, ad esempio, e qualcosa si insinua nel tuo corpo attraverso un&#8217;abrasione. Di solito si tratta di un virus trasmesso attraverso una scarsa igiene. Se non ti lavi abbastanza bene le mani dopo essere andato in bagno o prima di preparare il cibo. Oppure se mangi carne non adeguatamente cotta. I virus, i batteri o i parassiti entrano nell&#8217;intestino attraverso la bocca e causano l&#8217;infiammazione della parete intestinale. Di conseguenza, la parete intestinale pu\u00f2 assorbire meno liquidi. Poich\u00e9 il liquido rimane nell&#8217;intestino, le feci diventano sempre pi\u00f9 sottili. Una persona con un&#8217;infezione intestinale pu\u00f2 trasmettere gli agenti patogeni a un&#8217;altra persona attraverso le feci. Questo avviene principalmente attraverso la toilette e le mani non lavate. I virus possono essere trasmessi anche attraverso la saliva, ad esempio quando si usano le posate non lavate di qualcun altro. Anche l&#8217;acqua o il cibo contaminati possono contenere batteri che causano infezioni intestinali.[\/vc_column_text]<div class=\"eye_empty_space pt-md-5 pb-md-5   pt-4 pb-4\"><\/div>[\/vc_column][vc_column offset=&#8221;vc_col-md-4&#8243; el_class=&#8221;d-flex align-items-center mb-5 mb-lg-0&#8243;]\r\n    <div class=\"blob-image-wrap\">\r\n        <img decoding=\"async\" src=\"https:\/\/gezonde-darmflora.nl\/wp-content\/uploads\/2020\/08\/diarree-voorkomen.jpg\">\r\n    <\/div>\r\n    <p class=\"blob-image__caption\"><\/p>\r\n\r\n    [\/vc_column][\/vc_row][vc_row equal_height=&#8221;yes&#8221;][vc_column offset=&#8221;vc_col-md-4&#8243; el_class=&#8221;d-flex align-items-center mb-5 mb-lg-0&#8243;]\r\n    <div class=\"blob-image-wrap\">\r\n        <img decoding=\"async\" src=\"https:\/\/gezonde-darmflora.nl\/wp-content\/uploads\/2020\/08\/darmklachten.jpg\">\r\n    <\/div>\r\n    <p class=\"blob-image__caption\"><\/p>\r\n\r\n    [\/vc_column][vc_column offset=&#8221;vc_col-md-8&#8243;][vc_column_text]<\/p>\n<h2>Cosa puoi fare da solo contro la diarrea?<\/h2>\n<p>Per prima cosa, assicurati di non infettare altre persone! Pulisci bene la casa, i vestiti e gli asciugamani. Bevi molta acqua e segui una dieta sana e varia. \u00c8 importante bere molto quando si ha la diarrea. Pensa ad almeno due litri di acqua al giorno. Pi\u00f9 la diarrea aumenta, pi\u00f9 devi bere per evitare la disidratazione. Preferibilmente non bere bibite o bevande energetiche. Se oltre alla diarrea vomiti o hai la febbre, bere acqua \u00e8 ancora pi\u00f9 importante. Non mangiare affatto o seguire una dieta speciale non \u00e8 necessario per la diarrea n\u00e9 fa bene al tuo corpo. Ascolta il tuo corpo: se l&#8217;appetito torna a farsi sentire, di solito la strada \u00e8 di nuovo quella giusta. Se la diarrea dura pi\u00f9 di sette giorni o continua a ripresentarsi, non consumare bevande dolci come latte o succo di mela per un po&#8217;. A volte l&#8217;intestino \u00e8 temporaneamente meno capace di tollerare queste bevande dolci dopo un&#8217;infezione. Di solito la diarrea passa dopo 4-8 giorni. Se sei di nuovo in forma, cerca di prevenire un&#8217;altra infezione mettendo in pratica tutti questi punti nel tuo stile di vita. Prevenire \u00e8 sempre meglio che curare.[\/vc_column_text]<div class=\"eye_empty_space pt-md-5 pb-md-5   pt-4 pb-4\"><\/div>[\/vc_column][\/vc_row][vc_section full_width=&#8221;stretch_row&#8221; el_class=&#8221;bg-green&#8221;][vc_row][vc_column offset=&#8221;vc_col-lg-offset-2 vc_col-lg-8&#8243;][vc_column_text]<\/p>\n<h2>Possibile trattamento in caso di diarrea prolungata o cronica<\/h2>\n<p>Diarrea prolungata, frequente o cronica? Un giorno non urini, lentamente diventi sempre pi\u00f9 confuso, la diarrea dura pi\u00f9 del solito, hai dolori addominali costanti e la sete persiste? Allora c&#8217;\u00e8 davvero qualcosa che non va nel tuo corpo ed \u00e8 necessaria una visita dal medico. Il medico ti proporr\u00e0 due tipi di farmaci. ORS che agisce contro la disidratazione o Loperamide. La Loperamide \u00e8 pi\u00f9 che altro un coagulante che viene somministrato quando si ha un appuntamento d&#8217;emergenza e quindi non \u00e8 in grado di garantire il necessario periodo di riposo e recupero. Tieni d&#8217;occhio anche l&#8217;effetto dei tuoi altri farmaci se soffri di diarrea o vomito, perch\u00e9 come il cibo, anche questi potrebbero non essere assorbiti bene in caso di diarrea.      <\/p>\n<p><img decoding=\"async\" class=\"aligncenter size-full wp-image-640\" src=\"https:\/\/gezonde-darmflora.nl\/wp-content\/uploads\/2020\/08\/wat-doen-tegen-diarree.jpg\" alt=\"cosa fare in caso di diarrea\" width=\"678\" height=\"533\" srcset=\"https:\/\/gezonde-darmflora.nl\/wp-content\/uploads\/2020\/08\/wat-doen-tegen-diarree.jpg 678w, https:\/\/gezonde-darmflora.nl\/wp-content\/uploads\/2020\/08\/wat-doen-tegen-diarree-600x472.jpg 600w, https:\/\/gezonde-darmflora.nl\/wp-content\/uploads\/2020\/08\/wat-doen-tegen-diarree-300x236.jpg 300w\" sizes=\"(max-width: 678px) 100vw, 678px\" \/><\/p>\n<p>Se preferisci <strong>una soluzione naturale<\/strong>, allora il <a href=\"https:\/\/gezonde-darmflora.nl\/it\/la-teoria-fmt\/\">trapianto di cacca<\/a> non \u00e8 un&#8217;idea cos\u00ec folle. Gli agenti patogeni hanno il sopravvento nel tuo intestino in caso di diarrea prolungata. Se si oppongono alla flora intestinale sana di un donatore sano e a digiuno, la battaglia potrebbe finire presto. In futuro, ci si aspetta una pillola prodotta dalla tua stessa flora intestinale sana in un momento in cui tu stesso sei super felice! In questo modo, se dovessi avere bisogno di andare in bagno durante un bel viaggio in Thailandia, dopo un pasto delizioso in un ristorante accogliente, potrai semplicemente prendere la tua pillola di flora intestinale sana che ripristiner\u00e0 la tua flora intestinale.[\/vc_column_text][\/vc_column][\/vc_row][\/vc_section][vc_row full_width=&#8221;stretch_row_content_no_spaces&#8221; css=&#8221;.vc_custom_1593680854494{margin-bottom: -10rem !important;}&#8221;][vc_column]\r\n    <a href=\"https:\/\/gezonde-darmflora.nl\/poeppillen-bestellen\/\" target=\"\" class=\"no-underline\">\r\n\r\n        <div class=\"cta\" style=\"background-image: url('https:\/\/gezonde-darmflora.nl\/wp-content\/uploads\/2020\/08\/darmflora-gezondheid.jpg')\">\r\n            <div class=\"container\">\r\n                <div class=\"row\">\r\n                    <div class=\"col-12\">\r\n                        <p>\r\n                            <\/p>\n<h3>Aiutare anche la tua flora intestinale a rimanere in salute?<\/h3>\n<h4>Nel nostro negozio troverai tutto ci\u00f2 di cui hai bisogno.<\/h4>\n<p>                        <\/p>\r\n                        <div class=\"cta__button svg-btn svg-btn-darkgreen\">\r\n                            <svg xmlns=\"http:\/\/www.w3.org\/2000\/svg\" width=\"50\" height=\"50\" viewBox=\"0 0 55 50\"><defs><\/defs><g id=\"Layer_2\" data-name=\"Layer 2\"><g id=\"Layer_1-2\" data-name=\"Layer 1\"><path width=\"100%\" height=\"100%\" class=\"anime\" d=\"M1.16,31.86C5.61,44.26,19.3,52,32.23,49.6C40.23,48.11,48.89,42.33,51.61,34.400000000000006C53.61,28.510000000000005,51.839999999999996,22.550000000000004,49.23,17.210000000000004C46.23,10.990000000000006,43.06999999999999,4.210000000000004,36.29,1.270000000000005C31,-1,24.8,0,19.64,2.49A45,45,0,0,0,10.57,8.66C8.39,10.5,5.430000000000001,12.280000000000001,3.6400000000000006,14.46C-0.3,19.28,-0.9,26.13,1.16,31.86Z\"\/><\/g><\/g><\/svg>\r\n                            <i class=\"far fa-long-arrow-alt-right\"><\/i>\r\n                        <\/div>\r\n                    <\/div>\r\n                <\/div>\r\n            <\/div>\r\n        <\/div>\r\n\r\n    <\/a>\r\n\r\n    [\/vc_column][\/vc_row]<\/p>\n<\/div>","protected":false},"excerpt":{"rendered":"<p>[vc_row full_width=&#8221;stretch_row_content_no_spaces&#8221;][vc_column][\/vc_column][\/vc_row][vc_row][vc_column offset=&#8221;vc_col-md-8&#8243;][vc_column_text]Di solito la diarrea passa da sola. Ma se la diarrea \u00e8 regolare o frequente, pu\u00f2 causare tensione e insicurezza in te stesso, soprattutto in compagnia. Oppure pu\u00f2 colpirti proprio nel giorno di quella festa divertente che non vedevi l&#8217;ora di fare&#8230; Oltre al disagio, anche l&#8217;energia \u00e8 lontana. Ma cos&#8217;\u00e8 la diarrea\u2026 <a href=\"https:\/\/gezonde-darmflora.nl\/it\/problemi-intestinali\/diarrea\/\">Leggi tutto &raquo;<\/a><\/p>\n","protected":false},"author":4,"featured_media":0,"parent":15243,"menu_order":0,"comment_status":"closed","ping_status":"closed","template":"","meta":{"_acf_changed":false,"footnotes":""},"class_list":["post-15250","page","type-page","status-publish","hentry"],"acf":[],"yoast_head":"<!-- This site is optimized with the Yoast SEO plugin v27.1.1 - https:\/\/yoast.com\/product\/yoast-seo-wordpress\/ -->\n<title>Diarrea prolungata, frequente o cronica? Cause, consigli e trattamento<\/title>\n<meta name=\"description\" content=\"Di solito la diarrea passa da sola. Ma se la diarrea \u00e8 frequente o cronica, pu\u00f2 causare tensione e incertezza. Scopri le cause e le soluzioni.\" \/>\n<meta name=\"robots\" content=\"index, follow, max-snippet:-1, max-image-preview:large, max-video-preview:-1\" \/>\n<link rel=\"canonical\" href=\"https:\/\/gezonde-darmflora.nl\/it\/problemi-intestinali\/diarrea\/\" \/>\n<meta property=\"og:locale\" content=\"it_IT\" \/>\n<meta property=\"og:type\" content=\"article\" \/>\n<meta property=\"og:title\" content=\"Diarrea prolungata, frequente o cronica? Cause, consigli e trattamento\" \/>\n<meta property=\"og:description\" content=\"Di solito la diarrea passa da sola. Ma se la diarrea \u00e8 frequente o cronica, pu\u00f2 causare tensione e incertezza. Scopri le cause e le soluzioni.\" \/>\n<meta property=\"og:url\" content=\"https:\/\/gezonde-darmflora.nl\/it\/problemi-intestinali\/diarrea\/\" \/>\n<meta property=\"og:site_name\" content=\"Gezonde Darmflora\" \/>\n<meta property=\"article:modified_time\" content=\"2025-01-27T15:18:35+00:00\" \/>\n<meta property=\"og:image\" content=\"https:\/\/gezonde-darmflora.nl\/wp-content\/uploads\/2020\/08\/wat-doen-tegen-diarree.jpg\" \/>\n<meta name=\"twitter:card\" content=\"summary_large_image\" \/>\n<meta name=\"twitter:label1\" content=\"Tempo di lettura stimato\" \/>\n\t<meta name=\"twitter:data1\" content=\"6 minuti\" \/>\n<script type=\"application\/ld+json\" class=\"yoast-schema-graph\">{\"@context\":\"https:\/\/schema.org\",\"@graph\":[{\"@type\":\"WebPage\",\"@id\":\"https:\/\/gezonde-darmflora.nl\/it\/problemi-intestinali\/diarrea\/\",\"url\":\"https:\/\/gezonde-darmflora.nl\/it\/problemi-intestinali\/diarrea\/\",\"name\":\"Diarrea prolungata, frequente o cronica? Cause, consigli e trattamento\",\"isPartOf\":{\"@id\":\"https:\/\/gezonde-darmflora.nl\/it\/#website\"},\"primaryImageOfPage\":{\"@id\":\"https:\/\/gezonde-darmflora.nl\/it\/problemi-intestinali\/diarrea\/#primaryimage\"},\"image\":{\"@id\":\"https:\/\/gezonde-darmflora.nl\/it\/problemi-intestinali\/diarrea\/#primaryimage\"},\"thumbnailUrl\":\"https:\/\/gezonde-darmflora.nl\/wp-content\/uploads\/2020\/08\/wat-doen-tegen-diarree.jpg\",\"datePublished\":\"2020-07-23T05:54:48+00:00\",\"dateModified\":\"2025-01-27T15:18:35+00:00\",\"description\":\"Di solito la diarrea passa da sola. Ma se la diarrea \u00e8 frequente o cronica, pu\u00f2 causare tensione e incertezza. Scopri le cause e le soluzioni.\",\"breadcrumb\":{\"@id\":\"https:\/\/gezonde-darmflora.nl\/it\/problemi-intestinali\/diarrea\/#breadcrumb\"},\"inLanguage\":\"it-IT\",\"potentialAction\":[{\"@type\":\"ReadAction\",\"target\":[\"https:\/\/gezonde-darmflora.nl\/it\/problemi-intestinali\/diarrea\/\"]}]},{\"@type\":\"ImageObject\",\"inLanguage\":\"it-IT\",\"@id\":\"https:\/\/gezonde-darmflora.nl\/it\/problemi-intestinali\/diarrea\/#primaryimage\",\"url\":\"https:\/\/gezonde-darmflora.nl\/wp-content\/uploads\/2020\/08\/wat-doen-tegen-diarree.jpg\",\"contentUrl\":\"https:\/\/gezonde-darmflora.nl\/wp-content\/uploads\/2020\/08\/wat-doen-tegen-diarree.jpg\"},{\"@type\":\"BreadcrumbList\",\"@id\":\"https:\/\/gezonde-darmflora.nl\/it\/problemi-intestinali\/diarrea\/#breadcrumb\",\"itemListElement\":[{\"@type\":\"ListItem\",\"position\":1,\"name\":\"Home\",\"item\":\"https:\/\/gezonde-darmflora.nl\/it\/\"},{\"@type\":\"ListItem\",\"position\":2,\"name\":\"Problemi intestinali\",\"item\":\"https:\/\/gezonde-darmflora.nl\/it\/problemi-intestinali\/\"},{\"@type\":\"ListItem\",\"position\":3,\"name\":\"Diarrea\"}]},{\"@type\":\"WebSite\",\"@id\":\"https:\/\/gezonde-darmflora.nl\/it\/#website\",\"url\":\"https:\/\/gezonde-darmflora.nl\/it\/\",\"name\":\"Gezonde Darmflora\",\"description\":\"Een gezonde &amp; natuurlijke darmflora\",\"potentialAction\":[{\"@type\":\"SearchAction\",\"target\":{\"@type\":\"EntryPoint\",\"urlTemplate\":\"https:\/\/gezonde-darmflora.nl\/it\/?s={search_term_string}\"},\"query-input\":{\"@type\":\"PropertyValueSpecification\",\"valueRequired\":true,\"valueName\":\"search_term_string\"}}],\"inLanguage\":\"it-IT\"}]}<\/script>\n<!-- \/ Yoast SEO plugin. -->","yoast_head_json":{"title":"Diarrea prolungata, frequente o cronica? Cause, consigli e trattamento","description":"Di solito la diarrea passa da sola. Ma se la diarrea \u00e8 frequente o cronica, pu\u00f2 causare tensione e incertezza. Scopri le cause e le soluzioni.","robots":{"index":"index","follow":"follow","max-snippet":"max-snippet:-1","max-image-preview":"max-image-preview:large","max-video-preview":"max-video-preview:-1"},"canonical":"https:\/\/gezonde-darmflora.nl\/it\/problemi-intestinali\/diarrea\/","og_locale":"it_IT","og_type":"article","og_title":"Diarrea prolungata, frequente o cronica? Cause, consigli e trattamento","og_description":"Di solito la diarrea passa da sola. Ma se la diarrea \u00e8 frequente o cronica, pu\u00f2 causare tensione e incertezza. Scopri le cause e le soluzioni.","og_url":"https:\/\/gezonde-darmflora.nl\/it\/problemi-intestinali\/diarrea\/","og_site_name":"Gezonde Darmflora","article_modified_time":"2025-01-27T15:18:35+00:00","og_image":[{"url":"https:\/\/gezonde-darmflora.nl\/wp-content\/uploads\/2020\/08\/wat-doen-tegen-diarree.jpg","type":"","width":"","height":""}],"twitter_card":"summary_large_image","twitter_misc":{"Tempo di lettura stimato":"6 minuti"},"schema":{"@context":"https:\/\/schema.org","@graph":[{"@type":"WebPage","@id":"https:\/\/gezonde-darmflora.nl\/it\/problemi-intestinali\/diarrea\/","url":"https:\/\/gezonde-darmflora.nl\/it\/problemi-intestinali\/diarrea\/","name":"Diarrea prolungata, frequente o cronica? Cause, consigli e trattamento","isPartOf":{"@id":"https:\/\/gezonde-darmflora.nl\/it\/#website"},"primaryImageOfPage":{"@id":"https:\/\/gezonde-darmflora.nl\/it\/problemi-intestinali\/diarrea\/#primaryimage"},"image":{"@id":"https:\/\/gezonde-darmflora.nl\/it\/problemi-intestinali\/diarrea\/#primaryimage"},"thumbnailUrl":"https:\/\/gezonde-darmflora.nl\/wp-content\/uploads\/2020\/08\/wat-doen-tegen-diarree.jpg","datePublished":"2020-07-23T05:54:48+00:00","dateModified":"2025-01-27T15:18:35+00:00","description":"Di solito la diarrea passa da sola. Ma se la diarrea \u00e8 frequente o cronica, pu\u00f2 causare tensione e incertezza. Scopri le cause e le soluzioni.","breadcrumb":{"@id":"https:\/\/gezonde-darmflora.nl\/it\/problemi-intestinali\/diarrea\/#breadcrumb"},"inLanguage":"it-IT","potentialAction":[{"@type":"ReadAction","target":["https:\/\/gezonde-darmflora.nl\/it\/problemi-intestinali\/diarrea\/"]}]},{"@type":"ImageObject","inLanguage":"it-IT","@id":"https:\/\/gezonde-darmflora.nl\/it\/problemi-intestinali\/diarrea\/#primaryimage","url":"https:\/\/gezonde-darmflora.nl\/wp-content\/uploads\/2020\/08\/wat-doen-tegen-diarree.jpg","contentUrl":"https:\/\/gezonde-darmflora.nl\/wp-content\/uploads\/2020\/08\/wat-doen-tegen-diarree.jpg"},{"@type":"BreadcrumbList","@id":"https:\/\/gezonde-darmflora.nl\/it\/problemi-intestinali\/diarrea\/#breadcrumb","itemListElement":[{"@type":"ListItem","position":1,"name":"Home","item":"https:\/\/gezonde-darmflora.nl\/it\/"},{"@type":"ListItem","position":2,"name":"Problemi intestinali","item":"https:\/\/gezonde-darmflora.nl\/it\/problemi-intestinali\/"},{"@type":"ListItem","position":3,"name":"Diarrea"}]},{"@type":"WebSite","@id":"https:\/\/gezonde-darmflora.nl\/it\/#website","url":"https:\/\/gezonde-darmflora.nl\/it\/","name":"Gezonde Darmflora","description":"Een gezonde &amp; natuurlijke darmflora","potentialAction":[{"@type":"SearchAction","target":{"@type":"EntryPoint","urlTemplate":"https:\/\/gezonde-darmflora.nl\/it\/?s={search_term_string}"},"query-input":{"@type":"PropertyValueSpecification","valueRequired":true,"valueName":"search_term_string"}}],"inLanguage":"it-IT"}]}},"_links":{"self":[{"href":"https:\/\/gezonde-darmflora.nl\/it\/wp-json\/wp\/v2\/pages\/15250","targetHints":{"allow":["GET"]}}],"collection":[{"href":"https:\/\/gezonde-darmflora.nl\/it\/wp-json\/wp\/v2\/pages"}],"about":[{"href":"https:\/\/gezonde-darmflora.nl\/it\/wp-json\/wp\/v2\/types\/page"}],"author":[{"embeddable":true,"href":"https:\/\/gezonde-darmflora.nl\/it\/wp-json\/wp\/v2\/users\/4"}],"replies":[{"embeddable":true,"href":"https:\/\/gezonde-darmflora.nl\/it\/wp-json\/wp\/v2\/comments?post=15250"}],"version-history":[{"count":8,"href":"https:\/\/gezonde-darmflora.nl\/it\/wp-json\/wp\/v2\/pages\/15250\/revisions"}],"predecessor-version":[{"id":15295,"href":"https:\/\/gezonde-darmflora.nl\/it\/wp-json\/wp\/v2\/pages\/15250\/revisions\/15295"}],"up":[{"embeddable":true,"href":"https:\/\/gezonde-darmflora.nl\/it\/wp-json\/wp\/v2\/pages\/15243"}],"wp:attachment":[{"href":"https:\/\/gezonde-darmflora.nl\/it\/wp-json\/wp\/v2\/media?parent=15250"}],"curies":[{"name":"wp","href":"https:\/\/api.w.org\/{rel}","templated":true}]}}