{"id":15243,"date":"2020-07-17T09:16:46","date_gmt":"2020-07-17T07:16:46","guid":{"rendered":"https:\/\/gezonde-darmflora.nl\/problemi-intestinali\/"},"modified":"2025-01-27T16:18:35","modified_gmt":"2025-01-27T15:18:35","slug":"problemi-intestinali","status":"publish","type":"page","link":"https:\/\/gezonde-darmflora.nl\/it\/problemi-intestinali\/","title":{"rendered":"Problemi intestinali"},"content":{"rendered":"<div class=\"wpb-content-wrapper\"><p>[vc_row full_width=&#8221;stretch_row_content_no_spaces&#8221;][vc_column]\r\n    <div class=\"page-title\">\r\n        <div class=\"container\">\r\n            <div class=\"row\">\r\n                <div class=\"col\">\r\n                    <h1>Problemi intestinali: Dai disturbi lievi alle malattie intestinali<\/h1>\r\n                <\/div>\r\n            <\/div>\r\n        <\/div>\r\n    <\/div>\r\n\r\n    [\/vc_column][\/vc_row][vc_row][vc_column offset=&#8221;vc_col-md-8&#8243;][vc_column_text]I problemi intestinali, un problema comune ma poco discusso. E chi, e a che ora, ha intenzione di farne una bella chiacchierata? Non \u00e8 affatto un male se ogni tanto hai mal di pancia dopo un pasto sbagliato, durante un&#8217;influenza o durante un viaggio avventuroso in una terra lontana. Il tuo corpo lo risolver\u00e0. Ma se i dolori persistono per molto tempo, diventano frequenti, influenzano la tua vita, dominano&#8230; Allora \u00e8 meglio che la ricerca di una soluzione sia breve.[\/vc_column_text]<div class=\"eye_empty_space pt-md-5 pb-md-5   pt-4 pb-4\"><\/div>[\/vc_column][vc_column offset=&#8221;vc_col-md-4&#8243; el_class=&#8221;mb-5 mb-lg-0&#8243;]\r\n    <div class=\"blob-image-wrap\">\r\n        <img decoding=\"async\" src=\"https:\/\/gezonde-darmflora.nl\/wp-content\/uploads\/2020\/08\/darmproblemen-buikpijn.jpg\">\r\n    <\/div>\r\n    <p class=\"blob-image__caption\"><\/p>\r\n\r\n    [\/vc_column][\/vc_row][vc_section full_width=&#8221;stretch_row&#8221; el_class=&#8221;bg-green&#8221;][vc_row][vc_column offset=&#8221;vc_col-lg-offset-2 vc_col-lg-8&#8243;][vc_column_text]<\/p>\n<h2>Informazioni sull&#8217;intestino<\/h2>\n<p>  L&#8217;intestino tenue \u00e8 lungo in media sei metri ed \u00e8 composto dal duodeno, dall&#8217;intestino digiuno e dall&#8217;ileo. La funzione dell&#8217;intestino tenue \u00e8 quella di digerire gli alimenti e di assorbirne i nutrienti. Lo fa aggiungendo succhi digestivi al cibo. Grazie a un doppio strato di muscoli, l&#8217;intestino tenue impasta il cibo in modo che si mescoli bene con i succhi digestivi. L&#8217;intestino tenue inoltra il pur\u00e8 di cibo verso l&#8217;intestino crasso. L&#8217;enorme superficie dell&#8217;intestino tenue consente una grande capacit\u00e0 di assorbimento dei nutrienti. Il cibo rimane nell&#8217;intestino tenue per un periodo che va dalle quattro alle otto ore. Il cibo indigeribile che rimane finisce nell&#8217;intestino crasso. L&#8217;intestino tenue \u00e8 seguito dal &#8220;colon&#8221;, l&#8217;intestino crasso lungo circa due metri. Con un&#8217;appendice chiamata intestino cieco, il colon termina con il retto. Quando i resti di cibo indigesto arrivano nel colon, c&#8217;\u00e8 ancora molto liquido con i resti. La funzione del colon \u00e8 quella di estrarre l&#8217;umidit\u00e0 da quelle che oggi possiamo chiamare feci. L&#8217;intestino crasso spinge le feci attraverso movimenti peristaltici. Le feci vengono immagazzinate nel serbatoio fino a quando non \u00e8 pieno: il retto.[\/vc_column_text][\/vc_column][\/vc_row][\/vc_section][vc_row][vc_column]<div class=\"eye_empty_space pt-md-5 pb-md-5   pt-4 pb-4\"><\/div>[\/vc_column][\/vc_row][vc_row equal_height=&#8221;yes&#8221;][vc_column offset=&#8221;vc_col-md-8&#8243;][vc_column_text]<\/p>\n<h3>Lo sapevi che&#8230;<\/h3>\n<p>  \u00c8 stato scoperto che l&#8217;intestino dell&#8217;uomo primitivo era molto pi\u00f9 lungo! Grazie a cibi diversi e a una migliore preparazione e igiene, gli alimenti sono diventati pi\u00f9 facili da digerire per l&#8217;intestino. Di conseguenza, nel corso dell&#8217;evoluzione, l&#8217;intestino si \u00e8 accorciato. Il <\/p>\n<blockquote><p>25% ha problemi intestinali<\/p><\/blockquote>\n<p> Nei Paesi Bassi, un quarto della popolazione ha problemi intestinali e il 60% di essi sono donne. Finora i medici hanno cercato una soluzione nella distruzione dei batteri cattivi, dando per scontata la perdita dei batteri intestinali sani. In realt\u00e0, \u00e8 strano che la scienza medica si sia concentrata cos\u00ec a lungo sull&#8217;eliminazione dei batteri. Di tutto il materiale genetico che portiamo con noi, solo l&#8217;1% \u00e8 umano. Il resto proviene dai trilioni di batteri presenti nel nostro corpo. Ecco perch\u00e9 alcuni scienziati parlano gi\u00e0 di un cambio di paradigma. Dobbiamo imparare a controllare i batteri, anzich\u00e9 sradicarli.[\/vc_column_text]<div class=\"eye_empty_space pt-md-5 pb-md-5   pt-4 pb-4\"><\/div>[\/vc_column][vc_column offset=&#8221;vc_col-md-4&#8243; el_class=&#8221;d-flex align-items-center mb-5 mb-lg-0&#8243;][vc_single_image image=&#8221;582&#8243; img_size=&#8221;&#8221;][\/vc_column][\/vc_row][vc_row equal_height=&#8221;yes&#8221;][vc_column offset=&#8221;vc_col-md-4&#8243; el_class=&#8221;d-flex align-items-center mb-5 mb-lg-0&#8243;]\r\n    <div class=\"blob-image-wrap\">\r\n        <img decoding=\"async\" src=\"https:\/\/gezonde-darmflora.nl\/wp-content\/uploads\/2020\/08\/darmbacterien-beinvloeden-voeding-1024x455.jpg\">\r\n    <\/div>\r\n    <p class=\"blob-image__caption\"><\/p>\r\n\r\n    [\/vc_column][vc_column offset=&#8221;vc_col-md-8&#8243;][vc_column_text]<\/p>\n<h2>Possibili cause<\/h2>\n<p>  Le possibili cause di problemi all&#8217;intestino tenue possono derivare da un&#8217;allergia, ad esempio a una proteina o al glutine. Queste si trovano in: avena, grano, segale e orzo. La mucosa intestinale perde i suoi villi a causa del contatto con il glutine, con il risultato di un minore assorbimento dei nutrienti e carenze nutrizionali. Si possono verificare intossicazioni alimentari che causano problemi. L&#8217;infiammazione dell&#8217;intestino pu\u00f2 verificarsi anche quando la <a href=\"https:\/\/gezonde-darmflora.nl\/it\/flora-intestinale\/flora-intestinale-alterata\/\">flora intestinale non \u00e8 in equilibrio<\/a>.[\/vc_column_text]<div class=\"eye_empty_space pt-md-5 pb-md-5   pt-4 pb-4\"><\/div>[\/vc_column][\/vc_row][vc_section full_width=&#8221;stretch_row&#8221; el_class=&#8221;bg-green&#8221;][vc_row][vc_column offset=&#8221;vc_col-lg-offset-2 vc_col-lg-8&#8243;][vc_column_text]<\/p>\n<h2>Problemi comuni dell&#8217;intestino tenue e crasso<\/h2>\n<p>  Intestino sensibile o problemi intestinali? Possono avere diverse cause ed essere acuti o cronici. I problemi intestinali pi\u00f9 comuni sono: morbo di Crohn, colite ulcerosa, appendicite, cancro al colon e celiachia.    <\/p>\n<h2>Disturbi intestinali cronici<\/h2>\n<p>  Di solito si manifestano con: diarrea, feci grasse, infiammazione e carenza. Nell&#8217;intestino possono svilupparsi delle ulcere, che a volte si ingrandiscono. I sintomi possono essere piccoli, come flatulenza e dolore addominale, o pi\u00f9 grandi, come diarrea, nausea e affaticamento, fino a febbre e perdita di peso. Possono anche insorgere effetti collaterali spiacevoli come emorroidi e fistole. L&#8217;infiammazione intestinale cronica pu\u00f2 manifestarsi sia nell&#8217;intestino tenue che in quello crasso. Se non la prendi in tempo, ti allontani sempre di pi\u00f9 da casa.[\/vc_column_text][\/vc_column][\/vc_row][\/vc_section][vc_row full_width=&#8221;stretch_row_content_no_spaces&#8221; css=&#8221;.vc_custom_1593680854494{margin-bottom: -10rem !important;}&#8221;][vc_column]\r\n    <a href=\"https:\/\/gezonde-darmflora.nl\/poeppillen-bestellen\/\" target=\"\" class=\"no-underline\">\r\n\r\n        <div class=\"cta\" style=\"background-image: url('https:\/\/gezonde-darmflora.nl\/wp-content\/uploads\/2020\/08\/darmflora-gezondheid.jpg')\">\r\n            <div class=\"container\">\r\n                <div class=\"row\">\r\n                    <div class=\"col-12\">\r\n                        <p>\r\n                            <\/p>\n<h3>Aiutare anche la tua flora intestinale a rimanere in salute?<\/h3>\n<h4>Nel nostro negozio troverai tutto ci\u00f2 di cui hai bisogno.<\/h4>\n<p>                        <\/p>\r\n                        <div class=\"cta__button svg-btn svg-btn-darkgreen\">\r\n                            <svg xmlns=\"http:\/\/www.w3.org\/2000\/svg\" width=\"50\" height=\"50\" viewBox=\"0 0 55 50\"><defs><\/defs><g id=\"Layer_2\" data-name=\"Layer 2\"><g id=\"Layer_1-2\" data-name=\"Layer 1\"><path width=\"100%\" height=\"100%\" class=\"anime\" d=\"M1.16,31.86C5.61,44.26,19.3,52,32.23,49.6C40.23,48.11,48.89,42.33,51.61,34.400000000000006C53.61,28.510000000000005,51.839999999999996,22.550000000000004,49.23,17.210000000000004C46.23,10.990000000000006,43.06999999999999,4.210000000000004,36.29,1.270000000000005C31,-1,24.8,0,19.64,2.49A45,45,0,0,0,10.57,8.66C8.39,10.5,5.430000000000001,12.280000000000001,3.6400000000000006,14.46C-0.3,19.28,-0.9,26.13,1.16,31.86Z\"\/><\/g><\/g><\/svg>\r\n                            <i class=\"far fa-long-arrow-alt-right\"><\/i>\r\n                        <\/div>\r\n                    <\/div>\r\n                <\/div>\r\n            <\/div>\r\n        <\/div>\r\n\r\n    <\/a>\r\n\r\n    [\/vc_column][\/vc_row]<\/p>\n<\/div>","protected":false},"excerpt":{"rendered":"<p>[vc_row full_width=&#8221;stretch_row_content_no_spaces&#8221;][vc_column][\/vc_column][\/vc_row][vc_row][vc_column offset=&#8221;vc_col-md-8&#8243;][vc_column_text]I problemi intestinali, un problema comune ma poco discusso. E chi, e a che ora, ha intenzione di farne una bella chiacchierata? Non \u00e8 affatto un male se ogni tanto hai mal di pancia dopo un pasto sbagliato, durante un&#8217;influenza o durante un viaggio avventuroso in una terra lontana. Il tuo corpo lo\u2026 <a href=\"https:\/\/gezonde-darmflora.nl\/it\/problemi-intestinali\/\">Leggi tutto &raquo;<\/a><\/p>\n","protected":false},"author":4,"featured_media":0,"parent":0,"menu_order":0,"comment_status":"closed","ping_status":"closed","template":"","meta":{"_acf_changed":false,"footnotes":""},"class_list":["post-15243","page","type-page","status-publish","hentry"],"acf":[],"yoast_head":"<!-- This site is optimized with the Yoast SEO plugin v27.1.1 - https:\/\/yoast.com\/product\/yoast-seo-wordpress\/ -->\n<title>Problemi intestinali: dai disturbi dell&#039;intestino crasso e tenue alle malattie intestinali<\/title>\n<meta name=\"description\" content=\"Intestino sensibile, problemi all&#039;intestino? Possono avere diverse cause ed essere problemi intestinali acuti o cronici.\" \/>\n<meta name=\"robots\" content=\"index, follow, max-snippet:-1, max-image-preview:large, max-video-preview:-1\" \/>\n<link rel=\"canonical\" href=\"https:\/\/gezonde-darmflora.nl\/it\/problemi-intestinali\/\" \/>\n<meta property=\"og:locale\" content=\"it_IT\" \/>\n<meta property=\"og:type\" content=\"article\" \/>\n<meta property=\"og:title\" content=\"Problemi intestinali: dai disturbi dell&#039;intestino crasso e tenue alle malattie intestinali\" \/>\n<meta property=\"og:description\" content=\"Intestino sensibile, problemi all&#039;intestino? Possono avere diverse cause ed essere problemi intestinali acuti o cronici.\" \/>\n<meta property=\"og:url\" content=\"https:\/\/gezonde-darmflora.nl\/it\/problemi-intestinali\/\" \/>\n<meta property=\"og:site_name\" content=\"Gezonde Darmflora\" \/>\n<meta property=\"article:modified_time\" content=\"2025-01-27T15:18:35+00:00\" \/>\n<meta name=\"twitter:card\" content=\"summary_large_image\" \/>\n<meta name=\"twitter:label1\" content=\"Tempo di lettura stimato\" \/>\n\t<meta name=\"twitter:data1\" content=\"4 minuti\" \/>\n<script type=\"application\/ld+json\" class=\"yoast-schema-graph\">{\"@context\":\"https:\/\/schema.org\",\"@graph\":[{\"@type\":\"WebPage\",\"@id\":\"https:\/\/gezonde-darmflora.nl\/it\/problemi-intestinali\/\",\"url\":\"https:\/\/gezonde-darmflora.nl\/it\/problemi-intestinali\/\",\"name\":\"Problemi intestinali: dai disturbi dell'intestino crasso e tenue alle malattie intestinali\",\"isPartOf\":{\"@id\":\"https:\/\/gezonde-darmflora.nl\/it\/#website\"},\"datePublished\":\"2020-07-17T07:16:46+00:00\",\"dateModified\":\"2025-01-27T15:18:35+00:00\",\"description\":\"Intestino sensibile, problemi all'intestino? Possono avere diverse cause ed essere problemi intestinali acuti o cronici.\",\"breadcrumb\":{\"@id\":\"https:\/\/gezonde-darmflora.nl\/it\/problemi-intestinali\/#breadcrumb\"},\"inLanguage\":\"it-IT\",\"potentialAction\":[{\"@type\":\"ReadAction\",\"target\":[\"https:\/\/gezonde-darmflora.nl\/it\/problemi-intestinali\/\"]}]},{\"@type\":\"BreadcrumbList\",\"@id\":\"https:\/\/gezonde-darmflora.nl\/it\/problemi-intestinali\/#breadcrumb\",\"itemListElement\":[{\"@type\":\"ListItem\",\"position\":1,\"name\":\"Home\",\"item\":\"https:\/\/gezonde-darmflora.nl\/it\/\"},{\"@type\":\"ListItem\",\"position\":2,\"name\":\"Problemi intestinali\"}]},{\"@type\":\"WebSite\",\"@id\":\"https:\/\/gezonde-darmflora.nl\/it\/#website\",\"url\":\"https:\/\/gezonde-darmflora.nl\/it\/\",\"name\":\"Gezonde Darmflora\",\"description\":\"Een gezonde &amp; natuurlijke darmflora\",\"potentialAction\":[{\"@type\":\"SearchAction\",\"target\":{\"@type\":\"EntryPoint\",\"urlTemplate\":\"https:\/\/gezonde-darmflora.nl\/it\/?s={search_term_string}\"},\"query-input\":{\"@type\":\"PropertyValueSpecification\",\"valueRequired\":true,\"valueName\":\"search_term_string\"}}],\"inLanguage\":\"it-IT\"}]}<\/script>\n<!-- \/ Yoast SEO plugin. -->","yoast_head_json":{"title":"Problemi intestinali: dai disturbi dell'intestino crasso e tenue alle malattie intestinali","description":"Intestino sensibile, problemi all'intestino? Possono avere diverse cause ed essere problemi intestinali acuti o cronici.","robots":{"index":"index","follow":"follow","max-snippet":"max-snippet:-1","max-image-preview":"max-image-preview:large","max-video-preview":"max-video-preview:-1"},"canonical":"https:\/\/gezonde-darmflora.nl\/it\/problemi-intestinali\/","og_locale":"it_IT","og_type":"article","og_title":"Problemi intestinali: dai disturbi dell'intestino crasso e tenue alle malattie intestinali","og_description":"Intestino sensibile, problemi all'intestino? Possono avere diverse cause ed essere problemi intestinali acuti o cronici.","og_url":"https:\/\/gezonde-darmflora.nl\/it\/problemi-intestinali\/","og_site_name":"Gezonde Darmflora","article_modified_time":"2025-01-27T15:18:35+00:00","twitter_card":"summary_large_image","twitter_misc":{"Tempo di lettura stimato":"4 minuti"},"schema":{"@context":"https:\/\/schema.org","@graph":[{"@type":"WebPage","@id":"https:\/\/gezonde-darmflora.nl\/it\/problemi-intestinali\/","url":"https:\/\/gezonde-darmflora.nl\/it\/problemi-intestinali\/","name":"Problemi intestinali: dai disturbi dell'intestino crasso e tenue alle malattie intestinali","isPartOf":{"@id":"https:\/\/gezonde-darmflora.nl\/it\/#website"},"datePublished":"2020-07-17T07:16:46+00:00","dateModified":"2025-01-27T15:18:35+00:00","description":"Intestino sensibile, problemi all'intestino? Possono avere diverse cause ed essere problemi intestinali acuti o cronici.","breadcrumb":{"@id":"https:\/\/gezonde-darmflora.nl\/it\/problemi-intestinali\/#breadcrumb"},"inLanguage":"it-IT","potentialAction":[{"@type":"ReadAction","target":["https:\/\/gezonde-darmflora.nl\/it\/problemi-intestinali\/"]}]},{"@type":"BreadcrumbList","@id":"https:\/\/gezonde-darmflora.nl\/it\/problemi-intestinali\/#breadcrumb","itemListElement":[{"@type":"ListItem","position":1,"name":"Home","item":"https:\/\/gezonde-darmflora.nl\/it\/"},{"@type":"ListItem","position":2,"name":"Problemi intestinali"}]},{"@type":"WebSite","@id":"https:\/\/gezonde-darmflora.nl\/it\/#website","url":"https:\/\/gezonde-darmflora.nl\/it\/","name":"Gezonde Darmflora","description":"Een gezonde &amp; natuurlijke darmflora","potentialAction":[{"@type":"SearchAction","target":{"@type":"EntryPoint","urlTemplate":"https:\/\/gezonde-darmflora.nl\/it\/?s={search_term_string}"},"query-input":{"@type":"PropertyValueSpecification","valueRequired":true,"valueName":"search_term_string"}}],"inLanguage":"it-IT"}]}},"_links":{"self":[{"href":"https:\/\/gezonde-darmflora.nl\/it\/wp-json\/wp\/v2\/pages\/15243","targetHints":{"allow":["GET"]}}],"collection":[{"href":"https:\/\/gezonde-darmflora.nl\/it\/wp-json\/wp\/v2\/pages"}],"about":[{"href":"https:\/\/gezonde-darmflora.nl\/it\/wp-json\/wp\/v2\/types\/page"}],"author":[{"embeddable":true,"href":"https:\/\/gezonde-darmflora.nl\/it\/wp-json\/wp\/v2\/users\/4"}],"replies":[{"embeddable":true,"href":"https:\/\/gezonde-darmflora.nl\/it\/wp-json\/wp\/v2\/comments?post=15243"}],"version-history":[{"count":10,"href":"https:\/\/gezonde-darmflora.nl\/it\/wp-json\/wp\/v2\/pages\/15243\/revisions"}],"predecessor-version":[{"id":15294,"href":"https:\/\/gezonde-darmflora.nl\/it\/wp-json\/wp\/v2\/pages\/15243\/revisions\/15294"}],"wp:attachment":[{"href":"https:\/\/gezonde-darmflora.nl\/it\/wp-json\/wp\/v2\/media?parent=15243"}],"curies":[{"name":"wp","href":"https:\/\/api.w.org\/{rel}","templated":true}]}}