{"id":15235,"date":"2020-07-17T04:19:51","date_gmt":"2020-07-17T02:19:51","guid":{"rendered":"https:\/\/gezonde-darmflora.nl\/sistema-immunitario\/"},"modified":"2025-01-27T16:19:36","modified_gmt":"2025-01-27T15:19:36","slug":"sistema-immunitario","status":"publish","type":"page","link":"https:\/\/gezonde-darmflora.nl\/it\/flora-intestinale\/sistema-immunitario\/","title":{"rendered":"Sistema immunitario"},"content":{"rendered":"<div class=\"wpb-content-wrapper\"><p>[vc_row full_width=&#8221;stretch_row_content_no_spaces&#8221;][vc_column]\r\n    <div class=\"page-title\">\r\n        <div class=\"container\">\r\n            <div class=\"row\">\r\n                <div class=\"col\">\r\n                    <h1>Rafforzare il sistema immunitario<\/h1>\r\n                <\/div>\r\n            <\/div>\r\n        <\/div>\r\n    <\/div>\r\n\r\n    [\/vc_column][\/vc_row][vc_row equal_height=&#8221;yes&#8221;][vc_column offset=&#8221;vc_col-md-8&#8243;][vc_column_text]Dopo la Covid-19, \u00e8 diventato chiaro ancora una volta che un buon sistema immunitario \u00e8 fondamentale. Le persone stanno finalmente iniziando a prestare maggiore attenzione alla propria dieta e a fare pi\u00f9 esercizio fisico. Con il periodo di inattivit\u00e0 forzata, c&#8217;\u00e8 stato improvvisamente spazio per la riflessione. Ho davvero bisogno di fare cos\u00ec tanto e non \u00e8 dannoso per il mio corpo?   <\/p>\n<h2>Qual \u00e8 il tuo sistema immunitario?<\/h2>\n<p>In poche parole, il sistema immunitario \u00e8 il tuo sistema di difesa. Il tuo sistema immunitario \u00e8 in gran parte innato.  Questa \u00e8 chiamata immunit\u00e0 innata. Protegge il tuo corpo da malattie, agenti infettivi e cellule alterate. Combatte batteri, virus, funghi, parassiti e altri microrganismi dannosi per evitare che tu ti ammali. Questo avviene grazie a una complessa rete di cellule e organi. La pelle e le mucose sono le prime linee di difesa per tenere le infezioni fuori dal tuo corpo. Ma se un virus, un parassita o un batterio entrano nel tuo corpo, il tuo sistema immunitario dovr\u00e0 reagire con i globuli bianchi. Per svolgere le sue funzioni protettive e curative, il sistema immunitario deve essere forte. Di conseguenza, le persone con un sistema immunitario indebolito hanno maggiori probabilit\u00e0 di ammalarsi. Inoltre, queste persone hanno generalmente bisogno di pi\u00f9 tempo per riprendersi da una malattia o da un infortunio. Nei pazienti con un sistema immunitario indebolito possono comparire anche altri sintomi. Un sistema immunitario indebolito non \u00e8 pi\u00f9 in grado di combattere in modo adeguato ed efficiente le malattie. Un sistema immunitario indebolito pu\u00f2 iniziare a sbagliare e a rivoltarsi contro il proprio corpo. Questo pu\u00f2 causare una malattia autoimmune.[\/vc_column_text]<div class=\"eye_empty_space pt-md-5 pb-md-5   pt-4 pb-4\"><\/div>[\/vc_column][vc_column offset=&#8221;vc_col-md-4&#8243; el_class=&#8221;d-flex align-items-center mb-5 mb-lg-0&#8243;]\r\n    <div class=\"blob-image-wrap\">\r\n        <img decoding=\"async\" src=\"https:\/\/gezonde-darmflora.nl\/wp-content\/uploads\/2020\/08\/immuunsysteem-verhogen.jpg\">\r\n    <\/div>\r\n    <p class=\"blob-image__caption\">In poche parole, il sistema immunitario \u00e8 il tuo sistema di difesa. Il tuo sistema immunitario \u00e8 in gran parte innato. <\/p>\r\n\r\n    <div class=\"eye_empty_space pt-md-5 pb-md-5   pt-4 pb-4\"><\/div>[\/vc_column][\/vc_row][vc_section full_width=&#8221;stretch_row&#8221; el_class=&#8221;bg-green&#8221;][vc_row][vc_column offset=&#8221;vc_col-lg-offset-2 vc_col-lg-8&#8243;][vc_column_text]<\/p>\n<h2>L&#8217;importante ruolo della flora intestinale per il tuo sistema immunitario<\/h2>\n<p>Per proteggere il tuo corpo, il sistema immunitario conta circa 50 milioni di cellule immunitarie che distruggono virus, funghi e batteri dannosi. La parte pi\u00f9 importante del nostro sistema immunitario si trova nell&#8217;intestino! \u00c8 il luogo in cui i batteri e i virus interagiscono maggiormente e dove vengono prese le decisioni su ci\u00f2 che va bene per il tuo corpo e ci\u00f2 che non va bene. Di solito tutto questo avviene senza problemi, ma a volte non \u00e8 cos\u00ec. Prendiamo ad esempio il morbo di Crohn, in cui il sistema immunitario attacca inutilmente batteri intestinali innocui. Si pu\u00f2 tranquillamente definire la <a href=\"https:\/\/gezonde-darmflora.nl\/it\/flora-intestinale\/\">flora intestinale<\/a> come il motore del sistema immunitario. Oltre a influenzare i movimenti intestinali e la relativa digestione, le cellule immunitarie della flora intestinale combattono costantemente contro batteri e virus. Inoltre: la pelle, i succhi gastrici, gli enzimi, le membrane mucose e anche la tua saliva contribuiscono a questo processo di difesa dagli ospiti indesiderati. Il sistema immunitario \u00e8 molto intelligente, riconosce gli agenti patogeni, si allena ad attaccarli e lavora a stretto contatto con la flora intestinale. La flora intestinale insegna costantemente al sistema immunitario quali <a href=\"https:\/\/gezonde-darmflora.nl\/it\/flora-intestinale\/batteri-buoni-e-cattivi\/\">sono i batteri buoni o meno<\/a> e quando eliminare un virus.[\/vc_column_text][\/vc_column][\/vc_row][\/vc_section][vc_row][vc_column]<div class=\"eye_empty_space pt-md-5 pb-md-5   pt-4 pb-4\"><\/div>[\/vc_column][\/vc_row][vc_row equal_height=&#8221;yes&#8221;][vc_column offset=&#8221;vc_col-md-4&#8243; el_class=&#8221;d-flex align-items-center mb-5 mb-lg-0&#8243;]\r\n    <div class=\"blob-image-wrap\">\r\n        <img decoding=\"async\" src=\"https:\/\/gezonde-darmflora.nl\/wp-content\/uploads\/2020\/08\/cellen-darmen-immuunsysteem-versterken.jpg\">\r\n    <\/div>\r\n    <p class=\"blob-image__caption\"><\/p>\n<p>La cellula dendritica presenta antigeni ai linfociti che attivano una risposta immunitaria.<span style=\"font-size: 0.8rem;\">Ingrandimento = Attivazione della risposta immunitaria.<\/span><\/p>\r\n\r\n    [\/vc_column][vc_column offset=&#8221;vc_col-md-8&#8243;][vc_column_text]<\/p>\n<h2>Chi sono gli attori principali del mio sistema immunitario e cosa fanno?<\/h2>\n<h3>Cellule dendritiche (IgE)<\/h3>\n<p>I globuli bianchi con lunghe antenne sono i ricognitori. Rilevano il materiale estraneo e lo presentano al sistema immunitario. <\/p>\n<h3>Cellule B<\/h3>\n<p>Si tratta di operatori prodotti in diversi tipi dal tuo corpo. Sono programmati per individuare una tossina o una particolare particella di un agente patogeno. Se trovano qualcosa, avviano un processo di produzione di anticorpi che rendono innocuo l&#8217;agente patogeno. Una volta terminato il lavoro, alcuni di questi linfociti B rimangono sempre a pattugliare il tuo corpo in modo che il sistema immunitario rimanga all&#8217;erta e reagisca con estrema rapidit\u00e0 a un nuovo ingresso dello stesso agente patogeno.<\/p>\n<h3>Cellule T<\/h3>\n<p>O linfociti, gli specialisti. Possono rispondere subito agli agenti patogeni in modo mirato. Lo fanno da soli o inviano un segnale che pu\u00f2 attivare parte del sistema immunitario.  <\/p>\n<h3>Macrofagi<\/h3>\n<p>Puoi pensare a queste cellule immunitarie come a dei raccoglitori di rifiuti. Ripuliscono i batteri nocivi, le cellule morte del corpo, i virus e altre impurit\u00e0.[\/vc_column_text]<div class=\"eye_empty_space pt-md-5 pb-md-5   pt-4 pb-4\"><\/div>[\/vc_column][\/vc_row][vc_section full_width=&#8221;stretch_row&#8221; el_class=&#8221;bg-green&#8221;][vc_row][vc_column offset=&#8221;vc_col-lg-offset-2 vc_col-lg-8&#8243;][vc_column_text]<\/p>\n<h2>Sintomi di bassa resistenza<\/h2>\n<p>I seguenti sintomi possono indicare un indebolimento del sistema immunitario: mani fredde, costipazione o diarrea ripetute, stanchezza, febbre lieve, mal di testa, eruzioni cutanee, dolori articolari, perdita di capelli, infezioni ripetute, ipersensibilit\u00e0 al sole, formicolio o intorpidimento di mani e piedi, problemi di deglutizione, fluttuazioni di peso, macchie bianche sulla pelle, pelle gialla, occhi gialli o occhi secchi.[\/vc_column_text][\/vc_column][\/vc_row][\/vc_section][vc_row][vc_column]<div class=\"eye_empty_space pt-md-5 pb-md-5   pt-4 pb-4\"><\/div>[vc_column_text]<\/p>\n<h2>Consigli per rafforzare il tuo sistema immunitario<\/h2>\n<h3>1. Doccia fredda<strong> <\/strong><\/h3>\n<p>La ricerca ha dimostrato che funziona. Un buon esempio \u00e8 il nostro Iceman Wim Hof. Lavorando con la resistenza al freddo e le tecniche di respirazione, \u00e8 riuscito a rafforzare il suo sistema immunitario. Nelle persone affette da malattie autoimmuni, il sistema immunitario \u00e8 iperattivo. I medici cercano di ridurre questa reazione con i farmaci. Wim Hof ha dimostrato che una persona sana pu\u00f2 ridurre la risposta immunitaria anche senza farmaci.[\/vc_column_text]<div class=\"eye_empty_space pt-md-3 pb-md-3   pt-2 pb-2\"><\/div>[\/vc_column][\/vc_row][vc_row][vc_column offset=&#8221;vc_col-md-4&#8243; el_class=&#8221;mb-5 mb-lg-0&#8243;]\r\n    <div class=\"blob-image-wrap\">\r\n        <img decoding=\"async\" src=\"https:\/\/gezonde-darmflora.nl\/wp-content\/uploads\/2020\/08\/tips-immuunsysteem-verhogen.jpg\">\r\n    <\/div>\r\n    <p class=\"blob-image__caption\"><\/p>\r\n\r\n    [\/vc_column][vc_column offset=&#8221;vc_col-md-8&#8243;][vc_column_text]<\/p>\n<h3>2. Muoversi<\/h3>\n<p>Non importa come o cosa, purch\u00e9 sia fisicamente faticoso. Se fai esercizio fisico intenso per almeno 20 minuti almeno tre volte alla settimana, stai gi\u00e0 rafforzando il tuo sistema immunitario. Il corpo affronta i nemici invasori con maggiore fermezza e c&#8217;\u00e8 meno spazio per le infiammazioni croniche. C&#8217;\u00e8 un motivo per cui le persone che fanno molto esercizio fisico si ammalano in media meno giorni all&#8217;anno. Non dimenticare di riposare a sufficienza, perch\u00e9 \u00e8 importante per il tuo corpo tanto quanto l&#8217;esercizio fisico.[\/vc_column_text][\/vc_column][\/vc_row][vc_row][vc_column]<div class=\"eye_empty_space pt-md-3 pb-md-3   pt-2 pb-2\"><\/div>[vc_column_text]<\/p>\n<h3>3. Respirazione<\/h3>\n<p>Rivolgiti a uno <a href=\"https:\/\/gezonde-darmflora.nl\/it\/parlare-con-uno-specialista-dellapparato-respiratorio\/\">specialista della respirazione<\/a> per una spiegazione e un&#8217;analisi. Sembra una cosa cos\u00ec comune &#8220;respirare&#8221; e lo facciamo automaticamente. Ma una respirazione corretta in situazioni come lo sport, il riposo o lo stress pu\u00f2 gi\u00e0 fare molto bene al tuo corpo. Anche lo yoga (in particolare il pranayama) o la meditazione sono buone pratiche per controllare la respirazione. Sapevi che respiri almeno venticinquemila volte al giorno?    <\/p>\n<figure id=\"attachment_670\" aria-describedby=\"caption-attachment-670\" style=\"width: 750px\" class=\"wp-caption aligncenter\"><img decoding=\"async\" class=\"wp-image-670 size-full\" src=\"https:\/\/gezonde-darmflora.nl\/wp-content\/uploads\/2020\/08\/ademhaling-rust.png\" alt=\"respirare lo stress\" width=\"750\" height=\"424\" srcset=\"https:\/\/gezonde-darmflora.nl\/wp-content\/uploads\/2020\/08\/ademhaling-rust.png 750w, https:\/\/gezonde-darmflora.nl\/wp-content\/uploads\/2020\/08\/ademhaling-rust-600x339.png 600w, https:\/\/gezonde-darmflora.nl\/wp-content\/uploads\/2020\/08\/ademhaling-rust-300x170.png 300w\" sizes=\"(max-width: 750px) 100vw, 750px\" \/><figcaption id=\"caption-attachment-670\" class=\"wp-caption-text\">Campione di analisi del respiro in condizioni di stress<\/figcaption><\/figure>\n<p>Rosso = Schema di respirazione. Giallo = Frequenza cardiaca.<\/p>\n<figure id=\"attachment_671\" aria-describedby=\"caption-attachment-671\" style=\"width: 750px\" class=\"wp-caption aligncenter\"><img decoding=\"async\" class=\"wp-image-671 size-full\" src=\"https:\/\/gezonde-darmflora.nl\/wp-content\/uploads\/2020\/08\/ademhaling-stress-analyse.png\" alt=\"riposo respiratorio\" width=\"750\" height=\"426\" srcset=\"https:\/\/gezonde-darmflora.nl\/wp-content\/uploads\/2020\/08\/ademhaling-stress-analyse.png 750w, https:\/\/gezonde-darmflora.nl\/wp-content\/uploads\/2020\/08\/ademhaling-stress-analyse-600x341.png 600w, https:\/\/gezonde-darmflora.nl\/wp-content\/uploads\/2020\/08\/ademhaling-stress-analyse-300x170.png 300w\" sizes=\"(max-width: 750px) 100vw, 750px\" \/><figcaption id=\"caption-attachment-671\" class=\"wp-caption-text\">Esempio di analisi del respiro dopo l&#8217;esercizio fisico<\/figcaption><\/figure>\n<h3>4. Diventare pi\u00f9 positivi<\/h3>\n<p>Guardare le cose da un punto di vista positivo e non sprecare energie negative non solo fa bene al tuo umore e al tuo ambiente, ma anche al tuo sistema immunitario. Suzanne Segerstrom, una psicologa americana, ha gi\u00e0 dimostrato in uno studio che quando le persone guardano al futuro con ottimismo, hanno anche una migliore risposta immunitaria. I pazienti che nutrono aspettative positive nei confronti di un trattamento possono quindi far lavorare attivamente il loro sistema immunitario, afferma Andrea Evers, professore di psicologia della salute a Leiden.[\/vc_column_text]<div class=\"eye_empty_space pt-md-3 pb-md-3   pt-2 pb-2\"><\/div>[\/vc_column][\/vc_row][vc_row][vc_column offset=&#8221;vc_col-md-8&#8243;][vc_column_text]<\/p>\n<h3>5. Lavora sui tuoi contatti sociali<\/h3>\n<p>Crea un ambiente con persone dalla mentalit\u00e0 positiva ed evita la solitudine. Anche i nostri geni si agitano, ha scoperto il biologo Steve Cole. E questo include automaticamente i geni in parte responsabili del funzionamento del sistema immunitario. Dopo tutto, i contatti sociali riducono lo stress e quindi aumentano la resistenza.[\/vc_column_text][\/vc_column][vc_column offset=&#8221;vc_col-md-4&#8243; el_class=&#8221;mb-5 mb-lg-0&#8243;]\r\n    <div class=\"blob-image-wrap\">\r\n        <img decoding=\"async\" src=\"https:\/\/gezonde-darmflora.nl\/wp-content\/uploads\/2020\/08\/immuunsysteem-verbeteren.jpg\">\r\n    <\/div>\r\n    <p class=\"blob-image__caption\"><\/p>\r\n\r\n    [\/vc_column][\/vc_row][vc_row][vc_column]<div class=\"eye_empty_space pt-md-3 pb-md-3   pt-2 pb-2\"><\/div>[vc_column_text]<\/p>\n<h3>6. Fai un bagno di luce solare<\/h3>\n<p>Una ricerca dimostra che quando si prende il sole succede qualcosa di positivo. Il centro medico della Georgetown University in America ha scoperto come. Fa muovere pi\u00f9 velocemente i linfociti T dell&#8217;organismo. I linfociti T, i nostri specialisti, lavorano al meglio quando possono muoversi velocemente. In questo modo raggiungono pi\u00f9 velocemente il luogo dell&#8217;infezione per attaccarlo. Si pensa che la luce blu dei raggi solari sia responsabile di questo fenomeno.[\/vc_column_text]<div class=\"eye_empty_space pt-md-5 pb-md-5   pt-4 pb-4\"><\/div>[\/vc_column][\/vc_row][vc_section full_width=&#8221;stretch_row&#8221; el_class=&#8221;bg-green&#8221;][vc_row][vc_column offset=&#8221;vc_col-lg-offset-2 vc_col-lg-8&#8243;][vc_column_text]<\/p>\n<h2>Aiuta il tuo intestino a rimettersi in carreggiata!<\/h2>\n<p>Se sei paziente e hai il ceppo giusto che pu\u00f2 risolvere i tuoi problemi, allora i probiotici possono rimetterti in carreggiata. Tuttavia, i probiotici sono visti come un viaggiatore in vacanza. Vengono a trovarci per un po&#8217; e poi se ne vanno, mentre un trapianto di cacca \u00e8 tutta un&#8217;altra storia. Si tratta di immigrati che costruiscono una casa con le fondamenta. La cacca contiene moltissimi batteri. In capsule resistenti ai succhi gastrici, passano tranquillamente attraverso l&#8217;acidit\u00e0 dello stomaco e raggiungono indenni la loro destinazione. Si colonizzano e si moltiplicano alla velocit\u00e0 della luce![\/vc_column_text][\/vc_column][\/vc_row][\/vc_section][vc_row full_width=&#8221;stretch_row_content_no_spaces&#8221; css=&#8221;.vc_custom_1593680854494{margin-bottom: -10rem !important;}&#8221;][vc_column]\r\n    <a href=\"https:\/\/gezonde-darmflora.nl\/poeppillen-bestellen\/\" target=\"\" class=\"no-underline\">\r\n\r\n        <div class=\"cta\" style=\"background-image: url('https:\/\/gezonde-darmflora.nl\/wp-content\/uploads\/2020\/08\/darmflora-gezondheid.jpg')\">\r\n            <div class=\"container\">\r\n                <div class=\"row\">\r\n                    <div class=\"col-12\">\r\n                        <p>\r\n                            <\/p>\n<h3>Aiutare anche la tua flora intestinale a rimanere in salute?<\/h3>\n<h4>Nel nostro negozio troverai tutto ci\u00f2 di cui hai bisogno.<\/h4>\n<p>                        <\/p>\r\n                        <div class=\"cta__button svg-btn svg-btn-darkgreen\">\r\n                            <svg xmlns=\"http:\/\/www.w3.org\/2000\/svg\" width=\"50\" height=\"50\" viewBox=\"0 0 55 50\"><defs><\/defs><g id=\"Layer_2\" data-name=\"Layer 2\"><g id=\"Layer_1-2\" data-name=\"Layer 1\"><path width=\"100%\" height=\"100%\" class=\"anime\" d=\"M1.16,31.86C5.61,44.26,19.3,52,32.23,49.6C40.23,48.11,48.89,42.33,51.61,34.400000000000006C53.61,28.510000000000005,51.839999999999996,22.550000000000004,49.23,17.210000000000004C46.23,10.990000000000006,43.06999999999999,4.210000000000004,36.29,1.270000000000005C31,-1,24.8,0,19.64,2.49A45,45,0,0,0,10.57,8.66C8.39,10.5,5.430000000000001,12.280000000000001,3.6400000000000006,14.46C-0.3,19.28,-0.9,26.13,1.16,31.86Z\"\/><\/g><\/g><\/svg>\r\n                            <i class=\"far fa-long-arrow-alt-right\"><\/i>\r\n                        <\/div>\r\n                    <\/div>\r\n                <\/div>\r\n            <\/div>\r\n        <\/div>\r\n\r\n    <\/a>\r\n\r\n    [\/vc_column][\/vc_row]<\/p>\n<\/div>","protected":false},"excerpt":{"rendered":"<p>[vc_row full_width=&#8221;stretch_row_content_no_spaces&#8221;][vc_column][\/vc_column][\/vc_row][vc_row equal_height=&#8221;yes&#8221;][vc_column offset=&#8221;vc_col-md-8&#8243;][vc_column_text]Dopo la Covid-19, \u00e8 diventato chiaro ancora una volta che un buon sistema immunitario \u00e8 fondamentale. Le persone stanno finalmente iniziando a prestare maggiore attenzione alla propria dieta e a fare pi\u00f9 esercizio fisico. Con il periodo di inattivit\u00e0 forzata, c&#8217;\u00e8 stato improvvisamente spazio per la riflessione. Ho davvero bisogno di fare\u2026 <a href=\"https:\/\/gezonde-darmflora.nl\/it\/flora-intestinale\/sistema-immunitario\/\">Leggi tutto &raquo;<\/a><\/p>\n","protected":false},"author":4,"featured_media":0,"parent":15391,"menu_order":0,"comment_status":"closed","ping_status":"closed","template":"","meta":{"_acf_changed":false,"footnotes":""},"class_list":["post-15235","page","type-page","status-publish","hentry"],"acf":[],"yoast_head":"<!-- This site is optimized with the Yoast SEO plugin v27.1.1 - https:\/\/yoast.com\/product\/yoast-seo-wordpress\/ -->\n<title>Rafforzare il sistema immunitario: l&#039;importanza di una flora intestinale sana<\/title>\n<meta name=\"description\" content=\"La flora intestinale pu\u00f2 essere tranquillamente definita il motore del sistema immunitario. Leggi qui i sintomi di una scarsa immunit\u00e0 e come aumentarla.\" \/>\n<meta name=\"robots\" content=\"index, follow, max-snippet:-1, max-image-preview:large, max-video-preview:-1\" \/>\n<link rel=\"canonical\" href=\"https:\/\/gezonde-darmflora.nl\/it\/flora-intestinale\/sistema-immunitario\/\" \/>\n<meta property=\"og:locale\" content=\"it_IT\" \/>\n<meta property=\"og:type\" content=\"article\" \/>\n<meta property=\"og:title\" content=\"Rafforzare il sistema immunitario: l&#039;importanza di una flora intestinale sana\" \/>\n<meta property=\"og:description\" content=\"La flora intestinale pu\u00f2 essere tranquillamente definita il motore del sistema immunitario. Leggi qui i sintomi di una scarsa immunit\u00e0 e come aumentarla.\" \/>\n<meta property=\"og:url\" content=\"https:\/\/gezonde-darmflora.nl\/it\/flora-intestinale\/sistema-immunitario\/\" \/>\n<meta property=\"og:site_name\" content=\"Gezonde Darmflora\" \/>\n<meta property=\"article:modified_time\" content=\"2025-01-27T15:19:36+00:00\" \/>\n<meta property=\"og:image\" content=\"https:\/\/gezonde-darmflora.nl\/wp-content\/uploads\/2020\/08\/ademhaling-rust.png\" \/>\n<meta name=\"twitter:card\" content=\"summary_large_image\" \/>\n<meta name=\"twitter:label1\" content=\"Tempo di lettura stimato\" \/>\n\t<meta name=\"twitter:data1\" content=\"9 minuti\" \/>\n<script type=\"application\/ld+json\" class=\"yoast-schema-graph\">{\"@context\":\"https:\/\/schema.org\",\"@graph\":[{\"@type\":\"WebPage\",\"@id\":\"https:\/\/gezonde-darmflora.nl\/it\/flora-intestinale\/sistema-immunitario\/\",\"url\":\"https:\/\/gezonde-darmflora.nl\/it\/flora-intestinale\/sistema-immunitario\/\",\"name\":\"Rafforzare il sistema immunitario: l'importanza di una flora intestinale sana\",\"isPartOf\":{\"@id\":\"https:\/\/gezonde-darmflora.nl\/it\/#website\"},\"primaryImageOfPage\":{\"@id\":\"https:\/\/gezonde-darmflora.nl\/it\/flora-intestinale\/sistema-immunitario\/#primaryimage\"},\"image\":{\"@id\":\"https:\/\/gezonde-darmflora.nl\/it\/flora-intestinale\/sistema-immunitario\/#primaryimage\"},\"thumbnailUrl\":\"https:\/\/gezonde-darmflora.nl\/wp-content\/uploads\/2020\/08\/ademhaling-rust.png\",\"datePublished\":\"2020-07-17T02:19:51+00:00\",\"dateModified\":\"2025-01-27T15:19:36+00:00\",\"description\":\"La flora intestinale pu\u00f2 essere tranquillamente definita il motore del sistema immunitario. Leggi qui i sintomi di una scarsa immunit\u00e0 e come aumentarla.\",\"breadcrumb\":{\"@id\":\"https:\/\/gezonde-darmflora.nl\/it\/flora-intestinale\/sistema-immunitario\/#breadcrumb\"},\"inLanguage\":\"it-IT\",\"potentialAction\":[{\"@type\":\"ReadAction\",\"target\":[\"https:\/\/gezonde-darmflora.nl\/it\/flora-intestinale\/sistema-immunitario\/\"]}]},{\"@type\":\"ImageObject\",\"inLanguage\":\"it-IT\",\"@id\":\"https:\/\/gezonde-darmflora.nl\/it\/flora-intestinale\/sistema-immunitario\/#primaryimage\",\"url\":\"https:\/\/gezonde-darmflora.nl\/wp-content\/uploads\/2020\/08\/ademhaling-rust.png\",\"contentUrl\":\"https:\/\/gezonde-darmflora.nl\/wp-content\/uploads\/2020\/08\/ademhaling-rust.png\"},{\"@type\":\"BreadcrumbList\",\"@id\":\"https:\/\/gezonde-darmflora.nl\/it\/flora-intestinale\/sistema-immunitario\/#breadcrumb\",\"itemListElement\":[{\"@type\":\"ListItem\",\"position\":1,\"name\":\"Home\",\"item\":\"https:\/\/gezonde-darmflora.nl\/it\/\"},{\"@type\":\"ListItem\",\"position\":2,\"name\":\"Flora intestinale\",\"item\":\"https:\/\/gezonde-darmflora.nl\/it\/flora-intestinale\/\"},{\"@type\":\"ListItem\",\"position\":3,\"name\":\"Sistema immunitario\"}]},{\"@type\":\"WebSite\",\"@id\":\"https:\/\/gezonde-darmflora.nl\/it\/#website\",\"url\":\"https:\/\/gezonde-darmflora.nl\/it\/\",\"name\":\"Gezonde Darmflora\",\"description\":\"Een gezonde &amp; natuurlijke darmflora\",\"potentialAction\":[{\"@type\":\"SearchAction\",\"target\":{\"@type\":\"EntryPoint\",\"urlTemplate\":\"https:\/\/gezonde-darmflora.nl\/it\/?s={search_term_string}\"},\"query-input\":{\"@type\":\"PropertyValueSpecification\",\"valueRequired\":true,\"valueName\":\"search_term_string\"}}],\"inLanguage\":\"it-IT\"}]}<\/script>\n<!-- \/ Yoast SEO plugin. -->","yoast_head_json":{"title":"Rafforzare il sistema immunitario: l'importanza di una flora intestinale sana","description":"La flora intestinale pu\u00f2 essere tranquillamente definita il motore del sistema immunitario. Leggi qui i sintomi di una scarsa immunit\u00e0 e come aumentarla.","robots":{"index":"index","follow":"follow","max-snippet":"max-snippet:-1","max-image-preview":"max-image-preview:large","max-video-preview":"max-video-preview:-1"},"canonical":"https:\/\/gezonde-darmflora.nl\/it\/flora-intestinale\/sistema-immunitario\/","og_locale":"it_IT","og_type":"article","og_title":"Rafforzare il sistema immunitario: l'importanza di una flora intestinale sana","og_description":"La flora intestinale pu\u00f2 essere tranquillamente definita il motore del sistema immunitario. Leggi qui i sintomi di una scarsa immunit\u00e0 e come aumentarla.","og_url":"https:\/\/gezonde-darmflora.nl\/it\/flora-intestinale\/sistema-immunitario\/","og_site_name":"Gezonde Darmflora","article_modified_time":"2025-01-27T15:19:36+00:00","og_image":[{"url":"https:\/\/gezonde-darmflora.nl\/wp-content\/uploads\/2020\/08\/ademhaling-rust.png","type":"","width":"","height":""}],"twitter_card":"summary_large_image","twitter_misc":{"Tempo di lettura stimato":"9 minuti"},"schema":{"@context":"https:\/\/schema.org","@graph":[{"@type":"WebPage","@id":"https:\/\/gezonde-darmflora.nl\/it\/flora-intestinale\/sistema-immunitario\/","url":"https:\/\/gezonde-darmflora.nl\/it\/flora-intestinale\/sistema-immunitario\/","name":"Rafforzare il sistema immunitario: l'importanza di una flora intestinale sana","isPartOf":{"@id":"https:\/\/gezonde-darmflora.nl\/it\/#website"},"primaryImageOfPage":{"@id":"https:\/\/gezonde-darmflora.nl\/it\/flora-intestinale\/sistema-immunitario\/#primaryimage"},"image":{"@id":"https:\/\/gezonde-darmflora.nl\/it\/flora-intestinale\/sistema-immunitario\/#primaryimage"},"thumbnailUrl":"https:\/\/gezonde-darmflora.nl\/wp-content\/uploads\/2020\/08\/ademhaling-rust.png","datePublished":"2020-07-17T02:19:51+00:00","dateModified":"2025-01-27T15:19:36+00:00","description":"La flora intestinale pu\u00f2 essere tranquillamente definita il motore del sistema immunitario. Leggi qui i sintomi di una scarsa immunit\u00e0 e come aumentarla.","breadcrumb":{"@id":"https:\/\/gezonde-darmflora.nl\/it\/flora-intestinale\/sistema-immunitario\/#breadcrumb"},"inLanguage":"it-IT","potentialAction":[{"@type":"ReadAction","target":["https:\/\/gezonde-darmflora.nl\/it\/flora-intestinale\/sistema-immunitario\/"]}]},{"@type":"ImageObject","inLanguage":"it-IT","@id":"https:\/\/gezonde-darmflora.nl\/it\/flora-intestinale\/sistema-immunitario\/#primaryimage","url":"https:\/\/gezonde-darmflora.nl\/wp-content\/uploads\/2020\/08\/ademhaling-rust.png","contentUrl":"https:\/\/gezonde-darmflora.nl\/wp-content\/uploads\/2020\/08\/ademhaling-rust.png"},{"@type":"BreadcrumbList","@id":"https:\/\/gezonde-darmflora.nl\/it\/flora-intestinale\/sistema-immunitario\/#breadcrumb","itemListElement":[{"@type":"ListItem","position":1,"name":"Home","item":"https:\/\/gezonde-darmflora.nl\/it\/"},{"@type":"ListItem","position":2,"name":"Flora intestinale","item":"https:\/\/gezonde-darmflora.nl\/it\/flora-intestinale\/"},{"@type":"ListItem","position":3,"name":"Sistema immunitario"}]},{"@type":"WebSite","@id":"https:\/\/gezonde-darmflora.nl\/it\/#website","url":"https:\/\/gezonde-darmflora.nl\/it\/","name":"Gezonde Darmflora","description":"Een gezonde &amp; natuurlijke darmflora","potentialAction":[{"@type":"SearchAction","target":{"@type":"EntryPoint","urlTemplate":"https:\/\/gezonde-darmflora.nl\/it\/?s={search_term_string}"},"query-input":{"@type":"PropertyValueSpecification","valueRequired":true,"valueName":"search_term_string"}}],"inLanguage":"it-IT"}]}},"_links":{"self":[{"href":"https:\/\/gezonde-darmflora.nl\/it\/wp-json\/wp\/v2\/pages\/15235","targetHints":{"allow":["GET"]}}],"collection":[{"href":"https:\/\/gezonde-darmflora.nl\/it\/wp-json\/wp\/v2\/pages"}],"about":[{"href":"https:\/\/gezonde-darmflora.nl\/it\/wp-json\/wp\/v2\/types\/page"}],"author":[{"embeddable":true,"href":"https:\/\/gezonde-darmflora.nl\/it\/wp-json\/wp\/v2\/users\/4"}],"replies":[{"embeddable":true,"href":"https:\/\/gezonde-darmflora.nl\/it\/wp-json\/wp\/v2\/comments?post=15235"}],"version-history":[{"count":1,"href":"https:\/\/gezonde-darmflora.nl\/it\/wp-json\/wp\/v2\/pages\/15235\/revisions"}],"predecessor-version":[{"id":15242,"href":"https:\/\/gezonde-darmflora.nl\/it\/wp-json\/wp\/v2\/pages\/15235\/revisions\/15242"}],"up":[{"embeddable":true,"href":"https:\/\/gezonde-darmflora.nl\/it\/wp-json\/wp\/v2\/pages\/15391"}],"wp:attachment":[{"href":"https:\/\/gezonde-darmflora.nl\/it\/wp-json\/wp\/v2\/media?parent=15235"}],"curies":[{"name":"wp","href":"https:\/\/api.w.org\/{rel}","templated":true}]}}