{"id":15207,"date":"2020-07-17T08:51:30","date_gmt":"2020-07-17T06:51:30","guid":{"rendered":"https:\/\/gezonde-darmflora.nl\/flora-intestinale-alterata\/"},"modified":"2025-01-27T16:19:36","modified_gmt":"2025-01-27T15:19:36","slug":"flora-intestinale-alterata","status":"publish","type":"page","link":"https:\/\/gezonde-darmflora.nl\/it\/flora-intestinale\/flora-intestinale-alterata\/","title":{"rendered":"Flora intestinale alterata"},"content":{"rendered":"<div class=\"wpb-content-wrapper\"><p>[vc_row full_width=&#8221;stretch_row_content_no_spaces&#8221;][vc_column]\r\n    <div class=\"page-title\">\r\n        <div class=\"container\">\r\n            <div class=\"row\">\r\n                <div class=\"col\">\r\n                    <h1>Migliora la flora intestinale<\/h1>\r\n                <\/div>\r\n            <\/div>\r\n        <\/div>\r\n    <\/div>\r\n\r\n    [\/vc_column][\/vc_row][vc_row][vc_column offset=&#8221;vc_col-md-8&#8243;][vc_column_text]Quando la flora intestinale \u00e8 disturbata, si parla di flora intestinale squilibrata. Le complicazioni della flora intestinale possono interrompere l&#8217;intima relazione tra il corpo e lo sviluppo del sistema immunitario, che a sua volta pu\u00f2 portare a problemi minori e maggiori. Possono esserci dei &#8220;buchi&#8221; nell&#8217;intestino in cui i batteri sfavorevoli hanno improvvisamente spazio per moltiplicarsi. Ed \u00e8 questo che fanno i <a href=\"https:\/\/gezonde-darmflora.nl\/it\/flora-intestinale\/batteri-buoni-e-cattivi\/\">batteri, buoni o cattivi che siano<\/a>. Si moltiplicano ogni 10 minuti, milioni di volte.[\/vc_column_text][\/vc_column][vc_column offset=&#8221;vc_col-md-4&#8243; el_class=&#8221;mb-5 mb-lg-0&#8243;][\/vc_column][\/vc_row][vc_row][vc_column offset=&#8221;vc_col-md-8&#8243;][vc_column_text]<\/p>\n<h2>Disturbi associati ad una flora intestinale disturbata<\/h2>\n<p>  Una flora intestinale squilibrata non garantisce pi\u00f9 un corretto funzionamento dell&#8217;apparato digerente, il che significa che non assorbiamo pi\u00f9 le sostanze nutritive in modo corretto, <a href=\"https:\/\/gezonde-darmflora.nl\/it\/flora-intestinale\/sistema-immunitario\/\">il sistema immunitario<\/a> va in tilt e inizia il malessere. I disturbi pi\u00f9 comuni in cui la flora intestinale gioca un ruolo importante sono:   <\/p>\n<ul>\n<li>cistite<\/li>\n<li>allergie<\/li>\n<li>crampi addominali<\/li>\n<li>infezioni come la candida<\/li>\n<li>bruciore di stomaco<\/li>\n<li>gonfiore<\/li>\n<li>flatulenza<\/li>\n<li>blocco<\/li>\n<li>Mal di testa<\/li>\n<\/ul>\n<p>[\/vc_column_text]<div class=\"eye_empty_space pt-md-4 pb-md-4   pt-3 pb-3\"><\/div>[\/vc_column][vc_column offset=&#8221;vc_col-md-4&#8243; el_class=&#8221;mb-5 mb-lg-0&#8243;]\r\n    <div class=\"blob-image-wrap\">\r\n        <img decoding=\"async\" src=\"https:\/\/gezonde-darmflora.nl\/wp-content\/uploads\/2020\/08\/Verstoorde-darmflora-symptomen.jpg\">\r\n    <\/div>\r\n    <p class=\"blob-image__caption\"><\/p>\r\n\r\n    [\/vc_column][\/vc_row][vc_row][vc_column offset=&#8221;vc_col-md-4&#8243; el_class=&#8221;mb-5 mb-lg-0&#8243;]\r\n    <div class=\"blob-image-wrap\">\r\n        <img decoding=\"async\" src=\"https:\/\/gezonde-darmflora.nl\/wp-content\/uploads\/2020\/08\/verstoorde-darmflora-behandelen.jpg\">\r\n    <\/div>\r\n    <p class=\"blob-image__caption\"><\/p>\r\n\r\n    [\/vc_column][vc_column offset=&#8221;vc_col-md-8&#8243;][vc_column_text]<\/p>\n<h2>Cause di alterazione della flora intestinale<\/h2>\n<p>  Questo inizia con i tuoi genitori. Quanto erano in salute e quanto sono vissuti? Poi c&#8217;\u00e8 la tua nascita: sei venuto al mondo con un parto cesareo? In questo caso ti mancano i batteri essenziali che hai ricevuto da piccolo quando hai attraversato il canale del parto. Ti \u00e8 stato somministrato del cibo artificiale da bambino? Allora ti stai perdendo le propriet\u00e0 essenziali del latte materno, che sono cos\u00ec complesse che mancano ancora le conoscenze per comprendere la portata e il funzionamento di tutti gli elementi protettivi. Nel corso della vita, molte cose possono disturbare la flora intestinale, come ad esempio: lo stress, una dieta sbagliata, i farmaci, la pillola contraccettiva o i pesticidi ingeriti.[\/vc_column_text]<div class=\"eye_empty_space pt-md-5 pb-md-5   pt-4 pb-4\"><\/div>[\/vc_column][\/vc_row][vc_section full_width=&#8221;stretch_row&#8221; el_class=&#8221;bg-green&#8221;][vc_row][vc_column offset=&#8221;vc_col-lg-offset-2 vc_col-lg-8&#8243;][vc_column_text]<\/p>\n<h2>Cosa sappiamo sui probiotici<\/h2>\n<p>  L&#8217;OMS la definisce come segue:  <em>Microrganismi vivi che hanno un effetto positivo sulla salute se consumati in quantit\u00e0 sufficienti. I microrganismi vivi sono principalmente batteri. I probiotici contengono grandi quantit\u00e0 di batteri lattici (benefici). Questi batteri sopravvivono in parte ai succhi gastrici e raggiungono l&#8217;intestino. Sono in corso molte ricerche sugli effetti potenzialmente benefici dei probiotici su vari disturbi e condizioni. Si sta anche cercando di capire se l&#8217;uso di probiotici aumenti l&#8217;immunit\u00e0. Tuttavia, sono necessarie molte altre ricerche scientifiche prima che questo sia chiaro. Secondo la scienza, un batterio dell&#8217;acido lattico pu\u00f2 definirsi un probiotico solo se raggiunge l&#8217;intestino vivo e pu\u00f2 quindi contribuire alla buona salute&#8221;.       <\/em><\/p>\n<h2>Qual \u00e8 la differenza tra probiotici e prebiotici?<\/h2>\n<p>  I probiotici sono batteri buoni che vivono nell&#8217;intestino. A volte vengono aggiunti ai latticini o come integratori per mantenere l&#8217;equilibrio del microbioma intestinale. I prebiotici sono il nutrimento per i batteri buoni dell&#8217;intestino e permettono loro di continuare a svolgere il proprio lavoro. I prebiotici si trovano in alcuni alimenti come cereali, frutta, verdura, legumi e noci. A volte vengono aggiunti agli alimenti.[\/vc_column_text][\/vc_column][\/vc_row][\/vc_section][vc_row][vc_column]<div class=\"eye_empty_space pt-md-5 pb-md-5   pt-4 pb-4\"><\/div>[\/vc_column][\/vc_row][vc_row equal_height=&#8221;yes&#8221;][vc_column offset=&#8221;vc_col-md-8&#8243;][vc_column_text]<\/p>\n<h2>Consigli per migliorare la tua flora intestinale<\/h2>\n<p>  Cosa puoi fare per migliorare e rafforzare una flora intestinale disturbata?  <\/p>\n<ul>\n<li>Cambia il tuo stile di vita e la tua dieta<\/li>\n<li>Fai pi\u00f9 esercizio fisico e pi\u00f9 pace nella tua vita<\/li>\n<li>Cerca di consumare alimenti non elaborati e variegati<\/li>\n<li>Bevi pi\u00f9 acqua<\/li>\n<li>Evita lo stress<\/li>\n<li>Assicurati di respirare correttamente<\/li>\n<\/ul>\n<p>  Ma se hai gi\u00e0 applicato tutto questo e i farmaci non funzionano o non funzionano abbastanza. \u00c8 ancora possibile risolvere un problema di flora intestinale? \u00c8 possibile con <a href=\"https:\/\/gezonde-darmflora.nl\/it\/la-teoria-fmt\/\">un trapianto di cacca<\/a>. Si tratta di sostituire, clonare, la flora intestinale sana di qualcun altro![\/vc_column_text]<div class=\"eye_empty_space pt-md-5 pb-md-5   pt-4 pb-4\"><\/div>[\/vc_column][vc_column offset=&#8221;vc_col-md-4&#8243; el_class=&#8221;d-flex align-items-center mb-5 mb-lg-0&#8243;]\r\n    <div class=\"blob-image-wrap\">\r\n        <img decoding=\"async\" src=\"https:\/\/gezonde-darmflora.nl\/wp-content\/uploads\/2020\/08\/darmflora-verbeteren-tips.jpg\">\r\n    <\/div>\r\n    <p class=\"blob-image__caption\"><\/p>\r\n\r\n    <div class=\"eye_empty_space pt-md-5 pb-md-5   pt-4 pb-4\"><\/div>[\/vc_column][\/vc_row][vc_section full_width=&#8221;stretch_row&#8221; el_class=&#8221;bg-green&#8221;][vc_row][vc_column offset=&#8221;vc_col-lg-offset-2 vc_col-lg-8&#8243;][vc_column_text]<\/p>\n<h2>Tutte le malattie hanno inizio nell&#8217;intestino<\/h2>\n<p>  Tutte le malattie iniziano dall&#8217;intestino&#8221;, disse Ippocrate pi\u00f9 di 2.000 anni fa. Non molto pi\u00f9 tardi, nel IV secolo, ci fu la prima documentazione da parte del dottor Ge Hong dalla Cina. Egli inizi\u00f2 a somministrare la &#8220;Zuppa Gialla&#8221; alle persone che soffrivano di diarrea o intossicazione alimentare. La Zuppa Gialla &#8230; una miscela di feci essiccate e fermentate di una persona sana con acqua. Il dottor Ge Hong \u00e8 considerato il fondatore del <a href=\"https:\/\/gezonde-darmflora.nl\/it\/la-teoria-fmt\/\">trapianto di cacca<\/a>, noto anche come FMT (Fecal Microbiota Transplantation), grazie a questa documentazione. A questa documentazione ha fatto seguito quella dei medici dell&#8217;epoca rinascimentale. Si sospetta addirittura che le persone lo facessero gi\u00e0 tremila anni fa, in India.        <\/p>\n<h2>Cosa sappiamo dei trapianti di cacca<\/h2>\n<p>  Il primo utilizzo della <a href=\"https:\/\/gezonde-darmflora.nl\/it\/la-teoria-fmt\/\">FMT<\/a> nella medicina occidentale \u00e8 stato pubblicato nel 1958 da Ben Eiseman e da un team di chirurghi del Colorado, che hanno trattato quattro persone gravemente malate di colite pseudomembranosa fulminante (prima che il Clostridium Difficile ne fosse la causa nota) con clisteri fecali, che hanno portato a un rapido ritorno alla salute. Per oltre due decenni, i trapianti fecali sono stati offerti come opzione di trattamento presso il Center for Digestive Diseases da Thomas Borody, il moderno sostenitore della FMT. Nel maggio 1988, il suo gruppo ha trattato il primo paziente affetto da colite ulcerosa, ottenendo la completa scomparsa a lungo termine di tutti i segni e i sintomi. Nel 1989, hanno trattato con la FMT un totale di 55 pazienti affetti da stitichezza, diarrea, dolori addominali, colite ulcerosa e morbo di Crohn. Dopo la FMT, 20 pazienti sono stati considerati &#8220;guariti&#8221; e altri nove hanno avuto una riduzione dei sintomi. Da allora, diverse istituzioni hanno offerto il trapianto di cacca come opzione terapeutica per diverse patologie.       <em>Il primo studio randomizzato e controllato nei Paesi Bassi sull&#8217;infezione da Clostridium Difficile in ospedale \u00e8 stato pubblicato nel gennaio 2013. Lo studio presso l&#8217;AMC \u00e8 stato interrotto prematuramente a causa dell&#8217;efficacia della FMT, con l&#8217;80% dei pazienti che ha raggiunto la guarigione dopo un giorno dopo un singolo trapianto e oltre il 90% che ha raggiunto la guarigione dopo una seconda infusione. Un comitato etico ha deciso di interrompere lo studio. Si \u00e8 ritenuto che non fosse pi\u00f9 moralmente giustificato continuare e negare il trattamento a tutti i partecipanti del gruppo di controllo, il gruppo placebo. Avete letto bene, non hanno aiutato il gruppo placebo con un trapianto di cacca, ma hanno interrotto lo studio perch\u00e9 funzionava troppo bene. Ci lasciano con l&#8217;affermazione che non \u00e8 ancora stato dimostrato clinicamente.     <\/em>[\/vc_column_text][\/vc_column][\/vc_row][\/vc_section][vc_row full_width=&#8221;stretch_row_content_no_spaces&#8221; css=&#8221;.vc_custom_1593680854494{margin-bottom: -10rem !important;}&#8221;][vc_column]\r\n    <a href=\"https:\/\/gezonde-darmflora.nl\/poeppillen-bestellen\/\" target=\"\" class=\"no-underline\">\r\n\r\n        <div class=\"cta\" style=\"background-image: url('https:\/\/gezonde-darmflora.nl\/wp-content\/uploads\/2020\/08\/darmflora-gezondheid.jpg')\">\r\n            <div class=\"container\">\r\n                <div class=\"row\">\r\n                    <div class=\"col-12\">\r\n                        <p>\r\n                            <\/p>\n<h3>Aiutare anche la tua flora intestinale a rimanere in salute?<\/h3>\n<h4>Nel nostro negozio troverai tutto ci\u00f2 di cui hai bisogno.<\/h4>\n<p>                        <\/p>\r\n                        <div class=\"cta__button svg-btn svg-btn-darkgreen\">\r\n                            <svg xmlns=\"http:\/\/www.w3.org\/2000\/svg\" width=\"50\" height=\"50\" viewBox=\"0 0 55 50\"><defs><\/defs><g id=\"Layer_2\" data-name=\"Layer 2\"><g id=\"Layer_1-2\" data-name=\"Layer 1\"><path width=\"100%\" height=\"100%\" class=\"anime\" d=\"M1.16,31.86C5.61,44.26,19.3,52,32.23,49.6C40.23,48.11,48.89,42.33,51.61,34.400000000000006C53.61,28.510000000000005,51.839999999999996,22.550000000000004,49.23,17.210000000000004C46.23,10.990000000000006,43.06999999999999,4.210000000000004,36.29,1.270000000000005C31,-1,24.8,0,19.64,2.49A45,45,0,0,0,10.57,8.66C8.39,10.5,5.430000000000001,12.280000000000001,3.6400000000000006,14.46C-0.3,19.28,-0.9,26.13,1.16,31.86Z\"\/><\/g><\/g><\/svg>\r\n                            <i class=\"far fa-long-arrow-alt-right\"><\/i>\r\n                        <\/div>\r\n                    <\/div>\r\n                <\/div>\r\n            <\/div>\r\n        <\/div>\r\n\r\n    <\/a>\r\n\r\n    [\/vc_column][\/vc_row]<\/p>\n<\/div>","protected":false},"excerpt":{"rendered":"<p>[vc_row full_width=&#8221;stretch_row_content_no_spaces&#8221;][vc_column][\/vc_column][\/vc_row][vc_row][vc_column offset=&#8221;vc_col-md-8&#8243;][vc_column_text]Quando la flora intestinale \u00e8 disturbata, si parla di flora intestinale squilibrata. Le complicazioni della flora intestinale possono interrompere l&#8217;intima relazione tra il corpo e lo sviluppo del sistema immunitario, che a sua volta pu\u00f2 portare a problemi minori e maggiori. Possono esserci dei &#8220;buchi&#8221; nell&#8217;intestino in cui i batteri sfavorevoli hanno improvvisamente\u2026 <a href=\"https:\/\/gezonde-darmflora.nl\/it\/flora-intestinale\/flora-intestinale-alterata\/\">Leggi tutto &raquo;<\/a><\/p>\n","protected":false},"author":4,"featured_media":0,"parent":15391,"menu_order":0,"comment_status":"closed","ping_status":"closed","template":"","meta":{"_acf_changed":false,"footnotes":""},"class_list":["post-15207","page","type-page","status-publish","hentry"],"acf":[],"yoast_head":"<!-- This site is optimized with the Yoast SEO plugin v27.1.1 - https:\/\/yoast.com\/product\/yoast-seo-wordpress\/ -->\n<title>Migliorare la flora intestinale disturbata: Suggerimenti per rafforzare<\/title>\n<meta name=\"description\" content=\"La tua flora intestinale non \u00e8 in equilibrio? Questo pu\u00f2 portare a diversi sintomi. Scopri le cause di un&#039;alterazione della flora intestinale e i consigli per migliorarla.\" \/>\n<meta name=\"robots\" content=\"index, follow, max-snippet:-1, max-image-preview:large, max-video-preview:-1\" \/>\n<link rel=\"canonical\" href=\"https:\/\/gezonde-darmflora.nl\/it\/flora-intestinale\/flora-intestinale-alterata\/\" \/>\n<meta property=\"og:locale\" content=\"it_IT\" \/>\n<meta property=\"og:type\" content=\"article\" \/>\n<meta property=\"og:title\" content=\"Migliorare la flora intestinale disturbata: Suggerimenti per rafforzare\" \/>\n<meta property=\"og:description\" content=\"La tua flora intestinale non \u00e8 in equilibrio? Questo pu\u00f2 portare a diversi sintomi. Scopri le cause di un&#039;alterazione della flora intestinale e i consigli per migliorarla.\" \/>\n<meta property=\"og:url\" content=\"https:\/\/gezonde-darmflora.nl\/it\/flora-intestinale\/flora-intestinale-alterata\/\" \/>\n<meta property=\"og:site_name\" content=\"Gezonde Darmflora\" \/>\n<meta property=\"article:modified_time\" content=\"2025-01-27T15:19:36+00:00\" \/>\n<meta name=\"twitter:card\" content=\"summary_large_image\" \/>\n<meta name=\"twitter:label1\" content=\"Tempo di lettura stimato\" \/>\n\t<meta name=\"twitter:data1\" content=\"6 minuti\" \/>\n<script type=\"application\/ld+json\" class=\"yoast-schema-graph\">{\"@context\":\"https:\/\/schema.org\",\"@graph\":[{\"@type\":\"WebPage\",\"@id\":\"https:\/\/gezonde-darmflora.nl\/it\/flora-intestinale\/flora-intestinale-alterata\/\",\"url\":\"https:\/\/gezonde-darmflora.nl\/it\/flora-intestinale\/flora-intestinale-alterata\/\",\"name\":\"Migliorare la flora intestinale disturbata: Suggerimenti per rafforzare\",\"isPartOf\":{\"@id\":\"https:\/\/gezonde-darmflora.nl\/it\/#website\"},\"datePublished\":\"2020-07-17T06:51:30+00:00\",\"dateModified\":\"2025-01-27T15:19:36+00:00\",\"description\":\"La tua flora intestinale non \u00e8 in equilibrio? Questo pu\u00f2 portare a diversi sintomi. Scopri le cause di un'alterazione della flora intestinale e i consigli per migliorarla.\",\"breadcrumb\":{\"@id\":\"https:\/\/gezonde-darmflora.nl\/it\/flora-intestinale\/flora-intestinale-alterata\/#breadcrumb\"},\"inLanguage\":\"it-IT\",\"potentialAction\":[{\"@type\":\"ReadAction\",\"target\":[\"https:\/\/gezonde-darmflora.nl\/it\/flora-intestinale\/flora-intestinale-alterata\/\"]}]},{\"@type\":\"BreadcrumbList\",\"@id\":\"https:\/\/gezonde-darmflora.nl\/it\/flora-intestinale\/flora-intestinale-alterata\/#breadcrumb\",\"itemListElement\":[{\"@type\":\"ListItem\",\"position\":1,\"name\":\"Home\",\"item\":\"https:\/\/gezonde-darmflora.nl\/it\/\"},{\"@type\":\"ListItem\",\"position\":2,\"name\":\"Flora intestinale\",\"item\":\"https:\/\/gezonde-darmflora.nl\/it\/flora-intestinale\/\"},{\"@type\":\"ListItem\",\"position\":3,\"name\":\"Flora intestinale alterata\"}]},{\"@type\":\"WebSite\",\"@id\":\"https:\/\/gezonde-darmflora.nl\/it\/#website\",\"url\":\"https:\/\/gezonde-darmflora.nl\/it\/\",\"name\":\"Gezonde Darmflora\",\"description\":\"Een gezonde &amp; natuurlijke darmflora\",\"potentialAction\":[{\"@type\":\"SearchAction\",\"target\":{\"@type\":\"EntryPoint\",\"urlTemplate\":\"https:\/\/gezonde-darmflora.nl\/it\/?s={search_term_string}\"},\"query-input\":{\"@type\":\"PropertyValueSpecification\",\"valueRequired\":true,\"valueName\":\"search_term_string\"}}],\"inLanguage\":\"it-IT\"}]}<\/script>\n<!-- \/ Yoast SEO plugin. -->","yoast_head_json":{"title":"Migliorare la flora intestinale disturbata: Suggerimenti per rafforzare","description":"La tua flora intestinale non \u00e8 in equilibrio? Questo pu\u00f2 portare a diversi sintomi. Scopri le cause di un'alterazione della flora intestinale e i consigli per migliorarla.","robots":{"index":"index","follow":"follow","max-snippet":"max-snippet:-1","max-image-preview":"max-image-preview:large","max-video-preview":"max-video-preview:-1"},"canonical":"https:\/\/gezonde-darmflora.nl\/it\/flora-intestinale\/flora-intestinale-alterata\/","og_locale":"it_IT","og_type":"article","og_title":"Migliorare la flora intestinale disturbata: Suggerimenti per rafforzare","og_description":"La tua flora intestinale non \u00e8 in equilibrio? Questo pu\u00f2 portare a diversi sintomi. Scopri le cause di un'alterazione della flora intestinale e i consigli per migliorarla.","og_url":"https:\/\/gezonde-darmflora.nl\/it\/flora-intestinale\/flora-intestinale-alterata\/","og_site_name":"Gezonde Darmflora","article_modified_time":"2025-01-27T15:19:36+00:00","twitter_card":"summary_large_image","twitter_misc":{"Tempo di lettura stimato":"6 minuti"},"schema":{"@context":"https:\/\/schema.org","@graph":[{"@type":"WebPage","@id":"https:\/\/gezonde-darmflora.nl\/it\/flora-intestinale\/flora-intestinale-alterata\/","url":"https:\/\/gezonde-darmflora.nl\/it\/flora-intestinale\/flora-intestinale-alterata\/","name":"Migliorare la flora intestinale disturbata: Suggerimenti per rafforzare","isPartOf":{"@id":"https:\/\/gezonde-darmflora.nl\/it\/#website"},"datePublished":"2020-07-17T06:51:30+00:00","dateModified":"2025-01-27T15:19:36+00:00","description":"La tua flora intestinale non \u00e8 in equilibrio? Questo pu\u00f2 portare a diversi sintomi. Scopri le cause di un'alterazione della flora intestinale e i consigli per migliorarla.","breadcrumb":{"@id":"https:\/\/gezonde-darmflora.nl\/it\/flora-intestinale\/flora-intestinale-alterata\/#breadcrumb"},"inLanguage":"it-IT","potentialAction":[{"@type":"ReadAction","target":["https:\/\/gezonde-darmflora.nl\/it\/flora-intestinale\/flora-intestinale-alterata\/"]}]},{"@type":"BreadcrumbList","@id":"https:\/\/gezonde-darmflora.nl\/it\/flora-intestinale\/flora-intestinale-alterata\/#breadcrumb","itemListElement":[{"@type":"ListItem","position":1,"name":"Home","item":"https:\/\/gezonde-darmflora.nl\/it\/"},{"@type":"ListItem","position":2,"name":"Flora intestinale","item":"https:\/\/gezonde-darmflora.nl\/it\/flora-intestinale\/"},{"@type":"ListItem","position":3,"name":"Flora intestinale alterata"}]},{"@type":"WebSite","@id":"https:\/\/gezonde-darmflora.nl\/it\/#website","url":"https:\/\/gezonde-darmflora.nl\/it\/","name":"Gezonde Darmflora","description":"Een gezonde &amp; natuurlijke darmflora","potentialAction":[{"@type":"SearchAction","target":{"@type":"EntryPoint","urlTemplate":"https:\/\/gezonde-darmflora.nl\/it\/?s={search_term_string}"},"query-input":{"@type":"PropertyValueSpecification","valueRequired":true,"valueName":"search_term_string"}}],"inLanguage":"it-IT"}]}},"_links":{"self":[{"href":"https:\/\/gezonde-darmflora.nl\/it\/wp-json\/wp\/v2\/pages\/15207","targetHints":{"allow":["GET"]}}],"collection":[{"href":"https:\/\/gezonde-darmflora.nl\/it\/wp-json\/wp\/v2\/pages"}],"about":[{"href":"https:\/\/gezonde-darmflora.nl\/it\/wp-json\/wp\/v2\/types\/page"}],"author":[{"embeddable":true,"href":"https:\/\/gezonde-darmflora.nl\/it\/wp-json\/wp\/v2\/users\/4"}],"replies":[{"embeddable":true,"href":"https:\/\/gezonde-darmflora.nl\/it\/wp-json\/wp\/v2\/comments?post=15207"}],"version-history":[{"count":1,"href":"https:\/\/gezonde-darmflora.nl\/it\/wp-json\/wp\/v2\/pages\/15207\/revisions"}],"predecessor-version":[{"id":15212,"href":"https:\/\/gezonde-darmflora.nl\/it\/wp-json\/wp\/v2\/pages\/15207\/revisions\/15212"}],"up":[{"embeddable":true,"href":"https:\/\/gezonde-darmflora.nl\/it\/wp-json\/wp\/v2\/pages\/15391"}],"wp:attachment":[{"href":"https:\/\/gezonde-darmflora.nl\/it\/wp-json\/wp\/v2\/media?parent=15207"}],"curies":[{"name":"wp","href":"https:\/\/api.w.org\/{rel}","templated":true}]}}