{"id":15112,"date":"2020-06-18T15:19:11","date_gmt":"2020-06-18T13:19:11","guid":{"rendered":"https:\/\/gezonde-darmflora.nl\/domande-frequenti\/"},"modified":"2025-01-27T16:18:06","modified_gmt":"2025-01-27T15:18:06","slug":"domande-frequenti","status":"publish","type":"page","link":"https:\/\/gezonde-darmflora.nl\/it\/domande-frequenti\/","title":{"rendered":"Domande frequenti"},"content":{"rendered":"<div class=\"wpb-content-wrapper\"><p>[vc_row full_width=&#8221;stretch_row_content_no_spaces&#8221;][vc_column]\r\n    <div class=\"page-title\">\r\n        <div class=\"container\">\r\n            <div class=\"row\">\r\n                <div class=\"col\">\r\n                    <h1>Domande e risposte<\/h1>\r\n                <\/div>\r\n            <\/div>\r\n        <\/div>\r\n    <\/div>\r\n\r\n    [\/vc_column][\/vc_row][vc_row][vc_column][vc_column_text]La tua domanda non \u00e8 presente nell&#8217;elenco? Allora chiedila tramite <a href=\"https:\/\/gezonde-darmflora.nl\/it\/contatto\/\">il modulo di contatto<\/a> e aggiungeremo la domanda e la risposta oppure riceverai una risposta personale.[\/vc_column_text][\/vc_column][\/vc_row][vc_section][vc_row][vc_column][vc_column_text]<\/p>\n<h3 style=\"text-align: center;\">Prodotto<\/h3>\n<p>[\/vc_column_text][vc_tta_accordion][vc_tta_section title=&#8221;Le mie feci devono essere analizzate per verificare la presenza di batteri prima del trapianto?&#8221; tab_id=&#8221;1595921155635-e38b0080-8721&#8243;][vc_column_text]No, non \u00e8 necessario. Vuoi capire cosa ti ha fatto il trapianto? Allora puoi scegliere di acquistare un <a href=\"https:\/\/gezonde-darmflora.nl\/product\/df-testpakket-a\/\">kit per il test della flora intestinale<\/a>.[\/vc_column_text][\/vc_tta_section][vc_tta_section title=&#8221;Un trapianto pu\u00f2 aiutare a risolvere i miei problemi?&#8221; tab_id=&#8221;1629115657893-21c4dedb-b452&#8243;][vc_column_text]Scopri se i tuoi problemi possono essere causati da un&#8217;alterazione della flora intestinale. Se c&#8217;\u00e8 un legame tra le due cose, un trapianto pu\u00f2 essere d&#8217;aiuto.[\/vc_column_text][\/vc_tta_section][vc_tta_section title=&#8221;Sei ancora alleggerito dal Crohn e devi continuare a prendere quelle capsule?&#8221; tab_id=&#8221;1595921260885-1e0cb556-6724&#8243;][vc_column_text]Sono libero da farmaci dalla fine del 2014. Non ho mai visto un medico o un dottore della MDL in questi anni e sono anche contento di non dover pagare un ticket per l&#8217;assicurazione sanitaria. Ho preso un&#8217;altra dose di capsule di cacca dal mio primo donatore dopo un anno insieme al mio primo gruppo di prova. Se dovessi notare che mi sento di nuovo meno in forma o che ho di nuovo problemi con lo stomaco e i movimenti intestinali, prender\u00f2 un&#8217;altra dose da un nuovo donatore (diverso).[\/vc_column_text][\/vc_tta_section][vc_tta_section title=&#8221;Si pu\u00f2 mangiare di nuovo qualcosa dopo un trapianto di cacca?&#8221; tab_id=&#8221;1595921323627-0745fdb9-446d&#8221;][vc_column_text]Mio cugino, affetto da diabete 2, ha aspettato con ansia il Big Mac che avrebbe preso dopo tutta la mattina&#8230;. Ad esempio, se hai intenzione di fare esercizio fisico in modo fanatico, devi anche riposare bene, mangiare bene e bere acqua a sufficienza, altrimenti gran parte del lavoro svolto non sar\u00e0 servito a nulla. Lo stesso vale per i batteri intestinali. Devi continuare a nutrirli bene. Se mangi in modo sano, puoi mangiare qualsiasi cosa. Se mangi in modo poco sano, prendi appuntamento con un nutrizionista. Se hai un&#8217;allergia alimentare, fai molta attenzione ai cibi che mangi! Fai prima un test di intolleranza alimentare per precauzione.[\/vc_column_text][\/vc_tta_section][vc_tta_section title=&#8221;Posso sospendere subito altri farmaci?&#8221; tab_id=&#8221;1595921571530-ad663b16-0066&#8243;][vc_column_text]Non sono un medico e non posso dare consigli. Il mio pensiero quando l&#8217;ho fatto \u00e8 stato il seguente: il mio corpo viene ora curato per una cattiva flora intestinale. Ora sto assumendo una flora intestinale sana. Devo lasciare che combatta contro la mia flora intestinale cattiva o combattere contro la mia flora intestinale cattiva e i farmaci?[\/vc_column_text][\/vc_tta_section][vc_tta_section title=&#8221;Perch\u00e9 non riesco a ottenere un consulto?&#8221; tab_id=&#8221;1596458140402-84014fa1-3b70&#8243;][vc_column_text]Non siamo autorizzati a dare consigli. Poich\u00e9 il trapianto di cacca \u00e8 ancora un argomento delicato per la comunit\u00e0 medica, la responsabilit\u00e0 ricade interamente su di te e sei tenuto a fare le tue ricerche.[\/vc_column_text][\/vc_tta_section][vc_tta_section title=&#8221;Posso presentare le spese alla mia cassa malattia?&#8221; tab_id=&#8221;1596458225344-f2f410dc-db28&#8243;][vc_column_text]No, non puoi. La cacca non \u00e8 una medicina.[\/vc_column_text][\/vc_tta_section][\/vc_tta_accordion][\/vc_column][\/vc_row][\/vc_section][vc_section full_width=&#8221;stretch_row&#8221; el_class=&#8221;bg-green&#8221;][vc_row][vc_column][vc_column_text]<\/p>\n<h3 style=\"text-align: center;\">Donatore<\/h3>\n<p>[\/vc_column_text][vc_tta_accordion][vc_tta_section title=&#8221;Come faccio a sapere che il processo (cio\u00e8 la ricerca sul donatore) \u00e8 stato sicuro e controllato per i batteri giusti? Cos\u00ec affidabile. &#8221; tab_id=&#8221;1595921802135-d6c57383-981d&#8221;][vc_column_text]Eseguiamo i test in base ai requisiti della banca NDFB. Ma un po&#8217; pi\u00f9 frequentemente, in modo esteso e rigoroso. I risultati vengono discussi con il nostro medico. Se c&#8217;\u00e8 qualcosa che non va nel test (o nel questionario precedente), un donatore NON viene utilizzato. I donatori che utilizziamo hanno superato il test e vengono sottoposti a un nuovo esame delle feci ogni mese, o prima in caso di dubbio. Il sangue viene analizzato ogni 2 mesi, o prima in caso di dubbio. Le informazioni sui test sono disponibili alla voce &#8220;donatore per il test della flora intestinale&#8221; nella pagina dedicata al <a href=\"https:\/\/gezonde-darmflora.nl\/darmflora-testen\/\">test della flora intestinale<\/a>.[\/vc_column_text][\/vc_tta_section][vc_tta_section title=&#8221;Come fai a sapere che tipo di flora intestinale hanno i tuoi donatori?&#8221; tab_id=&#8221;1595921802315-aa1a452e-115d&#8221;][vc_column_text css=&#8221;&#8221;]\u00c8 facile verificarlo con un rapporto sul microbioma. Puoi richiederlo online e il test costa circa 185 euro.[\/vc_column_text][\/vc_tta_section][vc_tta_section title=&#8221;Mio figlio o mia figlia non possono diventare donatori?&#8221; tab_id=&#8221;1595921802367-c1a9d294-5897&#8243;][vc_column_text]Se all&#8217;interno della famiglia del donatore ci sono malattie legate all&#8217;intestino, un donatore si ritira gi\u00e0. Siamo sempre alla ricerca di donatori. Leggi il blog <a href=\"https:\/\/gezonde-darmflora.nl\/it\/il-donatore-ideale\/\">&#8220;Il donatore ideale&#8221;<\/a> e la pagina dedicata al <a href=\"https:\/\/gezonde-darmflora.nl\/darmflora-testen\/\">test della flora intestinale<\/a> per maggiori informazioni.[\/vc_column_text][\/vc_tta_section][vc_tta_section title=&#8221;Posso testare io stesso un donatore e farmi fare delle pillole da quella persona?&#8221; tab_id=&#8221;1595921802418-b8eb7207-3c87&#8243;][vc_column_text]Il costo del test per un donatore \u00e8 di circa 1.500 euro. Purtroppo, nella maggior parte dei casi il medico di base rifiuta il test sanitario. Se lo si ottiene, si perde il contributo dell&#8217;assicurazione sanitaria. Se poi si aggiungono i costi aggiuntivi per la produzione e i materiali, si finisce per superare di gran lunga la cifra che chiediamo. D&#8217;altra parte, sappiamo che anche un donatore di fiducia pu\u00f2 essere gradito e forse il tuo donatore (se vive nell&#8217;area del bulbo e ha un&#8217;et\u00e0 compresa tra i 18 e i 30 anni) pu\u00f2 unirsi a noi. <a href=\"https:\/\/gezonde-darmflora.nl\/it\/contatto\/\">Inviaci un&#8217;e-mail<\/a> per conoscere le possibilit\u00e0.[\/vc_column_text][\/vc_tta_section][vc_tta_section title=&#8221;La mia paura pi\u00f9 grande \u00e8 il trasferimento di malattie attraverso il trapianto. Sai se un donatore viene sottoposto anche al test per l&apos;HIV e simili? &#8221; tab_id=&#8221;1595922171069-25ca0aec-0001&#8243;][vc_column_text]Naturalmente! Tutti i test che effettuiamo sui donatori si trovano alla voce &#8220;test intestinale del donatore&#8221;, nella pagina dei <a href=\"https:\/\/gezonde-darmflora.nl\/darmflora-testen\/\">test intestinali<\/a>. Utilizziamo questo questionario e i test corrispondenti. L&#8217;energia di un donatore \u00e8 molto importante per noi, e valutiamo anche la disciplina, la stabilit\u00e0, l&#8217;ambiente e il metabolismo. Non dimenticare che il fondatore stesso ha beneficiato di un trapianto di cacca. E che anche lui ha interesse a trovare un buon donatore, se necessario.[\/vc_column_text][\/vc_tta_section][vc_tta_section title=&#8221;Mio marito non pu\u00f2 diventare un donatore?&#8221; tab_id=&#8221;1596457997121-250563e8-296a&#8221;][vc_column_text]Questo \u00e8 possibile se non ci sono malattie intestinali nella sua famiglia. Se tuo marito ha pi\u00f9 di 30 anni, le possibilit\u00e0 di parassiti e simili aumentano. <a href=\"https:\/\/gezonde-darmflora.nl\/it\/contatto\/\">Inviaci un&#8217;e-mail<\/a> per conoscere le opzioni possibili.[\/vc_column_text][\/vc_tta_section][vc_tta_section title=&#8221;Vorrei ringraziare personalmente il donatore, \u00e8 possibile?&#8221; tab_id=&#8221;1615816756816-fd57e302-81cd&#8221;][vc_column_text]Manteniamo l&#8217;anonimato dei donatori. Naturalmente i donatori sono molto coinvolti e leggono le loro recensioni corrispondenti. <a href=\"https:\/\/gezonde-darmflora.nl\/it\/contatto\/\">Inviaci via e-mail<\/a> il modulo con cui desideri ringraziare il donatore e ci assicureremo che arrivi al donatore giusto.[\/vc_column_text][\/vc_tta_section][\/vc_tta_accordion][\/vc_column][\/vc_row][\/vc_section][vc_section][vc_row][vc_column][vc_column_text]<\/p>\n<h3 style=\"text-align: center;\">Ordini<\/h3>\n<p>[\/vc_column_text][vc_tta_accordion][vc_tta_section title=&#8221;Come posso ordinare?&#8221; tab_id=&#8221;1595921021492-3bff8223-db6f&#8221;][vc_column_text]Puoi ordinare solo online dal nostro <a href=\"https:\/\/gezonde-darmflora.nl\/it\/negozio-2\/\">negozio<\/a>. Alla voce servizio clienti\/ordine<a href=\"https:\/\/gezonde-darmflora.nl\/it\/ordini-e-pagamenti\/\">e pagamento<\/a> troverai la procedura.[\/vc_column_text][\/vc_tta_section][vc_tta_section title=&#8221;Come posso pagare il mio ordine?&#8221; tab_id=&#8221;1595921021531-43c5ac71-caae&#8221;][vc_column_text]Il nostro sistema di pagamento ti permette di pagare attraverso i canali abituali. Alla voce servizio clienti\/ordine<a href=\"https:\/\/gezonde-darmflora.nl\/it\/ordini-e-pagamenti\/\">e pagamento<\/a> troverai la procedura.[\/vc_column_text][\/vc_tta_section][vc_tta_section title=&#8221;Voglio ordinare una scatola extra-large, dove posso specificarlo?&#8221; tab_id=&#8221;1623144409192-dfe7ad53-c7ea&#8221;][vc_column_text]Spediamo in scatole standard il luned\u00ec. Se desideri riceverla in un momento successivo al gioved\u00ec, ordina e aggiungi tu stesso il ghiaccio secco. Se hai una richiesta speciale, inviaci un&#8217;e-mail.[\/vc_column_text][\/vc_tta_section][vc_tta_section title=&#8221;Ho cambiato idea e voglio cancellare l&apos;ordine, posso?&#8221; tab_id=&#8221;1596458301367-a219d866-4e1f&#8221;][vc_column_text]Puoi farlo fino a 24 ore prima. Fino a domenica 16.59, puoi accedere al nostro sistema e cancellare il tuo ordine; l&#8217;importo dell&#8217;ordine sar\u00e0 automaticamente rimborsato.[\/vc_column_text][\/vc_tta_section][\/vc_tta_accordion][\/vc_column][\/vc_row][\/vc_section][vc_section full_width=&#8221;stretch_row&#8221; el_class=&#8221;bg-green&#8221;][vc_row][vc_column][vc_column_text]<\/p>\n<h3 style=\"text-align: center;\">Consegna<\/h3>\n<p>[\/vc_column_text][vc_tta_accordion][vc_tta_section title=&#8221;Perch\u00e9 non posso ricevere la consegna nel fine settimana?&#8221; tab_id=&#8221;1595921940430-615e3c4c-c4eb&#8221;][vc_column_text]Spediamo solo il luned\u00ec con consegna entro mezzogiorno. Purtroppo ci sono sempre dei ritardi. Per i Paesi Bassi abbiamo un contenitore di ghiaccio secco da 8,5 kg. In pratica, si tratta di ghiaccio secco sufficiente a coprire il prodotto fino a gioved\u00ec.<\/p>\n<p>[\/vc_column_text][\/vc_tta_section][vc_tta_section title=&#8221;Per cause di forza maggiore, non sono in casa il giorno della consegna del prodotto. Posso posticipare la data di consegna? &#8221; tab_id=&#8221;1596458259218-0943e7cf-fbe0&#8243;][vc_column_text]Questo pu\u00f2 essere fatto fino a 24 ore prima. Fino a domenica 16.59, puoi accedere al nostro sistema e modificare la data di consegna.[\/vc_column_text][\/vc_tta_section][vc_tta_section title=&#8221;Non vivo nei Paesi Bassi. Posso ricevere la consegna anche all&apos;estero? &#8221; tab_id=&#8221;1615816166769-07b0b0ad-05bf&#8221;][vc_column_text css=&#8221;&#8221;]Consegniamo all&#8217;interno e all&#8217;esterno dell&#8217;UE. Anche in paesi come l&#8217;Inghilterra o l&#8217;America![\/vc_column_text][\/vc_tta_section][\/vc_tta_accordion][\/vc_column][\/vc_row][\/vc_section][vc_section full_width=&#8221;stretch_row&#8221;][vc_row][vc_column][vc_column_text]<\/p>\n<h3 style=\"text-align: center;\">Ritorno<\/h3>\n<p>[\/vc_column_text][vc_tta_accordion][vc_tta_section title=&#8221;Perch\u00e9 non posso restituire un prodotto?&#8221; tab_id=&#8221;1593695258254-fecb5ba2-0d01&#8243;][vc_column_text]Dopo aver scongelato le capsule, non \u00e8 pi\u00f9 possibile congelarle nuovamente. I prodotti per i quali l&#8217;igiene \u00e8 importante non possono essere restituiti per motivi di tutela della salute se il sigillo \u00e8 stato rotto dopo la consegna.[\/vc_column_text][\/vc_tta_section][\/vc_tta_accordion][\/vc_column][\/vc_row][\/vc_section][vc_row][vc_column]<div class=\"eye_empty_space pt-md-5 pb-md-5   pt-4 pb-4\"><\/div>[vc_column_text]<\/p>\n<h3 style=\"text-align: center;\">Non hai trovato quello che cercavi?<\/h3>\n<p style=\"text-align: center;\"><a class=\"btn btn-link\" href=\"https:\/\/gezonde-darmflora.nl\/it\/contatto\/\">Contattaci<\/a><\/p>\n<p>[\/vc_column_text][\/vc_column][\/vc_row]<\/p>\n<\/div>","protected":false},"excerpt":{"rendered":"<p>[vc_row full_width=&#8221;stretch_row_content_no_spaces&#8221;][vc_column][\/vc_column][\/vc_row][vc_row][vc_column][vc_column_text]La tua domanda non \u00e8 presente nell&#8217;elenco? Allora chiedila tramite il modulo di contatto e aggiungeremo la domanda e la risposta oppure riceverai una risposta personale.[\/vc_column_text][\/vc_column][\/vc_row][vc_section][vc_row][vc_column][vc_column_text] Prodotto [\/vc_column_text][vc_tta_accordion][vc_tta_section title=&#8221;Le mie feci devono essere analizzate per verificare la presenza di batteri prima del trapianto?&#8221; tab_id=&#8221;1595921155635-e38b0080-8721&#8243;][vc_column_text]No, non \u00e8 necessario. Vuoi capire cosa ti ha fatto il\u2026 <a href=\"https:\/\/gezonde-darmflora.nl\/it\/domande-frequenti\/\">Leggi tutto &raquo;<\/a><\/p>\n","protected":false},"author":1,"featured_media":0,"parent":0,"menu_order":0,"comment_status":"closed","ping_status":"closed","template":"","meta":{"_acf_changed":false,"footnotes":""},"class_list":["post-15112","page","type-page","status-publish","hentry"],"acf":[],"yoast_head":"<!-- This site is optimized with the Yoast SEO plugin v27.1.1 - https:\/\/yoast.com\/product\/yoast-seo-wordpress\/ -->\n<title>Domande frequenti &#8211; Gezonde Darmflora<\/title>\n<meta name=\"robots\" content=\"index, follow, max-snippet:-1, max-image-preview:large, max-video-preview:-1\" \/>\n<link rel=\"canonical\" href=\"https:\/\/gezonde-darmflora.nl\/it\/domande-frequenti\/\" \/>\n<meta property=\"og:locale\" content=\"it_IT\" \/>\n<meta property=\"og:type\" content=\"article\" \/>\n<meta property=\"og:title\" content=\"Domande frequenti &#8211; Gezonde Darmflora\" \/>\n<meta property=\"og:description\" content=\"[vc_row full_width=&#8221;stretch_row_content_no_spaces&#8221;][vc_column][\/vc_column][\/vc_row][vc_row][vc_column][vc_column_text]La tua domanda non \u00e8 presente nell&#8217;elenco? Allora chiedila tramite il modulo di contatto e aggiungeremo la domanda e la risposta oppure riceverai una risposta personale.[\/vc_column_text][\/vc_column][\/vc_row][vc_section][vc_row][vc_column][vc_column_text] Prodotto [\/vc_column_text][vc_tta_accordion][vc_tta_section title=&#8221;Le mie feci devono essere analizzate per verificare la presenza di batteri prima del trapianto?&#8221; tab_id=&#8221;1595921155635-e38b0080-8721&#8243;][vc_column_text]No, non \u00e8 necessario. Vuoi capire cosa ti ha fatto il\u2026 Leggi tutto &raquo;\" \/>\n<meta property=\"og:url\" content=\"https:\/\/gezonde-darmflora.nl\/it\/domande-frequenti\/\" \/>\n<meta property=\"og:site_name\" content=\"Gezonde Darmflora\" \/>\n<meta property=\"article:modified_time\" content=\"2025-01-27T15:18:06+00:00\" \/>\n<meta name=\"twitter:card\" content=\"summary_large_image\" \/>\n<meta name=\"twitter:label1\" content=\"Tempo di lettura stimato\" \/>\n\t<meta name=\"twitter:data1\" content=\"9 minuti\" \/>\n<script type=\"application\/ld+json\" class=\"yoast-schema-graph\">{\"@context\":\"https:\/\/schema.org\",\"@graph\":[{\"@type\":\"WebPage\",\"@id\":\"https:\/\/gezonde-darmflora.nl\/it\/domande-frequenti\/\",\"url\":\"https:\/\/gezonde-darmflora.nl\/it\/domande-frequenti\/\",\"name\":\"Domande frequenti &#8211; Gezonde Darmflora\",\"isPartOf\":{\"@id\":\"https:\/\/gezonde-darmflora.nl\/it\/#website\"},\"datePublished\":\"2020-06-18T13:19:11+00:00\",\"dateModified\":\"2025-01-27T15:18:06+00:00\",\"breadcrumb\":{\"@id\":\"https:\/\/gezonde-darmflora.nl\/it\/domande-frequenti\/#breadcrumb\"},\"inLanguage\":\"it-IT\",\"potentialAction\":[{\"@type\":\"ReadAction\",\"target\":[\"https:\/\/gezonde-darmflora.nl\/it\/domande-frequenti\/\"]}]},{\"@type\":\"BreadcrumbList\",\"@id\":\"https:\/\/gezonde-darmflora.nl\/it\/domande-frequenti\/#breadcrumb\",\"itemListElement\":[{\"@type\":\"ListItem\",\"position\":1,\"name\":\"Home\",\"item\":\"https:\/\/gezonde-darmflora.nl\/it\/\"},{\"@type\":\"ListItem\",\"position\":2,\"name\":\"Domande frequenti\"}]},{\"@type\":\"WebSite\",\"@id\":\"https:\/\/gezonde-darmflora.nl\/it\/#website\",\"url\":\"https:\/\/gezonde-darmflora.nl\/it\/\",\"name\":\"Gezonde Darmflora\",\"description\":\"Een gezonde &amp; natuurlijke darmflora\",\"potentialAction\":[{\"@type\":\"SearchAction\",\"target\":{\"@type\":\"EntryPoint\",\"urlTemplate\":\"https:\/\/gezonde-darmflora.nl\/it\/?s={search_term_string}\"},\"query-input\":{\"@type\":\"PropertyValueSpecification\",\"valueRequired\":true,\"valueName\":\"search_term_string\"}}],\"inLanguage\":\"it-IT\"}]}<\/script>\n<!-- \/ Yoast SEO plugin. -->","yoast_head_json":{"title":"Domande frequenti &#8211; Gezonde Darmflora","robots":{"index":"index","follow":"follow","max-snippet":"max-snippet:-1","max-image-preview":"max-image-preview:large","max-video-preview":"max-video-preview:-1"},"canonical":"https:\/\/gezonde-darmflora.nl\/it\/domande-frequenti\/","og_locale":"it_IT","og_type":"article","og_title":"Domande frequenti &#8211; Gezonde Darmflora","og_description":"[vc_row full_width=&#8221;stretch_row_content_no_spaces&#8221;][vc_column][\/vc_column][\/vc_row][vc_row][vc_column][vc_column_text]La tua domanda non \u00e8 presente nell&#8217;elenco? Allora chiedila tramite il modulo di contatto e aggiungeremo la domanda e la risposta oppure riceverai una risposta personale.[\/vc_column_text][\/vc_column][\/vc_row][vc_section][vc_row][vc_column][vc_column_text] Prodotto [\/vc_column_text][vc_tta_accordion][vc_tta_section title=&#8221;Le mie feci devono essere analizzate per verificare la presenza di batteri prima del trapianto?&#8221; tab_id=&#8221;1595921155635-e38b0080-8721&#8243;][vc_column_text]No, non \u00e8 necessario. Vuoi capire cosa ti ha fatto il\u2026 Leggi tutto &raquo;","og_url":"https:\/\/gezonde-darmflora.nl\/it\/domande-frequenti\/","og_site_name":"Gezonde Darmflora","article_modified_time":"2025-01-27T15:18:06+00:00","twitter_card":"summary_large_image","twitter_misc":{"Tempo di lettura stimato":"9 minuti"},"schema":{"@context":"https:\/\/schema.org","@graph":[{"@type":"WebPage","@id":"https:\/\/gezonde-darmflora.nl\/it\/domande-frequenti\/","url":"https:\/\/gezonde-darmflora.nl\/it\/domande-frequenti\/","name":"Domande frequenti &#8211; Gezonde Darmflora","isPartOf":{"@id":"https:\/\/gezonde-darmflora.nl\/it\/#website"},"datePublished":"2020-06-18T13:19:11+00:00","dateModified":"2025-01-27T15:18:06+00:00","breadcrumb":{"@id":"https:\/\/gezonde-darmflora.nl\/it\/domande-frequenti\/#breadcrumb"},"inLanguage":"it-IT","potentialAction":[{"@type":"ReadAction","target":["https:\/\/gezonde-darmflora.nl\/it\/domande-frequenti\/"]}]},{"@type":"BreadcrumbList","@id":"https:\/\/gezonde-darmflora.nl\/it\/domande-frequenti\/#breadcrumb","itemListElement":[{"@type":"ListItem","position":1,"name":"Home","item":"https:\/\/gezonde-darmflora.nl\/it\/"},{"@type":"ListItem","position":2,"name":"Domande frequenti"}]},{"@type":"WebSite","@id":"https:\/\/gezonde-darmflora.nl\/it\/#website","url":"https:\/\/gezonde-darmflora.nl\/it\/","name":"Gezonde Darmflora","description":"Een gezonde &amp; natuurlijke darmflora","potentialAction":[{"@type":"SearchAction","target":{"@type":"EntryPoint","urlTemplate":"https:\/\/gezonde-darmflora.nl\/it\/?s={search_term_string}"},"query-input":{"@type":"PropertyValueSpecification","valueRequired":true,"valueName":"search_term_string"}}],"inLanguage":"it-IT"}]}},"_links":{"self":[{"href":"https:\/\/gezonde-darmflora.nl\/it\/wp-json\/wp\/v2\/pages\/15112","targetHints":{"allow":["GET"]}}],"collection":[{"href":"https:\/\/gezonde-darmflora.nl\/it\/wp-json\/wp\/v2\/pages"}],"about":[{"href":"https:\/\/gezonde-darmflora.nl\/it\/wp-json\/wp\/v2\/types\/page"}],"author":[{"embeddable":true,"href":"https:\/\/gezonde-darmflora.nl\/it\/wp-json\/wp\/v2\/users\/1"}],"replies":[{"embeddable":true,"href":"https:\/\/gezonde-darmflora.nl\/it\/wp-json\/wp\/v2\/comments?post=15112"}],"version-history":[{"count":4,"href":"https:\/\/gezonde-darmflora.nl\/it\/wp-json\/wp\/v2\/pages\/15112\/revisions"}],"predecessor-version":[{"id":15139,"href":"https:\/\/gezonde-darmflora.nl\/it\/wp-json\/wp\/v2\/pages\/15112\/revisions\/15139"}],"wp:attachment":[{"href":"https:\/\/gezonde-darmflora.nl\/it\/wp-json\/wp\/v2\/media?parent=15112"}],"curies":[{"name":"wp","href":"https:\/\/api.w.org\/{rel}","templated":true}]}}