{"id":15100,"date":"2020-06-18T15:18:48","date_gmt":"2020-06-18T13:18:48","guid":{"rendered":"https:\/\/gezonde-darmflora.nl\/chi-siamo\/"},"modified":"2025-01-27T16:18:05","modified_gmt":"2025-01-27T15:18:05","slug":"chi-siamo","status":"publish","type":"page","link":"https:\/\/gezonde-darmflora.nl\/it\/chi-siamo\/","title":{"rendered":"Chi siamo"},"content":{"rendered":"<div class=\"wpb-content-wrapper\"><p>[vc_row full_width=&#8221;stretch_row_content_no_spaces&#8221;][vc_column]\r\n    <div class=\"page-title\">\r\n        <div class=\"container\">\r\n            <div class=\"row\">\r\n                <div class=\"col\">\r\n                    <h1>Informazioni su Healthy-gutflora.it<\/h1>\r\n                <\/div>\r\n            <\/div>\r\n        <\/div>\r\n    <\/div>\r\n\r\n    [\/vc_column][\/vc_row][vc_row equal_height=&#8221;yes&#8221;][vc_column width=&#8221;1\/4&#8243; el_class=&#8221;d-flex align-items-center&#8221;]\r\n    <div class=\"blob-image-wrap\">\r\n        <img decoding=\"async\" src=\"https:\/\/gezonde-darmflora.nl\/wp-content\/uploads\/2020\/06\/marco-kleijn-746x1024.jpg\">\r\n    <\/div>\r\n    <p class=\"blob-image__caption\"><\/p>\r\n\r\n    [\/vc_column][vc_column width=&#8221;3\/4&#8243;][vc_column_text]Gezonde-darmflora.nl \u00e8 stato fondato da Marco Kleijn. Un esperto per esperienza nel campo dei trapianti di capsule di cacca. Lui stesso ha contratto il <strong>morbo di Crohn<\/strong> al diciannovesimo anno di et\u00e0, poco prima del suo debutto nel calcio professionistico nel 1993. Ha pregato il suo medico di rimuovere il pezzo di intestino malato (cosa che non \u00e8 avvenuta) ed \u00e8 stato in prima fila per ogni nuovo &#8220;potenziale&#8221; farmaco per la sua malattia (che non \u00e8 servito). Tutto pur di raggiungere il suo obiettivo di diventare un calciatore professionista. Ma il suo sogno alla fine \u00e8 stato sconfitto da questa malattia. Continuando a fare esercizio fisico e modificando la sua dieta, per\u00f2, \u00e8 riuscito a tenere la malattia ragionevolmente sotto controllo. Ma la consapevolezza di dover assumere farmaci per il resto della sua vita non gli andava gi\u00f9. Dopo aver scoperto, ricercato e realizzato in modo indipendente il fenomeno del <a href=\"https:\/\/gezonde-darmflora.nl\/it\/la-teoria-fmt\/\"><strong>trapianto di cacca<\/strong><\/a>ha sentito immediatamente pi\u00f9 energia nel suo corpo il giorno dopo. Il suo medico MDL, che insieme alla sua \u00e9quipe era molto entusiasta di questo trapianto, lo ha eliminato subito dopo un mese (nel 2015). Tutte le infiammazioni erano scomparse dal suo corpo. Ad oggi, non ha pi\u00f9 avuto notizie del suo medico MDL. Marco non \u00e8 stato supportato dalle agenzie ufficiali perch\u00e9 ha agito senza un medico. Sapere che, a distanza di ventotto anni, un nuovo paziente affetto da crohn deve ancora passare attraverso lo stesso percorso medico \u00e8 un calcio nei denti per Marco. Se all&#8217;epoca avesse fatto un trapianto di cacca, avrebbe avuto la possibilit\u00e0 di sviluppare la sua carriera. Con una soluzione naturale cos\u00ec semplice a portata di mano, chiss\u00e0 quante vite sono ora inutilmente sconvolte da questa malattia?[\/vc_column_text][\/vc_column][\/vc_row][vc_row][vc_column]<div class=\"eye_empty_space pt-md-4 pb-md-4   pt-3 pb-3\"><\/div>[vc_column_text]Marco ha ideato da solo il metodo delle capsule nel 2014. Con il vantaggio di potersi rivolgere a un amico farmacista per ottenere materiali, aiuto e consigli. Ha somministrato un trattamento gratuito a un gruppo volontario di prova, il <strong>75%<\/strong> del quale ha ottenuto <strong>un risultato positivo<\/strong>. Dopo aver ottenuto questi risultati anche nel gruppo successivo, Marco ha iniziato a cercare pi\u00f9 donatori. Ritiene che se un tipo di flora intestinale fallisce, c&#8217;\u00e8 ancora una possibilit\u00e0 con un trattamento di un altro tipo di flora intestinale. Anche nella prima persona in cui \u00e8 stata testata questa teoria si \u00e8 rivelata fondata. Ha potuto iniziare a cercare pi\u00f9 donatori grazie al sostegno finanziario di un amico. Nel frattempo, ha alle spalle un team che comprende: un medico generico, un farmacista, un laboratorio ematologico, un laboratorio fecale, un naturopata e giovani donatori sani. Marco non \u00e8 un medico e non sostituir\u00e0 mai i professionisti del settore medico o sanitario. Non dar\u00e0 mai consigli medici n\u00e9 far\u00e0 diagnosi mediche.           <strong>I contatti saranno quindi ridotti al minimo.<\/strong><\/p>\n<blockquote><p>L&#8217;antico fenomeno del &#8220;trapianto di cacca&#8221; non \u00e8 ancora stato provato &#8220;clinicamente&#8221;.<\/p><\/blockquote>\n<p>  Oltre alla propria esperienza positiva, ai risultati di un gruppo di test volontari e al feedback di persone che hanno affrontato lo stesso processo, Marco si \u00e8 confrontato con medici, tecnici di laboratorio, terapisti ortomolecolari, farmacisti e uno specialista della respirazione.[\/vc_column_text][\/vc_column][\/vc_row][vc_row][vc_column]<div class=\"eye_empty_space pt-md-4 pb-md-4   pt-3 pb-3\"><\/div>[vc_column_text]<\/p>\n<h2>Leggi i nostri ultimi articoli<\/h2>\n<p>[\/vc_column_text]\r\n    <div class=\"blog-carousel\">\r\n        \r\n            <div class=\"carousel-cell\">\r\n                <a href=\"https:\/\/gezonde-darmflora.nl\/it\/fare-la-cacca-contro-le-malattie-la-flora-intestinale-influisce-su-tutto-il-corpo\/\">\r\n                    <div class=\"blog-card\" style=\"background-image: url('https:\/\/gezonde-darmflora.nl\/wp-content\/uploads\/2023\/08\/rtlnieuws-1024x604.png')\">\r\n                        <div class=\"blog-card-container\">\r\n                            <span>Blog<\/span>\r\n                            <h3>Fare la cacca contro le malattie: &#8220;La flora intestinale influisce su tutto il corpo&#8221;.<\/h3>\r\n                        <\/div>\r\n                        <div class=\"blog-card__button svg-btn svg-btn-darkgreen\">\r\n                            <svg xmlns=\"http:\/\/www.w3.org\/2000\/svg\" width=\"50\" height=\"50\" viewBox=\"0 0 55 50\"><defs><\/defs><g id=\"Layer_2\" data-name=\"Layer 2\"><g id=\"Layer_1-2\" data-name=\"Layer 1\"><path width=\"100%\" height=\"100%\" class=\"anime\" d=\"M1.16,31.86C5.61,44.26,19.3,52,32.23,49.6C40.23,48.11,48.89,42.33,51.61,34.400000000000006C53.61,28.510000000000005,51.839999999999996,22.550000000000004,49.23,17.210000000000004C46.23,10.990000000000006,43.06999999999999,4.210000000000004,36.29,1.270000000000005C31,-1,24.8,0,19.64,2.49A45,45,0,0,0,10.57,8.66C8.39,10.5,5.430000000000001,12.280000000000001,3.6400000000000006,14.46C-0.3,19.28,-0.9,26.13,1.16,31.86Z\"\/><\/g><\/g><\/svg>\r\n                            <i class=\"far fa-long-arrow-alt-right\"><\/i>\r\n                        <\/div>\r\n                    <\/div>\r\n                <\/a>\r\n            <\/div>\r\n\r\n        \r\n            <div class=\"carousel-cell\">\r\n                <a href=\"https:\/\/gezonde-darmflora.nl\/it\/parlare-con-uno-specialista-dellapparato-respiratorio\/\">\r\n                    <div class=\"blog-card\" style=\"background-image: url('https:\/\/gezonde-darmflora.nl\/wp-content\/uploads\/2020\/06\/ademhaling-1024x622.jpg')\">\r\n                        <div class=\"blog-card-container\">\r\n                            <span>Blog<\/span>\r\n                            <h3>Parlare con uno specialista dell&#8217;apparato respiratorio<\/h3>\r\n                        <\/div>\r\n                        <div class=\"blog-card__button svg-btn svg-btn-darkgreen\">\r\n                            <svg xmlns=\"http:\/\/www.w3.org\/2000\/svg\" width=\"50\" height=\"50\" viewBox=\"0 0 55 50\"><defs><\/defs><g id=\"Layer_2\" data-name=\"Layer 2\"><g id=\"Layer_1-2\" data-name=\"Layer 1\"><path width=\"100%\" height=\"100%\" class=\"anime\" d=\"M1.16,31.86C5.61,44.26,19.3,52,32.23,49.6C40.23,48.11,48.89,42.33,51.61,34.400000000000006C53.61,28.510000000000005,51.839999999999996,22.550000000000004,49.23,17.210000000000004C46.23,10.990000000000006,43.06999999999999,4.210000000000004,36.29,1.270000000000005C31,-1,24.8,0,19.64,2.49A45,45,0,0,0,10.57,8.66C8.39,10.5,5.430000000000001,12.280000000000001,3.6400000000000006,14.46C-0.3,19.28,-0.9,26.13,1.16,31.86Z\"\/><\/g><\/g><\/svg>\r\n                            <i class=\"far fa-long-arrow-alt-right\"><\/i>\r\n                        <\/div>\r\n                    <\/div>\r\n                <\/a>\r\n            <\/div>\r\n\r\n        \r\n            <div class=\"carousel-cell\">\r\n                <a href=\"https:\/\/gezonde-darmflora.nl\/it\/il-donatore-ideale\/\">\r\n                    <div class=\"blog-card\" style=\"background-image: url('https:\/\/gezonde-darmflora.nl\/wp-content\/uploads\/2020\/06\/poepdonor.jpg')\">\r\n                        <div class=\"blog-card-container\">\r\n                            <span>Blog<\/span>\r\n                            <h3>Il donatore ideale<\/h3>\r\n                        <\/div>\r\n                        <div class=\"blog-card__button svg-btn svg-btn-darkgreen\">\r\n                            <svg xmlns=\"http:\/\/www.w3.org\/2000\/svg\" width=\"50\" height=\"50\" viewBox=\"0 0 55 50\"><defs><\/defs><g id=\"Layer_2\" data-name=\"Layer 2\"><g id=\"Layer_1-2\" data-name=\"Layer 1\"><path width=\"100%\" height=\"100%\" class=\"anime\" d=\"M1.16,31.86C5.61,44.26,19.3,52,32.23,49.6C40.23,48.11,48.89,42.33,51.61,34.400000000000006C53.61,28.510000000000005,51.839999999999996,22.550000000000004,49.23,17.210000000000004C46.23,10.990000000000006,43.06999999999999,4.210000000000004,36.29,1.270000000000005C31,-1,24.8,0,19.64,2.49A45,45,0,0,0,10.57,8.66C8.39,10.5,5.430000000000001,12.280000000000001,3.6400000000000006,14.46C-0.3,19.28,-0.9,26.13,1.16,31.86Z\"\/><\/g><\/g><\/svg>\r\n                            <i class=\"far fa-long-arrow-alt-right\"><\/i>\r\n                        <\/div>\r\n                    <\/div>\r\n                <\/a>\r\n            <\/div>\r\n\r\n            <\/div>\r\n\r\n    [\/vc_column][\/vc_row]<\/p>\n<\/div>","protected":false},"excerpt":{"rendered":"<p>[vc_row full_width=&#8221;stretch_row_content_no_spaces&#8221;][vc_column][\/vc_column][\/vc_row][vc_row equal_height=&#8221;yes&#8221;][vc_column width=&#8221;1\/4&#8243; el_class=&#8221;d-flex align-items-center&#8221;][\/vc_column][vc_column width=&#8221;3\/4&#8243;][vc_column_text]Gezonde-darmflora.nl \u00e8 stato fondato da Marco Kleijn. Un esperto per esperienza nel campo dei trapianti di capsule di cacca. Lui stesso ha contratto il morbo di Crohn al diciannovesimo anno di et\u00e0, poco prima del suo debutto nel calcio professionistico nel 1993. Ha pregato il suo medico di rimuovere\u2026 <a href=\"https:\/\/gezonde-darmflora.nl\/it\/il-donatore-ideale\/\">Leggi tutto &raquo;<\/a><\/p>\n","protected":false},"author":1,"featured_media":0,"parent":0,"menu_order":0,"comment_status":"closed","ping_status":"closed","template":"","meta":{"_acf_changed":false,"footnotes":""},"class_list":["post-15100","page","type-page","status-publish","hentry"],"acf":[],"yoast_head":"<!-- This site is optimized with the Yoast SEO plugin v27.1.1 - https:\/\/yoast.com\/product\/yoast-seo-wordpress\/ -->\n<title>Chi siamo &#8211; Gezonde Darmflora<\/title>\n<meta name=\"robots\" content=\"index, follow, max-snippet:-1, max-image-preview:large, max-video-preview:-1\" \/>\n<link rel=\"canonical\" href=\"https:\/\/gezonde-darmflora.nl\/it\/chi-siamo\/\" \/>\n<meta property=\"og:locale\" content=\"it_IT\" \/>\n<meta property=\"og:type\" content=\"article\" \/>\n<meta property=\"og:title\" content=\"Chi siamo &#8211; Gezonde Darmflora\" \/>\n<meta property=\"og:description\" content=\"[vc_row full_width=&#8221;stretch_row_content_no_spaces&#8221;][vc_column][\/vc_column][\/vc_row][vc_row equal_height=&#8221;yes&#8221;][vc_column width=&#8221;1\/4&#8243; el_class=&#8221;d-flex align-items-center&#8221;][\/vc_column][vc_column width=&#8221;3\/4&#8243;][vc_column_text]Gezonde-darmflora.nl \u00e8 stato fondato da Marco Kleijn. Un esperto per esperienza nel campo dei trapianti di capsule di cacca. Lui stesso ha contratto il morbo di Crohn al diciannovesimo anno di et\u00e0, poco prima del suo debutto nel calcio professionistico nel 1993. Ha pregato il suo medico di rimuovere\u2026 Leggi tutto &raquo;\" \/>\n<meta property=\"og:url\" content=\"https:\/\/gezonde-darmflora.nl\/it\/chi-siamo\/\" \/>\n<meta property=\"og:site_name\" content=\"Gezonde Darmflora\" \/>\n<meta property=\"article:modified_time\" content=\"2025-01-27T15:18:05+00:00\" \/>\n<meta name=\"twitter:card\" content=\"summary_large_image\" \/>\n<meta name=\"twitter:label1\" content=\"Tempo di lettura stimato\" \/>\n\t<meta name=\"twitter:data1\" content=\"3 minuti\" \/>\n<script type=\"application\/ld+json\" class=\"yoast-schema-graph\">{\"@context\":\"https:\/\/schema.org\",\"@graph\":[{\"@type\":\"WebPage\",\"@id\":\"https:\/\/gezonde-darmflora.nl\/it\/chi-siamo\/\",\"url\":\"https:\/\/gezonde-darmflora.nl\/it\/chi-siamo\/\",\"name\":\"Chi siamo &#8211; Gezonde Darmflora\",\"isPartOf\":{\"@id\":\"https:\/\/gezonde-darmflora.nl\/it\/#website\"},\"datePublished\":\"2020-06-18T13:18:48+00:00\",\"dateModified\":\"2025-01-27T15:18:05+00:00\",\"breadcrumb\":{\"@id\":\"https:\/\/gezonde-darmflora.nl\/it\/chi-siamo\/#breadcrumb\"},\"inLanguage\":\"it-IT\",\"potentialAction\":[{\"@type\":\"ReadAction\",\"target\":[\"https:\/\/gezonde-darmflora.nl\/it\/chi-siamo\/\"]}]},{\"@type\":\"BreadcrumbList\",\"@id\":\"https:\/\/gezonde-darmflora.nl\/it\/chi-siamo\/#breadcrumb\",\"itemListElement\":[{\"@type\":\"ListItem\",\"position\":1,\"name\":\"Home\",\"item\":\"https:\/\/gezonde-darmflora.nl\/it\/\"},{\"@type\":\"ListItem\",\"position\":2,\"name\":\"Chi siamo\"}]},{\"@type\":\"WebSite\",\"@id\":\"https:\/\/gezonde-darmflora.nl\/it\/#website\",\"url\":\"https:\/\/gezonde-darmflora.nl\/it\/\",\"name\":\"Gezonde Darmflora\",\"description\":\"Een gezonde &amp; natuurlijke darmflora\",\"potentialAction\":[{\"@type\":\"SearchAction\",\"target\":{\"@type\":\"EntryPoint\",\"urlTemplate\":\"https:\/\/gezonde-darmflora.nl\/it\/?s={search_term_string}\"},\"query-input\":{\"@type\":\"PropertyValueSpecification\",\"valueRequired\":true,\"valueName\":\"search_term_string\"}}],\"inLanguage\":\"it-IT\"}]}<\/script>\n<!-- \/ Yoast SEO plugin. -->","yoast_head_json":{"title":"Chi siamo &#8211; Gezonde Darmflora","robots":{"index":"index","follow":"follow","max-snippet":"max-snippet:-1","max-image-preview":"max-image-preview:large","max-video-preview":"max-video-preview:-1"},"canonical":"https:\/\/gezonde-darmflora.nl\/it\/chi-siamo\/","og_locale":"it_IT","og_type":"article","og_title":"Chi siamo &#8211; Gezonde Darmflora","og_description":"[vc_row full_width=&#8221;stretch_row_content_no_spaces&#8221;][vc_column][\/vc_column][\/vc_row][vc_row equal_height=&#8221;yes&#8221;][vc_column width=&#8221;1\/4&#8243; el_class=&#8221;d-flex align-items-center&#8221;][\/vc_column][vc_column width=&#8221;3\/4&#8243;][vc_column_text]Gezonde-darmflora.nl \u00e8 stato fondato da Marco Kleijn. Un esperto per esperienza nel campo dei trapianti di capsule di cacca. Lui stesso ha contratto il morbo di Crohn al diciannovesimo anno di et\u00e0, poco prima del suo debutto nel calcio professionistico nel 1993. Ha pregato il suo medico di rimuovere\u2026 Leggi tutto &raquo;","og_url":"https:\/\/gezonde-darmflora.nl\/it\/chi-siamo\/","og_site_name":"Gezonde Darmflora","article_modified_time":"2025-01-27T15:18:05+00:00","twitter_card":"summary_large_image","twitter_misc":{"Tempo di lettura stimato":"3 minuti"},"schema":{"@context":"https:\/\/schema.org","@graph":[{"@type":"WebPage","@id":"https:\/\/gezonde-darmflora.nl\/it\/chi-siamo\/","url":"https:\/\/gezonde-darmflora.nl\/it\/chi-siamo\/","name":"Chi siamo &#8211; Gezonde Darmflora","isPartOf":{"@id":"https:\/\/gezonde-darmflora.nl\/it\/#website"},"datePublished":"2020-06-18T13:18:48+00:00","dateModified":"2025-01-27T15:18:05+00:00","breadcrumb":{"@id":"https:\/\/gezonde-darmflora.nl\/it\/chi-siamo\/#breadcrumb"},"inLanguage":"it-IT","potentialAction":[{"@type":"ReadAction","target":["https:\/\/gezonde-darmflora.nl\/it\/chi-siamo\/"]}]},{"@type":"BreadcrumbList","@id":"https:\/\/gezonde-darmflora.nl\/it\/chi-siamo\/#breadcrumb","itemListElement":[{"@type":"ListItem","position":1,"name":"Home","item":"https:\/\/gezonde-darmflora.nl\/it\/"},{"@type":"ListItem","position":2,"name":"Chi siamo"}]},{"@type":"WebSite","@id":"https:\/\/gezonde-darmflora.nl\/it\/#website","url":"https:\/\/gezonde-darmflora.nl\/it\/","name":"Gezonde Darmflora","description":"Een gezonde &amp; natuurlijke darmflora","potentialAction":[{"@type":"SearchAction","target":{"@type":"EntryPoint","urlTemplate":"https:\/\/gezonde-darmflora.nl\/it\/?s={search_term_string}"},"query-input":{"@type":"PropertyValueSpecification","valueRequired":true,"valueName":"search_term_string"}}],"inLanguage":"it-IT"}]}},"_links":{"self":[{"href":"https:\/\/gezonde-darmflora.nl\/it\/wp-json\/wp\/v2\/pages\/15100","targetHints":{"allow":["GET"]}}],"collection":[{"href":"https:\/\/gezonde-darmflora.nl\/it\/wp-json\/wp\/v2\/pages"}],"about":[{"href":"https:\/\/gezonde-darmflora.nl\/it\/wp-json\/wp\/v2\/types\/page"}],"author":[{"embeddable":true,"href":"https:\/\/gezonde-darmflora.nl\/it\/wp-json\/wp\/v2\/users\/1"}],"replies":[{"embeddable":true,"href":"https:\/\/gezonde-darmflora.nl\/it\/wp-json\/wp\/v2\/comments?post=15100"}],"version-history":[{"count":10,"href":"https:\/\/gezonde-darmflora.nl\/it\/wp-json\/wp\/v2\/pages\/15100\/revisions"}],"predecessor-version":[{"id":15132,"href":"https:\/\/gezonde-darmflora.nl\/it\/wp-json\/wp\/v2\/pages\/15100\/revisions\/15132"}],"wp:attachment":[{"href":"https:\/\/gezonde-darmflora.nl\/it\/wp-json\/wp\/v2\/media?parent=15100"}],"curies":[{"name":"wp","href":"https:\/\/api.w.org\/{rel}","templated":true}]}}