{"id":15045,"date":"2021-07-08T12:07:28","date_gmt":"2021-07-08T10:07:28","guid":{"rendered":"https:\/\/gezonde-darmflora.nl\/donare\/"},"modified":"2025-07-31T08:56:31","modified_gmt":"2025-07-31T06:56:31","slug":"donare","status":"publish","type":"page","link":"https:\/\/gezonde-darmflora.nl\/it\/donare\/","title":{"rendered":"Donare"},"content":{"rendered":"<div class=\"wpb-content-wrapper\"><p>[vc_row full_width=&#8221;stretch_row_content_no_spaces&#8221;][vc_column]\r\n    <div class=\"page-title\">\r\n        <div class=\"container\">\r\n            <div class=\"row\">\r\n                <div class=\"col\">\r\n                    <h1>Vuoi essere il nostro nuovo donatore?<\/h1>\r\n                <\/div>\r\n            <\/div>\r\n        <\/div>\r\n    <\/div>\r\n\r\n    [\/vc_column][\/vc_row][vc_row][vc_column offset=&#8221;vc_col-md-8&#8243;][vc_column_text css=&#8221;&#8221;]Grazie per aver letto questa pagina. Speriamo che tu sia la persona ideale che stiamo cercando o che tu conosca il donatore ideale! <\/p>\n<p>Con noi non devi donare denaro, reni, cuore o polmoni. Ti chiediamo qualcosa che sciacqui ogni giorno! Ed \u00e8 un peccato se fai parte del 2% dell&#8217;umanit\u00e0 che ha una flora intestinale sana. Dopo tutto, puoi aiutare gran parte del restante 98% delle persone ad avere una flora intestinale sana.   <\/p>\n<p>Non ti chiediamo nemmeno di donarlo, ti diamo un generoso compenso per il tuo tempo, il tuo impegno e per i tuoi movimenti intestinali quotidiani! E per i calcolatori tra noi, una flora intestinale sana significa che devi fare una grande commissione una volta e molto occasionalmente due volte al giorno. <\/p>\n<p>Il donatore ideale \u00e8 una persona che: Si prende cura del proprio corpo e conduce una vita stabile e allegra, \u00e8 raramente malato, non ha mai o raramente usato antibiotici, non ha malattie intestinali in famiglia, mangia e beve in modo sano. Non fuma, non beve alcolici e non fa uso di farmaci o droghe, ha un metabolismo veloce, \u00e8 curato, non \u00e8 stato in zone ad alto rischio negli ultimi sei mesi e non ha fatto tatuaggi in quel periodo, fa sufficiente esercizio fisico e si riposa nei momenti giusti.   <strong>Et\u00e0 10-40 anni<\/strong>[\/vc_column_text]<div class=\"eye_empty_space pt-md-3 pb-md-3   pt-2 pb-2\"><\/div>[vc_column_text css=&#8221;&#8221;]<a class=\"btn btn-link\" href=\"https:\/\/gezonde-darmflora.nl\/it\/diventare-donatore\/\">Compila il questionario<\/a>[\/vc_column_text]<div class=\"eye_empty_space pt-md-5 pb-md-5   pt-4 pb-4\"><\/div>[\/vc_column][vc_column offset=&#8221;vc_col-md-4&#8243; el_class=&#8221;mb-5 mb-lg-0&#8243;]\r\n    <div class=\"blob-image-wrap\">\r\n        <img decoding=\"async\" src=\"\">\r\n    <\/div>\r\n    <p class=\"blob-image__caption\"><img decoding=\"async\" class=\"size-medium wp-image-1173\" src=\"https:\/\/gezonde-darmflora.nl\/wp-content\/uploads\/2020\/06\/foto-M-300x214.jpg\" alt=\"\" width=\"300\" height=\"214\" srcset=\"https:\/\/gezonde-darmflora.nl\/wp-content\/uploads\/2020\/06\/foto-M-300x214.jpg 300w, https:\/\/gezonde-darmflora.nl\/wp-content\/uploads\/2020\/06\/foto-M-1024x731.jpg 1024w, https:\/\/gezonde-darmflora.nl\/wp-content\/uploads\/2020\/06\/foto-M-768x549.jpg 768w, https:\/\/gezonde-darmflora.nl\/wp-content\/uploads\/2020\/06\/foto-M-1536x1097.jpg 1536w, https:\/\/gezonde-darmflora.nl\/wp-content\/uploads\/2020\/06\/foto-M-2048x1463.jpg 2048w, https:\/\/gezonde-darmflora.nl\/wp-content\/uploads\/2020\/06\/foto-M-600x429.jpg 600w\" sizes=\"(max-width: 300px) 100vw, 300px\" \/><\/p>\n<p><\/p>\r\n\r\n    [\/vc_column][\/vc_row][vc_section full_width=&#8221;stretch_row&#8221; el_class=&#8221;bg-green&#8221;][vc_row content_placement=&#8221;bottom&#8221;][vc_column width=&#8221;1\/2&#8243;]<div class=\"eye_empty_space pt-md-5 pb-md-5   pt-4 pb-4\"><\/div>[vc_column_text css=&#8221;&#8221;]<\/p>\n<h2>Come funziona la donazione?<\/h2>\n<p>La nostra sede si trova a Hillegom (regione del bulbo) e ti chiediamo di donare presso la nostra sede. Se abiti nelle vicinanze, puoi anche raccogliere gli escrementi da casa tua se li porti direttamente da noi. Non hai la patente o il tempo di portarla? Allora saremo noi a raccogliere la tua donazione a casa tua. \u00c8 necessario che le feci vengano trasformate in capsule entro 2 ore. I test che hai fatto sono ufficialmente validi per 2 mesi; noi analizziamo le feci dopo un mese e il sangue ogni 2 mesi. Se i risultati della tua flora intestinale sono buoni per i riceventi, puoi continuare a donare con noi fino a quando sarai approvato. \u00c8 importante che tu mantenga uno stile di vita sano anche durante la donazione e che ci tenga informati onestamente sulle tue condizioni fisiche e mentali. La <strong>dose giornaliera<\/strong> dipende dal peso. Tuttavia, quello che scarichi ogni giorno per ora ti frutter\u00e0 in media <strong>50 euro<\/strong>!         <\/p>\n<h1><strong>-NOVIT\u00c0  <\/strong><\/h1>\n<p>Vivi in un luogo pi\u00f9 lontano, o magari in un&#8217;altra parte d&#8217;Europa? Allora riceverai una breve formazione sul processo &#8220;dalle feci alle capsule&#8221;. Verr\u00e0 creata un&#8217;area igienica nel tuo ambiente di vita e ti forniremo l&#8217;attrezzatura necessaria. In pratica, questo significa che ti metterai al lavoro per preparare le capsule subito dopo essere andato in bagno.     <strong>La tua indennit\u00e0 giornaliera sar\u00e0 quindi raddoppiata!  <\/strong>Questo processo quotidiano richiede, per una persona esperta, un&#8217;ora. Questo processo dovrebbe essere completato entro due ore![\/vc_column_text]<div class=\"eye_empty_space pt-md-4 pb-md-4   pt-3 pb-3\"><\/div><div class=\"eye_empty_space pt-md-4 pb-md-4   pt-3 pb-3\"><\/div>[\/vc_column][vc_column width=&#8221;1\/2&#8243;][vc_single_image image=&#8221;1648&#8243; img_size=&#8221;large&#8221; onclick=&#8221;zoom&#8221; css=&#8221;.vc_custom_1625669730511{margin-top: 0px !important;margin-bottom: 0px !important;padding-top: 0px !important;padding-bottom: 0px !important;}&#8221;][\/vc_column][\/vc_row][\/vc_section][vc_row][vc_column offset=&#8221;vc_col-lg-offset-1 vc_col-lg-7&#8243;][vc_column_text]<\/p>\n<h2>A cosa serve?<\/h2>\n<p>Se hai superato la selezione, possiamo utilizzare le tue feci su base giornaliera. Dopo la donazione (preferibilmente in loco), le tue feci vengono immediatamente mescolate, setacciate e trasformate nelle nostre capsule gastroresistenti. Vengono poi messe nel congelatore del nostro laboratorio e conservate a &#8211; 80 gradi. Le persone che hanno problemi dovuti a una flora intestinale non sana\/disturbata possono ripristinare l&#8217;equilibrio della flora intestinale dopo aver assunto le capsule, dopodich\u00e9 il sistema immunitario si riprende lentamente e i problemi possono scomparire. Pu\u00f2 trattarsi di persone con disturbi minori ma anche molto gravi.    <\/p>\n<p>In pratica tutte le lamentele &#8220;legate alla flora intestinale&#8221;. E ce ne sono molti! <\/p>\n<h2><\/h2>\n<p>[\/vc_column_text][\/vc_column][vc_column offset=&#8221;vc_col-lg-3&#8243;]\r\n    <div class=\"blob-image-wrap\">\r\n        <img decoding=\"async\" src=\"\">\r\n    <\/div>\r\n    <p class=\"blob-image__caption\"><img decoding=\"async\" class=\"alignnone size-medium wp-image-608\" src=\"https:\/\/gezonde-darmflora.nl\/wp-content\/uploads\/2020\/08\/poeppillen-291x300.jpg\" alt=\"pillole per la cacca\" width=\"291\" height=\"300\" srcset=\"https:\/\/gezonde-darmflora.nl\/wp-content\/uploads\/2020\/08\/poeppillen-291x300.jpg 291w, https:\/\/gezonde-darmflora.nl\/wp-content\/uploads\/2020\/08\/poeppillen-600x618.jpg 600w, https:\/\/gezonde-darmflora.nl\/wp-content\/uploads\/2020\/08\/poeppillen-768x791.jpg 768w, https:\/\/gezonde-darmflora.nl\/wp-content\/uploads\/2020\/08\/poeppillen.jpg 800w\" sizes=\"(max-width: 291px) 100vw, 291px\" \/><\/p>\n<p><\/p>\r\n\r\n    [\/vc_column][\/vc_row][vc_row][vc_column]<div class=\"eye_empty_space pt-md-5 pb-md-5   pt-4 pb-4\"><\/div>[\/vc_column][\/vc_row][vc_section full_width=&#8221;stretch_row&#8221; el_class=&#8221;bg-green&#8221;][vc_row][vc_column offset=&#8221;vc_col-lg-offset-2 vc_col-lg-8&#8243;][vc_column_text css=&#8221;&#8221;]<\/p>\n<h2>Per che cosa ti verr\u00e0 fatto il test?<\/h2>\n<p>La flora intestinale si pu\u00f2 definire sana solo quando si \u00e8 completato correttamente il seguente processo:<\/p>\n<p><strong>Telefono\/mail:  <\/strong><\/p>\n<p>Per prima cosa riceverai un <a href=\"https:\/\/gezonde-darmflora.nl\/wp-content\/uploads\/2024\/04\/Vragenlijst-GD-word.pdf\">questionario<\/a> da compilare via e-mail. Ti verranno poste alcune domande scomode, ma \u00e8 quello che devi fare. Devono essere esclusi tutti i rischi per i destinatari. Se il tuo questionario \u00e8 valido, seguir\u00e0 un&#8217;intervista personale e confidenziale.   <\/p>\n<p><strong>Dalla pentola al palo:<\/strong><\/p>\n<p>Per prima cosa, verranno analizzate le tue <a href=\"https:\/\/gezonde-darmflora.nl\/wp-content\/uploads\/2020\/06\/Lijst-met-testen-voor-DONOR-monsters.pdf\">feci<\/a>. Ti daremo una busta postale contenente due provette da riempire. Lavora in modo pulito quando riempirai la provetta e imbucala lo stesso giorno (luned\u00ec, marted\u00ec o mercoled\u00ec). Riceverai i risultati entro una settimana. Se viene trovato qualcosa, l&#8217;esame si interrompe immediatamente.    <\/p>\n<p><strong>In bicicletta verso la stazione di prick:<\/strong><\/p>\n<p>Infine, il tuo <a href=\"https:\/\/www.bloedwaardentest.nl\/gezonde-darmflora-controle-test.html\">sangue<\/a> verr\u00e0 analizzato.<\/p>\n<p>Faremo noi la richiesta e ti verr\u00e0 inviato un modulo per posta. Bloodvalues.co.uk ti invier\u00e0 una busta postale medica. Fisserai quindi un appuntamento presso il centro prelievi locale (luned\u00ec, marted\u00ec, mercoled\u00ec o gioved\u00ec). Ti verranno consegnate le provette e le metterai subito nella busta postale, insieme ai moduli.   <\/p>\n<p>Il nostro elenco completo \u00e8 sempre testato qui.<\/p>\n<p>Per entrambi i test abbiamo una collaborazione con due laboratori. Tra l&#8217;altro, non sanno chi stanno testando. Questo perch\u00e9 l&#8217;utente rimane anonimo durante tutto il processo.[\/vc_column_text][\/vc_column][\/vc_row][vc_row][vc_column offset=&#8221;vc_col-lg-offset-2 vc_col-lg-8&#8243;][\/vc_column][\/vc_row][\/vc_section][vc_row equal_height=&#8221;yes&#8221;][vc_column offset=&#8221;vc_col-md-4&#8243; el_class=&#8221;spread-contents-vertical mb-5 mb-lg-0&#8243; css=&#8221;.vc_custom_1616146474943{padding-top: 2rem !important;padding-bottom: 2rem !important;}&#8221;][\/vc_column][vc_column][vc_column_text]<\/p>\n<h2>Ci sono dei vantaggi per te se non superi l&#8217;ispezione?<\/h2>\n<p>Ci sono sicuramente. La nostra preferenza va agli atleti di alto livello come donatori. In questo modo, sappiamo che farai di tutto per essere in forma per quella prestazione di alto livello. Se durante i test si scopre che hai un parassita, per esempio, puoi fare qualcosa. In questo modo otterrai un&#8217;altra percentuale di guadagno. Un esempio molto noto \u00e8 quello di Tom Dumoulin. I suoi problemi durante le corse si sono risolti affrontando i suoi parassiti.      <\/p>\n<h2><strong>Ci sono dei vantaggi se si ottiene l&#8217;approvazione?<\/strong><\/h2>\n<p>Ci sono anche quelli. Se sarai approvato, una scorta delle tue donazioni sar\u00e0 conservata nel congelatore del nostro laboratorio. Devi giocare una partita all&#8217;estero e torni con problemi di stomaco? Oppure hai problemi di stomaco nella settimana che precede una partita importante? Allora la tua flora intestinale sana ti aspetta nel nostro congelatore! Proprio come i destinatari, resterai sobrio fino a mezzogiorno. Prendi le tue capsule di feci e rimani sobrio per altre due ore. La tua flora intestinale inizier\u00e0 immediatamente a riprendersi.       <\/p>\n<p>&nbsp;<\/p>\n<p>&nbsp;<\/p>\n<p>[\/vc_column_text][\/vc_column][\/vc_row][vc_section full_width=&#8221;stretch_row&#8221; el_class=&#8221;bg-green&#8221;][vc_row][vc_column offset=&#8221;vc_col-lg-offset-2 vc_col-lg-8&#8243;][vc_column_text]<\/p>\n<h2>Leggi qui le esperienze di alcuni beneficiari. Sarebbe fantastico se questo fosse merito tuo! <\/h2>\n<h2><\/h2>\n<p>[\/vc_column_text][\/vc_column][\/vc_row][vc_row][vc_column]<div class=\"eye_empty_space pt-md-4 pb-md-4   pt-3 pb-3\"><\/div>\r\n    <div class=\"home-reviews\">\r\n        <div class=\"row d-flex\">\r\n                                                <div class=\"col-lg-4 d-flex\">\r\n                        <div class=\"review-card\">\r\n                            <h6>N<\/h6>\r\n                            <span style=\"font-size: 1rem\">DF7\" \"DF6<\/span>\r\n                            <div class=\"review-card__stars\">\r\n                                <i class=\"fas fa-star\"><\/i>\r\n                                <i class=\"fas fa-star\"><\/i>\r\n                                <i class=\"fas fa-star\"><\/i>\r\n                                <i class=\"fas fa-star\"><\/i>\r\n                                <i class=\"fas fa-star\"><\/i>\r\n                            <\/div>\r\n\r\n                            <p>Avevo molta paura di sottopormi a questa procedura, ma sono davvero felice di averlo fatto. Avevo distrutto la mia flora intestinale con gli antibiotici nel tentativo di risolvere la mia intolleranza all&#8217;istamina. Ero praticamente costretto sul divano e soffrivo costantemente a causa dei problemi intestinali. Avevo anche dei problemi mentali molto gravi dopo aver assunto\u2026 <a href=\"https:\/\/gezonde-darmflora.nl\/it\/review\/n\/\">Leggi tutto &raquo;<\/a><\/p>\r\n                        <\/div>\r\n                    <\/div>\r\n                                    <div class=\"col-lg-4 d-flex\">\r\n                        <div class=\"review-card\">\r\n                            <h6>Anonimo (USA)<\/h6>\r\n                            <span style=\"font-size: 1rem\">DF7 DF6<\/span>\r\n                            <div class=\"review-card__stars\">\r\n                                <i class=\"fas fa-star\"><\/i>\r\n                                <i class=\"fas fa-star\"><\/i>\r\n                                <i class=\"fas fa-star\"><\/i>\r\n                                <i class=\"fas fa-star\"><\/i>\r\n                                <i class=\"fas fa-star\"><\/i>\r\n                            <\/div>\r\n\r\n                            <p>Questo prodotto ha letteralmente cambiato la mia vita. Oltre a problemi di stomaco e intestinali, ho sofferto per anni di stanchezza debilitante, dolore cronico, nebbia cerebrale e gravi allergie. Mi sentivo costantemente male, riuscivo a malapena a funzionare e potevo fare solo il minimo indispensabile per sopravvivere, e a volte nemmeno quello. Sono stati anni\u2026 <a href=\"https:\/\/gezonde-darmflora.nl\/it\/review\/anonimo-usa\/\">Leggi tutto &raquo;<\/a><\/p>\r\n                        <\/div>\r\n                    <\/div>\r\n                                    <div class=\"col-lg-4 d-flex\">\r\n                        <div class=\"review-card\">\r\n                            <h6>Javier (Spagna)<\/h6>\r\n                            <span style=\"font-size: 1rem\">DF6<\/span>\r\n                            <div class=\"review-card__stars\">\r\n                                <i class=\"fas fa-star\"><\/i>\r\n                                <i class=\"fas fa-star\"><\/i>\r\n                                <i class=\"fas fa-star\"><\/i>\r\n                                <i class=\"fas fa-star\"><\/i>\r\n                                <i class=\"fas fa-star\"><\/i>\r\n                            <\/div>\r\n\r\n                            <p>A distanza di circa un anno dal primo FMT (DF6) posso affermare che \u00e8 stato uno strumento molto utile. Avevo una disbiosi dominata da P. Copri, ma con l&#8217;aggiustamento della dieta, gli integratori e la FMT ho potuto riequilibrare e stabilizzare la flora. Il P copri \u00e8 ora molto meno abbondante e il genere Bacteroides\u2026 <a href=\"https:\/\/gezonde-darmflora.nl\/it\/review\/javier-spagna\/\">Leggi tutto &raquo;<\/a><\/p>\r\n                        <\/div>\r\n                    <\/div>\r\n                                    <\/div>\r\n\r\n    <\/div>\r\n\r\n    [\/vc_column][\/vc_row][\/vc_section][vc_row full_width=&#8221;stretch_row_content_no_spaces&#8221; css=&#8221;.vc_custom_1593680854494{margin-bottom: -10rem !important;}&#8221;][vc_column]\r\n    <a href=\"https:\/\/gezonde-darmflora.nl\/poeppillen-bestellen\/\" target=\"\" class=\"no-underline\">\r\n\r\n        <div class=\"cta\" style=\"background-image: url('https:\/\/gezonde-darmflora.nl\/wp-content\/uploads\/2020\/08\/darmflora-gezondheid.jpg')\">\r\n            <div class=\"container\">\r\n                <div class=\"row\">\r\n                    <div class=\"col-12\">\r\n                        <p>\r\n                            <\/p>\n<h3>Aiutare anche la tua flora intestinale a rimanere in salute?<\/h3>\n<h4>Nel nostro negozio troverai tutto ci\u00f2 di cui hai bisogno.<\/h4>\n<p>                        <\/p>\r\n                        <div class=\"cta__button svg-btn svg-btn-darkgreen\">\r\n                            <svg xmlns=\"http:\/\/www.w3.org\/2000\/svg\" width=\"50\" height=\"50\" viewBox=\"0 0 55 50\"><defs><\/defs><g id=\"Layer_2\" data-name=\"Layer 2\"><g id=\"Layer_1-2\" data-name=\"Layer 1\"><path width=\"100%\" height=\"100%\" class=\"anime\" d=\"M1.16,31.86C5.61,44.26,19.3,52,32.23,49.6C40.23,48.11,48.89,42.33,51.61,34.400000000000006C53.61,28.510000000000005,51.839999999999996,22.550000000000004,49.23,17.210000000000004C46.23,10.990000000000006,43.06999999999999,4.210000000000004,36.29,1.270000000000005C31,-1,24.8,0,19.64,2.49A45,45,0,0,0,10.57,8.66C8.39,10.5,5.430000000000001,12.280000000000001,3.6400000000000006,14.46C-0.3,19.28,-0.9,26.13,1.16,31.86Z\"\/><\/g><\/g><\/svg>\r\n                            <i class=\"far fa-long-arrow-alt-right\"><\/i>\r\n                        <\/div>\r\n                    <\/div>\r\n                <\/div>\r\n            <\/div>\r\n        <\/div>\r\n\r\n    <\/a>\r\n\r\n    [\/vc_column][\/vc_row]<\/p>\n<\/div>","protected":false},"excerpt":{"rendered":"<p>[vc_row full_width=&#8221;stretch_row_content_no_spaces&#8221;][vc_column][\/vc_column][\/vc_row][vc_row][vc_column offset=&#8221;vc_col-md-8&#8243;][vc_column_text css=&#8221;&#8221;]Grazie per aver letto questa pagina. Speriamo che tu sia la persona ideale che stiamo cercando o che tu conosca il donatore ideale! Con noi non devi donare denaro, reni, cuore o polmoni. Ti chiediamo qualcosa che sciacqui ogni giorno! Ed \u00e8 un peccato se fai parte del 2% dell&#8217;umanit\u00e0 che ha\u2026 <a href=\"https:\/\/gezonde-darmflora.nl\/it\/review\/javier-spagna\/\">Leggi tutto &raquo;<\/a><\/p>\n","protected":false},"author":3,"featured_media":15046,"parent":0,"menu_order":0,"comment_status":"closed","ping_status":"closed","template":"","meta":{"_acf_changed":false,"footnotes":""},"class_list":["post-15045","page","type-page","status-publish","has-post-thumbnail","hentry"],"acf":[],"yoast_head":"<!-- This site is optimized with the Yoast SEO plugin v27.1.1 - https:\/\/yoast.com\/product\/yoast-seo-wordpress\/ -->\n<title>&#8211; Donazione di cacca: requisiti di una donazione di cacca Gezonde Darmflora<\/title>\n<meta name=\"description\" content=\"Stai cercando un donatore di cacca o vuoi donare la tua cacca? Allora continua a leggere. Speriamo che tu sia la persona ideale che stiamo cercando o che tu conosca il donatore ideale!\" \/>\n<meta name=\"robots\" content=\"index, follow, max-snippet:-1, max-image-preview:large, max-video-preview:-1\" \/>\n<link rel=\"canonical\" href=\"https:\/\/gezonde-darmflora.nl\/it\/donare\/\" \/>\n<meta property=\"og:locale\" content=\"it_IT\" \/>\n<meta property=\"og:type\" content=\"article\" \/>\n<meta property=\"og:title\" content=\"&#8211; Donazione di cacca: requisiti di una donazione di cacca Gezonde Darmflora\" \/>\n<meta property=\"og:description\" content=\"Stai cercando un donatore di cacca o vuoi donare la tua cacca? Allora continua a leggere. Speriamo che tu sia la persona ideale che stiamo cercando o che tu conosca il donatore ideale!\" \/>\n<meta property=\"og:url\" content=\"https:\/\/gezonde-darmflora.nl\/it\/donare\/\" \/>\n<meta property=\"og:site_name\" content=\"Gezonde Darmflora\" \/>\n<meta property=\"article:modified_time\" content=\"2025-07-31T06:56:31+00:00\" \/>\n<meta property=\"og:image\" content=\"https:\/\/gezonde-darmflora.nl\/wp-content\/uploads\/2021\/03\/enterotypes-scaled.jpg\" \/>\n\t<meta property=\"og:image:width\" content=\"2560\" \/>\n\t<meta property=\"og:image:height\" content=\"1974\" \/>\n\t<meta property=\"og:image:type\" content=\"image\/jpeg\" \/>\n<meta name=\"twitter:card\" content=\"summary_large_image\" \/>\n<meta name=\"twitter:label1\" content=\"Tempo di lettura stimato\" \/>\n\t<meta name=\"twitter:data1\" content=\"7 minuti\" \/>\n<script type=\"application\/ld+json\" class=\"yoast-schema-graph\">{\"@context\":\"https:\/\/schema.org\",\"@graph\":[{\"@type\":\"WebPage\",\"@id\":\"https:\/\/gezonde-darmflora.nl\/it\/donare\/\",\"url\":\"https:\/\/gezonde-darmflora.nl\/it\/donare\/\",\"name\":\"&#8211; Donazione di cacca: requisiti di una donazione di cacca Gezonde Darmflora\",\"isPartOf\":{\"@id\":\"https:\/\/gezonde-darmflora.nl\/it\/#website\"},\"primaryImageOfPage\":{\"@id\":\"https:\/\/gezonde-darmflora.nl\/it\/donare\/#primaryimage\"},\"image\":{\"@id\":\"https:\/\/gezonde-darmflora.nl\/it\/donare\/#primaryimage\"},\"thumbnailUrl\":\"https:\/\/gezonde-darmflora.nl\/wp-content\/uploads\/2021\/03\/enterotypes-scaled.jpg\",\"datePublished\":\"2021-07-08T10:07:28+00:00\",\"dateModified\":\"2025-07-31T06:56:31+00:00\",\"description\":\"Stai cercando un donatore di cacca o vuoi donare la tua cacca? Allora continua a leggere. Speriamo che tu sia la persona ideale che stiamo cercando o che tu conosca il donatore ideale!\",\"breadcrumb\":{\"@id\":\"https:\/\/gezonde-darmflora.nl\/it\/donare\/#breadcrumb\"},\"inLanguage\":\"it-IT\",\"potentialAction\":[{\"@type\":\"ReadAction\",\"target\":[\"https:\/\/gezonde-darmflora.nl\/it\/donare\/\"]}]},{\"@type\":\"ImageObject\",\"inLanguage\":\"it-IT\",\"@id\":\"https:\/\/gezonde-darmflora.nl\/it\/donare\/#primaryimage\",\"url\":\"https:\/\/gezonde-darmflora.nl\/wp-content\/uploads\/2021\/03\/enterotypes-scaled.jpg\",\"contentUrl\":\"https:\/\/gezonde-darmflora.nl\/wp-content\/uploads\/2021\/03\/enterotypes-scaled.jpg\",\"width\":2560,\"height\":1974},{\"@type\":\"BreadcrumbList\",\"@id\":\"https:\/\/gezonde-darmflora.nl\/it\/donare\/#breadcrumb\",\"itemListElement\":[{\"@type\":\"ListItem\",\"position\":1,\"name\":\"Home\",\"item\":\"https:\/\/gezonde-darmflora.nl\/it\/\"},{\"@type\":\"ListItem\",\"position\":2,\"name\":\"Donare\"}]},{\"@type\":\"WebSite\",\"@id\":\"https:\/\/gezonde-darmflora.nl\/it\/#website\",\"url\":\"https:\/\/gezonde-darmflora.nl\/it\/\",\"name\":\"Gezonde Darmflora\",\"description\":\"Een gezonde &amp; natuurlijke darmflora\",\"potentialAction\":[{\"@type\":\"SearchAction\",\"target\":{\"@type\":\"EntryPoint\",\"urlTemplate\":\"https:\/\/gezonde-darmflora.nl\/it\/?s={search_term_string}\"},\"query-input\":{\"@type\":\"PropertyValueSpecification\",\"valueRequired\":true,\"valueName\":\"search_term_string\"}}],\"inLanguage\":\"it-IT\"}]}<\/script>\n<!-- \/ Yoast SEO plugin. -->","yoast_head_json":{"title":"&#8211; Donazione di cacca: requisiti di una donazione di cacca Gezonde Darmflora","description":"Stai cercando un donatore di cacca o vuoi donare la tua cacca? Allora continua a leggere. Speriamo che tu sia la persona ideale che stiamo cercando o che tu conosca il donatore ideale!","robots":{"index":"index","follow":"follow","max-snippet":"max-snippet:-1","max-image-preview":"max-image-preview:large","max-video-preview":"max-video-preview:-1"},"canonical":"https:\/\/gezonde-darmflora.nl\/it\/donare\/","og_locale":"it_IT","og_type":"article","og_title":"&#8211; Donazione di cacca: requisiti di una donazione di cacca Gezonde Darmflora","og_description":"Stai cercando un donatore di cacca o vuoi donare la tua cacca? Allora continua a leggere. Speriamo che tu sia la persona ideale che stiamo cercando o che tu conosca il donatore ideale!","og_url":"https:\/\/gezonde-darmflora.nl\/it\/donare\/","og_site_name":"Gezonde Darmflora","article_modified_time":"2025-07-31T06:56:31+00:00","og_image":[{"width":2560,"height":1974,"url":"https:\/\/gezonde-darmflora.nl\/wp-content\/uploads\/2021\/03\/enterotypes-scaled.jpg","type":"image\/jpeg"}],"twitter_card":"summary_large_image","twitter_misc":{"Tempo di lettura stimato":"7 minuti"},"schema":{"@context":"https:\/\/schema.org","@graph":[{"@type":"WebPage","@id":"https:\/\/gezonde-darmflora.nl\/it\/donare\/","url":"https:\/\/gezonde-darmflora.nl\/it\/donare\/","name":"&#8211; Donazione di cacca: requisiti di una donazione di cacca Gezonde Darmflora","isPartOf":{"@id":"https:\/\/gezonde-darmflora.nl\/it\/#website"},"primaryImageOfPage":{"@id":"https:\/\/gezonde-darmflora.nl\/it\/donare\/#primaryimage"},"image":{"@id":"https:\/\/gezonde-darmflora.nl\/it\/donare\/#primaryimage"},"thumbnailUrl":"https:\/\/gezonde-darmflora.nl\/wp-content\/uploads\/2021\/03\/enterotypes-scaled.jpg","datePublished":"2021-07-08T10:07:28+00:00","dateModified":"2025-07-31T06:56:31+00:00","description":"Stai cercando un donatore di cacca o vuoi donare la tua cacca? Allora continua a leggere. Speriamo che tu sia la persona ideale che stiamo cercando o che tu conosca il donatore ideale!","breadcrumb":{"@id":"https:\/\/gezonde-darmflora.nl\/it\/donare\/#breadcrumb"},"inLanguage":"it-IT","potentialAction":[{"@type":"ReadAction","target":["https:\/\/gezonde-darmflora.nl\/it\/donare\/"]}]},{"@type":"ImageObject","inLanguage":"it-IT","@id":"https:\/\/gezonde-darmflora.nl\/it\/donare\/#primaryimage","url":"https:\/\/gezonde-darmflora.nl\/wp-content\/uploads\/2021\/03\/enterotypes-scaled.jpg","contentUrl":"https:\/\/gezonde-darmflora.nl\/wp-content\/uploads\/2021\/03\/enterotypes-scaled.jpg","width":2560,"height":1974},{"@type":"BreadcrumbList","@id":"https:\/\/gezonde-darmflora.nl\/it\/donare\/#breadcrumb","itemListElement":[{"@type":"ListItem","position":1,"name":"Home","item":"https:\/\/gezonde-darmflora.nl\/it\/"},{"@type":"ListItem","position":2,"name":"Donare"}]},{"@type":"WebSite","@id":"https:\/\/gezonde-darmflora.nl\/it\/#website","url":"https:\/\/gezonde-darmflora.nl\/it\/","name":"Gezonde Darmflora","description":"Een gezonde &amp; natuurlijke darmflora","potentialAction":[{"@type":"SearchAction","target":{"@type":"EntryPoint","urlTemplate":"https:\/\/gezonde-darmflora.nl\/it\/?s={search_term_string}"},"query-input":{"@type":"PropertyValueSpecification","valueRequired":true,"valueName":"search_term_string"}}],"inLanguage":"it-IT"}]}},"_links":{"self":[{"href":"https:\/\/gezonde-darmflora.nl\/it\/wp-json\/wp\/v2\/pages\/15045","targetHints":{"allow":["GET"]}}],"collection":[{"href":"https:\/\/gezonde-darmflora.nl\/it\/wp-json\/wp\/v2\/pages"}],"about":[{"href":"https:\/\/gezonde-darmflora.nl\/it\/wp-json\/wp\/v2\/types\/page"}],"author":[{"embeddable":true,"href":"https:\/\/gezonde-darmflora.nl\/it\/wp-json\/wp\/v2\/users\/3"}],"replies":[{"embeddable":true,"href":"https:\/\/gezonde-darmflora.nl\/it\/wp-json\/wp\/v2\/comments?post=15045"}],"version-history":[{"count":6,"href":"https:\/\/gezonde-darmflora.nl\/it\/wp-json\/wp\/v2\/pages\/15045\/revisions"}],"predecessor-version":[{"id":18008,"href":"https:\/\/gezonde-darmflora.nl\/it\/wp-json\/wp\/v2\/pages\/15045\/revisions\/18008"}],"wp:featuredmedia":[{"embeddable":true,"href":"https:\/\/gezonde-darmflora.nl\/it\/wp-json\/wp\/v2\/media\/15046"}],"wp:attachment":[{"href":"https:\/\/gezonde-darmflora.nl\/it\/wp-json\/wp\/v2\/media?parent=15045"}],"curies":[{"name":"wp","href":"https:\/\/api.w.org\/{rel}","templated":true}]}}