{"id":14945,"date":"2020-08-03T13:05:39","date_gmt":"2020-08-03T11:05:39","guid":{"rendered":"https:\/\/gezonde-darmflora.nl\/ordini-e-pagamenti\/"},"modified":"2025-01-27T16:17:03","modified_gmt":"2025-01-27T15:17:03","slug":"ordini-e-pagamenti","status":"publish","type":"page","link":"https:\/\/gezonde-darmflora.nl\/it\/ordini-e-pagamenti\/","title":{"rendered":"Ordini e pagamenti"},"content":{"rendered":"<div class=\"wpb-content-wrapper\"><p>[vc_row full_width=&#8221;stretch_row_content_no_spaces&#8221;][vc_column]\r\n    <div class=\"page-title\">\r\n        <div class=\"container\">\r\n            <div class=\"row\">\r\n                <div class=\"col\">\r\n                    <h1>Ordini e pagamenti<\/h1>\r\n                <\/div>\r\n            <\/div>\r\n        <\/div>\r\n    <\/div>\r\n\r\n    [\/vc_column][\/vc_row][vc_row][vc_column width=&#8221;2\/3&#8243;][vc_column_text css=&#8221;&#8221;]<strong>Vai al &#8220;negozio&#8221;:<\/strong><\/p>\n<p>Ordina cliccando sul carrello del donatore che hai scelto. Il <a href=\"https:\/\/gezonde-darmflora.nl\/it\/spedizione-e-consegna\/\">giorno di spedizione standard<\/a> \u00e8 il luned\u00ec. Un barattolo da 23 o 24 capsule formato 000. Un clistere \u00e8 di 55 ml. Vuoi fare il trapianto di sabato? Allora assicurati di acquistare del ghiaccio secco aggiuntivo e di rifornire la scatola di eps in tempo.     <\/p>\n<p><strong>Procedi alla cassa:<\/strong><\/p>\n<p>Inserisci i tuoi dati e indica il luned\u00ec in cui vuoi che il tuo ordine venga spedito. Scegli il metodo di pagamento. Pagamento con IDEAL*. Dopo aver ricevuto il pagamento, riceverai un&#8217;e-mail di conferma con il tuo ordine e la prova di pagamento. Riceverai anche un codice coupon valido per un anno. Potrai utilizzare questo codice coupon per scrivere una recensione e potrai utilizzarlo per un secondo ordine (se necessario). In questo caso riceverai uno sconto di 25 euro. Effettui un terzo ordine entro un anno? Allora utilizza nuovamente questo coupon. Lo sconto sul terzo ordine sar\u00e0 di 50 euro.    <\/p>\n<p><strong>Pi\u00f9 ordini contemporaneamente:<\/strong><\/p>\n<p>Se lo fai la prima volta, i codici sconto saranno gi\u00e0 calcolati ed elaborati automaticamente per te. Se si tratta di un donatore, puoi aumentarne il numero nel &#8220;mio carrello&#8221;. Vuoi pi\u00f9 donatori? (se ci sono pi\u00f9 donatori) Clicca sul primo donatore e ordina, poi vai su &#8220;continua gli acquisti&#8221; e clicca su un altro donatore. <\/p>\n<h2>*iDEAL<\/h2>\n<p>Con iDEAL puoi pagare i tuoi acquisti online in modo sicuro e semplice. iDEAL \u00e8 il sistema che ti collega direttamente alla tua applicazione di online banking quando fai un acquisto online. Per utilizzare iDEAL non \u00e8 necessario registrarsi, scaricare alcun file o creare un account. Se utilizzi l&#8217;online banking di ABN AMRO, Fortis, ING, Rabobank o SNS Bank, puoi pagare direttamente con iDEAL. Paghi in modo semplice e veloce nell&#8217;ambiente di pagamento online della tua banca. Paga come sei abituato a fare.     <\/p>\n<h3>Come funziona iDEAL?<\/h3>\n<ol>\n<li>Ordini un prodotto e scegli iDEAL come metodo di pagamento<\/li>\n<li>Seleziona la banca dove gi\u00e0 effettui le tue operazioni bancarie online<\/li>\n<li>Potrai accedere direttamente all&#8217;applicazione di online banking della tua banca.<\/li>\n<li>I dettagli relativi al tuo acquisto sono gi\u00e0 stati inseriti<\/li>\n<li>Nel modo che ti \u00e8 familiare, approvi il pagamento<\/li>\n<li>Riceverai una conferma dalla banca<\/li>\n<li>Torna al negozio online, l&#8217;ordine e il pagamento sono andati a buon fine.<\/li>\n<\/ol>\n<p>[\/vc_column_text][\/vc_column][vc_column width=&#8221;1\/3&#8243;]\r\n    <div class=\"blob-image-wrap\">\r\n        <img decoding=\"async\" src=\"https:\/\/gezonde-darmflora.nl\/wp-content\/uploads\/2020\/08\/poeppillen-bestellen.jpg\">\r\n    <\/div>\r\n    <p class=\"blob-image__caption\"><\/p>\r\n\r\n    [\/vc_column][\/vc_row][vc_row][vc_column]<div class=\"eye_empty_space pt-md-5 pb-md-5   pt-4 pb-4\"><\/div>[\/vc_column][\/vc_row][vc_row][vc_column width=&#8221;1\/3&#8243;][vc_column_text]<\/p>\n<h5>Domande frequenti<\/h5>\n<p>Hai ancora delle domande? Consulta le <a href=\"https:\/\/gezonde-darmflora.nl\/it\/domande-frequenti\/\">domande e le risposte pi\u00f9 frequenti<\/a> qui.[\/vc_column_text][\/vc_column][vc_column width=&#8221;1\/3&#8243;][vc_column_text]<\/p>\n<h5>Email<\/h5>\n<p>Puoi contattarci tramite il nostro <a href=\"https:\/\/gezonde-darmflora.nl\/it\/contatto\/\">modulo di contatto<\/a> o via e-mail all&#8217;indirizzo <a href=\"mailto:info@gezonde-darmflora.nl\">info[@]healthy-gutflora.co.uk.<\/a>[\/vc_column_text][\/vc_column][vc_column width=&#8221;1\/3&#8243;][vc_column_text]<\/p>\n<h5>Telefono<\/h5>\n<p>Il luned\u00ec, il marted\u00ec e il mercoled\u00ec siamo raggiungibili telefonicamente dalle 12.00 alle 14.00 al numero 06-22226118.[\/vc_column_text][\/vc_column][\/vc_row]<\/p>\n<\/div>","protected":false},"excerpt":{"rendered":"<p>[vc_row full_width=&#8221;stretch_row_content_no_spaces&#8221;][vc_column][\/vc_column][\/vc_row][vc_row][vc_column width=&#8221;2\/3&#8243;][vc_column_text css=&#8221;&#8221;]Vai al &#8220;negozio&#8221;: Ordina cliccando sul carrello del donatore che hai scelto. Il giorno di spedizione standard \u00e8 il luned\u00ec. Un barattolo da 23 o 24 capsule formato 000. Un clistere \u00e8 di 55 ml. Vuoi fare il trapianto di sabato? Allora assicurati di acquistare del ghiaccio secco aggiuntivo e di rifornire\u2026 <a href=\"https:\/\/gezonde-darmflora.nl\/it\/ordini-e-pagamenti\/\">Leggi tutto &raquo;<\/a><\/p>\n","protected":false},"author":4,"featured_media":0,"parent":0,"menu_order":0,"comment_status":"closed","ping_status":"closed","template":"","meta":{"_acf_changed":false,"footnotes":""},"class_list":["post-14945","page","type-page","status-publish","hentry"],"acf":[],"yoast_head":"<!-- This site is optimized with the Yoast SEO plugin v27.1.1 - https:\/\/yoast.com\/product\/yoast-seo-wordpress\/ -->\n<title>Ordini e pagamenti &#8211; Gezonde Darmflora<\/title>\n<meta name=\"robots\" content=\"index, follow, max-snippet:-1, max-image-preview:large, max-video-preview:-1\" \/>\n<link rel=\"canonical\" href=\"https:\/\/gezonde-darmflora.nl\/it\/ordini-e-pagamenti\/\" \/>\n<meta property=\"og:locale\" content=\"it_IT\" \/>\n<meta property=\"og:type\" content=\"article\" \/>\n<meta property=\"og:title\" content=\"Ordini e pagamenti &#8211; Gezonde Darmflora\" \/>\n<meta property=\"og:description\" content=\"[vc_row full_width=&#8221;stretch_row_content_no_spaces&#8221;][vc_column][\/vc_column][\/vc_row][vc_row][vc_column width=&#8221;2\/3&#8243;][vc_column_text css=&#8221;&#8221;]Vai al &#8220;negozio&#8221;: Ordina cliccando sul carrello del donatore che hai scelto. Il giorno di spedizione standard \u00e8 il luned\u00ec. Un barattolo da 23 o 24 capsule formato 000. Un clistere \u00e8 di 55 ml. Vuoi fare il trapianto di sabato? Allora assicurati di acquistare del ghiaccio secco aggiuntivo e di rifornire\u2026 Leggi tutto &raquo;\" \/>\n<meta property=\"og:url\" content=\"https:\/\/gezonde-darmflora.nl\/it\/ordini-e-pagamenti\/\" \/>\n<meta property=\"og:site_name\" content=\"Gezonde Darmflora\" \/>\n<meta property=\"article:modified_time\" content=\"2025-01-27T15:17:03+00:00\" \/>\n<meta name=\"twitter:card\" content=\"summary_large_image\" \/>\n<meta name=\"twitter:label1\" content=\"Tempo di lettura stimato\" \/>\n\t<meta name=\"twitter:data1\" content=\"3 minuti\" \/>\n<script type=\"application\/ld+json\" class=\"yoast-schema-graph\">{\"@context\":\"https:\/\/schema.org\",\"@graph\":[{\"@type\":\"WebPage\",\"@id\":\"https:\/\/gezonde-darmflora.nl\/it\/ordini-e-pagamenti\/\",\"url\":\"https:\/\/gezonde-darmflora.nl\/it\/ordini-e-pagamenti\/\",\"name\":\"Ordini e pagamenti &#8211; Gezonde Darmflora\",\"isPartOf\":{\"@id\":\"https:\/\/gezonde-darmflora.nl\/it\/#website\"},\"datePublished\":\"2020-08-03T11:05:39+00:00\",\"dateModified\":\"2025-01-27T15:17:03+00:00\",\"breadcrumb\":{\"@id\":\"https:\/\/gezonde-darmflora.nl\/it\/ordini-e-pagamenti\/#breadcrumb\"},\"inLanguage\":\"it-IT\",\"potentialAction\":[{\"@type\":\"ReadAction\",\"target\":[\"https:\/\/gezonde-darmflora.nl\/it\/ordini-e-pagamenti\/\"]}]},{\"@type\":\"BreadcrumbList\",\"@id\":\"https:\/\/gezonde-darmflora.nl\/it\/ordini-e-pagamenti\/#breadcrumb\",\"itemListElement\":[{\"@type\":\"ListItem\",\"position\":1,\"name\":\"Home\",\"item\":\"https:\/\/gezonde-darmflora.nl\/it\/\"},{\"@type\":\"ListItem\",\"position\":2,\"name\":\"Ordini e pagamenti\"}]},{\"@type\":\"WebSite\",\"@id\":\"https:\/\/gezonde-darmflora.nl\/it\/#website\",\"url\":\"https:\/\/gezonde-darmflora.nl\/it\/\",\"name\":\"Gezonde Darmflora\",\"description\":\"Een gezonde &amp; natuurlijke darmflora\",\"potentialAction\":[{\"@type\":\"SearchAction\",\"target\":{\"@type\":\"EntryPoint\",\"urlTemplate\":\"https:\/\/gezonde-darmflora.nl\/it\/?s={search_term_string}\"},\"query-input\":{\"@type\":\"PropertyValueSpecification\",\"valueRequired\":true,\"valueName\":\"search_term_string\"}}],\"inLanguage\":\"it-IT\"}]}<\/script>\n<!-- \/ Yoast SEO plugin. -->","yoast_head_json":{"title":"Ordini e pagamenti &#8211; Gezonde Darmflora","robots":{"index":"index","follow":"follow","max-snippet":"max-snippet:-1","max-image-preview":"max-image-preview:large","max-video-preview":"max-video-preview:-1"},"canonical":"https:\/\/gezonde-darmflora.nl\/it\/ordini-e-pagamenti\/","og_locale":"it_IT","og_type":"article","og_title":"Ordini e pagamenti &#8211; Gezonde Darmflora","og_description":"[vc_row full_width=&#8221;stretch_row_content_no_spaces&#8221;][vc_column][\/vc_column][\/vc_row][vc_row][vc_column width=&#8221;2\/3&#8243;][vc_column_text css=&#8221;&#8221;]Vai al &#8220;negozio&#8221;: Ordina cliccando sul carrello del donatore che hai scelto. Il giorno di spedizione standard \u00e8 il luned\u00ec. Un barattolo da 23 o 24 capsule formato 000. Un clistere \u00e8 di 55 ml. Vuoi fare il trapianto di sabato? Allora assicurati di acquistare del ghiaccio secco aggiuntivo e di rifornire\u2026 Leggi tutto &raquo;","og_url":"https:\/\/gezonde-darmflora.nl\/it\/ordini-e-pagamenti\/","og_site_name":"Gezonde Darmflora","article_modified_time":"2025-01-27T15:17:03+00:00","twitter_card":"summary_large_image","twitter_misc":{"Tempo di lettura stimato":"3 minuti"},"schema":{"@context":"https:\/\/schema.org","@graph":[{"@type":"WebPage","@id":"https:\/\/gezonde-darmflora.nl\/it\/ordini-e-pagamenti\/","url":"https:\/\/gezonde-darmflora.nl\/it\/ordini-e-pagamenti\/","name":"Ordini e pagamenti &#8211; Gezonde Darmflora","isPartOf":{"@id":"https:\/\/gezonde-darmflora.nl\/it\/#website"},"datePublished":"2020-08-03T11:05:39+00:00","dateModified":"2025-01-27T15:17:03+00:00","breadcrumb":{"@id":"https:\/\/gezonde-darmflora.nl\/it\/ordini-e-pagamenti\/#breadcrumb"},"inLanguage":"it-IT","potentialAction":[{"@type":"ReadAction","target":["https:\/\/gezonde-darmflora.nl\/it\/ordini-e-pagamenti\/"]}]},{"@type":"BreadcrumbList","@id":"https:\/\/gezonde-darmflora.nl\/it\/ordini-e-pagamenti\/#breadcrumb","itemListElement":[{"@type":"ListItem","position":1,"name":"Home","item":"https:\/\/gezonde-darmflora.nl\/it\/"},{"@type":"ListItem","position":2,"name":"Ordini e pagamenti"}]},{"@type":"WebSite","@id":"https:\/\/gezonde-darmflora.nl\/it\/#website","url":"https:\/\/gezonde-darmflora.nl\/it\/","name":"Gezonde Darmflora","description":"Een gezonde &amp; natuurlijke darmflora","potentialAction":[{"@type":"SearchAction","target":{"@type":"EntryPoint","urlTemplate":"https:\/\/gezonde-darmflora.nl\/it\/?s={search_term_string}"},"query-input":{"@type":"PropertyValueSpecification","valueRequired":true,"valueName":"search_term_string"}}],"inLanguage":"it-IT"}]}},"_links":{"self":[{"href":"https:\/\/gezonde-darmflora.nl\/it\/wp-json\/wp\/v2\/pages\/14945","targetHints":{"allow":["GET"]}}],"collection":[{"href":"https:\/\/gezonde-darmflora.nl\/it\/wp-json\/wp\/v2\/pages"}],"about":[{"href":"https:\/\/gezonde-darmflora.nl\/it\/wp-json\/wp\/v2\/types\/page"}],"author":[{"embeddable":true,"href":"https:\/\/gezonde-darmflora.nl\/it\/wp-json\/wp\/v2\/users\/4"}],"replies":[{"embeddable":true,"href":"https:\/\/gezonde-darmflora.nl\/it\/wp-json\/wp\/v2\/comments?post=14945"}],"version-history":[{"count":1,"href":"https:\/\/gezonde-darmflora.nl\/it\/wp-json\/wp\/v2\/pages\/14945\/revisions"}],"predecessor-version":[{"id":14952,"href":"https:\/\/gezonde-darmflora.nl\/it\/wp-json\/wp\/v2\/pages\/14945\/revisions\/14952"}],"wp:attachment":[{"href":"https:\/\/gezonde-darmflora.nl\/it\/wp-json\/wp\/v2\/media?parent=14945"}],"curies":[{"name":"wp","href":"https:\/\/api.w.org\/{rel}","templated":true}]}}