{"id":14939,"date":"2020-07-28T14:22:55","date_gmt":"2020-07-28T12:22:55","guid":{"rendered":"https:\/\/gezonde-darmflora.nl\/batteri-buoni-e-cattivi\/"},"modified":"2025-01-27T16:19:36","modified_gmt":"2025-01-27T15:19:36","slug":"batteri-buoni-e-cattivi","status":"publish","type":"page","link":"https:\/\/gezonde-darmflora.nl\/it\/flora-intestinale\/batteri-buoni-e-cattivi\/","title":{"rendered":"Batteri buoni e cattivi"},"content":{"rendered":"<div class=\"wpb-content-wrapper\"><p>[vc_row full_width=&#8221;stretch_row_content_no_spaces&#8221;][vc_column]\r\n    <div class=\"page-title\">\r\n        <div class=\"container\">\r\n            <div class=\"row\">\r\n                <div class=\"col\">\r\n                    <h1>Batteri buoni e cattivi<\/h1>\r\n                <\/div>\r\n            <\/div>\r\n        <\/div>\r\n    <\/div>\r\n\r\n    [\/vc_column][\/vc_row][vc_row equal_height=&#8221;yes&#8221;][vc_column offset=&#8221;vc_col-md-8&#8243;][vc_column_text]Il tuo corpo ospita ben centomila miliardi di batteri che sono alla base della tua salute.<\/p>\n<h2>L&#8217;importanza dei batteri nel nostro intestino<\/h2>\n<p>I batteri buoni sono importanti per mantenersi in salute. La flora intestinale \u00e8 il motore del tuo sistema immunitario e non vuoi che questo motore vacilli. I bifiobatteri e i lattobacilli sono esempi di batteri buoni. I batteri cattivi ci permettono di ammalarci. Poich\u00e9 i batteri buoni sono abbondanti e popolano bene l&#8217;intestino, non c&#8217;\u00e8 spazio per la crescita dei batteri intestinali cattivi. Questo \u00e8 possibile solo con una flora intestinale sana! Nella societ\u00e0 attuale e con il nostro stile di vita moderno, i batteri buoni sono sempre meno. Per questo motivo, gli alimenti non trasformati e vari e il bere molta acqua rimangono molto importanti. A causa delle nostre tecniche di produzione alimentare, anch&#8217;esse molto pulite, in questo processo si perdono anche i batteri buoni essenziali, i funghi e i lieviti presenti in natura. La mancanza di batteri buoni \u00e8 pi\u00f9 probabile che causi problemi intestinali rispetto a un eccesso di batteri cattivi. In definitiva, i batteri ci aiutano a digerire il cibo, ci proteggono dalle infezioni, ci forniscono vitamine e acidi grassi e mantengono sana la flora intestinale. In condizioni favorevoli, un batterio pu\u00f2 produrre fino a 16 milioni di copie di se stesso in otto ore![\/vc_column_text]<div class=\"eye_empty_space pt-md-5 pb-md-5   pt-4 pb-4\"><\/div>[\/vc_column][vc_column offset=&#8221;vc_col-md-4&#8243; el_class=&#8221;d-flex align-items-center mb-5 mb-lg-0&#8243;]\r\n    <div class=\"blob-image-wrap\">\r\n        <img decoding=\"async\" src=\"https:\/\/gezonde-darmflora.nl\/wp-content\/uploads\/2020\/08\/bacterie\u0308n-in-darmen.jpg\">\r\n    <\/div>\r\n    <p class=\"blob-image__caption\"><\/p>\r\n\r\n    [\/vc_column][\/vc_row][vc_section full_width=&#8221;stretch_row&#8221; el_class=&#8221;bg-green&#8221;][vc_row][vc_column offset=&#8221;vc_col-lg-offset-2 vc_col-lg-8&#8243;][vc_column_text]<\/p>\n<h2>Specie batteriche intestinali<\/h2>\n<p><img decoding=\"async\" class=\"alignright wp-image-690 size-medium\" src=\"https:\/\/gezonde-darmflora.nl\/wp-content\/uploads\/2020\/08\/soorten-darmbacterien-300x300.png\" alt=\"tipi di batteri intestinali\" width=\"300\" height=\"300\" srcset=\"https:\/\/gezonde-darmflora.nl\/wp-content\/uploads\/2020\/08\/soorten-darmbacterien-300x300.png 300w, https:\/\/gezonde-darmflora.nl\/wp-content\/uploads\/2020\/08\/soorten-darmbacterien-100x100.png 100w, https:\/\/gezonde-darmflora.nl\/wp-content\/uploads\/2020\/08\/soorten-darmbacterien-150x150.png 150w, https:\/\/gezonde-darmflora.nl\/wp-content\/uploads\/2020\/08\/soorten-darmbacterien.png 450w\" sizes=\"(max-width: 300px) 100vw, 300px\" \/>Esistono circa centocinquanta specie diverse di batteri intestinali che costituiscono il microbioma. Una flora intestinale sana \u00e8 composta da molti batteri di specie diverse. Quali di queste centocinquanta specie di batteri vivono nel tuo intestino varia da persona a persona. Di conseguenza, ognuno ha un microbioma unico.   <\/p>\n<h3>Batteri intestinali buoni<\/h3>\n<p>Questi sono noti anche come batteri anaerobi. Aiutano a digerire il cibo e a tenere lontani gli agenti patogeni. Il 95% vive nel tratto gastrointestinale, l&#8217;80% dei quali si trova nella parte inferiore del colon. Si nutrono principalmente attraverso il cibo che ingerisci. Le hai fin dalla nascita, fanno parte di te, ma puoi anche prenderle da qualche parte. In una famiglia, ad esempio, spesso si vedono le proprie specie di batteri fluttuare e vivere in casa. Un abbraccio, una mano, uno scontro, un sorso dal bicchiere di qualcun altro, in pratica non puoi sfuggirgli. Se questi batteri sono buoni, allora aumentano la diversit\u00e0 e accolgono gli ospiti. Ovviamente le tue feci sono piene di batteri!        <\/p>\n<h3>Batteri intestinali cattivi<\/h3>\n<p>Anche i batteri cattivi vivono nel tuo intestino, non puoi sfuggirgli. Ma se \u00e8 presente un gruppo numeroso di batteri anaerobi, la flora intestinale non concede loro spazio e li ripulisce con cura. Se il giusto numero di batteri buoni \u00e8 gi\u00e0 indebolito e in diminuzione, allora i batteri cattivi hanno spazio per prendere posto nella parete intestinale e moltiplicarsi. I problemi aumentano e ogni persona presenta sintomi diversi legati alla flora intestinale.[\/vc_column_text][\/vc_column][\/vc_row][\/vc_section][vc_row][vc_column]<div class=\"eye_empty_space pt-md-5 pb-md-5   pt-4 pb-4\"><\/div>[\/vc_column][\/vc_row][vc_row equal_height=&#8221;yes&#8221;][vc_column offset=&#8221;vc_col-md-8&#8243;][vc_column_text]<\/p>\n<h2>Come puoi influenzare i batteri intestinali?<\/h2>\n<p>Sei ci\u00f2 che mangi non \u00e8 solo un modo di dire. Il cibo \u00e8 il carburante che permette a tutti i batteri di svolgere correttamente il loro lavoro. Se non alimenti i batteri giusti, la composizione della flora intestinale pu\u00f2 cambiare. I batteri non possono fare a meno di nutrirsi di ci\u00f2 che viene loro servito. Mangiare molte fibre, verdure e noci aiuta i batteri sani a crescere. Mangiare molti prodotti trasformati e zuccheri raffinati fa s\u00ec che i batteri cattivi aumentino di numero. Quando si mangia e si beve con molti zuccheri raffinati, fioriscono batteri patogeni come il clostridium e la candida. Questi causano <a href=\"https:\/\/gezonde-darmflora.nl\/it\/problemi-intestinali\/\">disturbi intestinali<\/a> come <a href=\"https:\/\/gezonde-darmflora.nl\/it\/problemi-intestinali\/gonfiore\/\">gonfiore<\/a>, feci fluttuanti, dolore addominale e <a href=\"https:\/\/gezonde-darmflora.nl\/it\/problemi-intestinali\/flatulenza\/\">flatulenza<\/a>. Si stima che solo il 10% degli olandesi assuma abbastanza fibre al giorno. Inoltre, le fibre sono molto importanti per una flora intestinale sana. Le fibre insolubili conferiscono volume al contenuto intestinale e garantiscono movimenti intestinali fluidi, favorendo cos\u00ec una facile evacuazione. Puoi trovare le fibre in tutti i tipi di cavoli e germogli, asparagi, carote, peperoni, fagioli e noci, tra gli altri. Le fibre solubili sono un&#8217;ottima fonte di nutrimento per la flora intestinale. Le puoi trovare, tra l&#8217;altro, in patate dolci, cipolle, banane, zucca e avena. Se mangi molte fibre, bevi abbastanza acqua al giorno, in modo che possano legarsi di nuovo ai liquidi e non si verifichi la stitichezza.[\/vc_column_text]<div class=\"eye_empty_space pt-md-3 pb-md-3   pt-2 pb-2\"><\/div>[\/vc_column][vc_column offset=&#8221;vc_col-md-4&#8243; el_class=&#8221;d-flex align-items-center mb-5 mb-lg-0&#8243;]\r\n    <div class=\"blob-image-wrap\">\r\n        <img decoding=\"async\" src=\"https:\/\/gezonde-darmflora.nl\/wp-content\/uploads\/2020\/08\/goede-bacterien-darmen.jpg\">\r\n    <\/div>\r\n    <p class=\"blob-image__caption\"><\/p>\r\n\r\n    [\/vc_column][\/vc_row][vc_row][vc_column][vc_single_image image=&#8221;594&#8243; img_size=&#8221;1400&#215;622&#8243; alignment=&#8221;center&#8221;]<div class=\"eye_empty_space pt-md-3 pb-md-3   pt-2 pb-2\"><\/div>[\/vc_column][\/vc_row][vc_row][vc_column offset=&#8221;vc_col-md-4&#8243; el_class=&#8221;mb-5 mb-lg-0&#8243;]\r\n    <div class=\"blob-image-wrap\">\r\n        <img decoding=\"async\" src=\"https:\/\/gezonde-darmflora.nl\/wp-content\/uploads\/2020\/08\/slechte-bacterien.jpg\">\r\n    <\/div>\r\n    <p class=\"blob-image__caption\"><\/p>\r\n\r\n    [\/vc_column][vc_column offset=&#8221;vc_col-md-8&#8243;][vc_column_text]Purtroppo, la flora intestinale viene influenzata negativamente in caso di infezioni o trattamenti farmacologici, ad esempio. Ad esempio, gli antibiotici uccidono non solo i batteri nocivi di un&#8217;infezione, ma anche i batteri buoni della flora intestinale. \u00c8 come un colpo di grandine in cui si spera di colpire il colpevole, ma in cui muoiono anche molti innocenti. In questo modo si creano degli spazi vuoti nella parete intestinale. I batteri intestinali nocivi colgono quindi l&#8217;opportunit\u00e0 di moltiplicarsi e la flora intestinale si squilibra, provocando i sintomi. Il <a href=\"https:\/\/gezonde-darmflora.nl\/it\/la-teoria-fmt\/\">trapianto di cacca<\/a> \u00e8 una soluzione sottovalutata per risolvere un problema di flora intestinale. Se i batteri buoni non possono pi\u00f9 essere alimentati correttamente con il cibo, se lo squilibrio \u00e8 eccessivo perch\u00e9 il gruppo di batteri cattivi \u00e8 troppo numeroso, l&#8217;equilibrio pu\u00f2 essere ripristinato con la flora intestinale sana di qualcun altro.[\/vc_column_text]<div class=\"eye_empty_space pt-md-5 pb-md-5   pt-4 pb-4\"><\/div>[\/vc_column][\/vc_row][vc_section full_width=&#8221;stretch_row&#8221; el_class=&#8221;bg-green&#8221;][vc_row][vc_column offset=&#8221;vc_col-lg-offset-2 vc_col-lg-8&#8243;][vc_column_text]<\/p>\n<h2>Aiuta il tuo intestino a rimettersi in carreggiata!<\/h2>\n<p>Se sei paziente e hai il ceppo giusto che pu\u00f2 risolvere i tuoi problemi, i probiotici possono aiutarti a rimetterti in carreggiata. Tuttavia, i probiotici sono visti come un ospite in vacanza. Vengono a trovarci per un po&#8217; e poi se ne vanno di nuovo, mentre un trapianto di cacca \u00e8 tutta un&#8217;altra storia. Si tratta di immigrati che costruiscono una casa con le fondamenta. La cacca contiene moltissimi batteri. Nelle capsule resistenti ai succhi gastrici, superano senza problemi l&#8217;acidit\u00e0 mortale dello stomaco e arrivano direttamente a destinazione. Si colonizzano e si moltiplicano alla velocit\u00e0 della luce![\/vc_column_text][\/vc_column][\/vc_row][\/vc_section][vc_row full_width=&#8221;stretch_row_content_no_spaces&#8221; css=&#8221;.vc_custom_1593680854494{margin-bottom: -10rem !important;}&#8221;][vc_column]\r\n    <a href=\"https:\/\/gezonde-darmflora.nl\/poeppillen-bestellen\/\" target=\"\" class=\"no-underline\">\r\n\r\n        <div class=\"cta\" style=\"background-image: url('https:\/\/gezonde-darmflora.nl\/wp-content\/uploads\/2020\/08\/darmflora-gezondheid.jpg')\">\r\n            <div class=\"container\">\r\n                <div class=\"row\">\r\n                    <div class=\"col-12\">\r\n                        <p>\r\n                            <\/p>\n<h3>Aiutare anche la tua flora intestinale a rimanere in salute?<\/h3>\n<h4>Nel nostro negozio troverai tutto ci\u00f2 di cui hai bisogno.<\/h4>\n<p>                        <\/p>\r\n                        <div class=\"cta__button svg-btn svg-btn-darkgreen\">\r\n                            <svg xmlns=\"http:\/\/www.w3.org\/2000\/svg\" width=\"50\" height=\"50\" viewBox=\"0 0 55 50\"><defs><\/defs><g id=\"Layer_2\" data-name=\"Layer 2\"><g id=\"Layer_1-2\" data-name=\"Layer 1\"><path width=\"100%\" height=\"100%\" class=\"anime\" d=\"M1.16,31.86C5.61,44.26,19.3,52,32.23,49.6C40.23,48.11,48.89,42.33,51.61,34.400000000000006C53.61,28.510000000000005,51.839999999999996,22.550000000000004,49.23,17.210000000000004C46.23,10.990000000000006,43.06999999999999,4.210000000000004,36.29,1.270000000000005C31,-1,24.8,0,19.64,2.49A45,45,0,0,0,10.57,8.66C8.39,10.5,5.430000000000001,12.280000000000001,3.6400000000000006,14.46C-0.3,19.28,-0.9,26.13,1.16,31.86Z\"\/><\/g><\/g><\/svg>\r\n                            <i class=\"far fa-long-arrow-alt-right\"><\/i>\r\n                        <\/div>\r\n                    <\/div>\r\n                <\/div>\r\n            <\/div>\r\n        <\/div>\r\n\r\n    <\/a>\r\n\r\n    [\/vc_column][\/vc_row]<\/p>\n<\/div>","protected":false},"excerpt":{"rendered":"<p>[vc_row full_width=&#8221;stretch_row_content_no_spaces&#8221;][vc_column][\/vc_column][\/vc_row][vc_row equal_height=&#8221;yes&#8221;][vc_column offset=&#8221;vc_col-md-8&#8243;][vc_column_text]Il tuo corpo ospita ben centomila miliardi di batteri che sono alla base della tua salute. L&#8217;importanza dei batteri nel nostro intestino I batteri buoni sono importanti per mantenersi in salute. La flora intestinale \u00e8 il motore del tuo sistema immunitario e non vuoi che questo motore vacilli. I bifiobatteri e i\u2026 <a href=\"https:\/\/gezonde-darmflora.nl\/it\/flora-intestinale\/batteri-buoni-e-cattivi\/\">Leggi tutto &raquo;<\/a><\/p>\n","protected":false},"author":4,"featured_media":0,"parent":15391,"menu_order":0,"comment_status":"closed","ping_status":"closed","template":"","meta":{"_acf_changed":false,"footnotes":""},"class_list":["post-14939","page","type-page","status-publish","hentry"],"acf":[],"yoast_head":"<!-- This site is optimized with the Yoast SEO plugin v27.1.1 - https:\/\/yoast.com\/product\/yoast-seo-wordpress\/ -->\n<title>Batteri buoni e cattivi nell&#039;intestino e come migliorarli?<\/title>\n<meta name=\"robots\" content=\"index, follow, max-snippet:-1, max-image-preview:large, max-video-preview:-1\" \/>\n<link rel=\"canonical\" href=\"https:\/\/gezonde-darmflora.nl\/it\/flora-intestinale\/batteri-buoni-e-cattivi\/\" \/>\n<meta property=\"og:locale\" content=\"it_IT\" \/>\n<meta property=\"og:type\" content=\"article\" \/>\n<meta property=\"og:title\" content=\"Batteri buoni e cattivi nell&#039;intestino e come migliorarli?\" \/>\n<meta property=\"og:description\" content=\"[vc_row full_width=&#8221;stretch_row_content_no_spaces&#8221;][vc_column][\/vc_column][\/vc_row][vc_row equal_height=&#8221;yes&#8221;][vc_column offset=&#8221;vc_col-md-8&#8243;][vc_column_text]Il tuo corpo ospita ben centomila miliardi di batteri che sono alla base della tua salute. L&#8217;importanza dei batteri nel nostro intestino I batteri buoni sono importanti per mantenersi in salute. La flora intestinale \u00e8 il motore del tuo sistema immunitario e non vuoi che questo motore vacilli. I bifiobatteri e i\u2026 Leggi tutto &raquo;\" \/>\n<meta property=\"og:url\" content=\"https:\/\/gezonde-darmflora.nl\/it\/flora-intestinale\/batteri-buoni-e-cattivi\/\" \/>\n<meta property=\"og:site_name\" content=\"Gezonde Darmflora\" \/>\n<meta property=\"article:modified_time\" content=\"2025-01-27T15:19:36+00:00\" \/>\n<meta property=\"og:image\" content=\"https:\/\/gezonde-darmflora.nl\/wp-content\/uploads\/2020\/08\/soorten-darmbacterien-300x300.png\" \/>\n<meta name=\"twitter:card\" content=\"summary_large_image\" \/>\n<meta name=\"twitter:label1\" content=\"Tempo di lettura stimato\" \/>\n\t<meta name=\"twitter:data1\" content=\"6 minuti\" \/>\n<script type=\"application\/ld+json\" class=\"yoast-schema-graph\">{\"@context\":\"https:\/\/schema.org\",\"@graph\":[{\"@type\":\"WebPage\",\"@id\":\"https:\/\/gezonde-darmflora.nl\/it\/flora-intestinale\/batteri-buoni-e-cattivi\/\",\"url\":\"https:\/\/gezonde-darmflora.nl\/it\/flora-intestinale\/batteri-buoni-e-cattivi\/\",\"name\":\"Batteri buoni e cattivi nell'intestino e come migliorarli?\",\"isPartOf\":{\"@id\":\"https:\/\/gezonde-darmflora.nl\/it\/#website\"},\"primaryImageOfPage\":{\"@id\":\"https:\/\/gezonde-darmflora.nl\/it\/flora-intestinale\/batteri-buoni-e-cattivi\/#primaryimage\"},\"image\":{\"@id\":\"https:\/\/gezonde-darmflora.nl\/it\/flora-intestinale\/batteri-buoni-e-cattivi\/#primaryimage\"},\"thumbnailUrl\":\"https:\/\/gezonde-darmflora.nl\/wp-content\/uploads\/2020\/08\/soorten-darmbacterien-300x300.png\",\"datePublished\":\"2020-07-28T12:22:55+00:00\",\"dateModified\":\"2025-01-27T15:19:36+00:00\",\"breadcrumb\":{\"@id\":\"https:\/\/gezonde-darmflora.nl\/it\/flora-intestinale\/batteri-buoni-e-cattivi\/#breadcrumb\"},\"inLanguage\":\"it-IT\",\"potentialAction\":[{\"@type\":\"ReadAction\",\"target\":[\"https:\/\/gezonde-darmflora.nl\/it\/flora-intestinale\/batteri-buoni-e-cattivi\/\"]}]},{\"@type\":\"ImageObject\",\"inLanguage\":\"it-IT\",\"@id\":\"https:\/\/gezonde-darmflora.nl\/it\/flora-intestinale\/batteri-buoni-e-cattivi\/#primaryimage\",\"url\":\"https:\/\/gezonde-darmflora.nl\/wp-content\/uploads\/2020\/08\/soorten-darmbacterien-300x300.png\",\"contentUrl\":\"https:\/\/gezonde-darmflora.nl\/wp-content\/uploads\/2020\/08\/soorten-darmbacterien-300x300.png\"},{\"@type\":\"BreadcrumbList\",\"@id\":\"https:\/\/gezonde-darmflora.nl\/it\/flora-intestinale\/batteri-buoni-e-cattivi\/#breadcrumb\",\"itemListElement\":[{\"@type\":\"ListItem\",\"position\":1,\"name\":\"Home\",\"item\":\"https:\/\/gezonde-darmflora.nl\/it\/\"},{\"@type\":\"ListItem\",\"position\":2,\"name\":\"Flora intestinale\",\"item\":\"https:\/\/gezonde-darmflora.nl\/it\/flora-intestinale\/\"},{\"@type\":\"ListItem\",\"position\":3,\"name\":\"Batteri buoni e cattivi\"}]},{\"@type\":\"WebSite\",\"@id\":\"https:\/\/gezonde-darmflora.nl\/it\/#website\",\"url\":\"https:\/\/gezonde-darmflora.nl\/it\/\",\"name\":\"Gezonde Darmflora\",\"description\":\"Een gezonde &amp; natuurlijke darmflora\",\"potentialAction\":[{\"@type\":\"SearchAction\",\"target\":{\"@type\":\"EntryPoint\",\"urlTemplate\":\"https:\/\/gezonde-darmflora.nl\/it\/?s={search_term_string}\"},\"query-input\":{\"@type\":\"PropertyValueSpecification\",\"valueRequired\":true,\"valueName\":\"search_term_string\"}}],\"inLanguage\":\"it-IT\"}]}<\/script>\n<!-- \/ Yoast SEO plugin. -->","yoast_head_json":{"title":"Batteri buoni e cattivi nell'intestino e come migliorarli?","robots":{"index":"index","follow":"follow","max-snippet":"max-snippet:-1","max-image-preview":"max-image-preview:large","max-video-preview":"max-video-preview:-1"},"canonical":"https:\/\/gezonde-darmflora.nl\/it\/flora-intestinale\/batteri-buoni-e-cattivi\/","og_locale":"it_IT","og_type":"article","og_title":"Batteri buoni e cattivi nell'intestino e come migliorarli?","og_description":"[vc_row full_width=&#8221;stretch_row_content_no_spaces&#8221;][vc_column][\/vc_column][\/vc_row][vc_row equal_height=&#8221;yes&#8221;][vc_column offset=&#8221;vc_col-md-8&#8243;][vc_column_text]Il tuo corpo ospita ben centomila miliardi di batteri che sono alla base della tua salute. L&#8217;importanza dei batteri nel nostro intestino I batteri buoni sono importanti per mantenersi in salute. La flora intestinale \u00e8 il motore del tuo sistema immunitario e non vuoi che questo motore vacilli. I bifiobatteri e i\u2026 Leggi tutto &raquo;","og_url":"https:\/\/gezonde-darmflora.nl\/it\/flora-intestinale\/batteri-buoni-e-cattivi\/","og_site_name":"Gezonde Darmflora","article_modified_time":"2025-01-27T15:19:36+00:00","og_image":[{"url":"https:\/\/gezonde-darmflora.nl\/wp-content\/uploads\/2020\/08\/soorten-darmbacterien-300x300.png","type":"","width":"","height":""}],"twitter_card":"summary_large_image","twitter_misc":{"Tempo di lettura stimato":"6 minuti"},"schema":{"@context":"https:\/\/schema.org","@graph":[{"@type":"WebPage","@id":"https:\/\/gezonde-darmflora.nl\/it\/flora-intestinale\/batteri-buoni-e-cattivi\/","url":"https:\/\/gezonde-darmflora.nl\/it\/flora-intestinale\/batteri-buoni-e-cattivi\/","name":"Batteri buoni e cattivi nell'intestino e come migliorarli?","isPartOf":{"@id":"https:\/\/gezonde-darmflora.nl\/it\/#website"},"primaryImageOfPage":{"@id":"https:\/\/gezonde-darmflora.nl\/it\/flora-intestinale\/batteri-buoni-e-cattivi\/#primaryimage"},"image":{"@id":"https:\/\/gezonde-darmflora.nl\/it\/flora-intestinale\/batteri-buoni-e-cattivi\/#primaryimage"},"thumbnailUrl":"https:\/\/gezonde-darmflora.nl\/wp-content\/uploads\/2020\/08\/soorten-darmbacterien-300x300.png","datePublished":"2020-07-28T12:22:55+00:00","dateModified":"2025-01-27T15:19:36+00:00","breadcrumb":{"@id":"https:\/\/gezonde-darmflora.nl\/it\/flora-intestinale\/batteri-buoni-e-cattivi\/#breadcrumb"},"inLanguage":"it-IT","potentialAction":[{"@type":"ReadAction","target":["https:\/\/gezonde-darmflora.nl\/it\/flora-intestinale\/batteri-buoni-e-cattivi\/"]}]},{"@type":"ImageObject","inLanguage":"it-IT","@id":"https:\/\/gezonde-darmflora.nl\/it\/flora-intestinale\/batteri-buoni-e-cattivi\/#primaryimage","url":"https:\/\/gezonde-darmflora.nl\/wp-content\/uploads\/2020\/08\/soorten-darmbacterien-300x300.png","contentUrl":"https:\/\/gezonde-darmflora.nl\/wp-content\/uploads\/2020\/08\/soorten-darmbacterien-300x300.png"},{"@type":"BreadcrumbList","@id":"https:\/\/gezonde-darmflora.nl\/it\/flora-intestinale\/batteri-buoni-e-cattivi\/#breadcrumb","itemListElement":[{"@type":"ListItem","position":1,"name":"Home","item":"https:\/\/gezonde-darmflora.nl\/it\/"},{"@type":"ListItem","position":2,"name":"Flora intestinale","item":"https:\/\/gezonde-darmflora.nl\/it\/flora-intestinale\/"},{"@type":"ListItem","position":3,"name":"Batteri buoni e cattivi"}]},{"@type":"WebSite","@id":"https:\/\/gezonde-darmflora.nl\/it\/#website","url":"https:\/\/gezonde-darmflora.nl\/it\/","name":"Gezonde Darmflora","description":"Een gezonde &amp; natuurlijke darmflora","potentialAction":[{"@type":"SearchAction","target":{"@type":"EntryPoint","urlTemplate":"https:\/\/gezonde-darmflora.nl\/it\/?s={search_term_string}"},"query-input":{"@type":"PropertyValueSpecification","valueRequired":true,"valueName":"search_term_string"}}],"inLanguage":"it-IT"}]}},"_links":{"self":[{"href":"https:\/\/gezonde-darmflora.nl\/it\/wp-json\/wp\/v2\/pages\/14939","targetHints":{"allow":["GET"]}}],"collection":[{"href":"https:\/\/gezonde-darmflora.nl\/it\/wp-json\/wp\/v2\/pages"}],"about":[{"href":"https:\/\/gezonde-darmflora.nl\/it\/wp-json\/wp\/v2\/types\/page"}],"author":[{"embeddable":true,"href":"https:\/\/gezonde-darmflora.nl\/it\/wp-json\/wp\/v2\/users\/4"}],"replies":[{"embeddable":true,"href":"https:\/\/gezonde-darmflora.nl\/it\/wp-json\/wp\/v2\/comments?post=14939"}],"version-history":[{"count":1,"href":"https:\/\/gezonde-darmflora.nl\/it\/wp-json\/wp\/v2\/pages\/14939\/revisions"}],"predecessor-version":[{"id":14946,"href":"https:\/\/gezonde-darmflora.nl\/it\/wp-json\/wp\/v2\/pages\/14939\/revisions\/14946"}],"up":[{"embeddable":true,"href":"https:\/\/gezonde-darmflora.nl\/it\/wp-json\/wp\/v2\/pages\/15391"}],"wp:attachment":[{"href":"https:\/\/gezonde-darmflora.nl\/it\/wp-json\/wp\/v2\/media?parent=14939"}],"curies":[{"name":"wp","href":"https:\/\/api.w.org\/{rel}","templated":true}]}}