{"id":14922,"date":"2020-07-23T09:26:58","date_gmt":"2020-07-23T07:26:58","guid":{"rendered":"https:\/\/gezonde-darmflora.nl\/sindrome-dellintestino-irritabile\/"},"modified":"2025-01-27T16:18:29","modified_gmt":"2025-01-27T15:18:29","slug":"sindrome-dellintestino-irritabile","status":"publish","type":"page","link":"https:\/\/gezonde-darmflora.nl\/it\/problemi-intestinali\/sindrome-dellintestino-irritabile\/","title":{"rendered":"Sindrome dell&#8217;intestino irritabile"},"content":{"rendered":"<div class=\"wpb-content-wrapper\"><p>[vc_row full_width=&#8221;stretch_row_content_no_spaces&#8221;][vc_column]\r\n    <div class=\"page-title\">\r\n        <div class=\"container\">\r\n            <div class=\"row\">\r\n                <div class=\"col\">\r\n                    <h1>Sindrome dell'intestino irritabile<\/h1>\r\n                <\/div>\r\n            <\/div>\r\n        <\/div>\r\n    <\/div>\r\n\r\n    [\/vc_column][\/vc_row][vc_row][vc_column offset=&#8221;vc_col-md-8&#8243;][vc_column_text]PDS \u00e8 l&#8217;acronimo di sindrome dell&#8217;intestino irritabile ed \u00e8 anche chiamata intestino spastico o IBS. La PDS pu\u00f2 rendere la tua vita notevolmente scomoda e lasciarti pieno di domande e senza una possibile cura.[\/vc_column_text]<div class=\"eye_empty_space pt-md-5 pb-md-5   pt-4 pb-4\"><\/div>[\/vc_column][vc_column offset=&#8221;vc_col-md-4&#8243; el_class=&#8221;mb-5 mb-lg-0&#8243;]\r\n    <div class=\"blob-image-wrap\">\r\n        <img decoding=\"async\" src=\"https:\/\/gezonde-darmflora.nl\/wp-content\/uploads\/2020\/06\/foto-M-1024x731.jpg\">\r\n    <\/div>\r\n    <p class=\"blob-image__caption\"><\/p>\r\n\r\n    [\/vc_column][\/vc_row][vc_section full_width=&#8221;stretch_row&#8221; el_class=&#8221;bg-green&#8221;][vc_row][vc_column offset=&#8221;vc_col-lg-offset-2 vc_col-lg-8&#8243;][vc_column_text]<\/p>\n<h2>Che cos&#8217;\u00e8 il PDS?<\/h2>\n<p>Si tratta di un comune disturbo intestinale, un disturbo funzionale del tratto gastrointestinale. Viene definito funzionale perch\u00e9 l&#8217;intestino sembra normale ma non viene individuata alcuna causa medica. Solo l&#8217;intestino non funziona correttamente. Di solito, quindi, si verifica nel colon. Le caratteristiche si manifestano con dolori addominali o crampi addominali, problemi con le feci, l&#8217;<a href=\"https:\/\/gezonde-darmflora.nl\/it\/problemi-intestinali\/gonfiore\/\">addome pu\u00f2 iniziare a gonfiarsi<\/a> e si avverte una maggiore flatulenza. Le persone affette da PDS spesso soffrono di <a href=\"https:\/\/gezonde-darmflora.nl\/it\/problemi-intestinali\/diarrea\/\">diarrea<\/a> o <a href=\"https:\/\/gezonde-darmflora.nl\/it\/problemi-intestinali\/costipazione-o-intestino-bloccato\/\">stitichezza<\/a>. Si verifica anche un movimento intestinale in cui si alternano diarrea e stitichezza e il dolore \u00e8 spesso presente in punti alterni dell&#8217;addome. Si ritiene che circa il 10%-20% degli olandesi sia affetto da PDS e di questi il 75% sono donne. Il numero di sintomi, la gravit\u00e0 e la frequenza di questi variano da persona a persona. Se i sintomi sono sempre pi\u00f9 frequenti e la loro gravit\u00e0 e frequenza aumentano, \u00e8 probabile che influiscano anche sulla tua vita quotidiana e sulla tua routine. A causa del cattivo funzionamento dell&#8217;intestino, la digestione viene interrotta e questo comporta i problemi che potresti riscontrare.[\/vc_column_text][\/vc_column][\/vc_row][\/vc_section][vc_row][vc_column]<div class=\"eye_empty_space pt-md-5 pb-md-5   pt-4 pb-4\"><\/div>[\/vc_column][\/vc_row][vc_row][vc_column offset=&#8221;vc_col-md-8&#8243;][vc_column_text]<\/p>\n<h2>Fare il test per la sindrome dell&#8217;intestino irritabile<\/h2>\n<p>L&#8217;origine della sindrome dell&#8217;intestino irritabile non \u00e8 realmente nota e non pu\u00f2 essere testata. Le conseguenze della PDS sono diverse per ogni persona. In alcune persone, la sindrome dell&#8217;intestino irritabile si manifesta in seguito a un&#8217;infezione intestinale, ad esempio un&#8217;intossicazione alimentare, ma di solito si tratta di una combinazione di fattori. Ad esempio, l&#8217;intestino compie troppi o troppo pochi movimenti, il che viene chiamato <strong>intestino spastico<\/strong>. In oltre il 60% delle persone affette da PDS, i nervi della parete intestinale sono molto sensibili oppure i nervi reagiscono perch\u00e9 la parete intestinale si allunga o si solleva. Da qui deriva il termine &#8220;intestino irritabile&#8221;. L&#8217;interazione dell&#8217;asse cervello-intestino provoca quindi i sintomi del dolore. La tensione e alcuni alimenti possono esacerbare i sintomi. Sono ancora in corso molte ricerche su come questi fattori giochino un ruolo nella PDS, ma \u00e8 ormai chiaro che lo stress \u00e8 una fonte di molti possibili problemi.[\/vc_column_text]<div class=\"eye_empty_space pt-md-5 pb-md-5   pt-4 pb-4\"><\/div>[\/vc_column][vc_column offset=&#8221;vc_col-md-4&#8243; el_class=&#8221;mb-5 mb-lg-0&#8243;]\r\n    <div class=\"blob-image-wrap\">\r\n        <img decoding=\"async\" src=\"https:\/\/gezonde-darmflora.nl\/wp-content\/uploads\/2020\/08\/bacterie\u0308n-in-darmen.jpg\">\r\n    <\/div>\r\n    <p class=\"blob-image__caption\"><\/p>\r\n\r\n    [\/vc_column][\/vc_row][vc_row][vc_column offset=&#8221;vc_col-md-4&#8243; el_class=&#8221;mb-5 mb-lg-0&#8243;]\r\n    <div class=\"blob-image-wrap\">\r\n        <img decoding=\"async\" src=\"https:\/\/gezonde-darmflora.nl\/wp-content\/uploads\/2020\/08\/darmklachten.jpg\">\r\n    <\/div>\r\n    <p class=\"blob-image__caption\"><\/p>\r\n\r\n    [\/vc_column][vc_column offset=&#8221;vc_col-md-8&#8243;][vc_column_text]<\/p>\n<h2>Cause della PDS<\/h2>\n<p>La PDS \u00e8 la causa pi\u00f9 comune di sintomi gastrointestinali. Ma quali sono le cause esatte? Negli ultimi anni si \u00e8 pensato al sesso, all&#8217;et\u00e0, ai geni, ai cambiamenti ormonali, ad alcuni farmaci, alle carenze nutritive, alle infezioni intestinali e alle allergie. Si sospetta che nella PDS ci sia un malfunzionamento dell&#8217;asse cervello-intestino. Medici e ricercatori sono anche convinti che il tuo stato d&#8217;animo, come lo stress o l&#8217;ansia, sia un fattore importante. \u00c8 quindi bene scoprire se questi fattori possono avere un ruolo nei sintomi avvertiti.     <\/p>\n<h2>Reclami che potresti riscontrare<\/h2>\n<p>Pertanto, i sintomi pi\u00f9 comuni della PDS sono dolore addominale, crampi, mal di stomaco, diarrea o costipazione, gonfiore, nausea e affaticamento. I medici non considerano la PDS pericolosa perch\u00e9 fondamentalmente non danneggia lo stomaco, l&#8217;intestino o altre parti del tratto digestivo. Pertanto, raramente vengono prescritti farmaci.[\/vc_column_text]<div class=\"eye_empty_space pt-md-5 pb-md-5   pt-4 pb-4\"><\/div>[\/vc_column][\/vc_row][vc_row][vc_column]<div class=\"eye_empty_space pt-md-5 pb-md-5   pt-4 pb-4\"><\/div>[\/vc_column][\/vc_row][vc_row][vc_column offset=&#8221;vc_col-md-8&#8243;][vc_column_text]<\/p>\n<h2>Cosa si pu\u00f2 fare per un colon spastico?<\/h2>\n<p>A causa delle numerose cause possibili, in questo caso sembra applicabile il concetto di &#8220;equilibrio totale&#8221;. Trova la pace nella tua mente per quanto riguarda la parte mentale attraverso una respirazione consapevole, ad esempio con lo yoga e la meditazione. Un esperto di respirazione pu\u00f2 darti buoni consigli ed esercizi e una visione approfondita del tuo modello di respirazione. Trova la pace nel tuo corpo discutendo della tua dieta con un esperto di nutrizione. Spesso \u00e8 anche possibile sottoporsi a test su ci\u00f2 che il tuo corpo gradisce e non gradisce. In questo modo eviterai di tralasciare inutilmente degli alimenti o di mangiare in modo unilaterale. Inoltre, \u00e8 importante capire quali alimenti hanno un effetto positivo o negativo sul tuo corpo e sul tuo intestino spastico. E metti il tuo corpo al lavoro. Non \u00e8 fatto per stare fermo. Lo sport o il lavoro fisico faranno funzionare il tuo corpo in modo corretto. Neanche un&#8217;automobile rimane ferma e anche una casa vuota si rovina presto.[\/vc_column_text]<div class=\"eye_empty_space pt-md-5 pb-md-5   pt-4 pb-4\"><\/div>[\/vc_column][vc_column offset=&#8221;vc_col-md-4&#8243; el_class=&#8221;mb-5 mb-lg-0&#8243;]\r\n    <div class=\"blob-image-wrap\">\r\n        <img decoding=\"async\" src=\"https:\/\/gezonde-darmflora.nl\/wp-content\/uploads\/2020\/08\/darmflora-verbeteren-tips.jpg\">\r\n    <\/div>\r\n    <p class=\"blob-image__caption\"><\/p>\r\n\r\n    [\/vc_column][\/vc_row][vc_section full_width=&#8221;stretch_row&#8221; el_class=&#8221;bg-green&#8221;][vc_row][vc_column offset=&#8221;vc_col-lg-offset-2 vc_col-lg-8&#8243;][vc_column_text]<\/p>\n<h2>Possibili trattamenti PSD<\/h2>\n<p>Non esistono farmaci per la sindrome dell&#8217;intestino irritabile. Quindi non \u00e8 possibile sottoporsi a un trattamento medico. Non ti resta che affidarti a te stesso. Quindi renditi conto che il tuo corpo ti dice pi\u00f9 di quanto pensi. Ascolta attentamente il tuo corpo ed entra in contatto con te stesso. Spesso questo significa che devi cambiare il tuo stile di vita. Se hai cambiato la tua dieta e hai iniziato a bere di pi\u00f9 o solo acqua, fai pi\u00f9 esercizio fisico, ti riposi e hai anche lavorato sulla respirazione, hai persino consultato un nutrizionista, ma i sintomi dell&#8217;intestino spastico rimangono? Che ne \u00e8 della <a href=\"https:\/\/gezonde-darmflora.nl\/it\/flora-intestinale\/\">tua flora intestinale<\/a>? Lo stato della flora intestinale viene raramente esaminato. Non potrebbe essere sbilanciata? Non c&#8217;\u00e8 una mancanza di batteri buoni? Se la flora intestinale non \u00e8 in equilibrio, possono insorgere diversi problemi per chiunque. In effetti, nella maggior parte dei problemi, <a href=\"https:\/\/gezonde-darmflora.nl\/it\/flora-intestinale\/flora-intestinale-alterata\/\">una flora intestinale squilibrata<\/a> \u00e8 la fonte del danno. Il punto pi\u00f9 debole del tuo corpo \u00e8 quindi il primo a risentirne. I problemi maggiori nella sindrome dell&#8217;intestino irritabile riguardano soprattutto il colon spastico, dove risiede la maggior parte dei batteri. <a href=\"https:\/\/gezonde-darmflora.nl\/it\/la-teoria-fmt\/\">Un trapianto di cacca<\/a> \u00e8 un&#8217;altra possibilit\u00e0 poco esplorata.[\/vc_column_text][\/vc_column][\/vc_row][\/vc_section][vc_row full_width=&#8221;stretch_row_content_no_spaces&#8221; css=&#8221;.vc_custom_1593680854494{margin-bottom: -10rem !important;}&#8221;][vc_column]\r\n    <a href=\"https:\/\/gezonde-darmflora.nl\/poeppillen-bestellen\/\" target=\"\" class=\"no-underline\">\r\n\r\n        <div class=\"cta\" style=\"background-image: url('https:\/\/gezonde-darmflora.nl\/wp-content\/uploads\/2020\/06\/darmflora-en-gezondheid-e1615224352177.jpg')\">\r\n            <div class=\"container\">\r\n                <div class=\"row\">\r\n                    <div class=\"col-12\">\r\n                        <p>\r\n                            <\/p>\n<h3>Aiutare anche la tua flora intestinale a rimanere in salute?<\/h3>\n<h4>Nel nostro negozio troverai tutto ci\u00f2 di cui hai bisogno.<\/h4>\n<p>                        <\/p>\r\n                        <div class=\"cta__button svg-btn svg-btn-darkgreen\">\r\n                            <svg xmlns=\"http:\/\/www.w3.org\/2000\/svg\" width=\"50\" height=\"50\" viewBox=\"0 0 55 50\"><defs><\/defs><g id=\"Layer_2\" data-name=\"Layer 2\"><g id=\"Layer_1-2\" data-name=\"Layer 1\"><path width=\"100%\" height=\"100%\" class=\"anime\" d=\"M1.16,31.86C5.61,44.26,19.3,52,32.23,49.6C40.23,48.11,48.89,42.33,51.61,34.400000000000006C53.61,28.510000000000005,51.839999999999996,22.550000000000004,49.23,17.210000000000004C46.23,10.990000000000006,43.06999999999999,4.210000000000004,36.29,1.270000000000005C31,-1,24.8,0,19.64,2.49A45,45,0,0,0,10.57,8.66C8.39,10.5,5.430000000000001,12.280000000000001,3.6400000000000006,14.46C-0.3,19.28,-0.9,26.13,1.16,31.86Z\"\/><\/g><\/g><\/svg>\r\n                            <i class=\"far fa-long-arrow-alt-right\"><\/i>\r\n                        <\/div>\r\n                    <\/div>\r\n                <\/div>\r\n            <\/div>\r\n        <\/div>\r\n\r\n    <\/a>\r\n\r\n    [\/vc_column][\/vc_row]<\/p>\n<\/div>","protected":false},"excerpt":{"rendered":"<p>[vc_row full_width=&#8221;stretch_row_content_no_spaces&#8221;][vc_column][\/vc_column][\/vc_row][vc_row][vc_column offset=&#8221;vc_col-md-8&#8243;][vc_column_text]PDS \u00e8 l&#8217;acronimo di sindrome dell&#8217;intestino irritabile ed \u00e8 anche chiamata intestino spastico o IBS. La PDS pu\u00f2 rendere la tua vita notevolmente scomoda e lasciarti pieno di domande e senza una possibile cura.[\/vc_column_text][\/vc_column][vc_column offset=&#8221;vc_col-md-4&#8243; el_class=&#8221;mb-5 mb-lg-0&#8243;][\/vc_column][\/vc_row][vc_section full_width=&#8221;stretch_row&#8221; el_class=&#8221;bg-green&#8221;][vc_row][vc_column offset=&#8221;vc_col-lg-offset-2 vc_col-lg-8&#8243;][vc_column_text] Che cos&#8217;\u00e8 il PDS? Si tratta di un comune disturbo intestinale, un\u2026 <a href=\"https:\/\/gezonde-darmflora.nl\/it\/problemi-intestinali\/sindrome-dellintestino-irritabile\/\">Leggi tutto &raquo;<\/a><\/p>\n","protected":false},"author":4,"featured_media":0,"parent":15243,"menu_order":0,"comment_status":"closed","ping_status":"closed","template":"","meta":{"_acf_changed":false,"footnotes":""},"class_list":["post-14922","page","type-page","status-publish","hentry"],"acf":[],"yoast_head":"<!-- This site is optimized with the Yoast SEO plugin v27.1.1 - https:\/\/yoast.com\/product\/yoast-seo-wordpress\/ -->\n<title>PSD: cosa fare nella sindrome dell&#039;intestino irritabile? Cause e consigli<\/title>\n<meta name=\"description\" content=\"PDS \u00e8 l&#039;acronimo di sindrome dell&#039;intestino irritabile e viene anche chiamata intestino spastico o IBS. Scopri le cause e i trattamenti.\" \/>\n<meta name=\"robots\" content=\"index, follow, max-snippet:-1, max-image-preview:large, max-video-preview:-1\" \/>\n<link rel=\"canonical\" href=\"https:\/\/gezonde-darmflora.nl\/it\/problemi-intestinali\/sindrome-dellintestino-irritabile\/\" \/>\n<meta property=\"og:locale\" content=\"it_IT\" \/>\n<meta property=\"og:type\" content=\"article\" \/>\n<meta property=\"og:title\" content=\"PSD: cosa fare nella sindrome dell&#039;intestino irritabile? Cause e consigli\" \/>\n<meta property=\"og:description\" content=\"PDS \u00e8 l&#039;acronimo di sindrome dell&#039;intestino irritabile e viene anche chiamata intestino spastico o IBS. Scopri le cause e i trattamenti.\" \/>\n<meta property=\"og:url\" content=\"https:\/\/gezonde-darmflora.nl\/it\/problemi-intestinali\/sindrome-dellintestino-irritabile\/\" \/>\n<meta property=\"og:site_name\" content=\"Gezonde Darmflora\" \/>\n<meta property=\"article:modified_time\" content=\"2025-01-27T15:18:29+00:00\" \/>\n<meta name=\"twitter:card\" content=\"summary_large_image\" \/>\n<meta name=\"twitter:label1\" content=\"Tempo di lettura stimato\" \/>\n\t<meta name=\"twitter:data1\" content=\"6 minuti\" \/>\n<script type=\"application\/ld+json\" class=\"yoast-schema-graph\">{\"@context\":\"https:\/\/schema.org\",\"@graph\":[{\"@type\":\"WebPage\",\"@id\":\"https:\/\/gezonde-darmflora.nl\/it\/problemi-intestinali\/sindrome-dellintestino-irritabile\/\",\"url\":\"https:\/\/gezonde-darmflora.nl\/it\/problemi-intestinali\/sindrome-dellintestino-irritabile\/\",\"name\":\"PSD: cosa fare nella sindrome dell'intestino irritabile? Cause e consigli\",\"isPartOf\":{\"@id\":\"https:\/\/gezonde-darmflora.nl\/it\/#website\"},\"datePublished\":\"2020-07-23T07:26:58+00:00\",\"dateModified\":\"2025-01-27T15:18:29+00:00\",\"description\":\"PDS \u00e8 l'acronimo di sindrome dell'intestino irritabile e viene anche chiamata intestino spastico o IBS. Scopri le cause e i trattamenti.\",\"breadcrumb\":{\"@id\":\"https:\/\/gezonde-darmflora.nl\/it\/problemi-intestinali\/sindrome-dellintestino-irritabile\/#breadcrumb\"},\"inLanguage\":\"it-IT\",\"potentialAction\":[{\"@type\":\"ReadAction\",\"target\":[\"https:\/\/gezonde-darmflora.nl\/it\/problemi-intestinali\/sindrome-dellintestino-irritabile\/\"]}]},{\"@type\":\"BreadcrumbList\",\"@id\":\"https:\/\/gezonde-darmflora.nl\/it\/problemi-intestinali\/sindrome-dellintestino-irritabile\/#breadcrumb\",\"itemListElement\":[{\"@type\":\"ListItem\",\"position\":1,\"name\":\"Home\",\"item\":\"https:\/\/gezonde-darmflora.nl\/it\/\"},{\"@type\":\"ListItem\",\"position\":2,\"name\":\"Problemi intestinali\",\"item\":\"https:\/\/gezonde-darmflora.nl\/it\/problemi-intestinali\/\"},{\"@type\":\"ListItem\",\"position\":3,\"name\":\"Sindrome dell&#8217;intestino irritabile\"}]},{\"@type\":\"WebSite\",\"@id\":\"https:\/\/gezonde-darmflora.nl\/it\/#website\",\"url\":\"https:\/\/gezonde-darmflora.nl\/it\/\",\"name\":\"Gezonde Darmflora\",\"description\":\"Een gezonde &amp; natuurlijke darmflora\",\"potentialAction\":[{\"@type\":\"SearchAction\",\"target\":{\"@type\":\"EntryPoint\",\"urlTemplate\":\"https:\/\/gezonde-darmflora.nl\/it\/?s={search_term_string}\"},\"query-input\":{\"@type\":\"PropertyValueSpecification\",\"valueRequired\":true,\"valueName\":\"search_term_string\"}}],\"inLanguage\":\"it-IT\"}]}<\/script>\n<!-- \/ Yoast SEO plugin. -->","yoast_head_json":{"title":"PSD: cosa fare nella sindrome dell'intestino irritabile? Cause e consigli","description":"PDS \u00e8 l'acronimo di sindrome dell'intestino irritabile e viene anche chiamata intestino spastico o IBS. Scopri le cause e i trattamenti.","robots":{"index":"index","follow":"follow","max-snippet":"max-snippet:-1","max-image-preview":"max-image-preview:large","max-video-preview":"max-video-preview:-1"},"canonical":"https:\/\/gezonde-darmflora.nl\/it\/problemi-intestinali\/sindrome-dellintestino-irritabile\/","og_locale":"it_IT","og_type":"article","og_title":"PSD: cosa fare nella sindrome dell'intestino irritabile? Cause e consigli","og_description":"PDS \u00e8 l'acronimo di sindrome dell'intestino irritabile e viene anche chiamata intestino spastico o IBS. Scopri le cause e i trattamenti.","og_url":"https:\/\/gezonde-darmflora.nl\/it\/problemi-intestinali\/sindrome-dellintestino-irritabile\/","og_site_name":"Gezonde Darmflora","article_modified_time":"2025-01-27T15:18:29+00:00","twitter_card":"summary_large_image","twitter_misc":{"Tempo di lettura stimato":"6 minuti"},"schema":{"@context":"https:\/\/schema.org","@graph":[{"@type":"WebPage","@id":"https:\/\/gezonde-darmflora.nl\/it\/problemi-intestinali\/sindrome-dellintestino-irritabile\/","url":"https:\/\/gezonde-darmflora.nl\/it\/problemi-intestinali\/sindrome-dellintestino-irritabile\/","name":"PSD: cosa fare nella sindrome dell'intestino irritabile? Cause e consigli","isPartOf":{"@id":"https:\/\/gezonde-darmflora.nl\/it\/#website"},"datePublished":"2020-07-23T07:26:58+00:00","dateModified":"2025-01-27T15:18:29+00:00","description":"PDS \u00e8 l'acronimo di sindrome dell'intestino irritabile e viene anche chiamata intestino spastico o IBS. Scopri le cause e i trattamenti.","breadcrumb":{"@id":"https:\/\/gezonde-darmflora.nl\/it\/problemi-intestinali\/sindrome-dellintestino-irritabile\/#breadcrumb"},"inLanguage":"it-IT","potentialAction":[{"@type":"ReadAction","target":["https:\/\/gezonde-darmflora.nl\/it\/problemi-intestinali\/sindrome-dellintestino-irritabile\/"]}]},{"@type":"BreadcrumbList","@id":"https:\/\/gezonde-darmflora.nl\/it\/problemi-intestinali\/sindrome-dellintestino-irritabile\/#breadcrumb","itemListElement":[{"@type":"ListItem","position":1,"name":"Home","item":"https:\/\/gezonde-darmflora.nl\/it\/"},{"@type":"ListItem","position":2,"name":"Problemi intestinali","item":"https:\/\/gezonde-darmflora.nl\/it\/problemi-intestinali\/"},{"@type":"ListItem","position":3,"name":"Sindrome dell&#8217;intestino irritabile"}]},{"@type":"WebSite","@id":"https:\/\/gezonde-darmflora.nl\/it\/#website","url":"https:\/\/gezonde-darmflora.nl\/it\/","name":"Gezonde Darmflora","description":"Een gezonde &amp; natuurlijke darmflora","potentialAction":[{"@type":"SearchAction","target":{"@type":"EntryPoint","urlTemplate":"https:\/\/gezonde-darmflora.nl\/it\/?s={search_term_string}"},"query-input":{"@type":"PropertyValueSpecification","valueRequired":true,"valueName":"search_term_string"}}],"inLanguage":"it-IT"}]}},"_links":{"self":[{"href":"https:\/\/gezonde-darmflora.nl\/it\/wp-json\/wp\/v2\/pages\/14922","targetHints":{"allow":["GET"]}}],"collection":[{"href":"https:\/\/gezonde-darmflora.nl\/it\/wp-json\/wp\/v2\/pages"}],"about":[{"href":"https:\/\/gezonde-darmflora.nl\/it\/wp-json\/wp\/v2\/types\/page"}],"author":[{"embeddable":true,"href":"https:\/\/gezonde-darmflora.nl\/it\/wp-json\/wp\/v2\/users\/4"}],"replies":[{"embeddable":true,"href":"https:\/\/gezonde-darmflora.nl\/it\/wp-json\/wp\/v2\/comments?post=14922"}],"version-history":[{"count":10,"href":"https:\/\/gezonde-darmflora.nl\/it\/wp-json\/wp\/v2\/pages\/14922\/revisions"}],"predecessor-version":[{"id":14964,"href":"https:\/\/gezonde-darmflora.nl\/it\/wp-json\/wp\/v2\/pages\/14922\/revisions\/14964"}],"up":[{"embeddable":true,"href":"https:\/\/gezonde-darmflora.nl\/it\/wp-json\/wp\/v2\/pages\/15243"}],"wp:attachment":[{"href":"https:\/\/gezonde-darmflora.nl\/it\/wp-json\/wp\/v2\/media?parent=14922"}],"curies":[{"name":"wp","href":"https:\/\/api.w.org\/{rel}","templated":true}]}}