{"id":14921,"date":"2020-08-03T12:44:57","date_gmt":"2020-08-03T10:44:57","guid":{"rendered":"https:\/\/gezonde-darmflora.nl\/spedizione-e-consegna\/"},"modified":"2025-01-27T16:17:03","modified_gmt":"2025-01-27T15:17:03","slug":"spedizione-e-consegna","status":"publish","type":"page","link":"https:\/\/gezonde-darmflora.nl\/it\/spedizione-e-consegna\/","title":{"rendered":"Spedizione e consegna"},"content":{"rendered":"<div class=\"wpb-content-wrapper\"><p>[vc_row full_width=&#8221;stretch_row_content_no_spaces&#8221;][vc_column]\r\n    <div class=\"page-title\">\r\n        <div class=\"container\">\r\n            <div class=\"row\">\r\n                <div class=\"col\">\r\n                    <h1>Spedizione e consegna<\/h1>\r\n                <\/div>\r\n            <\/div>\r\n        <\/div>\r\n    <\/div>\r\n\r\n    [\/vc_column][\/vc_row][vc_row][vc_column width=&#8221;2\/3&#8243;][vc_column_text css=&#8221;&#8221;]<\/p>\n<h2>Spedizione nei Paesi Bassi:<\/h2>\n<p>Ogni luned\u00ec pomeriggio gli ordini aperti vengono imballati e preparati per la spedizione. Noi stessi portiamo i pacchi in un centro di smistamento DHL. La mattina successiva, il tuo ordine sar\u00e0 consegnato entro le 12.00. Non siamo responsabili di eventuali ritardi. Nella scatola 30x30x30 eps c&#8217;\u00e8 abbastanza ghiaccio secco per effettuare il trapianto gioved\u00ec.<\/p>\n<h2>Spedizione in paesi UE e non UE:<\/h2>\n<p>Gli ordini per l&#8217;UE vengono ritirati il luned\u00ec pomeriggio. Per l&#8217;UE e oltre, collaboriamo con DHL e FedEx. Spediamo in una scatola eps 40x30x35 che pu\u00f2 contenere 14,5 kg di ghiaccio secco. Il giorno di consegna nell&#8217;UE \u00e8 generalmente entro 1 o 2 giorni. Al di fuori dell&#8217;UE da 2 a 3 giorni.    <\/p>\n<h2>Consegna:<\/h2>\n<p>Puoi seguire il tuo pacco via e-mail (che contiene anche un numero di spedizione). All&#8217;interno della scatola di cartone troverai una scatola in EPS sigillata con il nostro nastro adesivo. Per prima cosa leggi attentamente la lettera e le istruzioni sul ghiaccio secco. Questa scatola in EPS viene riempita di ghiaccio secco per mantenere le capsule alla giusta temperatura (-79 gradi). Il ghiaccio secco perde il 15% del suo volume in 24 ore.    <\/p>\n<h2>Restituzione:<\/h2>\n<p>I prodotti per i quali l&#8217;igiene \u00e8 importante non possono essere restituiti per motivi di tutela della salute se il sigillo \u00e8 stato rotto dopo la consegna. Se il prodotto non viene consegnato in buone condizioni, contatta il nostro servizio clienti. Ti consigliamo di filmare l&#8217;apertura della scatola di spedizione e della scatola EPS o di scattare immediatamente una foto chiara delle condizioni del pacco al momento della ricezione.[\/vc_column_text][\/vc_column][vc_column width=&#8221;1\/3&#8243;]\r\n    <div class=\"blob-image-wrap\">\r\n        <img decoding=\"async\" src=\"https:\/\/gezonde-darmflora.nl\/wp-content\/uploads\/2020\/08\/eps-doos.jpg\">\r\n    <\/div>\r\n    <p class=\"blob-image__caption\"><\/p>\r\n\r\n    [\/vc_column][\/vc_row][vc_row][vc_column]<div class=\"eye_empty_space pt-md-5 pb-md-5   pt-4 pb-4\"><\/div>[\/vc_column][\/vc_row][vc_row][vc_column width=&#8221;1\/3&#8243;][vc_column_text]<\/p>\n<h5>Domande frequenti<\/h5>\n<p>Hai ancora delle domande? Consulta le <a href=\"https:\/\/gezonde-darmflora.nl\/it\/domande-frequenti\/\">domande e le risposte pi\u00f9 frequenti<\/a> qui.[\/vc_column_text][\/vc_column][vc_column width=&#8221;1\/3&#8243;][vc_column_text]<\/p>\n<h5>Email<\/h5>\n<p>Puoi contattarci tramite il nostro <a href=\"https:\/\/gezonde-darmflora.nl\/it\/contatto\/\">modulo di contatto<\/a> o via e-mail all&#8217;indirizzo <a href=\"mailto:info@gezonde-darmflora.nl\">info[@]healthy-gutflora.co.uk.<\/a>[\/vc_column_text][\/vc_column][vc_column width=&#8221;1\/3&#8243;][vc_column_text]<\/p>\n<h5>Telefono<\/h5>\n<p>Dal luned\u00ec al mercoled\u00ec, possiamo essere contattati telefonicamente dalle 12.00 alle 14.00 al numero 06-22226118.[\/vc_column_text][\/vc_column][\/vc_row]<\/p>\n<\/div>","protected":false},"excerpt":{"rendered":"<p>[vc_row full_width=&#8221;stretch_row_content_no_spaces&#8221;][vc_column][\/vc_column][\/vc_row][vc_row][vc_column width=&#8221;2\/3&#8243;][vc_column_text css=&#8221;&#8221;] Spedizione nei Paesi Bassi: Ogni luned\u00ec pomeriggio gli ordini aperti vengono imballati e preparati per la spedizione. Noi stessi portiamo i pacchi in un centro di smistamento DHL. La mattina successiva, il tuo ordine sar\u00e0 consegnato entro le 12.00. Non siamo responsabili di eventuali ritardi. Nella scatola 30x30x30 eps c&#8217;\u00e8 abbastanza\u2026 <a href=\"https:\/\/gezonde-darmflora.nl\/it\/spedizione-e-consegna\/\">Leggi tutto &raquo;<\/a><\/p>\n","protected":false},"author":4,"featured_media":0,"parent":0,"menu_order":0,"comment_status":"closed","ping_status":"closed","template":"","meta":{"_acf_changed":false,"footnotes":""},"class_list":["post-14921","page","type-page","status-publish","hentry"],"acf":[],"yoast_head":"<!-- This site is optimized with the Yoast SEO plugin v27.1.1 - https:\/\/yoast.com\/product\/yoast-seo-wordpress\/ -->\n<title>Spedizione e consegna &#8211; Gezonde Darmflora<\/title>\n<meta name=\"robots\" content=\"index, follow, max-snippet:-1, max-image-preview:large, max-video-preview:-1\" \/>\n<link rel=\"canonical\" href=\"https:\/\/gezonde-darmflora.nl\/it\/spedizione-e-consegna\/\" \/>\n<meta property=\"og:locale\" content=\"it_IT\" \/>\n<meta property=\"og:type\" content=\"article\" \/>\n<meta property=\"og:title\" content=\"Spedizione e consegna &#8211; Gezonde Darmflora\" \/>\n<meta property=\"og:description\" content=\"[vc_row full_width=&#8221;stretch_row_content_no_spaces&#8221;][vc_column][\/vc_column][\/vc_row][vc_row][vc_column width=&#8221;2\/3&#8243;][vc_column_text css=&#8221;&#8221;] Spedizione nei Paesi Bassi: Ogni luned\u00ec pomeriggio gli ordini aperti vengono imballati e preparati per la spedizione. Noi stessi portiamo i pacchi in un centro di smistamento DHL. La mattina successiva, il tuo ordine sar\u00e0 consegnato entro le 12.00. Non siamo responsabili di eventuali ritardi. Nella scatola 30x30x30 eps c&#8217;\u00e8 abbastanza\u2026 Leggi tutto &raquo;\" \/>\n<meta property=\"og:url\" content=\"https:\/\/gezonde-darmflora.nl\/it\/spedizione-e-consegna\/\" \/>\n<meta property=\"og:site_name\" content=\"Gezonde Darmflora\" \/>\n<meta property=\"article:modified_time\" content=\"2025-01-27T15:17:03+00:00\" \/>\n<meta name=\"twitter:card\" content=\"summary_large_image\" \/>\n<meta name=\"twitter:label1\" content=\"Tempo di lettura stimato\" \/>\n\t<meta name=\"twitter:data1\" content=\"2 minuti\" \/>\n<script type=\"application\/ld+json\" class=\"yoast-schema-graph\">{\"@context\":\"https:\/\/schema.org\",\"@graph\":[{\"@type\":\"WebPage\",\"@id\":\"https:\/\/gezonde-darmflora.nl\/it\/spedizione-e-consegna\/\",\"url\":\"https:\/\/gezonde-darmflora.nl\/it\/spedizione-e-consegna\/\",\"name\":\"Spedizione e consegna &#8211; Gezonde Darmflora\",\"isPartOf\":{\"@id\":\"https:\/\/gezonde-darmflora.nl\/it\/#website\"},\"datePublished\":\"2020-08-03T10:44:57+00:00\",\"dateModified\":\"2025-01-27T15:17:03+00:00\",\"breadcrumb\":{\"@id\":\"https:\/\/gezonde-darmflora.nl\/it\/spedizione-e-consegna\/#breadcrumb\"},\"inLanguage\":\"it-IT\",\"potentialAction\":[{\"@type\":\"ReadAction\",\"target\":[\"https:\/\/gezonde-darmflora.nl\/it\/spedizione-e-consegna\/\"]}]},{\"@type\":\"BreadcrumbList\",\"@id\":\"https:\/\/gezonde-darmflora.nl\/it\/spedizione-e-consegna\/#breadcrumb\",\"itemListElement\":[{\"@type\":\"ListItem\",\"position\":1,\"name\":\"Home\",\"item\":\"https:\/\/gezonde-darmflora.nl\/it\/\"},{\"@type\":\"ListItem\",\"position\":2,\"name\":\"Spedizione e consegna\"}]},{\"@type\":\"WebSite\",\"@id\":\"https:\/\/gezonde-darmflora.nl\/it\/#website\",\"url\":\"https:\/\/gezonde-darmflora.nl\/it\/\",\"name\":\"Gezonde Darmflora\",\"description\":\"Een gezonde &amp; natuurlijke darmflora\",\"potentialAction\":[{\"@type\":\"SearchAction\",\"target\":{\"@type\":\"EntryPoint\",\"urlTemplate\":\"https:\/\/gezonde-darmflora.nl\/it\/?s={search_term_string}\"},\"query-input\":{\"@type\":\"PropertyValueSpecification\",\"valueRequired\":true,\"valueName\":\"search_term_string\"}}],\"inLanguage\":\"it-IT\"}]}<\/script>\n<!-- \/ Yoast SEO plugin. -->","yoast_head_json":{"title":"Spedizione e consegna &#8211; Gezonde Darmflora","robots":{"index":"index","follow":"follow","max-snippet":"max-snippet:-1","max-image-preview":"max-image-preview:large","max-video-preview":"max-video-preview:-1"},"canonical":"https:\/\/gezonde-darmflora.nl\/it\/spedizione-e-consegna\/","og_locale":"it_IT","og_type":"article","og_title":"Spedizione e consegna &#8211; Gezonde Darmflora","og_description":"[vc_row full_width=&#8221;stretch_row_content_no_spaces&#8221;][vc_column][\/vc_column][\/vc_row][vc_row][vc_column width=&#8221;2\/3&#8243;][vc_column_text css=&#8221;&#8221;] Spedizione nei Paesi Bassi: Ogni luned\u00ec pomeriggio gli ordini aperti vengono imballati e preparati per la spedizione. Noi stessi portiamo i pacchi in un centro di smistamento DHL. La mattina successiva, il tuo ordine sar\u00e0 consegnato entro le 12.00. Non siamo responsabili di eventuali ritardi. Nella scatola 30x30x30 eps c&#8217;\u00e8 abbastanza\u2026 Leggi tutto &raquo;","og_url":"https:\/\/gezonde-darmflora.nl\/it\/spedizione-e-consegna\/","og_site_name":"Gezonde Darmflora","article_modified_time":"2025-01-27T15:17:03+00:00","twitter_card":"summary_large_image","twitter_misc":{"Tempo di lettura stimato":"2 minuti"},"schema":{"@context":"https:\/\/schema.org","@graph":[{"@type":"WebPage","@id":"https:\/\/gezonde-darmflora.nl\/it\/spedizione-e-consegna\/","url":"https:\/\/gezonde-darmflora.nl\/it\/spedizione-e-consegna\/","name":"Spedizione e consegna &#8211; Gezonde Darmflora","isPartOf":{"@id":"https:\/\/gezonde-darmflora.nl\/it\/#website"},"datePublished":"2020-08-03T10:44:57+00:00","dateModified":"2025-01-27T15:17:03+00:00","breadcrumb":{"@id":"https:\/\/gezonde-darmflora.nl\/it\/spedizione-e-consegna\/#breadcrumb"},"inLanguage":"it-IT","potentialAction":[{"@type":"ReadAction","target":["https:\/\/gezonde-darmflora.nl\/it\/spedizione-e-consegna\/"]}]},{"@type":"BreadcrumbList","@id":"https:\/\/gezonde-darmflora.nl\/it\/spedizione-e-consegna\/#breadcrumb","itemListElement":[{"@type":"ListItem","position":1,"name":"Home","item":"https:\/\/gezonde-darmflora.nl\/it\/"},{"@type":"ListItem","position":2,"name":"Spedizione e consegna"}]},{"@type":"WebSite","@id":"https:\/\/gezonde-darmflora.nl\/it\/#website","url":"https:\/\/gezonde-darmflora.nl\/it\/","name":"Gezonde Darmflora","description":"Een gezonde &amp; natuurlijke darmflora","potentialAction":[{"@type":"SearchAction","target":{"@type":"EntryPoint","urlTemplate":"https:\/\/gezonde-darmflora.nl\/it\/?s={search_term_string}"},"query-input":{"@type":"PropertyValueSpecification","valueRequired":true,"valueName":"search_term_string"}}],"inLanguage":"it-IT"}]}},"_links":{"self":[{"href":"https:\/\/gezonde-darmflora.nl\/it\/wp-json\/wp\/v2\/pages\/14921","targetHints":{"allow":["GET"]}}],"collection":[{"href":"https:\/\/gezonde-darmflora.nl\/it\/wp-json\/wp\/v2\/pages"}],"about":[{"href":"https:\/\/gezonde-darmflora.nl\/it\/wp-json\/wp\/v2\/types\/page"}],"author":[{"embeddable":true,"href":"https:\/\/gezonde-darmflora.nl\/it\/wp-json\/wp\/v2\/users\/4"}],"replies":[{"embeddable":true,"href":"https:\/\/gezonde-darmflora.nl\/it\/wp-json\/wp\/v2\/comments?post=14921"}],"version-history":[{"count":10,"href":"https:\/\/gezonde-darmflora.nl\/it\/wp-json\/wp\/v2\/pages\/14921\/revisions"}],"predecessor-version":[{"id":14959,"href":"https:\/\/gezonde-darmflora.nl\/it\/wp-json\/wp\/v2\/pages\/14921\/revisions\/14959"}],"wp:attachment":[{"href":"https:\/\/gezonde-darmflora.nl\/it\/wp-json\/wp\/v2\/media?parent=14921"}],"curies":[{"name":"wp","href":"https:\/\/api.w.org\/{rel}","templated":true}]}}