{"id":18322,"date":"2024-10-14T13:23:24","date_gmt":"2024-10-14T11:23:24","guid":{"rendered":"https:\/\/gezonde-darmflora.nl\/product\/df8\/"},"modified":"2026-03-03T10:01:01","modified_gmt":"2026-03-03T09:01:01","slug":"df8","status":"publish","type":"product","link":"https:\/\/gezonde-darmflora.nl\/fr\/produit\/df8\/","title":{"rendered":"DF8"},"content":{"rendered":"<div dir=\"ltr\">DF8 est un homme doux et tranquille. Entretient son corps \u00e0 la salle de sport et pratique souvent le sport, en particulier la boxe et le tennis. M\u00e8ne une vie tranquille et stable. Pr\u00e9pare lui-m\u00eame ses repas dans des ustensiles de cuisine en acier inoxydable. N&rsquo;est pas vaccin\u00e9 contre Covid. <a href=\"https:\/\/gezonde-darmflora.nl\/wp-content\/uploads\/2024\/04\/MPC00469-Specrapport-J.N.-ENG-1.pdf\"><strong>Cliquez ici pour les r\u00e9sultats le microbiome<\/strong><\/a><strong>\u00a0<\/strong>\/ <a href=\"https:\/\/gezonde-darmflora.nl\/wp-content\/uploads\/2024\/04\/DF8-25-11-25.png\"><br \/>\n<strong>Cliquez ici pour les r\u00e9sultats des tests f\u00e9caux<\/strong><br \/>\n<\/a>\/ <a href=\"https:\/\/gezonde-darmflora.nl\/wp-content\/uploads\/2024\/04\/DF9-scaled.jpg\"><br \/>\n<strong>Cliquez ici pour le test sanguin<\/strong><br \/>\n<\/a><\/div>\n<div dir=\"ltr\"><\/div>\n<p>&nbsp;<\/p>\n","protected":false},"excerpt":{"rendered":"<p>Ce montant ne comprend pas le co\u00fbt de la glace s\u00e8che, de l&#8217;emballage et des frais d&rsquo;exp\u00e9dition.<\/p>\n","protected":false},"featured_media":18316,"comment_status":"open","ping_status":"closed","template":"","meta":{"_acf_changed":false},"product_brand":[],"product_cat":[267],"product_tag":[],"class_list":{"0":"post-18322","1":"product","2":"type-product","3":"status-publish","4":"has-post-thumbnail","6":"product_cat-flore-intestinale","7":"product_shipping_class-standard-fr","9":"first","10":"instock","11":"taxable","12":"shipping-taxable","13":"purchasable","14":"product-type-variable","15":"has-default-attributes"},"acf":[],"yoast_head":"<!-- This site is optimized with the Yoast SEO plugin v27.1.1 - https:\/\/yoast.com\/product\/yoast-seo-wordpress\/ -->\n<title>DF8 &#8211; Gezonde Darmflora<\/title>\n<meta name=\"robots\" content=\"index, follow, max-snippet:-1, max-image-preview:large, max-video-preview:-1\" \/>\n<link rel=\"canonical\" href=\"https:\/\/gezonde-darmflora.nl\/fr\/produit\/df8\/\" \/>\n<meta property=\"og:locale\" content=\"fr_FR\" \/>\n<meta property=\"og:type\" content=\"article\" \/>\n<meta property=\"og:title\" content=\"DF8 &#8211; Gezonde Darmflora\" \/>\n<meta property=\"og:description\" content=\"Ce montant ne comprend pas le co\u00fbt de la glace s\u00e8che, de l&#039;emballage et des frais d&#039;exp\u00e9dition.\" \/>\n<meta property=\"og:url\" content=\"https:\/\/gezonde-darmflora.nl\/fr\/produit\/df8\/\" \/>\n<meta property=\"og:site_name\" content=\"Gezonde Darmflora\" \/>\n<meta property=\"article:modified_time\" content=\"2026-03-03T09:01:01+00:00\" \/>\n<meta property=\"og:image\" content=\"https:\/\/gezonde-darmflora.nl\/wp-content\/uploads\/2024\/10\/LEGE-CAPSULE-DF8.jpg\" \/>\n\t<meta property=\"og:image:width\" content=\"992\" \/>\n\t<meta property=\"og:image:height\" content=\"992\" \/>\n\t<meta property=\"og:image:type\" content=\"image\/jpeg\" \/>\n<meta name=\"twitter:card\" content=\"summary_large_image\" \/>\n<meta name=\"twitter:label1\" content=\"Dur\u00e9e de lecture estim\u00e9e\" \/>\n\t<meta name=\"twitter:data1\" content=\"1 minute\" \/>\n<script type=\"application\/ld+json\" class=\"yoast-schema-graph\">{\"@context\":\"https:\/\/schema.org\",\"@graph\":[{\"@type\":\"WebPage\",\"@id\":\"https:\/\/gezonde-darmflora.nl\/fr\/produit\/df8\/\",\"url\":\"https:\/\/gezonde-darmflora.nl\/fr\/produit\/df8\/\",\"name\":\"DF8 &#8211; Gezonde Darmflora\",\"isPartOf\":{\"@id\":\"https:\/\/gezonde-darmflora.nl\/fr\/#website\"},\"primaryImageOfPage\":{\"@id\":\"https:\/\/gezonde-darmflora.nl\/fr\/produit\/df8\/#primaryimage\"},\"image\":{\"@id\":\"https:\/\/gezonde-darmflora.nl\/fr\/produit\/df8\/#primaryimage\"},\"thumbnailUrl\":\"https:\/\/gezonde-darmflora.nl\/wp-content\/uploads\/2024\/10\/LEGE-CAPSULE-DF8.jpg\",\"datePublished\":\"2024-10-14T11:23:24+00:00\",\"dateModified\":\"2026-03-03T09:01:01+00:00\",\"breadcrumb\":{\"@id\":\"https:\/\/gezonde-darmflora.nl\/fr\/produit\/df8\/#breadcrumb\"},\"inLanguage\":\"fr-FR\",\"potentialAction\":[{\"@type\":\"ReadAction\",\"target\":[\"https:\/\/gezonde-darmflora.nl\/fr\/produit\/df8\/\"]}]},{\"@type\":\"ImageObject\",\"inLanguage\":\"fr-FR\",\"@id\":\"https:\/\/gezonde-darmflora.nl\/fr\/produit\/df8\/#primaryimage\",\"url\":\"https:\/\/gezonde-darmflora.nl\/wp-content\/uploads\/2024\/10\/LEGE-CAPSULE-DF8.jpg\",\"contentUrl\":\"https:\/\/gezonde-darmflora.nl\/wp-content\/uploads\/2024\/10\/LEGE-CAPSULE-DF8.jpg\",\"width\":992,\"height\":992},{\"@type\":\"BreadcrumbList\",\"@id\":\"https:\/\/gezonde-darmflora.nl\/fr\/produit\/df8\/#breadcrumb\",\"itemListElement\":[{\"@type\":\"ListItem\",\"position\":1,\"name\":\"Home\",\"item\":\"https:\/\/gezonde-darmflora.nl\/fr\/\"},{\"@type\":\"ListItem\",\"position\":2,\"name\":\"Boutique\",\"item\":\"https:\/\/gezonde-darmflora.nl\/boutique\/\"},{\"@type\":\"ListItem\",\"position\":3,\"name\":\"DF8\"}]},{\"@type\":\"WebSite\",\"@id\":\"https:\/\/gezonde-darmflora.nl\/fr\/#website\",\"url\":\"https:\/\/gezonde-darmflora.nl\/fr\/\",\"name\":\"Gezonde Darmflora\",\"description\":\"Een gezonde &amp; natuurlijke darmflora\",\"potentialAction\":[{\"@type\":\"SearchAction\",\"target\":{\"@type\":\"EntryPoint\",\"urlTemplate\":\"https:\/\/gezonde-darmflora.nl\/fr\/?s={search_term_string}\"},\"query-input\":{\"@type\":\"PropertyValueSpecification\",\"valueRequired\":true,\"valueName\":\"search_term_string\"}}],\"inLanguage\":\"fr-FR\"}]}<\/script>\n<!-- \/ Yoast SEO plugin. -->","yoast_head_json":{"title":"DF8 &#8211; Gezonde Darmflora","robots":{"index":"index","follow":"follow","max-snippet":"max-snippet:-1","max-image-preview":"max-image-preview:large","max-video-preview":"max-video-preview:-1"},"canonical":"https:\/\/gezonde-darmflora.nl\/fr\/produit\/df8\/","og_locale":"fr_FR","og_type":"article","og_title":"DF8 &#8211; Gezonde Darmflora","og_description":"Ce montant ne comprend pas le co\u00fbt de la glace s\u00e8che, de l'emballage et des frais d'exp\u00e9dition.","og_url":"https:\/\/gezonde-darmflora.nl\/fr\/produit\/df8\/","og_site_name":"Gezonde Darmflora","article_modified_time":"2026-03-03T09:01:01+00:00","og_image":[{"width":992,"height":992,"url":"https:\/\/gezonde-darmflora.nl\/wp-content\/uploads\/2024\/10\/LEGE-CAPSULE-DF8.jpg","type":"image\/jpeg"}],"twitter_card":"summary_large_image","twitter_misc":{"Dur\u00e9e de lecture estim\u00e9e":"1 minute"},"schema":{"@context":"https:\/\/schema.org","@graph":[{"@type":"WebPage","@id":"https:\/\/gezonde-darmflora.nl\/fr\/produit\/df8\/","url":"https:\/\/gezonde-darmflora.nl\/fr\/produit\/df8\/","name":"DF8 &#8211; Gezonde Darmflora","isPartOf":{"@id":"https:\/\/gezonde-darmflora.nl\/fr\/#website"},"primaryImageOfPage":{"@id":"https:\/\/gezonde-darmflora.nl\/fr\/produit\/df8\/#primaryimage"},"image":{"@id":"https:\/\/gezonde-darmflora.nl\/fr\/produit\/df8\/#primaryimage"},"thumbnailUrl":"https:\/\/gezonde-darmflora.nl\/wp-content\/uploads\/2024\/10\/LEGE-CAPSULE-DF8.jpg","datePublished":"2024-10-14T11:23:24+00:00","dateModified":"2026-03-03T09:01:01+00:00","breadcrumb":{"@id":"https:\/\/gezonde-darmflora.nl\/fr\/produit\/df8\/#breadcrumb"},"inLanguage":"fr-FR","potentialAction":[{"@type":"ReadAction","target":["https:\/\/gezonde-darmflora.nl\/fr\/produit\/df8\/"]}]},{"@type":"ImageObject","inLanguage":"fr-FR","@id":"https:\/\/gezonde-darmflora.nl\/fr\/produit\/df8\/#primaryimage","url":"https:\/\/gezonde-darmflora.nl\/wp-content\/uploads\/2024\/10\/LEGE-CAPSULE-DF8.jpg","contentUrl":"https:\/\/gezonde-darmflora.nl\/wp-content\/uploads\/2024\/10\/LEGE-CAPSULE-DF8.jpg","width":992,"height":992},{"@type":"BreadcrumbList","@id":"https:\/\/gezonde-darmflora.nl\/fr\/produit\/df8\/#breadcrumb","itemListElement":[{"@type":"ListItem","position":1,"name":"Home","item":"https:\/\/gezonde-darmflora.nl\/fr\/"},{"@type":"ListItem","position":2,"name":"Boutique","item":"https:\/\/gezonde-darmflora.nl\/boutique\/"},{"@type":"ListItem","position":3,"name":"DF8"}]},{"@type":"WebSite","@id":"https:\/\/gezonde-darmflora.nl\/fr\/#website","url":"https:\/\/gezonde-darmflora.nl\/fr\/","name":"Gezonde Darmflora","description":"Een gezonde &amp; natuurlijke darmflora","potentialAction":[{"@type":"SearchAction","target":{"@type":"EntryPoint","urlTemplate":"https:\/\/gezonde-darmflora.nl\/fr\/?s={search_term_string}"},"query-input":{"@type":"PropertyValueSpecification","valueRequired":true,"valueName":"search_term_string"}}],"inLanguage":"fr-FR"}]}},"_links":{"self":[{"href":"https:\/\/gezonde-darmflora.nl\/fr\/wp-json\/wp\/v2\/product\/18322","targetHints":{"allow":["GET"]}}],"collection":[{"href":"https:\/\/gezonde-darmflora.nl\/fr\/wp-json\/wp\/v2\/product"}],"about":[{"href":"https:\/\/gezonde-darmflora.nl\/fr\/wp-json\/wp\/v2\/types\/product"}],"replies":[{"embeddable":true,"href":"https:\/\/gezonde-darmflora.nl\/fr\/wp-json\/wp\/v2\/comments?post=18322"}],"wp:featuredmedia":[{"embeddable":true,"href":"https:\/\/gezonde-darmflora.nl\/fr\/wp-json\/wp\/v2\/media\/18316"}],"wp:attachment":[{"href":"https:\/\/gezonde-darmflora.nl\/fr\/wp-json\/wp\/v2\/media?parent=18322"}],"wp:term":[{"taxonomy":"product_brand","embeddable":true,"href":"https:\/\/gezonde-darmflora.nl\/fr\/wp-json\/wp\/v2\/product_brand?post=18322"},{"taxonomy":"product_cat","embeddable":true,"href":"https:\/\/gezonde-darmflora.nl\/fr\/wp-json\/wp\/v2\/product_cat?post=18322"},{"taxonomy":"product_tag","embeddable":true,"href":"https:\/\/gezonde-darmflora.nl\/fr\/wp-json\/wp\/v2\/product_tag?post=18322"}],"curies":[{"name":"wp","href":"https:\/\/api.w.org\/{rel}","templated":true}]}}