{"id":15523,"date":"2024-03-08T11:11:33","date_gmt":"2024-03-08T10:11:33","guid":{"rendered":"https:\/\/gezonde-darmflora.nl\/product\/df6\/"},"modified":"2026-04-07T12:19:15","modified_gmt":"2026-04-07T10:19:15","slug":"df6","status":"publish","type":"product","link":"https:\/\/gezonde-darmflora.nl\/fr\/produit\/df6\/","title":{"rendered":"DF6"},"content":{"rendered":"<p>DF6 (Allemagne) est un ancien judoka de haut niveau. N&rsquo;a jamais \u00e9t\u00e9 malade. A re\u00e7u une \u00e9ducation anthroposophique. N&rsquo;a jamais pris de m\u00e9dicaments et ne mange que des produits de sa propre cuisine, de la viande ou du poisson deux fois par semaine. Ne mange jamais de produits \u00e0 base de sucre ajout\u00e9. DF6 est un m\u00e9lange de deux cultures, l&rsquo;Angleterre et l&rsquo;Inde. N&rsquo;est pas vaccin\u00e9 contre Covid.        <a href=\"https:\/\/gezonde-darmflora.nl\/wp-content\/uploads\/2020\/06\/MPC00231-NB-Specialistenrapport.pdf\"><strong>Cliquez ici pour les capsules du rapport sur le microbiome<\/strong><\/a><\/p>\n<p>\/ <a href=\"https:\/\/gezonde-darmflora.nl\/wp-content\/uploads\/2024\/04\/DF6-OVERZICHT-scaled.jpg\"><strong>Cliquez ici pour les r\u00e9sultats des capsules de test de selles<\/strong><\/a><\/p>\n<p>\/ <a href=\"https:\/\/gezonde-darmflora.nl\/wp-content\/uploads\/2020\/06\/NB-bloedtest-scaled.jpg\"><strong>Cliquez ici pour les g\u00e9lules de test sanguin<\/strong><\/a><\/p>\n<p>&nbsp;<\/p>\n<p>&nbsp;<\/p>\n<p>DF6 a beaucoup voyag\u00e9. En <strong>d\u00e9cembre 2025<\/strong>, elle a s\u00e9journ\u00e9 aux Pays-Bas pendant quinze jours. Au cours de ce s\u00e9jour, elle a subi un nouveau test et a \u00e9t\u00e9 enti\u00e8rement approuv\u00e9e. <strong>La p\u00e9riode disponible a \u00e9t\u00e9 utilis\u00e9e exclusivement pour la production de lavements<\/strong>. Par cons\u00e9quent, le stock de lavements est actuellement limit\u00e9.    <\/p>\n<p><a href=\"https:\/\/gezonde-darmflora.nl\/wp-content\/uploads\/2024\/04\/MPC00490-NL-Spec.rapport-NB-1.pdf\">Pour le rapport sur le lavement au microbiome : cliquez ici.<\/a><br \/>\n<a href=\"https:\/\/gezonde-darmflora.nl\/wp-content\/uploads\/2024\/04\/labrapport-DF6-dec2025.pdf\">Pour le lavement de rapport sanguin : cliquez ici.<\/a><br \/>\n<a href=\"https:\/\/gezonde-darmflora.nl\/wp-content\/uploads\/2024\/04\/DF6-DEC-25.jpg\">Pour les tests de lavement f\u00e9cal : cliquez ici.<\/a><\/p>\n","protected":false},"excerpt":{"rendered":"<p>Ce montant ne comprend pas le co\u00fbt de la glace s\u00e8che, de l&#8217;emballage et des frais d&rsquo;exp\u00e9dition.<\/p>\n","protected":false},"featured_media":15525,"comment_status":"open","ping_status":"closed","template":"","meta":{"_acf_changed":false},"product_brand":[],"product_cat":[42],"product_tag":[],"class_list":{"0":"post-15523","1":"product","2":"type-product","3":"status-publish","4":"has-post-thumbnail","6":"product_cat-darmflora","7":"product_shipping_class-standaard","9":"first","10":"instock","11":"taxable","12":"shipping-taxable","13":"purchasable","14":"product-type-variable","15":"has-default-attributes"},"acf":[],"yoast_head":"<!-- This site is optimized with the Yoast SEO plugin v27.1.1 - https:\/\/yoast.com\/product\/yoast-seo-wordpress\/ -->\n<title>DF6 &#8211; Gezonde Darmflora<\/title>\n<meta name=\"robots\" content=\"index, follow, max-snippet:-1, max-image-preview:large, max-video-preview:-1\" \/>\n<link rel=\"canonical\" href=\"https:\/\/gezonde-darmflora.nl\/fr\/produit\/df6\/\" \/>\n<meta property=\"og:locale\" content=\"fr_FR\" \/>\n<meta property=\"og:type\" content=\"article\" \/>\n<meta property=\"og:title\" content=\"DF6 &#8211; Gezonde Darmflora\" \/>\n<meta property=\"og:description\" content=\"Ce montant ne comprend pas le co\u00fbt de la glace s\u00e8che, de l&#039;emballage et des frais d&#039;exp\u00e9dition.\" \/>\n<meta property=\"og:url\" content=\"https:\/\/gezonde-darmflora.nl\/fr\/produit\/df6\/\" \/>\n<meta property=\"og:site_name\" content=\"Gezonde Darmflora\" \/>\n<meta property=\"article:modified_time\" content=\"2026-04-07T10:19:15+00:00\" \/>\n<meta property=\"og:image\" content=\"https:\/\/gezonde-darmflora.nl\/wp-content\/uploads\/2020\/06\/LEGE-CAPSULE-DF6.jpg\" \/>\n\t<meta property=\"og:image:width\" content=\"992\" \/>\n\t<meta property=\"og:image:height\" content=\"992\" \/>\n\t<meta property=\"og:image:type\" content=\"image\/jpeg\" \/>\n<meta name=\"twitter:card\" content=\"summary_large_image\" \/>\n<meta name=\"twitter:label1\" content=\"Dur\u00e9e de lecture estim\u00e9e\" \/>\n\t<meta name=\"twitter:data1\" content=\"2 minutes\" \/>\n<script type=\"application\/ld+json\" class=\"yoast-schema-graph\">{\"@context\":\"https:\/\/schema.org\",\"@graph\":[{\"@type\":\"WebPage\",\"@id\":\"https:\/\/gezonde-darmflora.nl\/fr\/produit\/df6\/\",\"url\":\"https:\/\/gezonde-darmflora.nl\/fr\/produit\/df6\/\",\"name\":\"DF6 &#8211; Gezonde Darmflora\",\"isPartOf\":{\"@id\":\"https:\/\/gezonde-darmflora.nl\/fr\/#website\"},\"primaryImageOfPage\":{\"@id\":\"https:\/\/gezonde-darmflora.nl\/fr\/produit\/df6\/#primaryimage\"},\"image\":{\"@id\":\"https:\/\/gezonde-darmflora.nl\/fr\/produit\/df6\/#primaryimage\"},\"thumbnailUrl\":\"https:\/\/gezonde-darmflora.nl\/wp-content\/uploads\/2020\/06\/LEGE-CAPSULE-DF6.jpg\",\"datePublished\":\"2024-03-08T10:11:33+00:00\",\"dateModified\":\"2026-04-07T10:19:15+00:00\",\"breadcrumb\":{\"@id\":\"https:\/\/gezonde-darmflora.nl\/fr\/produit\/df6\/#breadcrumb\"},\"inLanguage\":\"fr-FR\",\"potentialAction\":[{\"@type\":\"ReadAction\",\"target\":[\"https:\/\/gezonde-darmflora.nl\/fr\/produit\/df6\/\"]}]},{\"@type\":\"ImageObject\",\"inLanguage\":\"fr-FR\",\"@id\":\"https:\/\/gezonde-darmflora.nl\/fr\/produit\/df6\/#primaryimage\",\"url\":\"https:\/\/gezonde-darmflora.nl\/wp-content\/uploads\/2020\/06\/LEGE-CAPSULE-DF6.jpg\",\"contentUrl\":\"https:\/\/gezonde-darmflora.nl\/wp-content\/uploads\/2020\/06\/LEGE-CAPSULE-DF6.jpg\",\"width\":992,\"height\":992},{\"@type\":\"BreadcrumbList\",\"@id\":\"https:\/\/gezonde-darmflora.nl\/fr\/produit\/df6\/#breadcrumb\",\"itemListElement\":[{\"@type\":\"ListItem\",\"position\":1,\"name\":\"Home\",\"item\":\"https:\/\/gezonde-darmflora.nl\/fr\/\"},{\"@type\":\"ListItem\",\"position\":2,\"name\":\"Boutique\",\"item\":\"https:\/\/gezonde-darmflora.nl\/boutique\/\"},{\"@type\":\"ListItem\",\"position\":3,\"name\":\"DF6\"}]},{\"@type\":\"WebSite\",\"@id\":\"https:\/\/gezonde-darmflora.nl\/fr\/#website\",\"url\":\"https:\/\/gezonde-darmflora.nl\/fr\/\",\"name\":\"Gezonde Darmflora\",\"description\":\"Een gezonde &amp; natuurlijke darmflora\",\"potentialAction\":[{\"@type\":\"SearchAction\",\"target\":{\"@type\":\"EntryPoint\",\"urlTemplate\":\"https:\/\/gezonde-darmflora.nl\/fr\/?s={search_term_string}\"},\"query-input\":{\"@type\":\"PropertyValueSpecification\",\"valueRequired\":true,\"valueName\":\"search_term_string\"}}],\"inLanguage\":\"fr-FR\"}]}<\/script>\n<!-- \/ Yoast SEO plugin. -->","yoast_head_json":{"title":"DF6 &#8211; Gezonde Darmflora","robots":{"index":"index","follow":"follow","max-snippet":"max-snippet:-1","max-image-preview":"max-image-preview:large","max-video-preview":"max-video-preview:-1"},"canonical":"https:\/\/gezonde-darmflora.nl\/fr\/produit\/df6\/","og_locale":"fr_FR","og_type":"article","og_title":"DF6 &#8211; Gezonde Darmflora","og_description":"Ce montant ne comprend pas le co\u00fbt de la glace s\u00e8che, de l'emballage et des frais d'exp\u00e9dition.","og_url":"https:\/\/gezonde-darmflora.nl\/fr\/produit\/df6\/","og_site_name":"Gezonde Darmflora","article_modified_time":"2026-04-07T10:19:15+00:00","og_image":[{"width":992,"height":992,"url":"https:\/\/gezonde-darmflora.nl\/wp-content\/uploads\/2020\/06\/LEGE-CAPSULE-DF6.jpg","type":"image\/jpeg"}],"twitter_card":"summary_large_image","twitter_misc":{"Dur\u00e9e de lecture estim\u00e9e":"2 minutes"},"schema":{"@context":"https:\/\/schema.org","@graph":[{"@type":"WebPage","@id":"https:\/\/gezonde-darmflora.nl\/fr\/produit\/df6\/","url":"https:\/\/gezonde-darmflora.nl\/fr\/produit\/df6\/","name":"DF6 &#8211; Gezonde Darmflora","isPartOf":{"@id":"https:\/\/gezonde-darmflora.nl\/fr\/#website"},"primaryImageOfPage":{"@id":"https:\/\/gezonde-darmflora.nl\/fr\/produit\/df6\/#primaryimage"},"image":{"@id":"https:\/\/gezonde-darmflora.nl\/fr\/produit\/df6\/#primaryimage"},"thumbnailUrl":"https:\/\/gezonde-darmflora.nl\/wp-content\/uploads\/2020\/06\/LEGE-CAPSULE-DF6.jpg","datePublished":"2024-03-08T10:11:33+00:00","dateModified":"2026-04-07T10:19:15+00:00","breadcrumb":{"@id":"https:\/\/gezonde-darmflora.nl\/fr\/produit\/df6\/#breadcrumb"},"inLanguage":"fr-FR","potentialAction":[{"@type":"ReadAction","target":["https:\/\/gezonde-darmflora.nl\/fr\/produit\/df6\/"]}]},{"@type":"ImageObject","inLanguage":"fr-FR","@id":"https:\/\/gezonde-darmflora.nl\/fr\/produit\/df6\/#primaryimage","url":"https:\/\/gezonde-darmflora.nl\/wp-content\/uploads\/2020\/06\/LEGE-CAPSULE-DF6.jpg","contentUrl":"https:\/\/gezonde-darmflora.nl\/wp-content\/uploads\/2020\/06\/LEGE-CAPSULE-DF6.jpg","width":992,"height":992},{"@type":"BreadcrumbList","@id":"https:\/\/gezonde-darmflora.nl\/fr\/produit\/df6\/#breadcrumb","itemListElement":[{"@type":"ListItem","position":1,"name":"Home","item":"https:\/\/gezonde-darmflora.nl\/fr\/"},{"@type":"ListItem","position":2,"name":"Boutique","item":"https:\/\/gezonde-darmflora.nl\/boutique\/"},{"@type":"ListItem","position":3,"name":"DF6"}]},{"@type":"WebSite","@id":"https:\/\/gezonde-darmflora.nl\/fr\/#website","url":"https:\/\/gezonde-darmflora.nl\/fr\/","name":"Gezonde Darmflora","description":"Een gezonde &amp; natuurlijke darmflora","potentialAction":[{"@type":"SearchAction","target":{"@type":"EntryPoint","urlTemplate":"https:\/\/gezonde-darmflora.nl\/fr\/?s={search_term_string}"},"query-input":{"@type":"PropertyValueSpecification","valueRequired":true,"valueName":"search_term_string"}}],"inLanguage":"fr-FR"}]}},"_links":{"self":[{"href":"https:\/\/gezonde-darmflora.nl\/fr\/wp-json\/wp\/v2\/product\/15523","targetHints":{"allow":["GET"]}}],"collection":[{"href":"https:\/\/gezonde-darmflora.nl\/fr\/wp-json\/wp\/v2\/product"}],"about":[{"href":"https:\/\/gezonde-darmflora.nl\/fr\/wp-json\/wp\/v2\/types\/product"}],"replies":[{"embeddable":true,"href":"https:\/\/gezonde-darmflora.nl\/fr\/wp-json\/wp\/v2\/comments?post=15523"}],"wp:featuredmedia":[{"embeddable":true,"href":"https:\/\/gezonde-darmflora.nl\/fr\/wp-json\/wp\/v2\/media\/15525"}],"wp:attachment":[{"href":"https:\/\/gezonde-darmflora.nl\/fr\/wp-json\/wp\/v2\/media?parent=15523"}],"wp:term":[{"taxonomy":"product_brand","embeddable":true,"href":"https:\/\/gezonde-darmflora.nl\/fr\/wp-json\/wp\/v2\/product_brand?post=15523"},{"taxonomy":"product_cat","embeddable":true,"href":"https:\/\/gezonde-darmflora.nl\/fr\/wp-json\/wp\/v2\/product_cat?post=15523"},{"taxonomy":"product_tag","embeddable":true,"href":"https:\/\/gezonde-darmflora.nl\/fr\/wp-json\/wp\/v2\/product_tag?post=15523"}],"curies":[{"name":"wp","href":"https:\/\/api.w.org\/{rel}","templated":true}]}}