{"id":15499,"date":"2020-06-17T13:37:23","date_gmt":"2020-06-17T13:37:23","guid":{"rendered":"https:\/\/gezonde-darmflora.nl\/product\/df4\/"},"modified":"2025-08-24T18:29:43","modified_gmt":"2025-08-24T16:29:43","slug":"df4","status":"publish","type":"product","link":"https:\/\/gezonde-darmflora.nl\/fr\/produit\/df4\/","title":{"rendered":"DF4"},"content":{"rendered":"<p>DF4 (Pays-Bas) mange v\u00e9g\u00e9tarien et est chanteuse d&rsquo;op\u00e9ra professionnelle. Si votre voix est votre instrument, il est \u00e9vident que vous prenez soin de votre corps ! A grandi dans une ferme en pleine nature. Elle aime \u00eatre active dans la nature et pr\u00e9f\u00e8re travailler avec les chevaux. Fait du fitness, du v\u00e9lo, de la randonn\u00e9e et aime faire de la moto. Vaccin\u00e9e contre la fi\u00e8vre catarrhale.       <a href=\"https:\/\/gezonde-darmflora.nl\/wp-content\/uploads\/2023\/07\/DF4-MPC00173-Microbioom-.pdf\"><strong>Cliquez ici pour le rapport sur le microbiome<\/strong><\/a><\/p>\n<p>\/ <a href=\"https:\/\/gezonde-darmflora.nl\/wp-content\/uploads\/2020\/06\/DF4-OVERZICHT-scaled.jpg\"><strong>Cliquez ici pour les r\u00e9sultats des tests sur les f\u00e8ces<\/strong><\/a> \/ <a href=\"https:\/\/gezonde-darmflora.nl\/wp-content\/uploads\/2023\/08\/DF4-Bloed-test.pdf\"><strong>Cliquez ici pour le test sanguin<\/strong><\/a><\/p>\n","protected":false},"excerpt":{"rendered":"<p>Ce montant ne comprend pas le co\u00fbt de la glace s\u00e8che, de l&#8217;emballage et des frais d&rsquo;exp\u00e9dition.<\/p>\n","protected":false},"featured_media":15500,"comment_status":"closed","ping_status":"closed","template":"","meta":{"_acf_changed":false},"product_brand":[],"product_cat":[267],"product_tag":[],"class_list":{"0":"post-15499","1":"product","2":"type-product","3":"status-publish","4":"has-post-thumbnail","6":"product_cat-flore-intestinale","7":"product_shipping_class-standard-fr","9":"first","10":"instock","11":"taxable","12":"shipping-taxable","13":"purchasable","14":"product-type-variable"},"acf":[],"yoast_head":"<!-- This site is optimized with the Yoast SEO plugin v27.1.1 - https:\/\/yoast.com\/product\/yoast-seo-wordpress\/ -->\n<title>DF4 &#8211; Gezonde Darmflora<\/title>\n<meta name=\"robots\" content=\"index, follow, max-snippet:-1, max-image-preview:large, max-video-preview:-1\" \/>\n<link rel=\"canonical\" href=\"https:\/\/gezonde-darmflora.nl\/fr\/produit\/df4\/\" \/>\n<meta property=\"og:locale\" content=\"fr_FR\" \/>\n<meta property=\"og:type\" content=\"article\" \/>\n<meta property=\"og:title\" content=\"DF4 &#8211; Gezonde Darmflora\" \/>\n<meta property=\"og:description\" content=\"Ce montant ne comprend pas le co\u00fbt de la glace s\u00e8che, de l&#039;emballage et des frais d&#039;exp\u00e9dition.\" \/>\n<meta property=\"og:url\" content=\"https:\/\/gezonde-darmflora.nl\/fr\/produit\/df4\/\" \/>\n<meta property=\"og:site_name\" content=\"Gezonde Darmflora\" \/>\n<meta property=\"article:modified_time\" content=\"2025-08-24T16:29:43+00:00\" \/>\n<meta property=\"og:image\" content=\"https:\/\/gezonde-darmflora.nl\/wp-content\/uploads\/2020\/06\/LEGE-CAPSULE-DF4-kopie.jpg\" \/>\n\t<meta property=\"og:image:width\" content=\"992\" \/>\n\t<meta property=\"og:image:height\" content=\"992\" \/>\n\t<meta property=\"og:image:type\" content=\"image\/jpeg\" \/>\n<meta name=\"twitter:card\" content=\"summary_large_image\" \/>\n<meta name=\"twitter:label1\" content=\"Dur\u00e9e de lecture estim\u00e9e\" \/>\n\t<meta name=\"twitter:data1\" content=\"1 minute\" \/>\n<script type=\"application\/ld+json\" class=\"yoast-schema-graph\">{\"@context\":\"https:\/\/schema.org\",\"@graph\":[{\"@type\":\"WebPage\",\"@id\":\"https:\/\/gezonde-darmflora.nl\/fr\/produit\/df4\/\",\"url\":\"https:\/\/gezonde-darmflora.nl\/fr\/produit\/df4\/\",\"name\":\"DF4 &#8211; Gezonde Darmflora\",\"isPartOf\":{\"@id\":\"https:\/\/gezonde-darmflora.nl\/fr\/#website\"},\"primaryImageOfPage\":{\"@id\":\"https:\/\/gezonde-darmflora.nl\/fr\/produit\/df4\/#primaryimage\"},\"image\":{\"@id\":\"https:\/\/gezonde-darmflora.nl\/fr\/produit\/df4\/#primaryimage\"},\"thumbnailUrl\":\"https:\/\/gezonde-darmflora.nl\/wp-content\/uploads\/2020\/06\/LEGE-CAPSULE-DF4-kopie.jpg\",\"datePublished\":\"2020-06-17T13:37:23+00:00\",\"dateModified\":\"2025-08-24T16:29:43+00:00\",\"breadcrumb\":{\"@id\":\"https:\/\/gezonde-darmflora.nl\/fr\/produit\/df4\/#breadcrumb\"},\"inLanguage\":\"fr-FR\",\"potentialAction\":[{\"@type\":\"ReadAction\",\"target\":[\"https:\/\/gezonde-darmflora.nl\/fr\/produit\/df4\/\"]}]},{\"@type\":\"ImageObject\",\"inLanguage\":\"fr-FR\",\"@id\":\"https:\/\/gezonde-darmflora.nl\/fr\/produit\/df4\/#primaryimage\",\"url\":\"https:\/\/gezonde-darmflora.nl\/wp-content\/uploads\/2020\/06\/LEGE-CAPSULE-DF4-kopie.jpg\",\"contentUrl\":\"https:\/\/gezonde-darmflora.nl\/wp-content\/uploads\/2020\/06\/LEGE-CAPSULE-DF4-kopie.jpg\",\"width\":992,\"height\":992},{\"@type\":\"BreadcrumbList\",\"@id\":\"https:\/\/gezonde-darmflora.nl\/fr\/produit\/df4\/#breadcrumb\",\"itemListElement\":[{\"@type\":\"ListItem\",\"position\":1,\"name\":\"Home\",\"item\":\"https:\/\/gezonde-darmflora.nl\/fr\/\"},{\"@type\":\"ListItem\",\"position\":2,\"name\":\"Boutique\",\"item\":\"https:\/\/gezonde-darmflora.nl\/boutique\/\"},{\"@type\":\"ListItem\",\"position\":3,\"name\":\"DF4\"}]},{\"@type\":\"WebSite\",\"@id\":\"https:\/\/gezonde-darmflora.nl\/fr\/#website\",\"url\":\"https:\/\/gezonde-darmflora.nl\/fr\/\",\"name\":\"Gezonde Darmflora\",\"description\":\"Een gezonde &amp; natuurlijke darmflora\",\"potentialAction\":[{\"@type\":\"SearchAction\",\"target\":{\"@type\":\"EntryPoint\",\"urlTemplate\":\"https:\/\/gezonde-darmflora.nl\/fr\/?s={search_term_string}\"},\"query-input\":{\"@type\":\"PropertyValueSpecification\",\"valueRequired\":true,\"valueName\":\"search_term_string\"}}],\"inLanguage\":\"fr-FR\"}]}<\/script>\n<!-- \/ Yoast SEO plugin. -->","yoast_head_json":{"title":"DF4 &#8211; Gezonde Darmflora","robots":{"index":"index","follow":"follow","max-snippet":"max-snippet:-1","max-image-preview":"max-image-preview:large","max-video-preview":"max-video-preview:-1"},"canonical":"https:\/\/gezonde-darmflora.nl\/fr\/produit\/df4\/","og_locale":"fr_FR","og_type":"article","og_title":"DF4 &#8211; Gezonde Darmflora","og_description":"Ce montant ne comprend pas le co\u00fbt de la glace s\u00e8che, de l'emballage et des frais d'exp\u00e9dition.","og_url":"https:\/\/gezonde-darmflora.nl\/fr\/produit\/df4\/","og_site_name":"Gezonde Darmflora","article_modified_time":"2025-08-24T16:29:43+00:00","og_image":[{"width":992,"height":992,"url":"https:\/\/gezonde-darmflora.nl\/wp-content\/uploads\/2020\/06\/LEGE-CAPSULE-DF4-kopie.jpg","type":"image\/jpeg"}],"twitter_card":"summary_large_image","twitter_misc":{"Dur\u00e9e de lecture estim\u00e9e":"1 minute"},"schema":{"@context":"https:\/\/schema.org","@graph":[{"@type":"WebPage","@id":"https:\/\/gezonde-darmflora.nl\/fr\/produit\/df4\/","url":"https:\/\/gezonde-darmflora.nl\/fr\/produit\/df4\/","name":"DF4 &#8211; Gezonde Darmflora","isPartOf":{"@id":"https:\/\/gezonde-darmflora.nl\/fr\/#website"},"primaryImageOfPage":{"@id":"https:\/\/gezonde-darmflora.nl\/fr\/produit\/df4\/#primaryimage"},"image":{"@id":"https:\/\/gezonde-darmflora.nl\/fr\/produit\/df4\/#primaryimage"},"thumbnailUrl":"https:\/\/gezonde-darmflora.nl\/wp-content\/uploads\/2020\/06\/LEGE-CAPSULE-DF4-kopie.jpg","datePublished":"2020-06-17T13:37:23+00:00","dateModified":"2025-08-24T16:29:43+00:00","breadcrumb":{"@id":"https:\/\/gezonde-darmflora.nl\/fr\/produit\/df4\/#breadcrumb"},"inLanguage":"fr-FR","potentialAction":[{"@type":"ReadAction","target":["https:\/\/gezonde-darmflora.nl\/fr\/produit\/df4\/"]}]},{"@type":"ImageObject","inLanguage":"fr-FR","@id":"https:\/\/gezonde-darmflora.nl\/fr\/produit\/df4\/#primaryimage","url":"https:\/\/gezonde-darmflora.nl\/wp-content\/uploads\/2020\/06\/LEGE-CAPSULE-DF4-kopie.jpg","contentUrl":"https:\/\/gezonde-darmflora.nl\/wp-content\/uploads\/2020\/06\/LEGE-CAPSULE-DF4-kopie.jpg","width":992,"height":992},{"@type":"BreadcrumbList","@id":"https:\/\/gezonde-darmflora.nl\/fr\/produit\/df4\/#breadcrumb","itemListElement":[{"@type":"ListItem","position":1,"name":"Home","item":"https:\/\/gezonde-darmflora.nl\/fr\/"},{"@type":"ListItem","position":2,"name":"Boutique","item":"https:\/\/gezonde-darmflora.nl\/boutique\/"},{"@type":"ListItem","position":3,"name":"DF4"}]},{"@type":"WebSite","@id":"https:\/\/gezonde-darmflora.nl\/fr\/#website","url":"https:\/\/gezonde-darmflora.nl\/fr\/","name":"Gezonde Darmflora","description":"Een gezonde &amp; natuurlijke darmflora","potentialAction":[{"@type":"SearchAction","target":{"@type":"EntryPoint","urlTemplate":"https:\/\/gezonde-darmflora.nl\/fr\/?s={search_term_string}"},"query-input":{"@type":"PropertyValueSpecification","valueRequired":true,"valueName":"search_term_string"}}],"inLanguage":"fr-FR"}]}},"_links":{"self":[{"href":"https:\/\/gezonde-darmflora.nl\/fr\/wp-json\/wp\/v2\/product\/15499","targetHints":{"allow":["GET"]}}],"collection":[{"href":"https:\/\/gezonde-darmflora.nl\/fr\/wp-json\/wp\/v2\/product"}],"about":[{"href":"https:\/\/gezonde-darmflora.nl\/fr\/wp-json\/wp\/v2\/types\/product"}],"replies":[{"embeddable":true,"href":"https:\/\/gezonde-darmflora.nl\/fr\/wp-json\/wp\/v2\/comments?post=15499"}],"wp:featuredmedia":[{"embeddable":true,"href":"https:\/\/gezonde-darmflora.nl\/fr\/wp-json\/wp\/v2\/media\/15500"}],"wp:attachment":[{"href":"https:\/\/gezonde-darmflora.nl\/fr\/wp-json\/wp\/v2\/media?parent=15499"}],"wp:term":[{"taxonomy":"product_brand","embeddable":true,"href":"https:\/\/gezonde-darmflora.nl\/fr\/wp-json\/wp\/v2\/product_brand?post=15499"},{"taxonomy":"product_cat","embeddable":true,"href":"https:\/\/gezonde-darmflora.nl\/fr\/wp-json\/wp\/v2\/product_cat?post=15499"},{"taxonomy":"product_tag","embeddable":true,"href":"https:\/\/gezonde-darmflora.nl\/fr\/wp-json\/wp\/v2\/product_tag?post=15499"}],"curies":[{"name":"wp","href":"https:\/\/api.w.org\/{rel}","templated":true}]}}