{"id":15399,"date":"2020-06-18T07:08:20","date_gmt":"2020-06-18T05:08:20","guid":{"rendered":"https:\/\/gezonde-darmflora.nl\/flore-intestinale\/"},"modified":"2025-01-27T16:19:40","modified_gmt":"2025-01-27T15:19:40","slug":"flore-intestinale","status":"publish","type":"page","link":"https:\/\/gezonde-darmflora.nl\/fr\/flore-intestinale\/","title":{"rendered":"Flore intestinale"},"content":{"rendered":"<div class=\"wpb-content-wrapper\"><p>[vc_row full_width=\u00a0\u00bbstretch_row_content_no_spaces\u00a0\u00bb][vc_column]\r\n    <div class=\"page-title\">\r\n        <div class=\"container\">\r\n            <div class=\"row\">\r\n                <div class=\"col\">\r\n                    <h1>Une flore intestinale saine<\/h1>\r\n                <\/div>\r\n            <\/div>\r\n        <\/div>\r\n    <\/div>\r\n\r\n    [\/vc_column][\/vc_row][vc_row][vc_column offset=\u00a0\u00bbvc_col-md-8&Prime;][vc_column_text]<\/p>\n<h2>Quelle est l&rsquo;importance d&rsquo;une flore intestinale saine ?<\/h2>\n<p>Un organisme vit \u00e0 l&rsquo;int\u00e9rieur et autour de notre corps. Une force naturelle de bonnes bact\u00e9ries qui vivent sur et dans votre corps et dont vous prenez inconsciemment soin. Un organisme compos\u00e9 d&rsquo;innombrables bact\u00e9ries et microbiotes. La plupart d&rsquo;entre eux, \u00e0 savoir 95 %, vivent dans votre tractus gastro-intestinal et 80 % de ce microbiote vit au fond du c\u00f4lon. Vous pouvez consid\u00e9rer votre flore intestinale comme votre propre \u00ab\u00a0\u00e9cosyst\u00e8me\u00a0\u00bb.[\/vc_column_text]<div class=\"eye_empty_space pt-md-5 pb-md-5   pt-4 pb-4\"><\/div>[\/vc_column][vc_column offset=\u00a0\u00bbvc_col-md-4&Prime; el_class=\u00a0\u00bbmb-5 mb-lg-0&Prime;]\r\n    <div class=\"blob-image-wrap\">\r\n        <img decoding=\"async\" src=\"https:\/\/gezonde-darmflora.nl\/wp-content\/uploads\/2020\/08\/darmflora-gezond.jpg\">\r\n    <\/div>\r\n    <p class=\"blob-image__caption\"><\/p>\r\n\r\n    [\/vc_column][\/vc_row][vc_section full_width=\u00a0\u00bbstretch_row\u00a0\u00bb el_class=\u00a0\u00bbbg-green\u00a0\u00bb][vc_row][vc_column offset=\u00a0\u00bbvc_col-lg-offset-2 vc_col-lg-8&Prime;][vc_column_text]<\/p>\n<h2>Comment se cr\u00e9e votre flore intestinale ?<\/h2>\n<div>Votre flore intestinale est transmise par votre m\u00e8re \u00e0 la naissance et se d\u00e9veloppe principalement au cours des trois premi\u00e8res ann\u00e9es de votre vie. La fa\u00e7on dont vous accouchez et le fait que vous allaitiez ou non jouent d\u00e9j\u00e0 un r\u00f4le important. Ensuite, la flore intestinale est d\u00e9termin\u00e9e par votre mode de vie, vos habitudes alimentaires, la culture dans laquelle vous vivez, la fr\u00e9quence de vos d\u00e9placements et de votre repos, mais aussi par des facteurs tels que le stress. Votre flore intestinale est aussi unique qu&rsquo;une empreinte digitale, sauf qu&rsquo;elle est susceptible de changer.   <\/div>\n<div>\n<figure id=\"attachment_531\" aria-describedby=\"caption-attachment-531\" style=\"width: 720px\" class=\"wp-caption alignleft\"><img decoding=\"async\" class=\"wp-image-531\" src=\"https:\/\/gezonde-darmflora.nl\/wp-content\/uploads\/2020\/08\/bacterien-uitwisselen.jpg\" alt=\"\u00e9change de bact\u00e9ries\" width=\"720\" height=\"481\" srcset=\"https:\/\/gezonde-darmflora.nl\/wp-content\/uploads\/2020\/08\/bacterien-uitwisselen.jpg 770w, https:\/\/gezonde-darmflora.nl\/wp-content\/uploads\/2020\/08\/bacterien-uitwisselen-600x401.jpg 600w, https:\/\/gezonde-darmflora.nl\/wp-content\/uploads\/2020\/08\/bacterien-uitwisselen-300x200.jpg 300w, https:\/\/gezonde-darmflora.nl\/wp-content\/uploads\/2020\/08\/bacterien-uitwisselen-768x513.jpg 768w\" sizes=\"(max-width: 720px) 100vw, 720px\" \/><figcaption id=\"caption-attachment-531\" class=\"wp-caption-text\">Par exemple, lorsque vous serrez ou tenez la main de quelqu&rsquo;un, vous \u00e9changez d\u00e9j\u00e0 cinq mille bact\u00e9ries.<\/figcaption><\/figure>\n<\/div>\n<div>\n<p>Plus votre flore intestinale est riche et diversifi\u00e9e tout au long de votre vie, plus vous \u00eates r\u00e9sistant aux menaces ext\u00e9rieures. La flore intestinale repr\u00e9sente un \u00e9cosyst\u00e8me qui est continuellement mis \u00e0 l&rsquo;\u00e9preuve par de nombreux facteurs tels qu&rsquo;une alimentation d\u00e9s\u00e9quilibr\u00e9e, le stress, l&rsquo;utilisation d&rsquo;antibiotiques ou la pr\u00e9sence de visiteurs ind\u00e9sirables dans votre corps. <\/p>\n<h2>Beaucoup de bact\u00e9ries<\/h2>\n<p>Dans un intestin sain, le microbiote se compose d&rsquo;environ 99 % de bact\u00e9ries bonnes et b\u00e9n\u00e9fiques et de 1 % de bact\u00e9ries nocives. Ensemble, ces bact\u00e9ries sont innombrables, jusqu&rsquo;\u00e0 cent mille milliards, avec environ dix mille esp\u00e8ces diff\u00e9rentes uniques. C&rsquo;est plus de dix fois le nombre de cellules et cent cinquante fois le nombre d&rsquo;ADN. Avec un poids estim\u00e9 de deux \u00e0 trois kilos !   <\/p>\n<\/div>\n<p>[\/vc_column_text][\/vc_column][\/vc_row][\/vc_section][vc_row][vc_column]<div class=\"eye_empty_space pt-md-5 pb-md-5   pt-4 pb-4\"><\/div>[\/vc_column][\/vc_row][vc_row equal_height=\u00a0\u00bbyes\u00a0\u00bb][vc_column offset=\u00a0\u00bbvc_col-md-8&Prime;][vc_column_text]<\/p>\n<h2>Quand vos intestins sont-ils en bonne sant\u00e9 ?<\/h2>\n<p>Si vous avez une flore intestinale saine, toutes les esp\u00e8ces bact\u00e9riennes sont en \u00e9quilibre les unes avec les autres. L&rsquo;int\u00e9rieur de la paroi intestinale est enti\u00e8rement occup\u00e9 par de bonnes bact\u00e9ries. Elles assurent une bonne absorption des aliments et un bon fonctionnement des intestins et contribuent au d\u00e9veloppement du syst\u00e8me immunitaire. La paroi intestinale \u00e9tant enti\u00e8rement occup\u00e9e, il n&rsquo;y a pas de place pour la multiplication des bact\u00e9ries nocives. L&rsquo;importance d&rsquo;un intestin sain et des bact\u00e9ries entre l&rsquo;h\u00f4te et la flore intestinale est essentielle pour une performance optimale des fonctions m\u00e9taboliques et immunitaires et pour pr\u00e9venir le d\u00e9veloppement de probl\u00e8mes mineurs ou majeurs. Une alimentation saine et vari\u00e9e est donc extr\u00eamement importante. En outre, faire de l&rsquo;exercice, se reposer, boire suffisamment d&rsquo;eau et respirer correctement sont \u00e9galement des \u00e9l\u00e9ments importants pour une flore intestinale saine.[\/vc_column_text]<div class=\"eye_empty_space pt-md-5 pb-md-5   pt-4 pb-4\"><\/div>[\/vc_column][vc_column offset=\u00a0\u00bbvc_col-md-4&Prime; el_class=\u00a0\u00bbd-flex align-items-center mb-5 mb-lg-0&Prime;]\r\n    <div class=\"blob-image-wrap\">\r\n        <img decoding=\"async\" src=\"https:\/\/gezonde-darmflora.nl\/wp-content\/uploads\/2020\/08\/gezonde-darmen.jpg\">\r\n    <\/div>\r\n    <p class=\"blob-image__caption\"><\/p>\r\n\r\n    [\/vc_column][\/vc_row][vc_section full_width=\u00a0\u00bbstretch_row\u00a0\u00bb el_class=\u00a0\u00bbbg-green\u00a0\u00bb][vc_row][vc_column offset=\u00a0\u00bbvc_col-lg-offset-2 vc_col-lg-8&Prime;][vc_column_text]<\/p>\n<h2>Sympt\u00f4mes d&rsquo;une flore intestinale perturb\u00e9e<\/h2>\n<p>Les douleurs abdominales peuvent sembler inoffensives au premier abord, mais avant que vous ne vous en rendiez compte, elles affectent votre vie dans une large mesure. Si votre flore intestinale est perturb\u00e9e, des douleurs abdominales en sont souvent le premier signe. Vous pouvez \u00e9galement le remarquer dans la forme, l&rsquo;odeur ou la couleur de vos selles, dans la modification de votre transit intestinal, dans un ventre ballonn\u00e9, dans la fatigue, dans l&rsquo;alt\u00e9ration de votre peau, voire dans l&rsquo;\u00e9tat de vos cheveux ou de vos ongles.[\/vc_column_text][\/vc_column][\/vc_row][\/vc_section][vc_row][vc_column]<div class=\"eye_empty_space pt-md-5 pb-md-5   pt-4 pb-4\"><\/div>[vc_column_text]<\/p>\n<h2>Les causes qui affectent n\u00e9gativement votre flore intestinale<\/h2>\n<p>Les antibiotiques, les mauvaises habitudes alimentaires et de consommation, l&rsquo;irr\u00e9gularit\u00e9, l&rsquo;ob\u00e9sit\u00e9, les laxatifs\/les pilules amaigrissantes, les m\u00e9taux lourds, la chirurgie et le stress. Essayez d&rsquo;\u00e9viter le stress ! Votre intestin est consid\u00e9r\u00e9 comme votre deuxi\u00e8me cerveau, car il est en relation directe avec lui. L&rsquo;axe cerveau-intestin. Le stress, comme la tension, la nervosit\u00e9, la malice, tout cela a un effet direct sur l&rsquo;intestin. C&rsquo;est ce que l&rsquo;on appelle le \u00ab\u00a0GUT FEELING\u00a0\u00bb.[\/vc_column_text]<div class=\"eye_empty_space pt-md-4 pb-md-4   pt-3 pb-3\"><\/div>[\/vc_column][\/vc_row][vc_row equal_height=\u00a0\u00bbyes\u00a0\u00bb][vc_column offset=\u00a0\u00bbvc_col-md-4&Prime; el_class=\u00a0\u00bbd-flex align-items-center mb-5 mb-lg-0&Prime;]\r\n    <div class=\"blob-image-wrap\">\r\n        <img decoding=\"async\" src=\"https:\/\/gezonde-darmflora.nl\/wp-content\/uploads\/2020\/08\/darmflora-verbeteren.jpg\">\r\n    <\/div>\r\n    <p class=\"blob-image__caption\"><\/p>\r\n\r\n    [\/vc_column][vc_column offset=\u00a0\u00bbvc_col-md-8&Prime;][vc_column_text]<\/p>\n<h2>Les causes qui influencent positivement votre flore intestinale<\/h2>\n<p>Nos lointains anc\u00eatres \u00e9taient herbivores par nature. Le mot \u00ab\u00a0flore\u00a0\u00bb est donc synonyme de plante, mais les scientifiques pr\u00e9f\u00e8rent utiliser le terme de microbiote intestinal. Vos bact\u00e9ries intestinales sont nourries par les aliments que vous ing\u00e9rez. Vous pouvez renforcer vous-m\u00eame votre flore intestinale de plusieurs mani\u00e8res. Si l&rsquo;on parle vraiment d&rsquo;alimentation pour un intestin sain, il faut bien s\u00fbr manger une vari\u00e9t\u00e9 d&rsquo;aliments, beaucoup de l\u00e9gumes et suffisamment de fruits. Mangez plus souvent des brocolis ou des artichauts, car ils contiennent beaucoup de fibres v\u00e9g\u00e9tales, qui sont \u00e0 leur tour des super-aliments pour vos bonnes bact\u00e9ries. Et pourquoi pas un avocat ? Il est bon pour le c\u0153ur gr\u00e2ce aux fibres et aux acides gras qu&rsquo;il contient. Ou encore une noix de coco, qui est secr\u00e8tement un fruit, mais qui contient 30 % de graisses satur\u00e9es et beaucoup d&rsquo;acide laurique. Ce qui est bon pour votre syst\u00e8me immunitaire ! N&rsquo;oubliez pas non plus de bien m\u00e2cher. En m\u00e2chant bien, les aliments se m\u00e9langent mieux \u00e0 la salive, ce qui permet aux nutriments d&rsquo;\u00eatre mieux absorb\u00e9s par votre corps. Si vous aimez manger de la viande, assurez-vous qu&rsquo;il s&rsquo;agit d&rsquo;une viande honn\u00eate provenant de la nature.         <\/p>\n<blockquote><p>Le mot magique est \u00e9quilibre !<\/p><\/blockquote>\n<p>Veillez donc toujours \u00e0 une bonne alimentation pour garder des intestins sains, mangez vari\u00e9 et buvez suffisamment d&rsquo;eau. Comme la terre, votre corps est compos\u00e9 \u00e0 70 % d&rsquo;eau. L&rsquo;eau, c&rsquo;est la vie ! Les changements de mode de vie peuvent \u00e9galement renforcer la flore intestinale. Plus d&rsquo;exercice, plus de r\u00e9gularit\u00e9, du repos et de la d\u00e9tente et une vie stable.[\/vc_column_text]<div class=\"eye_empty_space pt-md-5 pb-md-5   pt-4 pb-4\"><\/div>[\/vc_column][\/vc_row][vc_section full_width=\u00a0\u00bbstretch_row\u00a0\u00bb el_class=\u00a0\u00bbbg-green\u00a0\u00bb][vc_row][vc_column offset=\u00a0\u00bbvc_col-lg-offset-2 vc_col-lg-8&Prime;][vc_column_text]<\/p>\n<h2>V\u00e9rifiez \u00e9galement vos selles<\/h2>\n<p>Vos selles peuvent d\u00e9j\u00e0 vous donner une bonne indication de la sant\u00e9 de votre flore intestinale. Dans les ann\u00e9es 1990, l&rsquo;universit\u00e9 de Bristol a cr\u00e9\u00e9 une \u00e9chelle de selles divis\u00e9e en sept cat\u00e9gories. Type 1 : Selles molles et dures Type 2 : Comme une saucisse, mais grumeleuse Type 3 : Comme une saucisse, mais avec des fissures \u00e0 l&rsquo;ext\u00e9rieur Type 4 : Comme une saucisse ou un serpent, lisses et molles Type 5 : Selles molles avec des bords clairs (faciles \u00e0 excr\u00e9ter) Type 6 : Selles molles avec des bords ab\u00eem\u00e9s, une excr\u00e9tion p\u00e2teuse Type 7 : Liquides, pas de selles solides. Les types 1 et 2, compl\u00e8tement liquides, indiquent une <a href=\"https:\/\/nl.wikipedia.org\/wiki\/Constipatie\" target=\"_blank\" rel=\"noopener noreferrer\">constipation<\/a>. Les types 3 et 4 sont les \u00ab\u00a0selles id\u00e9ales, avec la flore intestinale la plus riche\u00a0\u00bb. Les types 5 \u00e0 7 contiennent moins d&rsquo;esp\u00e8ces de bact\u00e9ries et sont donc plus susceptibles d&rsquo;\u00eatre inflammatoires.[\/vc_column_text][\/vc_column][\/vc_row][\/vc_section][vc_row full_width=\u00a0\u00bbstretch_row_content_no_spaces\u00a0\u00bb css=\u00a0\u00bb.vc_custom_1593680854494{margin-bottom: -10rem !important;}\u00a0\u00bb][vc_column]\r\n    <a href=\"https:\/\/gezonde-darmflora.nl\/poeppillen-bestellen\/\" target=\"\" class=\"no-underline\">\r\n\r\n        <div class=\"cta\" style=\"background-image: url('https:\/\/gezonde-darmflora.nl\/wp-content\/uploads\/2020\/08\/darmflora-gezondheid.jpg')\">\r\n            <div class=\"container\">\r\n                <div class=\"row\">\r\n                    <div class=\"col-12\">\r\n                        <p>\r\n                            <\/p>\n<h3>Aidez votre flore intestinale \u00e0 rester en bonne sant\u00e9 ?<\/h3>\n<h4>Vous trouverez tout ce dont vous avez besoin dans notre magasin.<\/h4>\n<p>                        <\/p>\r\n                        <div class=\"cta__button svg-btn svg-btn-darkgreen\">\r\n                            <svg xmlns=\"http:\/\/www.w3.org\/2000\/svg\" width=\"50\" height=\"50\" viewBox=\"0 0 55 50\"><defs><\/defs><g id=\"Layer_2\" data-name=\"Layer 2\"><g id=\"Layer_1-2\" data-name=\"Layer 1\"><path width=\"100%\" height=\"100%\" class=\"anime\" d=\"M1.16,31.86C5.61,44.26,19.3,52,32.23,49.6C40.23,48.11,48.89,42.33,51.61,34.400000000000006C53.61,28.510000000000005,51.839999999999996,22.550000000000004,49.23,17.210000000000004C46.23,10.990000000000006,43.06999999999999,4.210000000000004,36.29,1.270000000000005C31,-1,24.8,0,19.64,2.49A45,45,0,0,0,10.57,8.66C8.39,10.5,5.430000000000001,12.280000000000001,3.6400000000000006,14.46C-0.3,19.28,-0.9,26.13,1.16,31.86Z\"\/><\/g><\/g><\/svg>\r\n                            <i class=\"far fa-long-arrow-alt-right\"><\/i>\r\n                        <\/div>\r\n                    <\/div>\r\n                <\/div>\r\n            <\/div>\r\n        <\/div>\r\n\r\n    <\/a>\r\n\r\n    [\/vc_column][\/vc_row]<\/p>\n<\/div>","protected":false},"excerpt":{"rendered":"<p>[vc_row full_width=\u00a0\u00bbstretch_row_content_no_spaces\u00a0\u00bb][vc_column][\/vc_column][\/vc_row][vc_row][vc_column offset=\u00a0\u00bbvc_col-md-8&Prime;][vc_column_text] Quelle est l&rsquo;importance d&rsquo;une flore intestinale saine ? Un organisme vit \u00e0 l&rsquo;int\u00e9rieur et autour de notre corps. Une force naturelle de bonnes bact\u00e9ries qui vivent sur et dans votre corps et dont vous prenez inconsciemment soin. Un organisme compos\u00e9 d&rsquo;innombrables bact\u00e9ries et microbiotes. La plupart d&rsquo;entre eux, \u00e0 savoir 95 %,\u2026 <a href=\"https:\/\/gezonde-darmflora.nl\/fr\/flore-intestinale\/\">En savoir plus &raquo;<\/a><\/p>\n","protected":false},"author":1,"featured_media":0,"parent":0,"menu_order":0,"comment_status":"closed","ping_status":"closed","template":"","meta":{"_acf_changed":false,"footnotes":""},"class_list":["post-15399","page","type-page","status-publish","hentry"],"acf":[],"yoast_head":"<!-- This site is optimized with the Yoast SEO plugin v27.1.1 - https:\/\/yoast.com\/product\/yoast-seo-wordpress\/ -->\n<title>Flore intestinale : l&#039;importance d&#039;un intestin sain et des bact\u00e9ries<\/title>\n<meta name=\"description\" content=\"Une flore intestinale saine (microbiote) se compose principalement de bact\u00e9ries b\u00e9n\u00e9fiques et d&#039;un petit groupe de bact\u00e9ries nocives. Pour en savoir plus sur la sant\u00e9 de l&#039;intestin, cliquez ici.\" \/>\n<meta name=\"robots\" content=\"index, follow, max-snippet:-1, max-image-preview:large, max-video-preview:-1\" \/>\n<link rel=\"canonical\" href=\"https:\/\/gezonde-darmflora.nl\/fr\/flore-intestinale\/\" \/>\n<meta property=\"og:locale\" content=\"fr_FR\" \/>\n<meta property=\"og:type\" content=\"article\" \/>\n<meta property=\"og:title\" content=\"Flore intestinale : l&#039;importance d&#039;un intestin sain et des bact\u00e9ries\" \/>\n<meta property=\"og:description\" content=\"Une flore intestinale saine (microbiote) se compose principalement de bact\u00e9ries b\u00e9n\u00e9fiques et d&#039;un petit groupe de bact\u00e9ries nocives. Pour en savoir plus sur la sant\u00e9 de l&#039;intestin, cliquez ici.\" \/>\n<meta property=\"og:url\" content=\"https:\/\/gezonde-darmflora.nl\/fr\/flore-intestinale\/\" \/>\n<meta property=\"og:site_name\" content=\"Gezonde Darmflora\" \/>\n<meta property=\"article:modified_time\" content=\"2025-01-27T15:19:40+00:00\" \/>\n<meta property=\"og:image\" content=\"https:\/\/gezonde-darmflora.nl\/wp-content\/uploads\/2020\/08\/bacterien-uitwisselen.jpg\" \/>\n<meta name=\"twitter:card\" content=\"summary_large_image\" \/>\n<meta name=\"twitter:label1\" content=\"Dur\u00e9e de lecture estim\u00e9e\" \/>\n\t<meta name=\"twitter:data1\" content=\"7 minutes\" \/>\n<script type=\"application\/ld+json\" class=\"yoast-schema-graph\">{\"@context\":\"https:\/\/schema.org\",\"@graph\":[{\"@type\":\"WebPage\",\"@id\":\"https:\/\/gezonde-darmflora.nl\/fr\/flore-intestinale\/\",\"url\":\"https:\/\/gezonde-darmflora.nl\/fr\/flore-intestinale\/\",\"name\":\"Flore intestinale : l'importance d'un intestin sain et des bact\u00e9ries\",\"isPartOf\":{\"@id\":\"https:\/\/gezonde-darmflora.nl\/fr\/#website\"},\"primaryImageOfPage\":{\"@id\":\"https:\/\/gezonde-darmflora.nl\/fr\/flore-intestinale\/#primaryimage\"},\"image\":{\"@id\":\"https:\/\/gezonde-darmflora.nl\/fr\/flore-intestinale\/#primaryimage\"},\"thumbnailUrl\":\"https:\/\/gezonde-darmflora.nl\/wp-content\/uploads\/2020\/08\/bacterien-uitwisselen.jpg\",\"datePublished\":\"2020-06-18T05:08:20+00:00\",\"dateModified\":\"2025-01-27T15:19:40+00:00\",\"description\":\"Une flore intestinale saine (microbiote) se compose principalement de bact\u00e9ries b\u00e9n\u00e9fiques et d'un petit groupe de bact\u00e9ries nocives. Pour en savoir plus sur la sant\u00e9 de l'intestin, cliquez ici.\",\"breadcrumb\":{\"@id\":\"https:\/\/gezonde-darmflora.nl\/fr\/flore-intestinale\/#breadcrumb\"},\"inLanguage\":\"fr-FR\",\"potentialAction\":[{\"@type\":\"ReadAction\",\"target\":[\"https:\/\/gezonde-darmflora.nl\/fr\/flore-intestinale\/\"]}]},{\"@type\":\"ImageObject\",\"inLanguage\":\"fr-FR\",\"@id\":\"https:\/\/gezonde-darmflora.nl\/fr\/flore-intestinale\/#primaryimage\",\"url\":\"https:\/\/gezonde-darmflora.nl\/wp-content\/uploads\/2020\/08\/bacterien-uitwisselen.jpg\",\"contentUrl\":\"https:\/\/gezonde-darmflora.nl\/wp-content\/uploads\/2020\/08\/bacterien-uitwisselen.jpg\"},{\"@type\":\"BreadcrumbList\",\"@id\":\"https:\/\/gezonde-darmflora.nl\/fr\/flore-intestinale\/#breadcrumb\",\"itemListElement\":[{\"@type\":\"ListItem\",\"position\":1,\"name\":\"Home\",\"item\":\"https:\/\/gezonde-darmflora.nl\/fr\/\"},{\"@type\":\"ListItem\",\"position\":2,\"name\":\"Flore intestinale\"}]},{\"@type\":\"WebSite\",\"@id\":\"https:\/\/gezonde-darmflora.nl\/fr\/#website\",\"url\":\"https:\/\/gezonde-darmflora.nl\/fr\/\",\"name\":\"Gezonde Darmflora\",\"description\":\"Een gezonde &amp; natuurlijke darmflora\",\"potentialAction\":[{\"@type\":\"SearchAction\",\"target\":{\"@type\":\"EntryPoint\",\"urlTemplate\":\"https:\/\/gezonde-darmflora.nl\/fr\/?s={search_term_string}\"},\"query-input\":{\"@type\":\"PropertyValueSpecification\",\"valueRequired\":true,\"valueName\":\"search_term_string\"}}],\"inLanguage\":\"fr-FR\"}]}<\/script>\n<!-- \/ Yoast SEO plugin. -->","yoast_head_json":{"title":"Flore intestinale : l'importance d'un intestin sain et des bact\u00e9ries","description":"Une flore intestinale saine (microbiote) se compose principalement de bact\u00e9ries b\u00e9n\u00e9fiques et d'un petit groupe de bact\u00e9ries nocives. Pour en savoir plus sur la sant\u00e9 de l'intestin, cliquez ici.","robots":{"index":"index","follow":"follow","max-snippet":"max-snippet:-1","max-image-preview":"max-image-preview:large","max-video-preview":"max-video-preview:-1"},"canonical":"https:\/\/gezonde-darmflora.nl\/fr\/flore-intestinale\/","og_locale":"fr_FR","og_type":"article","og_title":"Flore intestinale : l'importance d'un intestin sain et des bact\u00e9ries","og_description":"Une flore intestinale saine (microbiote) se compose principalement de bact\u00e9ries b\u00e9n\u00e9fiques et d'un petit groupe de bact\u00e9ries nocives. Pour en savoir plus sur la sant\u00e9 de l'intestin, cliquez ici.","og_url":"https:\/\/gezonde-darmflora.nl\/fr\/flore-intestinale\/","og_site_name":"Gezonde Darmflora","article_modified_time":"2025-01-27T15:19:40+00:00","og_image":[{"url":"https:\/\/gezonde-darmflora.nl\/wp-content\/uploads\/2020\/08\/bacterien-uitwisselen.jpg","type":"","width":"","height":""}],"twitter_card":"summary_large_image","twitter_misc":{"Dur\u00e9e de lecture estim\u00e9e":"7 minutes"},"schema":{"@context":"https:\/\/schema.org","@graph":[{"@type":"WebPage","@id":"https:\/\/gezonde-darmflora.nl\/fr\/flore-intestinale\/","url":"https:\/\/gezonde-darmflora.nl\/fr\/flore-intestinale\/","name":"Flore intestinale : l'importance d'un intestin sain et des bact\u00e9ries","isPartOf":{"@id":"https:\/\/gezonde-darmflora.nl\/fr\/#website"},"primaryImageOfPage":{"@id":"https:\/\/gezonde-darmflora.nl\/fr\/flore-intestinale\/#primaryimage"},"image":{"@id":"https:\/\/gezonde-darmflora.nl\/fr\/flore-intestinale\/#primaryimage"},"thumbnailUrl":"https:\/\/gezonde-darmflora.nl\/wp-content\/uploads\/2020\/08\/bacterien-uitwisselen.jpg","datePublished":"2020-06-18T05:08:20+00:00","dateModified":"2025-01-27T15:19:40+00:00","description":"Une flore intestinale saine (microbiote) se compose principalement de bact\u00e9ries b\u00e9n\u00e9fiques et d'un petit groupe de bact\u00e9ries nocives. Pour en savoir plus sur la sant\u00e9 de l'intestin, cliquez ici.","breadcrumb":{"@id":"https:\/\/gezonde-darmflora.nl\/fr\/flore-intestinale\/#breadcrumb"},"inLanguage":"fr-FR","potentialAction":[{"@type":"ReadAction","target":["https:\/\/gezonde-darmflora.nl\/fr\/flore-intestinale\/"]}]},{"@type":"ImageObject","inLanguage":"fr-FR","@id":"https:\/\/gezonde-darmflora.nl\/fr\/flore-intestinale\/#primaryimage","url":"https:\/\/gezonde-darmflora.nl\/wp-content\/uploads\/2020\/08\/bacterien-uitwisselen.jpg","contentUrl":"https:\/\/gezonde-darmflora.nl\/wp-content\/uploads\/2020\/08\/bacterien-uitwisselen.jpg"},{"@type":"BreadcrumbList","@id":"https:\/\/gezonde-darmflora.nl\/fr\/flore-intestinale\/#breadcrumb","itemListElement":[{"@type":"ListItem","position":1,"name":"Home","item":"https:\/\/gezonde-darmflora.nl\/fr\/"},{"@type":"ListItem","position":2,"name":"Flore intestinale"}]},{"@type":"WebSite","@id":"https:\/\/gezonde-darmflora.nl\/fr\/#website","url":"https:\/\/gezonde-darmflora.nl\/fr\/","name":"Gezonde Darmflora","description":"Een gezonde &amp; natuurlijke darmflora","potentialAction":[{"@type":"SearchAction","target":{"@type":"EntryPoint","urlTemplate":"https:\/\/gezonde-darmflora.nl\/fr\/?s={search_term_string}"},"query-input":{"@type":"PropertyValueSpecification","valueRequired":true,"valueName":"search_term_string"}}],"inLanguage":"fr-FR"}]}},"_links":{"self":[{"href":"https:\/\/gezonde-darmflora.nl\/fr\/wp-json\/wp\/v2\/pages\/15399","targetHints":{"allow":["GET"]}}],"collection":[{"href":"https:\/\/gezonde-darmflora.nl\/fr\/wp-json\/wp\/v2\/pages"}],"about":[{"href":"https:\/\/gezonde-darmflora.nl\/fr\/wp-json\/wp\/v2\/types\/page"}],"author":[{"embeddable":true,"href":"https:\/\/gezonde-darmflora.nl\/fr\/wp-json\/wp\/v2\/users\/1"}],"replies":[{"embeddable":true,"href":"https:\/\/gezonde-darmflora.nl\/fr\/wp-json\/wp\/v2\/comments?post=15399"}],"version-history":[{"count":1,"href":"https:\/\/gezonde-darmflora.nl\/fr\/wp-json\/wp\/v2\/pages\/15399\/revisions"}],"predecessor-version":[{"id":15404,"href":"https:\/\/gezonde-darmflora.nl\/fr\/wp-json\/wp\/v2\/pages\/15399\/revisions\/15404"}],"wp:attachment":[{"href":"https:\/\/gezonde-darmflora.nl\/fr\/wp-json\/wp\/v2\/media?parent=15399"}],"curies":[{"name":"wp","href":"https:\/\/api.w.org\/{rel}","templated":true}]}}