{"id":15363,"date":"2020-06-18T15:18:08","date_gmt":"2020-06-18T13:18:08","guid":{"rendered":"https:\/\/gezonde-darmflora.nl\/comment-cela-fonctionne-t-il\/"},"modified":"2025-11-15T17:09:23","modified_gmt":"2025-11-15T16:09:23","slug":"comment-cela-fonctionne-t-il","status":"publish","type":"page","link":"https:\/\/gezonde-darmflora.nl\/fr\/comment-cela-fonctionne-t-il\/","title":{"rendered":"Comment cela fonctionne-t-il ?"},"content":{"rendered":"<div class=\"wpb-content-wrapper\"><p>[vc_row full_width=\u00a0\u00bbstretch_row_content_no_spaces\u00a0\u00bb][vc_column]\r\n    <div class=\"page-title\">\r\n        <div class=\"container\">\r\n            <div class=\"row\">\r\n                <div class=\"col\">\r\n                    <h1>Faire soi-m\u00eame une greffe de foie : Comment cela fonctionne-t-il ?<\/h1>\r\n                <\/div>\r\n            <\/div>\r\n        <\/div>\r\n    <\/div>\r\n\r\n    [\/vc_column][\/vc_row][vc_row equal_height=\u00a0\u00bbyes\u00a0\u00bb][vc_column width=\u00a0\u00bb3\/4&Prime;][vc_column_text css=\u00a0\u00bb\u00a0\u00bb]<\/p>\n<blockquote><p>Les capsules de caca ne sont pas des m\u00e9dicaments et n&rsquo;ont pas encore \u00e9t\u00e9 cliniquement prouv\u00e9es comme traitement. Ce que vous en faites apr\u00e8s l&rsquo;achat est donc enti\u00e8rement sous votre propre responsabilit\u00e9.<\/p><\/blockquote>\n<h2>Greffe de foie<\/h2>\n<p>La transplantation de selles est le transfert d&rsquo;une flore intestinale saine \u00e0 un receveur. Il est d\u00e9sormais possible de le faire \u00e0 domicile gr\u00e2ce \u00e0 notre nouvelle technique avec des capsules r\u00e9sistantes au jus gastrique.<\/p>\n<p>Les esp\u00e8ces bact\u00e9riennes qui ont disparu ou qui sont sous-repr\u00e9sent\u00e9es chez vous peuvent \u00eatre reconstitu\u00e9es par le donneur.<\/p>\n<h2>Journ\u00e9e de la greffe de foie<\/h2>\n<p>Le matin o\u00f9 vous allez prendre les 24 g\u00e9lules (taille 000, la plus grande g\u00e9lule disponible), vous devez rester sobre. Gardez la bo\u00eete d&rsquo;EPS ferm\u00e9e jusqu&rsquo;\u00e0 ce que vous commenciez la transplantation. Vous pouvez avaler les g\u00e9lules avec de l&rsquo;eau vers midi. Prenez les g\u00e9lules imm\u00e9diatement et ne les laissez pas d\u00e9congeler. Apr\u00e8s la derni\u00e8re g\u00e9lule, restez sobre pendant encore deux heures. Les nouvelles bact\u00e9ries auront ainsi le temps de s&rsquo;installer tranquillement dans votre paroi intestinale. Par temps froid, prenez un bain chaud ou allongez-vous sur le canap\u00e9 avec une bouillotte sous la couverture et d\u00e9tendez-vous !<\/p>\n<p><strong><a href=\"https:\/\/gezonde-darmflora.nl\/wp-content\/uploads\/2024\/04\/caps-ENG-.jpg\">DESCRIPTION CAPSULES M\u00c9THODE<\/a><\/strong> (telles qu&rsquo;envoy\u00e9es avec la commande)<\/p>\n<p><strong><a href=\"https:\/\/gezonde-darmflora.nl\/wp-content\/uploads\/2024\/04\/klysma-ENG-kopie-3-copy-scaled.jpg\">DESCRIPTION DE LA M\u00c9THODE DE LAVEMENT<\/a> <\/strong>(Tel qu&rsquo;envoy\u00e9 avec la commande)<\/p>\n<h2>La semaine suivant la transplantation de foie<\/h2>\n<p>Le taux de r\u00e9ussite moyen avec un type d&rsquo;intestin est de 70 %.<\/p>\n<p>Si vous ne remarquez rien les premiers jours, c&rsquo;est que le donneur que vous avez choisi n&rsquo;est pas celui qu&rsquo;il vous faut. Il est donc inutile de commander \u00e0 nouveau le m\u00eame donneur d&rsquo;intestin.<\/p>\n<p>Si vous remarquez quelque chose d\u00e8s le lendemain et que cela s&rsquo;am\u00e9liore un peu plus chaque jour, alors une dose vous aidera.<\/p>\n<p>Si vous remarquez quelque chose les premiers jours, mais pas suffisamment, ou si les sympt\u00f4mes r\u00e9apparaissent plus tard dans la semaine, une deuxi\u00e8me et, dans certains cas, une troisi\u00e8me dose sont n\u00e9cessaires. C&rsquo;est surtout le cas pour les personnes qui ont fait un usage intensif d&rsquo;antibiotiques dans le pass\u00e9. Cette utilisation intensive a d\u00e9truit de nombreuses esp\u00e8ces et provoqu\u00e9 leur prolif\u00e9ration. Celles-ci sont alors toujours en charge.<\/p>\n<p>En moyenne, ces personnes commandent une deuxi\u00e8me dose (ou une double dose) apr\u00e8s une semaine si n\u00e9cessaire.<\/p>\n<h2>DEMI DOSES (ceci ne peut \u00eatre fait qu&rsquo;avec des g\u00e9lules)<\/h2>\n<p>Dans la pratique, HALVE DOSIS est davantage utilis\u00e9 pour les personnes qui ont d\u00e9j\u00e0 utilis\u00e9 beaucoup d&rsquo;antibiotiques ou pour les maladies les plus graves comme la collite ulc\u00e9reuse. <strong>Il s&rsquo;agit d&rsquo;une m\u00e9thode permettant de trouver le bon donneur pour vous en premier lieu.<\/strong><\/p>\n<p>Respectez un ou deux jours d&rsquo;intervalle entre chaque donneur et faites le point sur <strong>ce que fait tel ou tel donneur pour moi.<\/strong><\/p>\n<p>Maintenant que nous pouvons vous proposer un rapport sur le microbiome, vous pouvez l&rsquo;utiliser pour d\u00e9terminer quel donneur vous convient le mieux. Quelles sont les esp\u00e8ces bact\u00e9riennes qui me manquent et quel est le donneur qui en a le plus ! Quelles sont les bact\u00e9ries qui sont en surnombre chez moi ? Vous souhaitez que le donneur en contienne le moins possible, etc. Si la recommandation contient plusieurs donneurs, vous pouvez fractionner une dose et commander moins de g\u00e9lules de plusieurs donneurs.<\/p>\n<p>Le principal inconv\u00e9nient d&rsquo;un rapport sur les micro-arbres est que l&rsquo;on n&rsquo;en conna\u00eet m\u00eame pas encore 20 % et que les r\u00e9sultats ne seront connus que dans un mois.<\/p>\n<p>Une demi-dose correspond \u00e0 12 g\u00e9lules. Suffisamment pour remarquer si un donneur fait quelque chose pour vous.<\/p>\n<h2>Donateurs<\/h2>\n<p>Nous testons les donneurs conform\u00e9ment aux r\u00e8gles de la banque n\u00e9erlandaise de donneurs et de mati\u00e8res f\u00e9cales de Leiden et aux lignes directrices de l&rsquo;UE.<\/p>\n<p>Outre ces exigences, nous s\u00e9lectionnons \u00e9galement les donneurs en fonction de l&rsquo;\u00e9nergie qu&rsquo;ils d\u00e9gagent, de leur discipline et de leur stabilit\u00e9. Nos donneurs sont conscients que leur corps est leur temple et qu&rsquo;ils ont besoin d&rsquo;un corps en bon \u00e9tat pour atteindre leur objectif. Le donneur fait son don dans nos locaux afin de rendre le processus de traitement aussi rapide que possible.<\/p>\n<p>Les donneurs potentiels re\u00e7oivent d&rsquo;abord un <a href=\"https:\/\/gezonde-darmflora.nl\/wp-content\/uploads\/2024\/04\/Vragenlijst-GD-word.pdf\">QUESTIONNAIRE<\/a> \u00e0 remplir, puis les <a href=\"https:\/\/gezonde-darmflora.nl\/wp-content\/uploads\/2020\/06\/Lijst-met-testen-voor-DONOR-monsters.pdf\">FECES<\/a> sont test\u00e9es et enfin le <a href=\"https:\/\/www.bloedwaardentest.nl\/gezonde-darmflora-controle-test.html\">SANG<\/a>. (Cliquez sur les mots pour les voir)<\/p>\n<p><strong>Le donneur est soumis \u00e0 un nouveau test de d\u00e9pistage des mati\u00e8res f\u00e9cales apr\u00e8s un mois ! <\/strong><\/p>\n<p>Ce n&rsquo;est qu&rsquo;ensuite qu&rsquo;un stock accumul\u00e9 peut \u00eatre lib\u00e9r\u00e9. Si un agent pathog\u00e8ne est d\u00e9couvert, le stock est v\u00e9rifi\u00e9 et d\u00e9truit \u00e0 partir du jour o\u00f9 l&rsquo;agent pathog\u00e8ne a \u00e9t\u00e9 d\u00e9couvert. (Un \u00e9chantillon est conserv\u00e9 avec chaque don, ce qui nous permet de le d\u00e9couvrir).<\/p>\n<blockquote><p>Lisez l&rsquo;article sur le <a href=\"https:\/\/gezonde-darmflora.nl\/fr\/le-donneur-ideal\/\">donneur id\u00e9al<\/a> ici !<\/p><\/blockquote>\n<p>[\/vc_column_text]<div class=\"eye_empty_space pt-md-3 pb-md-3   pt-2 pb-2\"><\/div>[\/vc_column][\/vc_row][vc_row equal_height=\u00a0\u00bbyes\u00a0\u00bb][vc_column width=\u00a0\u00bb3\/4&Prime;][vc_column_text css=\u00a0\u00bb\u00a0\u00bb]<\/p>\n<h2>Traitement<\/h2>\n<p><strong>Capsules :<\/strong> Dans notre salle d&rsquo;hygi\u00e8ne, les selles sont tamis\u00e9es et m\u00e9lang\u00e9es \u00e0 10% de chlorure de sodium et 10% de glyc\u00e9rol (le chlorure de sodium est une solution saline qui am\u00e9liore l&rsquo;absorption des bact\u00e9ries et le glyc\u00e9rol est ajout\u00e9 pour prot\u00e9ger les bact\u00e9ries pendant la cong\u00e9lation). Une capsule transparente est remplie et une capsule gastro-r\u00e9sistante est plac\u00e9e autour. Les g\u00e9lules sont mises au cong\u00e9lateur le plus rapidement possible. 1 dose = 24 g\u00e9lules de taille 000. 1 g\u00e9lule repr\u00e9sente 735 mg.<\/p>\n<p><strong>Lavement :<\/strong> Un lavement consiste \u00e0 ajouter un peu plus de chlorure de sodium pour rendre les mati\u00e8res f\u00e9cales plus liquides pour la sonde pr\u00e9vue \u00e0 cet effet. 1 seringue de 55 ml repr\u00e9sente une portion de 24 g\u00e9lules.<\/p>\n<p>Note : Connaissez-vous d\u00e9j\u00e0 les lavements fmt par d&rsquo;autres voies ? Vous souhaitez \u00e9galement diluer la substance ? Demandez une seringue suppl\u00e9mentaire et du NaCI par courrier.<\/p>\n<h2>Stockage<\/h2>\n<p>Les capsules et les lavements sont conserv\u00e9s dans un cong\u00e9lateur de laboratoire \u00e0 -80 degr\u00e9s.[\/vc_column_text]<div class=\"eye_empty_space pt-md-4 pb-md-4   pt-3 pb-3\"><\/div>[\/vc_column][vc_column width=\u00a0\u00bb1\/4&Prime; el_class=\u00a0\u00bbd-flex align-items-center\u00a0\u00bb]\r\n    <div class=\"blob-image-wrap\">\r\n        <img decoding=\"async\" src=\"https:\/\/gezonde-darmflora.nl\/wp-content\/uploads\/2020\/08\/poeppillen.jpg\">\r\n    <\/div>\r\n    <p class=\"blob-image__caption\"><\/p>\r\n\r\n    \r\n    <div class=\"blob-image-wrap\">\r\n        <img decoding=\"async\" src=\"https:\/\/gezonde-darmflora.nl\/wp-content\/uploads\/2022\/03\/spuit-1024x485.jpg\">\r\n    <\/div>\r\n    <p class=\"blob-image__caption\"><\/p>\r\n\r\n    [\/vc_column][\/vc_row][vc_row equal_height=\u00a0\u00bbyes\u00a0\u00bb][vc_column width=\u00a0\u00bb3\/4&Prime;][vc_column_text css=\u00a0\u00bb\u00a0\u00bb]<\/p>\n<h2>Processus de commande et d&rsquo;exp\u00e9dition<\/h2>\n<p><strong>Pays-Bas :<\/strong><\/p>\n<p><strong>Note : Les d\u00e9lais sont de plus en plus longs. La bo\u00eete standard a donc \u00e9t\u00e9 adapt\u00e9e \u00e0 une taille plus grande et contient de la glace s\u00e8che pour 3 jours. <\/strong><\/p>\n<p>Il est conseill\u00e9 de recevoir la bo\u00eete d&rsquo;abord et de jeter un coup d&rsquo;\u0153il rapide ou de s&rsquo;assurer que le pot de capsules est toujours sous une bonne couche de glace s\u00e8che. Puis de proc\u00e9der \u00e0 la transplantation le lendemain. La bo\u00eete n&rsquo;est pas livr\u00e9e le lendemain \u00e0 midi ? Alors elle arrive le lendemain avant 12h00.<\/p>\n<p>Vous venez chercher votre colis sur place ? Envoyez-nous un e-mail pour conna\u00eetre les possibilit\u00e9s.<\/p>\n<p><strong>Pr\u00e9voyez des d\u00e9lais suppl\u00e9mentaires si vous commandez pendant des jours commerciaux (vendredi noir, f\u00eate des p\u00e8res, Ascension, etc.).<\/strong><\/p>\n<p>Nous exp\u00e9dions donc toujours le lundi !<\/p>\n<p>Dans notre <a href=\"https:\/\/gezonde-darmflora.nl\/fr\/boutique-2\/\">boutique en ligne<\/a>, vous pouvez indiquer le donneur (s&rsquo;il y en a plusieurs) que vous souhaitez et <a href=\"https:\/\/gezonde-darmflora.nl\/fr\/expedition-et-livraison\/\">le lundi o\u00f9<\/a> vous souhaitez que votre commande soit envoy\u00e9e. Les commandes sont emball\u00e9es et collect\u00e9es par le service de messagerie dans nos locaux tous les lundis apr\u00e8s-midi. Aux Pays-Bas, votre commande est g\u00e9n\u00e9ralement livr\u00e9e par le service de messagerie avant midi le jour suivant. Si ce n&rsquo;est pas le cas, elle est livr\u00e9e le lendemain avant 12h00. Malheureusement, la poste accuse \u00e9galement de nombreux retards. C&rsquo;est pourquoi nous exp\u00e9dions dans une bo\u00eete o\u00f9 le produit se conservera pendant au moins 3 jours. La glace s\u00e8che perd 15 % de son volume en 24 heures.<\/p>\n<p>Surveillez de pr\u00e8s le suivi et la tra\u00e7abilit\u00e9. Assurez-vous d&rsquo;\u00eatre \u00e0 la maison le jour de la livraison.<\/p>\n<p><strong>Vous vivez dans l&rsquo;UE, au Royaume-Uni ou m\u00eame aux \u00c9tats-Unis ?<\/strong><\/p>\n<p>Nous exp\u00e9dions ensuite le colis dans une grande bo\u00eete EPS standard et vous pouvez choisir de l&rsquo;envoyer par <strong>DHL<\/strong> ou <strong>FedEx<\/strong>. Dans l&rsquo;UE, vous recevrez g\u00e9n\u00e9ralement le colis le plus volumineux dans un d\u00e9lai de 24\/48 heures \u00e0 72 heures.<\/p>\n<p>Lors de la cr\u00e9ation de l&rsquo;\u00e9tiquette d&rsquo;exp\u00e9dition, vous recevrez un suivi du transporteur. Assurez-vous d&rsquo;\u00eatre chez vous le jour de la livraison. Nous ne livrons pas de colis aux voisins.<\/p>\n<p>Si votre colis se trouve dans le pays de destination et que le syst\u00e8me de suivi et de localisation indique \u00ab\u00a0en route pour la livraison\u00a0\u00bb dans la matin\u00e9e, vous pouvez vous attendre \u00e0 recevoir votre colis ce jour-l\u00e0. Ce jour-l\u00e0, vous pouvez vous attendre \u00e0 recevoir votre colis.<\/p>\n<p>En ce qui concerne les exp\u00e9ditions, nous d\u00e9pendons enti\u00e8rement de l&rsquo;entreprise de transport avec laquelle nous travaillons. <strong>Et n&rsquo;affectent pas les d\u00e9lais.<\/strong> Et il y en a de temps en temps, c&rsquo;est pourquoi nous exp\u00e9dions le produit dans la plus grande bo\u00eete que nous ayons. Le produit s&rsquo;y conserve au moins 4 jours.<\/p>\n<p>Remarque : la glace s\u00e8che perd 15 % de son volume toutes les 24 heures.<\/p>\n<h2>R\u00e9vision<\/h2>\n<p>Au bout d&rsquo;un mois, vous recevrez un e-mail automatique contenant une demande d&rsquo;\u00e9valuation. Si vous commandez une deuxi\u00e8me dose dans le mois, notre demande de r\u00e9vision sera automatiquement d\u00e9cal\u00e9e d&rsquo;un mois. Cette d\u00e9marche n&rsquo;est pas obligatoire et peut \u00eatre effectu\u00e9e de mani\u00e8re anonyme si vous le souhaitez.<\/p>\n<h2>Remarque !<\/h2>\n<p>Une bo\u00eete en polystyr\u00e8ne expans\u00e9 est remplie de glace s\u00e8che et scell\u00e9e avec notre ruban adh\u00e9sif. La glace s\u00e8che est un dioxyde de carbone (CO2) r\u00e9frig\u00e9r\u00e9. Ne touchez pas la glace s\u00e8che (- 79 degr\u00e9s) \u00e0 mains nues et ouvrez toujours la bo\u00eete en PSE \u00e0 l&rsquo;ext\u00e9rieur ! Laissez la glace s\u00e8che fondre dans la bo\u00eete EPS. Vous n&rsquo;avez plus de glace s\u00e8che et vous voulez garder la forme plus longtemps ? Commandez alors de la glace s\u00e8che suppl\u00e9mentaire sur place. Vous ne pouvez pas conserver les fmt dans un cong\u00e9lateur de cuisine.[\/vc_column_text][\/vc_column][vc_column width=\u00a0\u00bb1\/4&Prime; el_class=\u00a0\u00bbd-flex align-items-center\u00a0\u00bb]\r\n    <div class=\"blob-image-wrap\">\r\n        <img decoding=\"async\" src=\"https:\/\/gezonde-darmflora.nl\/wp-content\/uploads\/2020\/08\/eps-doos.jpg\">\r\n    <\/div>\r\n    <p class=\"blob-image__caption\"><\/p>\r\n\r\n    [\/vc_column][\/vc_row][vc_row][vc_column]<div class=\"eye_empty_space pt-md-4 pb-md-4   pt-3 pb-3\"><\/div>[vc_column_text]<\/p>\n<h2>Lisez les exp\u00e9riences de nos clients ici<\/h2>\n<p>[\/vc_column_text]\r\n    <div class=\"home-reviews\">\r\n        <div class=\"row d-flex\">\r\n                                                <div class=\"col-lg-4 d-flex\">\r\n                        <div class=\"review-card\">\r\n                            <h6>N<\/h6>\r\n                            <span style=\"font-size: 1rem\">DF7\" \"DF6<\/span>\r\n                            <div class=\"review-card__stars\">\r\n                                <i class=\"fas fa-star\"><\/i>\r\n                                <i class=\"fas fa-star\"><\/i>\r\n                                <i class=\"fas fa-star\"><\/i>\r\n                                <i class=\"fas fa-star\"><\/i>\r\n                                <i class=\"fas fa-star\"><\/i>\r\n                            <\/div>\r\n\r\n                            <p>J&rsquo;avais vraiment peur de faire cette proc\u00e9dure, mais je suis vraiment contente de l&rsquo;avoir faite. J&rsquo;avais d\u00e9truit ma flore intestinale avec des antibiotiques en essayant de r\u00e9soudre mon intol\u00e9rance \u00e0 l&rsquo;histamine. J&rsquo;\u00e9tais pratiquement clou\u00e9e sur le canap\u00e9 et je souffrais constamment \u00e0 cause de mes probl\u00e8mes intestinaux. J&rsquo;avais \u00e9galement des probl\u00e8mes mentaux tr\u00e8s graves depuis\u2026 <a href=\"https:\/\/gezonde-darmflora.nl\/fr\/review\/n\/\">En savoir plus &raquo;<\/a><\/p>\r\n                        <\/div>\r\n                    <\/div>\r\n                                    <div class=\"col-lg-4 d-flex\">\r\n                        <div class=\"review-card\">\r\n                            <h6>Anonyme (USA)<\/h6>\r\n                            <span style=\"font-size: 1rem\">DF7 DF6<\/span>\r\n                            <div class=\"review-card__stars\">\r\n                                <i class=\"fas fa-star\"><\/i>\r\n                                <i class=\"fas fa-star\"><\/i>\r\n                                <i class=\"fas fa-star\"><\/i>\r\n                                <i class=\"fas fa-star\"><\/i>\r\n                                <i class=\"fas fa-star\"><\/i>\r\n                            <\/div>\r\n\r\n                            <p>Ce produit a litt\u00e9ralement chang\u00e9 ma vie. Outre des probl\u00e8mes d&rsquo;estomac et d&rsquo;intestin, j&rsquo;ai souffert pendant des ann\u00e9es d&rsquo;une fatigue d\u00e9bilitante, de douleurs chroniques, d&rsquo;un brouillard c\u00e9r\u00e9bral et de graves allergies. Je me sentais constamment mal, je pouvais \u00e0 peine fonctionner et je ne pouvais faire que le strict minimum pour survivre, et parfois m\u00eame\u2026 <a href=\"https:\/\/gezonde-darmflora.nl\/fr\/review\/anonyme-usa\/\">En savoir plus &raquo;<\/a><\/p>\r\n                        <\/div>\r\n                    <\/div>\r\n                                    <div class=\"col-lg-4 d-flex\">\r\n                        <div class=\"review-card\">\r\n                            <h6>Javier (Espagne)<\/h6>\r\n                            <span style=\"font-size: 1rem\">DF6<\/span>\r\n                            <div class=\"review-card__stars\">\r\n                                <i class=\"fas fa-star\"><\/i>\r\n                                <i class=\"fas fa-star\"><\/i>\r\n                                <i class=\"fas fa-star\"><\/i>\r\n                                <i class=\"fas fa-star\"><\/i>\r\n                                <i class=\"fas fa-star\"><\/i>\r\n                            <\/div>\r\n\r\n                            <p>Pr\u00e8s d&rsquo;un an apr\u00e8s le premier TMF (DF6), je peux vous assurer qu&rsquo;il s&rsquo;agit d&rsquo;un outil tr\u00e8s utile. Je souffrais d&rsquo;une disbiose domin\u00e9e par P. Copri, mais j&rsquo;ai r\u00e9ussi \u00e0 r\u00e9\u00e9quilibrer et \u00e0 stabiliser la flore gr\u00e2ce \u00e0 l&rsquo;ajustement de l&rsquo;alimentation, des suppl\u00e9ments et des TMF. P. Copri est aujourd&rsquo;hui beaucoup moins abondant et le\u2026 <a href=\"https:\/\/gezonde-darmflora.nl\/fr\/review\/javier-espagne\/\">En savoir plus &raquo;<\/a><\/p>\r\n                        <\/div>\r\n                    <\/div>\r\n                                    <\/div>\r\n\r\n    <\/div>\r\n\r\n    [\/vc_column][\/vc_row]<\/p>\n<\/div>","protected":false},"excerpt":{"rendered":"<p>[vc_row full_width=\u00a0\u00bbstretch_row_content_no_spaces\u00a0\u00bb][vc_column][\/vc_column][\/vc_row][vc_row equal_height=\u00a0\u00bbyes\u00a0\u00bb][vc_column width=\u00a0\u00bb3\/4&Prime;][vc_column_text css=\u00a0\u00bb\u00a0\u00bb] Les capsules de caca ne sont pas des m\u00e9dicaments et n&rsquo;ont pas encore \u00e9t\u00e9 cliniquement prouv\u00e9es comme traitement. Ce que vous en faites apr\u00e8s l&rsquo;achat est donc enti\u00e8rement sous votre propre responsabilit\u00e9. Greffe de foie La transplantation de selles est le transfert d&rsquo;une flore intestinale saine \u00e0 un receveur. Il\u2026 <a href=\"https:\/\/gezonde-darmflora.nl\/fr\/review\/javier-espagne\/\">En savoir plus &raquo;<\/a><\/p>\n","protected":false},"author":1,"featured_media":0,"parent":0,"menu_order":0,"comment_status":"closed","ping_status":"closed","template":"","meta":{"_acf_changed":false,"footnotes":""},"class_list":["post-15363","page","type-page","status-publish","hentry"],"acf":[],"yoast_head":"<!-- This site is optimized with the Yoast SEO plugin v27.1.1 - https:\/\/yoast.com\/product\/yoast-seo-wordpress\/ -->\n<title>Comment cela fonctionne-t-il ? &#8211; Gezonde Darmflora<\/title>\n<meta name=\"robots\" content=\"index, follow, max-snippet:-1, max-image-preview:large, max-video-preview:-1\" \/>\n<link rel=\"canonical\" href=\"https:\/\/gezonde-darmflora.nl\/fr\/comment-cela-fonctionne-t-il\/\" \/>\n<meta property=\"og:locale\" content=\"fr_FR\" \/>\n<meta property=\"og:type\" content=\"article\" \/>\n<meta property=\"og:title\" content=\"Comment cela fonctionne-t-il ? &#8211; Gezonde Darmflora\" \/>\n<meta property=\"og:description\" content=\"[vc_row full_width=\u00a0\u00bbstretch_row_content_no_spaces\u00a0\u00bb][vc_column][\/vc_column][\/vc_row][vc_row equal_height=\u00a0\u00bbyes\u00a0\u00bb][vc_column width=\u00a0\u00bb3\/4&Prime;][vc_column_text css=\u00a0\u00bb\u00a0\u00bb] Les capsules de caca ne sont pas des m\u00e9dicaments et n&rsquo;ont pas encore \u00e9t\u00e9 cliniquement prouv\u00e9es comme traitement. Ce que vous en faites apr\u00e8s l&rsquo;achat est donc enti\u00e8rement sous votre propre responsabilit\u00e9. Greffe de foie La transplantation de selles est le transfert d&rsquo;une flore intestinale saine \u00e0 un receveur. Il\u2026 En savoir plus &raquo;\" \/>\n<meta property=\"og:url\" content=\"https:\/\/gezonde-darmflora.nl\/fr\/comment-cela-fonctionne-t-il\/\" \/>\n<meta property=\"og:site_name\" content=\"Gezonde Darmflora\" \/>\n<meta property=\"article:modified_time\" content=\"2025-11-15T16:09:23+00:00\" \/>\n<meta name=\"twitter:card\" content=\"summary_large_image\" \/>\n<meta name=\"twitter:label1\" content=\"Dur\u00e9e de lecture estim\u00e9e\" \/>\n\t<meta name=\"twitter:data1\" content=\"8 minutes\" \/>\n<script type=\"application\/ld+json\" class=\"yoast-schema-graph\">{\"@context\":\"https:\/\/schema.org\",\"@graph\":[{\"@type\":\"WebPage\",\"@id\":\"https:\/\/gezonde-darmflora.nl\/fr\/comment-cela-fonctionne-t-il\/\",\"url\":\"https:\/\/gezonde-darmflora.nl\/fr\/comment-cela-fonctionne-t-il\/\",\"name\":\"Comment cela fonctionne-t-il ? &#8211; Gezonde Darmflora\",\"isPartOf\":{\"@id\":\"https:\/\/gezonde-darmflora.nl\/fr\/#website\"},\"datePublished\":\"2020-06-18T13:18:08+00:00\",\"dateModified\":\"2025-11-15T16:09:23+00:00\",\"breadcrumb\":{\"@id\":\"https:\/\/gezonde-darmflora.nl\/fr\/comment-cela-fonctionne-t-il\/#breadcrumb\"},\"inLanguage\":\"fr-FR\",\"potentialAction\":[{\"@type\":\"ReadAction\",\"target\":[\"https:\/\/gezonde-darmflora.nl\/fr\/comment-cela-fonctionne-t-il\/\"]}]},{\"@type\":\"BreadcrumbList\",\"@id\":\"https:\/\/gezonde-darmflora.nl\/fr\/comment-cela-fonctionne-t-il\/#breadcrumb\",\"itemListElement\":[{\"@type\":\"ListItem\",\"position\":1,\"name\":\"Home\",\"item\":\"https:\/\/gezonde-darmflora.nl\/fr\/\"},{\"@type\":\"ListItem\",\"position\":2,\"name\":\"Comment cela fonctionne-t-il ?\"}]},{\"@type\":\"WebSite\",\"@id\":\"https:\/\/gezonde-darmflora.nl\/fr\/#website\",\"url\":\"https:\/\/gezonde-darmflora.nl\/fr\/\",\"name\":\"Gezonde Darmflora\",\"description\":\"Een gezonde &amp; natuurlijke darmflora\",\"potentialAction\":[{\"@type\":\"SearchAction\",\"target\":{\"@type\":\"EntryPoint\",\"urlTemplate\":\"https:\/\/gezonde-darmflora.nl\/fr\/?s={search_term_string}\"},\"query-input\":{\"@type\":\"PropertyValueSpecification\",\"valueRequired\":true,\"valueName\":\"search_term_string\"}}],\"inLanguage\":\"fr-FR\"}]}<\/script>\n<!-- \/ Yoast SEO plugin. -->","yoast_head_json":{"title":"Comment cela fonctionne-t-il ? &#8211; Gezonde Darmflora","robots":{"index":"index","follow":"follow","max-snippet":"max-snippet:-1","max-image-preview":"max-image-preview:large","max-video-preview":"max-video-preview:-1"},"canonical":"https:\/\/gezonde-darmflora.nl\/fr\/comment-cela-fonctionne-t-il\/","og_locale":"fr_FR","og_type":"article","og_title":"Comment cela fonctionne-t-il ? &#8211; Gezonde Darmflora","og_description":"[vc_row full_width=\u00a0\u00bbstretch_row_content_no_spaces\u00a0\u00bb][vc_column][\/vc_column][\/vc_row][vc_row equal_height=\u00a0\u00bbyes\u00a0\u00bb][vc_column width=\u00a0\u00bb3\/4&Prime;][vc_column_text css=\u00a0\u00bb\u00a0\u00bb] Les capsules de caca ne sont pas des m\u00e9dicaments et n&rsquo;ont pas encore \u00e9t\u00e9 cliniquement prouv\u00e9es comme traitement. Ce que vous en faites apr\u00e8s l&rsquo;achat est donc enti\u00e8rement sous votre propre responsabilit\u00e9. Greffe de foie La transplantation de selles est le transfert d&rsquo;une flore intestinale saine \u00e0 un receveur. Il\u2026 En savoir plus &raquo;","og_url":"https:\/\/gezonde-darmflora.nl\/fr\/comment-cela-fonctionne-t-il\/","og_site_name":"Gezonde Darmflora","article_modified_time":"2025-11-15T16:09:23+00:00","twitter_card":"summary_large_image","twitter_misc":{"Dur\u00e9e de lecture estim\u00e9e":"8 minutes"},"schema":{"@context":"https:\/\/schema.org","@graph":[{"@type":"WebPage","@id":"https:\/\/gezonde-darmflora.nl\/fr\/comment-cela-fonctionne-t-il\/","url":"https:\/\/gezonde-darmflora.nl\/fr\/comment-cela-fonctionne-t-il\/","name":"Comment cela fonctionne-t-il ? &#8211; Gezonde Darmflora","isPartOf":{"@id":"https:\/\/gezonde-darmflora.nl\/fr\/#website"},"datePublished":"2020-06-18T13:18:08+00:00","dateModified":"2025-11-15T16:09:23+00:00","breadcrumb":{"@id":"https:\/\/gezonde-darmflora.nl\/fr\/comment-cela-fonctionne-t-il\/#breadcrumb"},"inLanguage":"fr-FR","potentialAction":[{"@type":"ReadAction","target":["https:\/\/gezonde-darmflora.nl\/fr\/comment-cela-fonctionne-t-il\/"]}]},{"@type":"BreadcrumbList","@id":"https:\/\/gezonde-darmflora.nl\/fr\/comment-cela-fonctionne-t-il\/#breadcrumb","itemListElement":[{"@type":"ListItem","position":1,"name":"Home","item":"https:\/\/gezonde-darmflora.nl\/fr\/"},{"@type":"ListItem","position":2,"name":"Comment cela fonctionne-t-il ?"}]},{"@type":"WebSite","@id":"https:\/\/gezonde-darmflora.nl\/fr\/#website","url":"https:\/\/gezonde-darmflora.nl\/fr\/","name":"Gezonde Darmflora","description":"Een gezonde &amp; natuurlijke darmflora","potentialAction":[{"@type":"SearchAction","target":{"@type":"EntryPoint","urlTemplate":"https:\/\/gezonde-darmflora.nl\/fr\/?s={search_term_string}"},"query-input":{"@type":"PropertyValueSpecification","valueRequired":true,"valueName":"search_term_string"}}],"inLanguage":"fr-FR"}]}},"_links":{"self":[{"href":"https:\/\/gezonde-darmflora.nl\/fr\/wp-json\/wp\/v2\/pages\/15363","targetHints":{"allow":["GET"]}}],"collection":[{"href":"https:\/\/gezonde-darmflora.nl\/fr\/wp-json\/wp\/v2\/pages"}],"about":[{"href":"https:\/\/gezonde-darmflora.nl\/fr\/wp-json\/wp\/v2\/types\/page"}],"author":[{"embeddable":true,"href":"https:\/\/gezonde-darmflora.nl\/fr\/wp-json\/wp\/v2\/users\/1"}],"replies":[{"embeddable":true,"href":"https:\/\/gezonde-darmflora.nl\/fr\/wp-json\/wp\/v2\/comments?post=15363"}],"version-history":[{"count":27,"href":"https:\/\/gezonde-darmflora.nl\/fr\/wp-json\/wp\/v2\/pages\/15363\/revisions"}],"predecessor-version":[{"id":18684,"href":"https:\/\/gezonde-darmflora.nl\/fr\/wp-json\/wp\/v2\/pages\/15363\/revisions\/18684"}],"wp:attachment":[{"href":"https:\/\/gezonde-darmflora.nl\/fr\/wp-json\/wp\/v2\/media?parent=15363"}],"curies":[{"name":"wp","href":"https:\/\/api.w.org\/{rel}","templated":true}]}}