{"id":15301,"date":"2020-07-23T09:26:58","date_gmt":"2020-07-23T07:26:58","guid":{"rendered":"https:\/\/gezonde-darmflora.nl\/problemes-intestinaux\/syndrome-du-colon-irritable\/"},"modified":"2025-01-27T16:18:44","modified_gmt":"2025-01-27T15:18:44","slug":"syndrome-du-colon-irritable","status":"publish","type":"page","link":"https:\/\/gezonde-darmflora.nl\/fr\/problemes-intestinaux\/syndrome-du-colon-irritable\/","title":{"rendered":"Syndrome du c\u00f4lon irritable"},"content":{"rendered":"<div class=\"wpb-content-wrapper\"><p>[vc_row full_width=\u00a0\u00bbstretch_row_content_no_spaces\u00a0\u00bb][vc_column]\r\n    <div class=\"page-title\">\r\n        <div class=\"container\">\r\n            <div class=\"row\">\r\n                <div class=\"col\">\r\n                    <h1>Syndrome du c\u00f4lon irritable<\/h1>\r\n                <\/div>\r\n            <\/div>\r\n        <\/div>\r\n    <\/div>\r\n\r\n    [\/vc_column][\/vc_row][vc_row][vc_column offset=\u00a0\u00bbvc_col-md-8&Prime;][vc_column_text]Le syndrome de l&rsquo;intestin irritable est \u00e9galement appel\u00e9 intestin spasmodique ou intestin du syndrome de l&rsquo;intestin irritable. Le SPI peut rendre votre vie tr\u00e8s inconfortable et vous laisser plein de questions sans traitement possible.[\/vc_column_text]<div class=\"eye_empty_space pt-md-5 pb-md-5   pt-4 pb-4\"><\/div>[\/vc_column][vc_column offset=\u00a0\u00bbvc_col-md-4&Prime; el_class=\u00a0\u00bbmb-5 mb-lg-0&Prime;]\r\n    <div class=\"blob-image-wrap\">\r\n        <img decoding=\"async\" src=\"https:\/\/gezonde-darmflora.nl\/wp-content\/uploads\/2020\/06\/foto-M-1024x731.jpg\">\r\n    <\/div>\r\n    <p class=\"blob-image__caption\"><\/p>\r\n\r\n    [\/vc_column][\/vc_row][vc_section full_width=\u00a0\u00bbstretch_row\u00a0\u00bb el_class=\u00a0\u00bbbg-green\u00a0\u00bb][vc_row][vc_column offset=\u00a0\u00bbvc_col-lg-offset-2 vc_col-lg-8&Prime;][vc_column_text]<\/p>\n<h2>Qu&rsquo;est-ce que le SPD ?<\/h2>\n<p>Il s&rsquo;agit d&rsquo;un trouble intestinal courant, une perturbation fonctionnelle du tractus gastro-intestinal. On parle de troubles fonctionnels parce que l&rsquo;intestin semble normal, mais qu&rsquo;aucune cause m\u00e9dicale n&rsquo;a \u00e9t\u00e9 trouv\u00e9e. Seul l&rsquo;intestin ne fonctionne pas correctement. C&rsquo;est pourquoi ce trouble survient g\u00e9n\u00e9ralement dans le c\u00f4lon. Les caract\u00e9ristiques se manifestent par des douleurs abdominales ou des crampes abdominales, des probl\u00e8mes de selles, un <a href=\"https:\/\/gezonde-darmflora.nl\/fr\/problemes-intestinaux\/ballonnements\/\">gonflement de l&rsquo;abdomen<\/a> et une augmentation des flatulences. Les personnes atteintes de SPD souffrent souvent de <a href=\"https:\/\/gezonde-darmflora.nl\/fr\/problemes-intestinaux\/diarrhee\/\">diarrh\u00e9e<\/a> ou de <a href=\"https:\/\/gezonde-darmflora.nl\/fr\/problemes-intestinaux\/constipation-ou-occlusion-intestinale\/\">constipation<\/a>. Les selles alternent entre diarrh\u00e9e et constipation, et la douleur se situe souvent \u00e0 des endroits diff\u00e9rents de l&rsquo;abdomen. On estime qu&rsquo;environ 10 \u00e0 20 % des N\u00e9erlandais sont atteints de SPD et que 75 % d&rsquo;entre eux sont des femmes. Le nombre de sympt\u00f4mes que vous ressentez, leur gravit\u00e9 et leur fr\u00e9quence varient d&rsquo;une personne \u00e0 l&rsquo;autre. Si vous ressentez des sympt\u00f4mes de plus en plus fr\u00e9quents et que leur gravit\u00e9 et leur fr\u00e9quence augmentent, il y a de fortes chances que cela affecte \u00e9galement votre vie quotidienne et votre routine. Le mauvais fonctionnement de l&rsquo;intestin perturbe la digestion et entra\u00eene les probl\u00e8mes que vous pouvez rencontrer.[\/vc_column_text][\/vc_column][\/vc_row][\/vc_section][vc_row][vc_column]<div class=\"eye_empty_space pt-md-5 pb-md-5   pt-4 pb-4\"><\/div>[\/vc_column][\/vc_row][vc_row][vc_column offset=\u00a0\u00bbvc_col-md-8&Prime;][vc_column_text]<\/p>\n<h2>Faire tester le syndrome du c\u00f4lon irritable<\/h2>\n<p>L&rsquo;origine du syndrome du c\u00f4lon irritable n&rsquo;est pas vraiment connue et ne peut pas \u00eatre test\u00e9e. Les cons\u00e9quences du SPI sont diff\u00e9rentes pour chaque personne. Chez certaines personnes, le SPI survient \u00e0 la suite d&rsquo;une infection intestinale, par exemple une intoxication alimentaire, mais il s&rsquo;agit g\u00e9n\u00e9ralement d&rsquo;une combinaison de facteurs. Par exemple, l&rsquo;intestin fait trop ou pas assez de mouvements, ce que l&rsquo;on appelle un <strong>intestin spastique<\/strong>. Chez plus de 60 % des personnes atteintes de SPD, les nerfs de la paroi intestinale sont tr\u00e8s sensibles ou r\u00e9agissent \u00e0 l&rsquo;\u00e9tirement ou au soul\u00e8vement de la paroi intestinale. C&rsquo;est de l\u00e0 que vient l&rsquo;expression \u00ab\u00a0intestin irritable\u00a0\u00bb. L&rsquo;interaction de l&rsquo;axe cerveau-intestin provoque alors les sympt\u00f4mes de la douleur. La tension et certains aliments peuvent exacerber les sympt\u00f4mes. De nombreuses recherches sont encore en cours pour d\u00e9terminer comment ces facteurs jouent un r\u00f4le dans le syndrome de l&rsquo;intestin irritable, mais il est d\u00e9sormais clair que le stress est une source de nombreux probl\u00e8mes possibles.[\/vc_column_text]<div class=\"eye_empty_space pt-md-5 pb-md-5   pt-4 pb-4\"><\/div>[\/vc_column][vc_column offset=\u00a0\u00bbvc_col-md-4&Prime; el_class=\u00a0\u00bbmb-5 mb-lg-0&Prime;]\r\n    <div class=\"blob-image-wrap\">\r\n        <img decoding=\"async\" src=\"https:\/\/gezonde-darmflora.nl\/wp-content\/uploads\/2020\/08\/bacterie\u0308n-in-darmen.jpg\">\r\n    <\/div>\r\n    <p class=\"blob-image__caption\"><\/p>\r\n\r\n    [\/vc_column][\/vc_row][vc_row][vc_column offset=\u00a0\u00bbvc_col-md-4&Prime; el_class=\u00a0\u00bbmb-5 mb-lg-0&Prime;]\r\n    <div class=\"blob-image-wrap\">\r\n        <img decoding=\"async\" src=\"https:\/\/gezonde-darmflora.nl\/wp-content\/uploads\/2020\/08\/darmklachten.jpg\">\r\n    <\/div>\r\n    <p class=\"blob-image__caption\"><\/p>\r\n\r\n    [\/vc_column][vc_column offset=\u00a0\u00bbvc_col-md-8&Prime;][vc_column_text]<\/p>\n<h2>Causes du SPD<\/h2>\n<p>Le SPD est la cause la plus fr\u00e9quente de sympt\u00f4mes gastro-intestinaux. Mais quelles en sont les causes exactes ? Depuis quelques ann\u00e9es, on pense au sexe, \u00e0 l&rsquo;\u00e2ge, aux g\u00e8nes, aux changements hormonaux, \u00e0 certains m\u00e9dicaments, aux carences en nutriments, aux infections intestinales et aux allergies. On soup\u00e7onne un dysfonctionnement de l&rsquo;axe cerveau-intestin dans les cas de SPD. Les m\u00e9decins et les chercheurs sont \u00e9galement convaincus que votre \u00e9tat d&rsquo;esprit, comme le stress ou l&rsquo;anxi\u00e9t\u00e9, joue un r\u00f4le important. Il est donc bon de savoir si ces facteurs peuvent jouer un r\u00f4le dans les sympt\u00f4mes ressentis.     <\/p>\n<h2>Plaintes que vous pouvez rencontrer<\/h2>\n<p>Par cons\u00e9quent, les sympt\u00f4mes les plus courants du SPD sont des douleurs abdominales, des crampes, des maux d&rsquo;estomac, de la diarrh\u00e9e ou de la constipation, des ballonnements, des naus\u00e9es et de la fatigue. Les m\u00e9decins ne consid\u00e8rent pas le SPD comme dangereux car il n&rsquo;endommage pas l&rsquo;estomac, les intestins ou d&rsquo;autres parties du tube digestif. C&rsquo;est pourquoi des m\u00e9dicaments sont rarement prescrits.[\/vc_column_text]<div class=\"eye_empty_space pt-md-5 pb-md-5   pt-4 pb-4\"><\/div>[\/vc_column][\/vc_row][vc_row][vc_column]<div class=\"eye_empty_space pt-md-5 pb-md-5   pt-4 pb-4\"><\/div>[\/vc_column][\/vc_row][vc_row][vc_column offset=\u00a0\u00bbvc_col-md-8&Prime;][vc_column_text]<\/p>\n<h2>Que pouvez-vous faire contre un c\u00f4lon spasmodique ?<\/h2>\n<p>En raison des nombreuses causes possibles, l&rsquo;expression \u00ab\u00a0\u00e9quilibre total\u00a0\u00bb semble s&rsquo;appliquer ici. Pour la partie mentale, trouvez la paix dans votre esprit en respirant de mani\u00e8re consciente, par exemple gr\u00e2ce au yoga et \u00e0 la m\u00e9ditation. Un sp\u00e9cialiste de la respiration peut vous donner de bons conseils, des exercices et une vue d&rsquo;ensemble de votre mode de respiration. Trouvez la paix dans votre corps en discutant de votre alimentation avec un expert en nutrition. Souvent, vous pouvez \u00e9galement y faire tester ce que votre corps aime et n&rsquo;aime pas. Vous \u00e9viterez ainsi d&rsquo;exclure inutilement des aliments ou de manger de mani\u00e8re unilat\u00e9rale. Il est \u00e9galement important de bien d\u00e9terminer quels aliments ont un effet positif ou n\u00e9gatif sur votre corps et votre intestin spasmodique. Mettez votre corps au travail. Il n&rsquo;est pas fait pour rester immobile. Le sport ou le travail physique permet \u00e0 votre corps de fonctionner correctement. Une voiture ne reste pas non plus immobile et une maison vide se d\u00e9grade rapidement.[\/vc_column_text]<div class=\"eye_empty_space pt-md-5 pb-md-5   pt-4 pb-4\"><\/div>[\/vc_column][vc_column offset=\u00a0\u00bbvc_col-md-4&Prime; el_class=\u00a0\u00bbmb-5 mb-lg-0&Prime;]\r\n    <div class=\"blob-image-wrap\">\r\n        <img decoding=\"async\" src=\"https:\/\/gezonde-darmflora.nl\/wp-content\/uploads\/2020\/08\/darmflora-verbeteren-tips.jpg\">\r\n    <\/div>\r\n    <p class=\"blob-image__caption\"><\/p>\r\n\r\n    [\/vc_column][\/vc_row][vc_section full_width=\u00a0\u00bbstretch_row\u00a0\u00bb el_class=\u00a0\u00bbbg-green\u00a0\u00bb][vc_row][vc_column offset=\u00a0\u00bbvc_col-lg-offset-2 vc_col-lg-8&Prime;][vc_column_text]<\/p>\n<h2>Traitements possibles de la DSP<\/h2>\n<p>Il n&rsquo;existe pas de m\u00e9dicament pour le syndrome du c\u00f4lon irritable. Un traitement m\u00e9dical n&rsquo;est donc pas vraiment possible. Vous ne pouvez compter que sur vous-m\u00eame. R\u00e9alisez donc que votre corps vous en dit finalement plus que vous ne le pensez. \u00c9coutez-le attentivement et prenez contact avec vous-m\u00eame. Souvent, cela signifie que vous devez changer votre mode de vie. Si vous avez modifi\u00e9 votre r\u00e9gime alimentaire et commenc\u00e9 \u00e0 boire plus ou seulement de l&rsquo;eau, si vous faites plus d&rsquo;exercice, si vous vous reposez et si vous avez travaill\u00e9 sur votre respiration, si vous avez m\u00eame consult\u00e9 un nutritionniste, mais que les sympt\u00f4mes de l&rsquo;intestin spasmodique persistent ? Qu&rsquo;en est-il de <a href=\"https:\/\/gezonde-darmflora.nl\/fr\/flore-intestinale\/\">votre flore intestinale<\/a>? L&rsquo;\u00e9tat de la flore intestinale est rarement examin\u00e9. Ne serait-elle pas d\u00e9s\u00e9quilibr\u00e9e ? N&rsquo;y a-t-il pas un manque de bonnes bact\u00e9ries ? Avec une flore intestinale d\u00e9s\u00e9quilibr\u00e9e, diff\u00e9rents probl\u00e8mes peuvent survenir chez tout le monde. En fait, dans la plupart des probl\u00e8mes, <a href=\"https:\/\/gezonde-darmflora.nl\/fr\/flore-intestinale\/alteration-de-la-flore-intestinale\/\">une flore intestinale d\u00e9s\u00e9quilibr\u00e9e<\/a> est la source du mal. Le point le plus faible de votre organisme est donc le premier \u00e0 en souffrir. Dans le syndrome du c\u00f4lon irritable, les probl\u00e8mes les plus importants se situent principalement dans le c\u00f4lon spastique, o\u00f9 r\u00e9sident la plupart des bact\u00e9ries. <a href=\"https:\/\/gezonde-darmflora.nl\/fr\/la-theorie-fmt\/\">Une transplantation de caca<\/a> est une autre possibilit\u00e9 sous-explor\u00e9e.[\/vc_column_text][\/vc_column][\/vc_row][\/vc_section][vc_row full_width=\u00a0\u00bbstretch_row_content_no_spaces\u00a0\u00bb css=\u00a0\u00bb.vc_custom_1593680854494{margin-bottom: -10rem !important;}\u00a0\u00bb][vc_column]\r\n    <a href=\"https:\/\/gezonde-darmflora.nl\/poeppillen-bestellen\/\" target=\"\" class=\"no-underline\">\r\n\r\n        <div class=\"cta\" style=\"background-image: url('https:\/\/gezonde-darmflora.nl\/wp-content\/uploads\/2020\/06\/darmflora-en-gezondheid-e1615224352177.jpg')\">\r\n            <div class=\"container\">\r\n                <div class=\"row\">\r\n                    <div class=\"col-12\">\r\n                        <p>\r\n                            <\/p>\n<h3>Aidez votre flore intestinale \u00e0 rester en bonne sant\u00e9 ?<\/h3>\n<h4>Vous trouverez tout ce dont vous avez besoin dans notre magasin.<\/h4>\n<p>                        <\/p>\r\n                        <div class=\"cta__button svg-btn svg-btn-darkgreen\">\r\n                            <svg xmlns=\"http:\/\/www.w3.org\/2000\/svg\" width=\"50\" height=\"50\" viewBox=\"0 0 55 50\"><defs><\/defs><g id=\"Layer_2\" data-name=\"Layer 2\"><g id=\"Layer_1-2\" data-name=\"Layer 1\"><path width=\"100%\" height=\"100%\" class=\"anime\" d=\"M1.16,31.86C5.61,44.26,19.3,52,32.23,49.6C40.23,48.11,48.89,42.33,51.61,34.400000000000006C53.61,28.510000000000005,51.839999999999996,22.550000000000004,49.23,17.210000000000004C46.23,10.990000000000006,43.06999999999999,4.210000000000004,36.29,1.270000000000005C31,-1,24.8,0,19.64,2.49A45,45,0,0,0,10.57,8.66C8.39,10.5,5.430000000000001,12.280000000000001,3.6400000000000006,14.46C-0.3,19.28,-0.9,26.13,1.16,31.86Z\"\/><\/g><\/g><\/svg>\r\n                            <i class=\"far fa-long-arrow-alt-right\"><\/i>\r\n                        <\/div>\r\n                    <\/div>\r\n                <\/div>\r\n            <\/div>\r\n        <\/div>\r\n\r\n    <\/a>\r\n\r\n    [\/vc_column][\/vc_row]<\/p>\n<\/div>","protected":false},"excerpt":{"rendered":"<p>[vc_row full_width=\u00a0\u00bbstretch_row_content_no_spaces\u00a0\u00bb][vc_column][\/vc_column][\/vc_row][vc_row][vc_column offset=\u00a0\u00bbvc_col-md-8&Prime;][vc_column_text]Le syndrome de l&rsquo;intestin irritable est \u00e9galement appel\u00e9 intestin spasmodique ou intestin du syndrome de l&rsquo;intestin irritable. Le SPI peut rendre votre vie tr\u00e8s inconfortable et vous laisser plein de questions sans traitement possible.[\/vc_column_text][\/vc_column][vc_column offset=\u00a0\u00bbvc_col-md-4&Prime; el_class=\u00a0\u00bbmb-5 mb-lg-0&Prime;][\/vc_column][\/vc_row][vc_section full_width=\u00a0\u00bbstretch_row\u00a0\u00bb el_class=\u00a0\u00bbbg-green\u00a0\u00bb][vc_row][vc_column offset=\u00a0\u00bbvc_col-lg-offset-2 vc_col-lg-8&Prime;][vc_column_text] Qu&rsquo;est-ce que le SPD ? Il s&rsquo;agit d&rsquo;un trouble intestinal courant, une\u2026 <a href=\"https:\/\/gezonde-darmflora.nl\/fr\/problemes-intestinaux\/syndrome-du-colon-irritable\/\">En savoir plus &raquo;<\/a><\/p>\n","protected":false},"author":4,"featured_media":0,"parent":15249,"menu_order":0,"comment_status":"closed","ping_status":"closed","template":"","meta":{"_acf_changed":false,"footnotes":""},"class_list":["post-15301","page","type-page","status-publish","hentry"],"acf":[],"yoast_head":"<!-- This site is optimized with the Yoast SEO plugin v27.1.1 - https:\/\/yoast.com\/product\/yoast-seo-wordpress\/ -->\n<title>DSP : Que faire en cas de syndrome du c\u00f4lon irritable ? Causes et conseils<\/title>\n<meta name=\"description\" content=\"PDS est l&#039;abr\u00e9viation de syndrome de l&#039;intestin irritable et est \u00e9galement appel\u00e9 intestin spasmodique ou intestin du SII. En savoir plus sur les causes et les traitements.\" \/>\n<meta name=\"robots\" content=\"index, follow, max-snippet:-1, max-image-preview:large, max-video-preview:-1\" \/>\n<link rel=\"canonical\" href=\"https:\/\/gezonde-darmflora.nl\/fr\/problemes-intestinaux\/syndrome-du-colon-irritable\/\" \/>\n<meta property=\"og:locale\" content=\"fr_FR\" \/>\n<meta property=\"og:type\" content=\"article\" \/>\n<meta property=\"og:title\" content=\"DSP : Que faire en cas de syndrome du c\u00f4lon irritable ? Causes et conseils\" \/>\n<meta property=\"og:description\" content=\"PDS est l&#039;abr\u00e9viation de syndrome de l&#039;intestin irritable et est \u00e9galement appel\u00e9 intestin spasmodique ou intestin du SII. En savoir plus sur les causes et les traitements.\" \/>\n<meta property=\"og:url\" content=\"https:\/\/gezonde-darmflora.nl\/fr\/problemes-intestinaux\/syndrome-du-colon-irritable\/\" \/>\n<meta property=\"og:site_name\" content=\"Gezonde Darmflora\" \/>\n<meta property=\"article:modified_time\" content=\"2025-01-27T15:18:44+00:00\" \/>\n<meta name=\"twitter:card\" content=\"summary_large_image\" \/>\n<meta name=\"twitter:label1\" content=\"Dur\u00e9e de lecture estim\u00e9e\" \/>\n\t<meta name=\"twitter:data1\" content=\"7 minutes\" \/>\n<script type=\"application\/ld+json\" class=\"yoast-schema-graph\">{\"@context\":\"https:\/\/schema.org\",\"@graph\":[{\"@type\":\"WebPage\",\"@id\":\"https:\/\/gezonde-darmflora.nl\/fr\/problemes-intestinaux\/syndrome-du-colon-irritable\/\",\"url\":\"https:\/\/gezonde-darmflora.nl\/fr\/problemes-intestinaux\/syndrome-du-colon-irritable\/\",\"name\":\"DSP : Que faire en cas de syndrome du c\u00f4lon irritable ? Causes et conseils\",\"isPartOf\":{\"@id\":\"https:\/\/gezonde-darmflora.nl\/fr\/#website\"},\"datePublished\":\"2020-07-23T07:26:58+00:00\",\"dateModified\":\"2025-01-27T15:18:44+00:00\",\"description\":\"PDS est l'abr\u00e9viation de syndrome de l'intestin irritable et est \u00e9galement appel\u00e9 intestin spasmodique ou intestin du SII. En savoir plus sur les causes et les traitements.\",\"breadcrumb\":{\"@id\":\"https:\/\/gezonde-darmflora.nl\/fr\/problemes-intestinaux\/syndrome-du-colon-irritable\/#breadcrumb\"},\"inLanguage\":\"fr-FR\",\"potentialAction\":[{\"@type\":\"ReadAction\",\"target\":[\"https:\/\/gezonde-darmflora.nl\/fr\/problemes-intestinaux\/syndrome-du-colon-irritable\/\"]}]},{\"@type\":\"BreadcrumbList\",\"@id\":\"https:\/\/gezonde-darmflora.nl\/fr\/problemes-intestinaux\/syndrome-du-colon-irritable\/#breadcrumb\",\"itemListElement\":[{\"@type\":\"ListItem\",\"position\":1,\"name\":\"Home\",\"item\":\"https:\/\/gezonde-darmflora.nl\/fr\/\"},{\"@type\":\"ListItem\",\"position\":2,\"name\":\"Probl\u00e8mes intestinaux\",\"item\":\"https:\/\/gezonde-darmflora.nl\/fr\/problemes-intestinaux\/\"},{\"@type\":\"ListItem\",\"position\":3,\"name\":\"Syndrome du c\u00f4lon irritable\"}]},{\"@type\":\"WebSite\",\"@id\":\"https:\/\/gezonde-darmflora.nl\/fr\/#website\",\"url\":\"https:\/\/gezonde-darmflora.nl\/fr\/\",\"name\":\"Gezonde Darmflora\",\"description\":\"Een gezonde &amp; natuurlijke darmflora\",\"potentialAction\":[{\"@type\":\"SearchAction\",\"target\":{\"@type\":\"EntryPoint\",\"urlTemplate\":\"https:\/\/gezonde-darmflora.nl\/fr\/?s={search_term_string}\"},\"query-input\":{\"@type\":\"PropertyValueSpecification\",\"valueRequired\":true,\"valueName\":\"search_term_string\"}}],\"inLanguage\":\"fr-FR\"}]}<\/script>\n<!-- \/ Yoast SEO plugin. -->","yoast_head_json":{"title":"DSP : Que faire en cas de syndrome du c\u00f4lon irritable ? Causes et conseils","description":"PDS est l'abr\u00e9viation de syndrome de l'intestin irritable et est \u00e9galement appel\u00e9 intestin spasmodique ou intestin du SII. En savoir plus sur les causes et les traitements.","robots":{"index":"index","follow":"follow","max-snippet":"max-snippet:-1","max-image-preview":"max-image-preview:large","max-video-preview":"max-video-preview:-1"},"canonical":"https:\/\/gezonde-darmflora.nl\/fr\/problemes-intestinaux\/syndrome-du-colon-irritable\/","og_locale":"fr_FR","og_type":"article","og_title":"DSP : Que faire en cas de syndrome du c\u00f4lon irritable ? Causes et conseils","og_description":"PDS est l'abr\u00e9viation de syndrome de l'intestin irritable et est \u00e9galement appel\u00e9 intestin spasmodique ou intestin du SII. En savoir plus sur les causes et les traitements.","og_url":"https:\/\/gezonde-darmflora.nl\/fr\/problemes-intestinaux\/syndrome-du-colon-irritable\/","og_site_name":"Gezonde Darmflora","article_modified_time":"2025-01-27T15:18:44+00:00","twitter_card":"summary_large_image","twitter_misc":{"Dur\u00e9e de lecture estim\u00e9e":"7 minutes"},"schema":{"@context":"https:\/\/schema.org","@graph":[{"@type":"WebPage","@id":"https:\/\/gezonde-darmflora.nl\/fr\/problemes-intestinaux\/syndrome-du-colon-irritable\/","url":"https:\/\/gezonde-darmflora.nl\/fr\/problemes-intestinaux\/syndrome-du-colon-irritable\/","name":"DSP : Que faire en cas de syndrome du c\u00f4lon irritable ? Causes et conseils","isPartOf":{"@id":"https:\/\/gezonde-darmflora.nl\/fr\/#website"},"datePublished":"2020-07-23T07:26:58+00:00","dateModified":"2025-01-27T15:18:44+00:00","description":"PDS est l'abr\u00e9viation de syndrome de l'intestin irritable et est \u00e9galement appel\u00e9 intestin spasmodique ou intestin du SII. En savoir plus sur les causes et les traitements.","breadcrumb":{"@id":"https:\/\/gezonde-darmflora.nl\/fr\/problemes-intestinaux\/syndrome-du-colon-irritable\/#breadcrumb"},"inLanguage":"fr-FR","potentialAction":[{"@type":"ReadAction","target":["https:\/\/gezonde-darmflora.nl\/fr\/problemes-intestinaux\/syndrome-du-colon-irritable\/"]}]},{"@type":"BreadcrumbList","@id":"https:\/\/gezonde-darmflora.nl\/fr\/problemes-intestinaux\/syndrome-du-colon-irritable\/#breadcrumb","itemListElement":[{"@type":"ListItem","position":1,"name":"Home","item":"https:\/\/gezonde-darmflora.nl\/fr\/"},{"@type":"ListItem","position":2,"name":"Probl\u00e8mes intestinaux","item":"https:\/\/gezonde-darmflora.nl\/fr\/problemes-intestinaux\/"},{"@type":"ListItem","position":3,"name":"Syndrome du c\u00f4lon irritable"}]},{"@type":"WebSite","@id":"https:\/\/gezonde-darmflora.nl\/fr\/#website","url":"https:\/\/gezonde-darmflora.nl\/fr\/","name":"Gezonde Darmflora","description":"Een gezonde &amp; natuurlijke darmflora","potentialAction":[{"@type":"SearchAction","target":{"@type":"EntryPoint","urlTemplate":"https:\/\/gezonde-darmflora.nl\/fr\/?s={search_term_string}"},"query-input":{"@type":"PropertyValueSpecification","valueRequired":true,"valueName":"search_term_string"}}],"inLanguage":"fr-FR"}]}},"_links":{"self":[{"href":"https:\/\/gezonde-darmflora.nl\/fr\/wp-json\/wp\/v2\/pages\/15301","targetHints":{"allow":["GET"]}}],"collection":[{"href":"https:\/\/gezonde-darmflora.nl\/fr\/wp-json\/wp\/v2\/pages"}],"about":[{"href":"https:\/\/gezonde-darmflora.nl\/fr\/wp-json\/wp\/v2\/types\/page"}],"author":[{"embeddable":true,"href":"https:\/\/gezonde-darmflora.nl\/fr\/wp-json\/wp\/v2\/users\/4"}],"replies":[{"embeddable":true,"href":"https:\/\/gezonde-darmflora.nl\/fr\/wp-json\/wp\/v2\/comments?post=15301"}],"version-history":[{"count":10,"href":"https:\/\/gezonde-darmflora.nl\/fr\/wp-json\/wp\/v2\/pages\/15301\/revisions"}],"predecessor-version":[{"id":15336,"href":"https:\/\/gezonde-darmflora.nl\/fr\/wp-json\/wp\/v2\/pages\/15301\/revisions\/15336"}],"up":[{"embeddable":true,"href":"https:\/\/gezonde-darmflora.nl\/fr\/wp-json\/wp\/v2\/pages\/15249"}],"wp:attachment":[{"href":"https:\/\/gezonde-darmflora.nl\/fr\/wp-json\/wp\/v2\/media?parent=15301"}],"curies":[{"name":"wp","href":"https:\/\/api.w.org\/{rel}","templated":true}]}}