{"id":15300,"date":"2020-07-23T08:19:41","date_gmt":"2020-07-23T06:19:41","guid":{"rendered":"https:\/\/gezonde-darmflora.nl\/problemes-intestinaux\/ballonnements\/"},"modified":"2025-01-27T16:18:43","modified_gmt":"2025-01-27T15:18:43","slug":"ballonnements","status":"publish","type":"page","link":"https:\/\/gezonde-darmflora.nl\/fr\/problemes-intestinaux\/ballonnements\/","title":{"rendered":"Ballonnements"},"content":{"rendered":"<div class=\"wpb-content-wrapper\"><p>[vc_row full_width=\u00a0\u00bbstretch_row_content_no_spaces\u00a0\u00bb][vc_column]\r\n    <div class=\"page-title\">\r\n        <div class=\"container\">\r\n            <div class=\"row\">\r\n                <div class=\"col\">\r\n                    <h1>Ballonnements<\/h1>\r\n                <\/div>\r\n            <\/div>\r\n        <\/div>\r\n    <\/div>\r\n\r\n    [\/vc_column][\/vc_row][vc_row][vc_column offset=\u00a0\u00bbvc_col-md-8&Prime;][vc_column_text]Rien n&rsquo;est plus ennuyeux que les ballonnements. Une pression \u00e9norme sur le ventre n&rsquo;est \u00e9videmment pas agr\u00e9able. Une personne sur cinq souffre un jour ou l&rsquo;autre d&rsquo;un ventre gonfl\u00e9. Ce ph\u00e9nom\u00e8ne est plus fr\u00e9quent chez les femmes. L&rsquo;abdomen peut gonfler parce que les intestins augmentent de volume en raison d&rsquo;une infection ou de gaz. Un ventre gonfl\u00e9 est souvent accompagn\u00e9 de flatulences et de naus\u00e9es, mais pas n\u00e9cessairement. Dans tous les cas, il s&rsquo;agit d&rsquo;une sensation tr\u00e8s d\u00e9sagr\u00e9able. Si les mouvements p\u00e9ristaltiques de votre estomac et de vos intestins ne peuvent plus faire leur travail correctement, vous pouvez souffrir d&rsquo;une sensation de ballonnement. Vous ressentez alors une sorte de pression sur l&rsquo;estomac et les intestins. Souvent, vous vous sentez \u00e9galement rassasi\u00e9 et vous ressentez des douleurs \u00e0 l&rsquo;estomac.[\/vc_column_text]<div class=\"eye_empty_space pt-md-5 pb-md-5   pt-4 pb-4\"><\/div>[\/vc_column][vc_column offset=\u00a0\u00bbvc_col-md-4&Prime; el_class=\u00a0\u00bbmb-5 mb-lg-0&Prime;]\r\n    <div class=\"blob-image-wrap\">\r\n        <img decoding=\"async\" src=\"https:\/\/gezonde-darmflora.nl\/wp-content\/uploads\/2020\/08\/opgeblazen-buik-gevoel-wat-doen.jpg\">\r\n    <\/div>\r\n    <p class=\"blob-image__caption\"><\/p>\r\n\r\n    [\/vc_column][\/vc_row][vc_section full_width=\u00a0\u00bbstretch_row\u00a0\u00bb el_class=\u00a0\u00bbbg-green\u00a0\u00bb][vc_row][vc_column offset=\u00a0\u00bbvc_col-lg-offset-2 vc_col-lg-8&Prime;][vc_column_text]<\/p>\n<h2>Causes des ballonnements<\/h2>\n<p>Les ballonnements peuvent \u00eatre caus\u00e9s par ce que vous avez mang\u00e9 ou peut-\u00eatre trop. Mais un d\u00e9r\u00e8glement du transit intestinal, une intol\u00e9rance au gluten, des parasites, des champignons, des levures comme le candida ou le syndrome du c\u00f4lon irritable peuvent \u00e9galement \u00eatre \u00e0 l&rsquo;origine de ces ballonnements. L&rsquo;une des principales causes de ballonnements abdominaux est une infection par dientamoeba fragilis ou blastocystis homini. Il s&rsquo;agit de parasites. Les parasites peuvent rester dans l&rsquo;intestin pendant des ann\u00e9es. Le dientamoeba fragilis et le blastocystis hominis provoquent des flatulences, des naus\u00e9es et parfois des d\u00e9mangeaisons en plus d&rsquo;un abdomen gonfl\u00e9. Vous pouvez vous faire d\u00e9pister et un traitement par votre m\u00e9decin g\u00e9n\u00e9raliste est possible. Par ailleurs, de nombreuses personnes ont des parasites et ne se plaignent de rien. C&rsquo;est pourquoi rien ou presque n&rsquo;est fait \u00e0 ce sujet. Vous pouvez avoir des sympt\u00f4mes pendant des ann\u00e9es sans savoir que vous \u00eates infect\u00e9. Il existe d&rsquo;autres facteurs qui influencent une perturbation qui commence souvent au niveau de la flore intestinale. Il s&rsquo;agit notamment de la vieillesse, du stress, de l&rsquo;alcool, du tabagisme, de certains aliments et de m\u00e9dicaments ou d&rsquo;antiacides. Les principales causes des ballonnements sont : avaler trop d&rsquo;air en mangeant, fumer, parler vite ou manger trop vite et boire trop vite. Une mauvaise digestion et absorption des nutriments tels que les fibres insolubles et l&rsquo;amidon indigeste jouent \u00e9galement un r\u00f4le. Il existe \u00e9galement des aliments qui contiennent tout simplement beaucoup d&rsquo;air, comme les boissons gazeuses, la bi\u00e8re, la cr\u00e8me fouett\u00e9e, le souffl\u00e9 et le pain. Une augmentation de l&rsquo;histamine due \u00e0 une d\u00e9ficience enzymatique peut se produire. L&rsquo;histamine est un compos\u00e9 organique impliqu\u00e9 dans plusieurs processus physiologiques. Les enzymes jouent un r\u00f4le dans le tractus gastro-intestinal, elle agit comme neurotransmetteur dans votre syst\u00e8me nerveux central et a une fonction dans votre syst\u00e8me immunitaire. Des niveaux \u00e9lev\u00e9s d&rsquo;histamine sont observ\u00e9s en particulier en cas d&rsquo;allergies et apr\u00e8s avoir bu du vin rouge ou mang\u00e9 du fromage vieilli et du chocolat. L&rsquo;inflammation est \u00e9galement associ\u00e9e aux ballonnements abdominaux. Faites rapidement un <strong>test de calprotectine<\/strong>. Il vous indiquera le degr\u00e9 d&rsquo;inflammation de votre organisme. Heureusement, il vous suffit de pr\u00e9senter quelques selles pour le r\u00e9aliser.[\/vc_column_text][\/vc_column][\/vc_row][\/vc_section][vc_row][vc_column]<div class=\"eye_empty_space pt-md-5 pb-md-5   pt-4 pb-4\"><\/div>[\/vc_column][\/vc_row][vc_row equal_height=\u00a0\u00bbyes\u00a0\u00bb][vc_column offset=\u00a0\u00bbvc_col-md-8&Prime;][vc_column_text]<\/p>\n<h2>Que pouvez-vous faire contre les ballonnements ?<\/h2>\n<p>L&rsquo;exc\u00e8s de gaz dans le tractus gastro-intestinal peut \u00eatre \u00e9vit\u00e9, ce qui permet de pr\u00e9venir les ballonnements. Mangez lentement et prenez le temps de boire, de pr\u00e9f\u00e9rence de l&rsquo;eau. Essayez de bien m\u00e2cher, car vous avalerez ainsi moins d&rsquo;air. En outre, votre nourriture est mieux absorb\u00e9e parce que vous la m\u00e9langez \u00e0 votre salive, ce qui facilite la digestion. Le tractus gastro-intestinal contient normalement environ cent cinquante millilitres de gaz. Pour vous d\u00e9barrasser de ces gaz intestinaux, vous devez \u00e9mettre une quinzaine de pets par jour. L&rsquo;arr\u00eat du tabac peut \u00e9galement r\u00e9duire consid\u00e9rablement les sympt\u00f4mes. Essayez d&rsquo;examiner les causes de votre stress et voyez ce que vous pouvez faire pour le r\u00e9duire. Mangez des aliments vari\u00e9s et sains. Un intestin vide provoque des gaz suppl\u00e9mentaires. Une modification de votre r\u00e9gime alimentaire peut \u00e9galement vous aider. Essayez de prendre plusieurs petits repas par jour au lieu de trois gros repas. Il est toujours judicieux de d\u00e9couvrir ce qui convient le mieux \u00e0 votre corps en tenant un journal alimentaire pour savoir quels sont les produits qui vous causent des gaz suppl\u00e9mentaires ou d&rsquo;autres probl\u00e8mes.     <\/p>\n<h3>Les produits qui provoquent souvent des gaz suppl\u00e9mentaires sont les suivants :<\/h3>\n<p>Pommes de terre nouvelles, poireaux, l\u00e9gumes secs, choux, oignons, poivrons, fruits non m\u00fbrs, \u0153ufs, choux de Bruxelles, radis, ail, pruneaux, melon, noix, noix de coco, herbes et \u00e9pices piquantes, bi\u00e8re et boissons gazeuses. Si vous consommez de grandes quantit\u00e9s de sucre et de certains substituts de sucre ou de graisse, cela peut \u00e9galement provoquer des gaz suppl\u00e9mentaires.[\/vc_column_text]<div class=\"eye_empty_space pt-md-5 pb-md-5   pt-4 pb-4\"><\/div>[\/vc_column][vc_column offset=\u00a0\u00bbvc_col-md-4&Prime; el_class=\u00a0\u00bbd-flex align-items-center mb-5 mb-lg-0&Prime;]\r\n    <div class=\"blob-image-wrap\">\r\n        <img decoding=\"async\" src=\"https:\/\/gezonde-darmflora.nl\/wp-content\/uploads\/2020\/08\/wat-te-doen-opgeblazen-gevoel.jpg\">\r\n    <\/div>\r\n    <p class=\"blob-image__caption\"><\/p>\r\n\r\n    [\/vc_column][\/vc_row][vc_row equal_height=\u00a0\u00bbyes\u00a0\u00bb][vc_column offset=\u00a0\u00bbvc_col-md-4&Prime; el_class=\u00a0\u00bbd-flex align-items-center mb-5 mb-lg-0&Prime;]\r\n    <div class=\"blob-image-wrap\">\r\n        <img decoding=\"async\" src=\"https:\/\/gezonde-darmflora.nl\/wp-content\/uploads\/2020\/08\/darmproblemen-buikpijn.jpg\">\r\n    <\/div>\r\n    <p class=\"blob-image__caption\"><\/p>\r\n\r\n    [\/vc_column][vc_column offset=\u00a0\u00bbvc_col-md-8&Prime;][vc_column_text]<\/p>\n<h2>Les ballonnements sont-ils graves ?<\/h2>\n<p>Vous avez de temps en temps le ventre gonfl\u00e9 ? Dans ce cas, il n&rsquo;y a pas lieu de s&rsquo;inqui\u00e9ter, mais si ces ballonnements deviennent fr\u00e9quents et qu&rsquo;ils s&rsquo;accompagnent de probl\u00e8mes graves tels que la pr\u00e9sence de sang dans les selles, la perte de poids, la fi\u00e8vre, la constipation et des douleurs abdominales tr\u00e8s intenses, vous devez contacter votre m\u00e9decin.[\/vc_column_text]<div class=\"eye_empty_space pt-md-5 pb-md-5   pt-4 pb-4\"><\/div>[\/vc_column][\/vc_row][vc_row][vc_column]<div class=\"eye_empty_space pt-md-5 pb-md-5   pt-4 pb-4\"><\/div>[\/vc_column][\/vc_row][vc_section full_width=\u00a0\u00bbstretch_row\u00a0\u00bb el_class=\u00a0\u00bbbg-green\u00a0\u00bb][vc_row][vc_column offset=\u00a0\u00bbvc_col-lg-offset-2 vc_col-lg-8&Prime;][vc_column_text]<\/p>\n<h2>Traitements possibles<\/h2>\n<p><img decoding=\"async\" class=\"aligncenter size-full wp-image-700\" src=\"https:\/\/gezonde-darmflora.nl\/wp-content\/uploads\/2020\/08\/behandelen-opgeblazen-buik.jpg\" alt=\"traiter les ballonnements abdominaux\" width=\"730\" height=\"427\" srcset=\"https:\/\/gezonde-darmflora.nl\/wp-content\/uploads\/2020\/08\/behandelen-opgeblazen-buik.jpg 730w, https:\/\/gezonde-darmflora.nl\/wp-content\/uploads\/2020\/08\/behandelen-opgeblazen-buik-600x351.jpg 600w, https:\/\/gezonde-darmflora.nl\/wp-content\/uploads\/2020\/08\/behandelen-opgeblazen-buik-300x175.jpg 300w\" sizes=\"(max-width: 730px) 100vw, 730px\" \/><\/p>\n<p>Un abdomen gonfl\u00e9 est tr\u00e8s g\u00eanant. S&rsquo;il s&rsquo;agit d&rsquo;une affection sous-jacente, elle doit \u00eatre trait\u00e9e. Il existe sur le march\u00e9 des produits qui combattent les ballonnements, comme les probiotiques et les m\u00e9dicaments. Mais la prise d&rsquo;un antibiotique, par exemple, peut entra\u00eener des ballonnements, des flatulences et des diarrh\u00e9es. Un parasite tu\u00e9 par l&rsquo;antibiotique n&rsquo;est pas la seule victime. Les bonnes bact\u00e9ries sont \u00e9galement prises au pi\u00e8ge. La flore intestinale est encore plus d\u00e9s\u00e9quilibr\u00e9e et, qui sait, vous risquez de vous \u00e9loigner encore un peu plus de votre domicile. Par ailleurs, les antibiotiques sont parfois n\u00e9cessaires et c&rsquo;est une bonne chose. Ils ont fait progresser le monde m\u00e9dical : sans antibiotiques, vous ne pouvez pas faire de chirurgie. Pour r\u00e9parer les dommages et les pertes apr\u00e8s un traitement antibiotique, une <a href=\"https:\/\/gezonde-darmflora.nl\/fr\/la-theorie-fmt\/\">transplantation de caca<\/a> n&rsquo;est pas encore envisag\u00e9e.[\/vc_column_text][\/vc_column][\/vc_row][\/vc_section][vc_row full_width=\u00a0\u00bbstretch_row_content_no_spaces\u00a0\u00bb css=\u00a0\u00bb.vc_custom_1593680854494{margin-bottom: -10rem !important;}\u00a0\u00bb][vc_column]\r\n    <a href=\"https:\/\/gezonde-darmflora.nl\/poeppillen-bestellen\/\" target=\"\" class=\"no-underline\">\r\n\r\n        <div class=\"cta\" style=\"background-image: url('https:\/\/gezonde-darmflora.nl\/wp-content\/uploads\/2020\/08\/darmflora-gezondheid.jpg')\">\r\n            <div class=\"container\">\r\n                <div class=\"row\">\r\n                    <div class=\"col-12\">\r\n                        <p>\r\n                            <\/p>\n<h3>Aidez votre flore intestinale \u00e0 rester en bonne sant\u00e9 ?<\/h3>\n<h4>Vous trouverez tout ce dont vous avez besoin dans notre magasin.<\/h4>\n<p>                        <\/p>\r\n                        <div class=\"cta__button svg-btn svg-btn-darkgreen\">\r\n                            <svg xmlns=\"http:\/\/www.w3.org\/2000\/svg\" width=\"50\" height=\"50\" viewBox=\"0 0 55 50\"><defs><\/defs><g id=\"Layer_2\" data-name=\"Layer 2\"><g id=\"Layer_1-2\" data-name=\"Layer 1\"><path width=\"100%\" height=\"100%\" class=\"anime\" d=\"M1.16,31.86C5.61,44.26,19.3,52,32.23,49.6C40.23,48.11,48.89,42.33,51.61,34.400000000000006C53.61,28.510000000000005,51.839999999999996,22.550000000000004,49.23,17.210000000000004C46.23,10.990000000000006,43.06999999999999,4.210000000000004,36.29,1.270000000000005C31,-1,24.8,0,19.64,2.49A45,45,0,0,0,10.57,8.66C8.39,10.5,5.430000000000001,12.280000000000001,3.6400000000000006,14.46C-0.3,19.28,-0.9,26.13,1.16,31.86Z\"\/><\/g><\/g><\/svg>\r\n                            <i class=\"far fa-long-arrow-alt-right\"><\/i>\r\n                        <\/div>\r\n                    <\/div>\r\n                <\/div>\r\n            <\/div>\r\n        <\/div>\r\n\r\n    <\/a>\r\n\r\n    [\/vc_column][\/vc_row]<\/p>\n<\/div>","protected":false},"excerpt":{"rendered":"<p>[vc_row full_width=\u00a0\u00bbstretch_row_content_no_spaces\u00a0\u00bb][vc_column][\/vc_column][\/vc_row][vc_row][vc_column offset=\u00a0\u00bbvc_col-md-8&Prime;][vc_column_text]Rien n&rsquo;est plus ennuyeux que les ballonnements. Une pression \u00e9norme sur le ventre n&rsquo;est \u00e9videmment pas agr\u00e9able. Une personne sur cinq souffre un jour ou l&rsquo;autre d&rsquo;un ventre gonfl\u00e9. Ce ph\u00e9nom\u00e8ne est plus fr\u00e9quent chez les femmes. L&rsquo;abdomen peut gonfler parce que les intestins augmentent de volume en raison d&rsquo;une infection ou de\u2026 <a href=\"https:\/\/gezonde-darmflora.nl\/fr\/problemes-intestinaux\/ballonnements\/\">En savoir plus &raquo;<\/a><\/p>\n","protected":false},"author":4,"featured_media":0,"parent":15249,"menu_order":0,"comment_status":"closed","ping_status":"closed","template":"","meta":{"_acf_changed":false,"footnotes":""},"class_list":["post-15300","page","type-page","status-publish","hentry"],"acf":[],"yoast_head":"<!-- This site is optimized with the Yoast SEO plugin v27.1.1 - https:\/\/yoast.com\/product\/yoast-seo-wordpress\/ -->\n<title>Sensation de ventre gonfl\u00e9 ? Que faire en cas de ballonnement intestinal ? Causes et conseils<\/title>\n<meta name=\"description\" content=\"Une personne sur cinq souffre parfois d&#039;une distension abdominale. Ce ph\u00e9nom\u00e8ne est \u00e9galement plus fr\u00e9quent chez les femmes. En savoir plus sur les causes, les conseils et le traitement.\" \/>\n<meta name=\"robots\" content=\"index, follow, max-snippet:-1, max-image-preview:large, max-video-preview:-1\" \/>\n<link rel=\"canonical\" href=\"https:\/\/gezonde-darmflora.nl\/fr\/problemes-intestinaux\/ballonnements\/\" \/>\n<meta property=\"og:locale\" content=\"fr_FR\" \/>\n<meta property=\"og:type\" content=\"article\" \/>\n<meta property=\"og:title\" content=\"Sensation de ventre gonfl\u00e9 ? Que faire en cas de ballonnement intestinal ? Causes et conseils\" \/>\n<meta property=\"og:description\" content=\"Une personne sur cinq souffre parfois d&#039;une distension abdominale. Ce ph\u00e9nom\u00e8ne est \u00e9galement plus fr\u00e9quent chez les femmes. En savoir plus sur les causes, les conseils et le traitement.\" \/>\n<meta property=\"og:url\" content=\"https:\/\/gezonde-darmflora.nl\/fr\/problemes-intestinaux\/ballonnements\/\" \/>\n<meta property=\"og:site_name\" content=\"Gezonde Darmflora\" \/>\n<meta property=\"article:modified_time\" content=\"2025-01-27T15:18:43+00:00\" \/>\n<meta property=\"og:image\" content=\"https:\/\/gezonde-darmflora.nl\/wp-content\/uploads\/2020\/08\/behandelen-opgeblazen-buik.jpg\" \/>\n<meta name=\"twitter:card\" content=\"summary_large_image\" \/>\n<meta name=\"twitter:label1\" content=\"Dur\u00e9e de lecture estim\u00e9e\" \/>\n\t<meta name=\"twitter:data1\" content=\"7 minutes\" \/>\n<script type=\"application\/ld+json\" class=\"yoast-schema-graph\">{\"@context\":\"https:\/\/schema.org\",\"@graph\":[{\"@type\":\"WebPage\",\"@id\":\"https:\/\/gezonde-darmflora.nl\/fr\/problemes-intestinaux\/ballonnements\/\",\"url\":\"https:\/\/gezonde-darmflora.nl\/fr\/problemes-intestinaux\/ballonnements\/\",\"name\":\"Sensation de ventre gonfl\u00e9 ? Que faire en cas de ballonnement intestinal ? Causes et conseils\",\"isPartOf\":{\"@id\":\"https:\/\/gezonde-darmflora.nl\/fr\/#website\"},\"primaryImageOfPage\":{\"@id\":\"https:\/\/gezonde-darmflora.nl\/fr\/problemes-intestinaux\/ballonnements\/#primaryimage\"},\"image\":{\"@id\":\"https:\/\/gezonde-darmflora.nl\/fr\/problemes-intestinaux\/ballonnements\/#primaryimage\"},\"thumbnailUrl\":\"https:\/\/gezonde-darmflora.nl\/wp-content\/uploads\/2020\/08\/behandelen-opgeblazen-buik.jpg\",\"datePublished\":\"2020-07-23T06:19:41+00:00\",\"dateModified\":\"2025-01-27T15:18:43+00:00\",\"description\":\"Une personne sur cinq souffre parfois d'une distension abdominale. Ce ph\u00e9nom\u00e8ne est \u00e9galement plus fr\u00e9quent chez les femmes. En savoir plus sur les causes, les conseils et le traitement.\",\"breadcrumb\":{\"@id\":\"https:\/\/gezonde-darmflora.nl\/fr\/problemes-intestinaux\/ballonnements\/#breadcrumb\"},\"inLanguage\":\"fr-FR\",\"potentialAction\":[{\"@type\":\"ReadAction\",\"target\":[\"https:\/\/gezonde-darmflora.nl\/fr\/problemes-intestinaux\/ballonnements\/\"]}]},{\"@type\":\"ImageObject\",\"inLanguage\":\"fr-FR\",\"@id\":\"https:\/\/gezonde-darmflora.nl\/fr\/problemes-intestinaux\/ballonnements\/#primaryimage\",\"url\":\"https:\/\/gezonde-darmflora.nl\/wp-content\/uploads\/2020\/08\/behandelen-opgeblazen-buik.jpg\",\"contentUrl\":\"https:\/\/gezonde-darmflora.nl\/wp-content\/uploads\/2020\/08\/behandelen-opgeblazen-buik.jpg\"},{\"@type\":\"BreadcrumbList\",\"@id\":\"https:\/\/gezonde-darmflora.nl\/fr\/problemes-intestinaux\/ballonnements\/#breadcrumb\",\"itemListElement\":[{\"@type\":\"ListItem\",\"position\":1,\"name\":\"Home\",\"item\":\"https:\/\/gezonde-darmflora.nl\/fr\/\"},{\"@type\":\"ListItem\",\"position\":2,\"name\":\"Probl\u00e8mes intestinaux\",\"item\":\"https:\/\/gezonde-darmflora.nl\/fr\/problemes-intestinaux\/\"},{\"@type\":\"ListItem\",\"position\":3,\"name\":\"Ballonnements\"}]},{\"@type\":\"WebSite\",\"@id\":\"https:\/\/gezonde-darmflora.nl\/fr\/#website\",\"url\":\"https:\/\/gezonde-darmflora.nl\/fr\/\",\"name\":\"Gezonde Darmflora\",\"description\":\"Een gezonde &amp; natuurlijke darmflora\",\"potentialAction\":[{\"@type\":\"SearchAction\",\"target\":{\"@type\":\"EntryPoint\",\"urlTemplate\":\"https:\/\/gezonde-darmflora.nl\/fr\/?s={search_term_string}\"},\"query-input\":{\"@type\":\"PropertyValueSpecification\",\"valueRequired\":true,\"valueName\":\"search_term_string\"}}],\"inLanguage\":\"fr-FR\"}]}<\/script>\n<!-- \/ Yoast SEO plugin. -->","yoast_head_json":{"title":"Sensation de ventre gonfl\u00e9 ? Que faire en cas de ballonnement intestinal ? Causes et conseils","description":"Une personne sur cinq souffre parfois d'une distension abdominale. Ce ph\u00e9nom\u00e8ne est \u00e9galement plus fr\u00e9quent chez les femmes. En savoir plus sur les causes, les conseils et le traitement.","robots":{"index":"index","follow":"follow","max-snippet":"max-snippet:-1","max-image-preview":"max-image-preview:large","max-video-preview":"max-video-preview:-1"},"canonical":"https:\/\/gezonde-darmflora.nl\/fr\/problemes-intestinaux\/ballonnements\/","og_locale":"fr_FR","og_type":"article","og_title":"Sensation de ventre gonfl\u00e9 ? Que faire en cas de ballonnement intestinal ? Causes et conseils","og_description":"Une personne sur cinq souffre parfois d'une distension abdominale. Ce ph\u00e9nom\u00e8ne est \u00e9galement plus fr\u00e9quent chez les femmes. En savoir plus sur les causes, les conseils et le traitement.","og_url":"https:\/\/gezonde-darmflora.nl\/fr\/problemes-intestinaux\/ballonnements\/","og_site_name":"Gezonde Darmflora","article_modified_time":"2025-01-27T15:18:43+00:00","og_image":[{"url":"https:\/\/gezonde-darmflora.nl\/wp-content\/uploads\/2020\/08\/behandelen-opgeblazen-buik.jpg","type":"","width":"","height":""}],"twitter_card":"summary_large_image","twitter_misc":{"Dur\u00e9e de lecture estim\u00e9e":"7 minutes"},"schema":{"@context":"https:\/\/schema.org","@graph":[{"@type":"WebPage","@id":"https:\/\/gezonde-darmflora.nl\/fr\/problemes-intestinaux\/ballonnements\/","url":"https:\/\/gezonde-darmflora.nl\/fr\/problemes-intestinaux\/ballonnements\/","name":"Sensation de ventre gonfl\u00e9 ? Que faire en cas de ballonnement intestinal ? Causes et conseils","isPartOf":{"@id":"https:\/\/gezonde-darmflora.nl\/fr\/#website"},"primaryImageOfPage":{"@id":"https:\/\/gezonde-darmflora.nl\/fr\/problemes-intestinaux\/ballonnements\/#primaryimage"},"image":{"@id":"https:\/\/gezonde-darmflora.nl\/fr\/problemes-intestinaux\/ballonnements\/#primaryimage"},"thumbnailUrl":"https:\/\/gezonde-darmflora.nl\/wp-content\/uploads\/2020\/08\/behandelen-opgeblazen-buik.jpg","datePublished":"2020-07-23T06:19:41+00:00","dateModified":"2025-01-27T15:18:43+00:00","description":"Une personne sur cinq souffre parfois d'une distension abdominale. Ce ph\u00e9nom\u00e8ne est \u00e9galement plus fr\u00e9quent chez les femmes. En savoir plus sur les causes, les conseils et le traitement.","breadcrumb":{"@id":"https:\/\/gezonde-darmflora.nl\/fr\/problemes-intestinaux\/ballonnements\/#breadcrumb"},"inLanguage":"fr-FR","potentialAction":[{"@type":"ReadAction","target":["https:\/\/gezonde-darmflora.nl\/fr\/problemes-intestinaux\/ballonnements\/"]}]},{"@type":"ImageObject","inLanguage":"fr-FR","@id":"https:\/\/gezonde-darmflora.nl\/fr\/problemes-intestinaux\/ballonnements\/#primaryimage","url":"https:\/\/gezonde-darmflora.nl\/wp-content\/uploads\/2020\/08\/behandelen-opgeblazen-buik.jpg","contentUrl":"https:\/\/gezonde-darmflora.nl\/wp-content\/uploads\/2020\/08\/behandelen-opgeblazen-buik.jpg"},{"@type":"BreadcrumbList","@id":"https:\/\/gezonde-darmflora.nl\/fr\/problemes-intestinaux\/ballonnements\/#breadcrumb","itemListElement":[{"@type":"ListItem","position":1,"name":"Home","item":"https:\/\/gezonde-darmflora.nl\/fr\/"},{"@type":"ListItem","position":2,"name":"Probl\u00e8mes intestinaux","item":"https:\/\/gezonde-darmflora.nl\/fr\/problemes-intestinaux\/"},{"@type":"ListItem","position":3,"name":"Ballonnements"}]},{"@type":"WebSite","@id":"https:\/\/gezonde-darmflora.nl\/fr\/#website","url":"https:\/\/gezonde-darmflora.nl\/fr\/","name":"Gezonde Darmflora","description":"Een gezonde &amp; natuurlijke darmflora","potentialAction":[{"@type":"SearchAction","target":{"@type":"EntryPoint","urlTemplate":"https:\/\/gezonde-darmflora.nl\/fr\/?s={search_term_string}"},"query-input":{"@type":"PropertyValueSpecification","valueRequired":true,"valueName":"search_term_string"}}],"inLanguage":"fr-FR"}]}},"_links":{"self":[{"href":"https:\/\/gezonde-darmflora.nl\/fr\/wp-json\/wp\/v2\/pages\/15300","targetHints":{"allow":["GET"]}}],"collection":[{"href":"https:\/\/gezonde-darmflora.nl\/fr\/wp-json\/wp\/v2\/pages"}],"about":[{"href":"https:\/\/gezonde-darmflora.nl\/fr\/wp-json\/wp\/v2\/types\/page"}],"author":[{"embeddable":true,"href":"https:\/\/gezonde-darmflora.nl\/fr\/wp-json\/wp\/v2\/users\/4"}],"replies":[{"embeddable":true,"href":"https:\/\/gezonde-darmflora.nl\/fr\/wp-json\/wp\/v2\/comments?post=15300"}],"version-history":[{"count":10,"href":"https:\/\/gezonde-darmflora.nl\/fr\/wp-json\/wp\/v2\/pages\/15300\/revisions"}],"predecessor-version":[{"id":15332,"href":"https:\/\/gezonde-darmflora.nl\/fr\/wp-json\/wp\/v2\/pages\/15300\/revisions\/15332"}],"up":[{"embeddable":true,"href":"https:\/\/gezonde-darmflora.nl\/fr\/wp-json\/wp\/v2\/pages\/15249"}],"wp:attachment":[{"href":"https:\/\/gezonde-darmflora.nl\/fr\/wp-json\/wp\/v2\/media?parent=15300"}],"curies":[{"name":"wp","href":"https:\/\/api.w.org\/{rel}","templated":true}]}}