{"id":15287,"date":"2020-07-17T09:23:32","date_gmt":"2020-07-17T07:23:32","guid":{"rendered":"https:\/\/gezonde-darmflora.nl\/problemes-intestinaux\/flatulences\/"},"modified":"2025-01-27T16:18:35","modified_gmt":"2025-01-27T15:18:35","slug":"flatulences","status":"publish","type":"page","link":"https:\/\/gezonde-darmflora.nl\/fr\/problemes-intestinaux\/flatulences\/","title":{"rendered":"Flatulences"},"content":{"rendered":"<div class=\"wpb-content-wrapper\"><p>[vc_row full_width=\u00a0\u00bbstretch_row_content_no_spaces\u00a0\u00bb][vc_column]\r\n    <div class=\"page-title\">\r\n        <div class=\"container\">\r\n            <div class=\"row\">\r\n                <div class=\"col\">\r\n                    <h1>Souffrir de flatulences (extr\u00eames)<\/h1>\r\n                <\/div>\r\n            <\/div>\r\n        <\/div>\r\n    <\/div>\r\n\r\n    [\/vc_column][\/vc_row][vc_row][vc_column offset=\u00a0\u00bbvc_col-md-8&Prime;][vc_column_text]P\u00e9ter peut \u00eatre un soulagement agr\u00e9able si vous pouvez vous laisser aller. Mais que se passe-t-il si vous devez p\u00e9ter plus que la moyenne et que vous \u00eates simplement \u00ab\u00a0gazeux\u00a0\u00bb en compagnie de quelqu&rsquo;un d&rsquo;autre ? Tout le monde p\u00e8te un peu tous les jours, mais si l&rsquo;air s&rsquo;\u00e9chappe constamment, que vous avez du mal \u00e0 le retenir ou que vous n&rsquo;avez aucun contr\u00f4le, cela indique souvent un probl\u00e8me de flore intestinale. Les r\u00e9sultats apr\u00e8s une transplantation de caca, comme la disparition des pets et l&rsquo;aplatissement du ventre, sont des am\u00e9liorations fr\u00e9quemment mentionn\u00e9es. Souvent apr\u00e8s un seul jour. Si vous p\u00e9tez fort avec peu d&rsquo;odeur, c&rsquo;est souvent le signe que quelque chose ne va pas dans votre digestion des hydrates de carbone. Il manque des esp\u00e8ces de bact\u00e9ries. Les pets mous que vous n&rsquo;entendez pas, mais qui sentent fort, peuvent indiquer un probl\u00e8me de digestion des prot\u00e9ines. Vous p\u00e9tez beaucoup et vous avez souvent le ventre ballonn\u00e9 ? Dans ce cas, arr\u00eatez de consommer des sucres raffin\u00e9s pour donner \u00e0 votre <a href=\"https:\/\/gezonde-darmflora.nl\/fr\/flore-intestinale\/\">flore intestinale<\/a> une chance de se r\u00e9tablir. En faisant des exp\u00e9riences alimentaires et en renon\u00e7ant aux sucres raffin\u00e9s, aux produits laitiers et aux c\u00e9r\u00e9ales (gluten), il est possible de trouver soi-m\u00eame une solution \u00e0 long terme. D\u00e9couvrez ce que votre corps aime et n&rsquo;aime pas en mati\u00e8re d&rsquo;alimentation.[\/vc_column_text]<div class=\"eye_empty_space pt-md-5 pb-md-5   pt-4 pb-4\"><\/div>[\/vc_column][vc_column offset=\u00a0\u00bbvc_col-md-4&Prime; el_class=\u00a0\u00bbmb-5 mb-lg-0&Prime;]\r\n    <div class=\"blob-image-wrap\">\r\n        <img decoding=\"async\" src=\"https:\/\/gezonde-darmflora.nl\/wp-content\/uploads\/2020\/08\/extreem-winderig.jpg\">\r\n    <\/div>\r\n    <p class=\"blob-image__caption\"><\/p>\r\n\r\n    [\/vc_column][\/vc_row][vc_section full_width=\u00a0\u00bbstretch_row\u00a0\u00bb el_class=\u00a0\u00bbbg-green\u00a0\u00bb][vc_row][vc_column offset=\u00a0\u00bbvc_col-lg-offset-2 vc_col-lg-8&Prime;][vc_column_text]<\/p>\n<h2>Causes des flatulences<\/h2>\n<p>  Les flatulences sont souvent accompagn\u00e9es de ballonnements abdominaux et leur origine est difficile \u00e0 cerner car elles peuvent avoir des dizaines de causes. Par exemple, un manque d&rsquo;acide gastrique, une prolif\u00e9ration de candida, la prise de certains m\u00e9dicaments, une hypersensibilit\u00e9 alimentaire ou l&rsquo;absence de certaines esp\u00e8ces de bact\u00e9ries. Chez tout le monde, il y a toujours une quantit\u00e9 de gaz dans le tractus gastro-intestinal. Ces gaz se forment en avalant de l&rsquo;air en mangeant. La transformation des particules alimentaires non dig\u00e9r\u00e9es qui aboutissent dans le c\u00f4lon lib\u00e8re \u00e9galement beaucoup de gaz. Une petite partie du gaz provient de la circulation sanguine. Le gaz est lib\u00e9r\u00e9 du sang vers l&rsquo;intestin et est \u00e9galement lib\u00e9r\u00e9 dans le sang par l&rsquo;intestin.[\/vc_column_text][\/vc_column][\/vc_row][\/vc_section][vc_row][vc_column]<div class=\"eye_empty_space pt-md-5 pb-md-5   pt-4 pb-4\"><\/div>[\/vc_column][\/vc_row][vc_row equal_height=\u00a0\u00bbyes\u00a0\u00bb][vc_column offset=\u00a0\u00bbvc_col-md-8&Prime;][vc_column_text]<\/p>\n<h2>Quand avez-vous des gaz intenses ?<\/h2>\n<p>  Les gaz pr\u00e9sents dans vos intestins sont des gaz inodores, l&rsquo;oxyg\u00e8ne, l&rsquo;azote, le dioxyde de carbone, l&rsquo;hydrog\u00e8ne et le m\u00e9thane. L&rsquo;odeur d\u00e9sagr\u00e9able des pets est due \u00e0 une petite quantit\u00e9 de gaz malodorants. Il s&rsquo;agit notamment de compos\u00e9s soufr\u00e9s lib\u00e9r\u00e9s lors de la d\u00e9composition de certaines prot\u00e9ines que vous consommez peut-\u00eatre en trop grande quantit\u00e9. Une odeur plus aigre est le r\u00e9sultat de la fermentation dans vos intestins. Cette odeur aigre se produit principalement lorsque vous avez mang\u00e9 trop de <a href=\"https:\/\/drogespieren.nl\/afvallen\/is-suiker-een-dikmaker\" target=\"_blank\" rel=\"noopener noreferrer\">sucres<\/a> et d&rsquo;amidons. La composition et l&rsquo;odeur des gaz intestinaux sont li\u00e9es \u00e0 l&rsquo;alimentation et \u00e0 la flore intestinale. Pour \u00e9liminer les gaz intestinaux, vous devez p\u00e9ter en moyenne 15 fois par jour. Si vous d\u00e9passez ce chiffre, cela devient un probl\u00e8me d\u00e9sagr\u00e9able. Vous \u00eates extr\u00eamement gazeux et les gens en ont souvent honte. Ils commencent \u00e0 \u00e9viter les contacts et n&rsquo;osent pas aborder le sujet avec le m\u00e9decin g\u00e9n\u00e9raliste.[\/vc_column_text]<div class=\"eye_empty_space pt-md-5 pb-md-5   pt-4 pb-4\"><\/div>[\/vc_column][vc_column offset=\u00a0\u00bbvc_col-md-4&Prime; el_class=\u00a0\u00bbd-flex align-items-center mb-5 mb-lg-0&Prime;]\r\n    <div class=\"blob-image-wrap\">\r\n        <img decoding=\"async\" src=\"https:\/\/gezonde-darmflora.nl\/wp-content\/uploads\/2020\/08\/extreem-winderig-scheten-laten.jpg\">\r\n    <\/div>\r\n    <p class=\"blob-image__caption\"><\/p>\r\n\r\n    [\/vc_column][\/vc_row][vc_row equal_height=\u00a0\u00bbyes\u00a0\u00bb][vc_column offset=\u00a0\u00bbvc_col-md-4&Prime; el_class=\u00a0\u00bbd-flex align-items-center mb-5 mb-lg-0&Prime;]\r\n    <div class=\"blob-image-wrap\">\r\n        <img decoding=\"async\" src=\"https:\/\/gezonde-darmflora.nl\/wp-content\/uploads\/2020\/08\/opgeblazen-buik-gevoel-wat-doen.jpg\">\r\n    <\/div>\r\n    <p class=\"blob-image__caption\"><\/p>\r\n\r\n    [\/vc_column][vc_column offset=\u00a0\u00bbvc_col-md-8&Prime;][vc_column_text]<\/p>\n<h2>Plaintes que vous pouvez rencontrer<\/h2>\n<p>  Un pet est donc en fait un gaz et lorsque ce gaz s&rsquo;accumule, des sympt\u00f4mes tels que des douleurs abdominales et\/ou une distension de l&rsquo;abdomen apparaissent. Si vous souffrez de flatulences, cela peut \u00eatre d\u00fb \u00e0 la constipation ou au syndrome du c\u00f4lon irritable (SCI), \u00e0 des maladies intestinales telles que l&rsquo;intol\u00e9rance au gluten (maladie c\u0153liaque), la maladie de Crohn et la colite ulc\u00e9reuse, entre autres. Les maladies auto-immunes que sont la maladie de Crohn et la colite s&rsquo;accompagnent g\u00e9n\u00e9ralement d&rsquo;un exc\u00e8s de gaz. Un dernier facteur \u00e0 prendre en compte en cas de flatulences est la possibilit\u00e9 d&rsquo;une intol\u00e9rance ou d&rsquo;une allergie sp\u00e9cifique. Si vous souffrez vraiment trop de vos flatulences, cela vaut la peine d&rsquo;y jeter un coup d&rsquo;\u0153il et de commencer \u00e0 enqu\u00eater. Que mangez-vous et que buvez-vous ? Que se passe-t-il dans mon corps si je supprime tel produit de mon alimentation ou si j&rsquo;ajoute tel autre produit ? Que me dit l&rsquo;odeur de mes pets ou de mes selles ?         <\/p>\n<blockquote><p>Conseil : tenez un journal alimentaire !<\/p><\/blockquote>\n<p>  Lorsque des flatulences extr\u00eames causent beaucoup de probl\u00e8mes ou s&rsquo;accompagnent d&rsquo;autres sympt\u00f4mes, il est judicieux d&rsquo;en parler \u00e0 votre m\u00e9decin g\u00e9n\u00e9raliste. Si certains aliments sont \u00e0 l&rsquo;origine des flatulences, un di\u00e9t\u00e9ticien peut vous aider \u00e0 identifier la cause et \u00e0 continuer \u00e0 manger sainement.[\/vc_column_text]<div class=\"eye_empty_space pt-md-5 pb-md-5   pt-4 pb-4\"><\/div>[\/vc_column][\/vc_row][vc_row][vc_column]<div class=\"eye_empty_space pt-md-5 pb-md-5   pt-4 pb-4\"><\/div>[\/vc_column][\/vc_row][vc_row equal_height=\u00a0\u00bbyes\u00a0\u00bb][vc_column offset=\u00a0\u00bbvc_col-md-8&Prime;][vc_column_text]<\/p>\n<h2>Que pouvez-vous faire vous-m\u00eame contre les flatulences ?<\/h2>\n<p>  Commencez par la nourriture que vous absorbez et par ce que vous buvez et la quantit\u00e9 que vous buvez. Apr\u00e8s tout, la pr\u00e9vention des pets commence dans votre assiette. D\u00e9couvrez ce que votre corps appr\u00e9cie et n&rsquo;appr\u00e9cie pas, mangez lentement, prenez votre temps et m\u00e2chez bien. Outre les oignons et les haricots, les pois, les poireaux, les choux de Bruxelles, l&rsquo;ail et les champignons sont \u00e9galement des gazog\u00e8nes connus. Les boissons gazeuses contiennent de nombreux gaz dissous, qui doivent \u00e9galement quitter le corps. Le fait d&rsquo;avaler de l&rsquo;air, par exemple en mangeant et en parlant en m\u00eame temps, contribue \u00e9galement \u00e0 augmenter la quantit\u00e9 d&rsquo;air dans l&rsquo;estomac.[\/vc_column_text]<div class=\"eye_empty_space pt-md-5 pb-md-5   pt-4 pb-4\"><\/div>[\/vc_column][vc_column offset=\u00a0\u00bbvc_col-md-4&Prime; el_class=\u00a0\u00bbd-flex align-items-center mb-5 mb-lg-0&Prime;]\r\n    <div class=\"blob-image-wrap\">\r\n        <img decoding=\"async\" src=\"https:\/\/gezonde-darmflora.nl\/wp-content\/uploads\/2020\/08\/veel-scheten-laten.jpg\">\r\n    <\/div>\r\n    <p class=\"blob-image__caption\"><\/p>\r\n\r\n    [\/vc_column][\/vc_row][vc_row equal_height=\u00a0\u00bbyes\u00a0\u00bb][vc_column offset=\u00a0\u00bbvc_col-md-4&Prime; el_class=\u00a0\u00bbd-flex align-items-center mb-5 mb-lg-0&Prime;]\r\n    <div class=\"blob-image-wrap\">\r\n        <img decoding=\"async\" src=\"https:\/\/gezonde-darmflora.nl\/wp-content\/uploads\/2020\/06\/IMG_5065-kopie-871x1024.jpg\">\r\n    <\/div>\r\n    <p class=\"blob-image__caption\"><\/p>\r\n\r\n    [\/vc_column][vc_column offset=\u00a0\u00bbvc_col-md-8&Prime;][vc_column_text]<\/p>\n<h2>Les pets sont-ils mauvais pour la sant\u00e9 ?<\/h2>\n<p>  Non, c&rsquo;est en fait une bonne chose ! Mangez donc ces oignons et ces haricots sains, car les gaz lib\u00e9r\u00e9s par les pets peuvent combattre les maladies. La petite quantit\u00e9 contenue dans un pet peut pr\u00e9venir des dommages pour la sant\u00e9. Le fait de p\u00e9ter librement permet non seulement de r\u00e9duire les risques de cancer, d&rsquo;accident vasculaire c\u00e9r\u00e9bral et d&rsquo;infarctus, mais aussi d&rsquo;arthrite et de d\u00e9mence plus tard dans la vie. En outre, se retenir de p\u00e9ter n&rsquo;est pas bon pour les intestins. Et si vous ne p\u00e9tez jamais, votre corps est \u00e0 nouveau d\u00e9ficient en nutriments ! Quinze pets par jour, c&rsquo;est le signe d&rsquo;une bonne sant\u00e9 des bact\u00e9ries intestinales. Les personnes qui m\u00e8nent une vie saine \u00e9mettent tout simplement des pets. Cela signifie en effet que le syst\u00e8me digestif fonctionne correctement. Si vous p\u00e9tez beaucoup plus que la moyenne, c&rsquo;est que quelque chose ne va pas dans votre flore intestinale.[\/vc_column_text]<div class=\"eye_empty_space pt-md-5 pb-md-5   pt-4 pb-4\"><\/div>[\/vc_column][\/vc_row][vc_section full_width=\u00a0\u00bbstretch_row\u00a0\u00bb el_class=\u00a0\u00bbbg-green\u00a0\u00bb][vc_row][vc_column offset=\u00a0\u00bbvc_col-lg-offset-2 vc_col-lg-8&Prime;][vc_column_text]<\/p>\n<h2>Traitements possibles<\/h2>\n<p>  Les flatulences sont incurables. Mais apr\u00e8s une <a href=\"https:\/\/gezonde-darmflora.nl\/fr\/la-theorie-fmt\/\">transplantation de caca<\/a>, ce probl\u00e8me peut lui aussi dispara\u00eetre comme neige au soleil. M\u00eame l&rsquo;odeur des quelques pets que vous \u00e9mettez encore un jour change.<\/p>\n<p>[\/vc_column_text][\/vc_column][\/vc_row][\/vc_section][vc_row full_width=\u00a0\u00bbstretch_row_content_no_spaces\u00a0\u00bb css=\u00a0\u00bb.vc_custom_1593680854494{margin-bottom: -10rem !important;}\u00a0\u00bb][vc_column]\r\n    <a href=\"https:\/\/gezonde-darmflora.nl\/poeppillen-bestellen\/\" target=\"\" class=\"no-underline\">\r\n\r\n        <div class=\"cta\" style=\"background-image: url('https:\/\/gezonde-darmflora.nl\/wp-content\/uploads\/2020\/08\/darmflora-gezondheid.jpg')\">\r\n            <div class=\"container\">\r\n                <div class=\"row\">\r\n                    <div class=\"col-12\">\r\n                        <p>\r\n                            <\/p>\n<h3>Aidez votre flore intestinale \u00e0 rester en bonne sant\u00e9 ?<\/h3>\n<h4>Vous trouverez tout ce dont vous avez besoin dans notre magasin.<\/h4>\n<p>                        <\/p>\r\n                        <div class=\"cta__button svg-btn svg-btn-darkgreen\">\r\n                            <svg xmlns=\"http:\/\/www.w3.org\/2000\/svg\" width=\"50\" height=\"50\" viewBox=\"0 0 55 50\"><defs><\/defs><g id=\"Layer_2\" data-name=\"Layer 2\"><g id=\"Layer_1-2\" data-name=\"Layer 1\"><path width=\"100%\" height=\"100%\" class=\"anime\" d=\"M1.16,31.86C5.61,44.26,19.3,52,32.23,49.6C40.23,48.11,48.89,42.33,51.61,34.400000000000006C53.61,28.510000000000005,51.839999999999996,22.550000000000004,49.23,17.210000000000004C46.23,10.990000000000006,43.06999999999999,4.210000000000004,36.29,1.270000000000005C31,-1,24.8,0,19.64,2.49A45,45,0,0,0,10.57,8.66C8.39,10.5,5.430000000000001,12.280000000000001,3.6400000000000006,14.46C-0.3,19.28,-0.9,26.13,1.16,31.86Z\"\/><\/g><\/g><\/svg>\r\n                            <i class=\"far fa-long-arrow-alt-right\"><\/i>\r\n                        <\/div>\r\n                    <\/div>\r\n                <\/div>\r\n            <\/div>\r\n        <\/div>\r\n\r\n    <\/a>\r\n\r\n    [\/vc_column][\/vc_row]<\/p>\n<\/div>","protected":false},"excerpt":{"rendered":"<p>[vc_row full_width=\u00a0\u00bbstretch_row_content_no_spaces\u00a0\u00bb][vc_column][\/vc_column][\/vc_row][vc_row][vc_column offset=\u00a0\u00bbvc_col-md-8&Prime;][vc_column_text]P\u00e9ter peut \u00eatre un soulagement agr\u00e9able si vous pouvez vous laisser aller. Mais que se passe-t-il si vous devez p\u00e9ter plus que la moyenne et que vous \u00eates simplement \u00ab\u00a0gazeux\u00a0\u00bb en compagnie de quelqu&rsquo;un d&rsquo;autre ? Tout le monde p\u00e8te un peu tous les jours, mais si l&rsquo;air s&rsquo;\u00e9chappe constamment, que vous avez\u2026 <a href=\"https:\/\/gezonde-darmflora.nl\/fr\/problemes-intestinaux\/flatulences\/\">En savoir plus &raquo;<\/a><\/p>\n","protected":false},"author":4,"featured_media":0,"parent":15249,"menu_order":0,"comment_status":"closed","ping_status":"closed","template":"","meta":{"_acf_changed":false,"footnotes":""},"class_list":["post-15287","page","type-page","status-publish","hentry"],"acf":[],"yoast_head":"<!-- This site is optimized with the Yoast SEO plugin v27.1.1 - https:\/\/yoast.com\/product\/yoast-seo-wordpress\/ -->\n<title>Il y a beaucoup de vent ? Que faire si vous p\u00e9tez beaucoup - Causes et conseils<\/title>\n<meta name=\"description\" content=\"Les flatulences s&#039;accompagnent souvent de ballonnements abdominaux et il est difficile d&#039;en d\u00e9terminer l&#039;origine car elles peuvent avoir des dizaines de causes.\" \/>\n<meta name=\"robots\" content=\"index, follow, max-snippet:-1, max-image-preview:large, max-video-preview:-1\" \/>\n<link rel=\"canonical\" href=\"https:\/\/gezonde-darmflora.nl\/fr\/problemes-intestinaux\/flatulences\/\" \/>\n<meta property=\"og:locale\" content=\"fr_FR\" \/>\n<meta property=\"og:type\" content=\"article\" \/>\n<meta property=\"og:title\" content=\"Il y a beaucoup de vent ? Que faire si vous p\u00e9tez beaucoup - Causes et conseils\" \/>\n<meta property=\"og:description\" content=\"Les flatulences s&#039;accompagnent souvent de ballonnements abdominaux et il est difficile d&#039;en d\u00e9terminer l&#039;origine car elles peuvent avoir des dizaines de causes.\" \/>\n<meta property=\"og:url\" content=\"https:\/\/gezonde-darmflora.nl\/fr\/problemes-intestinaux\/flatulences\/\" \/>\n<meta property=\"og:site_name\" content=\"Gezonde Darmflora\" \/>\n<meta property=\"article:modified_time\" content=\"2025-01-27T15:18:35+00:00\" \/>\n<meta name=\"twitter:card\" content=\"summary_large_image\" \/>\n<meta name=\"twitter:label1\" content=\"Dur\u00e9e de lecture estim\u00e9e\" \/>\n\t<meta name=\"twitter:data1\" content=\"7 minutes\" \/>\n<script type=\"application\/ld+json\" class=\"yoast-schema-graph\">{\"@context\":\"https:\/\/schema.org\",\"@graph\":[{\"@type\":\"WebPage\",\"@id\":\"https:\/\/gezonde-darmflora.nl\/fr\/problemes-intestinaux\/flatulences\/\",\"url\":\"https:\/\/gezonde-darmflora.nl\/fr\/problemes-intestinaux\/flatulences\/\",\"name\":\"Il y a beaucoup de vent ? Que faire si vous p\u00e9tez beaucoup - Causes et conseils\",\"isPartOf\":{\"@id\":\"https:\/\/gezonde-darmflora.nl\/fr\/#website\"},\"datePublished\":\"2020-07-17T07:23:32+00:00\",\"dateModified\":\"2025-01-27T15:18:35+00:00\",\"description\":\"Les flatulences s'accompagnent souvent de ballonnements abdominaux et il est difficile d'en d\u00e9terminer l'origine car elles peuvent avoir des dizaines de causes.\",\"breadcrumb\":{\"@id\":\"https:\/\/gezonde-darmflora.nl\/fr\/problemes-intestinaux\/flatulences\/#breadcrumb\"},\"inLanguage\":\"fr-FR\",\"potentialAction\":[{\"@type\":\"ReadAction\",\"target\":[\"https:\/\/gezonde-darmflora.nl\/fr\/problemes-intestinaux\/flatulences\/\"]}]},{\"@type\":\"BreadcrumbList\",\"@id\":\"https:\/\/gezonde-darmflora.nl\/fr\/problemes-intestinaux\/flatulences\/#breadcrumb\",\"itemListElement\":[{\"@type\":\"ListItem\",\"position\":1,\"name\":\"Home\",\"item\":\"https:\/\/gezonde-darmflora.nl\/fr\/\"},{\"@type\":\"ListItem\",\"position\":2,\"name\":\"Probl\u00e8mes intestinaux\",\"item\":\"https:\/\/gezonde-darmflora.nl\/fr\/problemes-intestinaux\/\"},{\"@type\":\"ListItem\",\"position\":3,\"name\":\"Flatulences\"}]},{\"@type\":\"WebSite\",\"@id\":\"https:\/\/gezonde-darmflora.nl\/fr\/#website\",\"url\":\"https:\/\/gezonde-darmflora.nl\/fr\/\",\"name\":\"Gezonde Darmflora\",\"description\":\"Een gezonde &amp; natuurlijke darmflora\",\"potentialAction\":[{\"@type\":\"SearchAction\",\"target\":{\"@type\":\"EntryPoint\",\"urlTemplate\":\"https:\/\/gezonde-darmflora.nl\/fr\/?s={search_term_string}\"},\"query-input\":{\"@type\":\"PropertyValueSpecification\",\"valueRequired\":true,\"valueName\":\"search_term_string\"}}],\"inLanguage\":\"fr-FR\"}]}<\/script>\n<!-- \/ Yoast SEO plugin. -->","yoast_head_json":{"title":"Il y a beaucoup de vent ? Que faire si vous p\u00e9tez beaucoup - Causes et conseils","description":"Les flatulences s'accompagnent souvent de ballonnements abdominaux et il est difficile d'en d\u00e9terminer l'origine car elles peuvent avoir des dizaines de causes.","robots":{"index":"index","follow":"follow","max-snippet":"max-snippet:-1","max-image-preview":"max-image-preview:large","max-video-preview":"max-video-preview:-1"},"canonical":"https:\/\/gezonde-darmflora.nl\/fr\/problemes-intestinaux\/flatulences\/","og_locale":"fr_FR","og_type":"article","og_title":"Il y a beaucoup de vent ? Que faire si vous p\u00e9tez beaucoup - Causes et conseils","og_description":"Les flatulences s'accompagnent souvent de ballonnements abdominaux et il est difficile d'en d\u00e9terminer l'origine car elles peuvent avoir des dizaines de causes.","og_url":"https:\/\/gezonde-darmflora.nl\/fr\/problemes-intestinaux\/flatulences\/","og_site_name":"Gezonde Darmflora","article_modified_time":"2025-01-27T15:18:35+00:00","twitter_card":"summary_large_image","twitter_misc":{"Dur\u00e9e de lecture estim\u00e9e":"7 minutes"},"schema":{"@context":"https:\/\/schema.org","@graph":[{"@type":"WebPage","@id":"https:\/\/gezonde-darmflora.nl\/fr\/problemes-intestinaux\/flatulences\/","url":"https:\/\/gezonde-darmflora.nl\/fr\/problemes-intestinaux\/flatulences\/","name":"Il y a beaucoup de vent ? Que faire si vous p\u00e9tez beaucoup - Causes et conseils","isPartOf":{"@id":"https:\/\/gezonde-darmflora.nl\/fr\/#website"},"datePublished":"2020-07-17T07:23:32+00:00","dateModified":"2025-01-27T15:18:35+00:00","description":"Les flatulences s'accompagnent souvent de ballonnements abdominaux et il est difficile d'en d\u00e9terminer l'origine car elles peuvent avoir des dizaines de causes.","breadcrumb":{"@id":"https:\/\/gezonde-darmflora.nl\/fr\/problemes-intestinaux\/flatulences\/#breadcrumb"},"inLanguage":"fr-FR","potentialAction":[{"@type":"ReadAction","target":["https:\/\/gezonde-darmflora.nl\/fr\/problemes-intestinaux\/flatulences\/"]}]},{"@type":"BreadcrumbList","@id":"https:\/\/gezonde-darmflora.nl\/fr\/problemes-intestinaux\/flatulences\/#breadcrumb","itemListElement":[{"@type":"ListItem","position":1,"name":"Home","item":"https:\/\/gezonde-darmflora.nl\/fr\/"},{"@type":"ListItem","position":2,"name":"Probl\u00e8mes intestinaux","item":"https:\/\/gezonde-darmflora.nl\/fr\/problemes-intestinaux\/"},{"@type":"ListItem","position":3,"name":"Flatulences"}]},{"@type":"WebSite","@id":"https:\/\/gezonde-darmflora.nl\/fr\/#website","url":"https:\/\/gezonde-darmflora.nl\/fr\/","name":"Gezonde Darmflora","description":"Een gezonde &amp; natuurlijke darmflora","potentialAction":[{"@type":"SearchAction","target":{"@type":"EntryPoint","urlTemplate":"https:\/\/gezonde-darmflora.nl\/fr\/?s={search_term_string}"},"query-input":{"@type":"PropertyValueSpecification","valueRequired":true,"valueName":"search_term_string"}}],"inLanguage":"fr-FR"}]}},"_links":{"self":[{"href":"https:\/\/gezonde-darmflora.nl\/fr\/wp-json\/wp\/v2\/pages\/15287","targetHints":{"allow":["GET"]}}],"collection":[{"href":"https:\/\/gezonde-darmflora.nl\/fr\/wp-json\/wp\/v2\/pages"}],"about":[{"href":"https:\/\/gezonde-darmflora.nl\/fr\/wp-json\/wp\/v2\/types\/page"}],"author":[{"embeddable":true,"href":"https:\/\/gezonde-darmflora.nl\/fr\/wp-json\/wp\/v2\/users\/4"}],"replies":[{"embeddable":true,"href":"https:\/\/gezonde-darmflora.nl\/fr\/wp-json\/wp\/v2\/comments?post=15287"}],"version-history":[{"count":1,"href":"https:\/\/gezonde-darmflora.nl\/fr\/wp-json\/wp\/v2\/pages\/15287\/revisions"}],"predecessor-version":[{"id":15299,"href":"https:\/\/gezonde-darmflora.nl\/fr\/wp-json\/wp\/v2\/pages\/15287\/revisions\/15299"}],"up":[{"embeddable":true,"href":"https:\/\/gezonde-darmflora.nl\/fr\/wp-json\/wp\/v2\/pages\/15249"}],"wp:attachment":[{"href":"https:\/\/gezonde-darmflora.nl\/fr\/wp-json\/wp\/v2\/media?parent=15287"}],"curies":[{"name":"wp","href":"https:\/\/api.w.org\/{rel}","templated":true}]}}