{"id":15259,"date":"2020-07-23T07:54:48","date_gmt":"2020-07-23T05:54:48","guid":{"rendered":"https:\/\/gezonde-darmflora.nl\/problemes-intestinaux\/diarrhee\/"},"modified":"2025-01-27T16:18:35","modified_gmt":"2025-01-27T15:18:35","slug":"diarrhee","status":"publish","type":"page","link":"https:\/\/gezonde-darmflora.nl\/fr\/problemes-intestinaux\/diarrhee\/","title":{"rendered":"Diarrh\u00e9e"},"content":{"rendered":"<div class=\"wpb-content-wrapper\"><p>[vc_row full_width=\u00a0\u00bbstretch_row_content_no_spaces\u00a0\u00bb][vc_column]\r\n    <div class=\"page-title\">\r\n        <div class=\"container\">\r\n            <div class=\"row\">\r\n                <div class=\"col\">\r\n                    <h1>Diarrh\u00e9e prolong\u00e9e, fr\u00e9quente ou chronique<\/h1>\r\n                <\/div>\r\n            <\/div>\r\n        <\/div>\r\n    <\/div>\r\n\r\n    [\/vc_column][\/vc_row][vc_row][vc_column offset=\u00a0\u00bbvc_col-md-8&Prime;][vc_column_text]En g\u00e9n\u00e9ral, la diarrh\u00e9e dispara\u00eet d&rsquo;elle-m\u00eame. Mais si vous avez des diarrh\u00e9es r\u00e9guli\u00e8res ou fr\u00e9quentes, elles peuvent \u00eatre source de tension et d&rsquo;ins\u00e9curit\u00e9, en particulier en compagnie d&rsquo;autres personnes. Il se peut aussi que la diarrh\u00e9e vous frappe le jour de la f\u00eate que vous attendiez avec impatience&#8230; Outre l&rsquo;inconfort, l&rsquo;\u00e9nergie vous fait d\u00e9faut. Mais qu&rsquo;est-ce que la diarrh\u00e9e et quelle peut en \u00eatre la cause ?[\/vc_column_text]<div class=\"eye_empty_space pt-md-5 pb-md-5   pt-4 pb-4\"><\/div>[\/vc_column][vc_column offset=\u00a0\u00bbvc_col-md-4&Prime; el_class=\u00a0\u00bbmb-5 mb-lg-0&Prime;]\r\n    <div class=\"blob-image-wrap\">\r\n        <img decoding=\"async\" src=\"https:\/\/gezonde-darmflora.nl\/wp-content\/uploads\/2020\/08\/chronische-diarree-behandelen.jpg\">\r\n    <\/div>\r\n    <p class=\"blob-image__caption\"><\/p>\r\n\r\n    [\/vc_column][\/vc_row][vc_section full_width=\u00a0\u00bbstretch_row\u00a0\u00bb el_class=\u00a0\u00bbbg-green\u00a0\u00bb][vc_row][vc_column offset=\u00a0\u00bbvc_col-lg-offset-2 vc_col-lg-8&Prime;][vc_column_text]<\/p>\n<h2>Qu&rsquo;est-ce que la diarrh\u00e9e ?<\/h2>\n<p>La diarrh\u00e9e est une selle fine comme de l&rsquo;eau qui entra\u00eene une perte importante de liquides. Par exemple, vous perdez \u00e9galement des liquides suppl\u00e9mentaires lorsque vous vomissez, lorsque vous avez de la fi\u00e8vre et lorsqu&rsquo;il fait chaud. Si vous perdez beaucoup de liquides et que vous ne buvez pas assez, vous risquez de vous d\u00e9shydrater. Cela peut entra\u00eener des probl\u00e8mes tels que l&rsquo;absence ou la faible quantit\u00e9 d&rsquo;urine (urine fonc\u00e9e), la soif, la bouche s\u00e8che, le manque d&rsquo;\u00e9nergie, l&rsquo;\u00e9vanouissement, la confusion, l&rsquo;acc\u00e9l\u00e9ration de la respiration ou du rythme cardiaque et le refroidissement des bras et des jambes. Le plus gros probl\u00e8me, bien s\u00fbr, est que votre corps n&rsquo;absorbe pratiquement pas de nutriments lorsque vous avez la diarrh\u00e9e, ce qui vous affaiblit rapidement et peut expliquer bon nombre de ces sympt\u00f4mes.    <\/p>\n<h2>Diarrh\u00e9e prolong\u00e9e ou chronique<\/h2>\n<p>Si vous souffrez de diarrh\u00e9es fr\u00e9quentes ou de diarrh\u00e9es chroniques, il s&rsquo;agit de probl\u00e8mes plus graves et il y a souvent une autre cause. Par exemple, la prise de m\u00e9dicaments (antibiotiques ou antid\u00e9presseurs, par exemple), une consommation excessive de boissons artificiellement sucr\u00e9es, un intestin irritable ou, pire encore, une maladie inflammatoire de l&rsquo;intestin, comme la rectocolite h\u00e9morragique ou la maladie de Crohn. Dans ces maladies auto-immunes, la diarrh\u00e9e n&rsquo;est d&rsquo;ailleurs pas contagieuse.[\/vc_column_text][\/vc_column][\/vc_row][\/vc_section][vc_row][vc_column]<div class=\"eye_empty_space pt-md-5 pb-md-5   pt-4 pb-4\"><\/div>[\/vc_column][\/vc_row][vc_row equal_height=\u00a0\u00bbyes\u00a0\u00bb][vc_column offset=\u00a0\u00bbvc_col-md-8&Prime;][vc_column_text]<\/p>\n<h2>Causes de la diarrh\u00e9e<\/h2>\n<p>Les intoxications alimentaires, le syndrome du c\u00f4lon irritable et les intol\u00e9rances alimentaires sont trois causes possibles. Mais la diarrh\u00e9e la plus courante est g\u00e9n\u00e9ralement due \u00e0 une <strong>infection intestinale par un virus<\/strong>. Une infection intestinale peut \u00eatre caus\u00e9e par un manque de <a href=\"https:\/\/gezonde-darmflora.nl\/fr\/flore-intestinale\/bonnes-et-mauvaises-bacteries\/\">bonnes bact\u00e9ries dans votre flore intestinale<\/a> ou par des envahisseurs tels que des parasites. Vous pouvez entrer en contact avec ces derniers lorsque vous voyagez, par exemple, et que quelque chose s&rsquo;introduit dans votre corps par le biais d&rsquo;une \u00e9raflure, par exemple. En g\u00e9n\u00e9ral, il s&rsquo;agit d&rsquo;un virus transmis par un manque d&rsquo;hygi\u00e8ne. Si vous ne vous lavez pas suffisamment les mains apr\u00e8s \u00eatre all\u00e9 aux toilettes ou avant de pr\u00e9parer vos repas. Ou si vous mangez de la viande mal cuite. Les virus, bact\u00e9ries ou parasites p\u00e9n\u00e8trent donc g\u00e9n\u00e9ralement dans les intestins par la bouche et provoquent une inflammation de la paroi intestinale. En cons\u00e9quence, la paroi intestinale peut absorber moins de liquide. Le liquide restant dans l&rsquo;intestin, les selles deviennent de plus en plus fines. Une personne atteinte d&rsquo;une infection intestinale peut transmettre les agents pathog\u00e8nes \u00e0 une autre personne par les selles. Cette transmission se fait principalement par les toilettes et les mains non lav\u00e9es. Les virus peuvent \u00e9galement \u00eatre transmis par la salive, par exemple lorsque l&rsquo;on utilise les couverts non lav\u00e9s d&rsquo;une autre personne. L&rsquo;eau ou les aliments contamin\u00e9s peuvent \u00e9galement contenir des bact\u00e9ries \u00e0 l&rsquo;origine d&rsquo;infections intestinales.[\/vc_column_text]<div class=\"eye_empty_space pt-md-5 pb-md-5   pt-4 pb-4\"><\/div>[\/vc_column][vc_column offset=\u00a0\u00bbvc_col-md-4&Prime; el_class=\u00a0\u00bbd-flex align-items-center mb-5 mb-lg-0&Prime;]\r\n    <div class=\"blob-image-wrap\">\r\n        <img decoding=\"async\" src=\"https:\/\/gezonde-darmflora.nl\/wp-content\/uploads\/2020\/08\/diarree-voorkomen.jpg\">\r\n    <\/div>\r\n    <p class=\"blob-image__caption\"><\/p>\r\n\r\n    [\/vc_column][\/vc_row][vc_row equal_height=\u00a0\u00bbyes\u00a0\u00bb][vc_column offset=\u00a0\u00bbvc_col-md-4&Prime; el_class=\u00a0\u00bbd-flex align-items-center mb-5 mb-lg-0&Prime;]\r\n    <div class=\"blob-image-wrap\">\r\n        <img decoding=\"async\" src=\"https:\/\/gezonde-darmflora.nl\/wp-content\/uploads\/2020\/08\/darmklachten.jpg\">\r\n    <\/div>\r\n    <p class=\"blob-image__caption\"><\/p>\r\n\r\n    [\/vc_column][vc_column offset=\u00a0\u00bbvc_col-md-8&Prime;][vc_column_text]<\/p>\n<h2>Que pouvez-vous faire vous-m\u00eame contre la diarrh\u00e9e ?<\/h2>\n<p>Tout d&rsquo;abord, veillez \u00e0 ne pas contaminer d&rsquo;autres personnes ! Nettoyez bien votre maison, vos v\u00eatements et vos serviettes. Buvez beaucoup d&rsquo;eau et adoptez un r\u00e9gime alimentaire sain et vari\u00e9. Il est important de boire davantage lorsque vous avez la diarrh\u00e9e. Pensez \u00e0 boire au moins deux litres d&rsquo;eau par jour. Plus la diarrh\u00e9e est importante, plus vous devez boire pour \u00e9viter la d\u00e9shydratation. De pr\u00e9f\u00e9rence, ne buvez pas de boissons gazeuses ou de boissons \u00e9nergisantes. Si vous vomissez ou avez de la fi\u00e8vre en plus de la diarrh\u00e9e, il est encore plus important de boire de l&rsquo;eau. Ne pas manger du tout ou suivre un r\u00e9gime sp\u00e9cial n&rsquo;est ni n\u00e9cessaire en cas de diarrh\u00e9e, ni bon pour votre corps. \u00c9coutez votre corps, si l&rsquo;app\u00e9tit revient, c&rsquo;est qu&rsquo;il est g\u00e9n\u00e9ralement sur la bonne voie. Si la diarrh\u00e9e dure plus de sept jours ou revient r\u00e9guli\u00e8rement, ne consommez pas de boissons sucr\u00e9es comme le lait ou le jus de pomme pendant un certain temps. Il arrive qu&rsquo;apr\u00e8s une infection, les intestins supportent moins bien ces boissons sucr\u00e9es. La diarrh\u00e9e dispara\u00eet g\u00e9n\u00e9ralement au bout de quatre \u00e0 huit jours. Si vous \u00eates de nouveau en pleine forme, essayez de pr\u00e9venir une nouvelle infection en appliquant tous ces points \u00e0 votre mode de vie. Mieux vaut pr\u00e9venir que gu\u00e9rir.[\/vc_column_text]<div class=\"eye_empty_space pt-md-5 pb-md-5   pt-4 pb-4\"><\/div>[\/vc_column][\/vc_row][vc_section full_width=\u00a0\u00bbstretch_row\u00a0\u00bb el_class=\u00a0\u00bbbg-green\u00a0\u00bb][vc_row][vc_column offset=\u00a0\u00bbvc_col-lg-offset-2 vc_col-lg-8&Prime;][vc_column_text]<\/p>\n<h2>Traitement possible de la diarrh\u00e9e prolong\u00e9e ou chronique<\/h2>\n<p>Diarrh\u00e9e prolong\u00e9e, fr\u00e9quente ou chronique ? Un jour, vous n&rsquo;urinez pas, vous devenez de plus en plus confus, la diarrh\u00e9e dure plus longtemps que d&rsquo;habitude, vous avez des douleurs abdominales constantes et la soif persiste ? Il se passe alors quelque chose dans votre corps et une visite chez le m\u00e9decin s&rsquo;impose. Il vous proposera deux types de m\u00e9dicaments. La SRO qui agit contre la d\u00e9shydratation ou le Lop\u00e9ramide. Le Lop\u00e9ramide est plut\u00f4t un agent de coagulation que l&rsquo;on vous donne en cas d&rsquo;urgence et qui ne peut donc pas vous permettre de b\u00e9n\u00e9ficier de la p\u00e9riode de repos et de r\u00e9cup\u00e9ration n\u00e9cessaire. Surveillez \u00e9galement l&rsquo;effet de vos autres m\u00e9dicaments si vous souffrez de diarrh\u00e9e ou de vomissements, car comme les aliments, ils peuvent \u00eatre moins bien absorb\u00e9s en cas de diarrh\u00e9e.      <\/p>\n<p><img decoding=\"async\" class=\"aligncenter size-full wp-image-640\" src=\"https:\/\/gezonde-darmflora.nl\/wp-content\/uploads\/2020\/08\/wat-doen-tegen-diarree.jpg\" alt=\"que faire en cas de diarrh\u00e9e ?\" width=\"678\" height=\"533\" srcset=\"https:\/\/gezonde-darmflora.nl\/wp-content\/uploads\/2020\/08\/wat-doen-tegen-diarree.jpg 678w, https:\/\/gezonde-darmflora.nl\/wp-content\/uploads\/2020\/08\/wat-doen-tegen-diarree-600x472.jpg 600w, https:\/\/gezonde-darmflora.nl\/wp-content\/uploads\/2020\/08\/wat-doen-tegen-diarree-300x236.jpg 300w\" sizes=\"(max-width: 678px) 100vw, 678px\" \/><\/p>\n<p>Si vous pr\u00e9f\u00e9rez <strong>une solution naturelle<\/strong>, la <a href=\"https:\/\/gezonde-darmflora.nl\/fr\/la-theorie-fmt\/\">transplantation de caca<\/a> n&rsquo;est pas une id\u00e9e si saugrenue. Les agents pathog\u00e8nes ont le dessus dans vos intestins en cas de diarrh\u00e9e prolong\u00e9e. S&rsquo;ils s&rsquo;opposent \u00e0 la flore intestinale saine d&rsquo;un donneur en bonne sant\u00e9 et \u00e0 jeun, la bataille pourrait bient\u00f4t prendre fin. \u00c0 l&rsquo;avenir, une pilule fabriqu\u00e9e \u00e0 partir de votre propre flore intestinale saine est attendue \u00e0 un moment o\u00f9 vous \u00eates vous-m\u00eame tr\u00e8s heureux ! Ainsi, si vous avez besoin d&rsquo;aller aux toilettes lors d&rsquo;un beau voyage en Tha\u00eflande, apr\u00e8s un d\u00e9licieux repas dans un restaurant confortable, vous pourrez simplement prendre votre propre pilule de flore intestinale saine qui r\u00e9tablira votre flore intestinale.[\/vc_column_text][\/vc_column][\/vc_row][\/vc_section][vc_row full_width=\u00a0\u00bbstretch_row_content_no_spaces\u00a0\u00bb css=\u00a0\u00bb.vc_custom_1593680854494{margin-bottom: -10rem !important;}\u00a0\u00bb][vc_column]\r\n    <a href=\"https:\/\/gezonde-darmflora.nl\/poeppillen-bestellen\/\" target=\"\" class=\"no-underline\">\r\n\r\n        <div class=\"cta\" style=\"background-image: url('https:\/\/gezonde-darmflora.nl\/wp-content\/uploads\/2020\/08\/darmflora-gezondheid.jpg')\">\r\n            <div class=\"container\">\r\n                <div class=\"row\">\r\n                    <div class=\"col-12\">\r\n                        <p>\r\n                            <\/p>\n<h3>Aidez votre flore intestinale \u00e0 rester en bonne sant\u00e9 ?<\/h3>\n<h4>Vous trouverez tout ce dont vous avez besoin dans notre magasin.<\/h4>\n<p>                        <\/p>\r\n                        <div class=\"cta__button svg-btn svg-btn-darkgreen\">\r\n                            <svg xmlns=\"http:\/\/www.w3.org\/2000\/svg\" width=\"50\" height=\"50\" viewBox=\"0 0 55 50\"><defs><\/defs><g id=\"Layer_2\" data-name=\"Layer 2\"><g id=\"Layer_1-2\" data-name=\"Layer 1\"><path width=\"100%\" height=\"100%\" class=\"anime\" d=\"M1.16,31.86C5.61,44.26,19.3,52,32.23,49.6C40.23,48.11,48.89,42.33,51.61,34.400000000000006C53.61,28.510000000000005,51.839999999999996,22.550000000000004,49.23,17.210000000000004C46.23,10.990000000000006,43.06999999999999,4.210000000000004,36.29,1.270000000000005C31,-1,24.8,0,19.64,2.49A45,45,0,0,0,10.57,8.66C8.39,10.5,5.430000000000001,12.280000000000001,3.6400000000000006,14.46C-0.3,19.28,-0.9,26.13,1.16,31.86Z\"\/><\/g><\/g><\/svg>\r\n                            <i class=\"far fa-long-arrow-alt-right\"><\/i>\r\n                        <\/div>\r\n                    <\/div>\r\n                <\/div>\r\n            <\/div>\r\n        <\/div>\r\n\r\n    <\/a>\r\n\r\n    [\/vc_column][\/vc_row]<\/p>\n<\/div>","protected":false},"excerpt":{"rendered":"<p>[vc_row full_width=\u00a0\u00bbstretch_row_content_no_spaces\u00a0\u00bb][vc_column][\/vc_column][\/vc_row][vc_row][vc_column offset=\u00a0\u00bbvc_col-md-8&Prime;][vc_column_text]En g\u00e9n\u00e9ral, la diarrh\u00e9e dispara\u00eet d&rsquo;elle-m\u00eame. Mais si vous avez des diarrh\u00e9es r\u00e9guli\u00e8res ou fr\u00e9quentes, elles peuvent \u00eatre source de tension et d&rsquo;ins\u00e9curit\u00e9, en particulier en compagnie d&rsquo;autres personnes. Il se peut aussi que la diarrh\u00e9e vous frappe le jour de la f\u00eate que vous attendiez avec impatience&#8230; Outre l&rsquo;inconfort, l&rsquo;\u00e9nergie vous fait\u2026 <a href=\"https:\/\/gezonde-darmflora.nl\/fr\/problemes-intestinaux\/diarrhee\/\">En savoir plus &raquo;<\/a><\/p>\n","protected":false},"author":4,"featured_media":0,"parent":15249,"menu_order":0,"comment_status":"closed","ping_status":"closed","template":"","meta":{"_acf_changed":false,"footnotes":""},"class_list":["post-15259","page","type-page","status-publish","hentry"],"acf":[],"yoast_head":"<!-- This site is optimized with the Yoast SEO plugin v27.1.1 - https:\/\/yoast.com\/product\/yoast-seo-wordpress\/ -->\n<title>Diarrh\u00e9e prolong\u00e9e, fr\u00e9quente ou chronique ? Causes, conseils et traitement<\/title>\n<meta name=\"description\" content=\"En g\u00e9n\u00e9ral, la diarrh\u00e9e dispara\u00eet d&#039;elle-m\u00eame. Mais si vous souffrez de diarrh\u00e9e fr\u00e9quente ou chronique, cela peut \u00eatre source de tension et d&#039;incertitude. D\u00e9couvrez les causes et les solutions.\" \/>\n<meta name=\"robots\" content=\"index, follow, max-snippet:-1, max-image-preview:large, max-video-preview:-1\" \/>\n<link rel=\"canonical\" href=\"https:\/\/gezonde-darmflora.nl\/fr\/problemes-intestinaux\/diarrhee\/\" \/>\n<meta property=\"og:locale\" content=\"fr_FR\" \/>\n<meta property=\"og:type\" content=\"article\" \/>\n<meta property=\"og:title\" content=\"Diarrh\u00e9e prolong\u00e9e, fr\u00e9quente ou chronique ? Causes, conseils et traitement\" \/>\n<meta property=\"og:description\" content=\"En g\u00e9n\u00e9ral, la diarrh\u00e9e dispara\u00eet d&#039;elle-m\u00eame. Mais si vous souffrez de diarrh\u00e9e fr\u00e9quente ou chronique, cela peut \u00eatre source de tension et d&#039;incertitude. D\u00e9couvrez les causes et les solutions.\" \/>\n<meta property=\"og:url\" content=\"https:\/\/gezonde-darmflora.nl\/fr\/problemes-intestinaux\/diarrhee\/\" \/>\n<meta property=\"og:site_name\" content=\"Gezonde Darmflora\" \/>\n<meta property=\"article:modified_time\" content=\"2025-01-27T15:18:35+00:00\" \/>\n<meta property=\"og:image\" content=\"https:\/\/gezonde-darmflora.nl\/wp-content\/uploads\/2020\/08\/wat-doen-tegen-diarree.jpg\" \/>\n<meta name=\"twitter:card\" content=\"summary_large_image\" \/>\n<meta name=\"twitter:label1\" content=\"Dur\u00e9e de lecture estim\u00e9e\" \/>\n\t<meta name=\"twitter:data1\" content=\"7 minutes\" \/>\n<script type=\"application\/ld+json\" class=\"yoast-schema-graph\">{\"@context\":\"https:\/\/schema.org\",\"@graph\":[{\"@type\":\"WebPage\",\"@id\":\"https:\/\/gezonde-darmflora.nl\/fr\/problemes-intestinaux\/diarrhee\/\",\"url\":\"https:\/\/gezonde-darmflora.nl\/fr\/problemes-intestinaux\/diarrhee\/\",\"name\":\"Diarrh\u00e9e prolong\u00e9e, fr\u00e9quente ou chronique ? Causes, conseils et traitement\",\"isPartOf\":{\"@id\":\"https:\/\/gezonde-darmflora.nl\/fr\/#website\"},\"primaryImageOfPage\":{\"@id\":\"https:\/\/gezonde-darmflora.nl\/fr\/problemes-intestinaux\/diarrhee\/#primaryimage\"},\"image\":{\"@id\":\"https:\/\/gezonde-darmflora.nl\/fr\/problemes-intestinaux\/diarrhee\/#primaryimage\"},\"thumbnailUrl\":\"https:\/\/gezonde-darmflora.nl\/wp-content\/uploads\/2020\/08\/wat-doen-tegen-diarree.jpg\",\"datePublished\":\"2020-07-23T05:54:48+00:00\",\"dateModified\":\"2025-01-27T15:18:35+00:00\",\"description\":\"En g\u00e9n\u00e9ral, la diarrh\u00e9e dispara\u00eet d'elle-m\u00eame. Mais si vous souffrez de diarrh\u00e9e fr\u00e9quente ou chronique, cela peut \u00eatre source de tension et d'incertitude. D\u00e9couvrez les causes et les solutions.\",\"breadcrumb\":{\"@id\":\"https:\/\/gezonde-darmflora.nl\/fr\/problemes-intestinaux\/diarrhee\/#breadcrumb\"},\"inLanguage\":\"fr-FR\",\"potentialAction\":[{\"@type\":\"ReadAction\",\"target\":[\"https:\/\/gezonde-darmflora.nl\/fr\/problemes-intestinaux\/diarrhee\/\"]}]},{\"@type\":\"ImageObject\",\"inLanguage\":\"fr-FR\",\"@id\":\"https:\/\/gezonde-darmflora.nl\/fr\/problemes-intestinaux\/diarrhee\/#primaryimage\",\"url\":\"https:\/\/gezonde-darmflora.nl\/wp-content\/uploads\/2020\/08\/wat-doen-tegen-diarree.jpg\",\"contentUrl\":\"https:\/\/gezonde-darmflora.nl\/wp-content\/uploads\/2020\/08\/wat-doen-tegen-diarree.jpg\"},{\"@type\":\"BreadcrumbList\",\"@id\":\"https:\/\/gezonde-darmflora.nl\/fr\/problemes-intestinaux\/diarrhee\/#breadcrumb\",\"itemListElement\":[{\"@type\":\"ListItem\",\"position\":1,\"name\":\"Home\",\"item\":\"https:\/\/gezonde-darmflora.nl\/fr\/\"},{\"@type\":\"ListItem\",\"position\":2,\"name\":\"Probl\u00e8mes intestinaux\",\"item\":\"https:\/\/gezonde-darmflora.nl\/fr\/problemes-intestinaux\/\"},{\"@type\":\"ListItem\",\"position\":3,\"name\":\"Diarrh\u00e9e\"}]},{\"@type\":\"WebSite\",\"@id\":\"https:\/\/gezonde-darmflora.nl\/fr\/#website\",\"url\":\"https:\/\/gezonde-darmflora.nl\/fr\/\",\"name\":\"Gezonde Darmflora\",\"description\":\"Een gezonde &amp; natuurlijke darmflora\",\"potentialAction\":[{\"@type\":\"SearchAction\",\"target\":{\"@type\":\"EntryPoint\",\"urlTemplate\":\"https:\/\/gezonde-darmflora.nl\/fr\/?s={search_term_string}\"},\"query-input\":{\"@type\":\"PropertyValueSpecification\",\"valueRequired\":true,\"valueName\":\"search_term_string\"}}],\"inLanguage\":\"fr-FR\"}]}<\/script>\n<!-- \/ Yoast SEO plugin. -->","yoast_head_json":{"title":"Diarrh\u00e9e prolong\u00e9e, fr\u00e9quente ou chronique ? Causes, conseils et traitement","description":"En g\u00e9n\u00e9ral, la diarrh\u00e9e dispara\u00eet d'elle-m\u00eame. Mais si vous souffrez de diarrh\u00e9e fr\u00e9quente ou chronique, cela peut \u00eatre source de tension et d'incertitude. D\u00e9couvrez les causes et les solutions.","robots":{"index":"index","follow":"follow","max-snippet":"max-snippet:-1","max-image-preview":"max-image-preview:large","max-video-preview":"max-video-preview:-1"},"canonical":"https:\/\/gezonde-darmflora.nl\/fr\/problemes-intestinaux\/diarrhee\/","og_locale":"fr_FR","og_type":"article","og_title":"Diarrh\u00e9e prolong\u00e9e, fr\u00e9quente ou chronique ? Causes, conseils et traitement","og_description":"En g\u00e9n\u00e9ral, la diarrh\u00e9e dispara\u00eet d'elle-m\u00eame. Mais si vous souffrez de diarrh\u00e9e fr\u00e9quente ou chronique, cela peut \u00eatre source de tension et d'incertitude. D\u00e9couvrez les causes et les solutions.","og_url":"https:\/\/gezonde-darmflora.nl\/fr\/problemes-intestinaux\/diarrhee\/","og_site_name":"Gezonde Darmflora","article_modified_time":"2025-01-27T15:18:35+00:00","og_image":[{"url":"https:\/\/gezonde-darmflora.nl\/wp-content\/uploads\/2020\/08\/wat-doen-tegen-diarree.jpg","type":"","width":"","height":""}],"twitter_card":"summary_large_image","twitter_misc":{"Dur\u00e9e de lecture estim\u00e9e":"7 minutes"},"schema":{"@context":"https:\/\/schema.org","@graph":[{"@type":"WebPage","@id":"https:\/\/gezonde-darmflora.nl\/fr\/problemes-intestinaux\/diarrhee\/","url":"https:\/\/gezonde-darmflora.nl\/fr\/problemes-intestinaux\/diarrhee\/","name":"Diarrh\u00e9e prolong\u00e9e, fr\u00e9quente ou chronique ? Causes, conseils et traitement","isPartOf":{"@id":"https:\/\/gezonde-darmflora.nl\/fr\/#website"},"primaryImageOfPage":{"@id":"https:\/\/gezonde-darmflora.nl\/fr\/problemes-intestinaux\/diarrhee\/#primaryimage"},"image":{"@id":"https:\/\/gezonde-darmflora.nl\/fr\/problemes-intestinaux\/diarrhee\/#primaryimage"},"thumbnailUrl":"https:\/\/gezonde-darmflora.nl\/wp-content\/uploads\/2020\/08\/wat-doen-tegen-diarree.jpg","datePublished":"2020-07-23T05:54:48+00:00","dateModified":"2025-01-27T15:18:35+00:00","description":"En g\u00e9n\u00e9ral, la diarrh\u00e9e dispara\u00eet d'elle-m\u00eame. Mais si vous souffrez de diarrh\u00e9e fr\u00e9quente ou chronique, cela peut \u00eatre source de tension et d'incertitude. D\u00e9couvrez les causes et les solutions.","breadcrumb":{"@id":"https:\/\/gezonde-darmflora.nl\/fr\/problemes-intestinaux\/diarrhee\/#breadcrumb"},"inLanguage":"fr-FR","potentialAction":[{"@type":"ReadAction","target":["https:\/\/gezonde-darmflora.nl\/fr\/problemes-intestinaux\/diarrhee\/"]}]},{"@type":"ImageObject","inLanguage":"fr-FR","@id":"https:\/\/gezonde-darmflora.nl\/fr\/problemes-intestinaux\/diarrhee\/#primaryimage","url":"https:\/\/gezonde-darmflora.nl\/wp-content\/uploads\/2020\/08\/wat-doen-tegen-diarree.jpg","contentUrl":"https:\/\/gezonde-darmflora.nl\/wp-content\/uploads\/2020\/08\/wat-doen-tegen-diarree.jpg"},{"@type":"BreadcrumbList","@id":"https:\/\/gezonde-darmflora.nl\/fr\/problemes-intestinaux\/diarrhee\/#breadcrumb","itemListElement":[{"@type":"ListItem","position":1,"name":"Home","item":"https:\/\/gezonde-darmflora.nl\/fr\/"},{"@type":"ListItem","position":2,"name":"Probl\u00e8mes intestinaux","item":"https:\/\/gezonde-darmflora.nl\/fr\/problemes-intestinaux\/"},{"@type":"ListItem","position":3,"name":"Diarrh\u00e9e"}]},{"@type":"WebSite","@id":"https:\/\/gezonde-darmflora.nl\/fr\/#website","url":"https:\/\/gezonde-darmflora.nl\/fr\/","name":"Gezonde Darmflora","description":"Een gezonde &amp; natuurlijke darmflora","potentialAction":[{"@type":"SearchAction","target":{"@type":"EntryPoint","urlTemplate":"https:\/\/gezonde-darmflora.nl\/fr\/?s={search_term_string}"},"query-input":{"@type":"PropertyValueSpecification","valueRequired":true,"valueName":"search_term_string"}}],"inLanguage":"fr-FR"}]}},"_links":{"self":[{"href":"https:\/\/gezonde-darmflora.nl\/fr\/wp-json\/wp\/v2\/pages\/15259","targetHints":{"allow":["GET"]}}],"collection":[{"href":"https:\/\/gezonde-darmflora.nl\/fr\/wp-json\/wp\/v2\/pages"}],"about":[{"href":"https:\/\/gezonde-darmflora.nl\/fr\/wp-json\/wp\/v2\/types\/page"}],"author":[{"embeddable":true,"href":"https:\/\/gezonde-darmflora.nl\/fr\/wp-json\/wp\/v2\/users\/4"}],"replies":[{"embeddable":true,"href":"https:\/\/gezonde-darmflora.nl\/fr\/wp-json\/wp\/v2\/comments?post=15259"}],"version-history":[{"count":6,"href":"https:\/\/gezonde-darmflora.nl\/fr\/wp-json\/wp\/v2\/pages\/15259\/revisions"}],"predecessor-version":[{"id":15297,"href":"https:\/\/gezonde-darmflora.nl\/fr\/wp-json\/wp\/v2\/pages\/15259\/revisions\/15297"}],"up":[{"embeddable":true,"href":"https:\/\/gezonde-darmflora.nl\/fr\/wp-json\/wp\/v2\/pages\/15249"}],"wp:attachment":[{"href":"https:\/\/gezonde-darmflora.nl\/fr\/wp-json\/wp\/v2\/media?parent=15259"}],"curies":[{"name":"wp","href":"https:\/\/api.w.org\/{rel}","templated":true}]}}