{"id":15249,"date":"2020-07-17T09:16:46","date_gmt":"2020-07-17T07:16:46","guid":{"rendered":"https:\/\/gezonde-darmflora.nl\/problemes-intestinaux\/"},"modified":"2025-01-27T16:18:35","modified_gmt":"2025-01-27T15:18:35","slug":"problemes-intestinaux","status":"publish","type":"page","link":"https:\/\/gezonde-darmflora.nl\/fr\/problemes-intestinaux\/","title":{"rendered":"Probl\u00e8mes intestinaux"},"content":{"rendered":"<div class=\"wpb-content-wrapper\"><p>[vc_row full_width=\u00a0\u00bbstretch_row_content_no_spaces\u00a0\u00bb][vc_column]\r\n    <div class=\"page-title\">\r\n        <div class=\"container\">\r\n            <div class=\"row\">\r\n                <div class=\"col\">\r\n                    <h1>Probl\u00e8mes intestinaux : Des troubles b\u00e9nins aux maladies intestinales<\/h1>\r\n                <\/div>\r\n            <\/div>\r\n        <\/div>\r\n    <\/div>\r\n\r\n    [\/vc_column][\/vc_row][vc_row][vc_column offset=\u00a0\u00bbvc_col-md-8&Prime;][vc_column_text]Les troubles intestinaux, un probl\u00e8me courant mais peu abord\u00e9. Et qui, et \u00e0 quel moment, va en parler ? Il n&rsquo;est pas mauvais non plus d&rsquo;avoir mal au ventre de temps en temps apr\u00e8s un mauvais repas, pendant une grippe ou lors d&rsquo;un voyage aventureux dans un pays lointain. Votre corps s&rsquo;en chargera. Mais si les douleurs persistent longtemps, deviennent fr\u00e9quentes, affectent votre vie, vous dominent &#8230; Alors la recherche d&rsquo;une solution a tout int\u00e9r\u00eat \u00e0 \u00eatre courte.[\/vc_column_text]<div class=\"eye_empty_space pt-md-5 pb-md-5   pt-4 pb-4\"><\/div>[\/vc_column][vc_column offset=\u00a0\u00bbvc_col-md-4&Prime; el_class=\u00a0\u00bbmb-5 mb-lg-0&Prime;]\r\n    <div class=\"blob-image-wrap\">\r\n        <img decoding=\"async\" src=\"https:\/\/gezonde-darmflora.nl\/wp-content\/uploads\/2020\/08\/darmproblemen-buikpijn.jpg\">\r\n    <\/div>\r\n    <p class=\"blob-image__caption\"><\/p>\r\n\r\n    [\/vc_column][\/vc_row][vc_section full_width=\u00a0\u00bbstretch_row\u00a0\u00bb el_class=\u00a0\u00bbbg-green\u00a0\u00bb][vc_row][vc_column offset=\u00a0\u00bbvc_col-lg-offset-2 vc_col-lg-8&Prime;][vc_column_text]<\/p>\n<h2>A propos des intestins<\/h2>\n<p>  L&rsquo;intestin gr\u00eale moyen mesure six m\u00e8tres de long et se compose du duod\u00e9num, de l&rsquo;intestin de je\u00fbne et de l&rsquo;il\u00e9on. La fonction de l&rsquo;intestin gr\u00eale est de dig\u00e9rer les aliments et d&rsquo;en absorber les nutriments. Pour ce faire, il ajoute des sucs digestifs aux aliments. Gr\u00e2ce \u00e0 une double couche de muscles, l&rsquo;intestin gr\u00eale p\u00e9trit les aliments pour qu&rsquo;ils se m\u00e9langent bien aux sucs digestifs. L&rsquo;intestin gr\u00eale achemine la pur\u00e9e vers le gros intestin. L&rsquo;\u00e9norme surface de l&rsquo;intestin gr\u00eale permet une grande capacit\u00e9 d&rsquo;absorption des nutriments. Les aliments restent dans l&rsquo;intestin gr\u00eale pendant quatre \u00e0 huit heures. Les aliments indigestes qui restent dans l&rsquo;intestin gr\u00eale aboutissent dans le gros intestin. L&rsquo;intestin gr\u00eale est suivi du \u00ab\u00a0c\u00f4lon\u00a0\u00bb, le gros intestin d&rsquo;une longueur d&rsquo;environ deux m\u00e8tres. Avec un appendice appel\u00e9 intestin borgne, le c\u00f4lon se termine par le rectum. Lorsque les restes d&rsquo;aliments indigestes arrivent dans le c\u00f4lon, ils sont encore accompagn\u00e9s d&rsquo;une grande quantit\u00e9 de liquide. La fonction du c\u00f4lon est d&rsquo;extraire l&rsquo;humidit\u00e9 de ce que nous appelons maintenant les selles. Le gros intestin propulse les selles par des mouvements p\u00e9ristaltiques. Les mati\u00e8res f\u00e9cales sont stock\u00e9es dans un r\u00e9servoir jusqu&rsquo;\u00e0 ce qu&rsquo;il soit plein : le rectum.[\/vc_column_text][\/vc_column][\/vc_row][\/vc_section][vc_row][vc_column]<div class=\"eye_empty_space pt-md-5 pb-md-5   pt-4 pb-4\"><\/div>[\/vc_column][\/vc_row][vc_row equal_height=\u00a0\u00bbyes\u00a0\u00bb][vc_column offset=\u00a0\u00bbvc_col-md-8&Prime;][vc_column_text]<\/p>\n<h3>Saviez-vous que &#8230;<\/h3>\n<p>  On a d\u00e9couvert que les intestins de l&rsquo;homme primitif \u00e9taient beaucoup plus longs ! Gr\u00e2ce \u00e0 des aliments diff\u00e9rents et \u00e0 une meilleure pr\u00e9paration et hygi\u00e8ne, les aliments sont devenus plus faciles \u00e0 dig\u00e9rer pour les intestins. Par cons\u00e9quent, au cours de l&rsquo;\u00e9volution, l&rsquo;intestin s&rsquo;est raccourci. <\/p>\n<blockquote><p>25 % ont des probl\u00e8mes<\/p><\/blockquote>\n<p> intestinaux Aux Pays-Bas, un quart de la population a des probl\u00e8mes intestinaux et 60 % d&rsquo;entre eux sont des femmes. Jusqu&rsquo;\u00e0 pr\u00e9sent, les m\u00e9decins ont cherch\u00e9 une solution en d\u00e9truisant les mauvaises bact\u00e9ries, consid\u00e9rant la perte des bact\u00e9ries intestinales saines comme allant de soi. En fait, il est \u00e9trange que la science m\u00e9dicale se soit si longtemps concentr\u00e9e sur l&rsquo;\u00e9radication des bact\u00e9ries. De tout le mat\u00e9riel g\u00e9n\u00e9tique que nous portons en nous, seul 1 % est humain. Le reste provient des billions de bact\u00e9ries pr\u00e9sentes dans notre corps. C&rsquo;est pourquoi certains scientifiques parlent d\u00e9j\u00e0 d&rsquo;un changement de paradigme. Nous devons apprendre \u00e0 contr\u00f4ler les bact\u00e9ries plut\u00f4t qu&rsquo;\u00e0 les \u00e9radiquer.[\/vc_column_text]<div class=\"eye_empty_space pt-md-5 pb-md-5   pt-4 pb-4\"><\/div>[\/vc_column][vc_column offset=\u00a0\u00bbvc_col-md-4&Prime; el_class=\u00a0\u00bbd-flex align-items-center mb-5 mb-lg-0&Prime;][vc_single_image image=\u00a0\u00bb582&Prime; img_size=\u00a0\u00bb\u00a0\u00bb][\/vc_column][\/vc_row][vc_row equal_height=\u00a0\u00bbyes\u00a0\u00bb][vc_column offset=\u00a0\u00bbvc_col-md-4&Prime; el_class=\u00a0\u00bbd-flex align-items-center mb-5 mb-lg-0&Prime;]\r\n    <div class=\"blob-image-wrap\">\r\n        <img decoding=\"async\" src=\"https:\/\/gezonde-darmflora.nl\/wp-content\/uploads\/2020\/08\/darmbacterien-beinvloeden-voeding-1024x455.jpg\">\r\n    <\/div>\r\n    <p class=\"blob-image__caption\"><\/p>\r\n\r\n    [\/vc_column][vc_column offset=\u00a0\u00bbvc_col-md-8&Prime;][vc_column_text]<\/p>\n<h2>Causes possibles<\/h2>\n<p>  Les probl\u00e8mes de l&rsquo;intestin gr\u00eale peuvent \u00eatre dus \u00e0 une allergie, par exemple \u00e0 une prot\u00e9ine ou au gluten. On en trouve dans l&rsquo;avoine, le bl\u00e9, le seigle et l&rsquo;orge. La muqueuse intestinale perd ses villosit\u00e9s au contact du gluten, ce qui entra\u00eene une moins bonne absorption des nutriments et des carences nutritionnelles. Vous pouvez \u00eatre victime d&rsquo;une intoxication alimentaire qui entra\u00eene des probl\u00e8mes. Une inflammation peut \u00e9galement se produire dans les intestins lorsque la <a href=\"https:\/\/gezonde-darmflora.nl\/fr\/flore-intestinale\/alteration-de-la-flore-intestinale\/\">flore intestinale<\/a> est d\u00e9s\u00e9quilibr\u00e9e.[\/vc_column_text]<div class=\"eye_empty_space pt-md-5 pb-md-5   pt-4 pb-4\"><\/div>[\/vc_column][\/vc_row][vc_section full_width=\u00a0\u00bbstretch_row\u00a0\u00bb el_class=\u00a0\u00bbbg-green\u00a0\u00bb][vc_row][vc_column offset=\u00a0\u00bbvc_col-lg-offset-2 vc_col-lg-8&Prime;][vc_column_text]<\/p>\n<h2>Probl\u00e8mes courants de l&rsquo;intestin gr\u00eale et du gros intestin<\/h2>\n<p>  Intestins sensibles ou probl\u00e8mes intestinaux ? Ils peuvent avoir des causes diverses et \u00eatre aigus ou chroniques. Les probl\u00e8mes intestinaux les plus courants sont la maladie de Crohn, la colite ulc\u00e9reuse, l&rsquo;appendicite, le cancer du c\u00f4lon et la maladie c\u0153liaque.    <\/p>\n<h2>Maladies intestinales chroniques<\/h2>\n<p>  Elles se manifestent g\u00e9n\u00e9ralement par des diarrh\u00e9es, des selles graisseuses, une inflammation et un amaigrissement. Des ulc\u00e8res peuvent se d\u00e9velopper dans les intestins et parfois s&rsquo;\u00e9tendre. Les signes peuvent \u00eatre minimes, comme des flatulences et des douleurs abdominales, ou plus importants, comme des diarrh\u00e9es, des naus\u00e9es et de la fatigue, voire de la fi\u00e8vre et une perte de poids. Des effets secondaires d\u00e9sagr\u00e9ables tels que des h\u00e9morro\u00efdes et des fistules peuvent \u00e9galement se d\u00e9velopper. L&rsquo;inflammation chronique de l&rsquo;intestin peut se produire \u00e0 la fois dans l&rsquo;intestin gr\u00eale et dans le gros intestin. Si vous ne l&rsquo;attrapez pas \u00e0 temps, vous vous \u00e9loignez de plus en plus de votre domicile.[\/vc_column_text][\/vc_column][\/vc_row][\/vc_section][vc_row full_width=\u00a0\u00bbstretch_row_content_no_spaces\u00a0\u00bb css=\u00a0\u00bb.vc_custom_1593680854494{margin-bottom: -10rem !important;}\u00a0\u00bb][vc_column]\r\n    <a href=\"https:\/\/gezonde-darmflora.nl\/poeppillen-bestellen\/\" target=\"\" class=\"no-underline\">\r\n\r\n        <div class=\"cta\" style=\"background-image: url('https:\/\/gezonde-darmflora.nl\/wp-content\/uploads\/2020\/08\/darmflora-gezondheid.jpg')\">\r\n            <div class=\"container\">\r\n                <div class=\"row\">\r\n                    <div class=\"col-12\">\r\n                        <p>\r\n                            <\/p>\n<h3>Aidez votre flore intestinale \u00e0 rester en bonne sant\u00e9 ?<\/h3>\n<h4>Vous trouverez tout ce dont vous avez besoin dans notre magasin.<\/h4>\n<p>                        <\/p>\r\n                        <div class=\"cta__button svg-btn svg-btn-darkgreen\">\r\n                            <svg xmlns=\"http:\/\/www.w3.org\/2000\/svg\" width=\"50\" height=\"50\" viewBox=\"0 0 55 50\"><defs><\/defs><g id=\"Layer_2\" data-name=\"Layer 2\"><g id=\"Layer_1-2\" data-name=\"Layer 1\"><path width=\"100%\" height=\"100%\" class=\"anime\" d=\"M1.16,31.86C5.61,44.26,19.3,52,32.23,49.6C40.23,48.11,48.89,42.33,51.61,34.400000000000006C53.61,28.510000000000005,51.839999999999996,22.550000000000004,49.23,17.210000000000004C46.23,10.990000000000006,43.06999999999999,4.210000000000004,36.29,1.270000000000005C31,-1,24.8,0,19.64,2.49A45,45,0,0,0,10.57,8.66C8.39,10.5,5.430000000000001,12.280000000000001,3.6400000000000006,14.46C-0.3,19.28,-0.9,26.13,1.16,31.86Z\"\/><\/g><\/g><\/svg>\r\n                            <i class=\"far fa-long-arrow-alt-right\"><\/i>\r\n                        <\/div>\r\n                    <\/div>\r\n                <\/div>\r\n            <\/div>\r\n        <\/div>\r\n\r\n    <\/a>\r\n\r\n    [\/vc_column][\/vc_row]<\/p>\n<\/div>","protected":false},"excerpt":{"rendered":"<p>[vc_row full_width=\u00a0\u00bbstretch_row_content_no_spaces\u00a0\u00bb][vc_column][\/vc_column][\/vc_row][vc_row][vc_column offset=\u00a0\u00bbvc_col-md-8&Prime;][vc_column_text]Les troubles intestinaux, un probl\u00e8me courant mais peu abord\u00e9. Et qui, et \u00e0 quel moment, va en parler ? Il n&rsquo;est pas mauvais non plus d&rsquo;avoir mal au ventre de temps en temps apr\u00e8s un mauvais repas, pendant une grippe ou lors d&rsquo;un voyage aventureux dans un pays lointain. Votre corps s&rsquo;en chargera.\u2026 <a href=\"https:\/\/gezonde-darmflora.nl\/fr\/problemes-intestinaux\/\">En savoir plus &raquo;<\/a><\/p>\n","protected":false},"author":4,"featured_media":0,"parent":0,"menu_order":0,"comment_status":"closed","ping_status":"closed","template":"","meta":{"_acf_changed":false,"footnotes":""},"class_list":["post-15249","page","type-page","status-publish","hentry"],"acf":[],"yoast_head":"<!-- This site is optimized with the Yoast SEO plugin v27.1.1 - https:\/\/yoast.com\/product\/yoast-seo-wordpress\/ -->\n<title>Probl\u00e8mes intestinaux : des troubles du gros intestin et de l&#039;intestin gr\u00eale aux maladies intestinales<\/title>\n<meta name=\"description\" content=\"Intestins sensibles, probl\u00e8mes intestinaux ? Les causes peuvent \u00eatre diverses et il peut s&#039;agir de probl\u00e8mes intestinaux aigus ou chroniques.\" \/>\n<meta name=\"robots\" content=\"index, follow, max-snippet:-1, max-image-preview:large, max-video-preview:-1\" \/>\n<link rel=\"canonical\" href=\"https:\/\/gezonde-darmflora.nl\/fr\/problemes-intestinaux\/\" \/>\n<meta property=\"og:locale\" content=\"fr_FR\" \/>\n<meta property=\"og:type\" content=\"article\" \/>\n<meta property=\"og:title\" content=\"Probl\u00e8mes intestinaux : des troubles du gros intestin et de l&#039;intestin gr\u00eale aux maladies intestinales\" \/>\n<meta property=\"og:description\" content=\"Intestins sensibles, probl\u00e8mes intestinaux ? Les causes peuvent \u00eatre diverses et il peut s&#039;agir de probl\u00e8mes intestinaux aigus ou chroniques.\" \/>\n<meta property=\"og:url\" content=\"https:\/\/gezonde-darmflora.nl\/fr\/problemes-intestinaux\/\" \/>\n<meta property=\"og:site_name\" content=\"Gezonde Darmflora\" \/>\n<meta property=\"article:modified_time\" content=\"2025-01-27T15:18:35+00:00\" \/>\n<meta name=\"twitter:card\" content=\"summary_large_image\" \/>\n<meta name=\"twitter:label1\" content=\"Dur\u00e9e de lecture estim\u00e9e\" \/>\n\t<meta name=\"twitter:data1\" content=\"5 minutes\" \/>\n<script type=\"application\/ld+json\" class=\"yoast-schema-graph\">{\"@context\":\"https:\/\/schema.org\",\"@graph\":[{\"@type\":\"WebPage\",\"@id\":\"https:\/\/gezonde-darmflora.nl\/fr\/problemes-intestinaux\/\",\"url\":\"https:\/\/gezonde-darmflora.nl\/fr\/problemes-intestinaux\/\",\"name\":\"Probl\u00e8mes intestinaux : des troubles du gros intestin et de l'intestin gr\u00eale aux maladies intestinales\",\"isPartOf\":{\"@id\":\"https:\/\/gezonde-darmflora.nl\/fr\/#website\"},\"datePublished\":\"2020-07-17T07:16:46+00:00\",\"dateModified\":\"2025-01-27T15:18:35+00:00\",\"description\":\"Intestins sensibles, probl\u00e8mes intestinaux ? Les causes peuvent \u00eatre diverses et il peut s'agir de probl\u00e8mes intestinaux aigus ou chroniques.\",\"breadcrumb\":{\"@id\":\"https:\/\/gezonde-darmflora.nl\/fr\/problemes-intestinaux\/#breadcrumb\"},\"inLanguage\":\"fr-FR\",\"potentialAction\":[{\"@type\":\"ReadAction\",\"target\":[\"https:\/\/gezonde-darmflora.nl\/fr\/problemes-intestinaux\/\"]}]},{\"@type\":\"BreadcrumbList\",\"@id\":\"https:\/\/gezonde-darmflora.nl\/fr\/problemes-intestinaux\/#breadcrumb\",\"itemListElement\":[{\"@type\":\"ListItem\",\"position\":1,\"name\":\"Home\",\"item\":\"https:\/\/gezonde-darmflora.nl\/fr\/\"},{\"@type\":\"ListItem\",\"position\":2,\"name\":\"Probl\u00e8mes intestinaux\"}]},{\"@type\":\"WebSite\",\"@id\":\"https:\/\/gezonde-darmflora.nl\/fr\/#website\",\"url\":\"https:\/\/gezonde-darmflora.nl\/fr\/\",\"name\":\"Gezonde Darmflora\",\"description\":\"Een gezonde &amp; natuurlijke darmflora\",\"potentialAction\":[{\"@type\":\"SearchAction\",\"target\":{\"@type\":\"EntryPoint\",\"urlTemplate\":\"https:\/\/gezonde-darmflora.nl\/fr\/?s={search_term_string}\"},\"query-input\":{\"@type\":\"PropertyValueSpecification\",\"valueRequired\":true,\"valueName\":\"search_term_string\"}}],\"inLanguage\":\"fr-FR\"}]}<\/script>\n<!-- \/ Yoast SEO plugin. -->","yoast_head_json":{"title":"Probl\u00e8mes intestinaux : des troubles du gros intestin et de l'intestin gr\u00eale aux maladies intestinales","description":"Intestins sensibles, probl\u00e8mes intestinaux ? Les causes peuvent \u00eatre diverses et il peut s'agir de probl\u00e8mes intestinaux aigus ou chroniques.","robots":{"index":"index","follow":"follow","max-snippet":"max-snippet:-1","max-image-preview":"max-image-preview:large","max-video-preview":"max-video-preview:-1"},"canonical":"https:\/\/gezonde-darmflora.nl\/fr\/problemes-intestinaux\/","og_locale":"fr_FR","og_type":"article","og_title":"Probl\u00e8mes intestinaux : des troubles du gros intestin et de l'intestin gr\u00eale aux maladies intestinales","og_description":"Intestins sensibles, probl\u00e8mes intestinaux ? Les causes peuvent \u00eatre diverses et il peut s'agir de probl\u00e8mes intestinaux aigus ou chroniques.","og_url":"https:\/\/gezonde-darmflora.nl\/fr\/problemes-intestinaux\/","og_site_name":"Gezonde Darmflora","article_modified_time":"2025-01-27T15:18:35+00:00","twitter_card":"summary_large_image","twitter_misc":{"Dur\u00e9e de lecture estim\u00e9e":"5 minutes"},"schema":{"@context":"https:\/\/schema.org","@graph":[{"@type":"WebPage","@id":"https:\/\/gezonde-darmflora.nl\/fr\/problemes-intestinaux\/","url":"https:\/\/gezonde-darmflora.nl\/fr\/problemes-intestinaux\/","name":"Probl\u00e8mes intestinaux : des troubles du gros intestin et de l'intestin gr\u00eale aux maladies intestinales","isPartOf":{"@id":"https:\/\/gezonde-darmflora.nl\/fr\/#website"},"datePublished":"2020-07-17T07:16:46+00:00","dateModified":"2025-01-27T15:18:35+00:00","description":"Intestins sensibles, probl\u00e8mes intestinaux ? Les causes peuvent \u00eatre diverses et il peut s'agir de probl\u00e8mes intestinaux aigus ou chroniques.","breadcrumb":{"@id":"https:\/\/gezonde-darmflora.nl\/fr\/problemes-intestinaux\/#breadcrumb"},"inLanguage":"fr-FR","potentialAction":[{"@type":"ReadAction","target":["https:\/\/gezonde-darmflora.nl\/fr\/problemes-intestinaux\/"]}]},{"@type":"BreadcrumbList","@id":"https:\/\/gezonde-darmflora.nl\/fr\/problemes-intestinaux\/#breadcrumb","itemListElement":[{"@type":"ListItem","position":1,"name":"Home","item":"https:\/\/gezonde-darmflora.nl\/fr\/"},{"@type":"ListItem","position":2,"name":"Probl\u00e8mes intestinaux"}]},{"@type":"WebSite","@id":"https:\/\/gezonde-darmflora.nl\/fr\/#website","url":"https:\/\/gezonde-darmflora.nl\/fr\/","name":"Gezonde Darmflora","description":"Een gezonde &amp; natuurlijke darmflora","potentialAction":[{"@type":"SearchAction","target":{"@type":"EntryPoint","urlTemplate":"https:\/\/gezonde-darmflora.nl\/fr\/?s={search_term_string}"},"query-input":{"@type":"PropertyValueSpecification","valueRequired":true,"valueName":"search_term_string"}}],"inLanguage":"fr-FR"}]}},"_links":{"self":[{"href":"https:\/\/gezonde-darmflora.nl\/fr\/wp-json\/wp\/v2\/pages\/15249","targetHints":{"allow":["GET"]}}],"collection":[{"href":"https:\/\/gezonde-darmflora.nl\/fr\/wp-json\/wp\/v2\/pages"}],"about":[{"href":"https:\/\/gezonde-darmflora.nl\/fr\/wp-json\/wp\/v2\/types\/page"}],"author":[{"embeddable":true,"href":"https:\/\/gezonde-darmflora.nl\/fr\/wp-json\/wp\/v2\/users\/4"}],"replies":[{"embeddable":true,"href":"https:\/\/gezonde-darmflora.nl\/fr\/wp-json\/wp\/v2\/comments?post=15249"}],"version-history":[{"count":8,"href":"https:\/\/gezonde-darmflora.nl\/fr\/wp-json\/wp\/v2\/pages\/15249\/revisions"}],"predecessor-version":[{"id":15296,"href":"https:\/\/gezonde-darmflora.nl\/fr\/wp-json\/wp\/v2\/pages\/15249\/revisions\/15296"}],"wp:attachment":[{"href":"https:\/\/gezonde-darmflora.nl\/fr\/wp-json\/wp\/v2\/media?parent=15249"}],"curies":[{"name":"wp","href":"https:\/\/api.w.org\/{rel}","templated":true}]}}