{"id":15128,"date":"2020-06-18T15:19:11","date_gmt":"2020-06-18T13:19:11","guid":{"rendered":"https:\/\/gezonde-darmflora.nl\/questions-frequemment-posees\/"},"modified":"2025-01-27T16:18:06","modified_gmt":"2025-01-27T15:18:06","slug":"questions-frequemment-posees","status":"publish","type":"page","link":"https:\/\/gezonde-darmflora.nl\/fr\/questions-frequemment-posees\/","title":{"rendered":"Questions fr\u00e9quemment pos\u00e9es"},"content":{"rendered":"<div class=\"wpb-content-wrapper\"><p>[vc_row full_width=\u00a0\u00bbstretch_row_content_no_spaces\u00a0\u00bb][vc_column]\r\n    <div class=\"page-title\">\r\n        <div class=\"container\">\r\n            <div class=\"row\">\r\n                <div class=\"col\">\r\n                    <h1>Questions et r\u00e9ponses<\/h1>\r\n                <\/div>\r\n            <\/div>\r\n        <\/div>\r\n    <\/div>\r\n\r\n    [\/vc_column][\/vc_row][vc_row][vc_column][vc_column_text]Votre question ne figure pas dans cette liste ? Posez-la via le <a href=\"https:\/\/gezonde-darmflora.nl\/fr\/contact\/\">formulaire de contact<\/a> et nous ajouterons la question et la r\u00e9ponse ou vous recevrez une r\u00e9ponse personnelle.[\/vc_column_text][\/vc_column][\/vc_row][vc_section][vc_row][vc_column][vc_column_text]<\/p>\n<h3 style=\"text-align: center;\">Produit<\/h3>\n<p>[\/vc_column_text][vc_tta_accordion][vc_tta_section title=\u00a0\u00bbFaut-il rechercher des bact\u00e9ries dans mes selles avant la transplantation ?\u00a0\u00bb tab_id=\u00a0\u00bb1595921155635-e38b0080-8721&Prime;][vc_column_text]Non, ce n&rsquo;est pas n\u00e9cessaire. Vous voulez savoir ce que la transplantation vous a fait subir ? Vous pouvez alors choisir d&rsquo;acheter un <a href=\"https:\/\/gezonde-darmflora.nl\/product\/df-testpakket-a\/\">kit de test de la flore intestinale<\/a>.[\/vc_column_text][\/vc_tta_section][vc_tta_section title=\u00a0\u00bbUne greffe peut-elle contribuer \u00e0 r\u00e9soudre mes probl\u00e8mes ?\u00a0\u00bb tab_id=\u00a0\u00bb1629115657893-21c4dedb-b452&Prime;][vc_column_text]V\u00e9rifiez si vos probl\u00e8mes peuvent \u00eatre dus \u00e0 un d\u00e9r\u00e8glement de la flore intestinale. S&rsquo;il existe un lien entre les deux, une greffe peut vous aider.[\/vc_column_text][\/vc_tta_section][vc_tta_section title=\u00a0\u00bb\u00cates-vous toujours soulag\u00e9 de la maladie de Crohn et devez-vous continuer \u00e0 prendre ces g\u00e9lules ?\u00a0\u00bb tab_id=\u00a0\u00bb1595921260885-1e0cb556-6724&Prime;][vc_column_text]Je ne consomme plus de drogues depuis fin 2014. Je n&rsquo;ai pas vu de m\u00e9decin MDL ou de m\u00e9decin dans les ann\u00e9es qui ont suivi, et je me r\u00e9jouis \u00e9galement de ne pas avoir \u00e0 payer de ticket mod\u00e9rateur pour l&rsquo;assurance maladie. J&rsquo;ai pris une autre portion de capsules de caca de mon premier donneur apr\u00e8s un an ensemble avec mon premier groupe de test. Si je commence \u00e0 remarquer que je me sens \u00e0 nouveau moins en forme ou que j&rsquo;ai \u00e0 nouveau des probl\u00e8mes d&rsquo;estomac et de selles, je prendrai \u00e0 nouveau une nouvelle portion aupr\u00e8s d&rsquo;un nouveau donneur (diff\u00e9rent).[\/vc_column_text][\/vc_tta_section][vc_tta_section title=\u00a0\u00bbPeut-on \u00e0 nouveau manger quelque chose apr\u00e8s une transplantation de caca ?\u00a0\u00bb tab_id=\u00a0\u00bb1595921323627-0745fdb9-446d\u00a0\u00bb][vc_column_text]Mon cousin, atteint de diab\u00e8te 2, attendait avec impatience le Big Mac qu&rsquo;il allait manger apr\u00e8s le repas pendant toute la matin\u00e9e&#8230;. Par exemple, si vous faites de l&rsquo;exercice de mani\u00e8re tr\u00e8s intensive, vous devez \u00e9galement bien vous reposer, bien manger et boire suffisamment d&rsquo;eau, sinon une grande partie du travail effectu\u00e9 n&rsquo;aura servi \u00e0 rien. Il en va de m\u00eame pour les bact\u00e9ries intestinales. Il faut continuer \u00e0 bien les nourrir. Si vous mangez sainement, vous pouvez en effet manger n&rsquo;importe quoi. Si vous mangez mal, prenez rendez-vous avec un nutritionniste. Si vous souffrez d&rsquo;une allergie alimentaire, faites tr\u00e8s attention aux aliments que vous consommez ! Faites d&rsquo;abord un test d&rsquo;intol\u00e9rance alimentaire par pr\u00e9caution.[\/vc_column_text][\/vc_tta_section][vc_tta_section title=\u00a0\u00bbPuis-je arr\u00eater d&apos;autres m\u00e9dicaments tout de suite ?\u00a0\u00bb tab_id=\u00a0\u00bb1595921571530-ad663b16-0066&Prime;][vc_column_text]Je ne suis pas m\u00e9decin et ne peux donc pas vous conseiller. Mon raisonnement \u00e9tait le suivant : mon corps est maintenant trait\u00e9 pour une mauvaise flore intestinale. Je prends maintenant une flore intestinale saine. Dois-je la laisser lutter contre ma mauvaise flore intestinale ou lutter contre ma mauvaise flore intestinale et les m\u00e9dicaments ?[\/vc_column_text][\/vc_tta_section][vc_tta_section title=\u00a0\u00bbPourquoi ne puis-je pas obtenir une consultation ?\u00a0\u00bb tab_id=\u00a0\u00bb1596458140402-84014fa1-3b70&Prime;][vc_column_text]Nous ne sommes pas autoris\u00e9s \u00e0 donner des conseils. Les transplantations de caca \u00e9tant encore un sujet sensible dans la communaut\u00e9 m\u00e9dicale, la responsabilit\u00e9 vous incombe enti\u00e8rement et vous devez faire vos propres recherches.[\/vc_column_text][\/vc_tta_section][vc_tta_section title=\u00a0\u00bbPuis-je soumettre les frais \u00e0 ma caisse d&apos;assurance maladie ?\u00a0\u00bb tab_id=\u00a0\u00bb1596458225344-f2f410dc-db28&Prime;][vc_column_text]Non, vous ne pouvez pas. Le caca n&rsquo;est pas un m\u00e9dicament.[\/vc_column_text][\/vc_tta_section][\/vc_tta_accordion][\/vc_column][\/vc_row][\/vc_section][vc_section full_width=\u00a0\u00bbstretch_row\u00a0\u00bb el_class=\u00a0\u00bbbg-green\u00a0\u00bb][vc_row][vc_column][vc_column_text]<\/p>\n<h3 style=\"text-align: center;\">Donateur<\/h3>\n<p>[\/vc_column_text][vc_tta_accordion][vc_tta_section title=\u00a0\u00bbComment puis-je savoir que le processus (c&apos;est-\u00e0-dire la recherche sur le donneur) \u00e9tait s\u00fbr et que les bonnes bact\u00e9ries ont \u00e9t\u00e9 contr\u00f4l\u00e9es ? Si fiable. \u00a0\u00bb tab_id=\u00a0\u00bb1595921802135-d6c57383-981d\u00a0\u00bb][vc_column_text]Nous effectuons des tests conform\u00e9ment aux exigences de la banque NDFB. Mais un peu plus fr\u00e9quemment, de mani\u00e8re plus approfondie et plus rigoureuse. Les r\u00e9sultats sont discut\u00e9s avec notre m\u00e9decin. Si le test (ou le questionnaire pr\u00e9alable) pr\u00e9sente une anomalie, le donneur n&rsquo;est PAS utilis\u00e9. Les donneurs auxquels nous faisons appel ont r\u00e9ussi le test et sont soumis \u00e0 un nouveau test de d\u00e9pistage des mati\u00e8res f\u00e9cales tous les mois, ou plus t\u00f4t en cas de doute. Le sang est test\u00e9 tous les deux mois, ou plus t\u00f4t en cas de doute. Vous trouverez des informations sur ce que nous testons dans la rubrique \u00ab\u00a0Test de la flore intestinale sur donneur\u00a0\u00bb sur la page du <a href=\"https:\/\/gezonde-darmflora.nl\/darmflora-testen\/\">test de la flore intestinale<\/a>.[\/vc_column_text][\/vc_tta_section][vc_tta_section title=\u00a0\u00bbComment savoir quel est le type de flore intestinale de vos donneurs ?\u00a0\u00bb tab_id=\u00a0\u00bb1595921802315-aa1a452e-115d\u00a0\u00bb][vc_column_text css=\u00a0\u00bb\u00a0\u00bb]Il est facile de le v\u00e9rifier \u00e0 l&rsquo;aide d&rsquo;un rapport sur le microbiome. Vous pouvez le demander en ligne et le test co\u00fbte environ 185 euros.[\/vc_column_text][\/vc_tta_section][vc_tta_section title=\u00a0\u00bbMon fils ou ma fille ne peut-il pas devenir donneur ?\u00a0\u00bb tab_id=\u00a0\u00bb1595921802367-c1a9d294-5897&Prime;][vc_column_text]Si, dans la famille du donneur, il y a des maladies li\u00e9es \u00e0 l&rsquo;intestin, le donneur est d\u00e9j\u00e0 exclu. Nous sommes toujours \u00e0 la recherche de donneurs. Lisez le blog <a href=\"https:\/\/gezonde-darmflora.nl\/fr\/le-donneur-ideal\/\">\u00ab\u00a0le donneur id\u00e9al\u00a0\u00bb<\/a> et la page sur les <a href=\"https:\/\/gezonde-darmflora.nl\/darmflora-testen\/\">tests de la flore intestinale<\/a> pour plus d&rsquo;informations.[\/vc_column_text][\/vc_tta_section][vc_tta_section title=\u00a0\u00bbPuis-je tester moi-m\u00eame un donneur et me faire fabriquer des pilules \u00e0 partir de cette personne ?\u00a0\u00bb tab_id=\u00a0\u00bb1595921802418-b8eb7207-3c87&Prime;][vc_column_text]Notre co\u00fbt pour tester un donneur est d&rsquo;environ 1 500 euros. Malheureusement, dans la plupart des cas, un m\u00e9decin g\u00e9n\u00e9raliste refuse un test de sant\u00e9. Si vous en obtenez un, vous perdez votre propre assurance maladie. Si vous ajoutez \u00e0 cela les co\u00fbts suppl\u00e9mentaires de production et de mat\u00e9riel, vous d\u00e9passez de loin le montant que nous demandons. D&rsquo;un autre c\u00f4t\u00e9, nous comprenons qu&rsquo;un donateur de confiance peut aussi \u00eatre agr\u00e9able et peut-\u00eatre que votre donateur (s&rsquo;il vit dans la r\u00e9gion de Bulb et a entre 18 et 30 ans) peut se joindre \u00e0 nous. N&rsquo;h\u00e9sitez <a href=\"https:\/\/gezonde-darmflora.nl\/fr\/contact\/\">pas \u00e0 nous envoyer un courriel<\/a> pour conna\u00eetre les possibilit\u00e9s.[\/vc_column_text][\/vc_tta_section][vc_tta_section title=\u00a0\u00bbMa plus grande crainte est la transmission de maladies par le biais de la transplantation. Savez-vous si un donneur est \u00e9galement test\u00e9 pour le VIH et d&apos;autres maladies ? \u00a0\u00bb tab_id=\u00a0\u00bb1595922171069-25ca0aec-0001&Prime;][vc_column_text]Bien s\u00fbr ! Tout ce que nous testons chez les donneurs se trouve sous la rubrique \u00ab\u00a0test intestinal donneur\u00a0\u00bb, sur la page du <a href=\"https:\/\/gezonde-darmflora.nl\/darmflora-testen\/\">test intestinal<\/a>. Nous utilisons ce questionnaire et les tests correspondants. L&rsquo;\u00e9nergie d&rsquo;un donneur est tr\u00e8s importante pour nous, et nous examinons \u00e9galement la discipline, la stabilit\u00e9, l&rsquo;environnement, le m\u00e9tabolisme. N&rsquo;oubliez pas que le fondateur a lui-m\u00eame b\u00e9n\u00e9fici\u00e9 d&rsquo;une transplantation de caca. Et qu&rsquo;il a lui-m\u00eame un int\u00e9r\u00eat \u00e0 trouver un bon donneur, si n\u00e9cessaire.[\/vc_column_text][\/vc_tta_section][vc_tta_section title=\u00a0\u00bbMon mari ne peut-il pas devenir donneur ?\u00a0\u00bb tab_id=\u00a0\u00bb1596457997121-250563e8-296a\u00a0\u00bb][vc_column_text]Cela est possible s&rsquo;il n&rsquo;y a pas de maladies intestinales dans sa famille. Si votre mari a plus de 30 ans, les risques de parasites et autres augmentent. <a href=\"https:\/\/gezonde-darmflora.nl\/fr\/contact\/\">Envoyez-nous un courriel<\/a> pour conna\u00eetre les options possibles.[\/vc_column_text][\/vc_tta_section][vc_tta_section title=\u00a0\u00bbJe souhaite remercier personnellement le donateur, est-ce possible ?\u00a0\u00bb tab_id=\u00a0\u00bb1615816756816-fd57e302-81cd\u00a0\u00bb][vc_column_text]Les donateurs restent anonymes. Bien entendu, les donateurs sont tr\u00e8s impliqu\u00e9s et lisent les commentaires correspondants. <a href=\"https:\/\/gezonde-darmflora.nl\/fr\/contact\/\">Envoyez-nous par e-mail<\/a> le formulaire dans lequel vous souhaitez remercier le donateur et nous veillerons \u00e0 ce qu&rsquo;il parvienne au bon donateur.[\/vc_column_text][\/vc_tta_section][\/vc_tta_accordion][\/vc_column][\/vc_row][\/vc_section][vc_section][vc_row][vc_column][vc_column_text]<\/p>\n<h3 style=\"text-align: center;\">Commandes<\/h3>\n<p>[\/vc_column_text][vc_tta_accordion][vc_tta_section title=\u00a0\u00bbComment puis-je commander ?\u00a0\u00bb tab_id=\u00a0\u00bb1595921021492-3bff8223-db6f\u00a0\u00bb][vc_column_text]Vous ne pouvez commander qu&rsquo;en ligne dans notre <a href=\"https:\/\/gezonde-darmflora.nl\/fr\/boutique-2\/\">magasin<\/a>. Sous la rubrique service client\u00e8le\/commande<a href=\"https:\/\/gezonde-darmflora.nl\/fr\/commande-et-paiement\/\">et paiement<\/a>, vous trouverez la proc\u00e9dure \u00e0 suivre.[\/vc_column_text][\/vc_tta_section][vc_tta_section title=\u00a0\u00bbComment puis-je payer ma commande ?\u00a0\u00bb tab_id=\u00a0\u00bb1595921021531-43c5ac71-caae\u00a0\u00bb][vc_column_text]Notre syst\u00e8me de paiement vous permet de payer par les canaux habituels. Sous la rubrique service client\u00e8le\/commande<a href=\"https:\/\/gezonde-darmflora.nl\/fr\/commande-et-paiement\/\">et paiement<\/a>, vous trouverez la proc\u00e9dure \u00e0 suivre.[\/vc_column_text][\/vc_tta_section][vc_tta_section title=\u00a0\u00bbJe souhaite commander une bo\u00eete extra-large, o\u00f9 puis-je le pr\u00e9ciser ?\u00a0\u00bb tab_id=\u00a0\u00bb1623144409192-dfe7ad53-c7ea\u00a0\u00bb][vc_column_text]Nous exp\u00e9dions dans des bo\u00eetes standard le lundi. Si vous souhaitez l&#8217;emporter plus tard que le jeudi, veuillez commander et ajouter vous-m\u00eame de la glace carbonique. Si vous avez une demande sp\u00e9ciale, envoyez-nous un e-mail.[\/vc_column_text][\/vc_tta_section][vc_tta_section title=\u00a0\u00bbJ&apos;ai chang\u00e9 d&apos;avis et je souhaite annuler la commande, puis-je le faire ?\u00a0\u00bb tab_id=\u00a0\u00bb1596458301367-a219d866-4e1f\u00a0\u00bb][vc_column_text]Vous pouvez le faire jusqu&rsquo;\u00e0 24 heures \u00e0 l&rsquo;avance. Jusqu&rsquo;au dimanche 16.59, vous pouvez vous connecter \u00e0 notre syst\u00e8me et annuler votre commande, le montant de la commande sera automatiquement rembours\u00e9.[\/vc_column_text][\/vc_tta_section][\/vc_tta_accordion][\/vc_column][\/vc_row][\/vc_section][vc_section full_width=\u00a0\u00bbstretch_row\u00a0\u00bb el_class=\u00a0\u00bbbg-green\u00a0\u00bb][vc_row][vc_column][vc_column_text]<\/p>\n<h3 style=\"text-align: center;\">Livraison<\/h3>\n<p>[\/vc_column_text][vc_tta_accordion][vc_tta_section title=\u00a0\u00bbPourquoi ne puis-je pas b\u00e9n\u00e9ficier d&apos;une livraison le week-end ?\u00a0\u00bb tab_id=\u00a0\u00bb1595921940430-615e3c4c-c4eb\u00a0\u00bb][vc_column_text]Nous n&rsquo;exp\u00e9dions que le lundi avec un service de livraison avant midi. Malheureusement, il y a toujours des retards. Pour les Pays-Bas, nous disposons d&rsquo;une bo\u00eete de glace s\u00e8che de 8,5 kilos. En principe, c&rsquo;est assez de glace s\u00e8che pour couvrir le produit jusqu&rsquo;\u00e0 jeudi.<\/p>\n<p>[\/vc_column_text][\/vc_tta_section][vc_tta_section title=\u00a0\u00bbEn raison d&apos;un cas de force majeure, je ne suis pas chez moi le jour de la livraison de mon produit. Puis-je reporter la date de livraison ? \u00a0\u00bb tab_id=\u00a0\u00bb1596458259218-0943e7cf-fbe0&Prime;][vc_column_text]Vous pouvez le faire jusqu&rsquo;\u00e0 24 heures \u00e0 l&rsquo;avance. Jusqu&rsquo;au dimanche 16h59, vous pouvez vous connecter \u00e0 notre syst\u00e8me et modifier la date de livraison.[\/vc_column_text][\/vc_tta_section][vc_tta_section title=\u00a0\u00bbJe n&apos;habite pas aux Pays-Bas. Puis-je \u00e9galement me faire livrer \u00e0 l&apos;\u00e9tranger ? \u00a0\u00bb tab_id=\u00a0\u00bb1615816166769-07b0b0ad-05bf\u00a0\u00bb][vc_column_text css=\u00a0\u00bb\u00a0\u00bb]Nous livrons \u00e0 l&rsquo;int\u00e9rieur et \u00e0 l&rsquo;ext\u00e9rieur de l&rsquo;UE. M\u00eame dans des pays comme l&rsquo;Angleterre ou l&rsquo;Am\u00e9rique ![\/vc_column_text][\/vc_tta_section][\/vc_tta_accordion][\/vc_column][\/vc_row][\/vc_section][vc_section full_width=\u00a0\u00bbstretch_row\u00a0\u00bb][vc_row][vc_column][vc_column_text]<\/p>\n<h3 style=\"text-align: center;\">Retour<\/h3>\n<p>[\/vc_column_text][vc_tta_accordion][vc_tta_section title=\u00a0\u00bbPourquoi ne puis-je pas retourner un produit ?\u00a0\u00bb tab_id=\u00a0\u00bb1593695258254-fecb5ba2-0d01&Prime;][vc_column_text]Apr\u00e8s d\u00e9cong\u00e9lation des capsules, il n&rsquo;est plus possible de les congeler \u00e0 nouveau. Pour les produits dont l&rsquo;hygi\u00e8ne est importante, ces produits ne peuvent pas \u00eatre renvoy\u00e9s pour des raisons de protection de la sant\u00e9 si le sceau a \u00e9t\u00e9 bris\u00e9 apr\u00e8s la livraison.[\/vc_column_text][\/vc_tta_section][\/vc_tta_accordion][\/vc_column][\/vc_row][\/vc_section][vc_row][vc_column]<div class=\"eye_empty_space pt-md-5 pb-md-5   pt-4 pb-4\"><\/div>[vc_column_text]<\/p>\n<h3 style=\"text-align: center;\">Vous n&rsquo;avez pas trouv\u00e9 ce que vous cherchiez ?<\/h3>\n<p style=\"text-align: center;\"><a class=\"btn btn-link\" href=\"https:\/\/gezonde-darmflora.nl\/fr\/contact\/\">Contactez nous<\/a><\/p>\n<p>[\/vc_column_text][\/vc_column][\/vc_row]<\/p>\n<\/div>","protected":false},"excerpt":{"rendered":"<p>[vc_row full_width=\u00a0\u00bbstretch_row_content_no_spaces\u00a0\u00bb][vc_column][\/vc_column][\/vc_row][vc_row][vc_column][vc_column_text]Votre question ne figure pas dans cette liste ? Posez-la via le formulaire de contact et nous ajouterons la question et la r\u00e9ponse ou vous recevrez une r\u00e9ponse personnelle.[\/vc_column_text][\/vc_column][\/vc_row][vc_section][vc_row][vc_column][vc_column_text] Produit [\/vc_column_text][vc_tta_accordion][vc_tta_section title=\u00a0\u00bbFaut-il rechercher des bact\u00e9ries dans mes selles avant la transplantation ?\u00a0\u00bb tab_id=\u00a0\u00bb1595921155635-e38b0080-8721&Prime;][vc_column_text]Non, ce n&rsquo;est pas n\u00e9cessaire. Vous voulez savoir ce que la transplantation\u2026 <a href=\"https:\/\/gezonde-darmflora.nl\/fr\/questions-frequemment-posees\/\">En savoir plus &raquo;<\/a><\/p>\n","protected":false},"author":1,"featured_media":0,"parent":0,"menu_order":0,"comment_status":"closed","ping_status":"closed","template":"","meta":{"_acf_changed":false,"footnotes":""},"class_list":["post-15128","page","type-page","status-publish","hentry"],"acf":[],"yoast_head":"<!-- This site is optimized with the Yoast SEO plugin v27.1.1 - https:\/\/yoast.com\/product\/yoast-seo-wordpress\/ -->\n<title>Questions fr\u00e9quemment pos\u00e9es &#8211; Gezonde Darmflora<\/title>\n<meta name=\"robots\" content=\"index, follow, max-snippet:-1, max-image-preview:large, max-video-preview:-1\" \/>\n<link rel=\"canonical\" href=\"https:\/\/gezonde-darmflora.nl\/fr\/questions-frequemment-posees\/\" \/>\n<meta property=\"og:locale\" content=\"fr_FR\" \/>\n<meta property=\"og:type\" content=\"article\" \/>\n<meta property=\"og:title\" content=\"Questions fr\u00e9quemment pos\u00e9es &#8211; Gezonde Darmflora\" \/>\n<meta property=\"og:description\" content=\"[vc_row full_width=\u00a0\u00bbstretch_row_content_no_spaces\u00a0\u00bb][vc_column][\/vc_column][\/vc_row][vc_row][vc_column][vc_column_text]Votre question ne figure pas dans cette liste ? Posez-la via le formulaire de contact et nous ajouterons la question et la r\u00e9ponse ou vous recevrez une r\u00e9ponse personnelle.[\/vc_column_text][\/vc_column][\/vc_row][vc_section][vc_row][vc_column][vc_column_text] Produit [\/vc_column_text][vc_tta_accordion][vc_tta_section title=\u00a0\u00bbFaut-il rechercher des bact\u00e9ries dans mes selles avant la transplantation ?\u00a0\u00bb tab_id=\u00a0\u00bb1595921155635-e38b0080-8721&Prime;][vc_column_text]Non, ce n&rsquo;est pas n\u00e9cessaire. Vous voulez savoir ce que la transplantation\u2026 En savoir plus &raquo;\" \/>\n<meta property=\"og:url\" content=\"https:\/\/gezonde-darmflora.nl\/fr\/questions-frequemment-posees\/\" \/>\n<meta property=\"og:site_name\" content=\"Gezonde Darmflora\" \/>\n<meta property=\"article:modified_time\" content=\"2025-01-27T15:18:06+00:00\" \/>\n<meta name=\"twitter:card\" content=\"summary_large_image\" \/>\n<meta name=\"twitter:label1\" content=\"Dur\u00e9e de lecture estim\u00e9e\" \/>\n\t<meta name=\"twitter:data1\" content=\"10 minutes\" \/>\n<script type=\"application\/ld+json\" class=\"yoast-schema-graph\">{\"@context\":\"https:\/\/schema.org\",\"@graph\":[{\"@type\":\"WebPage\",\"@id\":\"https:\/\/gezonde-darmflora.nl\/fr\/questions-frequemment-posees\/\",\"url\":\"https:\/\/gezonde-darmflora.nl\/fr\/questions-frequemment-posees\/\",\"name\":\"Questions fr\u00e9quemment pos\u00e9es &#8211; Gezonde Darmflora\",\"isPartOf\":{\"@id\":\"https:\/\/gezonde-darmflora.nl\/fr\/#website\"},\"datePublished\":\"2020-06-18T13:19:11+00:00\",\"dateModified\":\"2025-01-27T15:18:06+00:00\",\"breadcrumb\":{\"@id\":\"https:\/\/gezonde-darmflora.nl\/fr\/questions-frequemment-posees\/#breadcrumb\"},\"inLanguage\":\"fr-FR\",\"potentialAction\":[{\"@type\":\"ReadAction\",\"target\":[\"https:\/\/gezonde-darmflora.nl\/fr\/questions-frequemment-posees\/\"]}]},{\"@type\":\"BreadcrumbList\",\"@id\":\"https:\/\/gezonde-darmflora.nl\/fr\/questions-frequemment-posees\/#breadcrumb\",\"itemListElement\":[{\"@type\":\"ListItem\",\"position\":1,\"name\":\"Home\",\"item\":\"https:\/\/gezonde-darmflora.nl\/fr\/\"},{\"@type\":\"ListItem\",\"position\":2,\"name\":\"Questions fr\u00e9quemment pos\u00e9es\"}]},{\"@type\":\"WebSite\",\"@id\":\"https:\/\/gezonde-darmflora.nl\/fr\/#website\",\"url\":\"https:\/\/gezonde-darmflora.nl\/fr\/\",\"name\":\"Gezonde Darmflora\",\"description\":\"Een gezonde &amp; natuurlijke darmflora\",\"potentialAction\":[{\"@type\":\"SearchAction\",\"target\":{\"@type\":\"EntryPoint\",\"urlTemplate\":\"https:\/\/gezonde-darmflora.nl\/fr\/?s={search_term_string}\"},\"query-input\":{\"@type\":\"PropertyValueSpecification\",\"valueRequired\":true,\"valueName\":\"search_term_string\"}}],\"inLanguage\":\"fr-FR\"}]}<\/script>\n<!-- \/ Yoast SEO plugin. -->","yoast_head_json":{"title":"Questions fr\u00e9quemment pos\u00e9es &#8211; Gezonde Darmflora","robots":{"index":"index","follow":"follow","max-snippet":"max-snippet:-1","max-image-preview":"max-image-preview:large","max-video-preview":"max-video-preview:-1"},"canonical":"https:\/\/gezonde-darmflora.nl\/fr\/questions-frequemment-posees\/","og_locale":"fr_FR","og_type":"article","og_title":"Questions fr\u00e9quemment pos\u00e9es &#8211; Gezonde Darmflora","og_description":"[vc_row full_width=\u00a0\u00bbstretch_row_content_no_spaces\u00a0\u00bb][vc_column][\/vc_column][\/vc_row][vc_row][vc_column][vc_column_text]Votre question ne figure pas dans cette liste ? Posez-la via le formulaire de contact et nous ajouterons la question et la r\u00e9ponse ou vous recevrez une r\u00e9ponse personnelle.[\/vc_column_text][\/vc_column][\/vc_row][vc_section][vc_row][vc_column][vc_column_text] Produit [\/vc_column_text][vc_tta_accordion][vc_tta_section title=\u00a0\u00bbFaut-il rechercher des bact\u00e9ries dans mes selles avant la transplantation ?\u00a0\u00bb tab_id=\u00a0\u00bb1595921155635-e38b0080-8721&Prime;][vc_column_text]Non, ce n&rsquo;est pas n\u00e9cessaire. Vous voulez savoir ce que la transplantation\u2026 En savoir plus &raquo;","og_url":"https:\/\/gezonde-darmflora.nl\/fr\/questions-frequemment-posees\/","og_site_name":"Gezonde Darmflora","article_modified_time":"2025-01-27T15:18:06+00:00","twitter_card":"summary_large_image","twitter_misc":{"Dur\u00e9e de lecture estim\u00e9e":"10 minutes"},"schema":{"@context":"https:\/\/schema.org","@graph":[{"@type":"WebPage","@id":"https:\/\/gezonde-darmflora.nl\/fr\/questions-frequemment-posees\/","url":"https:\/\/gezonde-darmflora.nl\/fr\/questions-frequemment-posees\/","name":"Questions fr\u00e9quemment pos\u00e9es &#8211; Gezonde Darmflora","isPartOf":{"@id":"https:\/\/gezonde-darmflora.nl\/fr\/#website"},"datePublished":"2020-06-18T13:19:11+00:00","dateModified":"2025-01-27T15:18:06+00:00","breadcrumb":{"@id":"https:\/\/gezonde-darmflora.nl\/fr\/questions-frequemment-posees\/#breadcrumb"},"inLanguage":"fr-FR","potentialAction":[{"@type":"ReadAction","target":["https:\/\/gezonde-darmflora.nl\/fr\/questions-frequemment-posees\/"]}]},{"@type":"BreadcrumbList","@id":"https:\/\/gezonde-darmflora.nl\/fr\/questions-frequemment-posees\/#breadcrumb","itemListElement":[{"@type":"ListItem","position":1,"name":"Home","item":"https:\/\/gezonde-darmflora.nl\/fr\/"},{"@type":"ListItem","position":2,"name":"Questions fr\u00e9quemment pos\u00e9es"}]},{"@type":"WebSite","@id":"https:\/\/gezonde-darmflora.nl\/fr\/#website","url":"https:\/\/gezonde-darmflora.nl\/fr\/","name":"Gezonde Darmflora","description":"Een gezonde &amp; natuurlijke darmflora","potentialAction":[{"@type":"SearchAction","target":{"@type":"EntryPoint","urlTemplate":"https:\/\/gezonde-darmflora.nl\/fr\/?s={search_term_string}"},"query-input":{"@type":"PropertyValueSpecification","valueRequired":true,"valueName":"search_term_string"}}],"inLanguage":"fr-FR"}]}},"_links":{"self":[{"href":"https:\/\/gezonde-darmflora.nl\/fr\/wp-json\/wp\/v2\/pages\/15128","targetHints":{"allow":["GET"]}}],"collection":[{"href":"https:\/\/gezonde-darmflora.nl\/fr\/wp-json\/wp\/v2\/pages"}],"about":[{"href":"https:\/\/gezonde-darmflora.nl\/fr\/wp-json\/wp\/v2\/types\/page"}],"author":[{"embeddable":true,"href":"https:\/\/gezonde-darmflora.nl\/fr\/wp-json\/wp\/v2\/users\/1"}],"replies":[{"embeddable":true,"href":"https:\/\/gezonde-darmflora.nl\/fr\/wp-json\/wp\/v2\/comments?post=15128"}],"version-history":[{"count":2,"href":"https:\/\/gezonde-darmflora.nl\/fr\/wp-json\/wp\/v2\/pages\/15128\/revisions"}],"predecessor-version":[{"id":15140,"href":"https:\/\/gezonde-darmflora.nl\/fr\/wp-json\/wp\/v2\/pages\/15128\/revisions\/15140"}],"wp:attachment":[{"href":"https:\/\/gezonde-darmflora.nl\/fr\/wp-json\/wp\/v2\/media?parent=15128"}],"curies":[{"name":"wp","href":"https:\/\/api.w.org\/{rel}","templated":true}]}}