{"id":15104,"date":"2020-06-18T15:18:48","date_gmt":"2020-06-18T13:18:48","guid":{"rendered":"https:\/\/gezonde-darmflora.nl\/a-propos-de-nous\/"},"modified":"2025-01-27T16:18:05","modified_gmt":"2025-01-27T15:18:05","slug":"a-propos-de-nous","status":"publish","type":"page","link":"https:\/\/gezonde-darmflora.nl\/fr\/a-propos-de-nous\/","title":{"rendered":"A propos de nous"},"content":{"rendered":"<div class=\"wpb-content-wrapper\"><p>[vc_row full_width=\u00a0\u00bbstretch_row_content_no_spaces\u00a0\u00bb][vc_column]\r\n    <div class=\"page-title\">\r\n        <div class=\"container\">\r\n            <div class=\"row\">\r\n                <div class=\"col\">\r\n                    <h1>\u00c0 propos de Gezonde-Darmflora.nl<\/h1>\r\n                <\/div>\r\n            <\/div>\r\n        <\/div>\r\n    <\/div>\r\n\r\n    [\/vc_column][\/vc_row][vc_row equal_height=\u00a0\u00bbyes\u00a0\u00bb][vc_column width=\u00a0\u00bb1\/4&Prime; el_class=\u00a0\u00bbd-flex align-items-center\u00a0\u00bb]\r\n    <div class=\"blob-image-wrap\">\r\n        <img decoding=\"async\" src=\"https:\/\/gezonde-darmflora.nl\/wp-content\/uploads\/2020\/06\/marco-kleijn-746x1024.jpg\">\r\n    <\/div>\r\n    <p class=\"blob-image__caption\"><\/p>\r\n\r\n    [\/vc_column][vc_column width=\u00a0\u00bb3\/4&Prime;][vc_column_text]Gezonde-Darmflora.nl a \u00e9t\u00e9 fond\u00e9 par Marco Kleijn. Un expert par exp\u00e9rience dans le domaine de la transplantation de caca en capsule. Il a lui-m\u00eame contract\u00e9 la <strong>maladie de Crohn<\/strong> dans sa dix-neuvi\u00e8me ann\u00e9e, juste avant ses d\u00e9buts dans le football professionnel en 1993. Il a suppli\u00e9 son m\u00e9decin de lui retirer le morceau d&rsquo;intestin malade (ce qui n&rsquo;a pas \u00e9t\u00e9 fait) et a \u00e9t\u00e9 le premier \u00e0 demander tous les nouveaux m\u00e9dicaments \u00ab\u00a0potentiels\u00a0\u00bb pour sa maladie (ce qui n&rsquo;a pas aid\u00e9). Tout cela pour atteindre son objectif : devenir footballeur professionnel. Mais la maladie a fini par s&rsquo;attaquer \u00e0 son r\u00eave. En continuant \u00e0 faire de l&rsquo;exercice et en adaptant son r\u00e9gime alimentaire, il a r\u00e9ussi \u00e0 ma\u00eetriser la maladie. Mais l&rsquo;id\u00e9e de devoir prendre des m\u00e9dicaments pour le reste de sa vie ne lui plaisait pas du tout. Apr\u00e8s avoir d\u00e9couvert, recherch\u00e9 et r\u00e9alis\u00e9 de mani\u00e8re ind\u00e9pendante le ph\u00e9nom\u00e8ne de la <a href=\"https:\/\/gezonde-darmflora.nl\/fr\/la-theorie-fmt\/\"><strong>transplantation de caca<\/strong><\/a>il a imm\u00e9diatement ressenti un regain d&rsquo;\u00e9nergie dans son corps d\u00e8s le lendemain. Son m\u00e9decin MDL, qui, avec son \u00e9quipe, \u00e9tait tr\u00e8s enthousiaste \u00e0 l&rsquo;id\u00e9e de cette transplantation, l&rsquo;a radi\u00e9 de son syst\u00e8me au bout d&rsquo;un mois (en 2015). Toute inflammation avait disparu de son corps. \u00c0 ce jour, il n&rsquo;a plus jamais entendu parler de son m\u00e9decin MDL. Marco n&rsquo;a pas \u00e9t\u00e9 soutenu par les agences officielles car il avait agi sans m\u00e9decin. Savoir que vingt-huit ans plus tard, un nouveau patient atteint de la maladie de Crohn doit encore passer par la m\u00eame moulinette m\u00e9dicale est un coup de pied dans la fourmili\u00e8re pour Marco. S&rsquo;il avait b\u00e9n\u00e9fici\u00e9 d&rsquo;une greffe de caca \u00e0 l&rsquo;\u00e9poque, il aurait eu une bonne chance de d\u00e9velopper sa carri\u00e8re. Avec une solution naturelle aussi simple \u00e0 port\u00e9e de main, qui sait combien de vies sont aujourd&rsquo;hui inutilement boulevers\u00e9es par cette maladie ?[\/vc_column_text][\/vc_column][\/vc_row][vc_row][vc_column]<div class=\"eye_empty_space pt-md-4 pb-md-4   pt-3 pb-3\"><\/div>[vc_column_text]Marco a con\u00e7u lui-m\u00eame la m\u00e9thode des capsules en 2014. Il a eu l&rsquo;avantage de pouvoir s&rsquo;adresser \u00e0 un ami pharmacien pour obtenir du mat\u00e9riel, de l&rsquo;aide et des conseils. Il a administr\u00e9 un traitement gratuit \u00e0 un groupe test volontaire, dont <strong>75 %<\/strong> ont obtenu un <strong>r\u00e9sultat positif<\/strong>. Apr\u00e8s avoir obtenu les m\u00eames r\u00e9sultats dans le groupe suivant, Marco s&rsquo;est mis \u00e0 la recherche de plusieurs donneurs. Il pense que si un type de flore intestinale \u00e9choue, il y a encore une chance avec un traitement d&rsquo;un autre type de flore intestinale. Cette th\u00e9orie s&rsquo;est av\u00e9r\u00e9e fond\u00e9e chez la premi\u00e8re personne qui l&rsquo;a test\u00e9e. Gr\u00e2ce au soutien financier d&rsquo;un ami, il a pu commencer \u00e0 rechercher des donneurs multiples. Entre-temps, il s&rsquo;est entour\u00e9 d&rsquo;une \u00e9quipe compos\u00e9e d&rsquo;un m\u00e9decin g\u00e9n\u00e9raliste, d&rsquo;un pharmacien, d&rsquo;un laboratoire sanguin, d&rsquo;un laboratoire f\u00e9cal, d&rsquo;un naturopathe et de jeunes donneurs sains. Marco n&rsquo;est pas un m\u00e9decin et ne remplacera jamais les professionnels de la sant\u00e9. Il ne donnera jamais de conseils m\u00e9dicaux et ne posera jamais de diagnostic m\u00e9dical.           <strong>Les contacts seront donc r\u00e9duits au minimum.<\/strong><\/p>\n<blockquote><p>Le ph\u00e9nom\u00e8ne s\u00e9culaire des \u00ab\u00a0greffes de caca\u00a0\u00bb n&rsquo;a pas encore \u00e9t\u00e9 \u00ab\u00a0cliniquement\u00a0\u00bb prouv\u00e9.<\/p><\/blockquote>\n<p>  Outre sa propre exp\u00e9rience positive, les r\u00e9sultats d&rsquo;un groupe de test volontaire et les commentaires de personnes ayant suivi le m\u00eame processus, Marco s&rsquo;est entretenu avec des m\u00e9decins, des techniciens de laboratoire, des th\u00e9rapeutes orthomol\u00e9culaires, des pharmaciens et un sp\u00e9cialiste de la respiration.[\/vc_column_text][\/vc_column][\/vc_row][vc_row][vc_column]<div class=\"eye_empty_space pt-md-4 pb-md-4   pt-3 pb-3\"><\/div>[vc_column_text]<\/p>\n<h2>Lisez nos derniers articles<\/h2>\n<p>[\/vc_column_text]\r\n    <div class=\"blog-carousel\">\r\n        \r\n            <div class=\"carousel-cell\">\r\n                <a href=\"https:\/\/gezonde-darmflora.nl\/fr\/prendre-poo-contre-les-maladies-la-flore-intestinale-affecte-lensemble-du-corps\/\">\r\n                    <div class=\"blog-card\" style=\"background-image: url('https:\/\/gezonde-darmflora.nl\/wp-content\/uploads\/2023\/08\/rtlnieuws-1024x604.png')\">\r\n                        <div class=\"blog-card-container\">\r\n                            <span>Blog<\/span>\r\n                            <h3>Prendre poo contre les maladies : \u00ab\u00a0La flore intestinale affecte l&rsquo;ensemble du corps\u00a0\u00bb.<\/h3>\r\n                        <\/div>\r\n                        <div class=\"blog-card__button svg-btn svg-btn-darkgreen\">\r\n                            <svg xmlns=\"http:\/\/www.w3.org\/2000\/svg\" width=\"50\" height=\"50\" viewBox=\"0 0 55 50\"><defs><\/defs><g id=\"Layer_2\" data-name=\"Layer 2\"><g id=\"Layer_1-2\" data-name=\"Layer 1\"><path width=\"100%\" height=\"100%\" class=\"anime\" d=\"M1.16,31.86C5.61,44.26,19.3,52,32.23,49.6C40.23,48.11,48.89,42.33,51.61,34.400000000000006C53.61,28.510000000000005,51.839999999999996,22.550000000000004,49.23,17.210000000000004C46.23,10.990000000000006,43.06999999999999,4.210000000000004,36.29,1.270000000000005C31,-1,24.8,0,19.64,2.49A45,45,0,0,0,10.57,8.66C8.39,10.5,5.430000000000001,12.280000000000001,3.6400000000000006,14.46C-0.3,19.28,-0.9,26.13,1.16,31.86Z\"\/><\/g><\/g><\/svg>\r\n                            <i class=\"far fa-long-arrow-alt-right\"><\/i>\r\n                        <\/div>\r\n                    <\/div>\r\n                <\/a>\r\n            <\/div>\r\n\r\n        \r\n            <div class=\"carousel-cell\">\r\n                <a href=\"https:\/\/gezonde-darmflora.nl\/fr\/parler-a-un-specialiste-des-voies-respiratoires\/\">\r\n                    <div class=\"blog-card\" style=\"background-image: url('https:\/\/gezonde-darmflora.nl\/wp-content\/uploads\/2020\/06\/ademhaling-1024x622.jpg')\">\r\n                        <div class=\"blog-card-container\">\r\n                            <span>Blog<\/span>\r\n                            <h3>Parler \u00e0 un sp\u00e9cialiste des voies respiratoires<\/h3>\r\n                        <\/div>\r\n                        <div class=\"blog-card__button svg-btn svg-btn-darkgreen\">\r\n                            <svg xmlns=\"http:\/\/www.w3.org\/2000\/svg\" width=\"50\" height=\"50\" viewBox=\"0 0 55 50\"><defs><\/defs><g id=\"Layer_2\" data-name=\"Layer 2\"><g id=\"Layer_1-2\" data-name=\"Layer 1\"><path width=\"100%\" height=\"100%\" class=\"anime\" d=\"M1.16,31.86C5.61,44.26,19.3,52,32.23,49.6C40.23,48.11,48.89,42.33,51.61,34.400000000000006C53.61,28.510000000000005,51.839999999999996,22.550000000000004,49.23,17.210000000000004C46.23,10.990000000000006,43.06999999999999,4.210000000000004,36.29,1.270000000000005C31,-1,24.8,0,19.64,2.49A45,45,0,0,0,10.57,8.66C8.39,10.5,5.430000000000001,12.280000000000001,3.6400000000000006,14.46C-0.3,19.28,-0.9,26.13,1.16,31.86Z\"\/><\/g><\/g><\/svg>\r\n                            <i class=\"far fa-long-arrow-alt-right\"><\/i>\r\n                        <\/div>\r\n                    <\/div>\r\n                <\/a>\r\n            <\/div>\r\n\r\n        \r\n            <div class=\"carousel-cell\">\r\n                <a href=\"https:\/\/gezonde-darmflora.nl\/fr\/le-donneur-ideal\/\">\r\n                    <div class=\"blog-card\" style=\"background-image: url('https:\/\/gezonde-darmflora.nl\/wp-content\/uploads\/2020\/06\/poepdonor.jpg')\">\r\n                        <div class=\"blog-card-container\">\r\n                            <span>Blog<\/span>\r\n                            <h3>Le donneur id\u00e9al<\/h3>\r\n                        <\/div>\r\n                        <div class=\"blog-card__button svg-btn svg-btn-darkgreen\">\r\n                            <svg xmlns=\"http:\/\/www.w3.org\/2000\/svg\" width=\"50\" height=\"50\" viewBox=\"0 0 55 50\"><defs><\/defs><g id=\"Layer_2\" data-name=\"Layer 2\"><g id=\"Layer_1-2\" data-name=\"Layer 1\"><path width=\"100%\" height=\"100%\" class=\"anime\" d=\"M1.16,31.86C5.61,44.26,19.3,52,32.23,49.6C40.23,48.11,48.89,42.33,51.61,34.400000000000006C53.61,28.510000000000005,51.839999999999996,22.550000000000004,49.23,17.210000000000004C46.23,10.990000000000006,43.06999999999999,4.210000000000004,36.29,1.270000000000005C31,-1,24.8,0,19.64,2.49A45,45,0,0,0,10.57,8.66C8.39,10.5,5.430000000000001,12.280000000000001,3.6400000000000006,14.46C-0.3,19.28,-0.9,26.13,1.16,31.86Z\"\/><\/g><\/g><\/svg>\r\n                            <i class=\"far fa-long-arrow-alt-right\"><\/i>\r\n                        <\/div>\r\n                    <\/div>\r\n                <\/a>\r\n            <\/div>\r\n\r\n            <\/div>\r\n\r\n    [\/vc_column][\/vc_row]<\/p>\n<\/div>","protected":false},"excerpt":{"rendered":"<p>[vc_row full_width=\u00a0\u00bbstretch_row_content_no_spaces\u00a0\u00bb][vc_column][\/vc_column][\/vc_row][vc_row equal_height=\u00a0\u00bbyes\u00a0\u00bb][vc_column width=\u00a0\u00bb1\/4&Prime; el_class=\u00a0\u00bbd-flex align-items-center\u00a0\u00bb][\/vc_column][vc_column width=\u00a0\u00bb3\/4&Prime;][vc_column_text]Gezonde-Darmflora.nl a \u00e9t\u00e9 fond\u00e9 par Marco Kleijn. Un expert par exp\u00e9rience dans le domaine de la transplantation de caca en capsule. Il a lui-m\u00eame contract\u00e9 la maladie de Crohn dans sa dix-neuvi\u00e8me ann\u00e9e, juste avant ses d\u00e9buts dans le football professionnel en 1993. Il a suppli\u00e9 son m\u00e9decin de\u2026 <a href=\"https:\/\/gezonde-darmflora.nl\/fr\/le-donneur-ideal\/\">En savoir plus &raquo;<\/a><\/p>\n","protected":false},"author":1,"featured_media":0,"parent":0,"menu_order":0,"comment_status":"closed","ping_status":"closed","template":"","meta":{"_acf_changed":false,"footnotes":""},"class_list":["post-15104","page","type-page","status-publish","hentry"],"acf":[],"yoast_head":"<!-- This site is optimized with the Yoast SEO plugin v27.1.1 - https:\/\/yoast.com\/product\/yoast-seo-wordpress\/ -->\n<title>A propos de nous &#8211; Gezonde Darmflora<\/title>\n<meta name=\"robots\" content=\"index, follow, max-snippet:-1, max-image-preview:large, max-video-preview:-1\" \/>\n<link rel=\"canonical\" href=\"https:\/\/gezonde-darmflora.nl\/fr\/a-propos-de-nous\/\" \/>\n<meta property=\"og:locale\" content=\"fr_FR\" \/>\n<meta property=\"og:type\" content=\"article\" \/>\n<meta property=\"og:title\" content=\"A propos de nous &#8211; Gezonde Darmflora\" \/>\n<meta property=\"og:description\" content=\"[vc_row full_width=\u00a0\u00bbstretch_row_content_no_spaces\u00a0\u00bb][vc_column][\/vc_column][\/vc_row][vc_row equal_height=\u00a0\u00bbyes\u00a0\u00bb][vc_column width=\u00a0\u00bb1\/4&Prime; el_class=\u00a0\u00bbd-flex align-items-center\u00a0\u00bb][\/vc_column][vc_column width=\u00a0\u00bb3\/4&Prime;][vc_column_text]Gezonde-Darmflora.nl a \u00e9t\u00e9 fond\u00e9 par Marco Kleijn. Un expert par exp\u00e9rience dans le domaine de la transplantation de caca en capsule. Il a lui-m\u00eame contract\u00e9 la maladie de Crohn dans sa dix-neuvi\u00e8me ann\u00e9e, juste avant ses d\u00e9buts dans le football professionnel en 1993. Il a suppli\u00e9 son m\u00e9decin de\u2026 En savoir plus &raquo;\" \/>\n<meta property=\"og:url\" content=\"https:\/\/gezonde-darmflora.nl\/fr\/a-propos-de-nous\/\" \/>\n<meta property=\"og:site_name\" content=\"Gezonde Darmflora\" \/>\n<meta property=\"article:modified_time\" content=\"2025-01-27T15:18:05+00:00\" \/>\n<meta name=\"twitter:card\" content=\"summary_large_image\" \/>\n<meta name=\"twitter:label1\" content=\"Dur\u00e9e de lecture estim\u00e9e\" \/>\n\t<meta name=\"twitter:data1\" content=\"3 minutes\" \/>\n<script type=\"application\/ld+json\" class=\"yoast-schema-graph\">{\"@context\":\"https:\/\/schema.org\",\"@graph\":[{\"@type\":\"WebPage\",\"@id\":\"https:\/\/gezonde-darmflora.nl\/fr\/a-propos-de-nous\/\",\"url\":\"https:\/\/gezonde-darmflora.nl\/fr\/a-propos-de-nous\/\",\"name\":\"A propos de nous &#8211; Gezonde Darmflora\",\"isPartOf\":{\"@id\":\"https:\/\/gezonde-darmflora.nl\/fr\/#website\"},\"datePublished\":\"2020-06-18T13:18:48+00:00\",\"dateModified\":\"2025-01-27T15:18:05+00:00\",\"breadcrumb\":{\"@id\":\"https:\/\/gezonde-darmflora.nl\/fr\/a-propos-de-nous\/#breadcrumb\"},\"inLanguage\":\"fr-FR\",\"potentialAction\":[{\"@type\":\"ReadAction\",\"target\":[\"https:\/\/gezonde-darmflora.nl\/fr\/a-propos-de-nous\/\"]}]},{\"@type\":\"BreadcrumbList\",\"@id\":\"https:\/\/gezonde-darmflora.nl\/fr\/a-propos-de-nous\/#breadcrumb\",\"itemListElement\":[{\"@type\":\"ListItem\",\"position\":1,\"name\":\"Home\",\"item\":\"https:\/\/gezonde-darmflora.nl\/fr\/\"},{\"@type\":\"ListItem\",\"position\":2,\"name\":\"A propos de nous\"}]},{\"@type\":\"WebSite\",\"@id\":\"https:\/\/gezonde-darmflora.nl\/fr\/#website\",\"url\":\"https:\/\/gezonde-darmflora.nl\/fr\/\",\"name\":\"Gezonde Darmflora\",\"description\":\"Een gezonde &amp; natuurlijke darmflora\",\"potentialAction\":[{\"@type\":\"SearchAction\",\"target\":{\"@type\":\"EntryPoint\",\"urlTemplate\":\"https:\/\/gezonde-darmflora.nl\/fr\/?s={search_term_string}\"},\"query-input\":{\"@type\":\"PropertyValueSpecification\",\"valueRequired\":true,\"valueName\":\"search_term_string\"}}],\"inLanguage\":\"fr-FR\"}]}<\/script>\n<!-- \/ Yoast SEO plugin. -->","yoast_head_json":{"title":"A propos de nous &#8211; Gezonde Darmflora","robots":{"index":"index","follow":"follow","max-snippet":"max-snippet:-1","max-image-preview":"max-image-preview:large","max-video-preview":"max-video-preview:-1"},"canonical":"https:\/\/gezonde-darmflora.nl\/fr\/a-propos-de-nous\/","og_locale":"fr_FR","og_type":"article","og_title":"A propos de nous &#8211; Gezonde Darmflora","og_description":"[vc_row full_width=\u00a0\u00bbstretch_row_content_no_spaces\u00a0\u00bb][vc_column][\/vc_column][\/vc_row][vc_row equal_height=\u00a0\u00bbyes\u00a0\u00bb][vc_column width=\u00a0\u00bb1\/4&Prime; el_class=\u00a0\u00bbd-flex align-items-center\u00a0\u00bb][\/vc_column][vc_column width=\u00a0\u00bb3\/4&Prime;][vc_column_text]Gezonde-Darmflora.nl a \u00e9t\u00e9 fond\u00e9 par Marco Kleijn. Un expert par exp\u00e9rience dans le domaine de la transplantation de caca en capsule. Il a lui-m\u00eame contract\u00e9 la maladie de Crohn dans sa dix-neuvi\u00e8me ann\u00e9e, juste avant ses d\u00e9buts dans le football professionnel en 1993. Il a suppli\u00e9 son m\u00e9decin de\u2026 En savoir plus &raquo;","og_url":"https:\/\/gezonde-darmflora.nl\/fr\/a-propos-de-nous\/","og_site_name":"Gezonde Darmflora","article_modified_time":"2025-01-27T15:18:05+00:00","twitter_card":"summary_large_image","twitter_misc":{"Dur\u00e9e de lecture estim\u00e9e":"3 minutes"},"schema":{"@context":"https:\/\/schema.org","@graph":[{"@type":"WebPage","@id":"https:\/\/gezonde-darmflora.nl\/fr\/a-propos-de-nous\/","url":"https:\/\/gezonde-darmflora.nl\/fr\/a-propos-de-nous\/","name":"A propos de nous &#8211; Gezonde Darmflora","isPartOf":{"@id":"https:\/\/gezonde-darmflora.nl\/fr\/#website"},"datePublished":"2020-06-18T13:18:48+00:00","dateModified":"2025-01-27T15:18:05+00:00","breadcrumb":{"@id":"https:\/\/gezonde-darmflora.nl\/fr\/a-propos-de-nous\/#breadcrumb"},"inLanguage":"fr-FR","potentialAction":[{"@type":"ReadAction","target":["https:\/\/gezonde-darmflora.nl\/fr\/a-propos-de-nous\/"]}]},{"@type":"BreadcrumbList","@id":"https:\/\/gezonde-darmflora.nl\/fr\/a-propos-de-nous\/#breadcrumb","itemListElement":[{"@type":"ListItem","position":1,"name":"Home","item":"https:\/\/gezonde-darmflora.nl\/fr\/"},{"@type":"ListItem","position":2,"name":"A propos de nous"}]},{"@type":"WebSite","@id":"https:\/\/gezonde-darmflora.nl\/fr\/#website","url":"https:\/\/gezonde-darmflora.nl\/fr\/","name":"Gezonde Darmflora","description":"Een gezonde &amp; natuurlijke darmflora","potentialAction":[{"@type":"SearchAction","target":{"@type":"EntryPoint","urlTemplate":"https:\/\/gezonde-darmflora.nl\/fr\/?s={search_term_string}"},"query-input":{"@type":"PropertyValueSpecification","valueRequired":true,"valueName":"search_term_string"}}],"inLanguage":"fr-FR"}]}},"_links":{"self":[{"href":"https:\/\/gezonde-darmflora.nl\/fr\/wp-json\/wp\/v2\/pages\/15104","targetHints":{"allow":["GET"]}}],"collection":[{"href":"https:\/\/gezonde-darmflora.nl\/fr\/wp-json\/wp\/v2\/pages"}],"about":[{"href":"https:\/\/gezonde-darmflora.nl\/fr\/wp-json\/wp\/v2\/types\/page"}],"author":[{"embeddable":true,"href":"https:\/\/gezonde-darmflora.nl\/fr\/wp-json\/wp\/v2\/users\/1"}],"replies":[{"embeddable":true,"href":"https:\/\/gezonde-darmflora.nl\/fr\/wp-json\/wp\/v2\/comments?post=15104"}],"version-history":[{"count":8,"href":"https:\/\/gezonde-darmflora.nl\/fr\/wp-json\/wp\/v2\/pages\/15104\/revisions"}],"predecessor-version":[{"id":15133,"href":"https:\/\/gezonde-darmflora.nl\/fr\/wp-json\/wp\/v2\/pages\/15104\/revisions\/15133"}],"wp:attachment":[{"href":"https:\/\/gezonde-darmflora.nl\/fr\/wp-json\/wp\/v2\/media?parent=15104"}],"curies":[{"name":"wp","href":"https:\/\/api.w.org\/{rel}","templated":true}]}}