{"id":15024,"date":"2021-03-23T16:53:13","date_gmt":"2021-03-23T15:53:13","guid":{"rendered":"https:\/\/gezonde-darmflora.nl\/explication-des-tests-pcr-par-notre-technicien-de-laboratoire-principal\/"},"modified":"2025-01-27T16:17:21","modified_gmt":"2025-01-27T15:17:21","slug":"explication-des-tests-pcr-par-notre-technicien-de-laboratoire-principal","status":"publish","type":"page","link":"https:\/\/gezonde-darmflora.nl\/fr\/explication-des-tests-pcr-par-notre-technicien-de-laboratoire-principal\/","title":{"rendered":"Explication des tests PCR par notre technicien de laboratoire principal"},"content":{"rendered":"<div class=\"wpb-content-wrapper\"><p>[vc_row full_width=\u00a0\u00bbstretch_row_content_no_spaces\u00a0\u00bb][vc_column]\r\n    <div class=\"page-title\">\r\n        <div class=\"container\">\r\n            <div class=\"row\">\r\n                <div class=\"col\">\r\n                    <h1>Explication des tests PCR par notre technicien de laboratoire principal<\/h1>\r\n                <\/div>\r\n            <\/div>\r\n        <\/div>\r\n    <\/div>\r\n\r\n    [\/vc_column][\/vc_row][vc_row equal_height=\u00a0\u00bbyes\u00a0\u00bb][vc_column width=\u00a0\u00bb3\/4&Prime;][vc_column_text]<\/p>\n<blockquote><p><b>R\u00e9action en cha\u00eene par polym\u00e9rase &#8211; la technique PCR expliqu\u00e9e<\/b><\/p>\n<p><em>La PCR est une technique couramment utilis\u00e9e dans les laboratoires des h\u00f4pitaux, des universit\u00e9s de m\u00e9decine ou des usines o\u00f9 les aliments ou l&rsquo;eau sont trait\u00e9s et examin\u00e9s, par exemple. Cette m\u00e9thode de recherche relativement r\u00e9cente &#8211; mise au point au d\u00e9but des ann\u00e9es 1980 &#8211; s&rsquo;est r\u00e9v\u00e9l\u00e9e r\u00e9volutionnaire pour la d\u00e9tection et l&rsquo;identification d&rsquo;organismes tels que les bact\u00e9ries et les virus. Pour la d\u00e9tection et l&rsquo;examen du mat\u00e9riel g\u00e9n\u00e9tique dans les enqu\u00eates m\u00e9dico-l\u00e9gales, la technique PCR est \u00e9galement cruciale pour trouver un coupable.  <\/em><\/p>\n<p><em>Depuis la pand\u00e9mie de grippe aviaire de 2019, les journaux t\u00e9l\u00e9vis\u00e9s et les programmes d&rsquo;information connexes ont beaucoup parl\u00e9 du test PCR pour le SRAS-COV-2, le type de coronavirus responsable de la maladie COVID. Mais qu&rsquo;est-ce que la PCR et comment fonctionne-t-elle ? <\/em> <em>L&rsquo;abr\u00e9viation PCR signifie Polymerase Chain Reaction (r\u00e9action en cha\u00eene de la polym\u00e9rase). Polymerase est une enzyme, chain est le mot anglais pour \u00ab\u00a0cha\u00eene\u00a0\u00bb et le mot reaction se traduit facilement par \u00ab\u00a0r\u00e9action\u00a0\u00bb. <\/em><br \/>\n<em>Il s&rsquo;agit donc d&rsquo;une r\u00e9action en cha\u00eene entra\u00een\u00e9e par une enzyme particuli\u00e8re, la polym\u00e9rase.  <\/em><em>Pour expliquer quelle r\u00e9action en cha\u00eene est impliqu\u00e9e, nous devons revenir \u00e0 l&rsquo;essentiel, \u00e0 savoir le support de tout le mat\u00e9riel h\u00e9r\u00e9ditaire : l&rsquo;ADN. Chaque cellule d&rsquo;un organisme vivant contient de l&rsquo;ADN (ou un d\u00e9riv\u00e9 de celui-ci) et se compose d&rsquo;environ quatre \u00e9l\u00e9ments diff\u00e9rents : l&rsquo;ad\u00e9nine (A), la thymine (T), la guanine (G) et la cytose (C). Ces \u00e9l\u00e9ments peuvent \u00eatre reli\u00e9s entre eux dans un nombre infini de combinaisons, et ce sont ces combinaisons qui, en fin de compte, conf\u00e8rent les propri\u00e9t\u00e9s h\u00e9r\u00e9ditaires.    <\/em><em>Sur un tel brin d&rsquo;ADN &#8211; qui est constitu\u00e9 de ces \u00e9l\u00e9ments de base &#8211; de nombreuses informations h\u00e9r\u00e9ditaires correspondront \u00e0 celles d&rsquo;un cong\u00e9n\u00e8re. Cependant, il y a toujours des \u00e9l\u00e9ments (appel\u00e9s g\u00e8nes) sur le brin d&rsquo;ADN qui sont tr\u00e8s sp\u00e9cifiques. Par exemple, une bact\u00e9rie peut survivre dans un environnement acide alors qu&rsquo;une autre ne le peut pas. La bact\u00e9rie qui aime l&rsquo;acide produira des substances qui lui font du bien et l&rsquo;acide n&rsquo;attaque pas la paroi cellulaire, tandis qu&rsquo;une autre bact\u00e9rie &#8211; qui est un parent &#8211; ne peut pas survivre dans un environnement acide et ne le fera pas.   <\/em><\/p>\n<p><em>La technique PCR permet de d\u00e9tecter les morceaux d&rsquo;ADN qui sont tr\u00e8s sp\u00e9cifiques. C&rsquo;est comme chercher une aiguille dans une botte de foin avec diff\u00e9rents types d&rsquo;\u00e9pingles, dont vous pouvez toujours extraire cette \u00e9pingle sp\u00e9ciale avec un aimant tr\u00e8s puissant. Le probl\u00e8me avec l&rsquo;ADN, c&rsquo;est que vous ne pouvez pas voir un tel morceau de brin et c&rsquo;est pourquoi la r\u00e9action en cha\u00eene a \u00e9t\u00e9 mise au point. Des millions de copies sont faites de ce morceau d&rsquo;ADN sp\u00e9cifique et, gr\u00e2ce \u00e0 une astuce int\u00e9gr\u00e9e, les mol\u00e9cules fluorescentes s&rsquo;allument ou s&rsquo;\u00e9teignent. Le degr\u00e9 de fluorescence peut \u00eatre mesur\u00e9 \u00e0 l&rsquo;aide de certains \u00e9quipements.    <\/em><\/p>\n<p><b>Le principe de la r\u00e9action en cha\u00eene par polym\u00e9rase<\/b><\/p>\n<p><em>L&rsquo;objectif de la r\u00e9action PCR est de multiplier le mat\u00e9riel h\u00e9r\u00e9ditaire sp\u00e9cifique et de rendre le r\u00e9sultat mesurable par fluorescence.<\/em><br \/>\n<em>Cela n\u00e9cessite un certain nombre de composants assembl\u00e9s dans une cuve de r\u00e9action :<\/em><\/p>\n<ul>\n<li><em>ADN isol\u00e9 : ADN lib\u00e9r\u00e9 des cellules pr\u00e9sentes, par exemple, dans l&rsquo;eau, le sang ou le lait.<\/em><\/li>\n<li><em>Les \u00e9l\u00e9ments constitutifs : ad\u00e9nine, thymine, guanine et cytose<\/em><\/li>\n<li><em>Amorces : fragments d&rsquo;ADN qui se collent au d\u00e9but et \u00e0 la fin du morceau de mat\u00e9riel h\u00e9r\u00e9ditaire \u00e0 copier. Les drapeaux fluorescents sont attach\u00e9s \u00e0 ces amorces et sont \u00e9teints lorsqu&rsquo;ils ne sont pas touch\u00e9s par la r\u00e9action. <\/em><\/li>\n<li><em>Enzyme : l&rsquo;enzyme polym\u00e9rase qui peut relier les \u00e9l\u00e9ments A, T, C et G aux amorces dans le bon ordre.<\/em><\/li>\n<li><em>Tampon : il s&rsquo;agit d&rsquo;un liquide dans lequel tous les composants sont dissous et qui fournit un environnement optimal pour la r\u00e9action.<\/em><\/li>\n<\/ul>\n<p><em>Le processus de copie consiste en un cycle d&rsquo;\u00e9tapes r\u00e9p\u00e9t\u00e9es plusieurs fois.<span class=\"Apple-converted-space\">  <\/span>En g\u00e9n\u00e9ral, 40 \u00e0 45 r\u00e9p\u00e9titions du cycle suffisent pour produire des milliards de copies. Faites le calcul : si vous prenez un morceau d&rsquo;ADN, apr\u00e8s le premier cycle vous avez deux copies, apr\u00e8s le troisi\u00e8me cycle il y en a quatre, puis huit, 16, etc. La cuve de r\u00e9action et tous les composants sont plac\u00e9s dans un appareil qui peut chauffer et refroidir tr\u00e8s pr\u00e9cis\u00e9ment et rapidement. Un cycle consiste (g\u00e9n\u00e9ralement) en   <\/em><\/p>\n<ul>\n<li><em>D\u00e9naturation de l&rsquo;ADN : l&rsquo;ADN est compos\u00e9 des \u00e9l\u00e9ments A, T, C et G, qui forment un double brin d&rsquo;ADN. Ces compos\u00e9s doivent \u00eatre s\u00e9par\u00e9s, ce qui peut \u00eatre fait en augmentant la temp\u00e9rature de 90 \u00e0 96\u00b0C. <\/em><\/li>\n<li><em>Une fois les brins s\u00e9par\u00e9s, les amorces peuvent commencer \u00e0 se fixer au d\u00e9but et \u00e0 la fin du morceau d&rsquo;ADN \u00e0 d\u00e9montrer. Pour ce faire, la temp\u00e9rature est r\u00e9duite entre 45 et 65\u00b0C. <\/em><\/li>\n<li><em>C&rsquo;est maintenant au tour de l&rsquo;enzyme polym\u00e9rase de relier les blocs A, T, C et G des amorces attach\u00e9es \u00e0 une temp\u00e9rature de 72\u00b0C. La copie est faite ! <\/em><\/li>\n<\/ul>\n<p><em>Apr\u00e8s chaque cycle, l&rsquo;appareil enregistre la quantit\u00e9 de fluorescence mesur\u00e9e. Si les amorces ne parviennent pas \u00e0 trouver le morceau sp\u00e9cifique d&rsquo;ADN, il ne se passe rien pendant tous ces cycles. La mol\u00e9cule fluorescente attach\u00e9e \u00e0 l&rsquo;amorce reste \u00e9teinte. Lorsqu&rsquo;une r\u00e9action a lieu, l&rsquo;enzyme polym\u00e9rase provoque la d\u00e9connexion de cette mol\u00e9cule pendant la copie. La mol\u00e9cule commence alors \u00e0 \u00e9mettre de la lumi\u00e8re, qui peut \u00eatre mesur\u00e9e \u00e0 une certaine longueur d&rsquo;onde par le dispositif PCR.      <\/em><em>La r\u00e8gle d&rsquo;analyse est la suivante : plus la fluorescence mesur\u00e9e est importante, plus le nombre de mol\u00e9cules pr\u00e9sentes au d\u00e9but de la proc\u00e9dure de copie est \u00e9lev\u00e9. Lors d&rsquo;une d\u00e9termination qualitative &#8211; l&rsquo;ADN \u00e0 examiner est-il pr\u00e9sent oui ou non &#8211; l&rsquo;analyste lit la valeur Ct (seuil). Cette valeur repr\u00e9sente le cycle au cours duquel l&rsquo;appareil commence \u00e0 d\u00e9tecter la fluorescence. Une valeur Ct faible signifie donc qu&rsquo;une grande quantit\u00e9 de mat\u00e9riel sp\u00e9cifique \u00e9tait pr\u00e9sente dans l&rsquo;\u00e9chantillon isol\u00e9, mais rien ne peut \u00eatre dit sur les quantit\u00e9s exactes.     <\/em><em>Dans certains cas, il est important de savoir non seulement si un fragment d&rsquo;ADN sp\u00e9cifique est pr\u00e9sent dans l&rsquo;\u00e9chantillon, mais aussi en quelle quantit\u00e9. C&rsquo;est ce qu&rsquo;on appelle une PCR quantitative &#8211; \u00e9galement connue sous le nom de qPCR. Pour ce faire, outre l&rsquo;\u00e9chantillon \u00e0 tester, il faut utiliser une s\u00e9rie dont les concentrations sont connues et d\u00e9terminer une courbe d&rsquo;\u00e9talonnage. Cette courbe d&rsquo;\u00e9talonnage permet de calculer la concentration initiale dans la cuve de r\u00e9action contenant l&rsquo;ADN isol\u00e9.   <\/em><\/p>\n<p><em>L&rsquo;un des principaux avantages de la technique PCR est qu&rsquo;elle n&rsquo;a th\u00e9oriquement besoin que d&rsquo;un seul morceau d&rsquo;ADN sp\u00e9cifique pour d\u00e9clencher la r\u00e9action et qu&rsquo;elle est donc tr\u00e8s sensible. Vous pouvez donc d\u00e9tecter une seule bact\u00e9rie Legionella dans dix litres d&rsquo;eau qui pourrait potentiellement causer une maladie. Ou vous pouvez d\u00e9tecter l&rsquo;agent causal de la tuberculose, tr\u00e8s difficile \u00e0 cultiver, dans le mucus crach\u00e9 par le patient. Dans certains cas, cependant, l&rsquo;inconv\u00e9nient est que vous ne pouvez pas d\u00e9montrer si l&rsquo;organisme en question est encore vivant ou si vous analysez un fragment d&rsquo;ADN d&rsquo;un virus ou d&rsquo;une bact\u00e9rie qui ne peut plus causer de maladie parce qu&rsquo;il est mort. En g\u00e9n\u00e9ral, la r\u00e9action ne fait pas de distinction. Cette discussion a \u00e9t\u00e9 fr\u00e9quemment soulev\u00e9e dans les m\u00e9dias lors de la d\u00e9tection du coronavirus et a suscit\u00e9 beaucoup de confusion et de critiques quant \u00e0 l&rsquo;utilisation de cette technique pour d\u00e9tecter le virus dans un \u00e9couvillon nasal et\/ou pharyng\u00e9. Si la valeur Ct est \u00e9lev\u00e9e et qu&rsquo;il y a peu de mat\u00e9riel initial du &#8211; dans ce cas &#8211; coronavirus, y a-t-il encore une infectiosit\u00e9 ? Est-il \u00e9galement possible que la PCR ne d\u00e9tecte pas de particules virales ou que le r\u00e9sultat soit positif alors qu&rsquo;aucun virus n&rsquo;\u00e9tait pr\u00e9sent ?       <\/em><\/p>\n<p><em>Le risque d&rsquo;obtenir un r\u00e9sultat faussement positif \u00e0 partir d&rsquo;un test PCR est assez faible. En revanche, le risque d&rsquo;obtenir un r\u00e9sultat faussement n\u00e9gatif est plus \u00e9lev\u00e9. En effet, il y a beaucoup plus de chances que des erreurs soient commises lors du pr\u00e9l\u00e8vement de l&rsquo;\u00e9chantillon, du transport ou des op\u00e9rations dans le laboratoire. Ce n&rsquo;est donc pas le test PCR qui donnera n\u00e9cessairement des r\u00e9sultats faussement n\u00e9gatifs, mais toutes les actions qui l&rsquo;entourent. Si vous avez acc\u00e8s \u00e0 un test PCR et \u00e0 l&rsquo;\u00e9quipement n\u00e9cessaire pour d\u00e9tecter les transformateurs de maladies, la plupart des laboratoires opteront pour cette technique.    <\/em><\/p>\n<p><em>Marije, chef de laboratoire.<\/em><\/p>\n<p>&nbsp;<\/p><\/blockquote>\n<p>[\/vc_column_text]<div class=\"eye_empty_space pt-md-3 pb-md-3   pt-2 pb-2\"><\/div>[\/vc_column][vc_column width=\u00a0\u00bb1\/4&Prime; el_class=\u00a0\u00bbd-flex align-items-center\u00a0\u00bb][\/vc_column][\/vc_row][vc_row equal_height=\u00a0\u00bbyes\u00a0\u00bb][vc_column width=\u00a0\u00bb3\/4&Prime;]<div class=\"eye_empty_space pt-md-4 pb-md-4   pt-3 pb-3\"><\/div>[\/vc_column][vc_column width=\u00a0\u00bb1\/4&Prime; el_class=\u00a0\u00bbd-flex align-items-center\u00a0\u00bb][\/vc_column][\/vc_row][vc_row equal_height=\u00a0\u00bbyes\u00a0\u00bb][vc_column width=\u00a0\u00bb3\/4&Prime;][\/vc_column][vc_column width=\u00a0\u00bb1\/4&Prime; el_class=\u00a0\u00bbd-flex align-items-center\u00a0\u00bb][\/vc_column][\/vc_row][vc_row][vc_column]<div class=\"eye_empty_space pt-md-4 pb-md-4   pt-3 pb-3\"><\/div>\r\n    <div class=\"home-reviews\">\r\n        <div class=\"row d-flex\">\r\n                                                <div class=\"col-lg-4 d-flex\">\r\n                        <div class=\"review-card\">\r\n                            <h6>N<\/h6>\r\n                            <span style=\"font-size: 1rem\">DF7\" \"DF6<\/span>\r\n                            <div class=\"review-card__stars\">\r\n                                <i class=\"fas fa-star\"><\/i>\r\n                                <i class=\"fas fa-star\"><\/i>\r\n                                <i class=\"fas fa-star\"><\/i>\r\n                                <i class=\"fas fa-star\"><\/i>\r\n                                <i class=\"fas fa-star\"><\/i>\r\n                            <\/div>\r\n\r\n                            <p>J&rsquo;avais vraiment peur de faire cette proc\u00e9dure, mais je suis vraiment contente de l&rsquo;avoir faite. J&rsquo;avais d\u00e9truit ma flore intestinale avec des antibiotiques en essayant de r\u00e9soudre mon intol\u00e9rance \u00e0 l&rsquo;histamine. J&rsquo;\u00e9tais pratiquement clou\u00e9e sur le canap\u00e9 et je souffrais constamment \u00e0 cause de mes probl\u00e8mes intestinaux. J&rsquo;avais \u00e9galement des probl\u00e8mes mentaux tr\u00e8s graves depuis\u2026 <a href=\"https:\/\/gezonde-darmflora.nl\/fr\/review\/n\/\">En savoir plus &raquo;<\/a><\/p>\r\n                        <\/div>\r\n                    <\/div>\r\n                                    <div class=\"col-lg-4 d-flex\">\r\n                        <div class=\"review-card\">\r\n                            <h6>Anonyme (USA)<\/h6>\r\n                            <span style=\"font-size: 1rem\">DF7 DF6<\/span>\r\n                            <div class=\"review-card__stars\">\r\n                                <i class=\"fas fa-star\"><\/i>\r\n                                <i class=\"fas fa-star\"><\/i>\r\n                                <i class=\"fas fa-star\"><\/i>\r\n                                <i class=\"fas fa-star\"><\/i>\r\n                                <i class=\"fas fa-star\"><\/i>\r\n                            <\/div>\r\n\r\n                            <p>Ce produit a litt\u00e9ralement chang\u00e9 ma vie. Outre des probl\u00e8mes d&rsquo;estomac et d&rsquo;intestin, j&rsquo;ai souffert pendant des ann\u00e9es d&rsquo;une fatigue d\u00e9bilitante, de douleurs chroniques, d&rsquo;un brouillard c\u00e9r\u00e9bral et de graves allergies. Je me sentais constamment mal, je pouvais \u00e0 peine fonctionner et je ne pouvais faire que le strict minimum pour survivre, et parfois m\u00eame\u2026 <a href=\"https:\/\/gezonde-darmflora.nl\/fr\/review\/anonyme-usa\/\">En savoir plus &raquo;<\/a><\/p>\r\n                        <\/div>\r\n                    <\/div>\r\n                                    <div class=\"col-lg-4 d-flex\">\r\n                        <div class=\"review-card\">\r\n                            <h6>Javier (Espagne)<\/h6>\r\n                            <span style=\"font-size: 1rem\">DF6<\/span>\r\n                            <div class=\"review-card__stars\">\r\n                                <i class=\"fas fa-star\"><\/i>\r\n                                <i class=\"fas fa-star\"><\/i>\r\n                                <i class=\"fas fa-star\"><\/i>\r\n                                <i class=\"fas fa-star\"><\/i>\r\n                                <i class=\"fas fa-star\"><\/i>\r\n                            <\/div>\r\n\r\n                            <p>Pr\u00e8s d&rsquo;un an apr\u00e8s le premier TMF (DF6), je peux vous assurer qu&rsquo;il s&rsquo;agit d&rsquo;un outil tr\u00e8s utile. Je souffrais d&rsquo;une disbiose domin\u00e9e par P. Copri, mais j&rsquo;ai r\u00e9ussi \u00e0 r\u00e9\u00e9quilibrer et \u00e0 stabiliser la flore gr\u00e2ce \u00e0 l&rsquo;ajustement de l&rsquo;alimentation, des suppl\u00e9ments et des TMF. P. Copri est aujourd&rsquo;hui beaucoup moins abondant et le\u2026 <a href=\"https:\/\/gezonde-darmflora.nl\/fr\/review\/javier-espagne\/\">En savoir plus &raquo;<\/a><\/p>\r\n                        <\/div>\r\n                    <\/div>\r\n                                    <\/div>\r\n\r\n    <\/div>\r\n\r\n    [\/vc_column][\/vc_row]<\/p>\n<\/div>","protected":false},"excerpt":{"rendered":"<p>[vc_row full_width=\u00a0\u00bbstretch_row_content_no_spaces\u00a0\u00bb][vc_column][\/vc_column][\/vc_row][vc_row equal_height=\u00a0\u00bbyes\u00a0\u00bb][vc_column width=\u00a0\u00bb3\/4&Prime;][vc_column_text] R\u00e9action en cha\u00eene par polym\u00e9rase &#8211; la technique PCR expliqu\u00e9e La PCR est une technique couramment utilis\u00e9e dans les laboratoires des h\u00f4pitaux, des universit\u00e9s de m\u00e9decine ou des usines o\u00f9 les aliments ou l&rsquo;eau sont trait\u00e9s et examin\u00e9s, par exemple. Cette m\u00e9thode de recherche relativement r\u00e9cente &#8211; mise au point au\u2026 <a href=\"https:\/\/gezonde-darmflora.nl\/fr\/review\/javier-espagne\/\">En savoir plus &raquo;<\/a><\/p>\n","protected":false},"author":3,"featured_media":0,"parent":0,"menu_order":0,"comment_status":"closed","ping_status":"closed","template":"","meta":{"_acf_changed":false,"footnotes":""},"class_list":["post-15024","page","type-page","status-publish","hentry"],"acf":[],"yoast_head":"<!-- This site is optimized with the Yoast SEO plugin v27.1.1 - https:\/\/yoast.com\/product\/yoast-seo-wordpress\/ -->\n<title>Explication des tests PCR par notre technicien de laboratoire principal &#8211; Gezonde Darmflora<\/title>\n<meta name=\"robots\" content=\"index, follow, max-snippet:-1, max-image-preview:large, max-video-preview:-1\" \/>\n<link rel=\"canonical\" href=\"https:\/\/gezonde-darmflora.nl\/fr\/explication-des-tests-pcr-par-notre-technicien-de-laboratoire-principal\/\" \/>\n<meta property=\"og:locale\" content=\"fr_FR\" \/>\n<meta property=\"og:type\" content=\"article\" \/>\n<meta property=\"og:title\" content=\"Explication des tests PCR par notre technicien de laboratoire principal &#8211; Gezonde Darmflora\" \/>\n<meta property=\"og:description\" content=\"[vc_row full_width=\u00a0\u00bbstretch_row_content_no_spaces\u00a0\u00bb][vc_column][\/vc_column][\/vc_row][vc_row equal_height=\u00a0\u00bbyes\u00a0\u00bb][vc_column width=\u00a0\u00bb3\/4&Prime;][vc_column_text] R\u00e9action en cha\u00eene par polym\u00e9rase &#8211; la technique PCR expliqu\u00e9e La PCR est une technique couramment utilis\u00e9e dans les laboratoires des h\u00f4pitaux, des universit\u00e9s de m\u00e9decine ou des usines o\u00f9 les aliments ou l&rsquo;eau sont trait\u00e9s et examin\u00e9s, par exemple. Cette m\u00e9thode de recherche relativement r\u00e9cente &#8211; mise au point au\u2026 En savoir plus &raquo;\" \/>\n<meta property=\"og:url\" content=\"https:\/\/gezonde-darmflora.nl\/fr\/explication-des-tests-pcr-par-notre-technicien-de-laboratoire-principal\/\" \/>\n<meta property=\"og:site_name\" content=\"Gezonde Darmflora\" \/>\n<meta property=\"article:modified_time\" content=\"2025-01-27T15:17:21+00:00\" \/>\n<meta name=\"twitter:card\" content=\"summary_large_image\" \/>\n<meta name=\"twitter:label1\" content=\"Dur\u00e9e de lecture estim\u00e9e\" \/>\n\t<meta name=\"twitter:data1\" content=\"8 minutes\" \/>\n<script type=\"application\/ld+json\" class=\"yoast-schema-graph\">{\"@context\":\"https:\/\/schema.org\",\"@graph\":[{\"@type\":\"WebPage\",\"@id\":\"https:\/\/gezonde-darmflora.nl\/fr\/explication-des-tests-pcr-par-notre-technicien-de-laboratoire-principal\/\",\"url\":\"https:\/\/gezonde-darmflora.nl\/fr\/explication-des-tests-pcr-par-notre-technicien-de-laboratoire-principal\/\",\"name\":\"Explication des tests PCR par notre technicien de laboratoire principal &#8211; Gezonde Darmflora\",\"isPartOf\":{\"@id\":\"https:\/\/gezonde-darmflora.nl\/fr\/#website\"},\"datePublished\":\"2021-03-23T15:53:13+00:00\",\"dateModified\":\"2025-01-27T15:17:21+00:00\",\"breadcrumb\":{\"@id\":\"https:\/\/gezonde-darmflora.nl\/fr\/explication-des-tests-pcr-par-notre-technicien-de-laboratoire-principal\/#breadcrumb\"},\"inLanguage\":\"fr-FR\",\"potentialAction\":[{\"@type\":\"ReadAction\",\"target\":[\"https:\/\/gezonde-darmflora.nl\/fr\/explication-des-tests-pcr-par-notre-technicien-de-laboratoire-principal\/\"]}]},{\"@type\":\"BreadcrumbList\",\"@id\":\"https:\/\/gezonde-darmflora.nl\/fr\/explication-des-tests-pcr-par-notre-technicien-de-laboratoire-principal\/#breadcrumb\",\"itemListElement\":[{\"@type\":\"ListItem\",\"position\":1,\"name\":\"Home\",\"item\":\"https:\/\/gezonde-darmflora.nl\/fr\/\"},{\"@type\":\"ListItem\",\"position\":2,\"name\":\"Explication des tests PCR par notre technicien de laboratoire principal\"}]},{\"@type\":\"WebSite\",\"@id\":\"https:\/\/gezonde-darmflora.nl\/fr\/#website\",\"url\":\"https:\/\/gezonde-darmflora.nl\/fr\/\",\"name\":\"Gezonde Darmflora\",\"description\":\"Een gezonde &amp; natuurlijke darmflora\",\"potentialAction\":[{\"@type\":\"SearchAction\",\"target\":{\"@type\":\"EntryPoint\",\"urlTemplate\":\"https:\/\/gezonde-darmflora.nl\/fr\/?s={search_term_string}\"},\"query-input\":{\"@type\":\"PropertyValueSpecification\",\"valueRequired\":true,\"valueName\":\"search_term_string\"}}],\"inLanguage\":\"fr-FR\"}]}<\/script>\n<!-- \/ Yoast SEO plugin. -->","yoast_head_json":{"title":"Explication des tests PCR par notre technicien de laboratoire principal &#8211; Gezonde Darmflora","robots":{"index":"index","follow":"follow","max-snippet":"max-snippet:-1","max-image-preview":"max-image-preview:large","max-video-preview":"max-video-preview:-1"},"canonical":"https:\/\/gezonde-darmflora.nl\/fr\/explication-des-tests-pcr-par-notre-technicien-de-laboratoire-principal\/","og_locale":"fr_FR","og_type":"article","og_title":"Explication des tests PCR par notre technicien de laboratoire principal &#8211; Gezonde Darmflora","og_description":"[vc_row full_width=\u00a0\u00bbstretch_row_content_no_spaces\u00a0\u00bb][vc_column][\/vc_column][\/vc_row][vc_row equal_height=\u00a0\u00bbyes\u00a0\u00bb][vc_column width=\u00a0\u00bb3\/4&Prime;][vc_column_text] R\u00e9action en cha\u00eene par polym\u00e9rase &#8211; la technique PCR expliqu\u00e9e La PCR est une technique couramment utilis\u00e9e dans les laboratoires des h\u00f4pitaux, des universit\u00e9s de m\u00e9decine ou des usines o\u00f9 les aliments ou l&rsquo;eau sont trait\u00e9s et examin\u00e9s, par exemple. Cette m\u00e9thode de recherche relativement r\u00e9cente &#8211; mise au point au\u2026 En savoir plus &raquo;","og_url":"https:\/\/gezonde-darmflora.nl\/fr\/explication-des-tests-pcr-par-notre-technicien-de-laboratoire-principal\/","og_site_name":"Gezonde Darmflora","article_modified_time":"2025-01-27T15:17:21+00:00","twitter_card":"summary_large_image","twitter_misc":{"Dur\u00e9e de lecture estim\u00e9e":"8 minutes"},"schema":{"@context":"https:\/\/schema.org","@graph":[{"@type":"WebPage","@id":"https:\/\/gezonde-darmflora.nl\/fr\/explication-des-tests-pcr-par-notre-technicien-de-laboratoire-principal\/","url":"https:\/\/gezonde-darmflora.nl\/fr\/explication-des-tests-pcr-par-notre-technicien-de-laboratoire-principal\/","name":"Explication des tests PCR par notre technicien de laboratoire principal &#8211; Gezonde Darmflora","isPartOf":{"@id":"https:\/\/gezonde-darmflora.nl\/fr\/#website"},"datePublished":"2021-03-23T15:53:13+00:00","dateModified":"2025-01-27T15:17:21+00:00","breadcrumb":{"@id":"https:\/\/gezonde-darmflora.nl\/fr\/explication-des-tests-pcr-par-notre-technicien-de-laboratoire-principal\/#breadcrumb"},"inLanguage":"fr-FR","potentialAction":[{"@type":"ReadAction","target":["https:\/\/gezonde-darmflora.nl\/fr\/explication-des-tests-pcr-par-notre-technicien-de-laboratoire-principal\/"]}]},{"@type":"BreadcrumbList","@id":"https:\/\/gezonde-darmflora.nl\/fr\/explication-des-tests-pcr-par-notre-technicien-de-laboratoire-principal\/#breadcrumb","itemListElement":[{"@type":"ListItem","position":1,"name":"Home","item":"https:\/\/gezonde-darmflora.nl\/fr\/"},{"@type":"ListItem","position":2,"name":"Explication des tests PCR par notre technicien de laboratoire principal"}]},{"@type":"WebSite","@id":"https:\/\/gezonde-darmflora.nl\/fr\/#website","url":"https:\/\/gezonde-darmflora.nl\/fr\/","name":"Gezonde Darmflora","description":"Een gezonde &amp; natuurlijke darmflora","potentialAction":[{"@type":"SearchAction","target":{"@type":"EntryPoint","urlTemplate":"https:\/\/gezonde-darmflora.nl\/fr\/?s={search_term_string}"},"query-input":{"@type":"PropertyValueSpecification","valueRequired":true,"valueName":"search_term_string"}}],"inLanguage":"fr-FR"}]}},"_links":{"self":[{"href":"https:\/\/gezonde-darmflora.nl\/fr\/wp-json\/wp\/v2\/pages\/15024","targetHints":{"allow":["GET"]}}],"collection":[{"href":"https:\/\/gezonde-darmflora.nl\/fr\/wp-json\/wp\/v2\/pages"}],"about":[{"href":"https:\/\/gezonde-darmflora.nl\/fr\/wp-json\/wp\/v2\/types\/page"}],"author":[{"embeddable":true,"href":"https:\/\/gezonde-darmflora.nl\/fr\/wp-json\/wp\/v2\/users\/3"}],"replies":[{"embeddable":true,"href":"https:\/\/gezonde-darmflora.nl\/fr\/wp-json\/wp\/v2\/comments?post=15024"}],"version-history":[{"count":8,"href":"https:\/\/gezonde-darmflora.nl\/fr\/wp-json\/wp\/v2\/pages\/15024\/revisions"}],"predecessor-version":[{"id":15057,"href":"https:\/\/gezonde-darmflora.nl\/fr\/wp-json\/wp\/v2\/pages\/15024\/revisions\/15057"}],"wp:attachment":[{"href":"https:\/\/gezonde-darmflora.nl\/fr\/wp-json\/wp\/v2\/media?parent=15024"}],"curies":[{"name":"wp","href":"https:\/\/api.w.org\/{rel}","templated":true}]}}