{"id":14997,"date":"2021-03-08T17:17:33","date_gmt":"2021-03-08T16:17:33","guid":{"rendered":"https:\/\/gezonde-darmflora.nl\/testez-vous\/"},"modified":"2025-09-22T15:35:25","modified_gmt":"2025-09-22T13:35:25","slug":"testez-vous","status":"publish","type":"page","link":"https:\/\/gezonde-darmflora.nl\/fr\/testez-vous\/","title":{"rendered":"Testez-vous"},"content":{"rendered":"<div class=\"wpb-content-wrapper\"><p>[vc_row full_width=\u00a0\u00bbstretch_row_content_no_spaces\u00a0\u00bb][vc_column]\r\n    <div class=\"page-title\">\r\n        <div class=\"container\">\r\n            <div class=\"row\">\r\n                <div class=\"col\">\r\n                    <h1>Testez-vous !<\/h1>\r\n                <\/div>\r\n            <\/div>\r\n        <\/div>\r\n    <\/div>\r\n\r\n    [\/vc_column][\/vc_row][vc_row][vc_column offset=\u00a0\u00bbvc_col-md-8&Prime;][vc_column_text css=\u00a0\u00bb\u00a0\u00bb]La FMT consiste \u00e0 reconstituer les bact\u00e9ries manquantes afin de r\u00e9tablir l&rsquo;\u00e9quilibre de votre flore intestinale, \u00ab\u00a0votre \u00e9cosyst\u00e8me\u00a0\u00bb.<\/p>\n<p>Aujourd&rsquo;hui, un test de <b>microbiome<\/b> est un bon moyen de d\u00e9terminer \u00e0 quoi ressemble votre \u00e9cosyst\u00e8me.<\/p>\n<p>Avec le <b>test des pathog\u00e8nes <\/b>, nous mesurons depuis des ann\u00e9es les \u00a0\u00bb pathog\u00e8nes \u00a0\u00bb qui vivent dans votre corps. Apr\u00e8s 4 ans de collaboration intensive avec MGlab &amp; Advies, nous pouvons enfin vous proposer un test de microbiome et un test de pathog\u00e8nes.<\/p>\n<p>En outre, notre \u00e9quipe est rejointe par Annette ter Heijden, th\u00e9rapeute orthomol\u00e9culaire, th\u00e9rapeute kPNI et ancienne athl\u00e8te de haut niveau !<\/p>\n<p><strong>ATTENTION : AUCUN TEST N&rsquo;EST N\u00c9CESSAIRE POUR COMMANDER DU FMT !<\/strong>[\/vc_column_text]<div class=\"eye_empty_space pt-md-5 pb-md-5   pt-4 pb-4\"><\/div>[\/vc_column][vc_column offset=\u00a0\u00bbvc_col-md-4&Prime; el_class=\u00a0\u00bbmb-5 mb-lg-0&Prime;][vc_single_image image=\u00a0\u00bb10900&Prime; img_size=\u00a0\u00bbfull\u00a0\u00bb css=\u00a0\u00bb\u00a0\u00bb][\/vc_column][\/vc_row][vc_section full_width=\u00a0\u00bbstretch_row\u00a0\u00bb el_class=\u00a0\u00bbbg-green\u00a0\u00bb][vc_row][vc_column width=\u00a0\u00bb1\/4&Prime;][vc_single_image image=\u00a0\u00bb10786&Prime; img_size=\u00a0\u00bbfull\u00a0\u00bb css=\u00a0\u00bb\u00a0\u00bb][\/vc_column][vc_column width=\u00a0\u00bb3\/4&Prime;][vc_column_text css=\u00a0\u00bb\u00a0\u00bb]<\/p>\n<h1><b>Microbiome. Testez votre monde int\u00e9rieur ! <\/b><\/h1>\n<p>Nous savons aujourd&rsquo;hui que le microbiome est votre propre \u00e9cosyst\u00e8me, responsable de votre climat.<\/p>\n<p><b>Vous \u00eates l&rsquo;h\u00f4te, l&rsquo;h\u00f4te de cet organisme. Si vous prenez soin d&rsquo;elles, toutes ces bact\u00e9ries prendront soin de vous \u00e0 leur tour ! <\/b><\/p>\n<p>Cet organisme, pour autant que nous le sachions, est un r\u00e9seau de 100 000 milliards de bact\u00e9ries. Il existe jusqu&rsquo;\u00e0 10 000 esp\u00e8ces. Chacun est cens\u00e9 en poss\u00e9der environ 600. Parmi elles, 30 esp\u00e8ces sont essentielles !<\/p>\n<p>Votre microbiome est un r\u00e9seau de liens qui communiquent entre eux et m\u00eame avec votre cerveau. (J&rsquo;ai faim. Je suis rassasi\u00e9, ou j&rsquo;ai besoin d&rsquo;aller aux toilettes, j&rsquo;ai des papillons dans l&rsquo;estomac, etc.)<\/p>\n<p>Chaque lien a une t\u00e2che \u00e0 accomplir et la nature est si intelligente qu&rsquo;il existe un groupe de bact\u00e9ries pour chaque t\u00e2che. Si vous manquez une esp\u00e8ce, en raison d&rsquo;une utilisation prolong\u00e9e ou fr\u00e9quente d&rsquo;antibiotiques, par exemple, ce n&rsquo;est pas forc\u00e9ment une mauvaise chose. Mais si, \u00e0 un moment donn\u00e9, vous manquez toutes les esp\u00e8ces de ce lien, alors cette t\u00e2che ne sera plus accomplie !<\/p>\n<p><strong>Si un lien est d\u00e9faillant, vous pouvez le comparer \u00e0 la roue d&rsquo;une montre suisse qui cesse de fonctionner. Votre horloge fonctionne toujours, mais soudainement cette fonction ne fonctionne plus, puis soudainement la fonction suivante ne fonctionne plus, etc. <\/strong><\/p>\n<p>Et ce n&rsquo;est pas le seul probl\u00e8me. Avec la disparition des esp\u00e8ces, d&rsquo;autres bact\u00e9ries, bonnes ou mauvaises, ont pu se (sur)d\u00e9velopper. Votre flore intestinale, votre \u00e9cosyst\u00e8me, s&rsquo;est d\u00e9s\u00e9quilibr\u00e9&#8230;.<\/p>\n<p><strong>La croissance excessive peut \u00eatre compar\u00e9e \u00e0 un animal dans un \u00e9cosyst\u00e8me qui se retrouve soudainement \u00e0 court d&rsquo;ennemis.<\/strong><\/p>\n<h2><a href=\"https:\/\/gezonde-darmflora.nl\/fr\/testez-vous-compilez\/\"><b><i>Cliquez ici pour un test de microbiome<\/i><\/b><\/a><\/h2>\n<p>Vous obtenez exactement le m\u00eame rapport sur le microbiome que nos donateurs. Vous pouvez donc voir avec quel donneur vous avez le plus de chances de r\u00e9ussir.<\/p>\n<p>Les esp\u00e8ces bact\u00e9riennes que vous avez oubli\u00e9es ou dont vous vous \u00eates d\u00e9barrass\u00e9es, vous devez en obtenir le plus possible du donneur. Esp\u00e8ces bact\u00e9riennes qui ont prolif\u00e9r\u00e9 sur vous, vous en voulez le moins possible du donneur.<\/p>\n<p><strong>Remarque : les gens ne connaissent que 15 \u00e0 20 % du microbiome. <\/strong><\/p>\n<p><strong>Le processus allant de la soumission au rapport final peut prendre jusqu&rsquo;\u00e0 un mois.<\/strong>[\/vc_column_text][\/vc_column][\/vc_row][\/vc_section][vc_row content_placement=\u00a0\u00bbmiddle\u00a0\u00bb][vc_column width=\u00a0\u00bb1\/2&Prime;]<div class=\"eye_empty_space pt-md-5 pb-md-5   pt-4 pb-4\"><\/div>[vc_column_text css=\u00a0\u00bb\u00a0\u00bb]<\/p>\n<h2><b>Pathog\u00e8nes : Testez les agents pathog\u00e8nes pr\u00e9sents dans votre corps. <\/b><\/h2>\n<p>Malheureusement, vous ne pouvez pas \u00e9viter de contracter des agents pathog\u00e8nes. Un parasite, par exemple, est tr\u00e8s courant et tr\u00e8s contagieux. Si quelqu&rsquo;un en a un, qu&rsquo;il ne s&rsquo;est pas lav\u00e9 les mains et qu&rsquo;il vous pr\u00e9pare un bon sandwich&#8230;.<\/p>\n<p>Il existe bien s\u00fbr de nombreux types de pathog\u00e8nes.<\/p>\n<h2><a href=\"https:\/\/gezonde-darmflora.nl\/fr\/choisissez-votre-region-de-test\/\"><b><i>Cliquez ici pour les tests de d\u00e9pistage des agents pathog\u00e8nes <\/i><\/b><\/a><\/h2>\n<p>Vous recevrez un r\u00e9sum\u00e9 de MGlab et des conseils avec une explication claire et une th\u00e9rapie naturelle ou des conseils sur les agents pathog\u00e8nes trouv\u00e9s.<\/p>\n<p>La plupart des tests sont effectu\u00e9s \u00e0 l&rsquo;aide de la technique PCR.<\/p>\n<p><a href=\"https:\/\/gezonde-darmflora.nl\/fr\/explication-des-tests-pcr-par-notre-technicien-de-laboratoire-principal\/\"><b>Cliquez ici pour une explication des tests PCR par notre technicien de laboratoire principal.<\/b> <\/a>[\/vc_column_text]<div class=\"eye_empty_space pt-md-5 pb-md-5   pt-4 pb-4\"><\/div>[\/vc_column][vc_column offset=\u00a0\u00bbvc_col-md-4&Prime; el_class=\u00a0\u00bbmb-5 mb-lg-0&Prime;][vc_single_image image=\u00a0\u00bb10788&Prime; img_size=\u00a0\u00bbfull\u00a0\u00bb css=\u00a0\u00bb\u00a0\u00bb][\/vc_column][\/vc_row][vc_section full_width=\u00a0\u00bbstretch_row\u00a0\u00bb el_class=\u00a0\u00bbbg-green\u00a0\u00bb][vc_row gap=\u00a0\u00bb15&Prime; equal_height=\u00a0\u00bbyes\u00a0\u00bb][vc_column width=\u00a0\u00bb1\/4&Prime;]\r\n    <div class=\"blob-image-wrap\">\r\n        <img decoding=\"async\" src=\"https:\/\/gezonde-darmflora.nl\/wp-content\/uploads\/2024\/04\/annette-500.jpg\">\r\n    <\/div>\r\n    <p class=\"blob-image__caption\"><\/p>\r\n\r\n    [\/vc_column][vc_column width=\u00a0\u00bb3\/4&Prime;][vc_column_text css=\u00a0\u00bb\u00a0\u00bb]<\/p>\n<h1><b>Annette ter Heijden, <\/b><\/h1>\n<p>En mati\u00e8re de nutrition, de pathog\u00e8nes (agents pathog\u00e8nes) et de microbiome, Annette est la personne qu&rsquo;il vous faut. La premi\u00e8re ligne d&rsquo;assistance de notre laboratoire !<\/p>\n<p>Une v\u00e9ritable experte de la \u00ab\u00a0nutrition pour l&rsquo;intestin\u00a0\u00bb et une ancienne sportive de haut niveau.<\/p>\n<p><b>Demandez un entretien en ligne avec Annette ! <\/b><\/p>\n<p><b> <a href=\"https:\/\/www.fysikosvoeding.nl\/contact\/\">annette@fysikosvoeding.nl <\/a><\/b><\/p>\n<p><a href=\"https:\/\/www.fysikosvoeding.nl\/\">(physikosnutrition.co.uk)<\/a><\/p>\n<p><b>Gr\u00e2ce \u00e0 un questionnaire et \u00e0 une conversation, Annette peut donner des conseils cibl\u00e9s sur ce qui vous convient le mieux et vous pouvez discuter d&rsquo;un plan de traitement avec elle si n\u00e9cessaire.<\/b><\/p>\n<p>Annette a plus de 20 ans d&rsquo;exp\u00e9rience dans le domaine de la \u00ab\u00a0nutrition pour l&rsquo;intestin\u00a0\u00bb et donne des conf\u00e9rences et des ateliers. Dans le cadre de conseils personnalis\u00e9s, elle vous aide \u00e0 r\u00e9fl\u00e9chir et vous donne des conseils pour que l&rsquo;alimentation soit r\u00e9alisable et efficace dans votre propre situation. L&rsquo;ex\u00e9cution, bien s\u00fbr, d\u00e9pend de vous !<\/p>\n<p>Annette est tr\u00e8s au fait des tests de d\u00e9pistage des agents pathog\u00e8nes et des d\u00e9veloppements d&rsquo;un nouveau ph\u00e9nom\u00e8ne, le rapport sur le microbiome.<\/p>\n<p>Elle s&rsquo;est associ\u00e9e \u00e0 une autre th\u00e9rapeute de kPNI, Jolanda Dorenbos. Ensemble, elles ont fond\u00e9 darmexpert.nl et enseignent aux th\u00e9rapeutes, di\u00e9t\u00e9ticiens et m\u00e9decins.<\/p>\n<p>Jolanda a 25 ans d&rsquo;exp\u00e9rience et est l&rsquo;auteur du livre \u00ab\u00a0OERsterk koken\u00a0\u00bb.[\/vc_column_text][\/vc_column][\/vc_row][\/vc_section][vc_row content_placement=\u00a0\u00bbbottom\u00a0\u00bb][vc_column width=\u00a0\u00bb1\/12&Prime;][\/vc_column][vc_column width=\u00a0\u00bb5\/6&Prime;]<div class=\"eye_empty_space pt-md-5 pb-md-5   pt-4 pb-4\"><\/div>[vc_column_text css=\u00a0\u00bb\u00a0\u00bb]<strong>Remarque<\/strong>: \u00e9tant donn\u00e9 qu&rsquo;il n&rsquo;y a pas d&rsquo;autres recherches et qu&rsquo;une transplantation n&rsquo;est donc pas cliniquement prouv\u00e9e, l&rsquo;achat des capsules de caca et des paquets de flore intestinale, et ce que vous en faites, est enti\u00e8rement sous votre propre responsabilit\u00e9. Veuillez donc lire attentivement les <a href=\"https:\/\/gezonde-darmflora.nl\/fr\/conditions-generales-dutilisation\/\">conditions g\u00e9n\u00e9rales<\/a> avant de signer.[\/vc_column_text]<div class=\"eye_empty_space pt-md-5 pb-md-5   pt-4 pb-4\"><\/div>[\/vc_column][vc_column width=\u00a0\u00bb1\/12&Prime;][\/vc_column][\/vc_row][vc_section full_width=\u00a0\u00bbstretch_row\u00a0\u00bb el_class=\u00a0\u00bbbg-green\u00a0\u00bb][vc_row][vc_column]<div class=\"eye_empty_space pt-md-4 pb-md-4   pt-3 pb-3\"><\/div>\r\n    <div class=\"home-reviews\">\r\n        <div class=\"row d-flex\">\r\n                                                <div class=\"col-lg-4 d-flex\">\r\n                        <div class=\"review-card\">\r\n                            <h6>N<\/h6>\r\n                            <span style=\"font-size: 1rem\">DF7\" \"DF6<\/span>\r\n                            <div class=\"review-card__stars\">\r\n                                <i class=\"fas fa-star\"><\/i>\r\n                                <i class=\"fas fa-star\"><\/i>\r\n                                <i class=\"fas fa-star\"><\/i>\r\n                                <i class=\"fas fa-star\"><\/i>\r\n                                <i class=\"fas fa-star\"><\/i>\r\n                            <\/div>\r\n\r\n                            <p>J&rsquo;avais vraiment peur de faire cette proc\u00e9dure, mais je suis vraiment contente de l&rsquo;avoir faite. J&rsquo;avais d\u00e9truit ma flore intestinale avec des antibiotiques en essayant de r\u00e9soudre mon intol\u00e9rance \u00e0 l&rsquo;histamine. J&rsquo;\u00e9tais pratiquement clou\u00e9e sur le canap\u00e9 et je souffrais constamment \u00e0 cause de mes probl\u00e8mes intestinaux. J&rsquo;avais \u00e9galement des probl\u00e8mes mentaux tr\u00e8s graves depuis\u2026 <a href=\"https:\/\/gezonde-darmflora.nl\/fr\/review\/n\/\">En savoir plus &raquo;<\/a><\/p>\r\n                        <\/div>\r\n                    <\/div>\r\n                                    <div class=\"col-lg-4 d-flex\">\r\n                        <div class=\"review-card\">\r\n                            <h6>Anonyme (USA)<\/h6>\r\n                            <span style=\"font-size: 1rem\">DF7 DF6<\/span>\r\n                            <div class=\"review-card__stars\">\r\n                                <i class=\"fas fa-star\"><\/i>\r\n                                <i class=\"fas fa-star\"><\/i>\r\n                                <i class=\"fas fa-star\"><\/i>\r\n                                <i class=\"fas fa-star\"><\/i>\r\n                                <i class=\"fas fa-star\"><\/i>\r\n                            <\/div>\r\n\r\n                            <p>Ce produit a litt\u00e9ralement chang\u00e9 ma vie. Outre des probl\u00e8mes d&rsquo;estomac et d&rsquo;intestin, j&rsquo;ai souffert pendant des ann\u00e9es d&rsquo;une fatigue d\u00e9bilitante, de douleurs chroniques, d&rsquo;un brouillard c\u00e9r\u00e9bral et de graves allergies. Je me sentais constamment mal, je pouvais \u00e0 peine fonctionner et je ne pouvais faire que le strict minimum pour survivre, et parfois m\u00eame\u2026 <a href=\"https:\/\/gezonde-darmflora.nl\/fr\/review\/anonyme-usa\/\">En savoir plus &raquo;<\/a><\/p>\r\n                        <\/div>\r\n                    <\/div>\r\n                                    <div class=\"col-lg-4 d-flex\">\r\n                        <div class=\"review-card\">\r\n                            <h6>Javier (Espagne)<\/h6>\r\n                            <span style=\"font-size: 1rem\">DF6<\/span>\r\n                            <div class=\"review-card__stars\">\r\n                                <i class=\"fas fa-star\"><\/i>\r\n                                <i class=\"fas fa-star\"><\/i>\r\n                                <i class=\"fas fa-star\"><\/i>\r\n                                <i class=\"fas fa-star\"><\/i>\r\n                                <i class=\"fas fa-star\"><\/i>\r\n                            <\/div>\r\n\r\n                            <p>Pr\u00e8s d&rsquo;un an apr\u00e8s le premier TMF (DF6), je peux vous assurer qu&rsquo;il s&rsquo;agit d&rsquo;un outil tr\u00e8s utile. Je souffrais d&rsquo;une disbiose domin\u00e9e par P. Copri, mais j&rsquo;ai r\u00e9ussi \u00e0 r\u00e9\u00e9quilibrer et \u00e0 stabiliser la flore gr\u00e2ce \u00e0 l&rsquo;ajustement de l&rsquo;alimentation, des suppl\u00e9ments et des TMF. P. Copri est aujourd&rsquo;hui beaucoup moins abondant et le\u2026 <a href=\"https:\/\/gezonde-darmflora.nl\/fr\/review\/javier-espagne\/\">En savoir plus &raquo;<\/a><\/p>\r\n                        <\/div>\r\n                    <\/div>\r\n                                    <\/div>\r\n\r\n    <\/div>\r\n\r\n    [\/vc_column][\/vc_row][\/vc_section][vc_row full_width=\u00a0\u00bbstretch_row_content_no_spaces\u00a0\u00bb css=\u00a0\u00bb.vc_custom_1593680854494{margin-bottom: -10rem !important;}\u00a0\u00bb][vc_column]\r\n    <a href=\"https:\/\/gezonde-darmflora.nl\/poeppillen-bestellen\/\" target=\"\" class=\"no-underline\">\r\n\r\n        <div class=\"cta\" style=\"background-image: url('https:\/\/gezonde-darmflora.nl\/wp-content\/uploads\/2020\/08\/darmflora-gezondheid.jpg')\">\r\n            <div class=\"container\">\r\n                <div class=\"row\">\r\n                    <div class=\"col-12\">\r\n                        <p>\r\n                            <\/p>\n<h3>Aidez votre flore intestinale \u00e0 rester en bonne sant\u00e9 ?<\/h3>\n<h4>Vous trouverez tout ce dont vous avez besoin dans notre magasin.<\/h4>\n<p>                        <\/p>\r\n                        <div class=\"cta__button svg-btn svg-btn-darkgreen\">\r\n                            <svg xmlns=\"http:\/\/www.w3.org\/2000\/svg\" width=\"50\" height=\"50\" viewBox=\"0 0 55 50\"><defs><\/defs><g id=\"Layer_2\" data-name=\"Layer 2\"><g id=\"Layer_1-2\" data-name=\"Layer 1\"><path width=\"100%\" height=\"100%\" class=\"anime\" d=\"M1.16,31.86C5.61,44.26,19.3,52,32.23,49.6C40.23,48.11,48.89,42.33,51.61,34.400000000000006C53.61,28.510000000000005,51.839999999999996,22.550000000000004,49.23,17.210000000000004C46.23,10.990000000000006,43.06999999999999,4.210000000000004,36.29,1.270000000000005C31,-1,24.8,0,19.64,2.49A45,45,0,0,0,10.57,8.66C8.39,10.5,5.430000000000001,12.280000000000001,3.6400000000000006,14.46C-0.3,19.28,-0.9,26.13,1.16,31.86Z\"\/><\/g><\/g><\/svg>\r\n                            <i class=\"far fa-long-arrow-alt-right\"><\/i>\r\n                        <\/div>\r\n                    <\/div>\r\n                <\/div>\r\n            <\/div>\r\n        <\/div>\r\n\r\n    <\/a>\r\n\r\n    [\/vc_column][\/vc_row]<\/p>\n<\/div>","protected":false},"excerpt":{"rendered":"<p>[vc_row full_width=\u00a0\u00bbstretch_row_content_no_spaces\u00a0\u00bb][vc_column][\/vc_column][\/vc_row][vc_row][vc_column offset=\u00a0\u00bbvc_col-md-8&Prime;][vc_column_text css=\u00a0\u00bb\u00a0\u00bb]La FMT consiste \u00e0 reconstituer les bact\u00e9ries manquantes afin de r\u00e9tablir l&rsquo;\u00e9quilibre de votre flore intestinale, \u00ab\u00a0votre \u00e9cosyst\u00e8me\u00a0\u00bb. Aujourd&rsquo;hui, un test de microbiome est un bon moyen de d\u00e9terminer \u00e0 quoi ressemble votre \u00e9cosyst\u00e8me. Avec le test des pathog\u00e8nes , nous mesurons depuis des ann\u00e9es les \u00a0\u00bb pathog\u00e8nes \u00a0\u00bb qui vivent dans\u2026 <a href=\"https:\/\/gezonde-darmflora.nl\/fr\/review\/javier-espagne\/\">En savoir plus &raquo;<\/a><\/p>\n","protected":false},"author":3,"featured_media":15001,"parent":0,"menu_order":0,"comment_status":"closed","ping_status":"closed","template":"","meta":{"_acf_changed":false,"footnotes":""},"class_list":["post-14997","page","type-page","status-publish","has-post-thumbnail","hentry"],"acf":[],"yoast_head":"<!-- This site is optimized with the Yoast SEO plugin v27.1.1 - https:\/\/yoast.com\/product\/yoast-seo-wordpress\/ -->\n<title>&#8211; Analyse de la flore intestinale Gezonde Darmflora<\/title>\n<meta name=\"description\" content=\"Comme nous devions chercher nous-m\u00eames un laboratoire pour tester les mati\u00e8res f\u00e9cales des donneurs &quot;potentiels&quot; en notre nom, nous avons imm\u00e9diatement demand\u00e9 \u00e0 pr\u00e9parer des &quot;kits de test de la flore intestinale&quot;.\" \/>\n<meta name=\"robots\" content=\"index, follow, max-snippet:-1, max-image-preview:large, max-video-preview:-1\" \/>\n<link rel=\"canonical\" href=\"https:\/\/gezonde-darmflora.nl\/fr\/testez-vous\/\" \/>\n<meta property=\"og:locale\" content=\"fr_FR\" \/>\n<meta property=\"og:type\" content=\"article\" \/>\n<meta property=\"og:title\" content=\"&#8211; Analyse de la flore intestinale Gezonde Darmflora\" \/>\n<meta property=\"og:description\" content=\"Comme nous devions chercher nous-m\u00eames un laboratoire pour tester les mati\u00e8res f\u00e9cales des donneurs &quot;potentiels&quot; en notre nom, nous avons imm\u00e9diatement demand\u00e9 \u00e0 pr\u00e9parer des &quot;kits de test de la flore intestinale&quot;.\" \/>\n<meta property=\"og:url\" content=\"https:\/\/gezonde-darmflora.nl\/fr\/testez-vous\/\" \/>\n<meta property=\"og:site_name\" content=\"Gezonde Darmflora\" \/>\n<meta property=\"article:modified_time\" content=\"2025-09-22T13:35:25+00:00\" \/>\n<meta property=\"og:image\" content=\"https:\/\/gezonde-darmflora.nl\/wp-content\/uploads\/2023\/08\/entertypen-website-nieuw-2.png\" \/>\n\t<meta property=\"og:image:width\" content=\"1987\" \/>\n\t<meta property=\"og:image:height\" content=\"2451\" \/>\n\t<meta property=\"og:image:type\" content=\"image\/png\" \/>\n<meta name=\"twitter:card\" content=\"summary_large_image\" \/>\n<meta name=\"twitter:label1\" content=\"Dur\u00e9e de lecture estim\u00e9e\" \/>\n\t<meta name=\"twitter:data1\" content=\"5 minutes\" \/>\n<script type=\"application\/ld+json\" class=\"yoast-schema-graph\">{\"@context\":\"https:\/\/schema.org\",\"@graph\":[{\"@type\":\"WebPage\",\"@id\":\"https:\/\/gezonde-darmflora.nl\/fr\/testez-vous\/\",\"url\":\"https:\/\/gezonde-darmflora.nl\/fr\/testez-vous\/\",\"name\":\"&#8211; Analyse de la flore intestinale Gezonde Darmflora\",\"isPartOf\":{\"@id\":\"https:\/\/gezonde-darmflora.nl\/fr\/#website\"},\"primaryImageOfPage\":{\"@id\":\"https:\/\/gezonde-darmflora.nl\/fr\/testez-vous\/#primaryimage\"},\"image\":{\"@id\":\"https:\/\/gezonde-darmflora.nl\/fr\/testez-vous\/#primaryimage\"},\"thumbnailUrl\":\"https:\/\/gezonde-darmflora.nl\/wp-content\/uploads\/2023\/08\/entertypen-website-nieuw-2.png\",\"datePublished\":\"2021-03-08T16:17:33+00:00\",\"dateModified\":\"2025-09-22T13:35:25+00:00\",\"description\":\"Comme nous devions chercher nous-m\u00eames un laboratoire pour tester les mati\u00e8res f\u00e9cales des donneurs \\\"potentiels\\\" en notre nom, nous avons imm\u00e9diatement demand\u00e9 \u00e0 pr\u00e9parer des \\\"kits de test de la flore intestinale\\\".\",\"breadcrumb\":{\"@id\":\"https:\/\/gezonde-darmflora.nl\/fr\/testez-vous\/#breadcrumb\"},\"inLanguage\":\"fr-FR\",\"potentialAction\":[{\"@type\":\"ReadAction\",\"target\":[\"https:\/\/gezonde-darmflora.nl\/fr\/testez-vous\/\"]}]},{\"@type\":\"ImageObject\",\"inLanguage\":\"fr-FR\",\"@id\":\"https:\/\/gezonde-darmflora.nl\/fr\/testez-vous\/#primaryimage\",\"url\":\"https:\/\/gezonde-darmflora.nl\/wp-content\/uploads\/2023\/08\/entertypen-website-nieuw-2.png\",\"contentUrl\":\"https:\/\/gezonde-darmflora.nl\/wp-content\/uploads\/2023\/08\/entertypen-website-nieuw-2.png\",\"width\":1987,\"height\":2451},{\"@type\":\"BreadcrumbList\",\"@id\":\"https:\/\/gezonde-darmflora.nl\/fr\/testez-vous\/#breadcrumb\",\"itemListElement\":[{\"@type\":\"ListItem\",\"position\":1,\"name\":\"Home\",\"item\":\"https:\/\/gezonde-darmflora.nl\/fr\/\"},{\"@type\":\"ListItem\",\"position\":2,\"name\":\"Testez-vous\"}]},{\"@type\":\"WebSite\",\"@id\":\"https:\/\/gezonde-darmflora.nl\/fr\/#website\",\"url\":\"https:\/\/gezonde-darmflora.nl\/fr\/\",\"name\":\"Gezonde Darmflora\",\"description\":\"Een gezonde &amp; natuurlijke darmflora\",\"potentialAction\":[{\"@type\":\"SearchAction\",\"target\":{\"@type\":\"EntryPoint\",\"urlTemplate\":\"https:\/\/gezonde-darmflora.nl\/fr\/?s={search_term_string}\"},\"query-input\":{\"@type\":\"PropertyValueSpecification\",\"valueRequired\":true,\"valueName\":\"search_term_string\"}}],\"inLanguage\":\"fr-FR\"}]}<\/script>\n<!-- \/ Yoast SEO plugin. -->","yoast_head_json":{"title":"&#8211; Analyse de la flore intestinale Gezonde Darmflora","description":"Comme nous devions chercher nous-m\u00eames un laboratoire pour tester les mati\u00e8res f\u00e9cales des donneurs \"potentiels\" en notre nom, nous avons imm\u00e9diatement demand\u00e9 \u00e0 pr\u00e9parer des \"kits de test de la flore intestinale\".","robots":{"index":"index","follow":"follow","max-snippet":"max-snippet:-1","max-image-preview":"max-image-preview:large","max-video-preview":"max-video-preview:-1"},"canonical":"https:\/\/gezonde-darmflora.nl\/fr\/testez-vous\/","og_locale":"fr_FR","og_type":"article","og_title":"&#8211; Analyse de la flore intestinale Gezonde Darmflora","og_description":"Comme nous devions chercher nous-m\u00eames un laboratoire pour tester les mati\u00e8res f\u00e9cales des donneurs \"potentiels\" en notre nom, nous avons imm\u00e9diatement demand\u00e9 \u00e0 pr\u00e9parer des \"kits de test de la flore intestinale\".","og_url":"https:\/\/gezonde-darmflora.nl\/fr\/testez-vous\/","og_site_name":"Gezonde Darmflora","article_modified_time":"2025-09-22T13:35:25+00:00","og_image":[{"width":1987,"height":2451,"url":"https:\/\/gezonde-darmflora.nl\/wp-content\/uploads\/2023\/08\/entertypen-website-nieuw-2.png","type":"image\/png"}],"twitter_card":"summary_large_image","twitter_misc":{"Dur\u00e9e de lecture estim\u00e9e":"5 minutes"},"schema":{"@context":"https:\/\/schema.org","@graph":[{"@type":"WebPage","@id":"https:\/\/gezonde-darmflora.nl\/fr\/testez-vous\/","url":"https:\/\/gezonde-darmflora.nl\/fr\/testez-vous\/","name":"&#8211; Analyse de la flore intestinale Gezonde Darmflora","isPartOf":{"@id":"https:\/\/gezonde-darmflora.nl\/fr\/#website"},"primaryImageOfPage":{"@id":"https:\/\/gezonde-darmflora.nl\/fr\/testez-vous\/#primaryimage"},"image":{"@id":"https:\/\/gezonde-darmflora.nl\/fr\/testez-vous\/#primaryimage"},"thumbnailUrl":"https:\/\/gezonde-darmflora.nl\/wp-content\/uploads\/2023\/08\/entertypen-website-nieuw-2.png","datePublished":"2021-03-08T16:17:33+00:00","dateModified":"2025-09-22T13:35:25+00:00","description":"Comme nous devions chercher nous-m\u00eames un laboratoire pour tester les mati\u00e8res f\u00e9cales des donneurs \"potentiels\" en notre nom, nous avons imm\u00e9diatement demand\u00e9 \u00e0 pr\u00e9parer des \"kits de test de la flore intestinale\".","breadcrumb":{"@id":"https:\/\/gezonde-darmflora.nl\/fr\/testez-vous\/#breadcrumb"},"inLanguage":"fr-FR","potentialAction":[{"@type":"ReadAction","target":["https:\/\/gezonde-darmflora.nl\/fr\/testez-vous\/"]}]},{"@type":"ImageObject","inLanguage":"fr-FR","@id":"https:\/\/gezonde-darmflora.nl\/fr\/testez-vous\/#primaryimage","url":"https:\/\/gezonde-darmflora.nl\/wp-content\/uploads\/2023\/08\/entertypen-website-nieuw-2.png","contentUrl":"https:\/\/gezonde-darmflora.nl\/wp-content\/uploads\/2023\/08\/entertypen-website-nieuw-2.png","width":1987,"height":2451},{"@type":"BreadcrumbList","@id":"https:\/\/gezonde-darmflora.nl\/fr\/testez-vous\/#breadcrumb","itemListElement":[{"@type":"ListItem","position":1,"name":"Home","item":"https:\/\/gezonde-darmflora.nl\/fr\/"},{"@type":"ListItem","position":2,"name":"Testez-vous"}]},{"@type":"WebSite","@id":"https:\/\/gezonde-darmflora.nl\/fr\/#website","url":"https:\/\/gezonde-darmflora.nl\/fr\/","name":"Gezonde Darmflora","description":"Een gezonde &amp; natuurlijke darmflora","potentialAction":[{"@type":"SearchAction","target":{"@type":"EntryPoint","urlTemplate":"https:\/\/gezonde-darmflora.nl\/fr\/?s={search_term_string}"},"query-input":{"@type":"PropertyValueSpecification","valueRequired":true,"valueName":"search_term_string"}}],"inLanguage":"fr-FR"}]}},"_links":{"self":[{"href":"https:\/\/gezonde-darmflora.nl\/fr\/wp-json\/wp\/v2\/pages\/14997","targetHints":{"allow":["GET"]}}],"collection":[{"href":"https:\/\/gezonde-darmflora.nl\/fr\/wp-json\/wp\/v2\/pages"}],"about":[{"href":"https:\/\/gezonde-darmflora.nl\/fr\/wp-json\/wp\/v2\/types\/page"}],"author":[{"embeddable":true,"href":"https:\/\/gezonde-darmflora.nl\/fr\/wp-json\/wp\/v2\/users\/3"}],"replies":[{"embeddable":true,"href":"https:\/\/gezonde-darmflora.nl\/fr\/wp-json\/wp\/v2\/comments?post=14997"}],"version-history":[{"count":10,"href":"https:\/\/gezonde-darmflora.nl\/fr\/wp-json\/wp\/v2\/pages\/14997\/revisions"}],"predecessor-version":[{"id":18198,"href":"https:\/\/gezonde-darmflora.nl\/fr\/wp-json\/wp\/v2\/pages\/14997\/revisions\/18198"}],"wp:featuredmedia":[{"embeddable":true,"href":"https:\/\/gezonde-darmflora.nl\/fr\/wp-json\/wp\/v2\/media\/15001"}],"wp:attachment":[{"href":"https:\/\/gezonde-darmflora.nl\/fr\/wp-json\/wp\/v2\/media?parent=14997"}],"curies":[{"name":"wp","href":"https:\/\/api.w.org\/{rel}","templated":true}]}}