{"id":14982,"date":"2020-08-03T13:08:15","date_gmt":"2020-08-03T11:08:15","guid":{"rendered":"https:\/\/gezonde-darmflora.nl\/procedure-de-reclamation\/"},"modified":"2025-01-27T16:17:12","modified_gmt":"2025-01-27T15:17:12","slug":"procedure-de-reclamation","status":"publish","type":"page","link":"https:\/\/gezonde-darmflora.nl\/fr\/procedure-de-reclamation\/","title":{"rendered":"Proc\u00e9dure de r\u00e9clamation"},"content":{"rendered":"<div class=\"wpb-content-wrapper\"><p>[vc_row full_width=\u00a0\u00bbstretch_row_content_no_spaces\u00a0\u00bb][vc_column]\r\n    <div class=\"page-title\">\r\n        <div class=\"container\">\r\n            <div class=\"row\">\r\n                <div class=\"col\">\r\n                    <h1>Que faire en cas de plainte ?<\/h1>\r\n                <\/div>\r\n            <\/div>\r\n        <\/div>\r\n    <\/div>\r\n\r\n    [\/vc_column][\/vc_row][vc_row][vc_column width=\u00a0\u00bb2\/3&Prime;][vc_column_text]Nous serons heureux de vous aider \u00e0 r\u00e9soudre votre probl\u00e8me et\/ou votre plainte. <a href=\"https:\/\/gezonde-darmflora.nl\/fr\/contact\/\">Veuillez<\/a> contacter notre service client\u00e8le. Nous ferons tout notre possible pour traiter votre demande dans les 24 heures*. Vous n&rsquo;\u00eates pas satisfait du traitement de votre plainte ? Veuillez consulter nos conditions g\u00e9n\u00e9rales. *Nous nous effor\u00e7ons de traiter toutes les plaintes\/questions dans les 24 heures, mais votre plainte sera trait\u00e9e dans les 14 jours.<\/p>\n<p>[\/vc_column_text][\/vc_column][vc_column width=\u00a0\u00bb1\/3&Prime;]\r\n    <div class=\"blob-image-wrap\">\r\n        <img decoding=\"async\" src=\"https:\/\/gezonde-darmflora.nl\/wp-content\/uploads\/2020\/08\/Fecale-Microbiota-transplantatie-FMT.jpg\">\r\n    <\/div>\r\n    <p class=\"blob-image__caption\"><\/p>\r\n\r\n    [\/vc_column][\/vc_row][vc_row][vc_column]<div class=\"eye_empty_space pt-md-5 pb-md-5   pt-4 pb-4\"><\/div>[\/vc_column][\/vc_row][vc_row][vc_column width=\u00a0\u00bb1\/3&Prime;][vc_column_text]<\/p>\n<h5>Questions fr\u00e9quemment pos\u00e9es<\/h5>\n<p>Vous avez encore des questions ? Consultez la <a href=\"https:\/\/gezonde-darmflora.nl\/fr\/questions-frequemment-posees\/\">foire aux questions et les r\u00e9ponses<\/a> ici.[\/vc_column_text][\/vc_column][vc_column width=\u00a0\u00bb1\/3&Prime;][vc_column_text]<\/p>\n<h5>Courriel<\/h5>\n<p>Vous pouvez nous contacter via notre <a href=\"https:\/\/gezonde-darmflora.nl\/fr\/contact\/\">formulaire de contact<\/a> ou par e-mail \u00e0 <a href=\"mailto:info@gezonde-darmflora.nl\">info[@]healthy-gutflora.nl<\/a>.[\/vc_column_text][\/vc_column][vc_column width=\u00a0\u00bb1\/3&Prime;][vc_column_text]<\/p>\n<h5>T\u00e9l\u00e9phone<\/h5>\n<p>En semaine, vous pouvez nous joindre par t\u00e9l\u00e9phone entre 10h et 13h, au 06-22226118.[\/vc_column_text][\/vc_column][\/vc_row]<\/p>\n<\/div>","protected":false},"excerpt":{"rendered":"<p>[vc_row full_width=\u00a0\u00bbstretch_row_content_no_spaces\u00a0\u00bb][vc_column][\/vc_column][\/vc_row][vc_row][vc_column width=\u00a0\u00bb2\/3&Prime;][vc_column_text]Nous serons heureux de vous aider \u00e0 r\u00e9soudre votre probl\u00e8me et\/ou votre plainte. Veuillez contacter notre service client\u00e8le. Nous ferons tout notre possible pour traiter votre demande dans les 24 heures*. Vous n&rsquo;\u00eates pas satisfait du traitement de votre plainte ? Veuillez consulter nos conditions g\u00e9n\u00e9rales. *Nous nous effor\u00e7ons de traiter toutes les\u2026 <a href=\"https:\/\/gezonde-darmflora.nl\/fr\/procedure-de-reclamation\/\">En savoir plus &raquo;<\/a><\/p>\n","protected":false},"author":4,"featured_media":0,"parent":0,"menu_order":0,"comment_status":"closed","ping_status":"closed","template":"","meta":{"_acf_changed":false,"footnotes":""},"class_list":["post-14982","page","type-page","status-publish","hentry"],"acf":[],"yoast_head":"<!-- This site is optimized with the Yoast SEO plugin v27.5 - https:\/\/yoast.com\/product\/yoast-seo-wordpress\/ -->\n<title>Proc\u00e9dure de r\u00e9clamation &#8211; Gezonde Darmflora<\/title>\n<meta name=\"robots\" content=\"index, follow, max-snippet:-1, max-image-preview:large, max-video-preview:-1\" \/>\n<link rel=\"canonical\" href=\"https:\/\/gezonde-darmflora.nl\/fr\/procedure-de-reclamation\/\" \/>\n<meta property=\"og:locale\" content=\"fr_FR\" \/>\n<meta property=\"og:type\" content=\"article\" \/>\n<meta property=\"og:title\" content=\"Proc\u00e9dure de r\u00e9clamation &#8211; Gezonde Darmflora\" \/>\n<meta property=\"og:description\" content=\"[vc_row full_width=\u00a0\u00bbstretch_row_content_no_spaces\u00a0\u00bb][vc_column][\/vc_column][\/vc_row][vc_row][vc_column width=\u00a0\u00bb2\/3&Prime;][vc_column_text]Nous serons heureux de vous aider \u00e0 r\u00e9soudre votre probl\u00e8me et\/ou votre plainte. Veuillez contacter notre service client\u00e8le. Nous ferons tout notre possible pour traiter votre demande dans les 24 heures*. Vous n&rsquo;\u00eates pas satisfait du traitement de votre plainte ? Veuillez consulter nos conditions g\u00e9n\u00e9rales. *Nous nous effor\u00e7ons de traiter toutes les\u2026 En savoir plus &raquo;\" \/>\n<meta property=\"og:url\" content=\"https:\/\/gezonde-darmflora.nl\/fr\/procedure-de-reclamation\/\" \/>\n<meta property=\"og:site_name\" content=\"Gezonde Darmflora\" \/>\n<meta property=\"article:modified_time\" content=\"2025-01-27T15:17:12+00:00\" \/>\n<meta name=\"twitter:card\" content=\"summary_large_image\" \/>\n<meta name=\"twitter:label1\" content=\"Dur\u00e9e de lecture estim\u00e9e\" \/>\n\t<meta name=\"twitter:data1\" content=\"1 minute\" \/>\n<script type=\"application\/ld+json\" class=\"yoast-schema-graph\">{\"@context\":\"https:\\\/\\\/schema.org\",\"@graph\":[{\"@type\":\"WebPage\",\"@id\":\"https:\\\/\\\/gezonde-darmflora.nl\\\/fr\\\/procedure-de-reclamation\\\/\",\"url\":\"https:\\\/\\\/gezonde-darmflora.nl\\\/fr\\\/procedure-de-reclamation\\\/\",\"name\":\"Proc\u00e9dure de r\u00e9clamation &#8211; Gezonde Darmflora\",\"isPartOf\":{\"@id\":\"https:\\\/\\\/gezonde-darmflora.nl\\\/fr\\\/#website\"},\"datePublished\":\"2020-08-03T11:08:15+00:00\",\"dateModified\":\"2025-01-27T15:17:12+00:00\",\"breadcrumb\":{\"@id\":\"https:\\\/\\\/gezonde-darmflora.nl\\\/fr\\\/procedure-de-reclamation\\\/#breadcrumb\"},\"inLanguage\":\"fr-FR\",\"potentialAction\":[{\"@type\":\"ReadAction\",\"target\":[\"https:\\\/\\\/gezonde-darmflora.nl\\\/fr\\\/procedure-de-reclamation\\\/\"]}]},{\"@type\":\"BreadcrumbList\",\"@id\":\"https:\\\/\\\/gezonde-darmflora.nl\\\/fr\\\/procedure-de-reclamation\\\/#breadcrumb\",\"itemListElement\":[{\"@type\":\"ListItem\",\"position\":1,\"name\":\"Home\",\"item\":\"https:\\\/\\\/gezonde-darmflora.nl\\\/fr\\\/\"},{\"@type\":\"ListItem\",\"position\":2,\"name\":\"Proc\u00e9dure de r\u00e9clamation\"}]},{\"@type\":\"WebSite\",\"@id\":\"https:\\\/\\\/gezonde-darmflora.nl\\\/fr\\\/#website\",\"url\":\"https:\\\/\\\/gezonde-darmflora.nl\\\/fr\\\/\",\"name\":\"Gezonde Darmflora\",\"description\":\"Een gezonde &amp; natuurlijke darmflora\",\"potentialAction\":[{\"@type\":\"SearchAction\",\"target\":{\"@type\":\"EntryPoint\",\"urlTemplate\":\"https:\\\/\\\/gezonde-darmflora.nl\\\/fr\\\/?s={search_term_string}\"},\"query-input\":{\"@type\":\"PropertyValueSpecification\",\"valueRequired\":true,\"valueName\":\"search_term_string\"}}],\"inLanguage\":\"fr-FR\"}]}<\/script>\n<!-- \/ Yoast SEO plugin. -->","yoast_head_json":{"title":"Proc\u00e9dure de r\u00e9clamation &#8211; Gezonde Darmflora","robots":{"index":"index","follow":"follow","max-snippet":"max-snippet:-1","max-image-preview":"max-image-preview:large","max-video-preview":"max-video-preview:-1"},"canonical":"https:\/\/gezonde-darmflora.nl\/fr\/procedure-de-reclamation\/","og_locale":"fr_FR","og_type":"article","og_title":"Proc\u00e9dure de r\u00e9clamation &#8211; Gezonde Darmflora","og_description":"[vc_row full_width=\u00a0\u00bbstretch_row_content_no_spaces\u00a0\u00bb][vc_column][\/vc_column][\/vc_row][vc_row][vc_column width=\u00a0\u00bb2\/3&Prime;][vc_column_text]Nous serons heureux de vous aider \u00e0 r\u00e9soudre votre probl\u00e8me et\/ou votre plainte. Veuillez contacter notre service client\u00e8le. Nous ferons tout notre possible pour traiter votre demande dans les 24 heures*. Vous n&rsquo;\u00eates pas satisfait du traitement de votre plainte ? Veuillez consulter nos conditions g\u00e9n\u00e9rales. *Nous nous effor\u00e7ons de traiter toutes les\u2026 En savoir plus &raquo;","og_url":"https:\/\/gezonde-darmflora.nl\/fr\/procedure-de-reclamation\/","og_site_name":"Gezonde Darmflora","article_modified_time":"2025-01-27T15:17:12+00:00","twitter_card":"summary_large_image","twitter_misc":{"Dur\u00e9e de lecture estim\u00e9e":"1 minute"},"schema":{"@context":"https:\/\/schema.org","@graph":[{"@type":"WebPage","@id":"https:\/\/gezonde-darmflora.nl\/fr\/procedure-de-reclamation\/","url":"https:\/\/gezonde-darmflora.nl\/fr\/procedure-de-reclamation\/","name":"Proc\u00e9dure de r\u00e9clamation &#8211; Gezonde Darmflora","isPartOf":{"@id":"https:\/\/gezonde-darmflora.nl\/fr\/#website"},"datePublished":"2020-08-03T11:08:15+00:00","dateModified":"2025-01-27T15:17:12+00:00","breadcrumb":{"@id":"https:\/\/gezonde-darmflora.nl\/fr\/procedure-de-reclamation\/#breadcrumb"},"inLanguage":"fr-FR","potentialAction":[{"@type":"ReadAction","target":["https:\/\/gezonde-darmflora.nl\/fr\/procedure-de-reclamation\/"]}]},{"@type":"BreadcrumbList","@id":"https:\/\/gezonde-darmflora.nl\/fr\/procedure-de-reclamation\/#breadcrumb","itemListElement":[{"@type":"ListItem","position":1,"name":"Home","item":"https:\/\/gezonde-darmflora.nl\/fr\/"},{"@type":"ListItem","position":2,"name":"Proc\u00e9dure de r\u00e9clamation"}]},{"@type":"WebSite","@id":"https:\/\/gezonde-darmflora.nl\/fr\/#website","url":"https:\/\/gezonde-darmflora.nl\/fr\/","name":"Gezonde Darmflora","description":"Een gezonde &amp; natuurlijke darmflora","potentialAction":[{"@type":"SearchAction","target":{"@type":"EntryPoint","urlTemplate":"https:\/\/gezonde-darmflora.nl\/fr\/?s={search_term_string}"},"query-input":{"@type":"PropertyValueSpecification","valueRequired":true,"valueName":"search_term_string"}}],"inLanguage":"fr-FR"}]}},"_links":{"self":[{"href":"https:\/\/gezonde-darmflora.nl\/fr\/wp-json\/wp\/v2\/pages\/14982","targetHints":{"allow":["GET"]}}],"collection":[{"href":"https:\/\/gezonde-darmflora.nl\/fr\/wp-json\/wp\/v2\/pages"}],"about":[{"href":"https:\/\/gezonde-darmflora.nl\/fr\/wp-json\/wp\/v2\/types\/page"}],"author":[{"embeddable":true,"href":"https:\/\/gezonde-darmflora.nl\/fr\/wp-json\/wp\/v2\/users\/4"}],"replies":[{"embeddable":true,"href":"https:\/\/gezonde-darmflora.nl\/fr\/wp-json\/wp\/v2\/comments?post=14982"}],"version-history":[{"count":6,"href":"https:\/\/gezonde-darmflora.nl\/fr\/wp-json\/wp\/v2\/pages\/14982\/revisions"}],"predecessor-version":[{"id":15014,"href":"https:\/\/gezonde-darmflora.nl\/fr\/wp-json\/wp\/v2\/pages\/14982\/revisions\/15014"}],"wp:attachment":[{"href":"https:\/\/gezonde-darmflora.nl\/fr\/wp-json\/wp\/v2\/media?parent=14982"}],"curies":[{"name":"wp","href":"https:\/\/api.w.org\/{rel}","templated":true}]}}