{"id":14954,"date":"2020-08-03T13:05:39","date_gmt":"2020-08-03T11:05:39","guid":{"rendered":"https:\/\/gezonde-darmflora.nl\/commande-et-paiement\/"},"modified":"2025-01-27T16:17:03","modified_gmt":"2025-01-27T15:17:03","slug":"commande-et-paiement","status":"publish","type":"page","link":"https:\/\/gezonde-darmflora.nl\/fr\/commande-et-paiement\/","title":{"rendered":"Commande et paiement"},"content":{"rendered":"<div class=\"wpb-content-wrapper\"><p>[vc_row full_width=\u00a0\u00bbstretch_row_content_no_spaces\u00a0\u00bb][vc_column]\r\n    <div class=\"page-title\">\r\n        <div class=\"container\">\r\n            <div class=\"row\">\r\n                <div class=\"col\">\r\n                    <h1>Commande et paiement<\/h1>\r\n                <\/div>\r\n            <\/div>\r\n        <\/div>\r\n    <\/div>\r\n\r\n    [\/vc_column][\/vc_row][vc_row][vc_column width=\u00a0\u00bb2\/3&Prime;][vc_column_text css=\u00a0\u00bb\u00a0\u00bb]<strong>Allez \u00e0 la \u00ab\u00a0boutique\u00a0\u00bb :<\/strong><\/p>\n<p>Vous commandez en cliquant sur le panier du donateur de votre choix. Le <a href=\"https:\/\/gezonde-darmflora.nl\/fr\/expedition-et-livraison\/\">jour d&rsquo;exp\u00e9dition standard<\/a> est le lundi. Un pot de 23 ou 24 capsules taille 000. Un lavement est de 55ml. Vous voulez faire la transplantation le samedi ? Dans ce cas, n&rsquo;oubliez pas d&rsquo;acheter vous-m\u00eame de la glace s\u00e8che suppl\u00e9mentaire et de r\u00e9approvisionner la bo\u00eete d&rsquo;eps \u00e0 temps.     <\/p>\n<p><strong>Passez \u00e0 la caisse :<\/strong><\/p>\n<p>Saisissez vos coordonn\u00e9es et indiquez le lundi o\u00f9 vous souhaitez que votre commande soit exp\u00e9di\u00e9e. Choisissez votre mode de paiement. Paiement avec IDEAL*. Apr\u00e8s r\u00e9ception de votre paiement, vous recevrez un e-mail de confirmation avec votre commande et la preuve de votre paiement. Vous recevrez \u00e9galement un code de r\u00e9duction valable pendant un an. Vous pouvez utiliser ce code pour \u00e9crire un commentaire et vous pouvez utiliser ce code pour une deuxi\u00e8me commande (si n\u00e9cessaire). Vous b\u00e9n\u00e9ficierez alors d&rsquo;une r\u00e9duction de 25 euros. Vous passez une troisi\u00e8me commande dans l&rsquo;ann\u00e9e ? Dans ce cas, utilisez \u00e0 nouveau ce bon de r\u00e9duction. La r\u00e9duction sur votre troisi\u00e8me commande sera alors de 50 euros.    <\/p>\n<p><strong>Plusieurs commandes simultan\u00e9es :<\/strong><\/p>\n<p>Si vous le faites la premi\u00e8re fois, les codes de r\u00e9duction seront d\u00e9j\u00e0 automatiquement calcul\u00e9s et trait\u00e9s pour vous. S&rsquo;il s&rsquo;agit d&rsquo;un donateur, vous pouvez en augmenter le nombre dans \u00ab\u00a0mon panier\u00a0\u00bb. Voulez-vous plusieurs donateurs ? (s&rsquo;il y a plusieurs donateurs) Cliquez sur le premier donateur et commandez, puis allez dans &lsquo;continuer mes achats&rsquo; et cliquez sur un autre donateur. <\/p>\n<h2>*iDEAL<\/h2>\n<p>Avec iDEAL, vous pouvez payer vos achats en ligne en toute s\u00e9curit\u00e9 et en toute simplicit\u00e9. iDEAL est le syst\u00e8me qui vous relie directement \u00e0 votre application de banque en ligne lorsque vous effectuez un achat en ligne. Pour utiliser iDEAL, vous n&rsquo;avez pas besoin de vous inscrire, de t\u00e9l\u00e9charger des fichiers ou de cr\u00e9er un compte. Si vous utilisez les services bancaires en ligne d&rsquo;ABN AMRO, Fortis, ING, Rabobank ou SNS Bank, vous pouvez payer directement avec iDEAL. Vous payez rapidement et facilement dans l&rsquo;environnement de paiement en ligne familier de votre propre banque. Payez comme vous en avez l&rsquo;habitude.     <\/p>\n<h3>Comment fonctionne iDEAL ?<\/h3>\n<ol>\n<li>Vous commandez un produit et choisissez iDEAL comme mode de paiement<\/li>\n<li>S\u00e9lectionnez la banque o\u00f9 vous effectuez d\u00e9j\u00e0 vos op\u00e9rations bancaires en ligne<\/li>\n<li>Vous acc\u00e9dez directement \u00e0 l&rsquo;application de banque en ligne de votre banque.<\/li>\n<li>Les donn\u00e9es relatives \u00e0 votre achat sont d\u00e9j\u00e0 renseign\u00e9es<\/li>\n<li>Vous approuvez le paiement de la mani\u00e8re qui vous est famili\u00e8re<\/li>\n<li>Vous recevrez une confirmation de la banque<\/li>\n<li>Vous retournez \u00e0 la boutique en ligne, la commande et le paiement ont \u00e9t\u00e9 effectu\u00e9s avec succ\u00e8s.<\/li>\n<\/ol>\n<p>[\/vc_column_text][\/vc_column][vc_column width=\u00a0\u00bb1\/3&Prime;]\r\n    <div class=\"blob-image-wrap\">\r\n        <img decoding=\"async\" src=\"https:\/\/gezonde-darmflora.nl\/wp-content\/uploads\/2020\/08\/poeppillen-bestellen.jpg\">\r\n    <\/div>\r\n    <p class=\"blob-image__caption\"><\/p>\r\n\r\n    [\/vc_column][\/vc_row][vc_row][vc_column]<div class=\"eye_empty_space pt-md-5 pb-md-5   pt-4 pb-4\"><\/div>[\/vc_column][\/vc_row][vc_row][vc_column width=\u00a0\u00bb1\/3&Prime;][vc_column_text]<\/p>\n<h5>Questions fr\u00e9quemment pos\u00e9es<\/h5>\n<p>Vous avez encore des questions ? Consultez la <a href=\"https:\/\/gezonde-darmflora.nl\/fr\/questions-frequemment-posees\/\">foire aux questions et les r\u00e9ponses<\/a> ici.[\/vc_column_text][\/vc_column][vc_column width=\u00a0\u00bb1\/3&Prime;][vc_column_text]<\/p>\n<h5>Courriel<\/h5>\n<p>Vous pouvez nous contacter via notre <a href=\"https:\/\/gezonde-darmflora.nl\/fr\/contact\/\">formulaire de contact<\/a> ou par e-mail \u00e0 <a href=\"mailto:info@gezonde-darmflora.nl\">info[@]healthy-gutflora.nl<\/a>.[\/vc_column_text][\/vc_column][vc_column width=\u00a0\u00bb1\/3&Prime;][vc_column_text]<\/p>\n<h5>T\u00e9l\u00e9phone<\/h5>\n<p>Les lundi, mardi et mercredi, vous pouvez nous joindre par t\u00e9l\u00e9phone entre 12 et 14 heures, au 06-22226118.[\/vc_column_text][\/vc_column][\/vc_row]<\/p>\n<\/div>","protected":false},"excerpt":{"rendered":"<p>[vc_row full_width=\u00a0\u00bbstretch_row_content_no_spaces\u00a0\u00bb][vc_column][\/vc_column][\/vc_row][vc_row][vc_column width=\u00a0\u00bb2\/3&Prime;][vc_column_text css=\u00a0\u00bb\u00a0\u00bb]Allez \u00e0 la \u00ab\u00a0boutique\u00a0\u00bb : Vous commandez en cliquant sur le panier du donateur de votre choix. Le jour d&rsquo;exp\u00e9dition standard est le lundi. Un pot de 23 ou 24 capsules taille 000. Un lavement est de 55ml. Vous voulez faire la transplantation le samedi ? Dans ce cas, n&rsquo;oubliez pas d&rsquo;acheter\u2026 <a href=\"https:\/\/gezonde-darmflora.nl\/fr\/commande-et-paiement\/\">En savoir plus &raquo;<\/a><\/p>\n","protected":false},"author":4,"featured_media":0,"parent":0,"menu_order":0,"comment_status":"closed","ping_status":"closed","template":"","meta":{"_acf_changed":false,"footnotes":""},"class_list":["post-14954","page","type-page","status-publish","hentry"],"acf":[],"yoast_head":"<!-- This site is optimized with the Yoast SEO plugin v27.1.1 - https:\/\/yoast.com\/product\/yoast-seo-wordpress\/ -->\n<title>Commande et paiement &#8211; Gezonde Darmflora<\/title>\n<meta name=\"robots\" content=\"index, follow, max-snippet:-1, max-image-preview:large, max-video-preview:-1\" \/>\n<link rel=\"canonical\" href=\"https:\/\/gezonde-darmflora.nl\/fr\/commande-et-paiement\/\" \/>\n<meta property=\"og:locale\" content=\"fr_FR\" \/>\n<meta property=\"og:type\" content=\"article\" \/>\n<meta property=\"og:title\" content=\"Commande et paiement &#8211; Gezonde Darmflora\" \/>\n<meta property=\"og:description\" content=\"[vc_row full_width=\u00a0\u00bbstretch_row_content_no_spaces\u00a0\u00bb][vc_column][\/vc_column][\/vc_row][vc_row][vc_column width=\u00a0\u00bb2\/3&Prime;][vc_column_text css=\u00a0\u00bb\u00a0\u00bb]Allez \u00e0 la \u00ab\u00a0boutique\u00a0\u00bb : Vous commandez en cliquant sur le panier du donateur de votre choix. Le jour d&rsquo;exp\u00e9dition standard est le lundi. Un pot de 23 ou 24 capsules taille 000. Un lavement est de 55ml. Vous voulez faire la transplantation le samedi ? Dans ce cas, n&rsquo;oubliez pas d&rsquo;acheter\u2026 En savoir plus &raquo;\" \/>\n<meta property=\"og:url\" content=\"https:\/\/gezonde-darmflora.nl\/fr\/commande-et-paiement\/\" \/>\n<meta property=\"og:site_name\" content=\"Gezonde Darmflora\" \/>\n<meta property=\"article:modified_time\" content=\"2025-01-27T15:17:03+00:00\" \/>\n<meta name=\"twitter:card\" content=\"summary_large_image\" \/>\n<meta name=\"twitter:label1\" content=\"Dur\u00e9e de lecture estim\u00e9e\" \/>\n\t<meta name=\"twitter:data1\" content=\"3 minutes\" \/>\n<script type=\"application\/ld+json\" class=\"yoast-schema-graph\">{\"@context\":\"https:\/\/schema.org\",\"@graph\":[{\"@type\":\"WebPage\",\"@id\":\"https:\/\/gezonde-darmflora.nl\/fr\/commande-et-paiement\/\",\"url\":\"https:\/\/gezonde-darmflora.nl\/fr\/commande-et-paiement\/\",\"name\":\"Commande et paiement &#8211; Gezonde Darmflora\",\"isPartOf\":{\"@id\":\"https:\/\/gezonde-darmflora.nl\/fr\/#website\"},\"datePublished\":\"2020-08-03T11:05:39+00:00\",\"dateModified\":\"2025-01-27T15:17:03+00:00\",\"breadcrumb\":{\"@id\":\"https:\/\/gezonde-darmflora.nl\/fr\/commande-et-paiement\/#breadcrumb\"},\"inLanguage\":\"fr-FR\",\"potentialAction\":[{\"@type\":\"ReadAction\",\"target\":[\"https:\/\/gezonde-darmflora.nl\/fr\/commande-et-paiement\/\"]}]},{\"@type\":\"BreadcrumbList\",\"@id\":\"https:\/\/gezonde-darmflora.nl\/fr\/commande-et-paiement\/#breadcrumb\",\"itemListElement\":[{\"@type\":\"ListItem\",\"position\":1,\"name\":\"Home\",\"item\":\"https:\/\/gezonde-darmflora.nl\/fr\/\"},{\"@type\":\"ListItem\",\"position\":2,\"name\":\"Commande et paiement\"}]},{\"@type\":\"WebSite\",\"@id\":\"https:\/\/gezonde-darmflora.nl\/fr\/#website\",\"url\":\"https:\/\/gezonde-darmflora.nl\/fr\/\",\"name\":\"Gezonde Darmflora\",\"description\":\"Een gezonde &amp; natuurlijke darmflora\",\"potentialAction\":[{\"@type\":\"SearchAction\",\"target\":{\"@type\":\"EntryPoint\",\"urlTemplate\":\"https:\/\/gezonde-darmflora.nl\/fr\/?s={search_term_string}\"},\"query-input\":{\"@type\":\"PropertyValueSpecification\",\"valueRequired\":true,\"valueName\":\"search_term_string\"}}],\"inLanguage\":\"fr-FR\"}]}<\/script>\n<!-- \/ Yoast SEO plugin. -->","yoast_head_json":{"title":"Commande et paiement &#8211; Gezonde Darmflora","robots":{"index":"index","follow":"follow","max-snippet":"max-snippet:-1","max-image-preview":"max-image-preview:large","max-video-preview":"max-video-preview:-1"},"canonical":"https:\/\/gezonde-darmflora.nl\/fr\/commande-et-paiement\/","og_locale":"fr_FR","og_type":"article","og_title":"Commande et paiement &#8211; Gezonde Darmflora","og_description":"[vc_row full_width=\u00a0\u00bbstretch_row_content_no_spaces\u00a0\u00bb][vc_column][\/vc_column][\/vc_row][vc_row][vc_column width=\u00a0\u00bb2\/3&Prime;][vc_column_text css=\u00a0\u00bb\u00a0\u00bb]Allez \u00e0 la \u00ab\u00a0boutique\u00a0\u00bb : Vous commandez en cliquant sur le panier du donateur de votre choix. Le jour d&rsquo;exp\u00e9dition standard est le lundi. Un pot de 23 ou 24 capsules taille 000. Un lavement est de 55ml. Vous voulez faire la transplantation le samedi ? Dans ce cas, n&rsquo;oubliez pas d&rsquo;acheter\u2026 En savoir plus &raquo;","og_url":"https:\/\/gezonde-darmflora.nl\/fr\/commande-et-paiement\/","og_site_name":"Gezonde Darmflora","article_modified_time":"2025-01-27T15:17:03+00:00","twitter_card":"summary_large_image","twitter_misc":{"Dur\u00e9e de lecture estim\u00e9e":"3 minutes"},"schema":{"@context":"https:\/\/schema.org","@graph":[{"@type":"WebPage","@id":"https:\/\/gezonde-darmflora.nl\/fr\/commande-et-paiement\/","url":"https:\/\/gezonde-darmflora.nl\/fr\/commande-et-paiement\/","name":"Commande et paiement &#8211; Gezonde Darmflora","isPartOf":{"@id":"https:\/\/gezonde-darmflora.nl\/fr\/#website"},"datePublished":"2020-08-03T11:05:39+00:00","dateModified":"2025-01-27T15:17:03+00:00","breadcrumb":{"@id":"https:\/\/gezonde-darmflora.nl\/fr\/commande-et-paiement\/#breadcrumb"},"inLanguage":"fr-FR","potentialAction":[{"@type":"ReadAction","target":["https:\/\/gezonde-darmflora.nl\/fr\/commande-et-paiement\/"]}]},{"@type":"BreadcrumbList","@id":"https:\/\/gezonde-darmflora.nl\/fr\/commande-et-paiement\/#breadcrumb","itemListElement":[{"@type":"ListItem","position":1,"name":"Home","item":"https:\/\/gezonde-darmflora.nl\/fr\/"},{"@type":"ListItem","position":2,"name":"Commande et paiement"}]},{"@type":"WebSite","@id":"https:\/\/gezonde-darmflora.nl\/fr\/#website","url":"https:\/\/gezonde-darmflora.nl\/fr\/","name":"Gezonde Darmflora","description":"Een gezonde &amp; natuurlijke darmflora","potentialAction":[{"@type":"SearchAction","target":{"@type":"EntryPoint","urlTemplate":"https:\/\/gezonde-darmflora.nl\/fr\/?s={search_term_string}"},"query-input":{"@type":"PropertyValueSpecification","valueRequired":true,"valueName":"search_term_string"}}],"inLanguage":"fr-FR"}]}},"_links":{"self":[{"href":"https:\/\/gezonde-darmflora.nl\/fr\/wp-json\/wp\/v2\/pages\/14954","targetHints":{"allow":["GET"]}}],"collection":[{"href":"https:\/\/gezonde-darmflora.nl\/fr\/wp-json\/wp\/v2\/pages"}],"about":[{"href":"https:\/\/gezonde-darmflora.nl\/fr\/wp-json\/wp\/v2\/types\/page"}],"author":[{"embeddable":true,"href":"https:\/\/gezonde-darmflora.nl\/fr\/wp-json\/wp\/v2\/users\/4"}],"replies":[{"embeddable":true,"href":"https:\/\/gezonde-darmflora.nl\/fr\/wp-json\/wp\/v2\/comments?post=14954"}],"version-history":[{"count":1,"href":"https:\/\/gezonde-darmflora.nl\/fr\/wp-json\/wp\/v2\/pages\/14954\/revisions"}],"predecessor-version":[{"id":14962,"href":"https:\/\/gezonde-darmflora.nl\/fr\/wp-json\/wp\/v2\/pages\/14954\/revisions\/14962"}],"wp:attachment":[{"href":"https:\/\/gezonde-darmflora.nl\/fr\/wp-json\/wp\/v2\/media?parent=14954"}],"curies":[{"name":"wp","href":"https:\/\/api.w.org\/{rel}","templated":true}]}}