{"id":14948,"date":"2020-07-28T14:22:55","date_gmt":"2020-07-28T12:22:55","guid":{"rendered":"https:\/\/gezonde-darmflora.nl\/bonnes-et-mauvaises-bacteries\/"},"modified":"2025-01-27T16:19:38","modified_gmt":"2025-01-27T15:19:38","slug":"bonnes-et-mauvaises-bacteries","status":"publish","type":"page","link":"https:\/\/gezonde-darmflora.nl\/fr\/flore-intestinale\/bonnes-et-mauvaises-bacteries\/","title":{"rendered":"Bonnes et mauvaises bact\u00e9ries"},"content":{"rendered":"<div class=\"wpb-content-wrapper\"><p>[vc_row full_width=\u00a0\u00bbstretch_row_content_no_spaces\u00a0\u00bb][vc_column]\r\n    <div class=\"page-title\">\r\n        <div class=\"container\">\r\n            <div class=\"row\">\r\n                <div class=\"col\">\r\n                    <h1>Bonnes et mauvaises bact\u00e9ries<\/h1>\r\n                <\/div>\r\n            <\/div>\r\n        <\/div>\r\n    <\/div>\r\n\r\n    [\/vc_column][\/vc_row][vc_row equal_height=\u00a0\u00bbyes\u00a0\u00bb][vc_column offset=\u00a0\u00bbvc_col-md-8&Prime;][vc_column_text]Votre corps abrite jusqu&rsquo;\u00e0 cent mille milliards de bact\u00e9ries qui sont \u00e0 la base de votre sant\u00e9.<\/p>\n<h2>L&rsquo;importance des bact\u00e9ries dans notre intestin<\/h2>\n<p>Les bonnes bact\u00e9ries sont importantes pour rester en bonne sant\u00e9. Votre flore intestinale est le moteur de votre syst\u00e8me immunitaire et vous ne voulez pas que ce moteur s&rsquo;essouffle. Les bifiobact\u00e9ries et les lactobacilles sont des exemples de bonnes bact\u00e9ries. Les mauvaises bact\u00e9ries nous permettent de tomber malades. Comme les bonnes bact\u00e9ries sont abondantes et peuplent bien l&rsquo;intestin, les mauvaises bact\u00e9ries intestinales n&rsquo;ont pas de place pour se d\u00e9velopper. Ce n&rsquo;est possible qu&rsquo;avec une flore intestinale saine ! Dans notre soci\u00e9t\u00e9 actuelle et avec nos modes de vie modernes, nous avons de moins en moins de bonnes bact\u00e9ries. C&rsquo;est pourquoi il est tr\u00e8s important de manger des aliments non transform\u00e9s et vari\u00e9s et de boire beaucoup d&rsquo;eau. En raison de nos techniques de production alimentaire, qui sont \u00e9galement tr\u00e8s propres, vous perdez \u00e9galement les bonnes bact\u00e9ries essentielles, les champignons et les levures que l&rsquo;on trouve dans la nature. Le manque de bonnes bact\u00e9ries est plus susceptible de provoquer des probl\u00e8mes intestinaux qu&rsquo;un exc\u00e8s de mauvaises bact\u00e9ries. En fin de compte, les bact\u00e9ries nous aident \u00e0 dig\u00e9rer les aliments, nous prot\u00e8gent contre les infections, nous fournissent des vitamines et des acides gras et maintiennent la flore intestinale en bonne sant\u00e9. Dans des conditions favorables, une bact\u00e9rie peut fabriquer jusqu&rsquo;\u00e0 16 millions de copies d&rsquo;elle-m\u00eame en huit heures ![\/vc_column_text]<div class=\"eye_empty_space pt-md-5 pb-md-5   pt-4 pb-4\"><\/div>[\/vc_column][vc_column offset=\u00a0\u00bbvc_col-md-4&Prime; el_class=\u00a0\u00bbd-flex align-items-center mb-5 mb-lg-0&Prime;]\r\n    <div class=\"blob-image-wrap\">\r\n        <img decoding=\"async\" src=\"https:\/\/gezonde-darmflora.nl\/wp-content\/uploads\/2020\/08\/bacterie\u0308n-in-darmen.jpg\">\r\n    <\/div>\r\n    <p class=\"blob-image__caption\"><\/p>\r\n\r\n    [\/vc_column][\/vc_row][vc_section full_width=\u00a0\u00bbstretch_row\u00a0\u00bb el_class=\u00a0\u00bbbg-green\u00a0\u00bb][vc_row][vc_column offset=\u00a0\u00bbvc_col-lg-offset-2 vc_col-lg-8&Prime;][vc_column_text]<\/p>\n<h2>Esp\u00e8ces de bact\u00e9ries intestinales<\/h2>\n<p><img decoding=\"async\" class=\"alignright wp-image-690 size-medium\" src=\"https:\/\/gezonde-darmflora.nl\/wp-content\/uploads\/2020\/08\/soorten-darmbacterien-300x300.png\" alt=\"les types de bact\u00e9ries intestinales\" width=\"300\" height=\"300\" srcset=\"https:\/\/gezonde-darmflora.nl\/wp-content\/uploads\/2020\/08\/soorten-darmbacterien-300x300.png 300w, https:\/\/gezonde-darmflora.nl\/wp-content\/uploads\/2020\/08\/soorten-darmbacterien-100x100.png 100w, https:\/\/gezonde-darmflora.nl\/wp-content\/uploads\/2020\/08\/soorten-darmbacterien-150x150.png 150w, https:\/\/gezonde-darmflora.nl\/wp-content\/uploads\/2020\/08\/soorten-darmbacterien.png 450w\" sizes=\"(max-width: 300px) 100vw, 300px\" \/>Il existe environ cent cinquante esp\u00e8ces diff\u00e9rentes de bact\u00e9ries intestinales qui constituent le microbiome. Une flore intestinale saine se compose d&rsquo;un grand nombre de bact\u00e9ries appartenant \u00e0 de nombreuses esp\u00e8ces diff\u00e9rentes. Parmi ces cent cinquante esp\u00e8ces de bact\u00e9ries, celles qui vivent dans votre intestin varient d&rsquo;une personne \u00e0 l&rsquo;autre. Par cons\u00e9quent, chaque personne poss\u00e8de son propre microbiome.   <\/p>\n<h3>Bonnes bact\u00e9ries intestinales<\/h3>\n<p>Ces bact\u00e9ries sont \u00e9galement connues sous le nom de bact\u00e9ries ana\u00e9robies. Elles contribuent \u00e0 la digestion des aliments et emp\u00eachent les agents pathog\u00e8nes de p\u00e9n\u00e9trer dans l&rsquo;organisme. 95 % d&rsquo;entre elles vivent dans le tractus gastro-intestinal, dont 80 % au fond du c\u00f4lon. Elles se nourrissent principalement des aliments que vous ing\u00e9rez. Vous les avez d\u00e8s la naissance, ils font partie de vous, mais vous pouvez aussi les attraper quelque part. Dans une famille \u00e0 la maison, par exemple, vous voyez souvent leurs propres esp\u00e8ces de bact\u00e9ries flotter et vivre dans la maison. Une \u00e9treinte, une main, une collision, une gorg\u00e9e du verre de quelqu&rsquo;un d&rsquo;autre, bref, vous ne pouvez pas leur \u00e9chapper. Si ces bact\u00e9ries sont bonnes, elles augmentent la diversit\u00e9 et accueillent des invit\u00e9s. Bien entendu, vos selles sont pleines de bact\u00e9ries !        <\/p>\n<h3>Mauvaises bact\u00e9ries intestinales<\/h3>\n<p>Les mauvaises bact\u00e9ries vivent \u00e9galement dans votre intestin, vous ne pouvez pas leur \u00e9chapper. Mais si un grand groupe de bact\u00e9ries ana\u00e9robies est pr\u00e9sent, la flore intestinale ne leur laisse pas de place et elles sont proprement nettoy\u00e9es. Si le nombre de bonnes bact\u00e9ries est d\u00e9j\u00e0 affaibli et diminue, les mauvaises bact\u00e9ries ont la possibilit\u00e9 de prendre place dans la paroi intestinale et de se multiplier. Vos probl\u00e8mes s&rsquo;aggravent et les sympt\u00f4mes li\u00e9s \u00e0 la flore intestinale varient d&rsquo;une personne \u00e0 l&rsquo;autre.[\/vc_column_text][\/vc_column][\/vc_row][\/vc_section][vc_row][vc_column]<div class=\"eye_empty_space pt-md-5 pb-md-5   pt-4 pb-4\"><\/div>[\/vc_column][\/vc_row][vc_row equal_height=\u00a0\u00bbyes\u00a0\u00bb][vc_column offset=\u00a0\u00bbvc_col-md-8&Prime;][vc_column_text]<\/p>\n<h2>Comment pouvez-vous influencer les bact\u00e9ries intestinales ?<\/h2>\n<p>Vous \u00eates ce que vous mangez n&rsquo;est pas une simple expression. La nourriture est le carburant qui permet \u00e0 toutes les bact\u00e9ries de faire leur travail correctement. Si vous ne nourrissez pas les bonnes bact\u00e9ries, la composition de la flore intestinale peut changer. Les bact\u00e9ries ne peuvent s&#8217;emp\u00eacher de se nourrir de ce qu&rsquo;on leur sert. Manger beaucoup de fibres, de l\u00e9gumes et de noix favorise la croissance des bact\u00e9ries saines. Manger beaucoup de produits transform\u00e9s et de sucres raffin\u00e9s entra\u00eene une augmentation du nombre de mauvaises bact\u00e9ries. Lorsque les habitudes alimentaires et les boissons contiennent beaucoup de sucres raffin\u00e9s, les bact\u00e9ries pathog\u00e8nes telles que le clostridium et le candida se d\u00e9veloppent. Celles-ci provoquent des <a href=\"https:\/\/gezonde-darmflora.nl\/fr\/problemes-intestinaux\/\">troubles intestinaux<\/a> tels que des <a href=\"https:\/\/gezonde-darmflora.nl\/fr\/problemes-intestinaux\/ballonnements\/\">ballonnements<\/a>, des selles fluctuantes, des douleurs abdominales et des <a href=\"https:\/\/gezonde-darmflora.nl\/fr\/problemes-intestinaux\/flatulences\/\">flatulences<\/a>. On estime que seuls 10 % des N\u00e9erlandais consomment suffisamment de fibres par jour. Or, les fibres sont \u00e9galement tr\u00e8s importantes pour la sant\u00e9 de la flore intestinale. Les fibres insolubles donnent du volume au contenu de l&rsquo;intestin et assurent un transit intestinal fluide, ce qui favorise l&rsquo;\u00e9vacuation des selles. Vous trouverez des fibres dans tous les types de choux et de germes, les asperges, les carottes, les poivrons, les haricots et les noix, entre autres. Les fibres solubles sont une excellente source de nourriture pour la flore intestinale. Vous les trouverez notamment dans la patate douce, l&rsquo;oignon, la banane, la citrouille et l&rsquo;avoine. Si vous mangez beaucoup de fibres, buvez suffisamment d&rsquo;eau par jour pour qu&rsquo;elles puissent se lier \u00e0 nouveau aux liquides et que vous ne soyez pas constip\u00e9.[\/vc_column_text]<div class=\"eye_empty_space pt-md-3 pb-md-3   pt-2 pb-2\"><\/div>[\/vc_column][vc_column offset=\u00a0\u00bbvc_col-md-4&Prime; el_class=\u00a0\u00bbd-flex align-items-center mb-5 mb-lg-0&Prime;]\r\n    <div class=\"blob-image-wrap\">\r\n        <img decoding=\"async\" src=\"https:\/\/gezonde-darmflora.nl\/wp-content\/uploads\/2020\/08\/goede-bacterien-darmen.jpg\">\r\n    <\/div>\r\n    <p class=\"blob-image__caption\"><\/p>\r\n\r\n    [\/vc_column][\/vc_row][vc_row][vc_column][vc_single_image image=\u00a0\u00bb594&Prime; img_size=\u00a0\u00bb1400&#215;622&Prime; alignment=\u00a0\u00bbcenter\u00a0\u00bb]<div class=\"eye_empty_space pt-md-3 pb-md-3   pt-2 pb-2\"><\/div>[\/vc_column][\/vc_row][vc_row][vc_column offset=\u00a0\u00bbvc_col-md-4&Prime; el_class=\u00a0\u00bbmb-5 mb-lg-0&Prime;]\r\n    <div class=\"blob-image-wrap\">\r\n        <img decoding=\"async\" src=\"https:\/\/gezonde-darmflora.nl\/wp-content\/uploads\/2020\/08\/slechte-bacterien.jpg\">\r\n    <\/div>\r\n    <p class=\"blob-image__caption\"><\/p>\r\n\r\n    [\/vc_column][vc_column offset=\u00a0\u00bbvc_col-md-8&Prime;][vc_column_text]Malheureusement, la flore intestinale est affect\u00e9e en cas d&rsquo;infection ou de traitement m\u00e9dicamenteux, par exemple. Par exemple, les antibiotiques tuent non seulement les bact\u00e9ries nocives d&rsquo;une infection, mais aussi les bonnes bact\u00e9ries de la flore intestinale. C&rsquo;est comme un tir de gr\u00eale o\u00f9 vous esp\u00e9rez que le coupable sera touch\u00e9, mais o\u00f9 de nombreux innocents mourront \u00e9galement. Cela cr\u00e9e des espaces vides sur la paroi intestinale. Les bact\u00e9ries intestinales nocives saisissent alors l&rsquo;occasion de se multiplier et la flore intestinale devient d\u00e9s\u00e9quilibr\u00e9e, ce qui peut entra\u00eener des sympt\u00f4mes. La <a href=\"https:\/\/gezonde-darmflora.nl\/fr\/la-theorie-fmt\/\">transplantation de crottes<\/a> est une solution sous-estim\u00e9e pour une flore intestinale perturb\u00e9e. Si les bonnes bact\u00e9ries ne peuvent plus \u00eatre nourries correctement, si le d\u00e9s\u00e9quilibre est trop important parce que le groupe de mauvaises bact\u00e9ries est trop grand, cet \u00e9quilibre peut \u00eatre r\u00e9tabli gr\u00e2ce \u00e0 la flore intestinale saine d&rsquo;une autre personne.[\/vc_column_text]<div class=\"eye_empty_space pt-md-5 pb-md-5   pt-4 pb-4\"><\/div>[\/vc_column][\/vc_row][vc_section full_width=\u00a0\u00bbstretch_row\u00a0\u00bb el_class=\u00a0\u00bbbg-green\u00a0\u00bb][vc_row][vc_column offset=\u00a0\u00bbvc_col-lg-offset-2 vc_col-lg-8&Prime;][vc_column_text]<\/p>\n<h2>Aidez votre intestin \u00e0 se remettre sur les rails !<\/h2>\n<p>Si vous \u00eates patient et que vous avez la bonne souche qui peut r\u00e9soudre vos probl\u00e8mes, les probiotiques peuvent vous aider \u00e0 remonter la pente. Mais les probiotiques sont consid\u00e9r\u00e9s comme des vacanciers. Ils viennent pour un temps et repartent ensuite, alors qu&rsquo;une transplantation de caca est une autre histoire. Il s&rsquo;agit d&rsquo;immigrants qui construisent une maison avec des fondations. Le caca contient \u00e9norm\u00e9ment de bact\u00e9ries. Dans des capsules r\u00e9sistantes au suc gastrique, elles traversent sans encombre l&rsquo;acidit\u00e9 mortelle de l&rsquo;estomac et arrivent directement \u00e0 destination. Elles colonisent et se multiplient \u00e0 la vitesse de l&rsquo;\u00e9clair ![\/vc_column_text][\/vc_column][\/vc_row][\/vc_section][vc_row full_width=\u00a0\u00bbstretch_row_content_no_spaces\u00a0\u00bb css=\u00a0\u00bb.vc_custom_1593680854494{margin-bottom: -10rem !important;}\u00a0\u00bb][vc_column]\r\n    <a href=\"https:\/\/gezonde-darmflora.nl\/poeppillen-bestellen\/\" target=\"\" class=\"no-underline\">\r\n\r\n        <div class=\"cta\" style=\"background-image: url('https:\/\/gezonde-darmflora.nl\/wp-content\/uploads\/2020\/08\/darmflora-gezondheid.jpg')\">\r\n            <div class=\"container\">\r\n                <div class=\"row\">\r\n                    <div class=\"col-12\">\r\n                        <p>\r\n                            <\/p>\n<h3>Aidez votre flore intestinale \u00e0 rester en bonne sant\u00e9 ?<\/h3>\n<h4>Vous trouverez tout ce dont vous avez besoin dans notre magasin.<\/h4>\n<p>                        <\/p>\r\n                        <div class=\"cta__button svg-btn svg-btn-darkgreen\">\r\n                            <svg xmlns=\"http:\/\/www.w3.org\/2000\/svg\" width=\"50\" height=\"50\" viewBox=\"0 0 55 50\"><defs><\/defs><g id=\"Layer_2\" data-name=\"Layer 2\"><g id=\"Layer_1-2\" data-name=\"Layer 1\"><path width=\"100%\" height=\"100%\" class=\"anime\" d=\"M1.16,31.86C5.61,44.26,19.3,52,32.23,49.6C40.23,48.11,48.89,42.33,51.61,34.400000000000006C53.61,28.510000000000005,51.839999999999996,22.550000000000004,49.23,17.210000000000004C46.23,10.990000000000006,43.06999999999999,4.210000000000004,36.29,1.270000000000005C31,-1,24.8,0,19.64,2.49A45,45,0,0,0,10.57,8.66C8.39,10.5,5.430000000000001,12.280000000000001,3.6400000000000006,14.46C-0.3,19.28,-0.9,26.13,1.16,31.86Z\"\/><\/g><\/g><\/svg>\r\n                            <i class=\"far fa-long-arrow-alt-right\"><\/i>\r\n                        <\/div>\r\n                    <\/div>\r\n                <\/div>\r\n            <\/div>\r\n        <\/div>\r\n\r\n    <\/a>\r\n\r\n    [\/vc_column][\/vc_row]<\/p>\n<\/div>","protected":false},"excerpt":{"rendered":"<p>[vc_row full_width=\u00a0\u00bbstretch_row_content_no_spaces\u00a0\u00bb][vc_column][\/vc_column][\/vc_row][vc_row equal_height=\u00a0\u00bbyes\u00a0\u00bb][vc_column offset=\u00a0\u00bbvc_col-md-8&Prime;][vc_column_text]Votre corps abrite jusqu&rsquo;\u00e0 cent mille milliards de bact\u00e9ries qui sont \u00e0 la base de votre sant\u00e9. L&rsquo;importance des bact\u00e9ries dans notre intestin Les bonnes bact\u00e9ries sont importantes pour rester en bonne sant\u00e9. Votre flore intestinale est le moteur de votre syst\u00e8me immunitaire et vous ne voulez pas que ce moteur s&rsquo;essouffle.\u2026 <a href=\"https:\/\/gezonde-darmflora.nl\/fr\/flore-intestinale\/bonnes-et-mauvaises-bacteries\/\">En savoir plus &raquo;<\/a><\/p>\n","protected":false},"author":4,"featured_media":0,"parent":15399,"menu_order":0,"comment_status":"closed","ping_status":"closed","template":"","meta":{"_acf_changed":false,"footnotes":""},"class_list":["post-14948","page","type-page","status-publish","hentry"],"acf":[],"yoast_head":"<!-- This site is optimized with the Yoast SEO plugin v27.1.1 - https:\/\/yoast.com\/product\/yoast-seo-wordpress\/ -->\n<title>Bonnes et mauvaises bact\u00e9ries dans votre intestin et comment les am\u00e9liorer ?<\/title>\n<meta name=\"robots\" content=\"index, follow, max-snippet:-1, max-image-preview:large, max-video-preview:-1\" \/>\n<link rel=\"canonical\" href=\"https:\/\/gezonde-darmflora.nl\/fr\/flore-intestinale\/bonnes-et-mauvaises-bacteries\/\" \/>\n<meta property=\"og:locale\" content=\"fr_FR\" \/>\n<meta property=\"og:type\" content=\"article\" \/>\n<meta property=\"og:title\" content=\"Bonnes et mauvaises bact\u00e9ries dans votre intestin et comment les am\u00e9liorer ?\" \/>\n<meta property=\"og:description\" content=\"[vc_row full_width=\u00a0\u00bbstretch_row_content_no_spaces\u00a0\u00bb][vc_column][\/vc_column][\/vc_row][vc_row equal_height=\u00a0\u00bbyes\u00a0\u00bb][vc_column offset=\u00a0\u00bbvc_col-md-8&Prime;][vc_column_text]Votre corps abrite jusqu&rsquo;\u00e0 cent mille milliards de bact\u00e9ries qui sont \u00e0 la base de votre sant\u00e9. L&rsquo;importance des bact\u00e9ries dans notre intestin Les bonnes bact\u00e9ries sont importantes pour rester en bonne sant\u00e9. Votre flore intestinale est le moteur de votre syst\u00e8me immunitaire et vous ne voulez pas que ce moteur s&rsquo;essouffle.\u2026 En savoir plus &raquo;\" \/>\n<meta property=\"og:url\" content=\"https:\/\/gezonde-darmflora.nl\/fr\/flore-intestinale\/bonnes-et-mauvaises-bacteries\/\" \/>\n<meta property=\"og:site_name\" content=\"Gezonde Darmflora\" \/>\n<meta property=\"article:modified_time\" content=\"2025-01-27T15:19:38+00:00\" \/>\n<meta property=\"og:image\" content=\"https:\/\/gezonde-darmflora.nl\/wp-content\/uploads\/2020\/08\/soorten-darmbacterien-300x300.png\" \/>\n<meta name=\"twitter:card\" content=\"summary_large_image\" \/>\n<meta name=\"twitter:label1\" content=\"Dur\u00e9e de lecture estim\u00e9e\" \/>\n\t<meta name=\"twitter:data1\" content=\"7 minutes\" \/>\n<script type=\"application\/ld+json\" class=\"yoast-schema-graph\">{\"@context\":\"https:\/\/schema.org\",\"@graph\":[{\"@type\":\"WebPage\",\"@id\":\"https:\/\/gezonde-darmflora.nl\/fr\/flore-intestinale\/bonnes-et-mauvaises-bacteries\/\",\"url\":\"https:\/\/gezonde-darmflora.nl\/fr\/flore-intestinale\/bonnes-et-mauvaises-bacteries\/\",\"name\":\"Bonnes et mauvaises bact\u00e9ries dans votre intestin et comment les am\u00e9liorer ?\",\"isPartOf\":{\"@id\":\"https:\/\/gezonde-darmflora.nl\/fr\/#website\"},\"primaryImageOfPage\":{\"@id\":\"https:\/\/gezonde-darmflora.nl\/fr\/flore-intestinale\/bonnes-et-mauvaises-bacteries\/#primaryimage\"},\"image\":{\"@id\":\"https:\/\/gezonde-darmflora.nl\/fr\/flore-intestinale\/bonnes-et-mauvaises-bacteries\/#primaryimage\"},\"thumbnailUrl\":\"https:\/\/gezonde-darmflora.nl\/wp-content\/uploads\/2020\/08\/soorten-darmbacterien-300x300.png\",\"datePublished\":\"2020-07-28T12:22:55+00:00\",\"dateModified\":\"2025-01-27T15:19:38+00:00\",\"breadcrumb\":{\"@id\":\"https:\/\/gezonde-darmflora.nl\/fr\/flore-intestinale\/bonnes-et-mauvaises-bacteries\/#breadcrumb\"},\"inLanguage\":\"fr-FR\",\"potentialAction\":[{\"@type\":\"ReadAction\",\"target\":[\"https:\/\/gezonde-darmflora.nl\/fr\/flore-intestinale\/bonnes-et-mauvaises-bacteries\/\"]}]},{\"@type\":\"ImageObject\",\"inLanguage\":\"fr-FR\",\"@id\":\"https:\/\/gezonde-darmflora.nl\/fr\/flore-intestinale\/bonnes-et-mauvaises-bacteries\/#primaryimage\",\"url\":\"https:\/\/gezonde-darmflora.nl\/wp-content\/uploads\/2020\/08\/soorten-darmbacterien-300x300.png\",\"contentUrl\":\"https:\/\/gezonde-darmflora.nl\/wp-content\/uploads\/2020\/08\/soorten-darmbacterien-300x300.png\"},{\"@type\":\"BreadcrumbList\",\"@id\":\"https:\/\/gezonde-darmflora.nl\/fr\/flore-intestinale\/bonnes-et-mauvaises-bacteries\/#breadcrumb\",\"itemListElement\":[{\"@type\":\"ListItem\",\"position\":1,\"name\":\"Home\",\"item\":\"https:\/\/gezonde-darmflora.nl\/fr\/\"},{\"@type\":\"ListItem\",\"position\":2,\"name\":\"Flore intestinale\",\"item\":\"https:\/\/gezonde-darmflora.nl\/fr\/flore-intestinale\/\"},{\"@type\":\"ListItem\",\"position\":3,\"name\":\"Bonnes et mauvaises bact\u00e9ries\"}]},{\"@type\":\"WebSite\",\"@id\":\"https:\/\/gezonde-darmflora.nl\/fr\/#website\",\"url\":\"https:\/\/gezonde-darmflora.nl\/fr\/\",\"name\":\"Gezonde Darmflora\",\"description\":\"Een gezonde &amp; natuurlijke darmflora\",\"potentialAction\":[{\"@type\":\"SearchAction\",\"target\":{\"@type\":\"EntryPoint\",\"urlTemplate\":\"https:\/\/gezonde-darmflora.nl\/fr\/?s={search_term_string}\"},\"query-input\":{\"@type\":\"PropertyValueSpecification\",\"valueRequired\":true,\"valueName\":\"search_term_string\"}}],\"inLanguage\":\"fr-FR\"}]}<\/script>\n<!-- \/ Yoast SEO plugin. -->","yoast_head_json":{"title":"Bonnes et mauvaises bact\u00e9ries dans votre intestin et comment les am\u00e9liorer ?","robots":{"index":"index","follow":"follow","max-snippet":"max-snippet:-1","max-image-preview":"max-image-preview:large","max-video-preview":"max-video-preview:-1"},"canonical":"https:\/\/gezonde-darmflora.nl\/fr\/flore-intestinale\/bonnes-et-mauvaises-bacteries\/","og_locale":"fr_FR","og_type":"article","og_title":"Bonnes et mauvaises bact\u00e9ries dans votre intestin et comment les am\u00e9liorer ?","og_description":"[vc_row full_width=\u00a0\u00bbstretch_row_content_no_spaces\u00a0\u00bb][vc_column][\/vc_column][\/vc_row][vc_row equal_height=\u00a0\u00bbyes\u00a0\u00bb][vc_column offset=\u00a0\u00bbvc_col-md-8&Prime;][vc_column_text]Votre corps abrite jusqu&rsquo;\u00e0 cent mille milliards de bact\u00e9ries qui sont \u00e0 la base de votre sant\u00e9. L&rsquo;importance des bact\u00e9ries dans notre intestin Les bonnes bact\u00e9ries sont importantes pour rester en bonne sant\u00e9. Votre flore intestinale est le moteur de votre syst\u00e8me immunitaire et vous ne voulez pas que ce moteur s&rsquo;essouffle.\u2026 En savoir plus &raquo;","og_url":"https:\/\/gezonde-darmflora.nl\/fr\/flore-intestinale\/bonnes-et-mauvaises-bacteries\/","og_site_name":"Gezonde Darmflora","article_modified_time":"2025-01-27T15:19:38+00:00","og_image":[{"url":"https:\/\/gezonde-darmflora.nl\/wp-content\/uploads\/2020\/08\/soorten-darmbacterien-300x300.png","type":"","width":"","height":""}],"twitter_card":"summary_large_image","twitter_misc":{"Dur\u00e9e de lecture estim\u00e9e":"7 minutes"},"schema":{"@context":"https:\/\/schema.org","@graph":[{"@type":"WebPage","@id":"https:\/\/gezonde-darmflora.nl\/fr\/flore-intestinale\/bonnes-et-mauvaises-bacteries\/","url":"https:\/\/gezonde-darmflora.nl\/fr\/flore-intestinale\/bonnes-et-mauvaises-bacteries\/","name":"Bonnes et mauvaises bact\u00e9ries dans votre intestin et comment les am\u00e9liorer ?","isPartOf":{"@id":"https:\/\/gezonde-darmflora.nl\/fr\/#website"},"primaryImageOfPage":{"@id":"https:\/\/gezonde-darmflora.nl\/fr\/flore-intestinale\/bonnes-et-mauvaises-bacteries\/#primaryimage"},"image":{"@id":"https:\/\/gezonde-darmflora.nl\/fr\/flore-intestinale\/bonnes-et-mauvaises-bacteries\/#primaryimage"},"thumbnailUrl":"https:\/\/gezonde-darmflora.nl\/wp-content\/uploads\/2020\/08\/soorten-darmbacterien-300x300.png","datePublished":"2020-07-28T12:22:55+00:00","dateModified":"2025-01-27T15:19:38+00:00","breadcrumb":{"@id":"https:\/\/gezonde-darmflora.nl\/fr\/flore-intestinale\/bonnes-et-mauvaises-bacteries\/#breadcrumb"},"inLanguage":"fr-FR","potentialAction":[{"@type":"ReadAction","target":["https:\/\/gezonde-darmflora.nl\/fr\/flore-intestinale\/bonnes-et-mauvaises-bacteries\/"]}]},{"@type":"ImageObject","inLanguage":"fr-FR","@id":"https:\/\/gezonde-darmflora.nl\/fr\/flore-intestinale\/bonnes-et-mauvaises-bacteries\/#primaryimage","url":"https:\/\/gezonde-darmflora.nl\/wp-content\/uploads\/2020\/08\/soorten-darmbacterien-300x300.png","contentUrl":"https:\/\/gezonde-darmflora.nl\/wp-content\/uploads\/2020\/08\/soorten-darmbacterien-300x300.png"},{"@type":"BreadcrumbList","@id":"https:\/\/gezonde-darmflora.nl\/fr\/flore-intestinale\/bonnes-et-mauvaises-bacteries\/#breadcrumb","itemListElement":[{"@type":"ListItem","position":1,"name":"Home","item":"https:\/\/gezonde-darmflora.nl\/fr\/"},{"@type":"ListItem","position":2,"name":"Flore intestinale","item":"https:\/\/gezonde-darmflora.nl\/fr\/flore-intestinale\/"},{"@type":"ListItem","position":3,"name":"Bonnes et mauvaises bact\u00e9ries"}]},{"@type":"WebSite","@id":"https:\/\/gezonde-darmflora.nl\/fr\/#website","url":"https:\/\/gezonde-darmflora.nl\/fr\/","name":"Gezonde Darmflora","description":"Een gezonde &amp; natuurlijke darmflora","potentialAction":[{"@type":"SearchAction","target":{"@type":"EntryPoint","urlTemplate":"https:\/\/gezonde-darmflora.nl\/fr\/?s={search_term_string}"},"query-input":{"@type":"PropertyValueSpecification","valueRequired":true,"valueName":"search_term_string"}}],"inLanguage":"fr-FR"}]}},"_links":{"self":[{"href":"https:\/\/gezonde-darmflora.nl\/fr\/wp-json\/wp\/v2\/pages\/14948","targetHints":{"allow":["GET"]}}],"collection":[{"href":"https:\/\/gezonde-darmflora.nl\/fr\/wp-json\/wp\/v2\/pages"}],"about":[{"href":"https:\/\/gezonde-darmflora.nl\/fr\/wp-json\/wp\/v2\/types\/page"}],"author":[{"embeddable":true,"href":"https:\/\/gezonde-darmflora.nl\/fr\/wp-json\/wp\/v2\/users\/4"}],"replies":[{"embeddable":true,"href":"https:\/\/gezonde-darmflora.nl\/fr\/wp-json\/wp\/v2\/comments?post=14948"}],"version-history":[{"count":1,"href":"https:\/\/gezonde-darmflora.nl\/fr\/wp-json\/wp\/v2\/pages\/14948\/revisions"}],"predecessor-version":[{"id":14956,"href":"https:\/\/gezonde-darmflora.nl\/fr\/wp-json\/wp\/v2\/pages\/14948\/revisions\/14956"}],"up":[{"embeddable":true,"href":"https:\/\/gezonde-darmflora.nl\/fr\/wp-json\/wp\/v2\/pages\/15399"}],"wp:attachment":[{"href":"https:\/\/gezonde-darmflora.nl\/fr\/wp-json\/wp\/v2\/media?parent=14948"}],"curies":[{"name":"wp","href":"https:\/\/api.w.org\/{rel}","templated":true}]}}