{"id":14927,"date":"2020-08-03T12:44:57","date_gmt":"2020-08-03T10:44:57","guid":{"rendered":"https:\/\/gezonde-darmflora.nl\/expedition-et-livraison\/"},"modified":"2025-01-27T16:17:03","modified_gmt":"2025-01-27T15:17:03","slug":"expedition-et-livraison","status":"publish","type":"page","link":"https:\/\/gezonde-darmflora.nl\/fr\/expedition-et-livraison\/","title":{"rendered":"Exp\u00e9dition et livraison"},"content":{"rendered":"<div class=\"wpb-content-wrapper\"><p>[vc_row full_width=\u00a0\u00bbstretch_row_content_no_spaces\u00a0\u00bb][vc_column]\r\n    <div class=\"page-title\">\r\n        <div class=\"container\">\r\n            <div class=\"row\">\r\n                <div class=\"col\">\r\n                    <h1>Exp\u00e9dition et livraison<\/h1>\r\n                <\/div>\r\n            <\/div>\r\n        <\/div>\r\n    <\/div>\r\n\r\n    [\/vc_column][\/vc_row][vc_row][vc_column width=\u00a0\u00bb2\/3&Prime;][vc_column_text css=\u00a0\u00bb\u00a0\u00bb]<\/p>\n<h2>Exp\u00e9dition aux Pays-Bas :<\/h2>\n<p>Tous les lundis apr\u00e8s-midi, les commandes en cours sont emball\u00e9es et pr\u00e9par\u00e9es pour l&rsquo;exp\u00e9dition. Nous transportons nous-m\u00eames les colis vers un centre de tri DHL. Le lendemain matin, votre commande sera livr\u00e9e avant 12h00. Nous ne sommes pas responsables des retards \u00e9ventuels. Il y a suffisamment de glace carbonique dans la bo\u00eete 30x30x30 eps pour effectuer la transplantation le jeudi.<\/p>\n<h2>Exp\u00e9dition vers les pays de l&rsquo;UE et les pays non membres de l&rsquo;UE :<\/h2>\n<p>Les commandes pour l&rsquo;UE sont collect\u00e9es le lundi apr\u00e8s-midi. Pour l&rsquo;UE et les pays tiers, nous travaillons avec DHL et FedEx. Nous exp\u00e9dions dans une bo\u00eete 40x30x35 eps qui peut contenir 14,5 kilos de glace carbonique. Le d\u00e9lai de livraison dans l&rsquo;UE est g\u00e9n\u00e9ralement de 1 ou 2 jours. En dehors de l&rsquo;UE, le d\u00e9lai est de 2 \u00e0 3 jours.    <\/p>\n<h2>Livraison :<\/h2>\n<p>Vous pouvez suivre votre colis par e-mail (qui contient \u00e9galement un num\u00e9ro de suivi). \u00c0 l&rsquo;int\u00e9rieur du carton, vous trouverez une bo\u00eete en polystyr\u00e8ne expans\u00e9 scell\u00e9e avec notre ruban adh\u00e9sif. Lisez d&rsquo;abord attentivement la lettre et les instructions concernant la glace s\u00e8che. Cette bo\u00eete EPS est remplie de glace carbonique pour maintenir les capsules \u00e0 la bonne temp\u00e9rature (-79 degr\u00e9s). La glace s\u00e8che perd 15% de son volume en 24 heures.    <\/p>\n<h2>Les retours :<\/h2>\n<p>Pour les produits dont l&rsquo;hygi\u00e8ne est importante, ces produits ne peuvent \u00eatre retourn\u00e9s pour des raisons de protection de la sant\u00e9 si le sceau a \u00e9t\u00e9 bris\u00e9 apr\u00e8s la livraison. Si notre produit n&rsquo;est pas livr\u00e9 en bon \u00e9tat, veuillez contacter notre service client\u00e8le. Nous vous conseillons de filmer l&rsquo;ouverture de la bo\u00eete d&rsquo;exp\u00e9dition et de la bo\u00eete EPS ou de prendre imm\u00e9diatement une photo claire de l&rsquo;\u00e9tat du colis \u00e0 la r\u00e9ception.[\/vc_column_text][\/vc_column][vc_column width=\u00a0\u00bb1\/3&Prime;]\r\n    <div class=\"blob-image-wrap\">\r\n        <img decoding=\"async\" src=\"https:\/\/gezonde-darmflora.nl\/wp-content\/uploads\/2020\/08\/eps-doos.jpg\">\r\n    <\/div>\r\n    <p class=\"blob-image__caption\"><\/p>\r\n\r\n    [\/vc_column][\/vc_row][vc_row][vc_column]<div class=\"eye_empty_space pt-md-5 pb-md-5   pt-4 pb-4\"><\/div>[\/vc_column][\/vc_row][vc_row][vc_column width=\u00a0\u00bb1\/3&Prime;][vc_column_text]<\/p>\n<h5>Questions fr\u00e9quemment pos\u00e9es<\/h5>\n<p>Vous avez encore des questions ? Consultez la <a href=\"https:\/\/gezonde-darmflora.nl\/fr\/questions-frequemment-posees\/\">foire aux questions et les r\u00e9ponses<\/a> ici.[\/vc_column_text][\/vc_column][vc_column width=\u00a0\u00bb1\/3&Prime;][vc_column_text]<\/p>\n<h5>Courriel<\/h5>\n<p>Vous pouvez nous contacter via notre <a href=\"https:\/\/gezonde-darmflora.nl\/fr\/contact\/\">formulaire de contact<\/a> ou par e-mail \u00e0 <a href=\"mailto:info@gezonde-darmflora.nl\">info[@]healthy-gutflora.nl<\/a>.[\/vc_column_text][\/vc_column][vc_column width=\u00a0\u00bb1\/3&Prime;][vc_column_text]<\/p>\n<h5>T\u00e9l\u00e9phone<\/h5>\n<p>Du lundi au mercredi, vous pouvez nous joindre par t\u00e9l\u00e9phone entre 12 heures et 14 heures, au num\u00e9ro 06-22226118.[\/vc_column_text][\/vc_column][\/vc_row]<\/p>\n<\/div>","protected":false},"excerpt":{"rendered":"<p>[vc_row full_width=\u00a0\u00bbstretch_row_content_no_spaces\u00a0\u00bb][vc_column][\/vc_column][\/vc_row][vc_row][vc_column width=\u00a0\u00bb2\/3&Prime;][vc_column_text css=\u00a0\u00bb\u00a0\u00bb] Exp\u00e9dition aux Pays-Bas : Tous les lundis apr\u00e8s-midi, les commandes en cours sont emball\u00e9es et pr\u00e9par\u00e9es pour l&rsquo;exp\u00e9dition. Nous transportons nous-m\u00eames les colis vers un centre de tri DHL. Le lendemain matin, votre commande sera livr\u00e9e avant 12h00. Nous ne sommes pas responsables des retards \u00e9ventuels. Il y a suffisamment de\u2026 <a href=\"https:\/\/gezonde-darmflora.nl\/fr\/expedition-et-livraison\/\">En savoir plus &raquo;<\/a><\/p>\n","protected":false},"author":4,"featured_media":0,"parent":0,"menu_order":0,"comment_status":"closed","ping_status":"closed","template":"","meta":{"_acf_changed":false,"footnotes":""},"class_list":["post-14927","page","type-page","status-publish","hentry"],"acf":[],"yoast_head":"<!-- This site is optimized with the Yoast SEO plugin v27.1.1 - https:\/\/yoast.com\/product\/yoast-seo-wordpress\/ -->\n<title>Exp\u00e9dition et livraison &#8211; Gezonde Darmflora<\/title>\n<meta name=\"robots\" content=\"index, follow, max-snippet:-1, max-image-preview:large, max-video-preview:-1\" \/>\n<link rel=\"canonical\" href=\"https:\/\/gezonde-darmflora.nl\/fr\/expedition-et-livraison\/\" \/>\n<meta property=\"og:locale\" content=\"fr_FR\" \/>\n<meta property=\"og:type\" content=\"article\" \/>\n<meta property=\"og:title\" content=\"Exp\u00e9dition et livraison &#8211; Gezonde Darmflora\" \/>\n<meta property=\"og:description\" content=\"[vc_row full_width=\u00a0\u00bbstretch_row_content_no_spaces\u00a0\u00bb][vc_column][\/vc_column][\/vc_row][vc_row][vc_column width=\u00a0\u00bb2\/3&Prime;][vc_column_text css=\u00a0\u00bb\u00a0\u00bb] Exp\u00e9dition aux Pays-Bas : Tous les lundis apr\u00e8s-midi, les commandes en cours sont emball\u00e9es et pr\u00e9par\u00e9es pour l&rsquo;exp\u00e9dition. Nous transportons nous-m\u00eames les colis vers un centre de tri DHL. Le lendemain matin, votre commande sera livr\u00e9e avant 12h00. Nous ne sommes pas responsables des retards \u00e9ventuels. Il y a suffisamment de\u2026 En savoir plus &raquo;\" \/>\n<meta property=\"og:url\" content=\"https:\/\/gezonde-darmflora.nl\/fr\/expedition-et-livraison\/\" \/>\n<meta property=\"og:site_name\" content=\"Gezonde Darmflora\" \/>\n<meta property=\"article:modified_time\" content=\"2025-01-27T15:17:03+00:00\" \/>\n<meta name=\"twitter:card\" content=\"summary_large_image\" \/>\n<meta name=\"twitter:label1\" content=\"Dur\u00e9e de lecture estim\u00e9e\" \/>\n\t<meta name=\"twitter:data1\" content=\"2 minutes\" \/>\n<script type=\"application\/ld+json\" class=\"yoast-schema-graph\">{\"@context\":\"https:\/\/schema.org\",\"@graph\":[{\"@type\":\"WebPage\",\"@id\":\"https:\/\/gezonde-darmflora.nl\/fr\/expedition-et-livraison\/\",\"url\":\"https:\/\/gezonde-darmflora.nl\/fr\/expedition-et-livraison\/\",\"name\":\"Exp\u00e9dition et livraison &#8211; Gezonde Darmflora\",\"isPartOf\":{\"@id\":\"https:\/\/gezonde-darmflora.nl\/fr\/#website\"},\"datePublished\":\"2020-08-03T10:44:57+00:00\",\"dateModified\":\"2025-01-27T15:17:03+00:00\",\"breadcrumb\":{\"@id\":\"https:\/\/gezonde-darmflora.nl\/fr\/expedition-et-livraison\/#breadcrumb\"},\"inLanguage\":\"fr-FR\",\"potentialAction\":[{\"@type\":\"ReadAction\",\"target\":[\"https:\/\/gezonde-darmflora.nl\/fr\/expedition-et-livraison\/\"]}]},{\"@type\":\"BreadcrumbList\",\"@id\":\"https:\/\/gezonde-darmflora.nl\/fr\/expedition-et-livraison\/#breadcrumb\",\"itemListElement\":[{\"@type\":\"ListItem\",\"position\":1,\"name\":\"Home\",\"item\":\"https:\/\/gezonde-darmflora.nl\/fr\/\"},{\"@type\":\"ListItem\",\"position\":2,\"name\":\"Exp\u00e9dition et livraison\"}]},{\"@type\":\"WebSite\",\"@id\":\"https:\/\/gezonde-darmflora.nl\/fr\/#website\",\"url\":\"https:\/\/gezonde-darmflora.nl\/fr\/\",\"name\":\"Gezonde Darmflora\",\"description\":\"Een gezonde &amp; natuurlijke darmflora\",\"potentialAction\":[{\"@type\":\"SearchAction\",\"target\":{\"@type\":\"EntryPoint\",\"urlTemplate\":\"https:\/\/gezonde-darmflora.nl\/fr\/?s={search_term_string}\"},\"query-input\":{\"@type\":\"PropertyValueSpecification\",\"valueRequired\":true,\"valueName\":\"search_term_string\"}}],\"inLanguage\":\"fr-FR\"}]}<\/script>\n<!-- \/ Yoast SEO plugin. -->","yoast_head_json":{"title":"Exp\u00e9dition et livraison &#8211; Gezonde Darmflora","robots":{"index":"index","follow":"follow","max-snippet":"max-snippet:-1","max-image-preview":"max-image-preview:large","max-video-preview":"max-video-preview:-1"},"canonical":"https:\/\/gezonde-darmflora.nl\/fr\/expedition-et-livraison\/","og_locale":"fr_FR","og_type":"article","og_title":"Exp\u00e9dition et livraison &#8211; Gezonde Darmflora","og_description":"[vc_row full_width=\u00a0\u00bbstretch_row_content_no_spaces\u00a0\u00bb][vc_column][\/vc_column][\/vc_row][vc_row][vc_column width=\u00a0\u00bb2\/3&Prime;][vc_column_text css=\u00a0\u00bb\u00a0\u00bb] Exp\u00e9dition aux Pays-Bas : Tous les lundis apr\u00e8s-midi, les commandes en cours sont emball\u00e9es et pr\u00e9par\u00e9es pour l&rsquo;exp\u00e9dition. Nous transportons nous-m\u00eames les colis vers un centre de tri DHL. Le lendemain matin, votre commande sera livr\u00e9e avant 12h00. Nous ne sommes pas responsables des retards \u00e9ventuels. Il y a suffisamment de\u2026 En savoir plus &raquo;","og_url":"https:\/\/gezonde-darmflora.nl\/fr\/expedition-et-livraison\/","og_site_name":"Gezonde Darmflora","article_modified_time":"2025-01-27T15:17:03+00:00","twitter_card":"summary_large_image","twitter_misc":{"Dur\u00e9e de lecture estim\u00e9e":"2 minutes"},"schema":{"@context":"https:\/\/schema.org","@graph":[{"@type":"WebPage","@id":"https:\/\/gezonde-darmflora.nl\/fr\/expedition-et-livraison\/","url":"https:\/\/gezonde-darmflora.nl\/fr\/expedition-et-livraison\/","name":"Exp\u00e9dition et livraison &#8211; Gezonde Darmflora","isPartOf":{"@id":"https:\/\/gezonde-darmflora.nl\/fr\/#website"},"datePublished":"2020-08-03T10:44:57+00:00","dateModified":"2025-01-27T15:17:03+00:00","breadcrumb":{"@id":"https:\/\/gezonde-darmflora.nl\/fr\/expedition-et-livraison\/#breadcrumb"},"inLanguage":"fr-FR","potentialAction":[{"@type":"ReadAction","target":["https:\/\/gezonde-darmflora.nl\/fr\/expedition-et-livraison\/"]}]},{"@type":"BreadcrumbList","@id":"https:\/\/gezonde-darmflora.nl\/fr\/expedition-et-livraison\/#breadcrumb","itemListElement":[{"@type":"ListItem","position":1,"name":"Home","item":"https:\/\/gezonde-darmflora.nl\/fr\/"},{"@type":"ListItem","position":2,"name":"Exp\u00e9dition et livraison"}]},{"@type":"WebSite","@id":"https:\/\/gezonde-darmflora.nl\/fr\/#website","url":"https:\/\/gezonde-darmflora.nl\/fr\/","name":"Gezonde Darmflora","description":"Een gezonde &amp; natuurlijke darmflora","potentialAction":[{"@type":"SearchAction","target":{"@type":"EntryPoint","urlTemplate":"https:\/\/gezonde-darmflora.nl\/fr\/?s={search_term_string}"},"query-input":{"@type":"PropertyValueSpecification","valueRequired":true,"valueName":"search_term_string"}}],"inLanguage":"fr-FR"}]}},"_links":{"self":[{"href":"https:\/\/gezonde-darmflora.nl\/fr\/wp-json\/wp\/v2\/pages\/14927","targetHints":{"allow":["GET"]}}],"collection":[{"href":"https:\/\/gezonde-darmflora.nl\/fr\/wp-json\/wp\/v2\/pages"}],"about":[{"href":"https:\/\/gezonde-darmflora.nl\/fr\/wp-json\/wp\/v2\/types\/page"}],"author":[{"embeddable":true,"href":"https:\/\/gezonde-darmflora.nl\/fr\/wp-json\/wp\/v2\/users\/4"}],"replies":[{"embeddable":true,"href":"https:\/\/gezonde-darmflora.nl\/fr\/wp-json\/wp\/v2\/comments?post=14927"}],"version-history":[{"count":8,"href":"https:\/\/gezonde-darmflora.nl\/fr\/wp-json\/wp\/v2\/pages\/14927\/revisions"}],"predecessor-version":[{"id":14960,"href":"https:\/\/gezonde-darmflora.nl\/fr\/wp-json\/wp\/v2\/pages\/14927\/revisions\/14960"}],"wp:attachment":[{"href":"https:\/\/gezonde-darmflora.nl\/fr\/wp-json\/wp\/v2\/media?parent=14927"}],"curies":[{"name":"wp","href":"https:\/\/api.w.org\/{rel}","templated":true}]}}