{"id":15554,"date":"2024-03-08T11:11:33","date_gmt":"2024-03-08T10:11:33","guid":{"rendered":"https:\/\/gezonde-darmflora.nl\/product\/df6\/"},"modified":"2026-04-07T12:38:22","modified_gmt":"2026-04-07T10:38:22","slug":"df6","status":"publish","type":"product","link":"https:\/\/gezonde-darmflora.nl\/es\/producto\/df6\/","title":{"rendered":"DF6"},"content":{"rendered":"<p>DF6 (Alemania) es un antiguo judoka de alto nivel. Nunca ha estado enfermo. Criado antropos\u00f3ficamente. Nunca ha utilizado medicaci\u00f3n y s\u00f3lo come de su propia cocina, carne o pescado dos veces por semana. Nunca come productos con az\u00facar a\u00f1adido. DF6 es una mezcla de 2 culturas, Inglaterra e India. No est\u00e1 vacunado contra el Covid. <a href=\"https:\/\/gezonde-darmflora.nl\/wp-content\/uploads\/2020\/06\/MPC00231-NBENG-Specialistenrapport-ENG.pdf\"><strong>Haz clic aqu\u00ed para ver el informe sobre el microbioma<\/strong><\/a><\/p>\n<p>\/ <a href=\"https:\/\/gezonde-darmflora.nl\/wp-content\/uploads\/2024\/04\/DF6-OVERZICHT-scaled.jpg\"><strong>Haz clic aqu\u00ed para ver los resultados de la prueba de heces<\/strong><\/a> \/ <a href=\"https:\/\/gezonde-darmflora.nl\/wp-content\/uploads\/2020\/06\/NB-bloedtest-scaled.jpg\"><strong>Haz clic aqu\u00ed para el an\u00e1lisis de sangre<\/strong><\/a><\/p>\n<p>&nbsp;<\/p>\n<p>DF6 ha viajado mucho. En diciembre de 2025 pas\u00f3 dos semanas en los Pa\u00edses Bajos. Durante su estancia, se le volvi\u00f3 a hacer la prueba y recibi\u00f3 luz verde. El tiempo disponible se ha dedicado exclusivamente a la producci\u00f3n de enemas. Por eso, las existencias son limitadas en este momento.<\/p>\n<p><a href=\"https:\/\/gezonde-darmflora.nl\/wp-content\/uploads\/2024\/04\/MPC00490-ENG-SPEC.rapport-NB.pdf\">Para ver el informe sobre el microbioma: haga clic aqu\u00ed.<\/a><br \/>\n<a href=\"https:\/\/gezonde-darmflora.nl\/wp-content\/uploads\/2024\/04\/labrapport-DF6-dec2025.pdf\">Para ver el informe sobre la sangre: haga clic aqu\u00ed.<\/a><br \/>\n<a href=\"https:\/\/gezonde-darmflora.nl\/wp-content\/uploads\/2024\/04\/DF6-DEC-25.jpg\">Para ver las pruebas fecales: haga clic aqu\u00ed.<\/a><\/p>\n","protected":false},"excerpt":{"rendered":"<p>El importe no incluye el coste del hielo seco, el embalaje ni los gastos de env\u00edo.<\/p>\n","protected":false},"featured_media":15557,"comment_status":"open","ping_status":"closed","template":"","meta":{"_acf_changed":false},"product_brand":[],"product_cat":[42],"product_tag":[],"class_list":{"0":"post-15554","1":"product","2":"type-product","3":"status-publish","4":"has-post-thumbnail","6":"product_cat-darmflora","7":"product_shipping_class-standaard","9":"first","10":"instock","11":"taxable","12":"shipping-taxable","13":"purchasable","14":"product-type-variable","15":"has-default-attributes"},"acf":[],"yoast_head":"<!-- This site is optimized with the Yoast SEO plugin v27.1.1 - https:\/\/yoast.com\/product\/yoast-seo-wordpress\/ -->\n<title>DF6 &#8211; Gezonde Darmflora<\/title>\n<meta name=\"robots\" content=\"index, follow, max-snippet:-1, max-image-preview:large, max-video-preview:-1\" \/>\n<link rel=\"canonical\" href=\"https:\/\/gezonde-darmflora.nl\/es\/producto\/df6\/\" \/>\n<meta property=\"og:locale\" content=\"es_ES\" \/>\n<meta property=\"og:type\" content=\"article\" \/>\n<meta property=\"og:title\" content=\"DF6 &#8211; Gezonde Darmflora\" \/>\n<meta property=\"og:description\" content=\"El importe no incluye el coste del hielo seco, el embalaje ni los gastos de env\u00edo.\" \/>\n<meta property=\"og:url\" content=\"https:\/\/gezonde-darmflora.nl\/es\/producto\/df6\/\" \/>\n<meta property=\"og:site_name\" content=\"Gezonde Darmflora\" \/>\n<meta property=\"article:modified_time\" content=\"2026-04-07T10:38:22+00:00\" \/>\n<meta property=\"og:image\" content=\"https:\/\/gezonde-darmflora.nl\/wp-content\/uploads\/2020\/06\/LEGE-CAPSULE-DF6.jpg\" \/>\n\t<meta property=\"og:image:width\" content=\"992\" \/>\n\t<meta property=\"og:image:height\" content=\"992\" \/>\n\t<meta property=\"og:image:type\" content=\"image\/jpeg\" \/>\n<meta name=\"twitter:card\" content=\"summary_large_image\" \/>\n<meta name=\"twitter:label1\" content=\"Tiempo de lectura\" \/>\n\t<meta name=\"twitter:data1\" content=\"2 minutos\" \/>\n<script type=\"application\/ld+json\" class=\"yoast-schema-graph\">{\"@context\":\"https:\/\/schema.org\",\"@graph\":[{\"@type\":\"WebPage\",\"@id\":\"https:\/\/gezonde-darmflora.nl\/es\/producto\/df6\/\",\"url\":\"https:\/\/gezonde-darmflora.nl\/es\/producto\/df6\/\",\"name\":\"DF6 &#8211; Gezonde Darmflora\",\"isPartOf\":{\"@id\":\"https:\/\/gezonde-darmflora.nl\/es\/#website\"},\"primaryImageOfPage\":{\"@id\":\"https:\/\/gezonde-darmflora.nl\/es\/producto\/df6\/#primaryimage\"},\"image\":{\"@id\":\"https:\/\/gezonde-darmflora.nl\/es\/producto\/df6\/#primaryimage\"},\"thumbnailUrl\":\"https:\/\/gezonde-darmflora.nl\/wp-content\/uploads\/2020\/06\/LEGE-CAPSULE-DF6.jpg\",\"datePublished\":\"2024-03-08T10:11:33+00:00\",\"dateModified\":\"2026-04-07T10:38:22+00:00\",\"breadcrumb\":{\"@id\":\"https:\/\/gezonde-darmflora.nl\/es\/producto\/df6\/#breadcrumb\"},\"inLanguage\":\"es\",\"potentialAction\":[{\"@type\":\"ReadAction\",\"target\":[\"https:\/\/gezonde-darmflora.nl\/es\/producto\/df6\/\"]}]},{\"@type\":\"ImageObject\",\"inLanguage\":\"es\",\"@id\":\"https:\/\/gezonde-darmflora.nl\/es\/producto\/df6\/#primaryimage\",\"url\":\"https:\/\/gezonde-darmflora.nl\/wp-content\/uploads\/2020\/06\/LEGE-CAPSULE-DF6.jpg\",\"contentUrl\":\"https:\/\/gezonde-darmflora.nl\/wp-content\/uploads\/2020\/06\/LEGE-CAPSULE-DF6.jpg\",\"width\":992,\"height\":992},{\"@type\":\"BreadcrumbList\",\"@id\":\"https:\/\/gezonde-darmflora.nl\/es\/producto\/df6\/#breadcrumb\",\"itemListElement\":[{\"@type\":\"ListItem\",\"position\":1,\"name\":\"Home\",\"item\":\"https:\/\/gezonde-darmflora.nl\/es\/\"},{\"@type\":\"ListItem\",\"position\":2,\"name\":\"Tienda\",\"item\":\"https:\/\/gezonde-darmflora.nl\/tienda\/\"},{\"@type\":\"ListItem\",\"position\":3,\"name\":\"DF6\"}]},{\"@type\":\"WebSite\",\"@id\":\"https:\/\/gezonde-darmflora.nl\/es\/#website\",\"url\":\"https:\/\/gezonde-darmflora.nl\/es\/\",\"name\":\"Gezonde Darmflora\",\"description\":\"Een gezonde &amp; natuurlijke darmflora\",\"potentialAction\":[{\"@type\":\"SearchAction\",\"target\":{\"@type\":\"EntryPoint\",\"urlTemplate\":\"https:\/\/gezonde-darmflora.nl\/es\/?s={search_term_string}\"},\"query-input\":{\"@type\":\"PropertyValueSpecification\",\"valueRequired\":true,\"valueName\":\"search_term_string\"}}],\"inLanguage\":\"es\"}]}<\/script>\n<!-- \/ Yoast SEO plugin. -->","yoast_head_json":{"title":"DF6 &#8211; Gezonde Darmflora","robots":{"index":"index","follow":"follow","max-snippet":"max-snippet:-1","max-image-preview":"max-image-preview:large","max-video-preview":"max-video-preview:-1"},"canonical":"https:\/\/gezonde-darmflora.nl\/es\/producto\/df6\/","og_locale":"es_ES","og_type":"article","og_title":"DF6 &#8211; Gezonde Darmflora","og_description":"El importe no incluye el coste del hielo seco, el embalaje ni los gastos de env\u00edo.","og_url":"https:\/\/gezonde-darmflora.nl\/es\/producto\/df6\/","og_site_name":"Gezonde Darmflora","article_modified_time":"2026-04-07T10:38:22+00:00","og_image":[{"width":992,"height":992,"url":"https:\/\/gezonde-darmflora.nl\/wp-content\/uploads\/2020\/06\/LEGE-CAPSULE-DF6.jpg","type":"image\/jpeg"}],"twitter_card":"summary_large_image","twitter_misc":{"Tiempo de lectura":"2 minutos"},"schema":{"@context":"https:\/\/schema.org","@graph":[{"@type":"WebPage","@id":"https:\/\/gezonde-darmflora.nl\/es\/producto\/df6\/","url":"https:\/\/gezonde-darmflora.nl\/es\/producto\/df6\/","name":"DF6 &#8211; Gezonde Darmflora","isPartOf":{"@id":"https:\/\/gezonde-darmflora.nl\/es\/#website"},"primaryImageOfPage":{"@id":"https:\/\/gezonde-darmflora.nl\/es\/producto\/df6\/#primaryimage"},"image":{"@id":"https:\/\/gezonde-darmflora.nl\/es\/producto\/df6\/#primaryimage"},"thumbnailUrl":"https:\/\/gezonde-darmflora.nl\/wp-content\/uploads\/2020\/06\/LEGE-CAPSULE-DF6.jpg","datePublished":"2024-03-08T10:11:33+00:00","dateModified":"2026-04-07T10:38:22+00:00","breadcrumb":{"@id":"https:\/\/gezonde-darmflora.nl\/es\/producto\/df6\/#breadcrumb"},"inLanguage":"es","potentialAction":[{"@type":"ReadAction","target":["https:\/\/gezonde-darmflora.nl\/es\/producto\/df6\/"]}]},{"@type":"ImageObject","inLanguage":"es","@id":"https:\/\/gezonde-darmflora.nl\/es\/producto\/df6\/#primaryimage","url":"https:\/\/gezonde-darmflora.nl\/wp-content\/uploads\/2020\/06\/LEGE-CAPSULE-DF6.jpg","contentUrl":"https:\/\/gezonde-darmflora.nl\/wp-content\/uploads\/2020\/06\/LEGE-CAPSULE-DF6.jpg","width":992,"height":992},{"@type":"BreadcrumbList","@id":"https:\/\/gezonde-darmflora.nl\/es\/producto\/df6\/#breadcrumb","itemListElement":[{"@type":"ListItem","position":1,"name":"Home","item":"https:\/\/gezonde-darmflora.nl\/es\/"},{"@type":"ListItem","position":2,"name":"Tienda","item":"https:\/\/gezonde-darmflora.nl\/tienda\/"},{"@type":"ListItem","position":3,"name":"DF6"}]},{"@type":"WebSite","@id":"https:\/\/gezonde-darmflora.nl\/es\/#website","url":"https:\/\/gezonde-darmflora.nl\/es\/","name":"Gezonde Darmflora","description":"Een gezonde &amp; natuurlijke darmflora","potentialAction":[{"@type":"SearchAction","target":{"@type":"EntryPoint","urlTemplate":"https:\/\/gezonde-darmflora.nl\/es\/?s={search_term_string}"},"query-input":{"@type":"PropertyValueSpecification","valueRequired":true,"valueName":"search_term_string"}}],"inLanguage":"es"}]}},"_links":{"self":[{"href":"https:\/\/gezonde-darmflora.nl\/es\/wp-json\/wp\/v2\/product\/15554","targetHints":{"allow":["GET"]}}],"collection":[{"href":"https:\/\/gezonde-darmflora.nl\/es\/wp-json\/wp\/v2\/product"}],"about":[{"href":"https:\/\/gezonde-darmflora.nl\/es\/wp-json\/wp\/v2\/types\/product"}],"replies":[{"embeddable":true,"href":"https:\/\/gezonde-darmflora.nl\/es\/wp-json\/wp\/v2\/comments?post=15554"}],"wp:featuredmedia":[{"embeddable":true,"href":"https:\/\/gezonde-darmflora.nl\/es\/wp-json\/wp\/v2\/media\/15557"}],"wp:attachment":[{"href":"https:\/\/gezonde-darmflora.nl\/es\/wp-json\/wp\/v2\/media?parent=15554"}],"wp:term":[{"taxonomy":"product_brand","embeddable":true,"href":"https:\/\/gezonde-darmflora.nl\/es\/wp-json\/wp\/v2\/product_brand?post=15554"},{"taxonomy":"product_cat","embeddable":true,"href":"https:\/\/gezonde-darmflora.nl\/es\/wp-json\/wp\/v2\/product_cat?post=15554"},{"taxonomy":"product_tag","embeddable":true,"href":"https:\/\/gezonde-darmflora.nl\/es\/wp-json\/wp\/v2\/product_tag?post=15554"}],"curies":[{"name":"wp","href":"https:\/\/api.w.org\/{rel}","templated":true}]}}