{"id":15431,"date":"2020-06-18T15:18:08","date_gmt":"2020-06-18T13:18:08","guid":{"rendered":"https:\/\/gezonde-darmflora.nl\/como-funciona\/"},"modified":"2025-11-15T17:08:22","modified_gmt":"2025-11-15T16:08:22","slug":"como-funciona","status":"publish","type":"page","link":"https:\/\/gezonde-darmflora.nl\/es\/como-funciona\/","title":{"rendered":"\u00bfC\u00f3mo funciona?"},"content":{"rendered":"<div class=\"wpb-content-wrapper\"><p>[vc_row full_width=\u00bbstretch_row_content_no_spaces\u00bb][vc_column]\r\n    <div class=\"page-title\">\r\n        <div class=\"container\">\r\n            <div class=\"row\">\r\n                <div class=\"col\">\r\n                    <h1>Hacer el trasplante de heces t\u00fa mismo: \u00bfC\u00f3mo funciona?<\/h1>\r\n                <\/div>\r\n            <\/div>\r\n        <\/div>\r\n    <\/div>\r\n\r\n    [\/vc_column][\/vc_row][vc_row equal_height=\u00bbyes\u00bb][vc_column width=\u00bb3\/4&#8243;][vc_column_text css=\u00bb\u00bb]<\/p>\n<blockquote><p>Las c\u00e1psulas de caca no son medicamentos y a\u00fan no se ha demostrado cl\u00ednicamente que sirvan como tratamiento. Por lo tanto, lo que hagas con ellas despu\u00e9s de comprarlas queda bajo tu propia responsabilidad.<\/p><\/blockquote>\n<h2>Trasplante de heces<\/h2>\n<p>Un trasplante de caca o trasplante de heces es la transferencia de una flora intestinal sana a un receptor. Ahora puede hacerse en casa utilizando nuestra nueva t\u00e9cnica con c\u00e1psulas resistentes a los jugos g\u00e1stricos.<\/p>\n<p>Las especies bacterianas que han desaparecido o est\u00e1n infrarrepresentadas en ti pueden ser repuestas por el donante.<\/p>\n<h2>D\u00eda del trasplante de heces<\/h2>\n<p>La ma\u00f1ana en que vayas a tomar las 24 c\u00e1psulas (tama\u00f1o 000, la c\u00e1psula m\u00e1s grande disponible) debes permanecer sobrio. Mant\u00e9n la caja de EPS cerrada hasta que empieces el trasplante. Puedes tragar las c\u00e1psulas con agua hacia el mediod\u00eda (mediod\u00eda). Toma las c\u00e1psulas inmediatamente y no dejes que se descongelen. Despu\u00e9s de la \u00faltima c\u00e1psula, mantente sobrio durante otras dos horas. As\u00ed dar\u00e1s tiempo a las nuevas bacterias para que se asienten tranquilamente en tu pared intestinal. Cuando haga fr\u00edo, date un ba\u00f1o caliente o t\u00fambate en el sof\u00e1 con una bolsa de agua caliente bajo la manta y \u00a1rel\u00e1jate!<\/p>\n<p><strong><a href=\"https:\/\/gezonde-darmflora.nl\/wp-content\/uploads\/2024\/04\/caps-ENG-.jpg\">DESCRIPCI\u00d3N C\u00c1PSULAS M\u00c9TODO<\/a><\/strong> (Como se env\u00eda con el pedido)<\/p>\n<p><strong><a href=\"https:\/\/gezonde-darmflora.nl\/wp-content\/uploads\/2024\/04\/klysma-ENG-kopie-3-copy-scaled.jpg\">DESCRIPCI\u00d3N DEL M\u00c9TODO DEL ENEMA<\/a> <\/strong>(Como se env\u00eda con el pedido)<\/p>\n<h2>La semana despu\u00e9s del trasplante de heces<\/h2>\n<p>El porcentaje medio de \u00e9xito con un tipo de intestino es del 70%.<\/p>\n<p>Si no notas nada en absoluto en los primeros d\u00edas, entonces el donante que elegiste no es el adecuado para ti. Por tanto, volver a pedir el mismo donante de v\u00edsceras no tiene sentido.<\/p>\n<p>Si notas algo al d\u00eda siguiente y mejora un poco cada d\u00eda, entonces una dosis te ayudar\u00e1.<\/p>\n<p>Si notas algo en los primeros d\u00edas pero no lo suficiente, o los s\u00edntomas reaparecen m\u00e1s adelante en la semana, entonces es necesaria una segunda dosis y, en algunos casos, una tercera. Esto ocurre sobre todo en personas con un historial de uso intensivo de antibi\u00f3ticos. El uso intensivo ha destruido muchas especies y ha hecho que crezcan en exceso. \u00c9stas siguen entonces a cargo.<\/p>\n<p>Por t\u00e9rmino medio, estas personas piden una segunda dosis (o dosis doble) al cabo de una semana, si es necesario.<\/p>\n<h2>MEDIA DOSIS (s\u00f3lo puede hacerse con c\u00e1psulas)<\/h2>\n<p>En la pr\u00e1ctica, la DOSIS DE HALVE se utiliza m\u00e1s para personas que ya han usado muchos antibi\u00f3ticos o con las enfermedades m\u00e1s graves, como la Colitis Ulcerosa. <strong>Es un m\u00e9todo para encontrar primero al donante adecuado para ti.<\/strong><\/p>\n<p>Mant\u00e9n uno o dos d\u00edas entre cada donante y haz un seguimiento; <strong>\u00bfQu\u00e9 hace cada donante por m\u00ed?<\/strong><\/p>\n<p>Ahora que podemos ofrecerte el informe sobre el microbioma, puedes utilizar tu informe para ver qu\u00e9 donante es adecuado para ti. \u00bfQu\u00e9 especies bacterianas me faltan y qu\u00e9 donante tiene muchas? \u00bfQu\u00e9 bacterias me sobran? Quieres que el donante tenga el menor n\u00famero posible de ellas, etc. Si la recomendaci\u00f3n contiene varios donantes, puedes dividir la dosis y pedir menos c\u00e1psulas de varios donantes.<\/p>\n<p>El mayor inconveniente de un informe sobre un micro\u00e1rbol es que a\u00fan no se conoce ni el 20% del mismo y los resultados est\u00e1n al menos a un mes vista.<\/p>\n<p>UNA MEDIA DOSIS son 12 c\u00e1psulas. Suficiente para notar si un donante te hace algo.<\/p>\n<h2>Donantes<\/h2>\n<p>Hacemos pruebas a los donantes seg\u00fan las normas del Banco Holand\u00e9s de Donantes y Heces de Leiden y las directrices de la UE.<\/p>\n<p>Adem\u00e1s de estos requisitos, tambi\u00e9n seleccionamos a los donantes por la energ\u00eda que desprenden, tienen una vida disciplinada y estable. Nuestros donantes son conscientes de que su cuerpo es su templo, necesitan que su cuerpo est\u00e9 en buenas condiciones para lograr su objetivo. El donante dona en nuestras instalaciones para que el proceso de tramitaci\u00f3n sea lo m\u00e1s r\u00e1pido posible.<\/p>\n<p>A los donantes potenciales se les da primero un <a href=\"https:\/\/gezonde-darmflora.nl\/wp-content\/uploads\/2024\/04\/Vragenlijst-GD-word.pdf\">CUESTIONARIO<\/a> para que lo rellenen, luego se les hacen las pruebas de <a href=\"https:\/\/gezonde-darmflora.nl\/wp-content\/uploads\/2020\/06\/Lijst-met-testen-voor-DONOR-monsters.pdf\">los HECES<\/a> y despu\u00e9s de la <a href=\"https:\/\/www.bloedwaardentest.nl\/gezonde-darmflora-controle-test.html\">SANGRE<\/a>. (Haz clic en las palabras para verlas)<\/p>\n<p><strong>El donante se somete a una nueva prueba de heces al cabo de un mes. <\/strong><\/p>\n<p>S\u00f3lo entonces puede liberarse una reserva acumulada. Si se encuentra algo, se comprueban las existencias y se destruyen a partir del d\u00eda en que se encuentra el agente pat\u00f3geno. (Con cada donaci\u00f3n se guarda una muestra que nos permite averiguarlo)<\/p>\n<blockquote><p>Lee aqu\u00ed el art\u00edculo sobre <a href=\"https:\/\/gezonde-darmflora.nl\/es\/el-donante-ideal\/\">el donante ideal<\/a><\/p><\/blockquote>\n<p>[\/vc_column_text]<div class=\"eye_empty_space pt-md-3 pb-md-3   pt-2 pb-2\"><\/div>[\/vc_column][\/vc_row][vc_row equal_height=\u00bbyes\u00bb][vc_column width=\u00bb3\/4&#8243;][vc_column_text css=\u00bb\u00bb]<\/p>\n<h2>Procesando<\/h2>\n<p><strong>C\u00e1psulas:<\/strong> En nuestra sala higi\u00e9nica, las heces se tamizan y se mezclan con un 10% de cloruro s\u00f3dico y un 10% de glicerol (el cloruro s\u00f3dico es una soluci\u00f3n salina que mejora la absorci\u00f3n de las bacterias y el glicerol se a\u00f1ade para proteger las bacterias durante la congelaci\u00f3n). Se rellena una c\u00e1psula transparente y se coloca alrededor una c\u00e1psula gastrorresistente. Las c\u00e1psulas se meten en el congelador lo antes posible. 1 Dosis = 24 c\u00e1psulas tama\u00f1o 000. 1 c\u00e1psula equivale a 735 mg.<\/p>\n<p><strong>Enemas:<\/strong> Un enema consiste en a\u00f1adir un poco m\u00e1s de cloruro s\u00f3dico para que las heces sean m\u00e1s l\u00edquidas para el cat\u00e9ter suministrado. 1 jeringa de 55 ml representa una raci\u00f3n de 24 c\u00e1psulas.<\/p>\n<p>Nota: \u00bfYa conoces los enemas de fmt por otras v\u00edas? \u00bfY tambi\u00e9n te gustar\u00eda diluir la sustancia? Solicita una jeringa adicional y NaCI por correo.<\/p>\n<h2>Almacenamiento<\/h2>\n<p>Las c\u00e1psulas y los enemas se guardan en un congelador de laboratorio a &#8211; 80 grados.[\/vc_column_text]<div class=\"eye_empty_space pt-md-4 pb-md-4   pt-3 pb-3\"><\/div>[\/vc_column][vc_column width=\u00bb1\/4&#8243; el_class=\u00bbd-flex align-items-center\u00bb]\r\n    <div class=\"blob-image-wrap\">\r\n        <img decoding=\"async\" src=\"https:\/\/gezonde-darmflora.nl\/wp-content\/uploads\/2020\/08\/poeppillen.jpg\">\r\n    <\/div>\r\n    <p class=\"blob-image__caption\"><\/p>\r\n\r\n    \r\n    <div class=\"blob-image-wrap\">\r\n        <img decoding=\"async\" src=\"https:\/\/gezonde-darmflora.nl\/wp-content\/uploads\/2022\/03\/spuit-1024x485.jpg\">\r\n    <\/div>\r\n    <p class=\"blob-image__caption\"><\/p>\r\n\r\n    [\/vc_column][\/vc_row][vc_row equal_height=\u00bbyes\u00bb][vc_column width=\u00bb3\/4&#8243;][vc_column_text css=\u00bb\u00bb]<\/p>\n<h2>Proceso de pedido y env\u00edo<\/h2>\n<p><strong>Pa\u00edses Bajos:<\/strong><\/p>\n<p><strong>Nota: Los retrasos est\u00e1n aumentando. Por ello, la caja est\u00e1ndar se ha ajustado a un tama\u00f1o mayor y tiene hielo seco para 3 d\u00edas. <\/strong><\/p>\n<p>Se aconseja recibir primero la caja y echar un vistazo r\u00e1pido o asegurarse de que el tarro de c\u00e1psulas sigue bajo una buena capa de hielo seco. Luego hacer el trasplante al d\u00eda siguiente. \u00bfNo se entrega al mediod\u00eda del d\u00eda siguiente? Entonces llega al d\u00eda siguiente antes de las 12.00.<\/p>\n<p>\u00bfColeccionando en el lugar? Env\u00edanos un correo para conocer las posibilidades.<\/p>\n<p><strong>Ten en cuenta retrasos adicionales si haces el pedido en fechas comerciales (Viernes Negro, D\u00eda del Padre, D\u00eda de la Ascensi\u00f3n, etc.).<\/strong><\/p>\n<p>Por lo tanto, \u00a1siempre enviamos los lunes!<\/p>\n<p>En nuestra <a href=\"https:\/\/gezonde-darmflora.nl\/es\/tienda-2\/\">tienda web<\/a>, puedes especificar qu\u00e9 donante (si hay varios donantes) quieres y <a href=\"https:\/\/gezonde-darmflora.nl\/es\/envio-y-entrega\/\">qu\u00e9 lunes<\/a> quieres que se env\u00ede tu pedido. Los pedidos son empaquetados y recogidos por el mensajero en nuestra sede todos los lunes por la tarde. En Holanda, el mensajero suele entregar tu pedido antes del mediod\u00eda del d\u00eda siguiente. Si no, se entrega al d\u00eda siguiente antes de las 12.00 h. Desgraciadamente, tambi\u00e9n hay muchos retrasos con Correos. Por eso lo enviamos en una caja en la que el producto se conservar\u00e1 al menos 3 d\u00edas. El hielo seco pierde el 15% de su volumen en 24 horas.<\/p>\n<p>Vigila de cerca el seguimiento y localizaci\u00f3n. Aseg\u00farate de estar en casa el d\u00eda de la entrega.<\/p>\n<p><strong>\u00bfVives en la UE, en el Reino Unido o USA?!<\/strong><\/p>\n<p>A continuaci\u00f3n, realizamos el env\u00edo en una caja EPS grande como est\u00e1ndar y puedes elegir si quieres que el paquete se env\u00ede por <strong>DHL<\/strong> o <strong>FedEx<\/strong>. En la UE, por lo general recibir\u00e1s el paquete grande en un plazo de 24\/48 a 72 horas.<\/p>\n<p>Al crear la etiqueta de env\u00edo, recibir\u00e1s un seguimiento del transportista. Aseg\u00farate de estar en casa el d\u00eda de la entrega. No entregamos paquetes a vecinos.<\/p>\n<p>Si tu paquete est\u00e1 en el pa\u00eds de destino y el seguimiento y localizaci\u00f3n dice por la ma\u00f1ana; En ruta para la entrega. Ese d\u00eda, puedes esperar el paquete.<\/p>\n<p>Con los env\u00edos, dependemos totalmente de la empresa de transporte con la que trabajemos. <strong>Y no afectan a los retrasos.<\/strong> Y los hay de vez en cuando, por eso los enviamos en la caja m\u00e1s grande que tenemos. El producto se conservar\u00e1 all\u00ed al menos 4 d\u00edas.<\/p>\n<p>Nota: El hielo seco pierde un 15% de su volumen cada 24 horas.<\/p>\n<h2>Revisa<\/h2>\n<p>Transcurrido un mes, recibir\u00e1s un correo electr\u00f3nico autom\u00e1tico con una solicitud de revisi\u00f3n. Si pides una segunda dosis en el plazo de un mes, nuestra solicitud de revisi\u00f3n se desplazar\u00e1 autom\u00e1ticamente un mes. Esto no es obligatorio y puede hacerse de forma an\u00f3nima si se desea.<\/p>\n<h2>\u00a1Toma nota!<\/h2>\n<p>Una caja de EPS se llena de hielo seco y se sella con nuestra cinta adhesiva. El hielo seco es di\u00f3xido de carbono (CO2) refrigerado. No toques el hielo seco (- 79 grados) con las manos desnudas y abre siempre la caja de EPS al aire libre. Deja que el hielo seco se derrita en la caja de EPS. \u00bfTe has quedado sin hielo seco y quieres mantener el ajuste m\u00e1s tiempo? Entonces pide hielo seco extra a nivel local. No puedes guardar fmt en el congelador de la cocina.[\/vc_column_text][\/vc_column][vc_column width=\u00bb1\/4&#8243; el_class=\u00bbd-flex align-items-center\u00bb]\r\n    <div class=\"blob-image-wrap\">\r\n        <img decoding=\"async\" src=\"https:\/\/gezonde-darmflora.nl\/wp-content\/uploads\/2020\/08\/eps-doos.jpg\">\r\n    <\/div>\r\n    <p class=\"blob-image__caption\"><\/p>\r\n\r\n    [\/vc_column][\/vc_row][vc_row][vc_column]<div class=\"eye_empty_space pt-md-4 pb-md-4   pt-3 pb-3\"><\/div>[vc_column_text]<\/p>\n<h2>Lee aqu\u00ed las experiencias de nuestros clientes<\/h2>\n<p>[\/vc_column_text]\r\n    <div class=\"home-reviews\">\r\n        <div class=\"row d-flex\">\r\n                                                <div class=\"col-lg-4 d-flex\">\r\n                        <div class=\"review-card\">\r\n                            <h6>N<\/h6>\r\n                            <span style=\"font-size: 1rem\">DF7\" \"DF6<\/span>\r\n                            <div class=\"review-card__stars\">\r\n                                <i class=\"fas fa-star\"><\/i>\r\n                                <i class=\"fas fa-star\"><\/i>\r\n                                <i class=\"fas fa-star\"><\/i>\r\n                                <i class=\"fas fa-star\"><\/i>\r\n                                <i class=\"fas fa-star\"><\/i>\r\n                            <\/div>\r\n\r\n                            <p>Ten\u00eda mucho miedo de hacer este procedimiento, pero estoy muy contenta de haberlo hecho. Hab\u00eda destruido mi flora intestinal con antibi\u00f3ticos mientras intentaba resolver mi Intolerancia a la histamina. B\u00e1sicamente estaba postrada en el sof\u00e1 y sufr\u00eda dolores constantes debido a los problemas intestinales. Tambi\u00e9n ten\u00eda problemas mentales muy graves desde que tom\u00e9 los antibi\u00f3ticos.\u2026 <a href=\"https:\/\/gezonde-darmflora.nl\/es\/review\/n\/\">Leer m\u00e1s &raquo;<\/a><\/p>\r\n                        <\/div>\r\n                    <\/div>\r\n                                    <div class=\"col-lg-4 d-flex\">\r\n                        <div class=\"review-card\">\r\n                            <h6>An\u00f3nimo (EEUU)<\/h6>\r\n                            <span style=\"font-size: 1rem\">DF7 DF6<\/span>\r\n                            <div class=\"review-card__stars\">\r\n                                <i class=\"fas fa-star\"><\/i>\r\n                                <i class=\"fas fa-star\"><\/i>\r\n                                <i class=\"fas fa-star\"><\/i>\r\n                                <i class=\"fas fa-star\"><\/i>\r\n                                <i class=\"fas fa-star\"><\/i>\r\n                            <\/div>\r\n\r\n                            <p>Este producto cambi\u00f3 literalmente mi vida. Adem\u00e1s de problemas estomacales e intestinales, sufr\u00ed durante a\u00f1os fatiga debilitante, dolor cr\u00f3nico, niebla cerebral y alergias graves. Me sent\u00eda fatal constantemente, apenas pod\u00eda funcionar y s\u00f3lo pod\u00eda hacer lo m\u00ednimo para sobrevivir, y a veces ni siquiera eso. Fueron a\u00f1os miserables y desperdiciados de mi vida. Me di\u2026 <a href=\"https:\/\/gezonde-darmflora.nl\/es\/review\/anonimo-eeuu\/\">Leer m\u00e1s &raquo;<\/a><\/p>\r\n                        <\/div>\r\n                    <\/div>\r\n                                    <div class=\"col-lg-4 d-flex\">\r\n                        <div class=\"review-card\">\r\n                            <h6>Javier (Espa\u00f1a)<\/h6>\r\n                            <span style=\"font-size: 1rem\">DF6<\/span>\r\n                            <div class=\"review-card__stars\">\r\n                                <i class=\"fas fa-star\"><\/i>\r\n                                <i class=\"fas fa-star\"><\/i>\r\n                                <i class=\"fas fa-star\"><\/i>\r\n                                <i class=\"fas fa-star\"><\/i>\r\n                                <i class=\"fas fa-star\"><\/i>\r\n                            <\/div>\r\n\r\n                            <p>Despues de casi un a\u00f1o desde el primer FMT (DF6) puedo asegurar que ha sido una herramienta muy util. Ten\u00eda una disbiosis dominada por P.Copri, tras el ajuste de dieta, suplementos y FMTs he conseguido reequilibrar y estabilizar la flora. P copri esta ahora en abundancia mucho menor y el genero Bacteroides se ha recuperado\u2026 <a href=\"https:\/\/gezonde-darmflora.nl\/es\/review\/javier-espana\/\">Leer m\u00e1s &raquo;<\/a><\/p>\r\n                        <\/div>\r\n                    <\/div>\r\n                                    <\/div>\r\n\r\n    <\/div>\r\n\r\n    [\/vc_column][\/vc_row]<\/p>\n<\/div>","protected":false},"excerpt":{"rendered":"<p>[vc_row full_width=\u00bbstretch_row_content_no_spaces\u00bb][vc_column][\/vc_column][\/vc_row][vc_row equal_height=\u00bbyes\u00bb][vc_column width=\u00bb3\/4&#8243;][vc_column_text css=\u00bb\u00bb] Las c\u00e1psulas de caca no son medicamentos y a\u00fan no se ha demostrado cl\u00ednicamente que sirvan como tratamiento. Por lo tanto, lo que hagas con ellas despu\u00e9s de comprarlas queda bajo tu propia responsabilidad. Trasplante de heces Un trasplante de caca o trasplante de heces es la transferencia de una\u2026 <a href=\"https:\/\/gezonde-darmflora.nl\/es\/review\/javier-espana\/\">Leer m\u00e1s &raquo;<\/a><\/p>\n","protected":false},"author":1,"featured_media":0,"parent":0,"menu_order":0,"comment_status":"closed","ping_status":"closed","template":"","meta":{"_acf_changed":false,"footnotes":""},"class_list":["post-15431","page","type-page","status-publish","hentry"],"acf":[],"yoast_head":"<!-- This site is optimized with the Yoast SEO plugin v27.1.1 - https:\/\/yoast.com\/product\/yoast-seo-wordpress\/ -->\n<title>\u00bfC\u00f3mo funciona? &#8211; Gezonde Darmflora<\/title>\n<meta name=\"robots\" content=\"index, follow, max-snippet:-1, max-image-preview:large, max-video-preview:-1\" \/>\n<link rel=\"canonical\" href=\"https:\/\/gezonde-darmflora.nl\/es\/como-funciona\/\" \/>\n<meta property=\"og:locale\" content=\"es_ES\" \/>\n<meta property=\"og:type\" content=\"article\" \/>\n<meta property=\"og:title\" content=\"\u00bfC\u00f3mo funciona? &#8211; Gezonde Darmflora\" \/>\n<meta property=\"og:description\" content=\"[vc_row full_width=\u00bbstretch_row_content_no_spaces\u00bb][vc_column][\/vc_column][\/vc_row][vc_row equal_height=\u00bbyes\u00bb][vc_column width=\u00bb3\/4&#8243;][vc_column_text css=\u00bb\u00bb] Las c\u00e1psulas de caca no son medicamentos y a\u00fan no se ha demostrado cl\u00ednicamente que sirvan como tratamiento. Por lo tanto, lo que hagas con ellas despu\u00e9s de comprarlas queda bajo tu propia responsabilidad. Trasplante de heces Un trasplante de caca o trasplante de heces es la transferencia de una\u2026 Leer m\u00e1s &raquo;\" \/>\n<meta property=\"og:url\" content=\"https:\/\/gezonde-darmflora.nl\/es\/como-funciona\/\" \/>\n<meta property=\"og:site_name\" content=\"Gezonde Darmflora\" \/>\n<meta property=\"article:modified_time\" content=\"2025-11-15T16:08:22+00:00\" \/>\n<meta name=\"twitter:card\" content=\"summary_large_image\" \/>\n<meta name=\"twitter:label1\" content=\"Tiempo de lectura\" \/>\n\t<meta name=\"twitter:data1\" content=\"8 minutos\" \/>\n<script type=\"application\/ld+json\" class=\"yoast-schema-graph\">{\"@context\":\"https:\/\/schema.org\",\"@graph\":[{\"@type\":\"WebPage\",\"@id\":\"https:\/\/gezonde-darmflora.nl\/es\/como-funciona\/\",\"url\":\"https:\/\/gezonde-darmflora.nl\/es\/como-funciona\/\",\"name\":\"\u00bfC\u00f3mo funciona? &#8211; Gezonde Darmflora\",\"isPartOf\":{\"@id\":\"https:\/\/gezonde-darmflora.nl\/es\/#website\"},\"datePublished\":\"2020-06-18T13:18:08+00:00\",\"dateModified\":\"2025-11-15T16:08:22+00:00\",\"breadcrumb\":{\"@id\":\"https:\/\/gezonde-darmflora.nl\/es\/como-funciona\/#breadcrumb\"},\"inLanguage\":\"es\",\"potentialAction\":[{\"@type\":\"ReadAction\",\"target\":[\"https:\/\/gezonde-darmflora.nl\/es\/como-funciona\/\"]}]},{\"@type\":\"BreadcrumbList\",\"@id\":\"https:\/\/gezonde-darmflora.nl\/es\/como-funciona\/#breadcrumb\",\"itemListElement\":[{\"@type\":\"ListItem\",\"position\":1,\"name\":\"Home\",\"item\":\"https:\/\/gezonde-darmflora.nl\/es\/\"},{\"@type\":\"ListItem\",\"position\":2,\"name\":\"\u00bfC\u00f3mo funciona?\"}]},{\"@type\":\"WebSite\",\"@id\":\"https:\/\/gezonde-darmflora.nl\/es\/#website\",\"url\":\"https:\/\/gezonde-darmflora.nl\/es\/\",\"name\":\"Gezonde Darmflora\",\"description\":\"Een gezonde &amp; natuurlijke darmflora\",\"potentialAction\":[{\"@type\":\"SearchAction\",\"target\":{\"@type\":\"EntryPoint\",\"urlTemplate\":\"https:\/\/gezonde-darmflora.nl\/es\/?s={search_term_string}\"},\"query-input\":{\"@type\":\"PropertyValueSpecification\",\"valueRequired\":true,\"valueName\":\"search_term_string\"}}],\"inLanguage\":\"es\"}]}<\/script>\n<!-- \/ Yoast SEO plugin. -->","yoast_head_json":{"title":"\u00bfC\u00f3mo funciona? &#8211; Gezonde Darmflora","robots":{"index":"index","follow":"follow","max-snippet":"max-snippet:-1","max-image-preview":"max-image-preview:large","max-video-preview":"max-video-preview:-1"},"canonical":"https:\/\/gezonde-darmflora.nl\/es\/como-funciona\/","og_locale":"es_ES","og_type":"article","og_title":"\u00bfC\u00f3mo funciona? &#8211; Gezonde Darmflora","og_description":"[vc_row full_width=\u00bbstretch_row_content_no_spaces\u00bb][vc_column][\/vc_column][\/vc_row][vc_row equal_height=\u00bbyes\u00bb][vc_column width=\u00bb3\/4&#8243;][vc_column_text css=\u00bb\u00bb] Las c\u00e1psulas de caca no son medicamentos y a\u00fan no se ha demostrado cl\u00ednicamente que sirvan como tratamiento. Por lo tanto, lo que hagas con ellas despu\u00e9s de comprarlas queda bajo tu propia responsabilidad. Trasplante de heces Un trasplante de caca o trasplante de heces es la transferencia de una\u2026 Leer m\u00e1s &raquo;","og_url":"https:\/\/gezonde-darmflora.nl\/es\/como-funciona\/","og_site_name":"Gezonde Darmflora","article_modified_time":"2025-11-15T16:08:22+00:00","twitter_card":"summary_large_image","twitter_misc":{"Tiempo de lectura":"8 minutos"},"schema":{"@context":"https:\/\/schema.org","@graph":[{"@type":"WebPage","@id":"https:\/\/gezonde-darmflora.nl\/es\/como-funciona\/","url":"https:\/\/gezonde-darmflora.nl\/es\/como-funciona\/","name":"\u00bfC\u00f3mo funciona? &#8211; Gezonde Darmflora","isPartOf":{"@id":"https:\/\/gezonde-darmflora.nl\/es\/#website"},"datePublished":"2020-06-18T13:18:08+00:00","dateModified":"2025-11-15T16:08:22+00:00","breadcrumb":{"@id":"https:\/\/gezonde-darmflora.nl\/es\/como-funciona\/#breadcrumb"},"inLanguage":"es","potentialAction":[{"@type":"ReadAction","target":["https:\/\/gezonde-darmflora.nl\/es\/como-funciona\/"]}]},{"@type":"BreadcrumbList","@id":"https:\/\/gezonde-darmflora.nl\/es\/como-funciona\/#breadcrumb","itemListElement":[{"@type":"ListItem","position":1,"name":"Home","item":"https:\/\/gezonde-darmflora.nl\/es\/"},{"@type":"ListItem","position":2,"name":"\u00bfC\u00f3mo funciona?"}]},{"@type":"WebSite","@id":"https:\/\/gezonde-darmflora.nl\/es\/#website","url":"https:\/\/gezonde-darmflora.nl\/es\/","name":"Gezonde Darmflora","description":"Een gezonde &amp; natuurlijke darmflora","potentialAction":[{"@type":"SearchAction","target":{"@type":"EntryPoint","urlTemplate":"https:\/\/gezonde-darmflora.nl\/es\/?s={search_term_string}"},"query-input":{"@type":"PropertyValueSpecification","valueRequired":true,"valueName":"search_term_string"}}],"inLanguage":"es"}]}},"_links":{"self":[{"href":"https:\/\/gezonde-darmflora.nl\/es\/wp-json\/wp\/v2\/pages\/15431","targetHints":{"allow":["GET"]}}],"collection":[{"href":"https:\/\/gezonde-darmflora.nl\/es\/wp-json\/wp\/v2\/pages"}],"about":[{"href":"https:\/\/gezonde-darmflora.nl\/es\/wp-json\/wp\/v2\/types\/page"}],"author":[{"embeddable":true,"href":"https:\/\/gezonde-darmflora.nl\/es\/wp-json\/wp\/v2\/users\/1"}],"replies":[{"embeddable":true,"href":"https:\/\/gezonde-darmflora.nl\/es\/wp-json\/wp\/v2\/comments?post=15431"}],"version-history":[{"count":27,"href":"https:\/\/gezonde-darmflora.nl\/es\/wp-json\/wp\/v2\/pages\/15431\/revisions"}],"predecessor-version":[{"id":18683,"href":"https:\/\/gezonde-darmflora.nl\/es\/wp-json\/wp\/v2\/pages\/15431\/revisions\/18683"}],"wp:attachment":[{"href":"https:\/\/gezonde-darmflora.nl\/es\/wp-json\/wp\/v2\/media?parent=15431"}],"curies":[{"name":"wp","href":"https:\/\/api.w.org\/{rel}","templated":true}]}}