{"id":15272,"date":"2020-07-23T08:19:41","date_gmt":"2020-07-23T06:19:41","guid":{"rendered":"https:\/\/gezonde-darmflora.nl\/problemas-intestinales\/hinchazon\/"},"modified":"2025-01-27T16:18:35","modified_gmt":"2025-01-27T15:18:35","slug":"hinchazon","status":"publish","type":"page","link":"https:\/\/gezonde-darmflora.nl\/es\/problemas-intestinales\/hinchazon\/","title":{"rendered":"Hinchaz\u00f3n"},"content":{"rendered":"<div class=\"wpb-content-wrapper\"><p>[vc_row full_width=\u00bbstretch_row_content_no_spaces\u00bb][vc_column]\r\n    <div class=\"page-title\">\r\n        <div class=\"container\">\r\n            <div class=\"row\">\r\n                <div class=\"col\">\r\n                    <h1>Hinchaz\u00f3n<\/h1>\r\n                <\/div>\r\n            <\/div>\r\n        <\/div>\r\n    <\/div>\r\n\r\n    [\/vc_column][\/vc_row][vc_row][vc_column offset=\u00bbvc_col-md-8&#8243;][vc_column_text]No hay nada m\u00e1s molesto que la hinchaz\u00f3n. Una enorme presi\u00f3n sobre el vientre no es, obviamente, agradable. Una de cada cinco personas sufre de vientre hinchado en alg\u00fan momento. Es m\u00e1s frecuente en las mujeres. El abdomen puede hincharse porque el intestino aumenta de volumen debido a una infecci\u00f3n o a gases. Un vientre distendido suele ir acompa\u00f1ado de flatulencias y n\u00e1useas, pero no necesariamente. En cualquier caso, produce una sensaci\u00f3n muy desagradable. Si los movimientos perist\u00e1lticos del est\u00f3mago y los intestinos ya no pueden hacer bien su trabajo, puedes sufrir una sensaci\u00f3n de hinchaz\u00f3n. Entonces sientes una especie de presi\u00f3n en el est\u00f3mago y los intestinos. A menudo, tambi\u00e9n te sientes lleno y tienes dolor de est\u00f3mago.[\/vc_column_text]<div class=\"eye_empty_space pt-md-5 pb-md-5   pt-4 pb-4\"><\/div>[\/vc_column][vc_column offset=\u00bbvc_col-md-4&#8243; el_class=\u00bbmb-5 mb-lg-0&#8243;]\r\n    <div class=\"blob-image-wrap\">\r\n        <img decoding=\"async\" src=\"https:\/\/gezonde-darmflora.nl\/wp-content\/uploads\/2020\/08\/opgeblazen-buik-gevoel-wat-doen.jpg\">\r\n    <\/div>\r\n    <p class=\"blob-image__caption\"><\/p>\r\n\r\n    [\/vc_column][\/vc_row][vc_section full_width=\u00bbstretch_row\u00bb el_class=\u00bbbg-green\u00bb][vc_row][vc_column offset=\u00bbvc_col-lg-offset-2 vc_col-lg-8&#8243;][vc_column_text]<\/p>\n<h2>Causas de la hinchaz\u00f3n<\/h2>\n<p>La distensi\u00f3n abdominal puede deberse a lo que has comido, o quiz\u00e1 demasiado. Pero una: alteraci\u00f3n del tr\u00e1nsito intestinal, intolerancia al gluten, par\u00e1sitos, hongos, levaduras como la c\u00e1ndida o el s\u00edndrome del intestino irritable tambi\u00e9n pueden ser una causa. Una de las principales causas de la hinchaz\u00f3n abdominal es una infecci\u00f3n por dientamoeba fragilis o blastocystis homini. Se trata de par\u00e1sitos. Los par\u00e1sitos pueden permanecer en el intestino durante a\u00f1os. Casi ninguna afecci\u00f3n causa m\u00e1s hinchaz\u00f3n abdominal que <strong>estos dos tipos de par\u00e1sitos intestinales<\/strong>. La dientamoeba fragilis y la blastocystis hominis causan flatulencia, n\u00e1useas y a veces picores, adem\u00e1s de un abdomen hinchado. Puedes someterte a pruebas y es posible el tratamiento a trav\u00e9s de tu m\u00e9dico de cabecera. Por cierto, hay mucha gente que tiene par\u00e1sitos y no tiene ninguna molestia. Por eso se hace poco o nada al respecto. Puedes tener s\u00edntomas durante a\u00f1os sin saber que est\u00e1s infectado. Y hay m\u00e1s factores que influyen en una alteraci\u00f3n que suele empezar en la flora intestinal. Entre ellos est\u00e1n: la vejez, el estr\u00e9s, el alcohol, el tabaco, ciertos alimentos y los medicamentos o anti\u00e1cidos. Las principales causas de la hinchaz\u00f3n son: tragar demasiado aire al comer, fumar, hablar deprisa o comer y beber demasiado deprisa. Tambi\u00e9n influyen una mala digesti\u00f3n y absorci\u00f3n de nutrientes, como la fibra insoluble y el almid\u00f3n indigerible. Tambi\u00e9n hay alimentos que simplemente contienen mucho aire, como los refrescos, la cerveza, la nata montada, el sufl\u00e9 y el pan. Puede producirse un aumento de histamina debido a una deficiencia enzim\u00e1tica. La histamina es un compuesto org\u00e1nico que interviene en varios procesos fisiol\u00f3gicos. Interviene en el tracto gastrointestinal, act\u00faa como neurotransmisor en tu sistema nervioso central y tiene una funci\u00f3n en tu sistema inmunitario. Los niveles elevados de histamina se producen sobre todo en las alergias y despu\u00e9s de beber vino tinto o comer queso curado y chocolate. La inflamaci\u00f3n tambi\u00e9n est\u00e1 asociada a la hinchaz\u00f3n abdominal. Date prisa y hazte una <strong>prueba de calprotectina<\/strong>. Eso te dir\u00e1 cu\u00e1nta inflamaci\u00f3n tiene tu cuerpo. Afortunadamente, para ello s\u00f3lo necesitas presentar algunas heces.[\/vc_column_text][\/vc_column][\/vc_row][\/vc_section][vc_row][vc_column]<div class=\"eye_empty_space pt-md-5 pb-md-5   pt-4 pb-4\"><\/div>[\/vc_column][\/vc_row][vc_row equal_height=\u00bbyes\u00bb][vc_column offset=\u00bbvc_col-md-8&#8243;][vc_column_text]<\/p>\n<h2>\u00bfQu\u00e9 puedes hacer con tu hinchaz\u00f3n?<\/h2>\n<p>Se puede evitar el exceso de gases en el tracto gastrointestinal, evitando as\u00ed la hinchaz\u00f3n. Come despacio y t\u00f3mate tu tiempo mientras bebes, preferiblemente agua. Procura masticar bien porque as\u00ed tragar\u00e1s menos aire. Adem\u00e1s, la comida se absorbe mejor porque la mezclas bien con la saliva, que a su vez facilita la digesti\u00f3n. Normalmente hay unos ciento cincuenta mililitros de gas en el tracto gastrointestinal. Para deshacerte de este gas intestinal, sueltas unos quince pedos diarios. Dejar de fumar tambi\u00e9n puede reducir bastante los s\u00edntomas. Intenta analizar las causas de tu estr\u00e9s y ver qu\u00e9 puedes hacer al respecto para reducirlo. Come variado y sano. Un intestino vac\u00edo provoca m\u00e1s gases. Un cambio en tu dieta tambi\u00e9n puede ayudar. Intenta hacer varias comidas peque\u00f1as al d\u00eda en lugar de tres comidas grandes. Siempre es aconsejable averiguar qu\u00e9 le va mejor a tu cuerpo mediante un diario de alimentos para averiguar qu\u00e9 productos te causan gases extra u otros problemas.     <\/p>\n<h3>Los productos que suelen provocar gases adicionales son:<\/h3>\n<p>Patatas nuevas, puerros, legumbres, col, cebolla, pimientos, fruta verde, huevo, coles de Bruselas, r\u00e1banos, ajo, ciruelas pasas, mel\u00f3n, nueces, coco, hierbas y especias picantes, cerveza y bebidas carbonatadas. Si comes grandes cantidades de az\u00facar y ciertos sustitutos del az\u00facar o grasas, esto tambi\u00e9n puede provocar gases adicionales.[\/vc_column_text]<div class=\"eye_empty_space pt-md-5 pb-md-5   pt-4 pb-4\"><\/div>[\/vc_column][vc_column offset=\u00bbvc_col-md-4&#8243; el_class=\u00bbd-flex align-items-center mb-5 mb-lg-0&#8243;]\r\n    <div class=\"blob-image-wrap\">\r\n        <img decoding=\"async\" src=\"https:\/\/gezonde-darmflora.nl\/wp-content\/uploads\/2020\/08\/wat-te-doen-opgeblazen-gevoel.jpg\">\r\n    <\/div>\r\n    <p class=\"blob-image__caption\"><\/p>\r\n\r\n    [\/vc_column][\/vc_row][vc_row equal_height=\u00bbyes\u00bb][vc_column offset=\u00bbvc_col-md-4&#8243; el_class=\u00bbd-flex align-items-center mb-5 mb-lg-0&#8243;]\r\n    <div class=\"blob-image-wrap\">\r\n        <img decoding=\"async\" src=\"https:\/\/gezonde-darmflora.nl\/wp-content\/uploads\/2020\/08\/darmproblemen-buikpijn.jpg\">\r\n    <\/div>\r\n    <p class=\"blob-image__caption\"><\/p>\r\n\r\n    [\/vc_column][vc_column offset=\u00bbvc_col-md-8&#8243;][vc_column_text]<\/p>\n<h2>\u00bfEs grave la hinchaz\u00f3n?<\/h2>\n<p>\u00bfTienes el vientre hinchado de vez en cuando? Entonces no tiene por qu\u00e9 pasar nada, pero si se vuelve frecuente y tu vientre hinchado va acompa\u00f1ado de problemas graves, como sangre en las heces, p\u00e9rdida de peso, fiebre, estre\u00f1imiento y dolores abdominales muy fuertes, debes ponerte en contacto con tu m\u00e9dico.[\/vc_column_text]<div class=\"eye_empty_space pt-md-5 pb-md-5   pt-4 pb-4\"><\/div>[\/vc_column][\/vc_row][vc_row][vc_column]<div class=\"eye_empty_space pt-md-5 pb-md-5   pt-4 pb-4\"><\/div>[\/vc_column][\/vc_row][vc_section full_width=\u00bbstretch_row\u00bb el_class=\u00bbbg-green\u00bb][vc_row][vc_column offset=\u00bbvc_col-lg-offset-2 vc_col-lg-8&#8243;][vc_column_text]<\/p>\n<h2>Posibles tratamientos<\/h2>\n<p><img decoding=\"async\" class=\"aligncenter size-full wp-image-700\" src=\"https:\/\/gezonde-darmflora.nl\/wp-content\/uploads\/2020\/08\/behandelen-opgeblazen-buik.jpg\" alt=\"tratar la hinchaz\u00f3n abdominal\" width=\"730\" height=\"427\" srcset=\"https:\/\/gezonde-darmflora.nl\/wp-content\/uploads\/2020\/08\/behandelen-opgeblazen-buik.jpg 730w, https:\/\/gezonde-darmflora.nl\/wp-content\/uploads\/2020\/08\/behandelen-opgeblazen-buik-600x351.jpg 600w, https:\/\/gezonde-darmflora.nl\/wp-content\/uploads\/2020\/08\/behandelen-opgeblazen-buik-300x175.jpg 300w\" sizes=\"(max-width: 730px) 100vw, 730px\" \/><\/p>\n<p>Un abdomen hinchado es muy molesto. Si hay una enfermedad subyacente, debe tratarse. Hay productos en el mercado que combaten la hinchaz\u00f3n, como los probi\u00f3ticos y los medicamentos. Pero, por ejemplo, tomar un antibi\u00f3tico puede provocar hinchaz\u00f3n abdominal, flatulencia y diarrea. Un par\u00e1sito eliminado con \u00e9l no es la \u00fanica v\u00edctima. Las bacterias buenas tambi\u00e9n caen en la trampa. La flora intestinal se desequilibra a\u00fan m\u00e1s y, qui\u00e9n sabe, puede que s\u00f3lo consigas alejarte m\u00e1s de casa. Por cierto, los antibi\u00f3ticos a veces son necesarios y eso es bueno. Ha hecho avanzar el mundo de la medicina, sin antibi\u00f3ticos no se puede hacer cirug\u00eda. Para reparar los da\u00f1os y las p\u00e9rdidas tras el tratamiento con antibi\u00f3ticos, todav\u00eda no se considera un <a href=\"https:\/\/gezonde-darmflora.nl\/es\/la-teoria-fmt\/\">trasplante de caca<\/a>.[\/vc_column_text][\/vc_column][\/vc_row][\/vc_section][vc_row full_width=\u00bbstretch_row_content_no_spaces\u00bb css=\u00bb.vc_custom_1593680854494{margin-bottom: -10rem !important;}\u00bb][vc_column]\r\n    <a href=\"https:\/\/gezonde-darmflora.nl\/poeppillen-bestellen\/\" target=\"\" class=\"no-underline\">\r\n\r\n        <div class=\"cta\" style=\"background-image: url('https:\/\/gezonde-darmflora.nl\/wp-content\/uploads\/2020\/08\/darmflora-gezondheid.jpg')\">\r\n            <div class=\"container\">\r\n                <div class=\"row\">\r\n                    <div class=\"col-12\">\r\n                        <p>\r\n                            <\/p>\n<h3>\u00bfTambi\u00e9n ayudas a tu flora intestinal a mantenerse sana?<\/h3>\n<h4>En nuestra tienda encontrar\u00e1s todo lo que necesitas.<\/h4>\n<p>                        <\/p>\r\n                        <div class=\"cta__button svg-btn svg-btn-darkgreen\">\r\n                            <svg xmlns=\"http:\/\/www.w3.org\/2000\/svg\" width=\"50\" height=\"50\" viewBox=\"0 0 55 50\"><defs><\/defs><g id=\"Layer_2\" data-name=\"Layer 2\"><g id=\"Layer_1-2\" data-name=\"Layer 1\"><path width=\"100%\" height=\"100%\" class=\"anime\" d=\"M1.16,31.86C5.61,44.26,19.3,52,32.23,49.6C40.23,48.11,48.89,42.33,51.61,34.400000000000006C53.61,28.510000000000005,51.839999999999996,22.550000000000004,49.23,17.210000000000004C46.23,10.990000000000006,43.06999999999999,4.210000000000004,36.29,1.270000000000005C31,-1,24.8,0,19.64,2.49A45,45,0,0,0,10.57,8.66C8.39,10.5,5.430000000000001,12.280000000000001,3.6400000000000006,14.46C-0.3,19.28,-0.9,26.13,1.16,31.86Z\"\/><\/g><\/g><\/svg>\r\n                            <i class=\"far fa-long-arrow-alt-right\"><\/i>\r\n                        <\/div>\r\n                    <\/div>\r\n                <\/div>\r\n            <\/div>\r\n        <\/div>\r\n\r\n    <\/a>\r\n\r\n    [\/vc_column][\/vc_row]<\/p>\n<\/div>","protected":false},"excerpt":{"rendered":"<p>[vc_row full_width=\u00bbstretch_row_content_no_spaces\u00bb][vc_column][\/vc_column][\/vc_row][vc_row][vc_column offset=\u00bbvc_col-md-8&#8243;][vc_column_text]No hay nada m\u00e1s molesto que la hinchaz\u00f3n. Una enorme presi\u00f3n sobre el vientre no es, obviamente, agradable. Una de cada cinco personas sufre de vientre hinchado en alg\u00fan momento. Es m\u00e1s frecuente en las mujeres. El abdomen puede hincharse porque el intestino aumenta de volumen debido a una infecci\u00f3n o a gases.\u2026 <a href=\"https:\/\/gezonde-darmflora.nl\/es\/problemas-intestinales\/hinchazon\/\">Leer m\u00e1s &raquo;<\/a><\/p>\n","protected":false},"author":4,"featured_media":0,"parent":15223,"menu_order":0,"comment_status":"closed","ping_status":"closed","template":"","meta":{"_acf_changed":false,"footnotes":""},"class_list":["post-15272","page","type-page","status-publish","hentry"],"acf":[],"yoast_head":"<!-- This site is optimized with the Yoast SEO plugin v27.1.1 - https:\/\/yoast.com\/product\/yoast-seo-wordpress\/ -->\n<title>\u00bfSensaci\u00f3n de vientre hinchado? Qu\u00e9 hacer para los intestinos hinchados: Causas y consejos<\/title>\n<meta name=\"description\" content=\"Una de cada cinco personas sufre a veces distensi\u00f3n abdominal. Y tambi\u00e9n es m\u00e1s frecuente en las mujeres. Lee m\u00e1s sobre causas, consejos y tratamiento.\" \/>\n<meta name=\"robots\" content=\"index, follow, max-snippet:-1, max-image-preview:large, max-video-preview:-1\" \/>\n<link rel=\"canonical\" href=\"https:\/\/gezonde-darmflora.nl\/es\/problemas-intestinales\/hinchazon\/\" \/>\n<meta property=\"og:locale\" content=\"es_ES\" \/>\n<meta property=\"og:type\" content=\"article\" \/>\n<meta property=\"og:title\" content=\"\u00bfSensaci\u00f3n de vientre hinchado? Qu\u00e9 hacer para los intestinos hinchados: Causas y consejos\" \/>\n<meta property=\"og:description\" content=\"Una de cada cinco personas sufre a veces distensi\u00f3n abdominal. Y tambi\u00e9n es m\u00e1s frecuente en las mujeres. Lee m\u00e1s sobre causas, consejos y tratamiento.\" \/>\n<meta property=\"og:url\" content=\"https:\/\/gezonde-darmflora.nl\/es\/problemas-intestinales\/hinchazon\/\" \/>\n<meta property=\"og:site_name\" content=\"Gezonde Darmflora\" \/>\n<meta property=\"article:modified_time\" content=\"2025-01-27T15:18:35+00:00\" \/>\n<meta property=\"og:image\" content=\"https:\/\/gezonde-darmflora.nl\/wp-content\/uploads\/2020\/08\/behandelen-opgeblazen-buik.jpg\" \/>\n<meta name=\"twitter:card\" content=\"summary_large_image\" \/>\n<meta name=\"twitter:label1\" content=\"Tiempo de lectura\" \/>\n\t<meta name=\"twitter:data1\" content=\"6 minutos\" \/>\n<script type=\"application\/ld+json\" class=\"yoast-schema-graph\">{\"@context\":\"https:\/\/schema.org\",\"@graph\":[{\"@type\":\"WebPage\",\"@id\":\"https:\/\/gezonde-darmflora.nl\/es\/problemas-intestinales\/hinchazon\/\",\"url\":\"https:\/\/gezonde-darmflora.nl\/es\/problemas-intestinales\/hinchazon\/\",\"name\":\"\u00bfSensaci\u00f3n de vientre hinchado? Qu\u00e9 hacer para los intestinos hinchados: Causas y consejos\",\"isPartOf\":{\"@id\":\"https:\/\/gezonde-darmflora.nl\/es\/#website\"},\"primaryImageOfPage\":{\"@id\":\"https:\/\/gezonde-darmflora.nl\/es\/problemas-intestinales\/hinchazon\/#primaryimage\"},\"image\":{\"@id\":\"https:\/\/gezonde-darmflora.nl\/es\/problemas-intestinales\/hinchazon\/#primaryimage\"},\"thumbnailUrl\":\"https:\/\/gezonde-darmflora.nl\/wp-content\/uploads\/2020\/08\/behandelen-opgeblazen-buik.jpg\",\"datePublished\":\"2020-07-23T06:19:41+00:00\",\"dateModified\":\"2025-01-27T15:18:35+00:00\",\"description\":\"Una de cada cinco personas sufre a veces distensi\u00f3n abdominal. Y tambi\u00e9n es m\u00e1s frecuente en las mujeres. Lee m\u00e1s sobre causas, consejos y tratamiento.\",\"breadcrumb\":{\"@id\":\"https:\/\/gezonde-darmflora.nl\/es\/problemas-intestinales\/hinchazon\/#breadcrumb\"},\"inLanguage\":\"es\",\"potentialAction\":[{\"@type\":\"ReadAction\",\"target\":[\"https:\/\/gezonde-darmflora.nl\/es\/problemas-intestinales\/hinchazon\/\"]}]},{\"@type\":\"ImageObject\",\"inLanguage\":\"es\",\"@id\":\"https:\/\/gezonde-darmflora.nl\/es\/problemas-intestinales\/hinchazon\/#primaryimage\",\"url\":\"https:\/\/gezonde-darmflora.nl\/wp-content\/uploads\/2020\/08\/behandelen-opgeblazen-buik.jpg\",\"contentUrl\":\"https:\/\/gezonde-darmflora.nl\/wp-content\/uploads\/2020\/08\/behandelen-opgeblazen-buik.jpg\"},{\"@type\":\"BreadcrumbList\",\"@id\":\"https:\/\/gezonde-darmflora.nl\/es\/problemas-intestinales\/hinchazon\/#breadcrumb\",\"itemListElement\":[{\"@type\":\"ListItem\",\"position\":1,\"name\":\"Home\",\"item\":\"https:\/\/gezonde-darmflora.nl\/es\/\"},{\"@type\":\"ListItem\",\"position\":2,\"name\":\"Problemas intestinales\",\"item\":\"https:\/\/gezonde-darmflora.nl\/es\/problemas-intestinales\/\"},{\"@type\":\"ListItem\",\"position\":3,\"name\":\"Hinchaz\u00f3n\"}]},{\"@type\":\"WebSite\",\"@id\":\"https:\/\/gezonde-darmflora.nl\/es\/#website\",\"url\":\"https:\/\/gezonde-darmflora.nl\/es\/\",\"name\":\"Gezonde Darmflora\",\"description\":\"Een gezonde &amp; natuurlijke darmflora\",\"potentialAction\":[{\"@type\":\"SearchAction\",\"target\":{\"@type\":\"EntryPoint\",\"urlTemplate\":\"https:\/\/gezonde-darmflora.nl\/es\/?s={search_term_string}\"},\"query-input\":{\"@type\":\"PropertyValueSpecification\",\"valueRequired\":true,\"valueName\":\"search_term_string\"}}],\"inLanguage\":\"es\"}]}<\/script>\n<!-- \/ Yoast SEO plugin. -->","yoast_head_json":{"title":"\u00bfSensaci\u00f3n de vientre hinchado? Qu\u00e9 hacer para los intestinos hinchados: Causas y consejos","description":"Una de cada cinco personas sufre a veces distensi\u00f3n abdominal. Y tambi\u00e9n es m\u00e1s frecuente en las mujeres. Lee m\u00e1s sobre causas, consejos y tratamiento.","robots":{"index":"index","follow":"follow","max-snippet":"max-snippet:-1","max-image-preview":"max-image-preview:large","max-video-preview":"max-video-preview:-1"},"canonical":"https:\/\/gezonde-darmflora.nl\/es\/problemas-intestinales\/hinchazon\/","og_locale":"es_ES","og_type":"article","og_title":"\u00bfSensaci\u00f3n de vientre hinchado? Qu\u00e9 hacer para los intestinos hinchados: Causas y consejos","og_description":"Una de cada cinco personas sufre a veces distensi\u00f3n abdominal. Y tambi\u00e9n es m\u00e1s frecuente en las mujeres. Lee m\u00e1s sobre causas, consejos y tratamiento.","og_url":"https:\/\/gezonde-darmflora.nl\/es\/problemas-intestinales\/hinchazon\/","og_site_name":"Gezonde Darmflora","article_modified_time":"2025-01-27T15:18:35+00:00","og_image":[{"url":"https:\/\/gezonde-darmflora.nl\/wp-content\/uploads\/2020\/08\/behandelen-opgeblazen-buik.jpg","type":"","width":"","height":""}],"twitter_card":"summary_large_image","twitter_misc":{"Tiempo de lectura":"6 minutos"},"schema":{"@context":"https:\/\/schema.org","@graph":[{"@type":"WebPage","@id":"https:\/\/gezonde-darmflora.nl\/es\/problemas-intestinales\/hinchazon\/","url":"https:\/\/gezonde-darmflora.nl\/es\/problemas-intestinales\/hinchazon\/","name":"\u00bfSensaci\u00f3n de vientre hinchado? Qu\u00e9 hacer para los intestinos hinchados: Causas y consejos","isPartOf":{"@id":"https:\/\/gezonde-darmflora.nl\/es\/#website"},"primaryImageOfPage":{"@id":"https:\/\/gezonde-darmflora.nl\/es\/problemas-intestinales\/hinchazon\/#primaryimage"},"image":{"@id":"https:\/\/gezonde-darmflora.nl\/es\/problemas-intestinales\/hinchazon\/#primaryimage"},"thumbnailUrl":"https:\/\/gezonde-darmflora.nl\/wp-content\/uploads\/2020\/08\/behandelen-opgeblazen-buik.jpg","datePublished":"2020-07-23T06:19:41+00:00","dateModified":"2025-01-27T15:18:35+00:00","description":"Una de cada cinco personas sufre a veces distensi\u00f3n abdominal. Y tambi\u00e9n es m\u00e1s frecuente en las mujeres. Lee m\u00e1s sobre causas, consejos y tratamiento.","breadcrumb":{"@id":"https:\/\/gezonde-darmflora.nl\/es\/problemas-intestinales\/hinchazon\/#breadcrumb"},"inLanguage":"es","potentialAction":[{"@type":"ReadAction","target":["https:\/\/gezonde-darmflora.nl\/es\/problemas-intestinales\/hinchazon\/"]}]},{"@type":"ImageObject","inLanguage":"es","@id":"https:\/\/gezonde-darmflora.nl\/es\/problemas-intestinales\/hinchazon\/#primaryimage","url":"https:\/\/gezonde-darmflora.nl\/wp-content\/uploads\/2020\/08\/behandelen-opgeblazen-buik.jpg","contentUrl":"https:\/\/gezonde-darmflora.nl\/wp-content\/uploads\/2020\/08\/behandelen-opgeblazen-buik.jpg"},{"@type":"BreadcrumbList","@id":"https:\/\/gezonde-darmflora.nl\/es\/problemas-intestinales\/hinchazon\/#breadcrumb","itemListElement":[{"@type":"ListItem","position":1,"name":"Home","item":"https:\/\/gezonde-darmflora.nl\/es\/"},{"@type":"ListItem","position":2,"name":"Problemas intestinales","item":"https:\/\/gezonde-darmflora.nl\/es\/problemas-intestinales\/"},{"@type":"ListItem","position":3,"name":"Hinchaz\u00f3n"}]},{"@type":"WebSite","@id":"https:\/\/gezonde-darmflora.nl\/es\/#website","url":"https:\/\/gezonde-darmflora.nl\/es\/","name":"Gezonde Darmflora","description":"Een gezonde &amp; natuurlijke darmflora","potentialAction":[{"@type":"SearchAction","target":{"@type":"EntryPoint","urlTemplate":"https:\/\/gezonde-darmflora.nl\/es\/?s={search_term_string}"},"query-input":{"@type":"PropertyValueSpecification","valueRequired":true,"valueName":"search_term_string"}}],"inLanguage":"es"}]}},"_links":{"self":[{"href":"https:\/\/gezonde-darmflora.nl\/es\/wp-json\/wp\/v2\/pages\/15272","targetHints":{"allow":["GET"]}}],"collection":[{"href":"https:\/\/gezonde-darmflora.nl\/es\/wp-json\/wp\/v2\/pages"}],"about":[{"href":"https:\/\/gezonde-darmflora.nl\/es\/wp-json\/wp\/v2\/types\/page"}],"author":[{"embeddable":true,"href":"https:\/\/gezonde-darmflora.nl\/es\/wp-json\/wp\/v2\/users\/4"}],"replies":[{"embeddable":true,"href":"https:\/\/gezonde-darmflora.nl\/es\/wp-json\/wp\/v2\/comments?post=15272"}],"version-history":[{"count":1,"href":"https:\/\/gezonde-darmflora.nl\/es\/wp-json\/wp\/v2\/pages\/15272\/revisions"}],"predecessor-version":[{"id":15285,"href":"https:\/\/gezonde-darmflora.nl\/es\/wp-json\/wp\/v2\/pages\/15272\/revisions\/15285"}],"up":[{"embeddable":true,"href":"https:\/\/gezonde-darmflora.nl\/es\/wp-json\/wp\/v2\/pages\/15223"}],"wp:attachment":[{"href":"https:\/\/gezonde-darmflora.nl\/es\/wp-json\/wp\/v2\/media?parent=15272"}],"curies":[{"name":"wp","href":"https:\/\/api.w.org\/{rel}","templated":true}]}}