{"id":15260,"date":"2020-07-17T09:23:32","date_gmt":"2020-07-17T07:23:32","guid":{"rendered":"https:\/\/gezonde-darmflora.nl\/problemas-intestinales\/flatulencias\/"},"modified":"2025-01-27T16:18:35","modified_gmt":"2025-01-27T15:18:35","slug":"flatulencias","status":"publish","type":"page","link":"https:\/\/gezonde-darmflora.nl\/es\/problemas-intestinales\/flatulencias\/","title":{"rendered":"Flatulencias"},"content":{"rendered":"<div class=\"wpb-content-wrapper\"><p>[vc_row full_width=\u00bbstretch_row_content_no_spaces\u00bb][vc_column]\r\n    <div class=\"page-title\">\r\n        <div class=\"container\">\r\n            <div class=\"row\">\r\n                <div class=\"col\">\r\n                    <h1>Sufrir flatulencia (extrema)<\/h1>\r\n                <\/div>\r\n            <\/div>\r\n        <\/div>\r\n    <\/div>\r\n\r\n    [\/vc_column][\/vc_row][vc_row][vc_column offset=\u00bbvc_col-md-8&#8243;][vc_column_text]Tirarse pedos puede ser un alivio agradable si puedes dejar que suenen. Pero \u00bfy si tienes que tirarte pedos por encima de la media y s\u00f3lo eres \u00abgaseoso\u00bb en compa\u00f1\u00eda? Todas las personas se tiran alg\u00fan pedo a diario, pero si el aire se escapa constantemente, te cuesta retenerlo o no lo controlas, suele indicar un problema de flora intestinal. Resultados despu\u00e9s de un trasplante de caca como, no m\u00e1s pedos y un vientre m\u00e1s plano son mejoras comunes mencionadas. A menudo despu\u00e9s de s\u00f3lo un d\u00eda. Si te tiras pedos fuertes con poco olor, suele ser se\u00f1al de que algo no va bien en tu digesti\u00f3n de los hidratos de carbono. Faltan especies de bacterias. Los pedos suaves que no oyes, pero que huelen fuerte, pueden indicar un problema en tu digesti\u00f3n de prote\u00ednas. \u00bfTe tiras muchos pedos y a menudo tienes el vientre hinchado? Entonces deja de comer az\u00facares refinados para dar a tu <a href=\"https:\/\/gezonde-darmflora.nl\/es\/flora-intestinal\/\">flora intestinal<\/a> la oportunidad de recuperarse. Experimentando con los alimentos y omitiendo los az\u00facares refinados, los l\u00e1cteos y los cereales (gluten), es posible que t\u00fa mismo encuentres una soluci\u00f3n a largo plazo. Averigua qu\u00e9 le gusta y qu\u00e9 no le gusta a tu cuerpo en t\u00e9rminos alimentarios.[\/vc_column_text]<div class=\"eye_empty_space pt-md-5 pb-md-5   pt-4 pb-4\"><\/div>[\/vc_column][vc_column offset=\u00bbvc_col-md-4&#8243; el_class=\u00bbmb-5 mb-lg-0&#8243;]\r\n    <div class=\"blob-image-wrap\">\r\n        <img decoding=\"async\" src=\"https:\/\/gezonde-darmflora.nl\/wp-content\/uploads\/2020\/08\/extreem-winderig.jpg\">\r\n    <\/div>\r\n    <p class=\"blob-image__caption\"><\/p>\r\n\r\n    [\/vc_column][\/vc_row][vc_section full_width=\u00bbstretch_row\u00bb el_class=\u00bbbg-green\u00bb][vc_row][vc_column offset=\u00bbvc_col-lg-offset-2 vc_col-lg-8&#8243;][vc_column_text]<\/p>\n<h2>Causas de la flatulencia<\/h2>\n<p>  La flatulencia suele ir acompa\u00f1ada de hinchaz\u00f3n abdominal y su causa es dif\u00edcil de precisar, ya que puede tener decenas de causas. Por ejemplo, una falta de \u00e1cido estomacal, un crecimiento excesivo de c\u00e1ndida, el uso de ciertos medicamentos, una hipersensibilidad alimentaria o la ausencia de ciertas especies de bacterias. En todas las personas, siempre hay una cantidad de gas en el tracto gastrointestinal. Este gas llega all\u00ed al tragar aire al comer. El procesamiento de las part\u00edculas de alimentos no digeridos que acaban en el colon tambi\u00e9n libera mucho gas. Una peque\u00f1a parte del gas procede del torrente sangu\u00edneo. El gas se libera de la sangre al intestino y tambi\u00e9n es liberado de nuevo a la sangre por el intestino.[\/vc_column_text][\/vc_column][\/vc_row][\/vc_section][vc_row][vc_column]<div class=\"eye_empty_space pt-md-5 pb-md-5   pt-4 pb-4\"><\/div>[\/vc_column][\/vc_row][vc_row equal_height=\u00bbyes\u00bb][vc_column offset=\u00bbvc_col-md-8&#8243;][vc_column_text]<\/p>\n<h2>\u00bfCu\u00e1ndo tienes muchos gases?<\/h2>\n<p>  El gas de tus intestinos est\u00e1 formado por los gases inodoros ox\u00edgeno, nitr\u00f3geno, di\u00f3xido de carbono, hidr\u00f3geno y metano. El olor desagradable de los pedos tiene que ver con una peque\u00f1a cantidad de gases malolientes. Entre ellos se encuentran los compuestos de azufre liberados durante la descomposici\u00f3n de ciertas prote\u00ednas que puedes estar comiendo en exceso. Un olor m\u00e1s agrio es el resultado de la fermentaci\u00f3n en tus intestinos. Este olor agrio se produce principalmente cuando has comido demasiados <a href=\"https:\/\/drogespieren.nl\/afvallen\/is-suiker-een-dikmaker\" target=\"_blank\" rel=\"noopener noreferrer\">az\u00facares<\/a> y almidones. La composici\u00f3n y el olor de los gases intestinales tienen que ver con la dieta y tu flora intestinal. Para deshacerte de los gases intestinales, debes tirarte una media de 15 pedos al d\u00eda. Si superas esa media, se convierte en un problema desagradable. Tienes muchos gases y la gente suele avergonzarse de ello. Empiezan a evitar los contactos y no se atreven a hablar de este tema con el m\u00e9dico de cabecera.[\/vc_column_text]<div class=\"eye_empty_space pt-md-5 pb-md-5   pt-4 pb-4\"><\/div>[\/vc_column][vc_column offset=\u00bbvc_col-md-4&#8243; el_class=\u00bbd-flex align-items-center mb-5 mb-lg-0&#8243;]\r\n    <div class=\"blob-image-wrap\">\r\n        <img decoding=\"async\" src=\"https:\/\/gezonde-darmflora.nl\/wp-content\/uploads\/2020\/08\/extreem-winderig-scheten-laten.jpg\">\r\n    <\/div>\r\n    <p class=\"blob-image__caption\"><\/p>\r\n\r\n    [\/vc_column][\/vc_row][vc_row equal_height=\u00bbyes\u00bb][vc_column offset=\u00bbvc_col-md-4&#8243; el_class=\u00bbd-flex align-items-center mb-5 mb-lg-0&#8243;]\r\n    <div class=\"blob-image-wrap\">\r\n        <img decoding=\"async\" src=\"https:\/\/gezonde-darmflora.nl\/wp-content\/uploads\/2020\/08\/opgeblazen-buik-gevoel-wat-doen.jpg\">\r\n    <\/div>\r\n    <p class=\"blob-image__caption\"><\/p>\r\n\r\n    [\/vc_column][vc_column offset=\u00bbvc_col-md-8&#8243;][vc_column_text]<\/p>\n<h2>Quejas que puedas experimentar<\/h2>\n<p>  As\u00ed pues, un pedo es en realidad gas y, cuando este gas se acumula, aparecen s\u00edntomas como dolor abdominal y\/o abdomen distendido. Si sufres flatulencia, puede deberse al estre\u00f1imiento o al s\u00edndrome del intestino irritable (SDI), a enfermedades intestinales como la intolerancia al gluten (celiaqu\u00eda), la enfermedad de crohn y la colitis ulcerosa, entre otras. Las enfermedades autoinmunes crohn y colitis suelen ir acompa\u00f1adas de gases adicionales. Un \u00faltimo factor a tener en cuenta con las flatulencias es que puedes tener una intolerancia o alergias espec\u00edficas. Si realmente sufres demasiado por tus flatulencias, lo que se llama flatulencia, entonces merece la pena que te fijes bien en esto, y empieces a investigar. Qu\u00e9 comes y qu\u00e9 bebes. Qu\u00e9 le ocurre a mi cuerpo cuando elimino este producto de mi dieta o a\u00f1ado aquel otro. \u00bfQu\u00e9 me dice el olor de mis pedos o de mis heces?         <\/p>\n<blockquote><p>Consejo: \u00a1Lleva un diario de comidas!<\/p><\/blockquote>\n<p>  Cuando la flatulencia extrema causa muchas molestias o va acompa\u00f1ada de otros s\u00edntomas, conviene comentarlo con tu m\u00e9dico de cabecera. Si determinados alimentos son la causa de las flatulencias, un dietista puede ayudarte a identificar la causa y a seguir comiendo saludablemente.[\/vc_column_text]<div class=\"eye_empty_space pt-md-5 pb-md-5   pt-4 pb-4\"><\/div>[\/vc_column][\/vc_row][vc_row][vc_column]<div class=\"eye_empty_space pt-md-5 pb-md-5   pt-4 pb-4\"><\/div>[\/vc_column][\/vc_row][vc_row equal_height=\u00bbyes\u00bb][vc_column offset=\u00bbvc_col-md-8&#8243;][vc_column_text]<\/p>\n<h2>\u00bfQu\u00e9 puedes hacer t\u00fa mismo contra las flatulencias?<\/h2>\n<p>  Empieza por los alimentos que ingieres y qu\u00e9 y cu\u00e1nto bebes. Al fin y al cabo, prevenir los pedos empieza en tu plato. Averigua lo que tu cuerpo aprecia y lo que no, come despacio, t\u00f3mate tu tiempo y mastica bien. Adem\u00e1s de las cebollas y las jud\u00edas, los guisantes, los puerros, las coles como las de Bruselas, el ajo y las setas tambi\u00e9n son conocidos formadores de gases. Las bebidas carbonatadas contienen muchos gases disueltos, que tambi\u00e9n deben volver a salir del cuerpo. Tragar aire, por ejemplo comiendo y hablando al mismo tiempo, tambi\u00e9n contribuye a la cantidad de aire en el est\u00f3mago.[\/vc_column_text]<div class=\"eye_empty_space pt-md-5 pb-md-5   pt-4 pb-4\"><\/div>[\/vc_column][vc_column offset=\u00bbvc_col-md-4&#8243; el_class=\u00bbd-flex align-items-center mb-5 mb-lg-0&#8243;]\r\n    <div class=\"blob-image-wrap\">\r\n        <img decoding=\"async\" src=\"https:\/\/gezonde-darmflora.nl\/wp-content\/uploads\/2020\/08\/veel-scheten-laten.jpg\">\r\n    <\/div>\r\n    <p class=\"blob-image__caption\"><\/p>\r\n\r\n    [\/vc_column][\/vc_row][vc_row equal_height=\u00bbyes\u00bb][vc_column offset=\u00bbvc_col-md-4&#8243; el_class=\u00bbd-flex align-items-center mb-5 mb-lg-0&#8243;]\r\n    <div class=\"blob-image-wrap\">\r\n        <img decoding=\"async\" src=\"https:\/\/gezonde-darmflora.nl\/wp-content\/uploads\/2020\/06\/IMG_5065-kopie-871x1024.jpg\">\r\n    <\/div>\r\n    <p class=\"blob-image__caption\"><\/p>\r\n\r\n    [\/vc_column][vc_column offset=\u00bbvc_col-md-8&#8243;][vc_column_text]<\/p>\n<h2>\u00bfEs malo tirarse pedos?<\/h2>\n<p>  No, \u00a1en realidad es bueno! As\u00ed que come esas saludables cebollas y jud\u00edas, ya que los gases liberados por los pedos pueden combatir enfermedades. La peque\u00f1a cantidad contenida en una brisa puede prevenir da\u00f1os a la salud. No s\u00f3lo reduce el riesgo de c\u00e1ncer, derrames cerebrales e infartos, artritis y demencia en etapas posteriores de la vida, tambi\u00e9n se pueden prevenir tir\u00e1ndose pedos libremente. Adem\u00e1s, contenerse un pedo no es nada bueno para los intestinos. Y si nunca te tiras pedos, \u00a1tu cuerpo vuelve a tener carencias de nutrientes! Que te tires quince pedos al d\u00eda es se\u00f1al de bacterias intestinales sanas. Los que llevan una vida sana simplemente se tiran pedos. Al fin y al cabo, significa que el sistema digestivo funciona correctamente. Si te tiras muchos m\u00e1s pedos que la media, algo va mal en tu flora intestinal.[\/vc_column_text]<div class=\"eye_empty_space pt-md-5 pb-md-5   pt-4 pb-4\"><\/div>[\/vc_column][\/vc_row][vc_section full_width=\u00bbstretch_row\u00bb el_class=\u00bbbg-green\u00bb][vc_row][vc_column offset=\u00bbvc_col-lg-offset-2 vc_col-lg-8&#8243;][vc_column_text]<\/p>\n<h2>Posibles tratamientos<\/h2>\n<p>  La flatulencia no tiene cura. Pero tras un <a href=\"https:\/\/gezonde-darmflora.nl\/es\/la-teoria-fmt\/\">trasplante de caca<\/a>, este problema tambi\u00e9n puede desaparecer como la nieve al sol. Incluso cambia el olor de esos pocos pedos que te tiras al d\u00eda.<\/p>\n<p>[\/vc_column_text][\/vc_column][\/vc_row][\/vc_section][vc_row full_width=\u00bbstretch_row_content_no_spaces\u00bb css=\u00bb.vc_custom_1593680854494{margin-bottom: -10rem !important;}\u00bb][vc_column]\r\n    <a href=\"https:\/\/gezonde-darmflora.nl\/poeppillen-bestellen\/\" target=\"\" class=\"no-underline\">\r\n\r\n        <div class=\"cta\" style=\"background-image: url('https:\/\/gezonde-darmflora.nl\/wp-content\/uploads\/2020\/08\/darmflora-gezondheid.jpg')\">\r\n            <div class=\"container\">\r\n                <div class=\"row\">\r\n                    <div class=\"col-12\">\r\n                        <p>\r\n                            <\/p>\n<h3>\u00bfTambi\u00e9n ayudas a tu flora intestinal a mantenerse sana?<\/h3>\n<h4>En nuestra tienda encontrar\u00e1s todo lo que necesitas.<\/h4>\n<p>                        <\/p>\r\n                        <div class=\"cta__button svg-btn svg-btn-darkgreen\">\r\n                            <svg xmlns=\"http:\/\/www.w3.org\/2000\/svg\" width=\"50\" height=\"50\" viewBox=\"0 0 55 50\"><defs><\/defs><g id=\"Layer_2\" data-name=\"Layer 2\"><g id=\"Layer_1-2\" data-name=\"Layer 1\"><path width=\"100%\" height=\"100%\" class=\"anime\" d=\"M1.16,31.86C5.61,44.26,19.3,52,32.23,49.6C40.23,48.11,48.89,42.33,51.61,34.400000000000006C53.61,28.510000000000005,51.839999999999996,22.550000000000004,49.23,17.210000000000004C46.23,10.990000000000006,43.06999999999999,4.210000000000004,36.29,1.270000000000005C31,-1,24.8,0,19.64,2.49A45,45,0,0,0,10.57,8.66C8.39,10.5,5.430000000000001,12.280000000000001,3.6400000000000006,14.46C-0.3,19.28,-0.9,26.13,1.16,31.86Z\"\/><\/g><\/g><\/svg>\r\n                            <i class=\"far fa-long-arrow-alt-right\"><\/i>\r\n                        <\/div>\r\n                    <\/div>\r\n                <\/div>\r\n            <\/div>\r\n        <\/div>\r\n\r\n    <\/a>\r\n\r\n    [\/vc_column][\/vc_row]<\/p>\n<\/div>","protected":false},"excerpt":{"rendered":"<p>[vc_row full_width=\u00bbstretch_row_content_no_spaces\u00bb][vc_column][\/vc_column][\/vc_row][vc_row][vc_column offset=\u00bbvc_col-md-8&#8243;][vc_column_text]Tirarse pedos puede ser un alivio agradable si puedes dejar que suenen. Pero \u00bfy si tienes que tirarte pedos por encima de la media y s\u00f3lo eres \u00abgaseoso\u00bb en compa\u00f1\u00eda? Todas las personas se tiran alg\u00fan pedo a diario, pero si el aire se escapa constantemente, te cuesta retenerlo o no lo controlas,\u2026 <a href=\"https:\/\/gezonde-darmflora.nl\/es\/problemas-intestinales\/flatulencias\/\">Leer m\u00e1s &raquo;<\/a><\/p>\n","protected":false},"author":4,"featured_media":0,"parent":15223,"menu_order":0,"comment_status":"closed","ping_status":"closed","template":"","meta":{"_acf_changed":false,"footnotes":""},"class_list":["post-15260","page","type-page","status-publish","hentry"],"acf":[],"yoast_head":"<!-- This site is optimized with the Yoast SEO plugin v27.1.1 - https:\/\/yoast.com\/product\/yoast-seo-wordpress\/ -->\n<title>\u00bfHace mucho viento? Qu\u00e9 hacer si te tiras muchos pedos - Causas y consejos<\/title>\n<meta name=\"description\" content=\"La flatulencia suele ir acompa\u00f1ada de hinchaz\u00f3n abdominal y su causa es dif\u00edcil de precisar, ya que puede tener decenas de causas.\" \/>\n<meta name=\"robots\" content=\"index, follow, max-snippet:-1, max-image-preview:large, max-video-preview:-1\" \/>\n<link rel=\"canonical\" href=\"https:\/\/gezonde-darmflora.nl\/es\/problemas-intestinales\/flatulencias\/\" \/>\n<meta property=\"og:locale\" content=\"es_ES\" \/>\n<meta property=\"og:type\" content=\"article\" \/>\n<meta property=\"og:title\" content=\"\u00bfHace mucho viento? Qu\u00e9 hacer si te tiras muchos pedos - Causas y consejos\" \/>\n<meta property=\"og:description\" content=\"La flatulencia suele ir acompa\u00f1ada de hinchaz\u00f3n abdominal y su causa es dif\u00edcil de precisar, ya que puede tener decenas de causas.\" \/>\n<meta property=\"og:url\" content=\"https:\/\/gezonde-darmflora.nl\/es\/problemas-intestinales\/flatulencias\/\" \/>\n<meta property=\"og:site_name\" content=\"Gezonde Darmflora\" \/>\n<meta property=\"article:modified_time\" content=\"2025-01-27T15:18:35+00:00\" \/>\n<meta name=\"twitter:card\" content=\"summary_large_image\" \/>\n<meta name=\"twitter:label1\" content=\"Tiempo de lectura\" \/>\n\t<meta name=\"twitter:data1\" content=\"7 minutos\" \/>\n<script type=\"application\/ld+json\" class=\"yoast-schema-graph\">{\"@context\":\"https:\/\/schema.org\",\"@graph\":[{\"@type\":\"WebPage\",\"@id\":\"https:\/\/gezonde-darmflora.nl\/es\/problemas-intestinales\/flatulencias\/\",\"url\":\"https:\/\/gezonde-darmflora.nl\/es\/problemas-intestinales\/flatulencias\/\",\"name\":\"\u00bfHace mucho viento? Qu\u00e9 hacer si te tiras muchos pedos - Causas y consejos\",\"isPartOf\":{\"@id\":\"https:\/\/gezonde-darmflora.nl\/es\/#website\"},\"datePublished\":\"2020-07-17T07:23:32+00:00\",\"dateModified\":\"2025-01-27T15:18:35+00:00\",\"description\":\"La flatulencia suele ir acompa\u00f1ada de hinchaz\u00f3n abdominal y su causa es dif\u00edcil de precisar, ya que puede tener decenas de causas.\",\"breadcrumb\":{\"@id\":\"https:\/\/gezonde-darmflora.nl\/es\/problemas-intestinales\/flatulencias\/#breadcrumb\"},\"inLanguage\":\"es\",\"potentialAction\":[{\"@type\":\"ReadAction\",\"target\":[\"https:\/\/gezonde-darmflora.nl\/es\/problemas-intestinales\/flatulencias\/\"]}]},{\"@type\":\"BreadcrumbList\",\"@id\":\"https:\/\/gezonde-darmflora.nl\/es\/problemas-intestinales\/flatulencias\/#breadcrumb\",\"itemListElement\":[{\"@type\":\"ListItem\",\"position\":1,\"name\":\"Home\",\"item\":\"https:\/\/gezonde-darmflora.nl\/es\/\"},{\"@type\":\"ListItem\",\"position\":2,\"name\":\"Problemas intestinales\",\"item\":\"https:\/\/gezonde-darmflora.nl\/es\/problemas-intestinales\/\"},{\"@type\":\"ListItem\",\"position\":3,\"name\":\"Flatulencias\"}]},{\"@type\":\"WebSite\",\"@id\":\"https:\/\/gezonde-darmflora.nl\/es\/#website\",\"url\":\"https:\/\/gezonde-darmflora.nl\/es\/\",\"name\":\"Gezonde Darmflora\",\"description\":\"Een gezonde &amp; natuurlijke darmflora\",\"potentialAction\":[{\"@type\":\"SearchAction\",\"target\":{\"@type\":\"EntryPoint\",\"urlTemplate\":\"https:\/\/gezonde-darmflora.nl\/es\/?s={search_term_string}\"},\"query-input\":{\"@type\":\"PropertyValueSpecification\",\"valueRequired\":true,\"valueName\":\"search_term_string\"}}],\"inLanguage\":\"es\"}]}<\/script>\n<!-- \/ Yoast SEO plugin. -->","yoast_head_json":{"title":"\u00bfHace mucho viento? Qu\u00e9 hacer si te tiras muchos pedos - Causas y consejos","description":"La flatulencia suele ir acompa\u00f1ada de hinchaz\u00f3n abdominal y su causa es dif\u00edcil de precisar, ya que puede tener decenas de causas.","robots":{"index":"index","follow":"follow","max-snippet":"max-snippet:-1","max-image-preview":"max-image-preview:large","max-video-preview":"max-video-preview:-1"},"canonical":"https:\/\/gezonde-darmflora.nl\/es\/problemas-intestinales\/flatulencias\/","og_locale":"es_ES","og_type":"article","og_title":"\u00bfHace mucho viento? Qu\u00e9 hacer si te tiras muchos pedos - Causas y consejos","og_description":"La flatulencia suele ir acompa\u00f1ada de hinchaz\u00f3n abdominal y su causa es dif\u00edcil de precisar, ya que puede tener decenas de causas.","og_url":"https:\/\/gezonde-darmflora.nl\/es\/problemas-intestinales\/flatulencias\/","og_site_name":"Gezonde Darmflora","article_modified_time":"2025-01-27T15:18:35+00:00","twitter_card":"summary_large_image","twitter_misc":{"Tiempo de lectura":"7 minutos"},"schema":{"@context":"https:\/\/schema.org","@graph":[{"@type":"WebPage","@id":"https:\/\/gezonde-darmflora.nl\/es\/problemas-intestinales\/flatulencias\/","url":"https:\/\/gezonde-darmflora.nl\/es\/problemas-intestinales\/flatulencias\/","name":"\u00bfHace mucho viento? Qu\u00e9 hacer si te tiras muchos pedos - Causas y consejos","isPartOf":{"@id":"https:\/\/gezonde-darmflora.nl\/es\/#website"},"datePublished":"2020-07-17T07:23:32+00:00","dateModified":"2025-01-27T15:18:35+00:00","description":"La flatulencia suele ir acompa\u00f1ada de hinchaz\u00f3n abdominal y su causa es dif\u00edcil de precisar, ya que puede tener decenas de causas.","breadcrumb":{"@id":"https:\/\/gezonde-darmflora.nl\/es\/problemas-intestinales\/flatulencias\/#breadcrumb"},"inLanguage":"es","potentialAction":[{"@type":"ReadAction","target":["https:\/\/gezonde-darmflora.nl\/es\/problemas-intestinales\/flatulencias\/"]}]},{"@type":"BreadcrumbList","@id":"https:\/\/gezonde-darmflora.nl\/es\/problemas-intestinales\/flatulencias\/#breadcrumb","itemListElement":[{"@type":"ListItem","position":1,"name":"Home","item":"https:\/\/gezonde-darmflora.nl\/es\/"},{"@type":"ListItem","position":2,"name":"Problemas intestinales","item":"https:\/\/gezonde-darmflora.nl\/es\/problemas-intestinales\/"},{"@type":"ListItem","position":3,"name":"Flatulencias"}]},{"@type":"WebSite","@id":"https:\/\/gezonde-darmflora.nl\/es\/#website","url":"https:\/\/gezonde-darmflora.nl\/es\/","name":"Gezonde Darmflora","description":"Een gezonde &amp; natuurlijke darmflora","potentialAction":[{"@type":"SearchAction","target":{"@type":"EntryPoint","urlTemplate":"https:\/\/gezonde-darmflora.nl\/es\/?s={search_term_string}"},"query-input":{"@type":"PropertyValueSpecification","valueRequired":true,"valueName":"search_term_string"}}],"inLanguage":"es"}]}},"_links":{"self":[{"href":"https:\/\/gezonde-darmflora.nl\/es\/wp-json\/wp\/v2\/pages\/15260","targetHints":{"allow":["GET"]}}],"collection":[{"href":"https:\/\/gezonde-darmflora.nl\/es\/wp-json\/wp\/v2\/pages"}],"about":[{"href":"https:\/\/gezonde-darmflora.nl\/es\/wp-json\/wp\/v2\/types\/page"}],"author":[{"embeddable":true,"href":"https:\/\/gezonde-darmflora.nl\/es\/wp-json\/wp\/v2\/users\/4"}],"replies":[{"embeddable":true,"href":"https:\/\/gezonde-darmflora.nl\/es\/wp-json\/wp\/v2\/comments?post=15260"}],"version-history":[{"count":1,"href":"https:\/\/gezonde-darmflora.nl\/es\/wp-json\/wp\/v2\/pages\/15260\/revisions"}],"predecessor-version":[{"id":15270,"href":"https:\/\/gezonde-darmflora.nl\/es\/wp-json\/wp\/v2\/pages\/15260\/revisions\/15270"}],"up":[{"embeddable":true,"href":"https:\/\/gezonde-darmflora.nl\/es\/wp-json\/wp\/v2\/pages\/15223"}],"wp:attachment":[{"href":"https:\/\/gezonde-darmflora.nl\/es\/wp-json\/wp\/v2\/media?parent=15260"}],"curies":[{"name":"wp","href":"https:\/\/api.w.org\/{rel}","templated":true}]}}