{"id":15244,"date":"2020-07-23T07:54:48","date_gmt":"2020-07-23T05:54:48","guid":{"rendered":"https:\/\/gezonde-darmflora.nl\/problemas-intestinales\/diarrea\/"},"modified":"2025-01-27T16:18:35","modified_gmt":"2025-01-27T15:18:35","slug":"diarrea","status":"publish","type":"page","link":"https:\/\/gezonde-darmflora.nl\/es\/problemas-intestinales\/diarrea\/","title":{"rendered":"Diarrea"},"content":{"rendered":"<div class=\"wpb-content-wrapper\"><p>[vc_row full_width=\u00bbstretch_row_content_no_spaces\u00bb][vc_column]\r\n    <div class=\"page-title\">\r\n        <div class=\"container\">\r\n            <div class=\"row\">\r\n                <div class=\"col\">\r\n                    <h1>Diarrea prolongada, frecuente o cr\u00f3nica<\/h1>\r\n                <\/div>\r\n            <\/div>\r\n        <\/div>\r\n    <\/div>\r\n\r\n    [\/vc_column][\/vc_row][vc_row][vc_column offset=\u00bbvc_col-md-8&#8243;][vc_column_text]Normalmente, la diarrea desaparece por s\u00ed sola. Pero si tienes diarrea con regularidad o frecuencia, puede provocarte tensi\u00f3n e inseguridad, sobre todo en compa\u00f1\u00eda. O puede golpearte el d\u00eda de esa fiesta divertida que tanto esperabas&#8230; Adem\u00e1s del malestar, la energ\u00eda tampoco acompa\u00f1a. Pero, \u00bfqu\u00e9 es la diarrea o cu\u00e1l puede ser su posible causa?[\/vc_column_text]<div class=\"eye_empty_space pt-md-5 pb-md-5   pt-4 pb-4\"><\/div>[\/vc_column][vc_column offset=\u00bbvc_col-md-4&#8243; el_class=\u00bbmb-5 mb-lg-0&#8243;]\r\n    <div class=\"blob-image-wrap\">\r\n        <img decoding=\"async\" src=\"https:\/\/gezonde-darmflora.nl\/wp-content\/uploads\/2020\/08\/chronische-diarree-behandelen.jpg\">\r\n    <\/div>\r\n    <p class=\"blob-image__caption\"><\/p>\r\n\r\n    [\/vc_column][\/vc_row][vc_section full_width=\u00bbstretch_row\u00bb el_class=\u00bbbg-green\u00bb][vc_row][vc_column offset=\u00bbvc_col-lg-offset-2 vc_col-lg-8&#8243;][vc_column_text]<\/p>\n<h2>\u00bfQu\u00e9 es la diarrea?<\/h2>\n<p>La diarrea es una deposici\u00f3n l\u00edquida en la que pierdes muchos l\u00edquidos. Por ejemplo, tambi\u00e9n pierdes m\u00e1s l\u00edquidos cuando vomitas, tienes fiebre y cuando hace calor. Si pierdes muchos l\u00edquidos y bebes muy poco, puedes deshidratarte. Esto, a su vez, puede provocar problemas como: no orinar o orinar poco (orina oscura), sed, sequedad de boca, falta de energ\u00eda, desmayos, confusi\u00f3n, respiraci\u00f3n o latidos del coraz\u00f3n m\u00e1s r\u00e1pidos y brazos y piernas fr\u00edos. El mayor problema, por supuesto, es que tu cuerpo apenas absorbe nutrientes cuando tienes diarrea, por lo que te debilitas r\u00e1pidamente, lo que puede explicar muchos de estos s\u00edntomas.    <\/p>\n<h2>Diarrea prolongada o cr\u00f3nica<\/h2>\n<p>Si tienes diarrea frecuente o diarrea cr\u00f3nica, hay problemas m\u00e1s graves y suele haber otra causa. Como el uso de medicamentos (por ejemplo, antibi\u00f3ticos o antidepresivos), el consumo excesivo de bebidas endulzadas artificialmente, un intestino irritable o, lo que es mucho peor, una enfermedad inflamatoria intestinal, como la colitis ulcerosa o la enfermedad de Crohn. En estas enfermedades autoinmunes, por cierto, la diarrea no es contagiosa.[\/vc_column_text][\/vc_column][\/vc_row][\/vc_section][vc_row][vc_column]<div class=\"eye_empty_space pt-md-5 pb-md-5   pt-4 pb-4\"><\/div>[\/vc_column][\/vc_row][vc_row equal_height=\u00bbyes\u00bb][vc_column offset=\u00bbvc_col-md-8&#8243;][vc_column_text]<\/p>\n<h2>Causas de la diarrea<\/h2>\n<p>La intoxicaci\u00f3n alimentaria, el s\u00edndrome del intestino irritable y las intolerancias alimentarias son las tres causas posibles. Pero la diarrea m\u00e1s frecuente suele deberse a una <strong>infecci\u00f3n intestinal por un virus<\/strong>. Una infecci\u00f3n intestinal puede deberse a la falta de <a href=\"https:\/\/gezonde-darmflora.nl\/es\/flora-intestinal\/bacterias-buenas-y-malas\/\">bacterias buenas en tu flora intestinal<\/a> o a invasores como los par\u00e1sitos. Puedes entrar en contacto con ellos cuando viajas, por ejemplo, y algo se introduce en tu cuerpo a trav\u00e9s de una abrasi\u00f3n, por ejemplo. Normalmente, se trata de un virus transmitido por una higiene deficiente. Si no te lavas bien las manos despu\u00e9s de ir al servicio o antes de preparar la comida. O si comes carne que no est\u00e1 bien cocinada. Por tanto, los virus, bacterias o par\u00e1sitos suelen entrar en los intestinos a trav\u00e9s de la boca y provocan la inflamaci\u00f3n de la pared intestinal. Como consecuencia, la pared intestinal puede absorber menos l\u00edquido. A medida que el l\u00edquido permanece en el intestino, las heces se vuelven cada vez m\u00e1s l\u00edquidas. Una persona con una infecci\u00f3n intestinal puede transmitir los pat\u00f3genos a otra persona a trav\u00e9s de las heces. Y esto ocurre principalmente a trav\u00e9s del inodoro y de las manos sin lavar. Los virus tambi\u00e9n pueden transmitirse a trav\u00e9s de la saliva, por ejemplo al utilizar los cubiertos sin lavar de otra persona. El agua o los alimentos contaminados tambi\u00e9n pueden contener bacterias que causan infecciones intestinales.[\/vc_column_text]<div class=\"eye_empty_space pt-md-5 pb-md-5   pt-4 pb-4\"><\/div>[\/vc_column][vc_column offset=\u00bbvc_col-md-4&#8243; el_class=\u00bbd-flex align-items-center mb-5 mb-lg-0&#8243;]\r\n    <div class=\"blob-image-wrap\">\r\n        <img decoding=\"async\" src=\"https:\/\/gezonde-darmflora.nl\/wp-content\/uploads\/2020\/08\/diarree-voorkomen.jpg\">\r\n    <\/div>\r\n    <p class=\"blob-image__caption\"><\/p>\r\n\r\n    [\/vc_column][\/vc_row][vc_row equal_height=\u00bbyes\u00bb][vc_column offset=\u00bbvc_col-md-4&#8243; el_class=\u00bbd-flex align-items-center mb-5 mb-lg-0&#8243;]\r\n    <div class=\"blob-image-wrap\">\r\n        <img decoding=\"async\" src=\"https:\/\/gezonde-darmflora.nl\/wp-content\/uploads\/2020\/08\/darmklachten.jpg\">\r\n    <\/div>\r\n    <p class=\"blob-image__caption\"><\/p>\r\n\r\n    [\/vc_column][vc_column offset=\u00bbvc_col-md-8&#8243;][vc_column_text]<\/p>\n<h2>\u00bfQu\u00e9 puedes hacer t\u00fa mismo contra la diarrea?<\/h2>\n<p>En primer lugar, \u00a1aseg\u00farate de no contagiar a otras personas! Limpia bien tu casa, tu ropa y tus toallas. Bebe mucha agua y sigue una dieta sana y variada. Es importante beber m\u00e1s cuando tienes diarrea. Piensa en al menos dos litros de agua al d\u00eda. Cuanta m\u00e1s diarrea, m\u00e1s debes beber para evitar la deshidrataci\u00f3n. Preferiblemente no bebas refrescos ni bebidas energ\u00e9ticas. Si adem\u00e1s de diarrea vomitas o tienes fiebre, beber agua es a\u00fan m\u00e1s importante. No comer en absoluto o seguir una dieta especial no es necesario para la diarrea ni bueno para tu cuerpo. Escucha a tu cuerpo, si vuelve el apetito, lo normal es que vuelva a ir bien. Si la diarrea dura m\u00e1s de siete d\u00edas o sigue reapareciendo, no consumas bebidas dulces como leche o zumo de manzana durante un tiempo. A veces los intestinos son temporalmente menos capaces de tolerar estas bebidas dulces despu\u00e9s de una infecci\u00f3n. La diarrea suele desaparecer al cabo de cuatro a ocho d\u00edas. Si vuelves a estar completamente en forma, intenta prevenir otra infecci\u00f3n poniendo en pr\u00e1ctica todos estos puntos en tu estilo de vida. Siempre es mejor prevenir que curar.[\/vc_column_text]<div class=\"eye_empty_space pt-md-5 pb-md-5   pt-4 pb-4\"><\/div>[\/vc_column][\/vc_row][vc_section full_width=\u00bbstretch_row\u00bb el_class=\u00bbbg-green\u00bb][vc_row][vc_column offset=\u00bbvc_col-lg-offset-2 vc_col-lg-8&#8243;][vc_column_text]<\/p>\n<h2>Posible tratamiento de la diarrea prolongada o cr\u00f3nica<\/h2>\n<p>\u00bfDiarrea prolongada, frecuente o cr\u00f3nica? \u00bfUn d\u00eda no orinas, poco a poco est\u00e1s cada vez m\u00e1s confuso, la diarrea dura m\u00e1s de lo habitual, tienes dolor abdominal constante y la sed persiste? Entonces algo est\u00e1 pasando realmente en tu cuerpo y es necesaria una visita al m\u00e9dico. Te ofrecer\u00e1 dos tipos de medicaci\u00f3n. SRO, que act\u00faa contra la deshidrataci\u00f3n, o Loperamida. La Loperamida es m\u00e1s bien un agente coagulante que te dan cuando tienes una cita de urgencia, por lo que no puede alcanzar el periodo de descanso y recuperaci\u00f3n realmente necesario. Vigila tambi\u00e9n el efecto de tus otros medicamentos si sufres diarrea o v\u00f3mitos, porque al igual que los alimentos, tambi\u00e9n pueden no absorberse tan bien con la diarrea.      <\/p>\n<p><img decoding=\"async\" class=\"aligncenter size-full wp-image-640\" src=\"https:\/\/gezonde-darmflora.nl\/wp-content\/uploads\/2020\/08\/wat-doen-tegen-diarree.jpg\" alt=\"qu\u00e9 hacer con la diarrea\" width=\"678\" height=\"533\" srcset=\"https:\/\/gezonde-darmflora.nl\/wp-content\/uploads\/2020\/08\/wat-doen-tegen-diarree.jpg 678w, https:\/\/gezonde-darmflora.nl\/wp-content\/uploads\/2020\/08\/wat-doen-tegen-diarree-600x472.jpg 600w, https:\/\/gezonde-darmflora.nl\/wp-content\/uploads\/2020\/08\/wat-doen-tegen-diarree-300x236.jpg 300w\" sizes=\"(max-width: 678px) 100vw, 678px\" \/><\/p>\n<p>Si prefieres <strong>una soluci\u00f3n natural<\/strong>, un <a href=\"https:\/\/gezonde-darmflora.nl\/es\/la-teoria-fmt\/\">trasplante de caca<\/a> no es una idea tan descabellada. Los pat\u00f3genos tienen la sart\u00e9n por el mango en tus intestinos en el momento de una diarrea prolongada. Si obtienen la oposici\u00f3n de la flora intestinal sana de un donante sano con el est\u00f3mago sobrio, la batalla puede llegar pronto a su fin. En el futuro, se espera una p\u00edldora elaborada a partir de tu propia flora intestinal sana en un momento en que t\u00fa mismo est\u00e9s superfeliz. Entonces, si necesitas ir corriendo al ba\u00f1o en un agradable viaje por Tailandia, despu\u00e9s de una deliciosa comida en ese acogedor restaurante, s\u00f3lo tendr\u00e1s que tomar tu propia p\u00edldora de flora intestinal sana, que restablecer\u00e1 tu flora intestinal.[\/vc_column_text][\/vc_column][\/vc_row][\/vc_section][vc_row full_width=\u00bbstretch_row_content_no_spaces\u00bb css=\u00bb.vc_custom_1593680854494{margin-bottom: -10rem !important;}\u00bb][vc_column]\r\n    <a href=\"https:\/\/gezonde-darmflora.nl\/poeppillen-bestellen\/\" target=\"\" class=\"no-underline\">\r\n\r\n        <div class=\"cta\" style=\"background-image: url('https:\/\/gezonde-darmflora.nl\/wp-content\/uploads\/2020\/08\/darmflora-gezondheid.jpg')\">\r\n            <div class=\"container\">\r\n                <div class=\"row\">\r\n                    <div class=\"col-12\">\r\n                        <p>\r\n                            <\/p>\n<h3>\u00bfTambi\u00e9n ayudas a tu flora intestinal a mantenerse sana?<\/h3>\n<h4>En nuestra tienda encontrar\u00e1s todo lo que necesitas.<\/h4>\n<p>                        <\/p>\r\n                        <div class=\"cta__button svg-btn svg-btn-darkgreen\">\r\n                            <svg xmlns=\"http:\/\/www.w3.org\/2000\/svg\" width=\"50\" height=\"50\" viewBox=\"0 0 55 50\"><defs><\/defs><g id=\"Layer_2\" data-name=\"Layer 2\"><g id=\"Layer_1-2\" data-name=\"Layer 1\"><path width=\"100%\" height=\"100%\" class=\"anime\" d=\"M1.16,31.86C5.61,44.26,19.3,52,32.23,49.6C40.23,48.11,48.89,42.33,51.61,34.400000000000006C53.61,28.510000000000005,51.839999999999996,22.550000000000004,49.23,17.210000000000004C46.23,10.990000000000006,43.06999999999999,4.210000000000004,36.29,1.270000000000005C31,-1,24.8,0,19.64,2.49A45,45,0,0,0,10.57,8.66C8.39,10.5,5.430000000000001,12.280000000000001,3.6400000000000006,14.46C-0.3,19.28,-0.9,26.13,1.16,31.86Z\"\/><\/g><\/g><\/svg>\r\n                            <i class=\"far fa-long-arrow-alt-right\"><\/i>\r\n                        <\/div>\r\n                    <\/div>\r\n                <\/div>\r\n            <\/div>\r\n        <\/div>\r\n\r\n    <\/a>\r\n\r\n    [\/vc_column][\/vc_row]<\/p>\n<\/div>","protected":false},"excerpt":{"rendered":"<p>[vc_row full_width=\u00bbstretch_row_content_no_spaces\u00bb][vc_column][\/vc_column][\/vc_row][vc_row][vc_column offset=\u00bbvc_col-md-8&#8243;][vc_column_text]Normalmente, la diarrea desaparece por s\u00ed sola. Pero si tienes diarrea con regularidad o frecuencia, puede provocarte tensi\u00f3n e inseguridad, sobre todo en compa\u00f1\u00eda. O puede golpearte el d\u00eda de esa fiesta divertida que tanto esperabas&#8230; Adem\u00e1s del malestar, la energ\u00eda tampoco acompa\u00f1a. Pero, \u00bfqu\u00e9 es la diarrea o cu\u00e1l puede ser su\u2026 <a href=\"https:\/\/gezonde-darmflora.nl\/es\/problemas-intestinales\/diarrea\/\">Leer m\u00e1s &raquo;<\/a><\/p>\n","protected":false},"author":4,"featured_media":0,"parent":15223,"menu_order":0,"comment_status":"closed","ping_status":"closed","template":"","meta":{"_acf_changed":false,"footnotes":""},"class_list":["post-15244","page","type-page","status-publish","hentry"],"acf":[],"yoast_head":"<!-- This site is optimized with the Yoast SEO plugin v27.1.1 - https:\/\/yoast.com\/product\/yoast-seo-wordpress\/ -->\n<title>\u00bfDiarrea prolongada, frecuente o cr\u00f3nica? Causas, consejos y tratamiento<\/title>\n<meta name=\"description\" content=\"Normalmente la diarrea desaparece por s\u00ed sola. Pero si tienes diarrea frecuente o cr\u00f3nica, puede causarte tensi\u00f3n e incertidumbre. Comprueba las causas y las soluciones.\" \/>\n<meta name=\"robots\" content=\"index, follow, max-snippet:-1, max-image-preview:large, max-video-preview:-1\" \/>\n<link rel=\"canonical\" href=\"https:\/\/gezonde-darmflora.nl\/es\/problemas-intestinales\/diarrea\/\" \/>\n<meta property=\"og:locale\" content=\"es_ES\" \/>\n<meta property=\"og:type\" content=\"article\" \/>\n<meta property=\"og:title\" content=\"\u00bfDiarrea prolongada, frecuente o cr\u00f3nica? Causas, consejos y tratamiento\" \/>\n<meta property=\"og:description\" content=\"Normalmente la diarrea desaparece por s\u00ed sola. Pero si tienes diarrea frecuente o cr\u00f3nica, puede causarte tensi\u00f3n e incertidumbre. Comprueba las causas y las soluciones.\" \/>\n<meta property=\"og:url\" content=\"https:\/\/gezonde-darmflora.nl\/es\/problemas-intestinales\/diarrea\/\" \/>\n<meta property=\"og:site_name\" content=\"Gezonde Darmflora\" \/>\n<meta property=\"article:modified_time\" content=\"2025-01-27T15:18:35+00:00\" \/>\n<meta property=\"og:image\" content=\"https:\/\/gezonde-darmflora.nl\/wp-content\/uploads\/2020\/08\/wat-doen-tegen-diarree.jpg\" \/>\n<meta name=\"twitter:card\" content=\"summary_large_image\" \/>\n<meta name=\"twitter:label1\" content=\"Tiempo de lectura\" \/>\n\t<meta name=\"twitter:data1\" content=\"6 minutos\" \/>\n<script type=\"application\/ld+json\" class=\"yoast-schema-graph\">{\"@context\":\"https:\/\/schema.org\",\"@graph\":[{\"@type\":\"WebPage\",\"@id\":\"https:\/\/gezonde-darmflora.nl\/es\/problemas-intestinales\/diarrea\/\",\"url\":\"https:\/\/gezonde-darmflora.nl\/es\/problemas-intestinales\/diarrea\/\",\"name\":\"\u00bfDiarrea prolongada, frecuente o cr\u00f3nica? Causas, consejos y tratamiento\",\"isPartOf\":{\"@id\":\"https:\/\/gezonde-darmflora.nl\/es\/#website\"},\"primaryImageOfPage\":{\"@id\":\"https:\/\/gezonde-darmflora.nl\/es\/problemas-intestinales\/diarrea\/#primaryimage\"},\"image\":{\"@id\":\"https:\/\/gezonde-darmflora.nl\/es\/problemas-intestinales\/diarrea\/#primaryimage\"},\"thumbnailUrl\":\"https:\/\/gezonde-darmflora.nl\/wp-content\/uploads\/2020\/08\/wat-doen-tegen-diarree.jpg\",\"datePublished\":\"2020-07-23T05:54:48+00:00\",\"dateModified\":\"2025-01-27T15:18:35+00:00\",\"description\":\"Normalmente la diarrea desaparece por s\u00ed sola. Pero si tienes diarrea frecuente o cr\u00f3nica, puede causarte tensi\u00f3n e incertidumbre. Comprueba las causas y las soluciones.\",\"breadcrumb\":{\"@id\":\"https:\/\/gezonde-darmflora.nl\/es\/problemas-intestinales\/diarrea\/#breadcrumb\"},\"inLanguage\":\"es\",\"potentialAction\":[{\"@type\":\"ReadAction\",\"target\":[\"https:\/\/gezonde-darmflora.nl\/es\/problemas-intestinales\/diarrea\/\"]}]},{\"@type\":\"ImageObject\",\"inLanguage\":\"es\",\"@id\":\"https:\/\/gezonde-darmflora.nl\/es\/problemas-intestinales\/diarrea\/#primaryimage\",\"url\":\"https:\/\/gezonde-darmflora.nl\/wp-content\/uploads\/2020\/08\/wat-doen-tegen-diarree.jpg\",\"contentUrl\":\"https:\/\/gezonde-darmflora.nl\/wp-content\/uploads\/2020\/08\/wat-doen-tegen-diarree.jpg\"},{\"@type\":\"BreadcrumbList\",\"@id\":\"https:\/\/gezonde-darmflora.nl\/es\/problemas-intestinales\/diarrea\/#breadcrumb\",\"itemListElement\":[{\"@type\":\"ListItem\",\"position\":1,\"name\":\"Home\",\"item\":\"https:\/\/gezonde-darmflora.nl\/es\/\"},{\"@type\":\"ListItem\",\"position\":2,\"name\":\"Problemas intestinales\",\"item\":\"https:\/\/gezonde-darmflora.nl\/es\/problemas-intestinales\/\"},{\"@type\":\"ListItem\",\"position\":3,\"name\":\"Diarrea\"}]},{\"@type\":\"WebSite\",\"@id\":\"https:\/\/gezonde-darmflora.nl\/es\/#website\",\"url\":\"https:\/\/gezonde-darmflora.nl\/es\/\",\"name\":\"Gezonde Darmflora\",\"description\":\"Een gezonde &amp; natuurlijke darmflora\",\"potentialAction\":[{\"@type\":\"SearchAction\",\"target\":{\"@type\":\"EntryPoint\",\"urlTemplate\":\"https:\/\/gezonde-darmflora.nl\/es\/?s={search_term_string}\"},\"query-input\":{\"@type\":\"PropertyValueSpecification\",\"valueRequired\":true,\"valueName\":\"search_term_string\"}}],\"inLanguage\":\"es\"}]}<\/script>\n<!-- \/ Yoast SEO plugin. -->","yoast_head_json":{"title":"\u00bfDiarrea prolongada, frecuente o cr\u00f3nica? Causas, consejos y tratamiento","description":"Normalmente la diarrea desaparece por s\u00ed sola. Pero si tienes diarrea frecuente o cr\u00f3nica, puede causarte tensi\u00f3n e incertidumbre. Comprueba las causas y las soluciones.","robots":{"index":"index","follow":"follow","max-snippet":"max-snippet:-1","max-image-preview":"max-image-preview:large","max-video-preview":"max-video-preview:-1"},"canonical":"https:\/\/gezonde-darmflora.nl\/es\/problemas-intestinales\/diarrea\/","og_locale":"es_ES","og_type":"article","og_title":"\u00bfDiarrea prolongada, frecuente o cr\u00f3nica? Causas, consejos y tratamiento","og_description":"Normalmente la diarrea desaparece por s\u00ed sola. Pero si tienes diarrea frecuente o cr\u00f3nica, puede causarte tensi\u00f3n e incertidumbre. Comprueba las causas y las soluciones.","og_url":"https:\/\/gezonde-darmflora.nl\/es\/problemas-intestinales\/diarrea\/","og_site_name":"Gezonde Darmflora","article_modified_time":"2025-01-27T15:18:35+00:00","og_image":[{"url":"https:\/\/gezonde-darmflora.nl\/wp-content\/uploads\/2020\/08\/wat-doen-tegen-diarree.jpg","type":"","width":"","height":""}],"twitter_card":"summary_large_image","twitter_misc":{"Tiempo de lectura":"6 minutos"},"schema":{"@context":"https:\/\/schema.org","@graph":[{"@type":"WebPage","@id":"https:\/\/gezonde-darmflora.nl\/es\/problemas-intestinales\/diarrea\/","url":"https:\/\/gezonde-darmflora.nl\/es\/problemas-intestinales\/diarrea\/","name":"\u00bfDiarrea prolongada, frecuente o cr\u00f3nica? Causas, consejos y tratamiento","isPartOf":{"@id":"https:\/\/gezonde-darmflora.nl\/es\/#website"},"primaryImageOfPage":{"@id":"https:\/\/gezonde-darmflora.nl\/es\/problemas-intestinales\/diarrea\/#primaryimage"},"image":{"@id":"https:\/\/gezonde-darmflora.nl\/es\/problemas-intestinales\/diarrea\/#primaryimage"},"thumbnailUrl":"https:\/\/gezonde-darmflora.nl\/wp-content\/uploads\/2020\/08\/wat-doen-tegen-diarree.jpg","datePublished":"2020-07-23T05:54:48+00:00","dateModified":"2025-01-27T15:18:35+00:00","description":"Normalmente la diarrea desaparece por s\u00ed sola. Pero si tienes diarrea frecuente o cr\u00f3nica, puede causarte tensi\u00f3n e incertidumbre. Comprueba las causas y las soluciones.","breadcrumb":{"@id":"https:\/\/gezonde-darmflora.nl\/es\/problemas-intestinales\/diarrea\/#breadcrumb"},"inLanguage":"es","potentialAction":[{"@type":"ReadAction","target":["https:\/\/gezonde-darmflora.nl\/es\/problemas-intestinales\/diarrea\/"]}]},{"@type":"ImageObject","inLanguage":"es","@id":"https:\/\/gezonde-darmflora.nl\/es\/problemas-intestinales\/diarrea\/#primaryimage","url":"https:\/\/gezonde-darmflora.nl\/wp-content\/uploads\/2020\/08\/wat-doen-tegen-diarree.jpg","contentUrl":"https:\/\/gezonde-darmflora.nl\/wp-content\/uploads\/2020\/08\/wat-doen-tegen-diarree.jpg"},{"@type":"BreadcrumbList","@id":"https:\/\/gezonde-darmflora.nl\/es\/problemas-intestinales\/diarrea\/#breadcrumb","itemListElement":[{"@type":"ListItem","position":1,"name":"Home","item":"https:\/\/gezonde-darmflora.nl\/es\/"},{"@type":"ListItem","position":2,"name":"Problemas intestinales","item":"https:\/\/gezonde-darmflora.nl\/es\/problemas-intestinales\/"},{"@type":"ListItem","position":3,"name":"Diarrea"}]},{"@type":"WebSite","@id":"https:\/\/gezonde-darmflora.nl\/es\/#website","url":"https:\/\/gezonde-darmflora.nl\/es\/","name":"Gezonde Darmflora","description":"Een gezonde &amp; natuurlijke darmflora","potentialAction":[{"@type":"SearchAction","target":{"@type":"EntryPoint","urlTemplate":"https:\/\/gezonde-darmflora.nl\/es\/?s={search_term_string}"},"query-input":{"@type":"PropertyValueSpecification","valueRequired":true,"valueName":"search_term_string"}}],"inLanguage":"es"}]}},"_links":{"self":[{"href":"https:\/\/gezonde-darmflora.nl\/es\/wp-json\/wp\/v2\/pages\/15244","targetHints":{"allow":["GET"]}}],"collection":[{"href":"https:\/\/gezonde-darmflora.nl\/es\/wp-json\/wp\/v2\/pages"}],"about":[{"href":"https:\/\/gezonde-darmflora.nl\/es\/wp-json\/wp\/v2\/types\/page"}],"author":[{"embeddable":true,"href":"https:\/\/gezonde-darmflora.nl\/es\/wp-json\/wp\/v2\/users\/4"}],"replies":[{"embeddable":true,"href":"https:\/\/gezonde-darmflora.nl\/es\/wp-json\/wp\/v2\/comments?post=15244"}],"version-history":[{"count":10,"href":"https:\/\/gezonde-darmflora.nl\/es\/wp-json\/wp\/v2\/pages\/15244\/revisions"}],"predecessor-version":[{"id":15293,"href":"https:\/\/gezonde-darmflora.nl\/es\/wp-json\/wp\/v2\/pages\/15244\/revisions\/15293"}],"up":[{"embeddable":true,"href":"https:\/\/gezonde-darmflora.nl\/es\/wp-json\/wp\/v2\/pages\/15223"}],"wp:attachment":[{"href":"https:\/\/gezonde-darmflora.nl\/es\/wp-json\/wp\/v2\/media?parent=15244"}],"curies":[{"name":"wp","href":"https:\/\/api.w.org\/{rel}","templated":true}]}}