{"id":15223,"date":"2020-07-17T09:16:46","date_gmt":"2020-07-17T07:16:46","guid":{"rendered":"https:\/\/gezonde-darmflora.nl\/problemas-intestinales\/"},"modified":"2025-01-27T16:18:22","modified_gmt":"2025-01-27T15:18:22","slug":"problemas-intestinales","status":"publish","type":"page","link":"https:\/\/gezonde-darmflora.nl\/es\/problemas-intestinales\/","title":{"rendered":"Problemas intestinales"},"content":{"rendered":"<div class=\"wpb-content-wrapper\"><p>[vc_row full_width=\u00bbstretch_row_content_no_spaces\u00bb][vc_column]\r\n    <div class=\"page-title\">\r\n        <div class=\"container\">\r\n            <div class=\"row\">\r\n                <div class=\"col\">\r\n                    <h1>Problemas intestinales: Desde molestias leves hasta enfermedades intestinales<\/h1>\r\n                <\/div>\r\n            <\/div>\r\n        <\/div>\r\n    <\/div>\r\n\r\n    [\/vc_column][\/vc_row][vc_row][vc_column offset=\u00bbvc_col-md-8&#8243;][vc_column_text]Los problemas intestinales, un problema com\u00fan pero poco discutido. \u00bfY qui\u00e9n, y en qu\u00e9 momento, va a tener una agradable charla sobre ello? Tampoco es malo que de vez en cuando te duela el est\u00f3mago despu\u00e9s de una mala comida, durante una gripe o en ese viaje aventurero a tierras lejanas. Tu cuerpo lo solucionar\u00e1. Pero si los dolores persisten durante mucho tiempo, se hacen frecuentes, afectan a tu vida, te dominan&#8230; Entonces ser\u00e1 mejor que la b\u00fasqueda de una soluci\u00f3n sea breve.[\/vc_column_text]<div class=\"eye_empty_space pt-md-5 pb-md-5   pt-4 pb-4\"><\/div>[\/vc_column][vc_column offset=\u00bbvc_col-md-4&#8243; el_class=\u00bbmb-5 mb-lg-0&#8243;]\r\n    <div class=\"blob-image-wrap\">\r\n        <img decoding=\"async\" src=\"https:\/\/gezonde-darmflora.nl\/wp-content\/uploads\/2020\/08\/darmproblemen-buikpijn.jpg\">\r\n    <\/div>\r\n    <p class=\"blob-image__caption\"><\/p>\r\n\r\n    [\/vc_column][\/vc_row][vc_section full_width=\u00bbstretch_row\u00bb el_class=\u00bbbg-green\u00bb][vc_row][vc_column offset=\u00bbvc_col-lg-offset-2 vc_col-lg-8&#8243;][vc_column_text]<\/p>\n<h2>Sobre los intestinos<\/h2>\n<p>  El intestino delgado medio mide seis metros de largo y est\u00e1 formado por el duodeno, el intestino delgado y el \u00edleon. La funci\u00f3n del intestino delgado es digerir los alimentos y absorber sus nutrientes. Lo hace a\u00f1adiendo jugos digestivos a los alimentos. Con una doble capa de m\u00fasculos, el intestino delgado amasa los alimentos para que se mezclen bien con los jugos digestivos. El intestino delgado reenv\u00eda la papilla de alimentos hacia el intestino grueso. La enorme superficie del intestino delgado permite una gran capacidad de absorci\u00f3n de nutrientes. Los alimentos permanecen en el intestino delgado entre cuatro y ocho horas. La comida que no se puede digerir y por tanto permanece, acaba en el intestino grueso. Al intestino delgado le sigue el \u00abcolon\u00bb, el intestino grueso, con una longitud de unos dos metros. Con un ap\u00e9ndice llamado intestino ciego, el colon termina en el recto. Cuando los restos de comida no digerible llegan al colon, todav\u00eda hay mucho l\u00edquido con los restos. La funci\u00f3n del colon es extraer la humedad de lo que ahora podemos llamar heces. El intestino grueso impulsa las heces mediante movimientos perist\u00e1lticos. Las heces se almacenan en el dep\u00f3sito hasta que se llena: el recto.[\/vc_column_text][\/vc_column][\/vc_row][\/vc_section][vc_row][vc_column]<div class=\"eye_empty_space pt-md-5 pb-md-5   pt-4 pb-4\"><\/div>[\/vc_column][\/vc_row][vc_row equal_height=\u00bbyes\u00bb][vc_column offset=\u00bbvc_col-md-8&#8243;][vc_column_text]<\/p>\n<h3>Sab\u00edas que&#8230;<\/h3>\n<p>  Se ha descubierto que los intestinos del hombre primitivo eran mucho m\u00e1s largos. Gracias a una alimentaci\u00f3n diferente y a una mejor preparaci\u00f3n e higiene, los alimentos se hicieron m\u00e1s f\u00e1ciles de digerir para los intestinos. Como resultado, durante la evoluci\u00f3n, el intestino se hizo m\u00e1s corto. <\/p>\n<blockquote><p>El 25% tiene problemas<\/p><\/blockquote>\n<p> intestinales En Holanda, una cuarta parte de la poblaci\u00f3n tiene problemas intestinales y el 60% son mujeres. Hasta ahora, los m\u00e9dicos han buscado una soluci\u00f3n en la destrucci\u00f3n de las bacterias malas, dando por sentada la p\u00e9rdida de las bacterias intestinales sanas. En realidad, es extra\u00f1o que la ciencia m\u00e9dica se haya centrado durante tanto tiempo en erradicar las bacterias. De todo el material gen\u00e9tico que llevamos con nosotros, s\u00f3lo el 1% es humano. El resto procede de los billones de bacterias de nuestro cuerpo. Por eso algunos cient\u00edficos hablan ya de un cambio de paradigma. Debemos aprender a controlar las bacterias, en lugar de erradicarlas.[\/vc_column_text]<div class=\"eye_empty_space pt-md-5 pb-md-5   pt-4 pb-4\"><\/div>[\/vc_column][vc_column offset=\u00bbvc_col-md-4&#8243; el_class=\u00bbd-flex align-items-center mb-5 mb-lg-0&#8243;][vc_single_image image=\u00bb582&#8243; img_size=\u00bb\u00bb][\/vc_column][\/vc_row][vc_row equal_height=\u00bbyes\u00bb][vc_column offset=\u00bbvc_col-md-4&#8243; el_class=\u00bbd-flex align-items-center mb-5 mb-lg-0&#8243;]\r\n    <div class=\"blob-image-wrap\">\r\n        <img decoding=\"async\" src=\"https:\/\/gezonde-darmflora.nl\/wp-content\/uploads\/2020\/08\/darmbacterien-beinvloeden-voeding-1024x455.jpg\">\r\n    <\/div>\r\n    <p class=\"blob-image__caption\"><\/p>\r\n\r\n    [\/vc_column][vc_column offset=\u00bbvc_col-md-8&#8243;][vc_column_text]<\/p>\n<h2>Posibles causas<\/h2>\n<p>  Las posibles causas de problemas en el intestino delgado pueden proceder de una alergia, por ejemplo a una prote\u00edna o al gluten. Estos se encuentran en: la avena, el trigo, el centeno y la cebada. La mucosa intestinal pierde sus vellosidades por el contacto con el gluten, lo que provoca una peor absorci\u00f3n de nutrientes y deficiencias nutricionales. Puedes sufrir una intoxicaci\u00f3n alimentaria que cause problemas. Tambi\u00e9n puede producirse inflamaci\u00f3n en los intestinos cuando la <a href=\"https:\/\/gezonde-darmflora.nl\/es\/flora-intestinal\/flora-intestinal-alterada\/\">flora intestinal est\u00e1 desequilibrada<\/a>.[\/vc_column_text]<div class=\"eye_empty_space pt-md-5 pb-md-5   pt-4 pb-4\"><\/div>[\/vc_column][\/vc_row][vc_section full_width=\u00bbstretch_row\u00bb el_class=\u00bbbg-green\u00bb][vc_row][vc_column offset=\u00bbvc_col-lg-offset-2 vc_col-lg-8&#8243;][vc_column_text]<\/p>\n<h2>Problemas comunes del intestino grueso y delgado<\/h2>\n<p>  \u00bfProblemas de sensibilidad intestinal? Pueden tener diversas causas y ser agudos o cr\u00f3nicos. Los problemas intestinales m\u00e1s frecuentes son: enfermedad de Crohn, colitis ulcerosa, apendicitis, c\u00e1ncer de colon y enfermedad cel\u00edaca.    <\/p>\n<h2>Molestias intestinales cr\u00f3nicas<\/h2>\n<p>  Suelen manifestarse como: diarrea, heces grasas, inflamaci\u00f3n y emaciaci\u00f3n. Pueden desarrollarse \u00falceras en los intestinos, que a veces aumentan de tama\u00f1o. Los signos pueden ser peque\u00f1os, como flatulencia y dolor abdominal, o mayores, como diarrea, n\u00e1useas y fatiga, hasta incluso fiebre y p\u00e9rdida de peso. Tambi\u00e9n pueden aparecer efectos secundarios desagradables, como hemorroides y f\u00edstulas. La inflamaci\u00f3n intestinal cr\u00f3nica puede producirse tanto en el intestino delgado como en el grueso. Si no la coges a tiempo, te alejas cada vez m\u00e1s de casa.[\/vc_column_text][\/vc_column][\/vc_row][\/vc_section][vc_row full_width=\u00bbstretch_row_content_no_spaces\u00bb css=\u00bb.vc_custom_1593680854494{margin-bottom: -10rem !important;}\u00bb][vc_column]\r\n    <a href=\"https:\/\/gezonde-darmflora.nl\/poeppillen-bestellen\/\" target=\"\" class=\"no-underline\">\r\n\r\n        <div class=\"cta\" style=\"background-image: url('https:\/\/gezonde-darmflora.nl\/wp-content\/uploads\/2020\/08\/darmflora-gezondheid.jpg')\">\r\n            <div class=\"container\">\r\n                <div class=\"row\">\r\n                    <div class=\"col-12\">\r\n                        <p>\r\n                            <\/p>\n<h3>\u00bfTambi\u00e9n ayudas a tu flora intestinal a mantenerse sana?<\/h3>\n<h4>En nuestra tienda encontrar\u00e1s todo lo que necesitas.<\/h4>\n<p>                        <\/p>\r\n                        <div class=\"cta__button svg-btn svg-btn-darkgreen\">\r\n                            <svg xmlns=\"http:\/\/www.w3.org\/2000\/svg\" width=\"50\" height=\"50\" viewBox=\"0 0 55 50\"><defs><\/defs><g id=\"Layer_2\" data-name=\"Layer 2\"><g id=\"Layer_1-2\" data-name=\"Layer 1\"><path width=\"100%\" height=\"100%\" class=\"anime\" d=\"M1.16,31.86C5.61,44.26,19.3,52,32.23,49.6C40.23,48.11,48.89,42.33,51.61,34.400000000000006C53.61,28.510000000000005,51.839999999999996,22.550000000000004,49.23,17.210000000000004C46.23,10.990000000000006,43.06999999999999,4.210000000000004,36.29,1.270000000000005C31,-1,24.8,0,19.64,2.49A45,45,0,0,0,10.57,8.66C8.39,10.5,5.430000000000001,12.280000000000001,3.6400000000000006,14.46C-0.3,19.28,-0.9,26.13,1.16,31.86Z\"\/><\/g><\/g><\/svg>\r\n                            <i class=\"far fa-long-arrow-alt-right\"><\/i>\r\n                        <\/div>\r\n                    <\/div>\r\n                <\/div>\r\n            <\/div>\r\n        <\/div>\r\n\r\n    <\/a>\r\n\r\n    [\/vc_column][\/vc_row]<\/p>\n<\/div>","protected":false},"excerpt":{"rendered":"<p>[vc_row full_width=\u00bbstretch_row_content_no_spaces\u00bb][vc_column][\/vc_column][\/vc_row][vc_row][vc_column offset=\u00bbvc_col-md-8&#8243;][vc_column_text]Los problemas intestinales, un problema com\u00fan pero poco discutido. \u00bfY qui\u00e9n, y en qu\u00e9 momento, va a tener una agradable charla sobre ello? Tampoco es malo que de vez en cuando te duela el est\u00f3mago despu\u00e9s de una mala comida, durante una gripe o en ese viaje aventurero a tierras lejanas. Tu cuerpo\u2026 <a href=\"https:\/\/gezonde-darmflora.nl\/es\/problemas-intestinales\/\">Leer m\u00e1s &raquo;<\/a><\/p>\n","protected":false},"author":4,"featured_media":0,"parent":0,"menu_order":0,"comment_status":"closed","ping_status":"closed","template":"","meta":{"_acf_changed":false,"footnotes":""},"class_list":["post-15223","page","type-page","status-publish","hentry"],"acf":[],"yoast_head":"<!-- This site is optimized with the Yoast SEO plugin v27.1.1 - https:\/\/yoast.com\/product\/yoast-seo-wordpress\/ -->\n<title>Problemas intestinales: desde molestias en el intestino grueso y delgado hasta enfermedades intestinales<\/title>\n<meta name=\"description\" content=\"\u00bfIntestinos sensibles, problemas intestinales? Pueden tener diversas causas y ser problemas intestinales agudos o cr\u00f3nicos.\" \/>\n<meta name=\"robots\" content=\"index, follow, max-snippet:-1, max-image-preview:large, max-video-preview:-1\" \/>\n<link rel=\"canonical\" href=\"https:\/\/gezonde-darmflora.nl\/es\/problemas-intestinales\/\" \/>\n<meta property=\"og:locale\" content=\"es_ES\" \/>\n<meta property=\"og:type\" content=\"article\" \/>\n<meta property=\"og:title\" content=\"Problemas intestinales: desde molestias en el intestino grueso y delgado hasta enfermedades intestinales\" \/>\n<meta property=\"og:description\" content=\"\u00bfIntestinos sensibles, problemas intestinales? Pueden tener diversas causas y ser problemas intestinales agudos o cr\u00f3nicos.\" \/>\n<meta property=\"og:url\" content=\"https:\/\/gezonde-darmflora.nl\/es\/problemas-intestinales\/\" \/>\n<meta property=\"og:site_name\" content=\"Gezonde Darmflora\" \/>\n<meta property=\"article:modified_time\" content=\"2025-01-27T15:18:22+00:00\" \/>\n<meta name=\"twitter:card\" content=\"summary_large_image\" \/>\n<meta name=\"twitter:label1\" content=\"Tiempo de lectura\" \/>\n\t<meta name=\"twitter:data1\" content=\"5 minutos\" \/>\n<script type=\"application\/ld+json\" class=\"yoast-schema-graph\">{\"@context\":\"https:\/\/schema.org\",\"@graph\":[{\"@type\":\"WebPage\",\"@id\":\"https:\/\/gezonde-darmflora.nl\/es\/problemas-intestinales\/\",\"url\":\"https:\/\/gezonde-darmflora.nl\/es\/problemas-intestinales\/\",\"name\":\"Problemas intestinales: desde molestias en el intestino grueso y delgado hasta enfermedades intestinales\",\"isPartOf\":{\"@id\":\"https:\/\/gezonde-darmflora.nl\/es\/#website\"},\"datePublished\":\"2020-07-17T07:16:46+00:00\",\"dateModified\":\"2025-01-27T15:18:22+00:00\",\"description\":\"\u00bfIntestinos sensibles, problemas intestinales? Pueden tener diversas causas y ser problemas intestinales agudos o cr\u00f3nicos.\",\"breadcrumb\":{\"@id\":\"https:\/\/gezonde-darmflora.nl\/es\/problemas-intestinales\/#breadcrumb\"},\"inLanguage\":\"es\",\"potentialAction\":[{\"@type\":\"ReadAction\",\"target\":[\"https:\/\/gezonde-darmflora.nl\/es\/problemas-intestinales\/\"]}]},{\"@type\":\"BreadcrumbList\",\"@id\":\"https:\/\/gezonde-darmflora.nl\/es\/problemas-intestinales\/#breadcrumb\",\"itemListElement\":[{\"@type\":\"ListItem\",\"position\":1,\"name\":\"Home\",\"item\":\"https:\/\/gezonde-darmflora.nl\/es\/\"},{\"@type\":\"ListItem\",\"position\":2,\"name\":\"Problemas intestinales\"}]},{\"@type\":\"WebSite\",\"@id\":\"https:\/\/gezonde-darmflora.nl\/es\/#website\",\"url\":\"https:\/\/gezonde-darmflora.nl\/es\/\",\"name\":\"Gezonde Darmflora\",\"description\":\"Een gezonde &amp; natuurlijke darmflora\",\"potentialAction\":[{\"@type\":\"SearchAction\",\"target\":{\"@type\":\"EntryPoint\",\"urlTemplate\":\"https:\/\/gezonde-darmflora.nl\/es\/?s={search_term_string}\"},\"query-input\":{\"@type\":\"PropertyValueSpecification\",\"valueRequired\":true,\"valueName\":\"search_term_string\"}}],\"inLanguage\":\"es\"}]}<\/script>\n<!-- \/ Yoast SEO plugin. -->","yoast_head_json":{"title":"Problemas intestinales: desde molestias en el intestino grueso y delgado hasta enfermedades intestinales","description":"\u00bfIntestinos sensibles, problemas intestinales? Pueden tener diversas causas y ser problemas intestinales agudos o cr\u00f3nicos.","robots":{"index":"index","follow":"follow","max-snippet":"max-snippet:-1","max-image-preview":"max-image-preview:large","max-video-preview":"max-video-preview:-1"},"canonical":"https:\/\/gezonde-darmflora.nl\/es\/problemas-intestinales\/","og_locale":"es_ES","og_type":"article","og_title":"Problemas intestinales: desde molestias en el intestino grueso y delgado hasta enfermedades intestinales","og_description":"\u00bfIntestinos sensibles, problemas intestinales? Pueden tener diversas causas y ser problemas intestinales agudos o cr\u00f3nicos.","og_url":"https:\/\/gezonde-darmflora.nl\/es\/problemas-intestinales\/","og_site_name":"Gezonde Darmflora","article_modified_time":"2025-01-27T15:18:22+00:00","twitter_card":"summary_large_image","twitter_misc":{"Tiempo de lectura":"5 minutos"},"schema":{"@context":"https:\/\/schema.org","@graph":[{"@type":"WebPage","@id":"https:\/\/gezonde-darmflora.nl\/es\/problemas-intestinales\/","url":"https:\/\/gezonde-darmflora.nl\/es\/problemas-intestinales\/","name":"Problemas intestinales: desde molestias en el intestino grueso y delgado hasta enfermedades intestinales","isPartOf":{"@id":"https:\/\/gezonde-darmflora.nl\/es\/#website"},"datePublished":"2020-07-17T07:16:46+00:00","dateModified":"2025-01-27T15:18:22+00:00","description":"\u00bfIntestinos sensibles, problemas intestinales? Pueden tener diversas causas y ser problemas intestinales agudos o cr\u00f3nicos.","breadcrumb":{"@id":"https:\/\/gezonde-darmflora.nl\/es\/problemas-intestinales\/#breadcrumb"},"inLanguage":"es","potentialAction":[{"@type":"ReadAction","target":["https:\/\/gezonde-darmflora.nl\/es\/problemas-intestinales\/"]}]},{"@type":"BreadcrumbList","@id":"https:\/\/gezonde-darmflora.nl\/es\/problemas-intestinales\/#breadcrumb","itemListElement":[{"@type":"ListItem","position":1,"name":"Home","item":"https:\/\/gezonde-darmflora.nl\/es\/"},{"@type":"ListItem","position":2,"name":"Problemas intestinales"}]},{"@type":"WebSite","@id":"https:\/\/gezonde-darmflora.nl\/es\/#website","url":"https:\/\/gezonde-darmflora.nl\/es\/","name":"Gezonde Darmflora","description":"Een gezonde &amp; natuurlijke darmflora","potentialAction":[{"@type":"SearchAction","target":{"@type":"EntryPoint","urlTemplate":"https:\/\/gezonde-darmflora.nl\/es\/?s={search_term_string}"},"query-input":{"@type":"PropertyValueSpecification","valueRequired":true,"valueName":"search_term_string"}}],"inLanguage":"es"}]}},"_links":{"self":[{"href":"https:\/\/gezonde-darmflora.nl\/es\/wp-json\/wp\/v2\/pages\/15223","targetHints":{"allow":["GET"]}}],"collection":[{"href":"https:\/\/gezonde-darmflora.nl\/es\/wp-json\/wp\/v2\/pages"}],"about":[{"href":"https:\/\/gezonde-darmflora.nl\/es\/wp-json\/wp\/v2\/types\/page"}],"author":[{"embeddable":true,"href":"https:\/\/gezonde-darmflora.nl\/es\/wp-json\/wp\/v2\/users\/4"}],"replies":[{"embeddable":true,"href":"https:\/\/gezonde-darmflora.nl\/es\/wp-json\/wp\/v2\/comments?post=15223"}],"version-history":[{"count":1,"href":"https:\/\/gezonde-darmflora.nl\/es\/wp-json\/wp\/v2\/pages\/15223\/revisions"}],"predecessor-version":[{"id":15227,"href":"https:\/\/gezonde-darmflora.nl\/es\/wp-json\/wp\/v2\/pages\/15223\/revisions\/15227"}],"wp:attachment":[{"href":"https:\/\/gezonde-darmflora.nl\/es\/wp-json\/wp\/v2\/media?parent=15223"}],"curies":[{"name":"wp","href":"https:\/\/api.w.org\/{rel}","templated":true}]}}