{"id":15101,"date":"2020-06-18T15:19:11","date_gmt":"2020-06-18T13:19:11","guid":{"rendered":"https:\/\/gezonde-darmflora.nl\/preguntas-mas-frecuentes\/"},"modified":"2025-01-27T16:18:06","modified_gmt":"2025-01-27T15:18:06","slug":"preguntas-mas-frecuentes","status":"publish","type":"page","link":"https:\/\/gezonde-darmflora.nl\/es\/preguntas-mas-frecuentes\/","title":{"rendered":"Preguntas m\u00e1s frecuentes"},"content":{"rendered":"<div class=\"wpb-content-wrapper\"><p>[vc_row full_width=\u00bbstretch_row_content_no_spaces\u00bb][vc_column]\r\n    <div class=\"page-title\">\r\n        <div class=\"container\">\r\n            <div class=\"row\">\r\n                <div class=\"col\">\r\n                    <h1>Preguntas y respuestas<\/h1>\r\n                <\/div>\r\n            <\/div>\r\n        <\/div>\r\n    <\/div>\r\n\r\n    [\/vc_column][\/vc_row][vc_row][vc_column][vc_column_text]\u00bfTu pregunta no aparece aqu\u00ed? Entonces hazla a trav\u00e9s <a href=\"https:\/\/gezonde-darmflora.nl\/es\/ponte-en-contacto-con\/\">del formulario de contacto<\/a> y a\u00f1adiremos la pregunta y la respuesta o recibir\u00e1s una respuesta personal.[\/vc_column_text][\/vc_column][\/vc_row][vc_section][vc_row][vc_column][vc_column_text]<\/p>\n<h3 style=\"text-align: center;\">Producto<\/h3>\n<p>[\/vc_column_text][vc_tta_accordion][vc_tta_section title=\u00bb\u00bfSe deben analizar mis propias heces en busca de bacterias antes del trasplante?\u00bb tab_id=\u00bb1595921155635-e38b0080-8721&#8243;][vc_column_text]No tienes por qu\u00e9 hacerlo. \u00bfQuieres saber qu\u00e9 te ha hecho el trasplante? Entonces puedes optar por adquirir un <a href=\"https:\/\/gezonde-darmflora.nl\/product\/df-testpakket-a\/\">kit de an\u00e1lisis de la flora intestinal<\/a>.[\/vc_column_text][\/vc_tta_section][vc_tta_section title=\u00bb\u00bfAyudar\u00e1 un trasplante a solucionar mis problemas?\u00bb tab_id=\u00bb1629115657893-21c4dedb-b452&#8243;][vc_column_text]Averigua si tus problemas pueden deberse a una flora intestinal alterada. Si existe una relaci\u00f3n entre ellos, un trasplante puede ayudarte.[\/vc_column_text][\/vc_tta_section][vc_tta_section title=\u00bb\u00bfSigues aliviado de Crohn y tienes que seguir tomando esas c\u00e1psulas?\u00bb tab_id=\u00bb1595921260885-1e0cb556-6724&#8243;][vc_column_text]Llevo sin medicarme desde finales de 2014. No he visto a ning\u00fan m\u00e9dico o doctor de MDL en los a\u00f1os transcurridos desde entonces, y tambi\u00e9n me complace no tener que pagar el copago del seguro m\u00e9dico. Tom\u00e9 otra raci\u00f3n de c\u00e1psulas de caca de mi primer donante despu\u00e9s de un a\u00f1o junto con mi primer grupo de prueba. Si alguna vez empiezo a notar que vuelvo a sentirme menos en forma o vuelvo a tener problemas con el est\u00f3mago y los movimientos intestinales, tomar\u00e9 otra raci\u00f3n de un nuevo donante (diferente).[\/vc_column_text][\/vc_tta_section][vc_tta_section title=\u00bb\u00bfSe puede volver a comer de todo despu\u00e9s de un trasplante de caca?\u00bb tab_id=\u00bb1595921323627-0745fdb9-446d\u00bb][vc_column_text]Mi primo, con diabetes 2, llevaba toda la ma\u00f1ana deseando comerse el Big Mac que le iban a dar despu\u00e9s&#8230;. Por ejemplo, si vas a hacer ejercicio de forma muy fan\u00e1tica, tambi\u00e9n debes descansar bien, comer bien y beber suficiente agua, de lo contrario una gran parte del trabajo realizado no habr\u00e1 servido para nada. Lo mismo ocurre con las bacterias intestinales. Tienes que seguir aliment\u00e1ndolas bien. Si comes sano, entonces s\u00ed que puedes comer de todo. Si comes de forma poco saludable, pide cita con un nutricionista. Si tienes una alergia alimentaria, \u00a1ten mucho cuidado con los alimentos que comes! Haz primero una prueba de intolerancia alimentaria como precauci\u00f3n.[\/vc_column_text][\/vc_tta_section][vc_tta_section title=\u00bb\u00bfPuedo dejar de tomar otros medicamentos inmediatamente?\u00bb tab_id=\u00bb1595921571530-ad663b16-0066&#8243;][vc_column_text]No soy m\u00e9dico ni doctor y no puedo aconsejar nada. Mi l\u00ednea de pensamiento cuando lo hice fue la siguiente: Mi cuerpo est\u00e1 siendo medicado por una mala flora intestinal. Ahora estoy tomando una flora intestinal sana. \u00bfDejo que luche contra mi mala flora intestinal o lucho contra mi mala flora intestinal y los medicamentos?[\/vc_column_text][\/vc_tta_section][vc_tta_section title=\u00bb\u00bfPor qu\u00e9 no puedo obtener una consulta?\u00bb tab_id=\u00bb1596458140402-84014fa1-3b70&#8243;][vc_column_text]No se nos permite aconsejar nada. Dado que los trasplantes de caca siguen siendo delicados en la comunidad m\u00e9dica, la responsabilidad recae enteramente en ti y se espera que investigues por tu cuenta.[\/vc_column_text][\/vc_tta_section][vc_tta_section title=\u00bb\u00bfPuedo presentar los cargos a mi caja de enfermedad?\u00bb tab_id=\u00bb1596458225344-f2f410dc-db28&#8243;][vc_column_text]No, no puedes. La caca no es medicina.[\/vc_column_text][\/vc_tta_section][\/vc_tta_accordion][\/vc_column][\/vc_row][\/vc_section][vc_section full_width=\u00bbstretch_row\u00bb el_class=\u00bbbg-green\u00bb][vc_row][vc_column][vc_column_text]<\/p>\n<h3 style=\"text-align: center;\">Donante<\/h3>\n<p>[\/vc_column_text][vc_tta_accordion][vc_tta_section title=\u00bb\u00bfC\u00f3mo s\u00e9 que el proceso (es decir, la investigaci\u00f3n sobre el donante) fue seguro y se comprob\u00f3 que no conten\u00eda las bacterias adecuadas? Tan fiable. \u00bb tab_id=\u00bb1595921802135-d6c57383-981d\u00bb][vc_column_text]Realizamos las pruebas seg\u00fan los requisitos del banco NDFB. Pero con un poco m\u00e1s de frecuencia, amplitud y rigor. Los resultados se discuten con nuestro m\u00e9dico. Si hay algo mal en la prueba (o en el cuestionario previo), NO se utiliza un donante. Los donantes que utilizamos han superado la prueba y se les vuelve a hacer la prueba de heces cada mes, o antes en caso de duda. La sangre se analiza cada 2 meses, o antes en caso de duda. Encontrar\u00e1s informaci\u00f3n sobre las pruebas que realizamos en el apartado \u00abdonante para la prueba de la flora <a href=\"https:\/\/gezonde-darmflora.nl\/darmflora-testen\/\">intestinal<\/a>\u00bb de la p\u00e1gina <a href=\"https:\/\/gezonde-darmflora.nl\/darmflora-testen\/\">sobre la prueba de la flora intestinal<\/a>.[\/vc_column_text][\/vc_tta_section][vc_tta_section title=\u00bb\u00bfC\u00f3mo sabes qu\u00e9 tipo de flora intestinal tienen tus donantes?\u00bb tab_id=\u00bb1595921802315-aa1a452e-115d\u00bb][vc_column_text css=\u00bb\u00bb]Eso es f\u00e1cil de comprobar con un informe sobre el microbioma. Puedes solicitarlo por Internet y la prueba cuesta unos 185 euros.[\/vc_column_text][\/vc_tta_section][vc_tta_section title=\u00bb\u00bfMi hijo o hija no puede ser donante?\u00bb tab_id=\u00bb1595921802367-c1a9d294-5897&#8243;][vc_column_text]Si en la familia del donante hay enfermedades relacionadas con el intestino, el donante ya se da de baja. Siempre estamos buscando donantes. Lee el blog <a href=\"https:\/\/gezonde-darmflora.nl\/es\/el-donante-ideal\/\">\u00abel donante ideal\u00bb<\/a> y la p\u00e1gina <a href=\"https:\/\/gezonde-darmflora.nl\/darmflora-testen\/\">de an\u00e1lisis de la flora<\/a> intestinal para obtener m\u00e1s informaci\u00f3n.[\/vc_column_text][\/vc_tta_section][vc_tta_section title=\u00bb\u00bfPuedo hacer yo mismo la prueba de un donante y fabricar p\u00edldoras a partir de esa persona?\u00bb tab_id=\u00bb1595921802418-b8eb7207-3c87&#8243;][vc_column_text]Nuestro coste para hacer la prueba a un donante es de unos 1.500 euros. Por desgracia, en la mayor\u00eda de los casos el m\u00e9dico de cabecera rechaza la prueba sanitaria. Si te la hacen, pierdes tu seguro m\u00e9dico de cotizaci\u00f3n. Si luego a\u00f1ades los costes adicionales de producci\u00f3n y materiales, acabas muy por encima de la cantidad que pedimos. Por otra parte, entendemos que un donante de confianza tambi\u00e9n puede estar bien y quiz\u00e1 tu donante (si vive en la zona del bulbo y tiene entre 18 y 30 a\u00f1os) pueda unirse a nosotros. <a href=\"https:\/\/gezonde-darmflora.nl\/es\/ponte-en-contacto-con\/\">Env\u00edanos un correo electr\u00f3nico<\/a> para conocer las posibilidades.[\/vc_column_text][\/vc_tta_section][vc_tta_section title=\u00bbMi mayor temor es la transmisi\u00f3n de enfermedades a trav\u00e9s del trasplante. \u00bfSabes si al donante tambi\u00e9n se le hacen pruebas del VIH y similares? \u00bb tab_id=\u00bb1595922171069-25ca0aec-0001&#8243;][vc_column_text]Por supuesto. Todo lo que comprobamos en los donantes se encuentra bajo el ep\u00edgrafe \u00abcomprobaci\u00f3n de la tripa del donante\u00bb, en la p\u00e1gina <a href=\"https:\/\/gezonde-darmflora.nl\/darmflora-testen\/\">de comprobaci\u00f3n de la tripa<\/a>. Utilizamos este cuestionario y las pruebas correspondientes. La energ\u00eda que tiene un donante es muy importante para nosotros, y tambi\u00e9n nos fijamos en la disciplina, la estabilidad, el entorno y el metabolismo. No olvides que el propio fundador se benefici\u00f3 de un trasplante de caca. Y que \u00e9l mismo tambi\u00e9n tiene inter\u00e9s en un buen donante, si fuera necesario.[\/vc_column_text][\/vc_tta_section][vc_tta_section title=\u00bb\u00bfMi marido no puede hacerse donante?\u00bb tab_id=\u00bb1596457997121-250563e8-296a\u00bb][vc_column_text]Esto es posible si no hay enfermedades intestinales en su familia. Si tu marido tiene m\u00e1s de 30 a\u00f1os, las probabilidades de par\u00e1sitos y similares aumentan. <a href=\"https:\/\/gezonde-darmflora.nl\/es\/ponte-en-contacto-con\/\">Env\u00edanos un correo electr\u00f3nico<\/a> para conocer las opciones.[\/vc_column_text][\/vc_tta_section][vc_tta_section title=\u00bbQuiero dar las gracias personalmente al donante, \u00bfes posible?\u00bb tab_id=\u00bb1615816756816-fd57e302-81cd\u00bb][vc_column_text]Mantenemos el anonimato de los donantes. Por supuesto, los donantes est\u00e1n muy implicados y leen sus correspondientes rese\u00f1as. <a href=\"https:\/\/gezonde-darmflora.nl\/es\/ponte-en-contacto-con\/\">Env\u00edanos por correo electr\u00f3nico<\/a> el formulario en el que te gustar\u00eda dar las gracias al donante y nos aseguraremos de que llegue al donante adecuado.[\/vc_column_text][\/vc_tta_section][\/vc_tta_accordion][\/vc_column][\/vc_row][\/vc_section][vc_section][vc_row][vc_column][vc_column_text]<\/p>\n<h3 style=\"text-align: center;\">Pedidos<\/h3>\n<p>[\/vc_column_text][vc_tta_accordion][vc_tta_section title=\u00bb\u00bfC\u00f3mo puedo hacer un pedido?\u00bb tab_id=\u00bb1595921021492-3bff8223-db6f\u00bb][vc_column_text]S\u00f3lo puedes hacer pedidos online en nuestra <a href=\"https:\/\/gezonde-darmflora.nl\/es\/tienda-2\/\">tienda<\/a>. En el apartado servicio al cliente\/pedido<a href=\"https:\/\/gezonde-darmflora.nl\/es\/pedidos-y-pagos\/\">y pago<\/a> encontrar\u00e1s el procedimiento.[\/vc_column_text][\/vc_tta_section][vc_tta_section title=\u00bb\u00bfC\u00f3mo pago mi pedido?\u00bb tab_id=\u00bb1595921021531-43c5ac71-caae\u00bb][vc_column_text]Nuestro sistema de pago te permite pagar a trav\u00e9s de los canales habituales. En el apartado servicio al cliente\/pedido<a href=\"https:\/\/gezonde-darmflora.nl\/es\/pedidos-y-pagos\/\">y pago<\/a> encontrar\u00e1s el procedimiento.[\/vc_column_text][\/vc_tta_section][vc_tta_section title=\u00bbQuiero pedir una caja extragrande, \u00bfd\u00f3nde puedo especificarlo?\u00bb tab_id=\u00bb1623144409192-dfe7ad53-c7ea\u00bb][vc_column_text]Enviamos en cajas est\u00e1ndar los lunes. Si quieres llev\u00e1rtelo m\u00e1s tarde del jueves, p\u00eddelo y a\u00f1ade hielo seco t\u00fa mismo. Si tienes alguna petici\u00f3n especial, env\u00edanos un correo electr\u00f3nico.[\/vc_column_text][\/vc_tta_section][vc_tta_section title=\u00bbHe cambiado de opini\u00f3n y quiero anular el pedido, \u00bfpuedo hacerlo?\u00bb tab_id=\u00bb1596458301367-a219d866-4e1f\u00bb][vc_column_text]Puedes hacerlo hasta con 24 horas de antelaci\u00f3n. Hasta el domingo a las 16.59, puedes entrar en nuestro sistema y cancelar tu pedido, el importe del pedido se reembolsar\u00e1 autom\u00e1ticamente.[\/vc_column_text][\/vc_tta_section][\/vc_tta_accordion][\/vc_column][\/vc_row][\/vc_section][vc_section full_width=\u00bbstretch_row\u00bb el_class=\u00bbbg-green\u00bb][vc_row][vc_column][vc_column_text]<\/p>\n<h3 style=\"text-align: center;\">Entrega<\/h3>\n<p>[\/vc_column_text][vc_tta_accordion][vc_tta_section title=\u00bb\u00bfPor qu\u00e9 no puedo recibir la entrega en fin de semana?\u00bb tab_id=\u00bb1595921940430-615e3c4c-c4eb\u00bb][vc_column_text]S\u00f3lo realizamos env\u00edos los lunes con servicio de entrega antes del mediod\u00eda. Por desgracia, siempre hay retrasos. Para Holanda, tenemos una caja de hielo seco de 8,5 kilos. B\u00e1sicamente, es suficiente hielo seco para cubrir el producto hasta el jueves.<\/p>\n<p>[\/vc_column_text][\/vc_tta_section][vc_tta_section title=\u00bbPor causas de fuerza mayor, no estoy en casa el d\u00eda de la entrega de mi producto. \u00bfPuedo aplazar la fecha de entrega? \u00bb tab_id=\u00bb1596458259218-0943e7cf-fbe0&#8243;][vc_column_text]Puedes hacerlo hasta con 24 horas de antelaci\u00f3n. Hasta el domingo a las 16.59, puedes entrar en nuestro sistema y cambiar la fecha de entrega.[\/vc_column_text][\/vc_tta_section][vc_tta_section title=\u00bbNo vivo en Holanda. \u00bfPuedo recibirlo tambi\u00e9n en el extranjero? \u00bb tab_id=\u00bb1615816166769-07b0b0ad-05bf\u00bb][vc_column_text css=\u00bb\u00bb]Hacemos entregas dentro y fuera de la UE. \u00a1Incluso en pa\u00edses como Inglaterra o Estados Unidos![\/vc_column_text][\/vc_tta_section][\/vc_tta_accordion][\/vc_column][\/vc_row][\/vc_section][vc_section full_width=\u00bbstretch_row\u00bb][vc_row][vc_column][vc_column_text]<\/p>\n<h3 style=\"text-align: center;\">Devuelve<\/h3>\n<p>[\/vc_column_text][vc_tta_accordion][vc_tta_section title=\u00bb\u00bfPor qu\u00e9 no puedo devolver un producto?\u00bb tab_id=\u00bb1593695258254-fecb5ba2-0d01&#8243;][vc_column_text]Despu\u00e9s de descongelar las c\u00e1psulas, ya no es posible volver a congelarlas. Para los productos en los que la higiene es importante, estos productos no pueden devolverse por razones de protecci\u00f3n de la salud si el precinto se ha roto despu\u00e9s de la entrega.[\/vc_column_text][\/vc_tta_section][\/vc_tta_accordion][\/vc_column][\/vc_row][\/vc_section][vc_row][vc_column]<div class=\"eye_empty_space pt-md-5 pb-md-5   pt-4 pb-4\"><\/div>[vc_column_text]<\/p>\n<h3 style=\"text-align: center;\">\u00bfNo has encontrado lo que buscabas?<\/h3>\n<p style=\"text-align: center;\"><a class=\"btn btn-link\" href=\"https:\/\/gezonde-darmflora.nl\/es\/ponte-en-contacto-con\/\">Contacta con nosotros<\/a><\/p>\n<p>[\/vc_column_text][\/vc_column][\/vc_row]<\/p>\n<\/div>","protected":false},"excerpt":{"rendered":"<p>[vc_row full_width=\u00bbstretch_row_content_no_spaces\u00bb][vc_column][\/vc_column][\/vc_row][vc_row][vc_column][vc_column_text]\u00bfTu pregunta no aparece aqu\u00ed? Entonces hazla a trav\u00e9s del formulario de contacto y a\u00f1adiremos la pregunta y la respuesta o recibir\u00e1s una respuesta personal.[\/vc_column_text][\/vc_column][\/vc_row][vc_section][vc_row][vc_column][vc_column_text] Producto [\/vc_column_text][vc_tta_accordion][vc_tta_section title=\u00bb\u00bfSe deben analizar mis propias heces en busca de bacterias antes del trasplante?\u00bb tab_id=\u00bb1595921155635-e38b0080-8721&#8243;][vc_column_text]No tienes por qu\u00e9 hacerlo. \u00bfQuieres saber qu\u00e9 te ha hecho el trasplante? Entonces\u2026 <a href=\"https:\/\/gezonde-darmflora.nl\/es\/preguntas-mas-frecuentes\/\">Leer m\u00e1s &raquo;<\/a><\/p>\n","protected":false},"author":1,"featured_media":0,"parent":0,"menu_order":0,"comment_status":"closed","ping_status":"closed","template":"","meta":{"_acf_changed":false,"footnotes":""},"class_list":["post-15101","page","type-page","status-publish","hentry"],"acf":[],"yoast_head":"<!-- This site is optimized with the Yoast SEO plugin v27.1.1 - https:\/\/yoast.com\/product\/yoast-seo-wordpress\/ -->\n<title>Preguntas m\u00e1s frecuentes &#8211; Gezonde Darmflora<\/title>\n<meta name=\"robots\" content=\"index, follow, max-snippet:-1, max-image-preview:large, max-video-preview:-1\" \/>\n<link rel=\"canonical\" href=\"https:\/\/gezonde-darmflora.nl\/es\/preguntas-mas-frecuentes\/\" \/>\n<meta property=\"og:locale\" content=\"es_ES\" \/>\n<meta property=\"og:type\" content=\"article\" \/>\n<meta property=\"og:title\" content=\"Preguntas m\u00e1s frecuentes &#8211; Gezonde Darmflora\" \/>\n<meta property=\"og:description\" content=\"[vc_row full_width=\u00bbstretch_row_content_no_spaces\u00bb][vc_column][\/vc_column][\/vc_row][vc_row][vc_column][vc_column_text]\u00bfTu pregunta no aparece aqu\u00ed? Entonces hazla a trav\u00e9s del formulario de contacto y a\u00f1adiremos la pregunta y la respuesta o recibir\u00e1s una respuesta personal.[\/vc_column_text][\/vc_column][\/vc_row][vc_section][vc_row][vc_column][vc_column_text] Producto [\/vc_column_text][vc_tta_accordion][vc_tta_section title=\u00bb\u00bfSe deben analizar mis propias heces en busca de bacterias antes del trasplante?\u00bb tab_id=\u00bb1595921155635-e38b0080-8721&#8243;][vc_column_text]No tienes por qu\u00e9 hacerlo. \u00bfQuieres saber qu\u00e9 te ha hecho el trasplante? Entonces\u2026 Leer m\u00e1s &raquo;\" \/>\n<meta property=\"og:url\" content=\"https:\/\/gezonde-darmflora.nl\/es\/preguntas-mas-frecuentes\/\" \/>\n<meta property=\"og:site_name\" content=\"Gezonde Darmflora\" \/>\n<meta property=\"article:modified_time\" content=\"2025-01-27T15:18:06+00:00\" \/>\n<meta name=\"twitter:card\" content=\"summary_large_image\" \/>\n<meta name=\"twitter:label1\" content=\"Tiempo de lectura\" \/>\n\t<meta name=\"twitter:data1\" content=\"10 minutos\" \/>\n<script type=\"application\/ld+json\" class=\"yoast-schema-graph\">{\"@context\":\"https:\/\/schema.org\",\"@graph\":[{\"@type\":\"WebPage\",\"@id\":\"https:\/\/gezonde-darmflora.nl\/es\/preguntas-mas-frecuentes\/\",\"url\":\"https:\/\/gezonde-darmflora.nl\/es\/preguntas-mas-frecuentes\/\",\"name\":\"Preguntas m\u00e1s frecuentes &#8211; Gezonde Darmflora\",\"isPartOf\":{\"@id\":\"https:\/\/gezonde-darmflora.nl\/es\/#website\"},\"datePublished\":\"2020-06-18T13:19:11+00:00\",\"dateModified\":\"2025-01-27T15:18:06+00:00\",\"breadcrumb\":{\"@id\":\"https:\/\/gezonde-darmflora.nl\/es\/preguntas-mas-frecuentes\/#breadcrumb\"},\"inLanguage\":\"es\",\"potentialAction\":[{\"@type\":\"ReadAction\",\"target\":[\"https:\/\/gezonde-darmflora.nl\/es\/preguntas-mas-frecuentes\/\"]}]},{\"@type\":\"BreadcrumbList\",\"@id\":\"https:\/\/gezonde-darmflora.nl\/es\/preguntas-mas-frecuentes\/#breadcrumb\",\"itemListElement\":[{\"@type\":\"ListItem\",\"position\":1,\"name\":\"Home\",\"item\":\"https:\/\/gezonde-darmflora.nl\/es\/\"},{\"@type\":\"ListItem\",\"position\":2,\"name\":\"Preguntas m\u00e1s frecuentes\"}]},{\"@type\":\"WebSite\",\"@id\":\"https:\/\/gezonde-darmflora.nl\/es\/#website\",\"url\":\"https:\/\/gezonde-darmflora.nl\/es\/\",\"name\":\"Gezonde Darmflora\",\"description\":\"Een gezonde &amp; natuurlijke darmflora\",\"potentialAction\":[{\"@type\":\"SearchAction\",\"target\":{\"@type\":\"EntryPoint\",\"urlTemplate\":\"https:\/\/gezonde-darmflora.nl\/es\/?s={search_term_string}\"},\"query-input\":{\"@type\":\"PropertyValueSpecification\",\"valueRequired\":true,\"valueName\":\"search_term_string\"}}],\"inLanguage\":\"es\"}]}<\/script>\n<!-- \/ Yoast SEO plugin. -->","yoast_head_json":{"title":"Preguntas m\u00e1s frecuentes &#8211; Gezonde Darmflora","robots":{"index":"index","follow":"follow","max-snippet":"max-snippet:-1","max-image-preview":"max-image-preview:large","max-video-preview":"max-video-preview:-1"},"canonical":"https:\/\/gezonde-darmflora.nl\/es\/preguntas-mas-frecuentes\/","og_locale":"es_ES","og_type":"article","og_title":"Preguntas m\u00e1s frecuentes &#8211; Gezonde Darmflora","og_description":"[vc_row full_width=\u00bbstretch_row_content_no_spaces\u00bb][vc_column][\/vc_column][\/vc_row][vc_row][vc_column][vc_column_text]\u00bfTu pregunta no aparece aqu\u00ed? Entonces hazla a trav\u00e9s del formulario de contacto y a\u00f1adiremos la pregunta y la respuesta o recibir\u00e1s una respuesta personal.[\/vc_column_text][\/vc_column][\/vc_row][vc_section][vc_row][vc_column][vc_column_text] Producto [\/vc_column_text][vc_tta_accordion][vc_tta_section title=\u00bb\u00bfSe deben analizar mis propias heces en busca de bacterias antes del trasplante?\u00bb tab_id=\u00bb1595921155635-e38b0080-8721&#8243;][vc_column_text]No tienes por qu\u00e9 hacerlo. \u00bfQuieres saber qu\u00e9 te ha hecho el trasplante? Entonces\u2026 Leer m\u00e1s &raquo;","og_url":"https:\/\/gezonde-darmflora.nl\/es\/preguntas-mas-frecuentes\/","og_site_name":"Gezonde Darmflora","article_modified_time":"2025-01-27T15:18:06+00:00","twitter_card":"summary_large_image","twitter_misc":{"Tiempo de lectura":"10 minutos"},"schema":{"@context":"https:\/\/schema.org","@graph":[{"@type":"WebPage","@id":"https:\/\/gezonde-darmflora.nl\/es\/preguntas-mas-frecuentes\/","url":"https:\/\/gezonde-darmflora.nl\/es\/preguntas-mas-frecuentes\/","name":"Preguntas m\u00e1s frecuentes &#8211; Gezonde Darmflora","isPartOf":{"@id":"https:\/\/gezonde-darmflora.nl\/es\/#website"},"datePublished":"2020-06-18T13:19:11+00:00","dateModified":"2025-01-27T15:18:06+00:00","breadcrumb":{"@id":"https:\/\/gezonde-darmflora.nl\/es\/preguntas-mas-frecuentes\/#breadcrumb"},"inLanguage":"es","potentialAction":[{"@type":"ReadAction","target":["https:\/\/gezonde-darmflora.nl\/es\/preguntas-mas-frecuentes\/"]}]},{"@type":"BreadcrumbList","@id":"https:\/\/gezonde-darmflora.nl\/es\/preguntas-mas-frecuentes\/#breadcrumb","itemListElement":[{"@type":"ListItem","position":1,"name":"Home","item":"https:\/\/gezonde-darmflora.nl\/es\/"},{"@type":"ListItem","position":2,"name":"Preguntas m\u00e1s frecuentes"}]},{"@type":"WebSite","@id":"https:\/\/gezonde-darmflora.nl\/es\/#website","url":"https:\/\/gezonde-darmflora.nl\/es\/","name":"Gezonde Darmflora","description":"Een gezonde &amp; natuurlijke darmflora","potentialAction":[{"@type":"SearchAction","target":{"@type":"EntryPoint","urlTemplate":"https:\/\/gezonde-darmflora.nl\/es\/?s={search_term_string}"},"query-input":{"@type":"PropertyValueSpecification","valueRequired":true,"valueName":"search_term_string"}}],"inLanguage":"es"}]}},"_links":{"self":[{"href":"https:\/\/gezonde-darmflora.nl\/es\/wp-json\/wp\/v2\/pages\/15101","targetHints":{"allow":["GET"]}}],"collection":[{"href":"https:\/\/gezonde-darmflora.nl\/es\/wp-json\/wp\/v2\/pages"}],"about":[{"href":"https:\/\/gezonde-darmflora.nl\/es\/wp-json\/wp\/v2\/types\/page"}],"author":[{"embeddable":true,"href":"https:\/\/gezonde-darmflora.nl\/es\/wp-json\/wp\/v2\/users\/1"}],"replies":[{"embeddable":true,"href":"https:\/\/gezonde-darmflora.nl\/es\/wp-json\/wp\/v2\/comments?post=15101"}],"version-history":[{"count":6,"href":"https:\/\/gezonde-darmflora.nl\/es\/wp-json\/wp\/v2\/pages\/15101\/revisions"}],"predecessor-version":[{"id":15138,"href":"https:\/\/gezonde-darmflora.nl\/es\/wp-json\/wp\/v2\/pages\/15101\/revisions\/15138"}],"wp:attachment":[{"href":"https:\/\/gezonde-darmflora.nl\/es\/wp-json\/wp\/v2\/media?parent=15101"}],"curies":[{"name":"wp","href":"https:\/\/api.w.org\/{rel}","templated":true}]}}