{"id":15083,"date":"2020-06-18T15:18:48","date_gmt":"2020-06-18T13:18:48","guid":{"rendered":"https:\/\/gezonde-darmflora.nl\/sobre-nosotros\/"},"modified":"2025-01-27T16:17:56","modified_gmt":"2025-01-27T15:17:56","slug":"sobre-nosotros","status":"publish","type":"page","link":"https:\/\/gezonde-darmflora.nl\/es\/sobre-nosotros\/","title":{"rendered":"Sobre nosotros"},"content":{"rendered":"<div class=\"wpb-content-wrapper\"><p>[vc_row full_width=\u00bbstretch_row_content_no_spaces\u00bb][vc_column]\r\n    <div class=\"page-title\">\r\n        <div class=\"container\">\r\n            <div class=\"row\">\r\n                <div class=\"col\">\r\n                    <h1>Acerca de Gezonde-Darmflora.nl<\/h1>\r\n                <\/div>\r\n            <\/div>\r\n        <\/div>\r\n    <\/div>\r\n\r\n    [\/vc_column][\/vc_row][vc_row equal_height=\u00bbyes\u00bb][vc_column width=\u00bb1\/4&#8243; el_class=\u00bbd-flex align-items-center\u00bb]\r\n    <div class=\"blob-image-wrap\">\r\n        <img decoding=\"async\" src=\"https:\/\/gezonde-darmflora.nl\/wp-content\/uploads\/2020\/06\/marco-kleijn-746x1024.jpg\">\r\n    <\/div>\r\n    <p class=\"blob-image__caption\"><\/p>\r\n\r\n    [\/vc_column][vc_column width=\u00bb3\/4&#8243;][vc_column_text]Gezonde-Darmflora.nl fue fundada por Marco Kleijn. Experto por experiencia en el campo de los trasplantes de caca en c\u00e1psula. \u00c9l mismo contrajo <strong>la enfermedad de Crohn<\/strong> a los diecinueve a\u00f1os, justo antes de debutar en el f\u00fatbol profesional en 1993. Suplic\u00f3 a su m\u00e9dico que le extirpara el trozo de intestino enfermo (cosa que no ocurri\u00f3) y se puso a la cola de todos los nuevos medicamentos \u00abpotenciales\u00bb para su enfermedad (cosa que no sirvi\u00f3 de nada). Cualquier cosa con tal de lograr su objetivo de convertirse en futbolista profesional. Pero su sue\u00f1o acab\u00f3 siendo abordado por esta enfermedad. A pesar de todo, sigui\u00f3 haciendo ejercicio y ajustando su dieta para tener la enfermedad razonablemente bajo control. Pero saber que tendr\u00eda que tomar medicaci\u00f3n el resto de su vida, no le apetec\u00eda nada. Tras descubrir, investigar y realizar de forma independiente el fen\u00f3meno del <a href=\"https:\/\/gezonde-darmflora.nl\/es\/la-teoria-fmt\/\"><strong>trasplante de caca<\/strong><\/a>sinti\u00f3 inmediatamente m\u00e1s energ\u00eda en su cuerpo al d\u00eda siguiente. Su m\u00e9dico de MDL, que junto con su equipo estaba muy entusiasmado con este trasplante de antemano, lo dio de baja al cabo de un mes (en el a\u00f1o 2015). Toda la inflamaci\u00f3n hab\u00eda desaparecido de su cuerpo. A d\u00eda de hoy, no ha vuelto a saber nada de su m\u00e9dico del MDL. Marco no contaba con el apoyo de los organismos oficiales, ya que hab\u00eda actuado sin m\u00e9dico. Saber que veintiocho a\u00f1os despu\u00e9s, un nuevo paciente de crohn sigue teniendo que pasar por el mismo molino m\u00e9dico es una patada en los dientes para Marco. Si entonces se hubiera sometido a un trasplante de caca, habr\u00eda tenido una oportunidad justa de desarrollar su carrera. Con una soluci\u00f3n natural tan sencilla al alcance de la mano, \u00bfqui\u00e9n sabe cu\u00e1ntas vidas se ver\u00e1n ahora innecesariamente trastornadas por esta enfermedad?[\/vc_column_text][\/vc_column][\/vc_row][vc_row][vc_column]<div class=\"eye_empty_space pt-md-4 pb-md-4   pt-3 pb-3\"><\/div>[vc_column_text]Marco dise\u00f1\u00f3 \u00e9l mismo el m\u00e9todo de la c\u00e1psula en el a\u00f1o 2014. Con la ventaja de que pudo recurrir a un amigo farmac\u00e9utico para obtener materiales, ayuda y asesoramiento. Dio un tratamiento gratuito a un grupo de prueba voluntario, del que <strong>el 75% obtuvo un resultado positivo<\/strong>. Despu\u00e9s de que estos resultados se obtuvieran tambi\u00e9n en el siguiente grupo, Marco empez\u00f3 a buscar donantes m\u00faltiples. Cree que si un tipo de flora intestinal fracasa, a\u00fan hay una oportunidad con un tratamiento de otro tipo de flora intestinal. En la primera persona en la que se prob\u00f3 esto, esta teor\u00eda tambi\u00e9n demostr\u00f3 estar bien fundamentada. Pudo empezar a buscar donantes m\u00faltiples gracias a la ayuda econ\u00f3mica de un amigo. Entretanto, tiene un equipo detr\u00e1s que incluye: un m\u00e9dico generalista, un farmac\u00e9utico, un laboratorio de sangre, un laboratorio fecal, un natur\u00f3pata y j\u00f3venes donantes sanos. Marco no es m\u00e9dico ni facultativo y nunca sustituir\u00e1 a los profesionales m\u00e9dicos o sanitarios. Nunca dar\u00e1 consejos m\u00e9dicos ni har\u00e1 diagn\u00f3sticos m\u00e9dicos.           <strong>Por tanto, los contactos se reducir\u00e1n al m\u00ednimo.<\/strong><\/p>\n<blockquote><p>El antiguo fen\u00f3meno de los \u00abtrasplantes de caca\u00bb a\u00fan no se ha demostrado \u00abcl\u00ednicamente\u00bb.<\/p><\/blockquote>\n<p>  Adem\u00e1s de su propia experiencia positiva, los resultados en un grupo de prueba voluntario y los comentarios de personas que pasaron por el mismo proceso, Marco habl\u00f3 con m\u00e9dicos, t\u00e9cnicos de laboratorio, terapeutas ortomoleculares, farmac\u00e9uticos y un especialista en respiraci\u00f3n.[\/vc_column_text][\/vc_column][\/vc_row][vc_row][vc_column]<div class=\"eye_empty_space pt-md-4 pb-md-4   pt-3 pb-3\"><\/div>[vc_column_text]<\/p>\n<h2>Lee nuestros \u00faltimos art\u00edculos<\/h2>\n<p>[\/vc_column_text]\r\n    <div class=\"blog-carousel\">\r\n        \r\n            <div class=\"carousel-cell\">\r\n                <a href=\"https:\/\/gezonde-darmflora.nl\/es\/hacer-caca-contra-las-enfermedades-la-flora-intestinal-afecta-a-todo-tu-cuerpo\/\">\r\n                    <div class=\"blog-card\" style=\"background-image: url('https:\/\/gezonde-darmflora.nl\/wp-content\/uploads\/2023\/08\/rtlnieuws-1024x604.png')\">\r\n                        <div class=\"blog-card-container\">\r\n                            <span>Blog<\/span>\r\n                            <h3>Hacer caca contra las enfermedades: \u00abLa flora intestinal afecta a todo tu cuerpo<\/h3>\r\n                        <\/div>\r\n                        <div class=\"blog-card__button svg-btn svg-btn-darkgreen\">\r\n                            <svg xmlns=\"http:\/\/www.w3.org\/2000\/svg\" width=\"50\" height=\"50\" viewBox=\"0 0 55 50\"><defs><\/defs><g id=\"Layer_2\" data-name=\"Layer 2\"><g id=\"Layer_1-2\" data-name=\"Layer 1\"><path width=\"100%\" height=\"100%\" class=\"anime\" d=\"M1.16,31.86C5.61,44.26,19.3,52,32.23,49.6C40.23,48.11,48.89,42.33,51.61,34.400000000000006C53.61,28.510000000000005,51.839999999999996,22.550000000000004,49.23,17.210000000000004C46.23,10.990000000000006,43.06999999999999,4.210000000000004,36.29,1.270000000000005C31,-1,24.8,0,19.64,2.49A45,45,0,0,0,10.57,8.66C8.39,10.5,5.430000000000001,12.280000000000001,3.6400000000000006,14.46C-0.3,19.28,-0.9,26.13,1.16,31.86Z\"\/><\/g><\/g><\/svg>\r\n                            <i class=\"far fa-long-arrow-alt-right\"><\/i>\r\n                        <\/div>\r\n                    <\/div>\r\n                <\/a>\r\n            <\/div>\r\n\r\n        \r\n            <div class=\"carousel-cell\">\r\n                <a href=\"https:\/\/gezonde-darmflora.nl\/es\/hablar-con-un-especialista-respiratorio\/\">\r\n                    <div class=\"blog-card\" style=\"background-image: url('https:\/\/gezonde-darmflora.nl\/wp-content\/uploads\/2020\/06\/ademhaling-1024x622.jpg')\">\r\n                        <div class=\"blog-card-container\">\r\n                            <span>Blog<\/span>\r\n                            <h3>Hablar con un especialista respiratorio<\/h3>\r\n                        <\/div>\r\n                        <div class=\"blog-card__button svg-btn svg-btn-darkgreen\">\r\n                            <svg xmlns=\"http:\/\/www.w3.org\/2000\/svg\" width=\"50\" height=\"50\" viewBox=\"0 0 55 50\"><defs><\/defs><g id=\"Layer_2\" data-name=\"Layer 2\"><g id=\"Layer_1-2\" data-name=\"Layer 1\"><path width=\"100%\" height=\"100%\" class=\"anime\" d=\"M1.16,31.86C5.61,44.26,19.3,52,32.23,49.6C40.23,48.11,48.89,42.33,51.61,34.400000000000006C53.61,28.510000000000005,51.839999999999996,22.550000000000004,49.23,17.210000000000004C46.23,10.990000000000006,43.06999999999999,4.210000000000004,36.29,1.270000000000005C31,-1,24.8,0,19.64,2.49A45,45,0,0,0,10.57,8.66C8.39,10.5,5.430000000000001,12.280000000000001,3.6400000000000006,14.46C-0.3,19.28,-0.9,26.13,1.16,31.86Z\"\/><\/g><\/g><\/svg>\r\n                            <i class=\"far fa-long-arrow-alt-right\"><\/i>\r\n                        <\/div>\r\n                    <\/div>\r\n                <\/a>\r\n            <\/div>\r\n\r\n        \r\n            <div class=\"carousel-cell\">\r\n                <a href=\"https:\/\/gezonde-darmflora.nl\/es\/el-donante-ideal\/\">\r\n                    <div class=\"blog-card\" style=\"background-image: url('https:\/\/gezonde-darmflora.nl\/wp-content\/uploads\/2020\/06\/poepdonor.jpg')\">\r\n                        <div class=\"blog-card-container\">\r\n                            <span>Blog<\/span>\r\n                            <h3>El donante ideal<\/h3>\r\n                        <\/div>\r\n                        <div class=\"blog-card__button svg-btn svg-btn-darkgreen\">\r\n                            <svg xmlns=\"http:\/\/www.w3.org\/2000\/svg\" width=\"50\" height=\"50\" viewBox=\"0 0 55 50\"><defs><\/defs><g id=\"Layer_2\" data-name=\"Layer 2\"><g id=\"Layer_1-2\" data-name=\"Layer 1\"><path width=\"100%\" height=\"100%\" class=\"anime\" d=\"M1.16,31.86C5.61,44.26,19.3,52,32.23,49.6C40.23,48.11,48.89,42.33,51.61,34.400000000000006C53.61,28.510000000000005,51.839999999999996,22.550000000000004,49.23,17.210000000000004C46.23,10.990000000000006,43.06999999999999,4.210000000000004,36.29,1.270000000000005C31,-1,24.8,0,19.64,2.49A45,45,0,0,0,10.57,8.66C8.39,10.5,5.430000000000001,12.280000000000001,3.6400000000000006,14.46C-0.3,19.28,-0.9,26.13,1.16,31.86Z\"\/><\/g><\/g><\/svg>\r\n                            <i class=\"far fa-long-arrow-alt-right\"><\/i>\r\n                        <\/div>\r\n                    <\/div>\r\n                <\/a>\r\n            <\/div>\r\n\r\n            <\/div>\r\n\r\n    [\/vc_column][\/vc_row]<\/p>\n<\/div>","protected":false},"excerpt":{"rendered":"<p>[vc_row full_width=\u00bbstretch_row_content_no_spaces\u00bb][vc_column][\/vc_column][\/vc_row][vc_row equal_height=\u00bbyes\u00bb][vc_column width=\u00bb1\/4&#8243; el_class=\u00bbd-flex align-items-center\u00bb][\/vc_column][vc_column width=\u00bb3\/4&#8243;][vc_column_text]Gezonde-Darmflora.nl fue fundada por Marco Kleijn. Experto por experiencia en el campo de los trasplantes de caca en c\u00e1psula. \u00c9l mismo contrajo la enfermedad de Crohn a los diecinueve a\u00f1os, justo antes de debutar en el f\u00fatbol profesional en 1993. Suplic\u00f3 a su m\u00e9dico que le extirpara el trozo\u2026 <a href=\"https:\/\/gezonde-darmflora.nl\/es\/el-donante-ideal\/\">Leer m\u00e1s &raquo;<\/a><\/p>\n","protected":false},"author":1,"featured_media":0,"parent":0,"menu_order":0,"comment_status":"closed","ping_status":"closed","template":"","meta":{"_acf_changed":false,"footnotes":""},"class_list":["post-15083","page","type-page","status-publish","hentry"],"acf":[],"yoast_head":"<!-- This site is optimized with the Yoast SEO plugin v27.1.1 - https:\/\/yoast.com\/product\/yoast-seo-wordpress\/ -->\n<title>Sobre nosotros &#8211; Gezonde Darmflora<\/title>\n<meta name=\"robots\" content=\"index, follow, max-snippet:-1, max-image-preview:large, max-video-preview:-1\" \/>\n<link rel=\"canonical\" href=\"https:\/\/gezonde-darmflora.nl\/es\/sobre-nosotros\/\" \/>\n<meta property=\"og:locale\" content=\"es_ES\" \/>\n<meta property=\"og:type\" content=\"article\" \/>\n<meta property=\"og:title\" content=\"Sobre nosotros &#8211; Gezonde Darmflora\" \/>\n<meta property=\"og:description\" content=\"[vc_row full_width=\u00bbstretch_row_content_no_spaces\u00bb][vc_column][\/vc_column][\/vc_row][vc_row equal_height=\u00bbyes\u00bb][vc_column width=\u00bb1\/4&#8243; el_class=\u00bbd-flex align-items-center\u00bb][\/vc_column][vc_column width=\u00bb3\/4&#8243;][vc_column_text]Gezonde-Darmflora.nl fue fundada por Marco Kleijn. Experto por experiencia en el campo de los trasplantes de caca en c\u00e1psula. \u00c9l mismo contrajo la enfermedad de Crohn a los diecinueve a\u00f1os, justo antes de debutar en el f\u00fatbol profesional en 1993. Suplic\u00f3 a su m\u00e9dico que le extirpara el trozo\u2026 Leer m\u00e1s &raquo;\" \/>\n<meta property=\"og:url\" content=\"https:\/\/gezonde-darmflora.nl\/es\/sobre-nosotros\/\" \/>\n<meta property=\"og:site_name\" content=\"Gezonde Darmflora\" \/>\n<meta property=\"article:modified_time\" content=\"2025-01-27T15:17:56+00:00\" \/>\n<meta name=\"twitter:card\" content=\"summary_large_image\" \/>\n<meta name=\"twitter:label1\" content=\"Tiempo de lectura\" \/>\n\t<meta name=\"twitter:data1\" content=\"3 minutos\" \/>\n<script type=\"application\/ld+json\" class=\"yoast-schema-graph\">{\"@context\":\"https:\/\/schema.org\",\"@graph\":[{\"@type\":\"WebPage\",\"@id\":\"https:\/\/gezonde-darmflora.nl\/es\/sobre-nosotros\/\",\"url\":\"https:\/\/gezonde-darmflora.nl\/es\/sobre-nosotros\/\",\"name\":\"Sobre nosotros &#8211; Gezonde Darmflora\",\"isPartOf\":{\"@id\":\"https:\/\/gezonde-darmflora.nl\/es\/#website\"},\"datePublished\":\"2020-06-18T13:18:48+00:00\",\"dateModified\":\"2025-01-27T15:17:56+00:00\",\"breadcrumb\":{\"@id\":\"https:\/\/gezonde-darmflora.nl\/es\/sobre-nosotros\/#breadcrumb\"},\"inLanguage\":\"es\",\"potentialAction\":[{\"@type\":\"ReadAction\",\"target\":[\"https:\/\/gezonde-darmflora.nl\/es\/sobre-nosotros\/\"]}]},{\"@type\":\"BreadcrumbList\",\"@id\":\"https:\/\/gezonde-darmflora.nl\/es\/sobre-nosotros\/#breadcrumb\",\"itemListElement\":[{\"@type\":\"ListItem\",\"position\":1,\"name\":\"Home\",\"item\":\"https:\/\/gezonde-darmflora.nl\/es\/\"},{\"@type\":\"ListItem\",\"position\":2,\"name\":\"Sobre nosotros\"}]},{\"@type\":\"WebSite\",\"@id\":\"https:\/\/gezonde-darmflora.nl\/es\/#website\",\"url\":\"https:\/\/gezonde-darmflora.nl\/es\/\",\"name\":\"Gezonde Darmflora\",\"description\":\"Een gezonde &amp; natuurlijke darmflora\",\"potentialAction\":[{\"@type\":\"SearchAction\",\"target\":{\"@type\":\"EntryPoint\",\"urlTemplate\":\"https:\/\/gezonde-darmflora.nl\/es\/?s={search_term_string}\"},\"query-input\":{\"@type\":\"PropertyValueSpecification\",\"valueRequired\":true,\"valueName\":\"search_term_string\"}}],\"inLanguage\":\"es\"}]}<\/script>\n<!-- \/ Yoast SEO plugin. -->","yoast_head_json":{"title":"Sobre nosotros &#8211; Gezonde Darmflora","robots":{"index":"index","follow":"follow","max-snippet":"max-snippet:-1","max-image-preview":"max-image-preview:large","max-video-preview":"max-video-preview:-1"},"canonical":"https:\/\/gezonde-darmflora.nl\/es\/sobre-nosotros\/","og_locale":"es_ES","og_type":"article","og_title":"Sobre nosotros &#8211; Gezonde Darmflora","og_description":"[vc_row full_width=\u00bbstretch_row_content_no_spaces\u00bb][vc_column][\/vc_column][\/vc_row][vc_row equal_height=\u00bbyes\u00bb][vc_column width=\u00bb1\/4&#8243; el_class=\u00bbd-flex align-items-center\u00bb][\/vc_column][vc_column width=\u00bb3\/4&#8243;][vc_column_text]Gezonde-Darmflora.nl fue fundada por Marco Kleijn. Experto por experiencia en el campo de los trasplantes de caca en c\u00e1psula. \u00c9l mismo contrajo la enfermedad de Crohn a los diecinueve a\u00f1os, justo antes de debutar en el f\u00fatbol profesional en 1993. Suplic\u00f3 a su m\u00e9dico que le extirpara el trozo\u2026 Leer m\u00e1s &raquo;","og_url":"https:\/\/gezonde-darmflora.nl\/es\/sobre-nosotros\/","og_site_name":"Gezonde Darmflora","article_modified_time":"2025-01-27T15:17:56+00:00","twitter_card":"summary_large_image","twitter_misc":{"Tiempo de lectura":"3 minutos"},"schema":{"@context":"https:\/\/schema.org","@graph":[{"@type":"WebPage","@id":"https:\/\/gezonde-darmflora.nl\/es\/sobre-nosotros\/","url":"https:\/\/gezonde-darmflora.nl\/es\/sobre-nosotros\/","name":"Sobre nosotros &#8211; Gezonde Darmflora","isPartOf":{"@id":"https:\/\/gezonde-darmflora.nl\/es\/#website"},"datePublished":"2020-06-18T13:18:48+00:00","dateModified":"2025-01-27T15:17:56+00:00","breadcrumb":{"@id":"https:\/\/gezonde-darmflora.nl\/es\/sobre-nosotros\/#breadcrumb"},"inLanguage":"es","potentialAction":[{"@type":"ReadAction","target":["https:\/\/gezonde-darmflora.nl\/es\/sobre-nosotros\/"]}]},{"@type":"BreadcrumbList","@id":"https:\/\/gezonde-darmflora.nl\/es\/sobre-nosotros\/#breadcrumb","itemListElement":[{"@type":"ListItem","position":1,"name":"Home","item":"https:\/\/gezonde-darmflora.nl\/es\/"},{"@type":"ListItem","position":2,"name":"Sobre nosotros"}]},{"@type":"WebSite","@id":"https:\/\/gezonde-darmflora.nl\/es\/#website","url":"https:\/\/gezonde-darmflora.nl\/es\/","name":"Gezonde Darmflora","description":"Een gezonde &amp; natuurlijke darmflora","potentialAction":[{"@type":"SearchAction","target":{"@type":"EntryPoint","urlTemplate":"https:\/\/gezonde-darmflora.nl\/es\/?s={search_term_string}"},"query-input":{"@type":"PropertyValueSpecification","valueRequired":true,"valueName":"search_term_string"}}],"inLanguage":"es"}]}},"_links":{"self":[{"href":"https:\/\/gezonde-darmflora.nl\/es\/wp-json\/wp\/v2\/pages\/15083","targetHints":{"allow":["GET"]}}],"collection":[{"href":"https:\/\/gezonde-darmflora.nl\/es\/wp-json\/wp\/v2\/pages"}],"about":[{"href":"https:\/\/gezonde-darmflora.nl\/es\/wp-json\/wp\/v2\/types\/page"}],"author":[{"embeddable":true,"href":"https:\/\/gezonde-darmflora.nl\/es\/wp-json\/wp\/v2\/users\/1"}],"replies":[{"embeddable":true,"href":"https:\/\/gezonde-darmflora.nl\/es\/wp-json\/wp\/v2\/comments?post=15083"}],"version-history":[{"count":1,"href":"https:\/\/gezonde-darmflora.nl\/es\/wp-json\/wp\/v2\/pages\/15083\/revisions"}],"predecessor-version":[{"id":15090,"href":"https:\/\/gezonde-darmflora.nl\/es\/wp-json\/wp\/v2\/pages\/15083\/revisions\/15090"}],"wp:attachment":[{"href":"https:\/\/gezonde-darmflora.nl\/es\/wp-json\/wp\/v2\/media?parent=15083"}],"curies":[{"name":"wp","href":"https:\/\/api.w.org\/{rel}","templated":true}]}}