{"id":15012,"date":"2021-03-23T16:53:13","date_gmt":"2021-03-23T15:53:13","guid":{"rendered":"https:\/\/gezonde-darmflora.nl\/explicacion-de-las-pruebas-pcr-por-nuestro-tecnico-jefe-de-laboratorio\/"},"modified":"2025-01-27T16:17:13","modified_gmt":"2025-01-27T15:17:13","slug":"explicacion-de-las-pruebas-pcr-por-nuestro-tecnico-jefe-de-laboratorio","status":"publish","type":"page","link":"https:\/\/gezonde-darmflora.nl\/es\/explicacion-de-las-pruebas-pcr-por-nuestro-tecnico-jefe-de-laboratorio\/","title":{"rendered":"Explicaci\u00f3n de las pruebas PCR por nuestro t\u00e9cnico jefe de laboratorio"},"content":{"rendered":"<div class=\"wpb-content-wrapper\"><p>[vc_row full_width=\u00bbstretch_row_content_no_spaces\u00bb][vc_column]\r\n    <div class=\"page-title\">\r\n        <div class=\"container\">\r\n            <div class=\"row\">\r\n                <div class=\"col\">\r\n                    <h1>Explicaci\u00f3n de las pruebas PCR por nuestro t\u00e9cnico jefe de laboratorio<\/h1>\r\n                <\/div>\r\n            <\/div>\r\n        <\/div>\r\n    <\/div>\r\n\r\n    [\/vc_column][\/vc_row][vc_row equal_height=\u00bbyes\u00bb][vc_column width=\u00bb3\/4&#8243;][vc_column_text]<\/p>\n<blockquote><p><b>Reacci\u00f3n en cadena de la polimerasa: explicaci\u00f3n de la t\u00e9cnica PCR<\/b><\/p>\n<p><em>Una t\u00e9cnica muy utilizada en el laboratorio de hospitales, universidades m\u00e9dicas o f\u00e1bricas donde se procesan y examinan alimentos o agua, por ejemplo, es la PCR. Este m\u00e9todo de investigaci\u00f3n relativamente joven -desarrollado a principios de los a\u00f1os 80- ha sido revolucionario para la detecci\u00f3n y detecci\u00f3n de organismos como bacterias y virus. Para la detecci\u00f3n y examen de material gen\u00e9tico en investigaciones forenses, la t\u00e9cnica PCR tambi\u00e9n es crucial para encontrar a un culpable.  <\/em><\/p>\n<p><em>Desde la pandemia corona de 2019, se ha hablado mucho en los noticiarios y programas informativos relacionados sobre la prueba PCR para el SARS-COV-2: el tipo de coronavirus responsable de la enfermedad COVID. Pero, \u00bfqu\u00e9 es exactamente la PCR y c\u00f3mo funciona? <\/em> <em>La abreviatura PCR significa Reacci\u00f3n en Cadena de la Polimerasa. Polimerasa es una enzima, cadena es la palabra inglesa para \u00abchain\u00bb (cadena) y la palabra reacci\u00f3n se traduce f\u00e1cilmente por \u00abreaction\u00bb (reacci\u00f3n). <\/em><br \/>\n<em>Se trata, pues, de una reacci\u00f3n en cadena impulsada por una enzima concreta, la polimerasa.  <\/em><em>Para explicar de qu\u00e9 reacci\u00f3n en cadena se trata, tenemos que volver a lo b\u00e1sico y es el portador de todo el material hereditario: el ADN. Cada c\u00e9lula de un organismo vivo contiene ADN (o un derivado del mismo) y est\u00e1 compuesto por unos cuatro bloques de construcci\u00f3n diferentes: adenina (A), timina (T), guanina (G) y citosa (C). Estos bloques de construcci\u00f3n pueden unirse entre s\u00ed en un n\u00famero infinito de combinaciones y estas combinaciones proporcionan, en \u00faltima instancia, las propiedades hereditarias.    <\/em><em>En dicha cadena de ADN -que est\u00e1 formada por esos bloques de construcci\u00f3n- mucha informaci\u00f3n hereditaria coincidir\u00e1 con la de un cong\u00e9nere. Sin embargo, siempre hay fragmentos (llamados genes) en la cadena de ADN que son muy espec\u00edficos. Por ejemplo, una bacteria puede sobrevivir en un medio \u00e1cido, mientras que otra no. La bacteria amante del \u00e1cido producir\u00e1 sustancias que la har\u00e1n sentirse bien y el \u00e1cido no atacar\u00e1 la pared celular, mientras que otra bacteria -que es un pariente- no puede y no sobrevivir\u00e1 en un entorno \u00e1cido.   <\/em><\/p>\n<p><em>La t\u00e9cnica PCR utiliza la detecci\u00f3n de esos fragmentos de ADN que son muy espec\u00edficos. Es como buscar una aguja en un pajar con diferentes tipos de alfileres, con los que a\u00fan puedes sacar ese \u00fanico alfiler especial con un im\u00e1n muy fuerte. El problema del ADN es que no puedes ver un trozo de hebra de ese tipo y por eso se desarroll\u00f3 esa reacci\u00f3n en cadena. Se hacen millones de copias de ese \u00fanico trozo de ADN espec\u00edfico y, con un truco incorporado, las mol\u00e9culas fluorescentes se encienden o se apagan. Y el grado de fluorescencia puede medirse con determinados equipos.    <\/em><\/p>\n<p><b>El principio de la reacci\u00f3n en cadena de la polimerasa<\/b><\/p>\n<p><em>El objetivo de la reacci\u00f3n PCR es multiplicar el fragmento espec\u00edfico de material hereditario y hacer que el resultado sea medible mediante fluorescencia.<\/em><br \/>\n<em>Para ello es necesario reunir una serie de componentes en un recipiente de reacci\u00f3n:<\/em><\/p>\n<ul>\n<li><em>ADN aislado: ADN liberado de c\u00e9lulas presentes, por ejemplo, en el agua, la sangre o la leche.<\/em><\/li>\n<li><em>Los ladrillos: adenina, timina, guanina y citosis<\/em><\/li>\n<li><em>Cebadores: fragmentos de ADN que se adhieren al principio y al final del trozo de material hereditario que hay que copiar. Unidas a estos cebadores est\u00e1n las banderas fluorescentes que est\u00e1n \u00abapagadas\u00bb cuando no les pasa nada en la reacci\u00f3n. <\/em><\/li>\n<li><em>Enzima: La enzima polimerasa que puede unir los bloques de construcci\u00f3n A, T, C y G a los cebadores en el orden correcto<\/em><\/li>\n<li><em>Tamp\u00f3n: Es un l\u00edquido en el que est\u00e1n disueltos todos los componentes y que proporciona un entorno \u00f3ptimo para que se produzca la reacci\u00f3n en<\/em><\/li>\n<\/ul>\n<p><em>El proceso de copia consiste en un ciclo de pasos que se repiten varias veces.<span class=\"Apple-converted-space\">  <\/span>Generalmente, basta con repetir el ciclo de 40 a 45 veces para producir miles de millones de copias. Haz el c\u00e1lculo: si supones un trozo de ADN, despu\u00e9s del primer ciclo tienes dos copias, despu\u00e9s del tercer ciclo hay cuatro, luego ocho, 16, etc. El recipiente de reacci\u00f3n con todos los componentes se coloca en un dispositivo que puede calentarse y enfriarse con gran precisi\u00f3n y rapidez. Un ciclo consiste (generalmente) en:   <\/em><\/p>\n<ul>\n<li><em>Desnaturalizaci\u00f3n del ADN: El ADN est\u00e1 compuesto por los compuestos A, T, C y G, que forman una doble cadena de ADN. Estos compuestos deben separarse y esto puede hacerse aumentando la temperatura de 90 a 96\u00b0C. <\/em><\/li>\n<li><em>Una vez separadas las hebras, los cebadores pueden empezar a unirse al principio y al final del trozo de ADN que se quiere demostrar. Para ello, se reduce la temperatura de 45 a 65\u00b0C. <\/em><\/li>\n<li><em>Ahora le toca a la enzima polimerasa unir los bloques de construcci\u00f3n A, T, C y G de los cebadores unidos a una temperatura de 72\u00b0C. \u00a1La copia est\u00e1 hecha! <\/em><\/li>\n<\/ul>\n<p><em>Despu\u00e9s de cada ciclo, el aparato registra cu\u00e1nta fluorescencia se mide. Si los cebadores no encuentran el trozo espec\u00edfico de ADN, en realidad no ocurre nada durante todos esos ciclos. La mol\u00e9cula fluorescente unida al cebador permanece \u00abapagada\u00bb. Cuando se produce una reacci\u00f3n, la enzima polimerasa hace que esa mol\u00e9cula se desconecte durante la copia. Entonces, la mol\u00e9cula empieza a emitir luz, que el aparato de PCR puede medir a una determinada longitud de onda.      <\/em><em>La regla al analizar es: cuanta m\u00e1s fluorescencia se mida, m\u00e1s mol\u00e9culas estaban presentes al inicio del procedimiento de copia. En una determinaci\u00f3n cualitativa -el ADN a examinar est\u00e1 presente s\u00ed o no-, el analista lee el valor Ct (umbral). Este valor representa el ciclo en el que el aparato empieza a detectar la fluorescencia. Por tanto, un valor Ct bajo significa que hab\u00eda mucho material espec\u00edfico en la muestra aislada, pero no se puede decir nada sobre las cantidades exactas.     <\/em><em>Tambi\u00e9n habr\u00e1 situaciones en las que sea importante saber no s\u00f3lo si un fragmento concreto de ADN est\u00e1 presente en la muestra, sino tambi\u00e9n en qu\u00e9 cantidad. A esto lo llamamos PCR cuantitativa, tambi\u00e9n conocida como qPCR. Para ello, adem\u00e1s de la muestra que se va a analizar, hay que utilizar una serie en la que se conozcan las concentraciones y se determine una curva de calibraci\u00f3n. Utilizando esa recta de calibraci\u00f3n, es posible calcular cu\u00e1l era la concentraci\u00f3n inicial en el recipiente de reacci\u00f3n que contiene el ADN aislado.   <\/em><\/p>\n<p><em>Una gran ventaja de la t\u00e9cnica PCR es que te\u00f3ricamente s\u00f3lo necesita un fragmento de ADN espec\u00edfico para iniciar la reacci\u00f3n y, por tanto, es muy sensible. As\u00ed que puedes detectar s\u00f3lo esa bacteria Legionella en diez litros de agua que podr\u00eda causar la enfermedad. O puedes detectar ese agente causal de la tuberculosis tan dif\u00edcil de cultivar en la mucosidad expectorada del paciente. En algunos casos, sin embargo, el inconveniente es que no puedes demostrar si el organismo en cuesti\u00f3n sigue vivo o si est\u00e1s analizando un fragmento de ADN de un virus o una bacteria que en realidad ya no puede causar la enfermedad porque est\u00e1 muerto. Por lo general, esto no se distingue en la reacci\u00f3n. Este debate se plante\u00f3 con frecuencia en los medios de comunicaci\u00f3n cuando se detect\u00f3 el coronavirus y provoc\u00f3 mucha confusi\u00f3n y cr\u00edticas sobre el uso de esta t\u00e9cnica para detectar el virus en un frotis nasal y\/o far\u00edngeo. Si hay un valor Ct elevado y hab\u00eda poco material inicial del -en este caso- coronavirus, \u00bfsigue habiendo infecciosidad? \u00bfY tambi\u00e9n podr\u00eda darse el caso de que se pasen por alto part\u00edculas de virus con la PCR o que el resultado sea positivo aunque no hubiera virus presente?       <\/em><\/p>\n<p><em>Las probabilidades de obtener un resultado falso positivo de una prueba PCR son bastante bajas. Sin embargo, la probabilidad de obtener un falso negativo es mayor. Esto se debe a que hay muchas m\u00e1s posibilidades de que se cometan errores durante la recogida de muestras, el transporte o durante las operaciones en el laboratorio. Por tanto, no es la prueba PCR la que dar\u00e1 necesariamente resultados falsos negativos, sino todas las acciones que la rodean. Si tienes acceso a una prueba PCR y a equipos para detectar procesadores de la enfermedad, la mayor\u00eda de los laboratorios optar\u00e1n por esta t\u00e9cnica.    <\/em><\/p>\n<p><em>Marije, Jefa de Laboratorio.<\/em><\/p>\n<p>&nbsp;<\/p><\/blockquote>\n<p>[\/vc_column_text]<div class=\"eye_empty_space pt-md-3 pb-md-3   pt-2 pb-2\"><\/div>[\/vc_column][vc_column width=\u00bb1\/4&#8243; el_class=\u00bbd-flex align-items-center\u00bb][\/vc_column][\/vc_row][vc_row equal_height=\u00bbyes\u00bb][vc_column width=\u00bb3\/4&#8243;]<div class=\"eye_empty_space pt-md-4 pb-md-4   pt-3 pb-3\"><\/div>[\/vc_column][vc_column width=\u00bb1\/4&#8243; el_class=\u00bbd-flex align-items-center\u00bb][\/vc_column][\/vc_row][vc_row equal_height=\u00bbyes\u00bb][vc_column width=\u00bb3\/4&#8243;][\/vc_column][vc_column width=\u00bb1\/4&#8243; el_class=\u00bbd-flex align-items-center\u00bb][\/vc_column][\/vc_row][vc_row][vc_column]<div class=\"eye_empty_space pt-md-4 pb-md-4   pt-3 pb-3\"><\/div>\r\n    <div class=\"home-reviews\">\r\n        <div class=\"row d-flex\">\r\n                                                <div class=\"col-lg-4 d-flex\">\r\n                        <div class=\"review-card\">\r\n                            <h6>Andreas L (Austria)<\/h6>\r\n                            <span style=\"font-size: 1rem\">DF4<\/span>\r\n                            <div class=\"review-card__stars\">\r\n                                <i class=\"fas fa-star\"><\/i>\r\n                                <i class=\"fas fa-star\"><\/i>\r\n                                <i class=\"fas fa-star\"><\/i>\r\n                                <i class=\"fas fa-star\"><\/i>\r\n                                <i class=\"fas fa-star\"><\/i>\r\n                            <\/div>\r\n\r\n                            <p>El 1 de abril de este a\u00f1o, recib\u00ed de ti las pastillas FMT DF4 y, siguiendo tus instrucciones, las tom\u00e9 inmediatamente. Esto vino acompa\u00f1ado de algunos problemas de adaptaci\u00f3n, ya que, al parecer, el antiguo microbioma ten\u00eda que adaptarse primero al nuevo microbioma. Despu\u00e9s, pronto empec\u00e9 a comer de nuevo productos que conten\u00edan gluten y\u2026 <a href=\"https:\/\/gezonde-darmflora.nl\/es\/review\/andreas-l-austria\/\">Leer m\u00e1s &raquo;<\/a><\/p>\r\n                        <\/div>\r\n                    <\/div>\r\n                                    <div class=\"col-lg-4 d-flex\">\r\n                        <div class=\"review-card\">\r\n                            <h6>N<\/h6>\r\n                            <span style=\"font-size: 1rem\">DF7\" \"DF6<\/span>\r\n                            <div class=\"review-card__stars\">\r\n                                <i class=\"fas fa-star\"><\/i>\r\n                                <i class=\"fas fa-star\"><\/i>\r\n                                <i class=\"fas fa-star\"><\/i>\r\n                                <i class=\"fas fa-star\"><\/i>\r\n                                <i class=\"fas fa-star\"><\/i>\r\n                            <\/div>\r\n\r\n                            <p>Ten\u00eda mucho miedo de hacer este procedimiento, pero estoy muy contenta de haberlo hecho. Hab\u00eda destruido mi flora intestinal con antibi\u00f3ticos mientras intentaba resolver mi Intolerancia a la histamina. B\u00e1sicamente estaba postrada en el sof\u00e1 y sufr\u00eda dolores constantes debido a los problemas intestinales. Tambi\u00e9n ten\u00eda problemas mentales muy graves desde que tom\u00e9 los antibi\u00f3ticos.\u2026 <a href=\"https:\/\/gezonde-darmflora.nl\/es\/review\/n\/\">Leer m\u00e1s &raquo;<\/a><\/p>\r\n                        <\/div>\r\n                    <\/div>\r\n                                    <div class=\"col-lg-4 d-flex\">\r\n                        <div class=\"review-card\">\r\n                            <h6>An\u00f3nimo (EEUU)<\/h6>\r\n                            <span style=\"font-size: 1rem\">DF7 DF6<\/span>\r\n                            <div class=\"review-card__stars\">\r\n                                <i class=\"fas fa-star\"><\/i>\r\n                                <i class=\"fas fa-star\"><\/i>\r\n                                <i class=\"fas fa-star\"><\/i>\r\n                                <i class=\"fas fa-star\"><\/i>\r\n                                <i class=\"fas fa-star\"><\/i>\r\n                            <\/div>\r\n\r\n                            <p>Este producto cambi\u00f3 literalmente mi vida. Adem\u00e1s de problemas estomacales e intestinales, sufr\u00ed durante a\u00f1os fatiga debilitante, dolor cr\u00f3nico, niebla cerebral y alergias graves. Me sent\u00eda fatal constantemente, apenas pod\u00eda funcionar y s\u00f3lo pod\u00eda hacer lo m\u00ednimo para sobrevivir, y a veces ni siquiera eso. Fueron a\u00f1os miserables y desperdiciados de mi vida. Me di\u2026 <a href=\"https:\/\/gezonde-darmflora.nl\/es\/review\/anonimo-eeuu\/\">Leer m\u00e1s &raquo;<\/a><\/p>\r\n                        <\/div>\r\n                    <\/div>\r\n                                    <\/div>\r\n\r\n    <\/div>\r\n\r\n    [\/vc_column][\/vc_row]<\/p>\n<\/div>","protected":false},"excerpt":{"rendered":"<p>[vc_row full_width=\u00bbstretch_row_content_no_spaces\u00bb][vc_column][\/vc_column][\/vc_row][vc_row equal_height=\u00bbyes\u00bb][vc_column width=\u00bb3\/4&#8243;][vc_column_text] Reacci\u00f3n en cadena de la polimerasa: explicaci\u00f3n de la t\u00e9cnica PCR Una t\u00e9cnica muy utilizada en el laboratorio de hospitales, universidades m\u00e9dicas o f\u00e1bricas donde se procesan y examinan alimentos o agua, por ejemplo, es la PCR. Este m\u00e9todo de investigaci\u00f3n relativamente joven -desarrollado a principios de los a\u00f1os 80- ha\u2026 <a href=\"https:\/\/gezonde-darmflora.nl\/es\/review\/anonimo-eeuu\/\">Leer m\u00e1s &raquo;<\/a><\/p>\n","protected":false},"author":3,"featured_media":0,"parent":0,"menu_order":0,"comment_status":"closed","ping_status":"closed","template":"","meta":{"_acf_changed":false,"footnotes":""},"class_list":["post-15012","page","type-page","status-publish","hentry"],"acf":[],"yoast_head":"<!-- This site is optimized with the Yoast SEO plugin v27.1.1 - https:\/\/yoast.com\/product\/yoast-seo-wordpress\/ -->\n<title>Explicaci\u00f3n de las pruebas PCR por nuestro t\u00e9cnico jefe de laboratorio &#8211; Gezonde Darmflora<\/title>\n<meta name=\"robots\" content=\"index, follow, max-snippet:-1, max-image-preview:large, max-video-preview:-1\" \/>\n<link rel=\"canonical\" href=\"https:\/\/gezonde-darmflora.nl\/es\/explicacion-de-las-pruebas-pcr-por-nuestro-tecnico-jefe-de-laboratorio\/\" \/>\n<meta property=\"og:locale\" content=\"es_ES\" \/>\n<meta property=\"og:type\" content=\"article\" \/>\n<meta property=\"og:title\" content=\"Explicaci\u00f3n de las pruebas PCR por nuestro t\u00e9cnico jefe de laboratorio &#8211; Gezonde Darmflora\" \/>\n<meta property=\"og:description\" content=\"[vc_row full_width=\u00bbstretch_row_content_no_spaces\u00bb][vc_column][\/vc_column][\/vc_row][vc_row equal_height=\u00bbyes\u00bb][vc_column width=\u00bb3\/4&#8243;][vc_column_text] Reacci\u00f3n en cadena de la polimerasa: explicaci\u00f3n de la t\u00e9cnica PCR Una t\u00e9cnica muy utilizada en el laboratorio de hospitales, universidades m\u00e9dicas o f\u00e1bricas donde se procesan y examinan alimentos o agua, por ejemplo, es la PCR. Este m\u00e9todo de investigaci\u00f3n relativamente joven -desarrollado a principios de los a\u00f1os 80- ha\u2026 Leer m\u00e1s &raquo;\" \/>\n<meta property=\"og:url\" content=\"https:\/\/gezonde-darmflora.nl\/es\/explicacion-de-las-pruebas-pcr-por-nuestro-tecnico-jefe-de-laboratorio\/\" \/>\n<meta property=\"og:site_name\" content=\"Gezonde Darmflora\" \/>\n<meta property=\"article:modified_time\" content=\"2025-01-27T15:17:13+00:00\" \/>\n<meta name=\"twitter:card\" content=\"summary_large_image\" \/>\n<meta name=\"twitter:label1\" content=\"Tiempo de lectura\" \/>\n\t<meta name=\"twitter:data1\" content=\"8 minutos\" \/>\n<script type=\"application\/ld+json\" class=\"yoast-schema-graph\">{\"@context\":\"https:\/\/schema.org\",\"@graph\":[{\"@type\":\"WebPage\",\"@id\":\"https:\/\/gezonde-darmflora.nl\/es\/explicacion-de-las-pruebas-pcr-por-nuestro-tecnico-jefe-de-laboratorio\/\",\"url\":\"https:\/\/gezonde-darmflora.nl\/es\/explicacion-de-las-pruebas-pcr-por-nuestro-tecnico-jefe-de-laboratorio\/\",\"name\":\"Explicaci\u00f3n de las pruebas PCR por nuestro t\u00e9cnico jefe de laboratorio &#8211; Gezonde Darmflora\",\"isPartOf\":{\"@id\":\"https:\/\/gezonde-darmflora.nl\/es\/#website\"},\"datePublished\":\"2021-03-23T15:53:13+00:00\",\"dateModified\":\"2025-01-27T15:17:13+00:00\",\"breadcrumb\":{\"@id\":\"https:\/\/gezonde-darmflora.nl\/es\/explicacion-de-las-pruebas-pcr-por-nuestro-tecnico-jefe-de-laboratorio\/#breadcrumb\"},\"inLanguage\":\"es\",\"potentialAction\":[{\"@type\":\"ReadAction\",\"target\":[\"https:\/\/gezonde-darmflora.nl\/es\/explicacion-de-las-pruebas-pcr-por-nuestro-tecnico-jefe-de-laboratorio\/\"]}]},{\"@type\":\"BreadcrumbList\",\"@id\":\"https:\/\/gezonde-darmflora.nl\/es\/explicacion-de-las-pruebas-pcr-por-nuestro-tecnico-jefe-de-laboratorio\/#breadcrumb\",\"itemListElement\":[{\"@type\":\"ListItem\",\"position\":1,\"name\":\"Home\",\"item\":\"https:\/\/gezonde-darmflora.nl\/es\/\"},{\"@type\":\"ListItem\",\"position\":2,\"name\":\"Explicaci\u00f3n de las pruebas PCR por nuestro t\u00e9cnico jefe de laboratorio\"}]},{\"@type\":\"WebSite\",\"@id\":\"https:\/\/gezonde-darmflora.nl\/es\/#website\",\"url\":\"https:\/\/gezonde-darmflora.nl\/es\/\",\"name\":\"Gezonde Darmflora\",\"description\":\"Een gezonde &amp; natuurlijke darmflora\",\"potentialAction\":[{\"@type\":\"SearchAction\",\"target\":{\"@type\":\"EntryPoint\",\"urlTemplate\":\"https:\/\/gezonde-darmflora.nl\/es\/?s={search_term_string}\"},\"query-input\":{\"@type\":\"PropertyValueSpecification\",\"valueRequired\":true,\"valueName\":\"search_term_string\"}}],\"inLanguage\":\"es\"}]}<\/script>\n<!-- \/ Yoast SEO plugin. -->","yoast_head_json":{"title":"Explicaci\u00f3n de las pruebas PCR por nuestro t\u00e9cnico jefe de laboratorio &#8211; Gezonde Darmflora","robots":{"index":"index","follow":"follow","max-snippet":"max-snippet:-1","max-image-preview":"max-image-preview:large","max-video-preview":"max-video-preview:-1"},"canonical":"https:\/\/gezonde-darmflora.nl\/es\/explicacion-de-las-pruebas-pcr-por-nuestro-tecnico-jefe-de-laboratorio\/","og_locale":"es_ES","og_type":"article","og_title":"Explicaci\u00f3n de las pruebas PCR por nuestro t\u00e9cnico jefe de laboratorio &#8211; Gezonde Darmflora","og_description":"[vc_row full_width=\u00bbstretch_row_content_no_spaces\u00bb][vc_column][\/vc_column][\/vc_row][vc_row equal_height=\u00bbyes\u00bb][vc_column width=\u00bb3\/4&#8243;][vc_column_text] Reacci\u00f3n en cadena de la polimerasa: explicaci\u00f3n de la t\u00e9cnica PCR Una t\u00e9cnica muy utilizada en el laboratorio de hospitales, universidades m\u00e9dicas o f\u00e1bricas donde se procesan y examinan alimentos o agua, por ejemplo, es la PCR. Este m\u00e9todo de investigaci\u00f3n relativamente joven -desarrollado a principios de los a\u00f1os 80- ha\u2026 Leer m\u00e1s &raquo;","og_url":"https:\/\/gezonde-darmflora.nl\/es\/explicacion-de-las-pruebas-pcr-por-nuestro-tecnico-jefe-de-laboratorio\/","og_site_name":"Gezonde Darmflora","article_modified_time":"2025-01-27T15:17:13+00:00","twitter_card":"summary_large_image","twitter_misc":{"Tiempo de lectura":"8 minutos"},"schema":{"@context":"https:\/\/schema.org","@graph":[{"@type":"WebPage","@id":"https:\/\/gezonde-darmflora.nl\/es\/explicacion-de-las-pruebas-pcr-por-nuestro-tecnico-jefe-de-laboratorio\/","url":"https:\/\/gezonde-darmflora.nl\/es\/explicacion-de-las-pruebas-pcr-por-nuestro-tecnico-jefe-de-laboratorio\/","name":"Explicaci\u00f3n de las pruebas PCR por nuestro t\u00e9cnico jefe de laboratorio &#8211; Gezonde Darmflora","isPartOf":{"@id":"https:\/\/gezonde-darmflora.nl\/es\/#website"},"datePublished":"2021-03-23T15:53:13+00:00","dateModified":"2025-01-27T15:17:13+00:00","breadcrumb":{"@id":"https:\/\/gezonde-darmflora.nl\/es\/explicacion-de-las-pruebas-pcr-por-nuestro-tecnico-jefe-de-laboratorio\/#breadcrumb"},"inLanguage":"es","potentialAction":[{"@type":"ReadAction","target":["https:\/\/gezonde-darmflora.nl\/es\/explicacion-de-las-pruebas-pcr-por-nuestro-tecnico-jefe-de-laboratorio\/"]}]},{"@type":"BreadcrumbList","@id":"https:\/\/gezonde-darmflora.nl\/es\/explicacion-de-las-pruebas-pcr-por-nuestro-tecnico-jefe-de-laboratorio\/#breadcrumb","itemListElement":[{"@type":"ListItem","position":1,"name":"Home","item":"https:\/\/gezonde-darmflora.nl\/es\/"},{"@type":"ListItem","position":2,"name":"Explicaci\u00f3n de las pruebas PCR por nuestro t\u00e9cnico jefe de laboratorio"}]},{"@type":"WebSite","@id":"https:\/\/gezonde-darmflora.nl\/es\/#website","url":"https:\/\/gezonde-darmflora.nl\/es\/","name":"Gezonde Darmflora","description":"Een gezonde &amp; natuurlijke darmflora","potentialAction":[{"@type":"SearchAction","target":{"@type":"EntryPoint","urlTemplate":"https:\/\/gezonde-darmflora.nl\/es\/?s={search_term_string}"},"query-input":{"@type":"PropertyValueSpecification","valueRequired":true,"valueName":"search_term_string"}}],"inLanguage":"es"}]}},"_links":{"self":[{"href":"https:\/\/gezonde-darmflora.nl\/es\/wp-json\/wp\/v2\/pages\/15012","targetHints":{"allow":["GET"]}}],"collection":[{"href":"https:\/\/gezonde-darmflora.nl\/es\/wp-json\/wp\/v2\/pages"}],"about":[{"href":"https:\/\/gezonde-darmflora.nl\/es\/wp-json\/wp\/v2\/types\/page"}],"author":[{"embeddable":true,"href":"https:\/\/gezonde-darmflora.nl\/es\/wp-json\/wp\/v2\/users\/3"}],"replies":[{"embeddable":true,"href":"https:\/\/gezonde-darmflora.nl\/es\/wp-json\/wp\/v2\/comments?post=15012"}],"version-history":[{"count":1,"href":"https:\/\/gezonde-darmflora.nl\/es\/wp-json\/wp\/v2\/pages\/15012\/revisions"}],"predecessor-version":[{"id":15018,"href":"https:\/\/gezonde-darmflora.nl\/es\/wp-json\/wp\/v2\/pages\/15012\/revisions\/15018"}],"wp:attachment":[{"href":"https:\/\/gezonde-darmflora.nl\/es\/wp-json\/wp\/v2\/media?parent=15012"}],"curies":[{"name":"wp","href":"https:\/\/api.w.org\/{rel}","templated":true}]}}