{"id":14993,"date":"2020-08-03T13:10:24","date_gmt":"2020-08-03T11:10:24","guid":{"rendered":"https:\/\/gezonde-darmflora.nl\/atencion-al-cliente\/"},"modified":"2025-01-27T16:17:12","modified_gmt":"2025-01-27T15:17:12","slug":"atencion-al-cliente","status":"publish","type":"page","link":"https:\/\/gezonde-darmflora.nl\/es\/atencion-al-cliente\/","title":{"rendered":"Atenci\u00f3n al cliente"},"content":{"rendered":"<div class=\"wpb-content-wrapper\"><p>[vc_row full_width=\u00bbstretch_row_content_no_spaces\u00bb][vc_column]\r\n    <div class=\"page-title\">\r\n        <div class=\"container\">\r\n            <div class=\"row\">\r\n                <div class=\"col\">\r\n                    <h1>Atenci\u00f3n al cliente<\/h1>\r\n                <\/div>\r\n            <\/div>\r\n        <\/div>\r\n    <\/div>\r\n\r\n    [\/vc_column][\/vc_row][vc_row][vc_column][vc_column_text]\u00bfEn qu\u00e9 podemos ayudarte?<\/p>\n<ul>\n<li><a href=\"https:\/\/gezonde-darmflora.nl\/es\/envio-y-entrega\/\">Env\u00edo y entrega<\/a><\/li>\n<li><a href=\"https:\/\/gezonde-darmflora.nl\/es\/pedidos-y-pagos\/\">Pedidos y pagos<\/a><\/li>\n<li><a href=\"https:\/\/gezonde-darmflora.nl\/es\/ponte-en-contacto-con\/\">Ponte en contacto con<\/a><\/li>\n<\/ul>\n<p>[\/vc_column_text][\/vc_column][\/vc_row][vc_row][vc_column]<div class=\"eye_empty_space pt-md-5 pb-md-5   pt-4 pb-4\"><\/div>[\/vc_column][\/vc_row][vc_row][vc_column width=\u00bb1\/3&#8243;][vc_column_text]<\/p>\n<h5>Preguntas m\u00e1s frecuentes<\/h5>\n<p>\u00bfA\u00fan tienes preguntas? Consulta aqu\u00ed las <a href=\"\">preguntas y respuestas m\u00e1s frecuentes<\/a>.[\/vc_column_text][\/vc_column][vc_column width=\u00bb1\/3&#8243;][vc_column_text]<\/p>\n<h5>Env\u00eda un correo electr\u00f3nico a<\/h5>\n<p>Puedes ponerte en contacto a trav\u00e9s de nuestro <a href=\"https:\/\/gezonde-darmflora.nl\/es\/ponte-en-contacto-con\/\">formulario de contacto<\/a> o por correo electr\u00f3nico en <a href=\"mailto:info@gezonde-darmflora.nl\">info@gezonde-darmflora.nl.<\/a>[\/vc_column_text][\/vc_column][vc_column width=\u00bb1\/3&#8243;][vc_column_text]<\/p>\n<h5>Tel\u00e9fono<\/h5>\n<p>Los lunes, martes y mi\u00e9rcoles laborables, puedes localizarnos por tel\u00e9fono entre las 12.00 y las 14.00 horas, en el 06-22226118.[\/vc_column_text][\/vc_column][\/vc_row][vc_row][vc_column]<div class=\"eye_empty_space pt-md-5 pb-md-5   pt-4 pb-4\"><\/div>[vc_column_text]<\/p>\n<h2>Formulario de reclamaci\u00f3n<\/h2>\n<p>\u00bfTienes alguna queja sobre Flora intestinal sana? Rellena el siguiente formulario y nos pondremos en contacto contigo lo antes posible.[\/vc_column_text]\n<div class=\"wpcf7 no-js\" id=\"wpcf7-f16155-o1\" lang=\"es-ES\" dir=\"ltr\" data-wpcf7-id=\"16155\">\n<div class=\"screen-reader-response\"><p role=\"status\" aria-live=\"polite\" aria-atomic=\"true\"><\/p> <ul><\/ul><\/div>\n<form action=\"\/es\/wp-json\/wp\/v2\/pages\/14993#wpcf7-f16155-o1\" method=\"post\" class=\"wpcf7-form init\" aria-label=\"Formulario de contacto\" novalidate=\"novalidate\" data-status=\"init\">\n<fieldset class=\"hidden-fields-container\"><input type=\"hidden\" name=\"_wpcf7\" value=\"16155\" \/><input type=\"hidden\" name=\"_wpcf7_version\" value=\"6.1.5\" \/><input type=\"hidden\" name=\"_wpcf7_locale\" value=\"es_ES\" \/><input type=\"hidden\" name=\"_wpcf7_unit_tag\" value=\"wpcf7-f16155-o1\" \/><input type=\"hidden\" name=\"_wpcf7_container_post\" value=\"0\" \/><input type=\"hidden\" name=\"_wpcf7_posted_data_hash\" value=\"\" \/>\n<\/fieldset>\n<div class=\"contact-container\">\n\t<div class=\"row\">\n\t\t<div class=\"col-md-6\">\n\t\t\t<p><label> <span style=\"color: red;\"> Nombre*.<\/span><br \/>\n<span class=\"wpcf7-form-control-wrap\" data-name=\"your-name\"><input size=\"40\" maxlength=\"400\" class=\"wpcf7-form-control wpcf7-text wpcf7-validates-as-required\" aria-required=\"true\" aria-invalid=\"false\" value=\"\" type=\"text\" name=\"your-name\" \/><\/span> <\/label>\n\t\t\t<\/p>\n\t\t\t<p><label> <span style=\"color: red;\"> Direcci\u00f3n de<\/span> correo electr\u00f3nico<br \/>\n<span class=\"wpcf7-form-control-wrap\" data-name=\"your-email\"><input size=\"40\" maxlength=\"400\" class=\"wpcf7-form-control wpcf7-email wpcf7-validates-as-required wpcf7-text wpcf7-validates-as-email\" aria-required=\"true\" aria-invalid=\"false\" value=\"\" type=\"email\" name=\"your-email\" \/><\/span> <\/label>\n\t\t\t<\/p>\n\t\t\t<p><label> N\u00famero de tel\u00e9fono<br \/>\n<span class=\"wpcf7-form-control-wrap\" data-name=\"your-phone\"><input size=\"40\" maxlength=\"400\" class=\"wpcf7-form-control wpcf7-tel wpcf7-text wpcf7-validates-as-tel\" aria-invalid=\"false\" value=\"\" type=\"tel\" name=\"your-phone\" \/><\/span> <\/label>\n\t\t\t<\/p>\n\t\t<\/div>\n\t\t<div class=\"col-md-6\">\n\t\t\t<p><label> Tu <span style=\"color: red;\"> queja*<\/span><br \/>\n<span class=\"wpcf7-form-control-wrap\" data-name=\"your-message\"><textarea cols=\"40\" rows=\"10\" maxlength=\"2000\" class=\"wpcf7-form-control wpcf7-textarea wpcf7-validates-as-required\" aria-required=\"true\" aria-invalid=\"false\" name=\"your-message\"><\/textarea><\/span> <\/label>\n\t\t\t<\/p>\n\t\t\t<p class=\"text-right\"><br \/>\n<div class=\"cf7-cf-turnstile\" style=\"margin-top: 0px; margin-bottom: -15px;\"> <div id=\"cf-turnstile-cf7-1928294885\" class=\"cf-turnstile\" data-sitekey=\"0x4AAAAAABWOBhmjwWma09Np\" data-theme=\"light\" data-language=\"auto\" data-size=\"normal\" data-retry=\"auto\" data-retry-interval=\"1000\" data-refresh-expired=\"auto\" data-action=\"contact-form-7\" data-appearance=\"always\"><\/div> <script>document.addEventListener(\"DOMContentLoaded\", function() { setTimeout(function(){ var e=document.getElementById(\"cf-turnstile-cf7-1928294885\"); e&&!e.innerHTML.trim()&&(turnstile.remove(\"#cf-turnstile-cf7-1928294885\"), turnstile.render(\"#cf-turnstile-cf7-1928294885\", {sitekey:\"0x4AAAAAABWOBhmjwWma09Np\"})); }, 100); });<\/script> <br class=\"cf-turnstile-br cf-turnstile-br-cf7-1928294885\"> <style>#cf-turnstile-cf7-1928294885 { margin-left: -15px; }<\/style> <script>document.addEventListener(\"DOMContentLoaded\",function(){document.querySelectorAll('.wpcf7-form').forEach(function(e){e.addEventListener('submit',function(){if(document.getElementById('cf-turnstile-cf7-1928294885')){setTimeout(function(){turnstile.reset('#cf-turnstile-cf7-1928294885');},1000)}})})});<\/script> <\/div><br\/><input class=\"wpcf7-form-control wpcf7-submit has-spinner btn btn-primary\" type=\"submit\" value=\"Env\u00edo\" \/>\n\t\t\t<\/p>\n\t\t<\/div>\n\t<\/div>\n<\/div><div class=\"wpcf7-response-output\" aria-hidden=\"true\"><\/div>\n<\/form>\n<\/div>\n[\/vc_column][\/vc_row]<\/p>\n<\/div>","protected":false},"excerpt":{"rendered":"<p>[vc_row full_width=\u00bbstretch_row_content_no_spaces\u00bb][vc_column][\/vc_column][\/vc_row][vc_row][vc_column][vc_column_text]\u00bfEn qu\u00e9 podemos ayudarte? Env\u00edo y entrega Pedidos y pagos Ponte en contacto con [\/vc_column_text][\/vc_column][\/vc_row][vc_row][vc_column][\/vc_column][\/vc_row][vc_row][vc_column width=\u00bb1\/3&#8243;][vc_column_text] Preguntas m\u00e1s frecuentes \u00bfA\u00fan tienes preguntas? Consulta aqu\u00ed las preguntas y respuestas m\u00e1s frecuentes.[\/vc_column_text][\/vc_column][vc_column width=\u00bb1\/3&#8243;][vc_column_text] Env\u00eda un correo electr\u00f3nico a Puedes ponerte en contacto a trav\u00e9s de nuestro formulario de contacto o por correo electr\u00f3nico en info@gezonde-darmflora.nl.[\/vc_column_text][\/vc_column][vc_column width=\u00bb1\/3&#8243;][vc_column_text]\u2026 <a href=\"https:\/\/gezonde-darmflora.nl\/es\/atencion-al-cliente\/\">Leer m\u00e1s &raquo;<\/a><\/p>\n","protected":false},"author":4,"featured_media":0,"parent":0,"menu_order":0,"comment_status":"closed","ping_status":"closed","template":"","meta":{"_acf_changed":false,"footnotes":""},"class_list":["post-14993","page","type-page","status-publish","hentry"],"acf":[],"yoast_head":"<!-- This site is optimized with the Yoast SEO plugin v27.1.1 - https:\/\/yoast.com\/product\/yoast-seo-wordpress\/ -->\n<title>Atenci\u00f3n al cliente &#8211; Gezonde Darmflora<\/title>\n<meta name=\"robots\" content=\"index, follow, max-snippet:-1, max-image-preview:large, max-video-preview:-1\" \/>\n<link rel=\"canonical\" href=\"https:\/\/gezonde-darmflora.nl\/es\/atencion-al-cliente\/\" \/>\n<meta property=\"og:locale\" content=\"es_ES\" \/>\n<meta property=\"og:type\" content=\"article\" \/>\n<meta property=\"og:title\" content=\"Atenci\u00f3n al cliente &#8211; Gezonde Darmflora\" \/>\n<meta property=\"og:description\" content=\"[vc_row full_width=\u00bbstretch_row_content_no_spaces\u00bb][vc_column][\/vc_column][\/vc_row][vc_row][vc_column][vc_column_text]\u00bfEn qu\u00e9 podemos ayudarte? Env\u00edo y entrega Pedidos y pagos Ponte en contacto con [\/vc_column_text][\/vc_column][\/vc_row][vc_row][vc_column][\/vc_column][\/vc_row][vc_row][vc_column width=\u00bb1\/3&#8243;][vc_column_text] Preguntas m\u00e1s frecuentes \u00bfA\u00fan tienes preguntas? Consulta aqu\u00ed las preguntas y respuestas m\u00e1s frecuentes.[\/vc_column_text][\/vc_column][vc_column width=\u00bb1\/3&#8243;][vc_column_text] Env\u00eda un correo electr\u00f3nico a Puedes ponerte en contacto a trav\u00e9s de nuestro formulario de contacto o por correo electr\u00f3nico en info@gezonde-darmflora.nl.[\/vc_column_text][\/vc_column][vc_column width=\u00bb1\/3&#8243;][vc_column_text]\u2026 Leer m\u00e1s &raquo;\" \/>\n<meta property=\"og:url\" content=\"https:\/\/gezonde-darmflora.nl\/es\/atencion-al-cliente\/\" \/>\n<meta property=\"og:site_name\" content=\"Gezonde Darmflora\" \/>\n<meta property=\"article:modified_time\" content=\"2025-01-27T15:17:12+00:00\" \/>\n<meta name=\"twitter:card\" content=\"summary_large_image\" \/>\n<meta name=\"twitter:label1\" content=\"Tiempo de lectura\" \/>\n\t<meta name=\"twitter:data1\" content=\"1 minuto\" \/>\n<script type=\"application\/ld+json\" class=\"yoast-schema-graph\">{\"@context\":\"https:\/\/schema.org\",\"@graph\":[{\"@type\":\"WebPage\",\"@id\":\"https:\/\/gezonde-darmflora.nl\/es\/atencion-al-cliente\/\",\"url\":\"https:\/\/gezonde-darmflora.nl\/es\/atencion-al-cliente\/\",\"name\":\"Atenci\u00f3n al cliente &#8211; Gezonde Darmflora\",\"isPartOf\":{\"@id\":\"https:\/\/gezonde-darmflora.nl\/es\/#website\"},\"datePublished\":\"2020-08-03T11:10:24+00:00\",\"dateModified\":\"2025-01-27T15:17:12+00:00\",\"breadcrumb\":{\"@id\":\"https:\/\/gezonde-darmflora.nl\/es\/atencion-al-cliente\/#breadcrumb\"},\"inLanguage\":\"es\",\"potentialAction\":[{\"@type\":\"ReadAction\",\"target\":[\"https:\/\/gezonde-darmflora.nl\/es\/atencion-al-cliente\/\"]}]},{\"@type\":\"BreadcrumbList\",\"@id\":\"https:\/\/gezonde-darmflora.nl\/es\/atencion-al-cliente\/#breadcrumb\",\"itemListElement\":[{\"@type\":\"ListItem\",\"position\":1,\"name\":\"Home\",\"item\":\"https:\/\/gezonde-darmflora.nl\/es\/\"},{\"@type\":\"ListItem\",\"position\":2,\"name\":\"Atenci\u00f3n al cliente\"}]},{\"@type\":\"WebSite\",\"@id\":\"https:\/\/gezonde-darmflora.nl\/es\/#website\",\"url\":\"https:\/\/gezonde-darmflora.nl\/es\/\",\"name\":\"Gezonde Darmflora\",\"description\":\"Een gezonde &amp; natuurlijke darmflora\",\"potentialAction\":[{\"@type\":\"SearchAction\",\"target\":{\"@type\":\"EntryPoint\",\"urlTemplate\":\"https:\/\/gezonde-darmflora.nl\/es\/?s={search_term_string}\"},\"query-input\":{\"@type\":\"PropertyValueSpecification\",\"valueRequired\":true,\"valueName\":\"search_term_string\"}}],\"inLanguage\":\"es\"}]}<\/script>\n<!-- \/ Yoast SEO plugin. -->","yoast_head_json":{"title":"Atenci\u00f3n al cliente &#8211; Gezonde Darmflora","robots":{"index":"index","follow":"follow","max-snippet":"max-snippet:-1","max-image-preview":"max-image-preview:large","max-video-preview":"max-video-preview:-1"},"canonical":"https:\/\/gezonde-darmflora.nl\/es\/atencion-al-cliente\/","og_locale":"es_ES","og_type":"article","og_title":"Atenci\u00f3n al cliente &#8211; Gezonde Darmflora","og_description":"[vc_row full_width=\u00bbstretch_row_content_no_spaces\u00bb][vc_column][\/vc_column][\/vc_row][vc_row][vc_column][vc_column_text]\u00bfEn qu\u00e9 podemos ayudarte? Env\u00edo y entrega Pedidos y pagos Ponte en contacto con [\/vc_column_text][\/vc_column][\/vc_row][vc_row][vc_column][\/vc_column][\/vc_row][vc_row][vc_column width=\u00bb1\/3&#8243;][vc_column_text] Preguntas m\u00e1s frecuentes \u00bfA\u00fan tienes preguntas? Consulta aqu\u00ed las preguntas y respuestas m\u00e1s frecuentes.[\/vc_column_text][\/vc_column][vc_column width=\u00bb1\/3&#8243;][vc_column_text] Env\u00eda un correo electr\u00f3nico a Puedes ponerte en contacto a trav\u00e9s de nuestro formulario de contacto o por correo electr\u00f3nico en info@gezonde-darmflora.nl.[\/vc_column_text][\/vc_column][vc_column width=\u00bb1\/3&#8243;][vc_column_text]\u2026 Leer m\u00e1s &raquo;","og_url":"https:\/\/gezonde-darmflora.nl\/es\/atencion-al-cliente\/","og_site_name":"Gezonde Darmflora","article_modified_time":"2025-01-27T15:17:12+00:00","twitter_card":"summary_large_image","twitter_misc":{"Tiempo de lectura":"1 minuto"},"schema":{"@context":"https:\/\/schema.org","@graph":[{"@type":"WebPage","@id":"https:\/\/gezonde-darmflora.nl\/es\/atencion-al-cliente\/","url":"https:\/\/gezonde-darmflora.nl\/es\/atencion-al-cliente\/","name":"Atenci\u00f3n al cliente &#8211; Gezonde Darmflora","isPartOf":{"@id":"https:\/\/gezonde-darmflora.nl\/es\/#website"},"datePublished":"2020-08-03T11:10:24+00:00","dateModified":"2025-01-27T15:17:12+00:00","breadcrumb":{"@id":"https:\/\/gezonde-darmflora.nl\/es\/atencion-al-cliente\/#breadcrumb"},"inLanguage":"es","potentialAction":[{"@type":"ReadAction","target":["https:\/\/gezonde-darmflora.nl\/es\/atencion-al-cliente\/"]}]},{"@type":"BreadcrumbList","@id":"https:\/\/gezonde-darmflora.nl\/es\/atencion-al-cliente\/#breadcrumb","itemListElement":[{"@type":"ListItem","position":1,"name":"Home","item":"https:\/\/gezonde-darmflora.nl\/es\/"},{"@type":"ListItem","position":2,"name":"Atenci\u00f3n al cliente"}]},{"@type":"WebSite","@id":"https:\/\/gezonde-darmflora.nl\/es\/#website","url":"https:\/\/gezonde-darmflora.nl\/es\/","name":"Gezonde Darmflora","description":"Een gezonde &amp; natuurlijke darmflora","potentialAction":[{"@type":"SearchAction","target":{"@type":"EntryPoint","urlTemplate":"https:\/\/gezonde-darmflora.nl\/es\/?s={search_term_string}"},"query-input":{"@type":"PropertyValueSpecification","valueRequired":true,"valueName":"search_term_string"}}],"inLanguage":"es"}]}},"_links":{"self":[{"href":"https:\/\/gezonde-darmflora.nl\/es\/wp-json\/wp\/v2\/pages\/14993","targetHints":{"allow":["GET"]}}],"collection":[{"href":"https:\/\/gezonde-darmflora.nl\/es\/wp-json\/wp\/v2\/pages"}],"about":[{"href":"https:\/\/gezonde-darmflora.nl\/es\/wp-json\/wp\/v2\/types\/page"}],"author":[{"embeddable":true,"href":"https:\/\/gezonde-darmflora.nl\/es\/wp-json\/wp\/v2\/users\/4"}],"replies":[{"embeddable":true,"href":"https:\/\/gezonde-darmflora.nl\/es\/wp-json\/wp\/v2\/comments?post=14993"}],"version-history":[{"count":1,"href":"https:\/\/gezonde-darmflora.nl\/es\/wp-json\/wp\/v2\/pages\/14993\/revisions"}],"predecessor-version":[{"id":15003,"href":"https:\/\/gezonde-darmflora.nl\/es\/wp-json\/wp\/v2\/pages\/14993\/revisions\/15003"}],"wp:attachment":[{"href":"https:\/\/gezonde-darmflora.nl\/es\/wp-json\/wp\/v2\/media?parent=14993"}],"curies":[{"name":"wp","href":"https:\/\/api.w.org\/{rel}","templated":true}]}}