{"id":14973,"date":"2021-03-08T17:17:33","date_gmt":"2021-03-08T16:17:33","guid":{"rendered":"https:\/\/gezonde-darmflora.nl\/ponte-a-prueba\/"},"modified":"2025-09-22T15:38:27","modified_gmt":"2025-09-22T13:38:27","slug":"ponte-a-prueba","status":"publish","type":"page","link":"https:\/\/gezonde-darmflora.nl\/es\/ponte-a-prueba\/","title":{"rendered":"Ponte a prueba"},"content":{"rendered":"<div class=\"wpb-content-wrapper\"><p>[vc_row full_width=\u00bbstretch_row_content_no_spaces\u00bb][vc_column]\r\n    <div class=\"page-title\">\r\n        <div class=\"container\">\r\n            <div class=\"row\">\r\n                <div class=\"col\">\r\n                    <h1>\u00a1Ponte a prueba!<\/h1>\r\n                <\/div>\r\n            <\/div>\r\n        <\/div>\r\n    <\/div>\r\n\r\n    [\/vc_column][\/vc_row][vc_row][vc_column offset=\u00bbvc_col-md-8&#8243;][vc_column_text css=\u00bb\u00bb]El TFM consiste en reponer las bacterias que faltan con el fin de restablecer el equilibrio de tu flora intestinal, \u00abtu ecosistema\u00bb.<\/p>\n<p>Hoy en d\u00eda, un an\u00e1lisis <b>del microbioma<\/b> es una buena forma de trazar un mapa de c\u00f3mo es tu ecosistema.<\/p>\n<p>Con una <b>prueba de pat <\/b>\u00f3genos, llevamos a\u00f1os midiendo qu\u00e9 \u00abpat\u00f3genos\u00bb viven en tu cuerpo. Tras 4 a\u00f1os de intensa colaboraci\u00f3n con MGlab &amp; Advies, por fin podemos ofrecerte un test del microbioma y un test de pat\u00f3genos.<\/p>\n<p>Adem\u00e1s, \u00a1a nuestro equipo se une la terapeuta ortomolecular, terapeuta kPNI y ex atleta de \u00e9lite Annette ter Heijden!<\/p>\n<p><strong>ATENCI\u00d3N: \u00a1NO ES NECESARIO REALIZAR NINGUNA PRUEBA PARA REALIZAR UN PEDIDO DE FMT!<\/strong><\/p>\n<p>[\/vc_column_text]<div class=\"eye_empty_space pt-md-5 pb-md-5   pt-4 pb-4\"><\/div>[\/vc_column][vc_column offset=\u00bbvc_col-md-4&#8243; el_class=\u00bbmb-5 mb-lg-0&#8243;][vc_single_image image=\u00bb10900&#8243; img_size=\u00bbfull\u00bb css=\u00bb\u00bb][\/vc_column][\/vc_row][vc_section full_width=\u00bbstretch_row\u00bb el_class=\u00bbbg-green\u00bb][vc_row][vc_column width=\u00bb1\/4&#8243;][vc_single_image image=\u00bb10786&#8243; img_size=\u00bbfull\u00bb css=\u00bb\u00bb][\/vc_column][vc_column width=\u00bb3\/4&#8243;][vc_column_text css=\u00bb\u00bb]<\/p>\n<h1><b>Microbioma. \u00a1Pon a prueba tu mundo interior! <\/b><\/h1>\n<p>Ahora sabemos que el microbioma es tu propio ecosistema, responsable de tu clima.<\/p>\n<p><b>T\u00fa eres el anfitri\u00f3n, el hu\u00e9sped de este organismo. Si cuidas bien de ellas, \u00a1todas esas bacterias cuidar\u00e1n bien de ti a su vez! <\/b><\/p>\n<p>Este organismo, por lo que sabemos, es una red de 100 billones de bacterias. Existen hasta 10.000 especies. De las cuales se supone que todo el mundo tiene unas 600. De ellas, \u00a130 especies son esenciales!<\/p>\n<p>Tu microbioma es una red de enlaces que se comunican entre s\u00ed e incluso con tu cerebro. (Tengo hambre. Estoy lleno, o necesito ir al ba\u00f1o, mariposas en el est\u00f3mago, etc.)<\/p>\n<p>Cada eslab\u00f3n tiene una tarea y la naturaleza es tan inteligente que hay un grupo de bacterias disponibles para cada tarea. Si se te escapa una especie, debido al uso prolongado o frecuente de antibi\u00f3ticos, por ejemplo, eso no tiene por qu\u00e9 ser malo. Pero si en alg\u00fan momento pasas por alto todas las especies de ese \u00fanico eslab\u00f3n, \u00a1entonces esa tarea ya no se realiza!<\/p>\n<p><strong>Si falla un enlace, puedes compararlo con la rueda de un reloj suizo que deja de funcionar. Tu reloj sigue funcionando, pero de repente esta funci\u00f3n no lo hace, luego de repente la siguiente funci\u00f3n no lo hace, etc. <\/strong><\/p>\n<p>Y \u00e9ste no es el \u00fanico problema. Al desaparecer las especies, otras bacterias, buenas o malas, tienen espacio para (sobre)crecer. Tu flora intestinal, tu ecosistema, se ha desequilibrado&#8230;.<\/p>\n<p><strong>El crecimiento excesivo puede compararse a un animal en un ecosistema que de repente se queda sin enemigos.<\/strong><\/p>\n<h2><a href=\"https:\/\/gezonde-darmflora.nl\/es\/ponte-a-prueba-compila\/\"><b><i>Haz clic aqu\u00ed para una prueba del microbioma<\/i><\/b><\/a><\/h2>\n<p>Obtendr\u00e1s exactamente el mismo informe sobre el microbioma que nuestros donantes. As\u00ed podr\u00e1s ver con cu\u00e1l de los donantes tienes m\u00e1s probabilidades de tener \u00e9xito.<\/p>\n<p>Especies bacterianas que has echado de menos\/de las que te has librado, quieres la mayor cantidad posible del donante. Especies bacterianas que has cultivado en exceso, quieres las menos posibles del donante.<\/p>\n<p><strong>Nota: Las personas s\u00f3lo conocen entre el 15 y el 20% del microbioma. <\/strong><\/p>\n<p><strong>El proceso desde la presentaci\u00f3n hasta el informe final puede durar hasta un mes.<\/strong>[\/vc_column_text][\/vc_column][\/vc_row][\/vc_section][vc_row content_placement=\u00bbmiddle\u00bb][vc_column width=\u00bb1\/2&#8243;]<div class=\"eye_empty_space pt-md-5 pb-md-5   pt-4 pb-4\"><\/div>[vc_column_text css=\u00bb\u00bb]<\/p>\n<h2><b>Pat\u00f3genos: Analiza los pat\u00f3genos de tu cuerpo. <\/b><\/h2>\n<p>Por desgracia, no puedes evitar contraer agentes pat\u00f3genos. Un par\u00e1sito, por ejemplo, es muy com\u00fan y muy contagioso. Si alguien tiene uno, y no se ha lavado las manos, y luego te prepara un buen bocadillo&#8230;.<\/p>\n<p>Por supuesto, hay muchos tipos de pat\u00f3genos.<\/p>\n<h2><a href=\"https:\/\/gezonde-darmflora.nl\/es\/elegir-tu-mismo-la-region-de-prueba\/\"><b><i>Haz clic aqu\u00ed para las pruebas de pat\u00f3genos <\/i><\/b><\/a><\/h2>\n<p>Recibir\u00e1s un resumen de MGlab y consejos con una explicaci\u00f3n clara y con una terapia natural o consejos sobre los pat\u00f3genos encontrados.<\/p>\n<p>La mayor\u00eda de las pruebas se realizan mediante la t\u00e9cnica PCR.<\/p>\n<p><a href=\"https:\/\/gezonde-darmflora.nl\/es\/explicacion-de-las-pruebas-pcr-por-nuestro-tecnico-jefe-de-laboratorio\/\"><b>Haz clic aqu\u00ed para ver una explicaci\u00f3n de las pruebas PCR por nuestro t\u00e9cnico jefe de laboratorio<\/b> <\/a>[\/vc_column_text]<div class=\"eye_empty_space pt-md-5 pb-md-5   pt-4 pb-4\"><\/div>[\/vc_column][vc_column offset=\u00bbvc_col-md-4&#8243; el_class=\u00bbmb-5 mb-lg-0&#8243;][vc_single_image image=\u00bb10788&#8243; img_size=\u00bbfull\u00bb css=\u00bb\u00bb][\/vc_column][\/vc_row][vc_section full_width=\u00bbstretch_row\u00bb el_class=\u00bbbg-green\u00bb][vc_row gap=\u00bb15&#8243; equal_height=\u00bbyes\u00bb][vc_column width=\u00bb1\/4&#8243;]\r\n    <div class=\"blob-image-wrap\">\r\n        <img decoding=\"async\" src=\"https:\/\/gezonde-darmflora.nl\/wp-content\/uploads\/2024\/04\/annette-500.jpg\">\r\n    <\/div>\r\n    <p class=\"blob-image__caption\"><\/p>\r\n\r\n    [\/vc_column][vc_column width=\u00bb3\/4&#8243;][vc_column_text css=\u00bb\u00bb]<\/p>\n<h1><b>Annette ter Heijden, <\/b><\/h1>\n<p>Cuando se trata de nutrici\u00f3n, pat\u00f3genos (agentes causantes de enfermedades) y microbioma, Annette es el lugar donde hay que estar. \u00a1La primera l\u00ednea de ayuda de nuestro laboratorio!<\/p>\n<p>Una aut\u00e9ntica experta en \u00abnutrici\u00f3n para el intestino\u00bb y ex deportista de \u00e9lite.<\/p>\n<p><b>\u00a1Solicita una entrevista introductoria online con Annette! <\/b><\/p>\n<p><b> <a href=\"https:\/\/www.fysikosvoeding.nl\/contact\/\">annette@fysikosvoeding.nl <\/a><\/b><\/p>\n<p><a href=\"https:\/\/www.fysikosvoeding.nl\/\">(physikosnutrition.co.uk)<\/a><\/p>\n<p><b>Mediante un cuestionario y una conversaci\u00f3n, Annette puede darte consejos espec\u00edficos sobre lo que mejor se te da y, si es necesario, puedes discutir con ella un plan de tratamiento.<\/b><\/p>\n<p>Annette tiene m\u00e1s de 20 a\u00f1os de experiencia en el campo de la \u00abnutrici\u00f3n para el intestino\u00bb e imparte conferencias y talleres. En el asesoramiento personal, te ayuda a pensar, reflexionar y te da consejos para que la nutrici\u00f3n sea factible y eficaz en tu propia situaci\u00f3n. La ejecuci\u00f3n, por supuesto, \u00a1depende de ti!<\/p>\n<p>Annette est\u00e1 muy familiarizada con las pruebas de pat\u00f3genos y con la evoluci\u00f3n de un nuevo fen\u00f3meno, el informe sobre el microbioma.<\/p>\n<p>Ha unido fuerzas con la tambi\u00e9n terapeuta de kPNI Jolanda Dorenbos. Juntas han fundado darmexpert.nl y ense\u00f1an a terapeutas, dietistas y m\u00e9dicos.<\/p>\n<p>Jolanda tiene 25 a\u00f1os de experiencia y es autora del libro \u00abOERsterk koken\u00bb.[\/vc_column_text][\/vc_column][\/vc_row][\/vc_section][vc_row content_placement=\u00bbbottom\u00bb][vc_column width=\u00bb1\/12&#8243;][\/vc_column][vc_column width=\u00bb5\/6&#8243;]<div class=\"eye_empty_space pt-md-5 pb-md-5   pt-4 pb-4\"><\/div>[vc_column_text css=\u00bb\u00bb]<strong>Por favor, ten en cuenta<\/strong> que: debido a que no existen m\u00e1s investigaciones y que, por tanto, el trasplante no est\u00e1 cl\u00ednicamente probado, la compra de las c\u00e1psulas de caca y los paquetes de flora intestinal, y lo que hagas con ellos, es enteramente responsabilidad tuya. Por tanto, lee atentamente las <a href=\"https:\/\/gezonde-darmflora.nl\/es\/condiciones-generales\/\">condiciones<\/a> antes de firmar.[\/vc_column_text]<div class=\"eye_empty_space pt-md-5 pb-md-5   pt-4 pb-4\"><\/div>[\/vc_column][vc_column width=\u00bb1\/12&#8243;][\/vc_column][\/vc_row][vc_section full_width=\u00bbstretch_row\u00bb el_class=\u00bbbg-green\u00bb][vc_row][vc_column]<div class=\"eye_empty_space pt-md-4 pb-md-4   pt-3 pb-3\"><\/div>\r\n    <div class=\"home-reviews\">\r\n        <div class=\"row d-flex\">\r\n                                                <div class=\"col-lg-4 d-flex\">\r\n                        <div class=\"review-card\">\r\n                            <h6>N<\/h6>\r\n                            <span style=\"font-size: 1rem\">DF7\" \"DF6<\/span>\r\n                            <div class=\"review-card__stars\">\r\n                                <i class=\"fas fa-star\"><\/i>\r\n                                <i class=\"fas fa-star\"><\/i>\r\n                                <i class=\"fas fa-star\"><\/i>\r\n                                <i class=\"fas fa-star\"><\/i>\r\n                                <i class=\"fas fa-star\"><\/i>\r\n                            <\/div>\r\n\r\n                            <p>Ten\u00eda mucho miedo de hacer este procedimiento, pero estoy muy contenta de haberlo hecho. Hab\u00eda destruido mi flora intestinal con antibi\u00f3ticos mientras intentaba resolver mi Intolerancia a la histamina. B\u00e1sicamente estaba postrada en el sof\u00e1 y sufr\u00eda dolores constantes debido a los problemas intestinales. Tambi\u00e9n ten\u00eda problemas mentales muy graves desde que tom\u00e9 los antibi\u00f3ticos.\u2026 <a href=\"https:\/\/gezonde-darmflora.nl\/es\/review\/n\/\">Leer m\u00e1s &raquo;<\/a><\/p>\r\n                        <\/div>\r\n                    <\/div>\r\n                                    <div class=\"col-lg-4 d-flex\">\r\n                        <div class=\"review-card\">\r\n                            <h6>An\u00f3nimo (EEUU)<\/h6>\r\n                            <span style=\"font-size: 1rem\">DF7 DF6<\/span>\r\n                            <div class=\"review-card__stars\">\r\n                                <i class=\"fas fa-star\"><\/i>\r\n                                <i class=\"fas fa-star\"><\/i>\r\n                                <i class=\"fas fa-star\"><\/i>\r\n                                <i class=\"fas fa-star\"><\/i>\r\n                                <i class=\"fas fa-star\"><\/i>\r\n                            <\/div>\r\n\r\n                            <p>Este producto cambi\u00f3 literalmente mi vida. Adem\u00e1s de problemas estomacales e intestinales, sufr\u00ed durante a\u00f1os fatiga debilitante, dolor cr\u00f3nico, niebla cerebral y alergias graves. Me sent\u00eda fatal constantemente, apenas pod\u00eda funcionar y s\u00f3lo pod\u00eda hacer lo m\u00ednimo para sobrevivir, y a veces ni siquiera eso. Fueron a\u00f1os miserables y desperdiciados de mi vida. Me di\u2026 <a href=\"https:\/\/gezonde-darmflora.nl\/es\/review\/anonimo-eeuu\/\">Leer m\u00e1s &raquo;<\/a><\/p>\r\n                        <\/div>\r\n                    <\/div>\r\n                                    <div class=\"col-lg-4 d-flex\">\r\n                        <div class=\"review-card\">\r\n                            <h6>Javier (Espa\u00f1a)<\/h6>\r\n                            <span style=\"font-size: 1rem\">DF6<\/span>\r\n                            <div class=\"review-card__stars\">\r\n                                <i class=\"fas fa-star\"><\/i>\r\n                                <i class=\"fas fa-star\"><\/i>\r\n                                <i class=\"fas fa-star\"><\/i>\r\n                                <i class=\"fas fa-star\"><\/i>\r\n                                <i class=\"fas fa-star\"><\/i>\r\n                            <\/div>\r\n\r\n                            <p>Despues de casi un a\u00f1o desde el primer FMT (DF6) puedo asegurar que ha sido una herramienta muy util. Ten\u00eda una disbiosis dominada por P.Copri, tras el ajuste de dieta, suplementos y FMTs he conseguido reequilibrar y estabilizar la flora. P copri esta ahora en abundancia mucho menor y el genero Bacteroides se ha recuperado\u2026 <a href=\"https:\/\/gezonde-darmflora.nl\/es\/review\/javier-espana\/\">Leer m\u00e1s &raquo;<\/a><\/p>\r\n                        <\/div>\r\n                    <\/div>\r\n                                    <\/div>\r\n\r\n    <\/div>\r\n\r\n    [\/vc_column][\/vc_row][\/vc_section][vc_row full_width=\u00bbstretch_row_content_no_spaces\u00bb css=\u00bb.vc_custom_1593680854494{margin-bottom: -10rem !important;}\u00bb][vc_column]\r\n    <a href=\"https:\/\/gezonde-darmflora.nl\/poeppillen-bestellen\/\" target=\"\" class=\"no-underline\">\r\n\r\n        <div class=\"cta\" style=\"background-image: url('https:\/\/gezonde-darmflora.nl\/wp-content\/uploads\/2020\/08\/darmflora-gezondheid.jpg')\">\r\n            <div class=\"container\">\r\n                <div class=\"row\">\r\n                    <div class=\"col-12\">\r\n                        <p>\r\n                            <\/p>\n<h3>\u00bfTambi\u00e9n ayudas a tu flora intestinal a mantenerse sana?<\/h3>\n<h4>En nuestra tienda encontrar\u00e1s todo lo que necesitas.<\/h4>\n<p>                        <\/p>\r\n                        <div class=\"cta__button svg-btn svg-btn-darkgreen\">\r\n                            <svg xmlns=\"http:\/\/www.w3.org\/2000\/svg\" width=\"50\" height=\"50\" viewBox=\"0 0 55 50\"><defs><\/defs><g id=\"Layer_2\" data-name=\"Layer 2\"><g id=\"Layer_1-2\" data-name=\"Layer 1\"><path width=\"100%\" height=\"100%\" class=\"anime\" d=\"M1.16,31.86C5.61,44.26,19.3,52,32.23,49.6C40.23,48.11,48.89,42.33,51.61,34.400000000000006C53.61,28.510000000000005,51.839999999999996,22.550000000000004,49.23,17.210000000000004C46.23,10.990000000000006,43.06999999999999,4.210000000000004,36.29,1.270000000000005C31,-1,24.8,0,19.64,2.49A45,45,0,0,0,10.57,8.66C8.39,10.5,5.430000000000001,12.280000000000001,3.6400000000000006,14.46C-0.3,19.28,-0.9,26.13,1.16,31.86Z\"\/><\/g><\/g><\/svg>\r\n                            <i class=\"far fa-long-arrow-alt-right\"><\/i>\r\n                        <\/div>\r\n                    <\/div>\r\n                <\/div>\r\n            <\/div>\r\n        <\/div>\r\n\r\n    <\/a>\r\n\r\n    [\/vc_column][\/vc_row]<\/p>\n<\/div>","protected":false},"excerpt":{"rendered":"<p>[vc_row full_width=\u00bbstretch_row_content_no_spaces\u00bb][vc_column][\/vc_column][\/vc_row][vc_row][vc_column offset=\u00bbvc_col-md-8&#8243;][vc_column_text css=\u00bb\u00bb]El TFM consiste en reponer las bacterias que faltan con el fin de restablecer el equilibrio de tu flora intestinal, \u00abtu ecosistema\u00bb. Hoy en d\u00eda, un an\u00e1lisis del microbioma es una buena forma de trazar un mapa de c\u00f3mo es tu ecosistema. Con una prueba de pat \u00f3genos, llevamos a\u00f1os midiendo qu\u00e9\u2026 <a href=\"https:\/\/gezonde-darmflora.nl\/es\/review\/javier-espana\/\">Leer m\u00e1s &raquo;<\/a><\/p>\n","protected":false},"author":3,"featured_media":14974,"parent":0,"menu_order":0,"comment_status":"closed","ping_status":"closed","template":"","meta":{"_acf_changed":false,"footnotes":""},"class_list":["post-14973","page","type-page","status-publish","has-post-thumbnail","hentry"],"acf":[],"yoast_head":"<!-- This site is optimized with the Yoast SEO plugin v27.1.1 - https:\/\/yoast.com\/product\/yoast-seo-wordpress\/ -->\n<title>&#8211; An\u00e1lisis de la flora intestinal Gezonde Darmflora<\/title>\n<meta name=\"description\" content=\"Como ten\u00edamos que buscar nosotros mismos un laboratorio que analizara en nuestro nombre las heces de los donantes &quot;potenciales&quot;, hicimos inmediatamente la petici\u00f3n de que prepararan &quot;kits de an\u00e1lisis de la flora intestinal&quot;.\" \/>\n<meta name=\"robots\" content=\"index, follow, max-snippet:-1, max-image-preview:large, max-video-preview:-1\" \/>\n<link rel=\"canonical\" href=\"https:\/\/gezonde-darmflora.nl\/es\/ponte-a-prueba\/\" \/>\n<meta property=\"og:locale\" content=\"es_ES\" \/>\n<meta property=\"og:type\" content=\"article\" \/>\n<meta property=\"og:title\" content=\"&#8211; An\u00e1lisis de la flora intestinal Gezonde Darmflora\" \/>\n<meta property=\"og:description\" content=\"Como ten\u00edamos que buscar nosotros mismos un laboratorio que analizara en nuestro nombre las heces de los donantes &quot;potenciales&quot;, hicimos inmediatamente la petici\u00f3n de que prepararan &quot;kits de an\u00e1lisis de la flora intestinal&quot;.\" \/>\n<meta property=\"og:url\" content=\"https:\/\/gezonde-darmflora.nl\/es\/ponte-a-prueba\/\" \/>\n<meta property=\"og:site_name\" content=\"Gezonde Darmflora\" \/>\n<meta property=\"article:modified_time\" content=\"2025-09-22T13:38:27+00:00\" \/>\n<meta property=\"og:image\" content=\"https:\/\/gezonde-darmflora.nl\/wp-content\/uploads\/2023\/08\/entertypen-website-nieuw-2.png\" \/>\n\t<meta property=\"og:image:width\" content=\"1987\" \/>\n\t<meta property=\"og:image:height\" content=\"2451\" \/>\n\t<meta property=\"og:image:type\" content=\"image\/png\" \/>\n<meta name=\"twitter:card\" content=\"summary_large_image\" \/>\n<meta name=\"twitter:label1\" content=\"Tiempo de lectura\" \/>\n\t<meta name=\"twitter:data1\" content=\"5 minutos\" \/>\n<script type=\"application\/ld+json\" class=\"yoast-schema-graph\">{\"@context\":\"https:\/\/schema.org\",\"@graph\":[{\"@type\":\"WebPage\",\"@id\":\"https:\/\/gezonde-darmflora.nl\/es\/ponte-a-prueba\/\",\"url\":\"https:\/\/gezonde-darmflora.nl\/es\/ponte-a-prueba\/\",\"name\":\"&#8211; An\u00e1lisis de la flora intestinal Gezonde Darmflora\",\"isPartOf\":{\"@id\":\"https:\/\/gezonde-darmflora.nl\/es\/#website\"},\"primaryImageOfPage\":{\"@id\":\"https:\/\/gezonde-darmflora.nl\/es\/ponte-a-prueba\/#primaryimage\"},\"image\":{\"@id\":\"https:\/\/gezonde-darmflora.nl\/es\/ponte-a-prueba\/#primaryimage\"},\"thumbnailUrl\":\"https:\/\/gezonde-darmflora.nl\/wp-content\/uploads\/2023\/08\/entertypen-website-nieuw-2.png\",\"datePublished\":\"2021-03-08T16:17:33+00:00\",\"dateModified\":\"2025-09-22T13:38:27+00:00\",\"description\":\"Como ten\u00edamos que buscar nosotros mismos un laboratorio que analizara en nuestro nombre las heces de los donantes \\\"potenciales\\\", hicimos inmediatamente la petici\u00f3n de que prepararan \\\"kits de an\u00e1lisis de la flora intestinal\\\".\",\"breadcrumb\":{\"@id\":\"https:\/\/gezonde-darmflora.nl\/es\/ponte-a-prueba\/#breadcrumb\"},\"inLanguage\":\"es\",\"potentialAction\":[{\"@type\":\"ReadAction\",\"target\":[\"https:\/\/gezonde-darmflora.nl\/es\/ponte-a-prueba\/\"]}]},{\"@type\":\"ImageObject\",\"inLanguage\":\"es\",\"@id\":\"https:\/\/gezonde-darmflora.nl\/es\/ponte-a-prueba\/#primaryimage\",\"url\":\"https:\/\/gezonde-darmflora.nl\/wp-content\/uploads\/2023\/08\/entertypen-website-nieuw-2.png\",\"contentUrl\":\"https:\/\/gezonde-darmflora.nl\/wp-content\/uploads\/2023\/08\/entertypen-website-nieuw-2.png\",\"width\":1987,\"height\":2451},{\"@type\":\"BreadcrumbList\",\"@id\":\"https:\/\/gezonde-darmflora.nl\/es\/ponte-a-prueba\/#breadcrumb\",\"itemListElement\":[{\"@type\":\"ListItem\",\"position\":1,\"name\":\"Home\",\"item\":\"https:\/\/gezonde-darmflora.nl\/es\/\"},{\"@type\":\"ListItem\",\"position\":2,\"name\":\"Ponte a prueba\"}]},{\"@type\":\"WebSite\",\"@id\":\"https:\/\/gezonde-darmflora.nl\/es\/#website\",\"url\":\"https:\/\/gezonde-darmflora.nl\/es\/\",\"name\":\"Gezonde Darmflora\",\"description\":\"Een gezonde &amp; natuurlijke darmflora\",\"potentialAction\":[{\"@type\":\"SearchAction\",\"target\":{\"@type\":\"EntryPoint\",\"urlTemplate\":\"https:\/\/gezonde-darmflora.nl\/es\/?s={search_term_string}\"},\"query-input\":{\"@type\":\"PropertyValueSpecification\",\"valueRequired\":true,\"valueName\":\"search_term_string\"}}],\"inLanguage\":\"es\"}]}<\/script>\n<!-- \/ Yoast SEO plugin. -->","yoast_head_json":{"title":"&#8211; An\u00e1lisis de la flora intestinal Gezonde Darmflora","description":"Como ten\u00edamos que buscar nosotros mismos un laboratorio que analizara en nuestro nombre las heces de los donantes \"potenciales\", hicimos inmediatamente la petici\u00f3n de que prepararan \"kits de an\u00e1lisis de la flora intestinal\".","robots":{"index":"index","follow":"follow","max-snippet":"max-snippet:-1","max-image-preview":"max-image-preview:large","max-video-preview":"max-video-preview:-1"},"canonical":"https:\/\/gezonde-darmflora.nl\/es\/ponte-a-prueba\/","og_locale":"es_ES","og_type":"article","og_title":"&#8211; An\u00e1lisis de la flora intestinal Gezonde Darmflora","og_description":"Como ten\u00edamos que buscar nosotros mismos un laboratorio que analizara en nuestro nombre las heces de los donantes \"potenciales\", hicimos inmediatamente la petici\u00f3n de que prepararan \"kits de an\u00e1lisis de la flora intestinal\".","og_url":"https:\/\/gezonde-darmflora.nl\/es\/ponte-a-prueba\/","og_site_name":"Gezonde Darmflora","article_modified_time":"2025-09-22T13:38:27+00:00","og_image":[{"width":1987,"height":2451,"url":"https:\/\/gezonde-darmflora.nl\/wp-content\/uploads\/2023\/08\/entertypen-website-nieuw-2.png","type":"image\/png"}],"twitter_card":"summary_large_image","twitter_misc":{"Tiempo de lectura":"5 minutos"},"schema":{"@context":"https:\/\/schema.org","@graph":[{"@type":"WebPage","@id":"https:\/\/gezonde-darmflora.nl\/es\/ponte-a-prueba\/","url":"https:\/\/gezonde-darmflora.nl\/es\/ponte-a-prueba\/","name":"&#8211; An\u00e1lisis de la flora intestinal Gezonde Darmflora","isPartOf":{"@id":"https:\/\/gezonde-darmflora.nl\/es\/#website"},"primaryImageOfPage":{"@id":"https:\/\/gezonde-darmflora.nl\/es\/ponte-a-prueba\/#primaryimage"},"image":{"@id":"https:\/\/gezonde-darmflora.nl\/es\/ponte-a-prueba\/#primaryimage"},"thumbnailUrl":"https:\/\/gezonde-darmflora.nl\/wp-content\/uploads\/2023\/08\/entertypen-website-nieuw-2.png","datePublished":"2021-03-08T16:17:33+00:00","dateModified":"2025-09-22T13:38:27+00:00","description":"Como ten\u00edamos que buscar nosotros mismos un laboratorio que analizara en nuestro nombre las heces de los donantes \"potenciales\", hicimos inmediatamente la petici\u00f3n de que prepararan \"kits de an\u00e1lisis de la flora intestinal\".","breadcrumb":{"@id":"https:\/\/gezonde-darmflora.nl\/es\/ponte-a-prueba\/#breadcrumb"},"inLanguage":"es","potentialAction":[{"@type":"ReadAction","target":["https:\/\/gezonde-darmflora.nl\/es\/ponte-a-prueba\/"]}]},{"@type":"ImageObject","inLanguage":"es","@id":"https:\/\/gezonde-darmflora.nl\/es\/ponte-a-prueba\/#primaryimage","url":"https:\/\/gezonde-darmflora.nl\/wp-content\/uploads\/2023\/08\/entertypen-website-nieuw-2.png","contentUrl":"https:\/\/gezonde-darmflora.nl\/wp-content\/uploads\/2023\/08\/entertypen-website-nieuw-2.png","width":1987,"height":2451},{"@type":"BreadcrumbList","@id":"https:\/\/gezonde-darmflora.nl\/es\/ponte-a-prueba\/#breadcrumb","itemListElement":[{"@type":"ListItem","position":1,"name":"Home","item":"https:\/\/gezonde-darmflora.nl\/es\/"},{"@type":"ListItem","position":2,"name":"Ponte a prueba"}]},{"@type":"WebSite","@id":"https:\/\/gezonde-darmflora.nl\/es\/#website","url":"https:\/\/gezonde-darmflora.nl\/es\/","name":"Gezonde Darmflora","description":"Een gezonde &amp; natuurlijke darmflora","potentialAction":[{"@type":"SearchAction","target":{"@type":"EntryPoint","urlTemplate":"https:\/\/gezonde-darmflora.nl\/es\/?s={search_term_string}"},"query-input":{"@type":"PropertyValueSpecification","valueRequired":true,"valueName":"search_term_string"}}],"inLanguage":"es"}]}},"_links":{"self":[{"href":"https:\/\/gezonde-darmflora.nl\/es\/wp-json\/wp\/v2\/pages\/14973","targetHints":{"allow":["GET"]}}],"collection":[{"href":"https:\/\/gezonde-darmflora.nl\/es\/wp-json\/wp\/v2\/pages"}],"about":[{"href":"https:\/\/gezonde-darmflora.nl\/es\/wp-json\/wp\/v2\/types\/page"}],"author":[{"embeddable":true,"href":"https:\/\/gezonde-darmflora.nl\/es\/wp-json\/wp\/v2\/users\/3"}],"replies":[{"embeddable":true,"href":"https:\/\/gezonde-darmflora.nl\/es\/wp-json\/wp\/v2\/comments?post=14973"}],"version-history":[{"count":9,"href":"https:\/\/gezonde-darmflora.nl\/es\/wp-json\/wp\/v2\/pages\/14973\/revisions"}],"predecessor-version":[{"id":18203,"href":"https:\/\/gezonde-darmflora.nl\/es\/wp-json\/wp\/v2\/pages\/14973\/revisions\/18203"}],"wp:featuredmedia":[{"embeddable":true,"href":"https:\/\/gezonde-darmflora.nl\/es\/wp-json\/wp\/v2\/media\/14974"}],"wp:attachment":[{"href":"https:\/\/gezonde-darmflora.nl\/es\/wp-json\/wp\/v2\/media?parent=14973"}],"curies":[{"name":"wp","href":"https:\/\/api.w.org\/{rel}","templated":true}]}}