{"id":14967,"date":"2020-08-03T13:08:15","date_gmt":"2020-08-03T11:08:15","guid":{"rendered":"https:\/\/gezonde-darmflora.nl\/procedimiento-de-reclamacion\/"},"modified":"2025-01-27T16:17:12","modified_gmt":"2025-01-27T15:17:12","slug":"procedimiento-de-reclamacion","status":"publish","type":"page","link":"https:\/\/gezonde-darmflora.nl\/es\/procedimiento-de-reclamacion\/","title":{"rendered":"Procedimiento de reclamaci\u00f3n"},"content":{"rendered":"<div class=\"wpb-content-wrapper\"><p>[vc_row full_width=\u00bbstretch_row_content_no_spaces\u00bb][vc_column]\r\n    <div class=\"page-title\">\r\n        <div class=\"container\">\r\n            <div class=\"row\">\r\n                <div class=\"col\">\r\n                    <h1>\u00bfQu\u00e9 hacer en caso de denuncia?<\/h1>\r\n                <\/div>\r\n            <\/div>\r\n        <\/div>\r\n    <\/div>\r\n\r\n    [\/vc_column][\/vc_row][vc_row][vc_column width=\u00bb2\/3&#8243;][vc_column_text]Estaremos encantados de ayudarte con tu problema y\/o queja. Ponte <a href=\"https:\/\/gezonde-darmflora.nl\/es\/ponte-en-contacto-con\/\">en<\/a> contacto con nuestro equipo de atenci\u00f3n al cliente. Haremos todo lo posible por atender tu consulta en un plazo de 24 horas*. \u00bfNo est\u00e1s satisfecho con la gesti\u00f3n de tu reclamaci\u00f3n? Consulta nuestras condiciones generales. *Nuestro objetivo es tramitar todas las reclamaciones\/preguntas en un plazo de 24 horas, pero en cualquier caso responderemos a tu reclamaci\u00f3n en un plazo de 14 d\u00edas.<\/p>\n<p>[\/vc_column_text][\/vc_column][vc_column width=\u00bb1\/3&#8243;]\r\n    <div class=\"blob-image-wrap\">\r\n        <img decoding=\"async\" src=\"https:\/\/gezonde-darmflora.nl\/wp-content\/uploads\/2020\/08\/Fecale-Microbiota-transplantatie-FMT.jpg\">\r\n    <\/div>\r\n    <p class=\"blob-image__caption\"><\/p>\r\n\r\n    [\/vc_column][\/vc_row][vc_row][vc_column]<div class=\"eye_empty_space pt-md-5 pb-md-5   pt-4 pb-4\"><\/div>[\/vc_column][\/vc_row][vc_row][vc_column width=\u00bb1\/3&#8243;][vc_column_text]<\/p>\n<h5>Preguntas m\u00e1s frecuentes<\/h5>\n<p>\u00bfA\u00fan tienes preguntas? Consulta aqu\u00ed las <a href=\"https:\/\/gezonde-darmflora.nl\/es\/preguntas-mas-frecuentes\/\">preguntas y respuestas m\u00e1s frecuentes<\/a>.[\/vc_column_text][\/vc_column][vc_column width=\u00bb1\/3&#8243;][vc_column_text]<\/p>\n<h5>Env\u00eda un correo electr\u00f3nico a<\/h5>\n<p>Puedes ponerte en contacto con nosotros a trav\u00e9s de nuestro <a href=\"https:\/\/gezonde-darmflora.nl\/es\/ponte-en-contacto-con\/\">formulario de contacto<\/a> o por correo electr\u00f3nico a <a href=\"mailto:info@gezonde-darmflora.nl\">info[@]healthy-gutflora.co.uk<\/a>.[\/vc_column_text][\/vc_column][vc_column width=\u00bb1\/3&#8243;][vc_column_text]<\/p>\n<h5>Tel\u00e9fono<\/h5>\n<p>Los d\u00edas laborables, puedes localizarnos por tel\u00e9fono entre las 10.00 y las 13.00 horas, en el 06-22226118.[\/vc_column_text][\/vc_column][\/vc_row]<\/p>\n<\/div>","protected":false},"excerpt":{"rendered":"<p>[vc_row full_width=\u00bbstretch_row_content_no_spaces\u00bb][vc_column][\/vc_column][\/vc_row][vc_row][vc_column width=\u00bb2\/3&#8243;][vc_column_text]Estaremos encantados de ayudarte con tu problema y\/o queja. Ponte en contacto con nuestro equipo de atenci\u00f3n al cliente. Haremos todo lo posible por atender tu consulta en un plazo de 24 horas*. \u00bfNo est\u00e1s satisfecho con la gesti\u00f3n de tu reclamaci\u00f3n? Consulta nuestras condiciones generales. *Nuestro objetivo es tramitar todas las reclamaciones\/preguntas\u2026 <a href=\"https:\/\/gezonde-darmflora.nl\/es\/procedimiento-de-reclamacion\/\">Leer m\u00e1s &raquo;<\/a><\/p>\n","protected":false},"author":4,"featured_media":0,"parent":0,"menu_order":0,"comment_status":"closed","ping_status":"closed","template":"","meta":{"_acf_changed":false,"footnotes":""},"class_list":["post-14967","page","type-page","status-publish","hentry"],"acf":[],"yoast_head":"<!-- This site is optimized with the Yoast SEO plugin v27.1.1 - https:\/\/yoast.com\/product\/yoast-seo-wordpress\/ -->\n<title>Procedimiento de reclamaci\u00f3n &#8211; Gezonde Darmflora<\/title>\n<meta name=\"robots\" content=\"index, follow, max-snippet:-1, max-image-preview:large, max-video-preview:-1\" \/>\n<link rel=\"canonical\" href=\"https:\/\/gezonde-darmflora.nl\/es\/procedimiento-de-reclamacion\/\" \/>\n<meta property=\"og:locale\" content=\"es_ES\" \/>\n<meta property=\"og:type\" content=\"article\" \/>\n<meta property=\"og:title\" content=\"Procedimiento de reclamaci\u00f3n &#8211; Gezonde Darmflora\" \/>\n<meta property=\"og:description\" content=\"[vc_row full_width=\u00bbstretch_row_content_no_spaces\u00bb][vc_column][\/vc_column][\/vc_row][vc_row][vc_column width=\u00bb2\/3&#8243;][vc_column_text]Estaremos encantados de ayudarte con tu problema y\/o queja. Ponte en contacto con nuestro equipo de atenci\u00f3n al cliente. Haremos todo lo posible por atender tu consulta en un plazo de 24 horas*. \u00bfNo est\u00e1s satisfecho con la gesti\u00f3n de tu reclamaci\u00f3n? Consulta nuestras condiciones generales. *Nuestro objetivo es tramitar todas las reclamaciones\/preguntas\u2026 Leer m\u00e1s &raquo;\" \/>\n<meta property=\"og:url\" content=\"https:\/\/gezonde-darmflora.nl\/es\/procedimiento-de-reclamacion\/\" \/>\n<meta property=\"og:site_name\" content=\"Gezonde Darmflora\" \/>\n<meta property=\"article:modified_time\" content=\"2025-01-27T15:17:12+00:00\" \/>\n<meta name=\"twitter:card\" content=\"summary_large_image\" \/>\n<meta name=\"twitter:label1\" content=\"Tiempo de lectura\" \/>\n\t<meta name=\"twitter:data1\" content=\"1 minuto\" \/>\n<script type=\"application\/ld+json\" class=\"yoast-schema-graph\">{\"@context\":\"https:\/\/schema.org\",\"@graph\":[{\"@type\":\"WebPage\",\"@id\":\"https:\/\/gezonde-darmflora.nl\/es\/procedimiento-de-reclamacion\/\",\"url\":\"https:\/\/gezonde-darmflora.nl\/es\/procedimiento-de-reclamacion\/\",\"name\":\"Procedimiento de reclamaci\u00f3n &#8211; Gezonde Darmflora\",\"isPartOf\":{\"@id\":\"https:\/\/gezonde-darmflora.nl\/es\/#website\"},\"datePublished\":\"2020-08-03T11:08:15+00:00\",\"dateModified\":\"2025-01-27T15:17:12+00:00\",\"breadcrumb\":{\"@id\":\"https:\/\/gezonde-darmflora.nl\/es\/procedimiento-de-reclamacion\/#breadcrumb\"},\"inLanguage\":\"es\",\"potentialAction\":[{\"@type\":\"ReadAction\",\"target\":[\"https:\/\/gezonde-darmflora.nl\/es\/procedimiento-de-reclamacion\/\"]}]},{\"@type\":\"BreadcrumbList\",\"@id\":\"https:\/\/gezonde-darmflora.nl\/es\/procedimiento-de-reclamacion\/#breadcrumb\",\"itemListElement\":[{\"@type\":\"ListItem\",\"position\":1,\"name\":\"Home\",\"item\":\"https:\/\/gezonde-darmflora.nl\/es\/\"},{\"@type\":\"ListItem\",\"position\":2,\"name\":\"Procedimiento de reclamaci\u00f3n\"}]},{\"@type\":\"WebSite\",\"@id\":\"https:\/\/gezonde-darmflora.nl\/es\/#website\",\"url\":\"https:\/\/gezonde-darmflora.nl\/es\/\",\"name\":\"Gezonde Darmflora\",\"description\":\"Een gezonde &amp; natuurlijke darmflora\",\"potentialAction\":[{\"@type\":\"SearchAction\",\"target\":{\"@type\":\"EntryPoint\",\"urlTemplate\":\"https:\/\/gezonde-darmflora.nl\/es\/?s={search_term_string}\"},\"query-input\":{\"@type\":\"PropertyValueSpecification\",\"valueRequired\":true,\"valueName\":\"search_term_string\"}}],\"inLanguage\":\"es\"}]}<\/script>\n<!-- \/ Yoast SEO plugin. -->","yoast_head_json":{"title":"Procedimiento de reclamaci\u00f3n &#8211; Gezonde Darmflora","robots":{"index":"index","follow":"follow","max-snippet":"max-snippet:-1","max-image-preview":"max-image-preview:large","max-video-preview":"max-video-preview:-1"},"canonical":"https:\/\/gezonde-darmflora.nl\/es\/procedimiento-de-reclamacion\/","og_locale":"es_ES","og_type":"article","og_title":"Procedimiento de reclamaci\u00f3n &#8211; Gezonde Darmflora","og_description":"[vc_row full_width=\u00bbstretch_row_content_no_spaces\u00bb][vc_column][\/vc_column][\/vc_row][vc_row][vc_column width=\u00bb2\/3&#8243;][vc_column_text]Estaremos encantados de ayudarte con tu problema y\/o queja. Ponte en contacto con nuestro equipo de atenci\u00f3n al cliente. Haremos todo lo posible por atender tu consulta en un plazo de 24 horas*. \u00bfNo est\u00e1s satisfecho con la gesti\u00f3n de tu reclamaci\u00f3n? Consulta nuestras condiciones generales. *Nuestro objetivo es tramitar todas las reclamaciones\/preguntas\u2026 Leer m\u00e1s &raquo;","og_url":"https:\/\/gezonde-darmflora.nl\/es\/procedimiento-de-reclamacion\/","og_site_name":"Gezonde Darmflora","article_modified_time":"2025-01-27T15:17:12+00:00","twitter_card":"summary_large_image","twitter_misc":{"Tiempo de lectura":"1 minuto"},"schema":{"@context":"https:\/\/schema.org","@graph":[{"@type":"WebPage","@id":"https:\/\/gezonde-darmflora.nl\/es\/procedimiento-de-reclamacion\/","url":"https:\/\/gezonde-darmflora.nl\/es\/procedimiento-de-reclamacion\/","name":"Procedimiento de reclamaci\u00f3n &#8211; Gezonde Darmflora","isPartOf":{"@id":"https:\/\/gezonde-darmflora.nl\/es\/#website"},"datePublished":"2020-08-03T11:08:15+00:00","dateModified":"2025-01-27T15:17:12+00:00","breadcrumb":{"@id":"https:\/\/gezonde-darmflora.nl\/es\/procedimiento-de-reclamacion\/#breadcrumb"},"inLanguage":"es","potentialAction":[{"@type":"ReadAction","target":["https:\/\/gezonde-darmflora.nl\/es\/procedimiento-de-reclamacion\/"]}]},{"@type":"BreadcrumbList","@id":"https:\/\/gezonde-darmflora.nl\/es\/procedimiento-de-reclamacion\/#breadcrumb","itemListElement":[{"@type":"ListItem","position":1,"name":"Home","item":"https:\/\/gezonde-darmflora.nl\/es\/"},{"@type":"ListItem","position":2,"name":"Procedimiento de reclamaci\u00f3n"}]},{"@type":"WebSite","@id":"https:\/\/gezonde-darmflora.nl\/es\/#website","url":"https:\/\/gezonde-darmflora.nl\/es\/","name":"Gezonde Darmflora","description":"Een gezonde &amp; natuurlijke darmflora","potentialAction":[{"@type":"SearchAction","target":{"@type":"EntryPoint","urlTemplate":"https:\/\/gezonde-darmflora.nl\/es\/?s={search_term_string}"},"query-input":{"@type":"PropertyValueSpecification","valueRequired":true,"valueName":"search_term_string"}}],"inLanguage":"es"}]}},"_links":{"self":[{"href":"https:\/\/gezonde-darmflora.nl\/es\/wp-json\/wp\/v2\/pages\/14967","targetHints":{"allow":["GET"]}}],"collection":[{"href":"https:\/\/gezonde-darmflora.nl\/es\/wp-json\/wp\/v2\/pages"}],"about":[{"href":"https:\/\/gezonde-darmflora.nl\/es\/wp-json\/wp\/v2\/types\/page"}],"author":[{"embeddable":true,"href":"https:\/\/gezonde-darmflora.nl\/es\/wp-json\/wp\/v2\/users\/4"}],"replies":[{"embeddable":true,"href":"https:\/\/gezonde-darmflora.nl\/es\/wp-json\/wp\/v2\/comments?post=14967"}],"version-history":[{"count":10,"href":"https:\/\/gezonde-darmflora.nl\/es\/wp-json\/wp\/v2\/pages\/14967\/revisions"}],"predecessor-version":[{"id":15011,"href":"https:\/\/gezonde-darmflora.nl\/es\/wp-json\/wp\/v2\/pages\/14967\/revisions\/15011"}],"wp:attachment":[{"href":"https:\/\/gezonde-darmflora.nl\/es\/wp-json\/wp\/v2\/media?parent=14967"}],"curies":[{"name":"wp","href":"https:\/\/api.w.org\/{rel}","templated":true}]}}