{"id":14961,"date":"2020-08-03T12:44:57","date_gmt":"2020-08-03T10:44:57","guid":{"rendered":"https:\/\/gezonde-darmflora.nl\/envio-y-entrega\/"},"modified":"2025-01-27T16:17:04","modified_gmt":"2025-01-27T15:17:04","slug":"envio-y-entrega","status":"publish","type":"page","link":"https:\/\/gezonde-darmflora.nl\/es\/envio-y-entrega\/","title":{"rendered":"Env\u00edo y entrega"},"content":{"rendered":"<div class=\"wpb-content-wrapper\"><p>[vc_row full_width=\u00bbstretch_row_content_no_spaces\u00bb][vc_column]\r\n    <div class=\"page-title\">\r\n        <div class=\"container\">\r\n            <div class=\"row\">\r\n                <div class=\"col\">\r\n                    <h1>Env\u00edo y entrega<\/h1>\r\n                <\/div>\r\n            <\/div>\r\n        <\/div>\r\n    <\/div>\r\n\r\n    [\/vc_column][\/vc_row][vc_row][vc_column width=\u00bb2\/3&#8243;][vc_column_text css=\u00bb\u00bb]<\/p>\n<h2>Env\u00edo dentro de Holanda:<\/h2>\n<p>Todos los lunes por la tarde, los pedidos abiertos se empaquetan y preparan para su env\u00edo. Nosotros mismos llevamos los paquetes a un centro de clasificaci\u00f3n de DHL. A la ma\u00f1ana siguiente, tu pedido se entregar\u00e1 antes de las 12.00h. No nos hacemos responsables de los retrasos. Hay suficiente hielo seco en la caja de 30x30x30 eps para hacer el trasplante el jueves.<\/p>\n<h2>Env\u00edo a pa\u00edses de la UE y de fuera de la UE:<\/h2>\n<p>Los pedidos para la UE se recogen el lunes por la tarde. Para la UE y fuera de ella, trabajamos con DHL y FedEx. Enviamos en una caja eps de 40x30x35 en la que caben 14,5 kilos de hielo seco. El d\u00eda de entrega en la UE suele ser en 1 \u00f3 2 d\u00edas. Fuera de la UE de 2 a 3 d\u00edas.    <\/p>\n<h2>Entrega:<\/h2>\n<p>Puedes hacer un seguimiento de tu paquete por correo electr\u00f3nico (que tambi\u00e9n contiene un n\u00famero de seguimiento). Dentro de la caja de cart\u00f3n encontrar\u00e1s una caja de EPS precintada con nuestra cinta adhesiva. Primero lee atentamente la carta y las instrucciones sobre el hielo seco. Esta caja de EPS est\u00e1 llena de hielo seco para mantener las c\u00e1psulas a la temperatura adecuada (-79 grados). El hielo seco pierde el 15% de su volumen en 24 horas.    <\/p>\n<h2>Devuelve:<\/h2>\n<p>Para los productos en los que la higiene es importante, estos productos no pueden devolverse por razones de protecci\u00f3n de la salud si el precinto se ha roto despu\u00e9s de la entrega. Si nuestro producto no se entrega en buenas condiciones, ponte en contacto con nuestro servicio de atenci\u00f3n al cliente. Te aconsejamos que filmes la apertura de la caja de env\u00edo y de la caja EPS o que hagas inmediatamente una foto clara del estado del paquete en el momento de recibirlo.[\/vc_column_text][\/vc_column][vc_column width=\u00bb1\/3&#8243;]\r\n    <div class=\"blob-image-wrap\">\r\n        <img decoding=\"async\" src=\"https:\/\/gezonde-darmflora.nl\/wp-content\/uploads\/2020\/08\/eps-doos.jpg\">\r\n    <\/div>\r\n    <p class=\"blob-image__caption\"><\/p>\r\n\r\n    [\/vc_column][\/vc_row][vc_row][vc_column]<div class=\"eye_empty_space pt-md-5 pb-md-5   pt-4 pb-4\"><\/div>[\/vc_column][\/vc_row][vc_row][vc_column width=\u00bb1\/3&#8243;][vc_column_text]<\/p>\n<h5>Preguntas m\u00e1s frecuentes<\/h5>\n<p>\u00bfA\u00fan tienes preguntas? Consulta aqu\u00ed las <a href=\"https:\/\/gezonde-darmflora.nl\/es\/preguntas-mas-frecuentes\/\">preguntas y respuestas m\u00e1s frecuentes<\/a>.[\/vc_column_text][\/vc_column][vc_column width=\u00bb1\/3&#8243;][vc_column_text]<\/p>\n<h5>Env\u00eda un correo electr\u00f3nico a<\/h5>\n<p>Puedes ponerte en contacto con nosotros a trav\u00e9s de nuestro <a href=\"https:\/\/gezonde-darmflora.nl\/es\/ponte-en-contacto-con\/\">formulario de contacto<\/a> o por correo electr\u00f3nico a <a href=\"mailto:info@gezonde-darmflora.nl\">info[@]healthy-gutflora.co.uk<\/a>.[\/vc_column_text][\/vc_column][vc_column width=\u00bb1\/3&#8243;][vc_column_text]<\/p>\n<h5>Tel\u00e9fono<\/h5>\n<p>De lunes a mi\u00e9rcoles, puedes localizarnos por tel\u00e9fono entre las 12.00 y las 14.00 horas, en el 06-22226118.[\/vc_column_text][\/vc_column][\/vc_row]<\/p>\n<\/div>","protected":false},"excerpt":{"rendered":"<p>[vc_row full_width=\u00bbstretch_row_content_no_spaces\u00bb][vc_column][\/vc_column][\/vc_row][vc_row][vc_column width=\u00bb2\/3&#8243;][vc_column_text css=\u00bb\u00bb] Env\u00edo dentro de Holanda: Todos los lunes por la tarde, los pedidos abiertos se empaquetan y preparan para su env\u00edo. Nosotros mismos llevamos los paquetes a un centro de clasificaci\u00f3n de DHL. A la ma\u00f1ana siguiente, tu pedido se entregar\u00e1 antes de las 12.00h. No nos hacemos responsables de los retrasos.\u2026 <a href=\"https:\/\/gezonde-darmflora.nl\/es\/envio-y-entrega\/\">Leer m\u00e1s &raquo;<\/a><\/p>\n","protected":false},"author":4,"featured_media":0,"parent":0,"menu_order":0,"comment_status":"closed","ping_status":"closed","template":"","meta":{"_acf_changed":false,"footnotes":""},"class_list":["post-14961","page","type-page","status-publish","hentry"],"acf":[],"yoast_head":"<!-- This site is optimized with the Yoast SEO plugin v27.1.1 - https:\/\/yoast.com\/product\/yoast-seo-wordpress\/ -->\n<title>Env\u00edo y entrega &#8211; Gezonde Darmflora<\/title>\n<meta name=\"robots\" content=\"index, follow, max-snippet:-1, max-image-preview:large, max-video-preview:-1\" \/>\n<link rel=\"canonical\" href=\"https:\/\/gezonde-darmflora.nl\/es\/envio-y-entrega\/\" \/>\n<meta property=\"og:locale\" content=\"es_ES\" \/>\n<meta property=\"og:type\" content=\"article\" \/>\n<meta property=\"og:title\" content=\"Env\u00edo y entrega &#8211; Gezonde Darmflora\" \/>\n<meta property=\"og:description\" content=\"[vc_row full_width=\u00bbstretch_row_content_no_spaces\u00bb][vc_column][\/vc_column][\/vc_row][vc_row][vc_column width=\u00bb2\/3&#8243;][vc_column_text css=\u00bb\u00bb] Env\u00edo dentro de Holanda: Todos los lunes por la tarde, los pedidos abiertos se empaquetan y preparan para su env\u00edo. Nosotros mismos llevamos los paquetes a un centro de clasificaci\u00f3n de DHL. A la ma\u00f1ana siguiente, tu pedido se entregar\u00e1 antes de las 12.00h. No nos hacemos responsables de los retrasos.\u2026 Leer m\u00e1s &raquo;\" \/>\n<meta property=\"og:url\" content=\"https:\/\/gezonde-darmflora.nl\/es\/envio-y-entrega\/\" \/>\n<meta property=\"og:site_name\" content=\"Gezonde Darmflora\" \/>\n<meta property=\"article:modified_time\" content=\"2025-01-27T15:17:04+00:00\" \/>\n<meta name=\"twitter:card\" content=\"summary_large_image\" \/>\n<meta name=\"twitter:label1\" content=\"Tiempo de lectura\" \/>\n\t<meta name=\"twitter:data1\" content=\"2 minutos\" \/>\n<script type=\"application\/ld+json\" class=\"yoast-schema-graph\">{\"@context\":\"https:\/\/schema.org\",\"@graph\":[{\"@type\":\"WebPage\",\"@id\":\"https:\/\/gezonde-darmflora.nl\/es\/envio-y-entrega\/\",\"url\":\"https:\/\/gezonde-darmflora.nl\/es\/envio-y-entrega\/\",\"name\":\"Env\u00edo y entrega &#8211; Gezonde Darmflora\",\"isPartOf\":{\"@id\":\"https:\/\/gezonde-darmflora.nl\/es\/#website\"},\"datePublished\":\"2020-08-03T10:44:57+00:00\",\"dateModified\":\"2025-01-27T15:17:04+00:00\",\"breadcrumb\":{\"@id\":\"https:\/\/gezonde-darmflora.nl\/es\/envio-y-entrega\/#breadcrumb\"},\"inLanguage\":\"es\",\"potentialAction\":[{\"@type\":\"ReadAction\",\"target\":[\"https:\/\/gezonde-darmflora.nl\/es\/envio-y-entrega\/\"]}]},{\"@type\":\"BreadcrumbList\",\"@id\":\"https:\/\/gezonde-darmflora.nl\/es\/envio-y-entrega\/#breadcrumb\",\"itemListElement\":[{\"@type\":\"ListItem\",\"position\":1,\"name\":\"Home\",\"item\":\"https:\/\/gezonde-darmflora.nl\/es\/\"},{\"@type\":\"ListItem\",\"position\":2,\"name\":\"Env\u00edo y entrega\"}]},{\"@type\":\"WebSite\",\"@id\":\"https:\/\/gezonde-darmflora.nl\/es\/#website\",\"url\":\"https:\/\/gezonde-darmflora.nl\/es\/\",\"name\":\"Gezonde Darmflora\",\"description\":\"Een gezonde &amp; natuurlijke darmflora\",\"potentialAction\":[{\"@type\":\"SearchAction\",\"target\":{\"@type\":\"EntryPoint\",\"urlTemplate\":\"https:\/\/gezonde-darmflora.nl\/es\/?s={search_term_string}\"},\"query-input\":{\"@type\":\"PropertyValueSpecification\",\"valueRequired\":true,\"valueName\":\"search_term_string\"}}],\"inLanguage\":\"es\"}]}<\/script>\n<!-- \/ Yoast SEO plugin. -->","yoast_head_json":{"title":"Env\u00edo y entrega &#8211; Gezonde Darmflora","robots":{"index":"index","follow":"follow","max-snippet":"max-snippet:-1","max-image-preview":"max-image-preview:large","max-video-preview":"max-video-preview:-1"},"canonical":"https:\/\/gezonde-darmflora.nl\/es\/envio-y-entrega\/","og_locale":"es_ES","og_type":"article","og_title":"Env\u00edo y entrega &#8211; Gezonde Darmflora","og_description":"[vc_row full_width=\u00bbstretch_row_content_no_spaces\u00bb][vc_column][\/vc_column][\/vc_row][vc_row][vc_column width=\u00bb2\/3&#8243;][vc_column_text css=\u00bb\u00bb] Env\u00edo dentro de Holanda: Todos los lunes por la tarde, los pedidos abiertos se empaquetan y preparan para su env\u00edo. Nosotros mismos llevamos los paquetes a un centro de clasificaci\u00f3n de DHL. A la ma\u00f1ana siguiente, tu pedido se entregar\u00e1 antes de las 12.00h. No nos hacemos responsables de los retrasos.\u2026 Leer m\u00e1s &raquo;","og_url":"https:\/\/gezonde-darmflora.nl\/es\/envio-y-entrega\/","og_site_name":"Gezonde Darmflora","article_modified_time":"2025-01-27T15:17:04+00:00","twitter_card":"summary_large_image","twitter_misc":{"Tiempo de lectura":"2 minutos"},"schema":{"@context":"https:\/\/schema.org","@graph":[{"@type":"WebPage","@id":"https:\/\/gezonde-darmflora.nl\/es\/envio-y-entrega\/","url":"https:\/\/gezonde-darmflora.nl\/es\/envio-y-entrega\/","name":"Env\u00edo y entrega &#8211; Gezonde Darmflora","isPartOf":{"@id":"https:\/\/gezonde-darmflora.nl\/es\/#website"},"datePublished":"2020-08-03T10:44:57+00:00","dateModified":"2025-01-27T15:17:04+00:00","breadcrumb":{"@id":"https:\/\/gezonde-darmflora.nl\/es\/envio-y-entrega\/#breadcrumb"},"inLanguage":"es","potentialAction":[{"@type":"ReadAction","target":["https:\/\/gezonde-darmflora.nl\/es\/envio-y-entrega\/"]}]},{"@type":"BreadcrumbList","@id":"https:\/\/gezonde-darmflora.nl\/es\/envio-y-entrega\/#breadcrumb","itemListElement":[{"@type":"ListItem","position":1,"name":"Home","item":"https:\/\/gezonde-darmflora.nl\/es\/"},{"@type":"ListItem","position":2,"name":"Env\u00edo y entrega"}]},{"@type":"WebSite","@id":"https:\/\/gezonde-darmflora.nl\/es\/#website","url":"https:\/\/gezonde-darmflora.nl\/es\/","name":"Gezonde Darmflora","description":"Een gezonde &amp; natuurlijke darmflora","potentialAction":[{"@type":"SearchAction","target":{"@type":"EntryPoint","urlTemplate":"https:\/\/gezonde-darmflora.nl\/es\/?s={search_term_string}"},"query-input":{"@type":"PropertyValueSpecification","valueRequired":true,"valueName":"search_term_string"}}],"inLanguage":"es"}]}},"_links":{"self":[{"href":"https:\/\/gezonde-darmflora.nl\/es\/wp-json\/wp\/v2\/pages\/14961","targetHints":{"allow":["GET"]}}],"collection":[{"href":"https:\/\/gezonde-darmflora.nl\/es\/wp-json\/wp\/v2\/pages"}],"about":[{"href":"https:\/\/gezonde-darmflora.nl\/es\/wp-json\/wp\/v2\/types\/page"}],"author":[{"embeddable":true,"href":"https:\/\/gezonde-darmflora.nl\/es\/wp-json\/wp\/v2\/users\/4"}],"replies":[{"embeddable":true,"href":"https:\/\/gezonde-darmflora.nl\/es\/wp-json\/wp\/v2\/comments?post=14961"}],"version-history":[{"count":1,"href":"https:\/\/gezonde-darmflora.nl\/es\/wp-json\/wp\/v2\/pages\/14961\/revisions"}],"predecessor-version":[{"id":14965,"href":"https:\/\/gezonde-darmflora.nl\/es\/wp-json\/wp\/v2\/pages\/14961\/revisions\/14965"}],"wp:attachment":[{"href":"https:\/\/gezonde-darmflora.nl\/es\/wp-json\/wp\/v2\/media?parent=14961"}],"curies":[{"name":"wp","href":"https:\/\/api.w.org\/{rel}","templated":true}]}}