{"id":14934,"date":"2020-08-03T13:05:39","date_gmt":"2020-08-03T11:05:39","guid":{"rendered":"https:\/\/gezonde-darmflora.nl\/pedidos-y-pagos\/"},"modified":"2025-01-27T16:17:03","modified_gmt":"2025-01-27T15:17:03","slug":"pedidos-y-pagos","status":"publish","type":"page","link":"https:\/\/gezonde-darmflora.nl\/es\/pedidos-y-pagos\/","title":{"rendered":"Pedidos y pagos"},"content":{"rendered":"<div class=\"wpb-content-wrapper\"><p>[vc_row full_width=\u00bbstretch_row_content_no_spaces\u00bb][vc_column]\r\n    <div class=\"page-title\">\r\n        <div class=\"container\">\r\n            <div class=\"row\">\r\n                <div class=\"col\">\r\n                    <h1>Pedidos y pagos<\/h1>\r\n                <\/div>\r\n            <\/div>\r\n        <\/div>\r\n    <\/div>\r\n\r\n    [\/vc_column][\/vc_row][vc_row][vc_column width=\u00bb2\/3&#8243;][vc_column_text css=\u00bb\u00bb]<strong>Ve a la \u00abtienda\u00bb:<\/strong><\/p>\n<p>Haz tu pedido haciendo clic en la cesta de la compra del donante que elijas. El <a href=\"https:\/\/gezonde-darmflora.nl\/es\/envio-y-entrega\/\">d\u00eda de env\u00edo est\u00e1ndar<\/a> es el lunes. Un bote de 23 \u00f3 24 c\u00e1psulas tama\u00f1o 000. Un enema es de 55 ml. \u00bfQuieres hacer el trasplante el s\u00e1bado? Entonces aseg\u00farate de comprar t\u00fa mismo hielo seco adicional y reponer la caja de eps a tiempo.     <\/p>\n<p><strong>Pasa por caja:<\/strong><\/p>\n<p>Introduce tus datos e indica el lunes en que quieres que se env\u00ede tu pedido. Elige tu forma de pago. Pago con IDEAL*. Tras recibir tu pago, recibir\u00e1s un correo electr\u00f3nico de confirmaci\u00f3n con tu pedido y el comprobante de pago. Tambi\u00e9n recibir\u00e1s un c\u00f3digo de cup\u00f3n v\u00e1lido durante un a\u00f1o. Puedes utilizar este c\u00f3digo de cup\u00f3n para escribir una rese\u00f1a y puedes utilizar este c\u00f3digo de cup\u00f3n para un segundo pedido (si es necesario). Recibir\u00e1s entonces un descuento de 25 euros. \u00bfHaces un tercer pedido en el plazo de un a\u00f1o? Entonces vuelve a utilizar este cup\u00f3n. El descuento en tu tercer pedido ser\u00e1 entonces de 50 euros.    <\/p>\n<p><strong>Varios pedidos a la vez:<\/strong><\/p>\n<p>Si lo haces la primera vez, los c\u00f3digos de descuento ya se calcular\u00e1n y procesar\u00e1n autom\u00e1ticamente por ti. Si es de un donante, puedes aumentar el n\u00famero en \u00abmi cesta de la compra\u00bb. \u00bfQuieres varios donantes? (si hay varios donantes) Haz clic en el primer donante y haz el pedido, luego ve a &#8216;seguir comprando&#8217; y haz clic en otro donante. <\/p>\n<h2>*iDEAL<\/h2>\n<p>Con iDEAL, puedes pagar tus compras en Internet de forma segura y sencilla. iDEAL es el sistema que te conecta directamente con tu aplicaci\u00f3n de banca electr\u00f3nica cuando realizas una compra en Internet. Para utilizar iDEAL, no necesitas registrarte, descargar ning\u00fan archivo ni crear una cuenta. Si utilizas la banca online de ABN AMRO, Fortis, ING, Rabobank o SNS Bank, puedes pagar directamente con iDEAL. Pagas r\u00e1pida y f\u00e1cilmente en el conocido entorno de pago online de tu propio banco. Paga como est\u00e1s acostumbrado.     <\/p>\n<h3>\u00bfC\u00f3mo funciona iDEAL?<\/h3>\n<ol>\n<li>Pides un producto y eliges iDEAL como forma de pago<\/li>\n<li>Selecciona el banco en el que ya realizas tus operaciones bancarias por Internet<\/li>\n<li>Acceder\u00e1s directamente a la conocida aplicaci\u00f3n de banca online de tu banco<\/li>\n<li>Los datos relevantes de tu compra ya est\u00e1n cumplimentados<\/li>\n<li>En tu forma habitual, apruebas el pago<\/li>\n<li>Recibir\u00e1s confirmaci\u00f3n del banco<\/li>\n<li>Vuelves a la tienda online, pedido y pago realizados con \u00e9xito<\/li>\n<\/ol>\n<p>[\/vc_column_text][\/vc_column][vc_column width=\u00bb1\/3&#8243;]\r\n    <div class=\"blob-image-wrap\">\r\n        <img decoding=\"async\" src=\"https:\/\/gezonde-darmflora.nl\/wp-content\/uploads\/2020\/08\/poeppillen-bestellen.jpg\">\r\n    <\/div>\r\n    <p class=\"blob-image__caption\"><\/p>\r\n\r\n    [\/vc_column][\/vc_row][vc_row][vc_column]<div class=\"eye_empty_space pt-md-5 pb-md-5   pt-4 pb-4\"><\/div>[\/vc_column][\/vc_row][vc_row][vc_column width=\u00bb1\/3&#8243;][vc_column_text]<\/p>\n<h5>Preguntas m\u00e1s frecuentes<\/h5>\n<p>\u00bfA\u00fan tienes preguntas? Consulta aqu\u00ed las <a href=\"https:\/\/gezonde-darmflora.nl\/es\/preguntas-mas-frecuentes\/\">preguntas y respuestas m\u00e1s frecuentes<\/a>.[\/vc_column_text][\/vc_column][vc_column width=\u00bb1\/3&#8243;][vc_column_text]<\/p>\n<h5>Env\u00eda un correo electr\u00f3nico a<\/h5>\n<p>Puedes ponerte en contacto con nosotros a trav\u00e9s de nuestro <a href=\"https:\/\/gezonde-darmflora.nl\/es\/ponte-en-contacto-con\/\">formulario de contacto<\/a> o por correo electr\u00f3nico a <a href=\"mailto:info@gezonde-darmflora.nl\">info[@]healthy-gutflora.co.uk<\/a>.[\/vc_column_text][\/vc_column][vc_column width=\u00bb1\/3&#8243;][vc_column_text]<\/p>\n<h5>Tel\u00e9fono<\/h5>\n<p>Los lunes, martes y mi\u00e9rcoles, puedes localizarnos por tel\u00e9fono entre las 12.00 y las 14.00 horas, en el 06-22226118.[\/vc_column_text][\/vc_column][\/vc_row]<\/p>\n<\/div>","protected":false},"excerpt":{"rendered":"<p>[vc_row full_width=\u00bbstretch_row_content_no_spaces\u00bb][vc_column][\/vc_column][\/vc_row][vc_row][vc_column width=\u00bb2\/3&#8243;][vc_column_text css=\u00bb\u00bb]Ve a la \u00abtienda\u00bb: Haz tu pedido haciendo clic en la cesta de la compra del donante que elijas. El d\u00eda de env\u00edo est\u00e1ndar es el lunes. Un bote de 23 \u00f3 24 c\u00e1psulas tama\u00f1o 000. Un enema es de 55 ml. \u00bfQuieres hacer el trasplante el s\u00e1bado? Entonces aseg\u00farate de comprar\u2026 <a href=\"https:\/\/gezonde-darmflora.nl\/es\/pedidos-y-pagos\/\">Leer m\u00e1s &raquo;<\/a><\/p>\n","protected":false},"author":4,"featured_media":0,"parent":0,"menu_order":0,"comment_status":"closed","ping_status":"closed","template":"","meta":{"_acf_changed":false,"footnotes":""},"class_list":["post-14934","page","type-page","status-publish","hentry"],"acf":[],"yoast_head":"<!-- This site is optimized with the Yoast SEO plugin v27.1.1 - https:\/\/yoast.com\/product\/yoast-seo-wordpress\/ -->\n<title>Pedidos y pagos &#8211; Gezonde Darmflora<\/title>\n<meta name=\"robots\" content=\"index, follow, max-snippet:-1, max-image-preview:large, max-video-preview:-1\" \/>\n<link rel=\"canonical\" href=\"https:\/\/gezonde-darmflora.nl\/es\/pedidos-y-pagos\/\" \/>\n<meta property=\"og:locale\" content=\"es_ES\" \/>\n<meta property=\"og:type\" content=\"article\" \/>\n<meta property=\"og:title\" content=\"Pedidos y pagos &#8211; Gezonde Darmflora\" \/>\n<meta property=\"og:description\" content=\"[vc_row full_width=\u00bbstretch_row_content_no_spaces\u00bb][vc_column][\/vc_column][\/vc_row][vc_row][vc_column width=\u00bb2\/3&#8243;][vc_column_text css=\u00bb\u00bb]Ve a la \u00abtienda\u00bb: Haz tu pedido haciendo clic en la cesta de la compra del donante que elijas. El d\u00eda de env\u00edo est\u00e1ndar es el lunes. Un bote de 23 \u00f3 24 c\u00e1psulas tama\u00f1o 000. Un enema es de 55 ml. \u00bfQuieres hacer el trasplante el s\u00e1bado? Entonces aseg\u00farate de comprar\u2026 Leer m\u00e1s &raquo;\" \/>\n<meta property=\"og:url\" content=\"https:\/\/gezonde-darmflora.nl\/es\/pedidos-y-pagos\/\" \/>\n<meta property=\"og:site_name\" content=\"Gezonde Darmflora\" \/>\n<meta property=\"article:modified_time\" content=\"2025-01-27T15:17:03+00:00\" \/>\n<meta name=\"twitter:card\" content=\"summary_large_image\" \/>\n<meta name=\"twitter:label1\" content=\"Tiempo de lectura\" \/>\n\t<meta name=\"twitter:data1\" content=\"3 minutos\" \/>\n<script type=\"application\/ld+json\" class=\"yoast-schema-graph\">{\"@context\":\"https:\/\/schema.org\",\"@graph\":[{\"@type\":\"WebPage\",\"@id\":\"https:\/\/gezonde-darmflora.nl\/es\/pedidos-y-pagos\/\",\"url\":\"https:\/\/gezonde-darmflora.nl\/es\/pedidos-y-pagos\/\",\"name\":\"Pedidos y pagos &#8211; Gezonde Darmflora\",\"isPartOf\":{\"@id\":\"https:\/\/gezonde-darmflora.nl\/es\/#website\"},\"datePublished\":\"2020-08-03T11:05:39+00:00\",\"dateModified\":\"2025-01-27T15:17:03+00:00\",\"breadcrumb\":{\"@id\":\"https:\/\/gezonde-darmflora.nl\/es\/pedidos-y-pagos\/#breadcrumb\"},\"inLanguage\":\"es\",\"potentialAction\":[{\"@type\":\"ReadAction\",\"target\":[\"https:\/\/gezonde-darmflora.nl\/es\/pedidos-y-pagos\/\"]}]},{\"@type\":\"BreadcrumbList\",\"@id\":\"https:\/\/gezonde-darmflora.nl\/es\/pedidos-y-pagos\/#breadcrumb\",\"itemListElement\":[{\"@type\":\"ListItem\",\"position\":1,\"name\":\"Home\",\"item\":\"https:\/\/gezonde-darmflora.nl\/es\/\"},{\"@type\":\"ListItem\",\"position\":2,\"name\":\"Pedidos y pagos\"}]},{\"@type\":\"WebSite\",\"@id\":\"https:\/\/gezonde-darmflora.nl\/es\/#website\",\"url\":\"https:\/\/gezonde-darmflora.nl\/es\/\",\"name\":\"Gezonde Darmflora\",\"description\":\"Een gezonde &amp; natuurlijke darmflora\",\"potentialAction\":[{\"@type\":\"SearchAction\",\"target\":{\"@type\":\"EntryPoint\",\"urlTemplate\":\"https:\/\/gezonde-darmflora.nl\/es\/?s={search_term_string}\"},\"query-input\":{\"@type\":\"PropertyValueSpecification\",\"valueRequired\":true,\"valueName\":\"search_term_string\"}}],\"inLanguage\":\"es\"}]}<\/script>\n<!-- \/ Yoast SEO plugin. -->","yoast_head_json":{"title":"Pedidos y pagos &#8211; Gezonde Darmflora","robots":{"index":"index","follow":"follow","max-snippet":"max-snippet:-1","max-image-preview":"max-image-preview:large","max-video-preview":"max-video-preview:-1"},"canonical":"https:\/\/gezonde-darmflora.nl\/es\/pedidos-y-pagos\/","og_locale":"es_ES","og_type":"article","og_title":"Pedidos y pagos &#8211; Gezonde Darmflora","og_description":"[vc_row full_width=\u00bbstretch_row_content_no_spaces\u00bb][vc_column][\/vc_column][\/vc_row][vc_row][vc_column width=\u00bb2\/3&#8243;][vc_column_text css=\u00bb\u00bb]Ve a la \u00abtienda\u00bb: Haz tu pedido haciendo clic en la cesta de la compra del donante que elijas. El d\u00eda de env\u00edo est\u00e1ndar es el lunes. Un bote de 23 \u00f3 24 c\u00e1psulas tama\u00f1o 000. Un enema es de 55 ml. \u00bfQuieres hacer el trasplante el s\u00e1bado? Entonces aseg\u00farate de comprar\u2026 Leer m\u00e1s &raquo;","og_url":"https:\/\/gezonde-darmflora.nl\/es\/pedidos-y-pagos\/","og_site_name":"Gezonde Darmflora","article_modified_time":"2025-01-27T15:17:03+00:00","twitter_card":"summary_large_image","twitter_misc":{"Tiempo de lectura":"3 minutos"},"schema":{"@context":"https:\/\/schema.org","@graph":[{"@type":"WebPage","@id":"https:\/\/gezonde-darmflora.nl\/es\/pedidos-y-pagos\/","url":"https:\/\/gezonde-darmflora.nl\/es\/pedidos-y-pagos\/","name":"Pedidos y pagos &#8211; Gezonde Darmflora","isPartOf":{"@id":"https:\/\/gezonde-darmflora.nl\/es\/#website"},"datePublished":"2020-08-03T11:05:39+00:00","dateModified":"2025-01-27T15:17:03+00:00","breadcrumb":{"@id":"https:\/\/gezonde-darmflora.nl\/es\/pedidos-y-pagos\/#breadcrumb"},"inLanguage":"es","potentialAction":[{"@type":"ReadAction","target":["https:\/\/gezonde-darmflora.nl\/es\/pedidos-y-pagos\/"]}]},{"@type":"BreadcrumbList","@id":"https:\/\/gezonde-darmflora.nl\/es\/pedidos-y-pagos\/#breadcrumb","itemListElement":[{"@type":"ListItem","position":1,"name":"Home","item":"https:\/\/gezonde-darmflora.nl\/es\/"},{"@type":"ListItem","position":2,"name":"Pedidos y pagos"}]},{"@type":"WebSite","@id":"https:\/\/gezonde-darmflora.nl\/es\/#website","url":"https:\/\/gezonde-darmflora.nl\/es\/","name":"Gezonde Darmflora","description":"Een gezonde &amp; natuurlijke darmflora","potentialAction":[{"@type":"SearchAction","target":{"@type":"EntryPoint","urlTemplate":"https:\/\/gezonde-darmflora.nl\/es\/?s={search_term_string}"},"query-input":{"@type":"PropertyValueSpecification","valueRequired":true,"valueName":"search_term_string"}}],"inLanguage":"es"}]}},"_links":{"self":[{"href":"https:\/\/gezonde-darmflora.nl\/es\/wp-json\/wp\/v2\/pages\/14934","targetHints":{"allow":["GET"]}}],"collection":[{"href":"https:\/\/gezonde-darmflora.nl\/es\/wp-json\/wp\/v2\/pages"}],"about":[{"href":"https:\/\/gezonde-darmflora.nl\/es\/wp-json\/wp\/v2\/types\/page"}],"author":[{"embeddable":true,"href":"https:\/\/gezonde-darmflora.nl\/es\/wp-json\/wp\/v2\/users\/4"}],"replies":[{"embeddable":true,"href":"https:\/\/gezonde-darmflora.nl\/es\/wp-json\/wp\/v2\/comments?post=14934"}],"version-history":[{"count":1,"href":"https:\/\/gezonde-darmflora.nl\/es\/wp-json\/wp\/v2\/pages\/14934\/revisions"}],"predecessor-version":[{"id":14942,"href":"https:\/\/gezonde-darmflora.nl\/es\/wp-json\/wp\/v2\/pages\/14934\/revisions\/14942"}],"wp:attachment":[{"href":"https:\/\/gezonde-darmflora.nl\/es\/wp-json\/wp\/v2\/media?parent=14934"}],"curies":[{"name":"wp","href":"https:\/\/api.w.org\/{rel}","templated":true}]}}