{"id":14928,"date":"2020-07-28T14:22:55","date_gmt":"2020-07-28T12:22:55","guid":{"rendered":"https:\/\/gezonde-darmflora.nl\/bacterias-buenas-y-malas\/"},"modified":"2025-01-27T16:19:34","modified_gmt":"2025-01-27T15:19:34","slug":"bacterias-buenas-y-malas","status":"publish","type":"page","link":"https:\/\/gezonde-darmflora.nl\/es\/flora-intestinal\/bacterias-buenas-y-malas\/","title":{"rendered":"Bacterias buenas y malas"},"content":{"rendered":"<div class=\"wpb-content-wrapper\"><p>[vc_row full_width=\u00bbstretch_row_content_no_spaces\u00bb][vc_column]\r\n    <div class=\"page-title\">\r\n        <div class=\"container\">\r\n            <div class=\"row\">\r\n                <div class=\"col\">\r\n                    <h1>Bacterias buenas y malas<\/h1>\r\n                <\/div>\r\n            <\/div>\r\n        <\/div>\r\n    <\/div>\r\n\r\n    [\/vc_column][\/vc_row][vc_row equal_height=\u00bbyes\u00bb][vc_column offset=\u00bbvc_col-md-8&#8243;][vc_column_text]Tu cuerpo alberga hasta cien billones de bacterias que son la base de tu salud.<\/p>\n<h2>La importancia de las bacterias en nuestro intestino<\/h2>\n<p>Las bacterias buenas son importantes para mantenerse sano. Tu flora intestinal es el motor de tu sistema inmunitario y no quieres que ese motor falle. Las Bifiobacterias y los Lactobacilos son ejemplos de bacterias buenas. Las bacterias malas nos permiten enfermar. Como las bacterias buenas son abundantes y pueblan bien el intestino, no hay espacio para que crezcan las bacterias intestinales malas. \u00a1Eso s\u00f3lo ocurre con una flora intestinal sana! En nuestra sociedad actual y con nuestro estilo de vida moderno, cada vez tenemos menos bacterias buenas. Por eso sigue siendo muy importante la alimentaci\u00f3n variada y sin procesar y beber mucha agua. Debido a nuestras t\u00e9cnicas de producci\u00f3n de alimentos, que tambi\u00e9n son muy limpias, en este proceso tambi\u00e9n se pierden las bacterias buenas esenciales, los hongos y las levaduras que se encuentran en la naturaleza. Es m\u00e1s probable que la falta de bacterias buenas cause problemas intestinales que un exceso de bacterias malas. En definitiva, las bacterias nos ayudan a digerir los alimentos, nos protegen contra las infecciones, nos proporcionan vitaminas y \u00e1cidos grasos y mantienen sana la flora intestinal. En condiciones favorables, \u00a1una bacteria puede fabricar hasta 16 millones de copias de s\u00ed misma en ocho horas![\/vc_column_text]<div class=\"eye_empty_space pt-md-5 pb-md-5   pt-4 pb-4\"><\/div>[\/vc_column][vc_column offset=\u00bbvc_col-md-4&#8243; el_class=\u00bbd-flex align-items-center mb-5 mb-lg-0&#8243;]\r\n    <div class=\"blob-image-wrap\">\r\n        <img decoding=\"async\" src=\"https:\/\/gezonde-darmflora.nl\/wp-content\/uploads\/2020\/08\/bacterie\u0308n-in-darmen.jpg\">\r\n    <\/div>\r\n    <p class=\"blob-image__caption\"><\/p>\r\n\r\n    [\/vc_column][\/vc_row][vc_section full_width=\u00bbstretch_row\u00bb el_class=\u00bbbg-green\u00bb][vc_row][vc_column offset=\u00bbvc_col-lg-offset-2 vc_col-lg-8&#8243;][vc_column_text]<\/p>\n<h2>Especies de bacterias intestinales<\/h2>\n<p><img decoding=\"async\" class=\"alignright wp-image-690 size-medium\" src=\"https:\/\/gezonde-darmflora.nl\/wp-content\/uploads\/2020\/08\/soorten-darmbacterien-300x300.png\" alt=\"tipos de bacterias intestinales\" width=\"300\" height=\"300\" srcset=\"https:\/\/gezonde-darmflora.nl\/wp-content\/uploads\/2020\/08\/soorten-darmbacterien-300x300.png 300w, https:\/\/gezonde-darmflora.nl\/wp-content\/uploads\/2020\/08\/soorten-darmbacterien-100x100.png 100w, https:\/\/gezonde-darmflora.nl\/wp-content\/uploads\/2020\/08\/soorten-darmbacterien-150x150.png 150w, https:\/\/gezonde-darmflora.nl\/wp-content\/uploads\/2020\/08\/soorten-darmbacterien.png 450w\" sizes=\"(max-width: 300px) 100vw, 300px\" \/>Hay unas ciento cincuenta especies diferentes de bacterias intestinales que componen el microbioma. Una flora intestinal sana est\u00e1 formada por muchas bacterias de muchas especies diferentes. Cu\u00e1les de esas ciento cincuenta especies de bacterias viven en tu intestino var\u00eda de una persona a otra. Como resultado, cada persona tiene su propio microbioma \u00fanico.   <\/p>\n<h3>Bacterias intestinales buenas<\/h3>\n<p>Tambi\u00e9n se conocen como bacterias anaerobias. Ayudan a digerir los alimentos y mantienen alejados a los pat\u00f3genos. El 95% vive en el tracto gastrointestinal, el 80% de ellas en el fondo del colon. Se alimentan principalmente de los alimentos que ingieres. Los tienes desde que naces, forman parte de ti, pero tambi\u00e9n puedes cogerlos de alg\u00fan sitio. En una familia en el hogar, por ejemplo, a menudo ves su propia especie de bacterias flotando y viviendo por la casa. Un abrazo, una mano, un choque, un sorbo del vaso de otra persona, b\u00e1sicamente no puedes escapar de ellas. Si estas bacterias son buenas, aumentan la diversidad y dan la bienvenida a los hu\u00e9spedes. Por supuesto, \u00a1tus heces est\u00e1n repletas de bacterias!        <\/p>\n<h3>Bacterias intestinales malas<\/h3>\n<p>Las bacterias malas tambi\u00e9n viven en tu intestino, no puedes escapar de ellas. Pero si hay un gran grupo de bacterias anaerobias, la flora intestinal no les deja espacio y las limpia limpiamente. Si el n\u00famero adecuado de bacterias buenas ya est\u00e1 debilitado y disminuye en n\u00famero, entonces las bacterias malas tienen espacio para ocupar lugares en la pared intestinal y multiplicarse. Tus problemas aumentan y en cada persona aparecer\u00e1n s\u00edntomas diferentes relacionados con la flora intestinal.[\/vc_column_text][\/vc_column][\/vc_row][\/vc_section][vc_row][vc_column]<div class=\"eye_empty_space pt-md-5 pb-md-5   pt-4 pb-4\"><\/div>[\/vc_column][\/vc_row][vc_row equal_height=\u00bbyes\u00bb][vc_column offset=\u00bbvc_col-md-8&#8243;][vc_column_text]<\/p>\n<h2>\u00bfC\u00f3mo puedes influir en las bacterias intestinales?<\/h2>\n<p>Eres lo que comes no es s\u00f3lo una expresi\u00f3n. Los alimentos son el combustible para que todas las bacterias hagan su trabajo correctamente. Si no alimentas a las bacterias adecuadas, la composici\u00f3n de la flora intestinal puede cambiar. Las bacterias simplemente no pueden evitar alimentarse de lo que se les sirve. Comer mucha fibra, verduras y frutos secos ayuda a que crezcan bacterias sanas. Comer muchos productos procesados y az\u00facares refinados hace que aumente el n\u00famero de bacterias malas. Cuando se comen y beben pautas con muchos az\u00facares refinados, florecen bacterias pat\u00f3genas como el clostridium y la c\u00e1ndida. \u00c9stas provocan <a href=\"https:\/\/gezonde-darmflora.nl\/es\/problemas-intestinales\/\">molestias intestinales<\/a> como <a href=\"https:\/\/gezonde-darmflora.nl\/es\/problemas-intestinales\/hinchazon\/\">hinchaz\u00f3n<\/a>, heces fluctuantes, dolor abdominal y <a href=\"https:\/\/gezonde-darmflora.nl\/es\/problemas-intestinales\/flatulencias\/\">flatulencia<\/a>. Se calcula que s\u00f3lo el 10% de los holandeses ingiere suficiente fibra al d\u00eda. Y la fibra tambi\u00e9n es muy importante para una flora intestinal sana. La fibra insoluble da volumen al contenido intestinal y garantiza unos movimientos intestinales suaves, lo que a su vez facilita la evacuaci\u00f3n. Puedes encontrar fibra en todo tipo de coles y repollos, esp\u00e1rragos, zanahorias, pimientos, jud\u00edas y frutos secos, entre otros. Las fibras solubles son una excelente fuente de alimento para la flora intestinal. Puedes encontrarlas en el boniato, la cebolla, el pl\u00e1tano, la calabaza y la avena, entre otros. Y bebe suficiente agua al d\u00eda si comes muchas fibras, para que puedan volver a unirse a los fluidos y no sufras estre\u00f1imiento.[\/vc_column_text]<div class=\"eye_empty_space pt-md-3 pb-md-3   pt-2 pb-2\"><\/div>[\/vc_column][vc_column offset=\u00bbvc_col-md-4&#8243; el_class=\u00bbd-flex align-items-center mb-5 mb-lg-0&#8243;]\r\n    <div class=\"blob-image-wrap\">\r\n        <img decoding=\"async\" src=\"https:\/\/gezonde-darmflora.nl\/wp-content\/uploads\/2020\/08\/goede-bacterien-darmen.jpg\">\r\n    <\/div>\r\n    <p class=\"blob-image__caption\"><\/p>\r\n\r\n    [\/vc_column][\/vc_row][vc_row][vc_column][vc_single_image image=\u00bb594&#8243; img_size=\u00bb1400&#215;622&#8243; alignment=\u00bbcenter\u00bb]<div class=\"eye_empty_space pt-md-3 pb-md-3   pt-2 pb-2\"><\/div>[\/vc_column][\/vc_row][vc_row][vc_column offset=\u00bbvc_col-md-4&#8243; el_class=\u00bbmb-5 mb-lg-0&#8243;]\r\n    <div class=\"blob-image-wrap\">\r\n        <img decoding=\"async\" src=\"https:\/\/gezonde-darmflora.nl\/wp-content\/uploads\/2020\/08\/slechte-bacterien.jpg\">\r\n    <\/div>\r\n    <p class=\"blob-image__caption\"><\/p>\r\n\r\n    [\/vc_column][vc_column offset=\u00bbvc_col-md-8&#8243;][vc_column_text]Por desgracia, la flora intestinal se ve afectada negativamente en casos de infecci\u00f3n o tratamiento farmacol\u00f3gico, por ejemplo. Por ejemplo, los antibi\u00f3ticos no s\u00f3lo matan las bacterias nocivas de una infecci\u00f3n, sino tambi\u00e9n las bacterias buenas de la flora intestinal. Es como un disparo de granizo en el que esperas que caiga el culpable, pero en el que tambi\u00e9n mueren muchos inocentes. Esto crea espacios vac\u00edos en la pared intestinal. Las bacterias intestinales nocivas aprovechan entonces la oportunidad para multiplicarse y la flora intestinal se desequilibra, lo que puede provocar s\u00edntomas. Un <a href=\"https:\/\/gezonde-darmflora.nl\/es\/la-teoria-fmt\/\">trasplante de caca<\/a> es una soluci\u00f3n infravalorada para una flora intestinal desequilibrada. Si las bacterias buenas ya no pueden alimentarse adecuadamente con comida, si el desequilibrio es demasiado grande porque el grupo de bacterias malas es demasiado numeroso, ese equilibrio puede restablecerse con la flora intestinal sana de otra persona.[\/vc_column_text]<div class=\"eye_empty_space pt-md-5 pb-md-5   pt-4 pb-4\"><\/div>[\/vc_column][\/vc_row][vc_section full_width=\u00bbstretch_row\u00bb el_class=\u00bbbg-green\u00bb][vc_row][vc_column offset=\u00bbvc_col-lg-offset-2 vc_col-lg-8&#8243;][vc_column_text]<\/p>\n<h2>\u00a1Ayuda a tu intestino a volver a la normalidad!<\/h2>\n<p>Si eres paciente y tienes la cepa adecuada que puede resolver tus problemas, los probi\u00f3ticos pueden ayudarte a volver a la normalidad. Pero los probi\u00f3ticos se ven como un vacacionista. Te visita durante un tiempo y luego se vuelve a marchar, mientras que un trasplante de caca es otra historia. Son inmigrantes que levantan una casa con cimientos. La caca contiene much\u00edsimas bacterias. En c\u00e1psulas resistentes al jugo g\u00e1strico, atraviesan con seguridad la acidez mortal del est\u00f3mago y llegan directamente a su destino. Colonizan y se multiplican a la velocidad del rayo.[\/vc_column_text][\/vc_column][\/vc_row][\/vc_section][vc_row full_width=\u00bbstretch_row_content_no_spaces\u00bb css=\u00bb.vc_custom_1593680854494{margin-bottom: -10rem !important;}\u00bb][vc_column]\r\n    <a href=\"https:\/\/gezonde-darmflora.nl\/poeppillen-bestellen\/\" target=\"\" class=\"no-underline\">\r\n\r\n        <div class=\"cta\" style=\"background-image: url('https:\/\/gezonde-darmflora.nl\/wp-content\/uploads\/2020\/08\/darmflora-gezondheid.jpg')\">\r\n            <div class=\"container\">\r\n                <div class=\"row\">\r\n                    <div class=\"col-12\">\r\n                        <p>\r\n                            <\/p>\n<h3>\u00bfTambi\u00e9n ayudas a tu flora intestinal a mantenerse sana?<\/h3>\n<h4>En nuestra tienda encontrar\u00e1s todo lo que necesitas.<\/h4>\n<p>                        <\/p>\r\n                        <div class=\"cta__button svg-btn svg-btn-darkgreen\">\r\n                            <svg xmlns=\"http:\/\/www.w3.org\/2000\/svg\" width=\"50\" height=\"50\" viewBox=\"0 0 55 50\"><defs><\/defs><g id=\"Layer_2\" data-name=\"Layer 2\"><g id=\"Layer_1-2\" data-name=\"Layer 1\"><path width=\"100%\" height=\"100%\" class=\"anime\" d=\"M1.16,31.86C5.61,44.26,19.3,52,32.23,49.6C40.23,48.11,48.89,42.33,51.61,34.400000000000006C53.61,28.510000000000005,51.839999999999996,22.550000000000004,49.23,17.210000000000004C46.23,10.990000000000006,43.06999999999999,4.210000000000004,36.29,1.270000000000005C31,-1,24.8,0,19.64,2.49A45,45,0,0,0,10.57,8.66C8.39,10.5,5.430000000000001,12.280000000000001,3.6400000000000006,14.46C-0.3,19.28,-0.9,26.13,1.16,31.86Z\"\/><\/g><\/g><\/svg>\r\n                            <i class=\"far fa-long-arrow-alt-right\"><\/i>\r\n                        <\/div>\r\n                    <\/div>\r\n                <\/div>\r\n            <\/div>\r\n        <\/div>\r\n\r\n    <\/a>\r\n\r\n    [\/vc_column][\/vc_row]<\/p>\n<\/div>","protected":false},"excerpt":{"rendered":"<p>[vc_row full_width=\u00bbstretch_row_content_no_spaces\u00bb][vc_column][\/vc_column][\/vc_row][vc_row equal_height=\u00bbyes\u00bb][vc_column offset=\u00bbvc_col-md-8&#8243;][vc_column_text]Tu cuerpo alberga hasta cien billones de bacterias que son la base de tu salud. La importancia de las bacterias en nuestro intestino Las bacterias buenas son importantes para mantenerse sano. Tu flora intestinal es el motor de tu sistema inmunitario y no quieres que ese motor falle. Las Bifiobacterias y los\u2026 <a href=\"https:\/\/gezonde-darmflora.nl\/es\/flora-intestinal\/bacterias-buenas-y-malas\/\">Leer m\u00e1s &raquo;<\/a><\/p>\n","protected":false},"author":4,"featured_media":0,"parent":15383,"menu_order":0,"comment_status":"closed","ping_status":"closed","template":"","meta":{"_acf_changed":false,"footnotes":""},"class_list":["post-14928","page","type-page","status-publish","hentry"],"acf":[],"yoast_head":"<!-- This site is optimized with the Yoast SEO plugin v27.1.1 - https:\/\/yoast.com\/product\/yoast-seo-wordpress\/ -->\n<title>\u00bfBacterias buenas y malas en tu intestino y c\u00f3mo mejorarlas?<\/title>\n<meta name=\"robots\" content=\"index, follow, max-snippet:-1, max-image-preview:large, max-video-preview:-1\" \/>\n<link rel=\"canonical\" href=\"https:\/\/gezonde-darmflora.nl\/es\/flora-intestinal\/bacterias-buenas-y-malas\/\" \/>\n<meta property=\"og:locale\" content=\"es_ES\" \/>\n<meta property=\"og:type\" content=\"article\" \/>\n<meta property=\"og:title\" content=\"\u00bfBacterias buenas y malas en tu intestino y c\u00f3mo mejorarlas?\" \/>\n<meta property=\"og:description\" content=\"[vc_row full_width=\u00bbstretch_row_content_no_spaces\u00bb][vc_column][\/vc_column][\/vc_row][vc_row equal_height=\u00bbyes\u00bb][vc_column offset=\u00bbvc_col-md-8&#8243;][vc_column_text]Tu cuerpo alberga hasta cien billones de bacterias que son la base de tu salud. La importancia de las bacterias en nuestro intestino Las bacterias buenas son importantes para mantenerse sano. Tu flora intestinal es el motor de tu sistema inmunitario y no quieres que ese motor falle. Las Bifiobacterias y los\u2026 Leer m\u00e1s &raquo;\" \/>\n<meta property=\"og:url\" content=\"https:\/\/gezonde-darmflora.nl\/es\/flora-intestinal\/bacterias-buenas-y-malas\/\" \/>\n<meta property=\"og:site_name\" content=\"Gezonde Darmflora\" \/>\n<meta property=\"article:modified_time\" content=\"2025-01-27T15:19:34+00:00\" \/>\n<meta property=\"og:image\" content=\"https:\/\/gezonde-darmflora.nl\/wp-content\/uploads\/2020\/08\/soorten-darmbacterien-300x300.png\" \/>\n<meta name=\"twitter:card\" content=\"summary_large_image\" \/>\n<meta name=\"twitter:label1\" content=\"Tiempo de lectura\" \/>\n\t<meta name=\"twitter:data1\" content=\"7 minutos\" \/>\n<script type=\"application\/ld+json\" class=\"yoast-schema-graph\">{\"@context\":\"https:\/\/schema.org\",\"@graph\":[{\"@type\":\"WebPage\",\"@id\":\"https:\/\/gezonde-darmflora.nl\/es\/flora-intestinal\/bacterias-buenas-y-malas\/\",\"url\":\"https:\/\/gezonde-darmflora.nl\/es\/flora-intestinal\/bacterias-buenas-y-malas\/\",\"name\":\"\u00bfBacterias buenas y malas en tu intestino y c\u00f3mo mejorarlas?\",\"isPartOf\":{\"@id\":\"https:\/\/gezonde-darmflora.nl\/es\/#website\"},\"primaryImageOfPage\":{\"@id\":\"https:\/\/gezonde-darmflora.nl\/es\/flora-intestinal\/bacterias-buenas-y-malas\/#primaryimage\"},\"image\":{\"@id\":\"https:\/\/gezonde-darmflora.nl\/es\/flora-intestinal\/bacterias-buenas-y-malas\/#primaryimage\"},\"thumbnailUrl\":\"https:\/\/gezonde-darmflora.nl\/wp-content\/uploads\/2020\/08\/soorten-darmbacterien-300x300.png\",\"datePublished\":\"2020-07-28T12:22:55+00:00\",\"dateModified\":\"2025-01-27T15:19:34+00:00\",\"breadcrumb\":{\"@id\":\"https:\/\/gezonde-darmflora.nl\/es\/flora-intestinal\/bacterias-buenas-y-malas\/#breadcrumb\"},\"inLanguage\":\"es\",\"potentialAction\":[{\"@type\":\"ReadAction\",\"target\":[\"https:\/\/gezonde-darmflora.nl\/es\/flora-intestinal\/bacterias-buenas-y-malas\/\"]}]},{\"@type\":\"ImageObject\",\"inLanguage\":\"es\",\"@id\":\"https:\/\/gezonde-darmflora.nl\/es\/flora-intestinal\/bacterias-buenas-y-malas\/#primaryimage\",\"url\":\"https:\/\/gezonde-darmflora.nl\/wp-content\/uploads\/2020\/08\/soorten-darmbacterien-300x300.png\",\"contentUrl\":\"https:\/\/gezonde-darmflora.nl\/wp-content\/uploads\/2020\/08\/soorten-darmbacterien-300x300.png\"},{\"@type\":\"BreadcrumbList\",\"@id\":\"https:\/\/gezonde-darmflora.nl\/es\/flora-intestinal\/bacterias-buenas-y-malas\/#breadcrumb\",\"itemListElement\":[{\"@type\":\"ListItem\",\"position\":1,\"name\":\"Home\",\"item\":\"https:\/\/gezonde-darmflora.nl\/es\/\"},{\"@type\":\"ListItem\",\"position\":2,\"name\":\"Flora intestinal\",\"item\":\"https:\/\/gezonde-darmflora.nl\/es\/flora-intestinal\/\"},{\"@type\":\"ListItem\",\"position\":3,\"name\":\"Bacterias buenas y malas\"}]},{\"@type\":\"WebSite\",\"@id\":\"https:\/\/gezonde-darmflora.nl\/es\/#website\",\"url\":\"https:\/\/gezonde-darmflora.nl\/es\/\",\"name\":\"Gezonde Darmflora\",\"description\":\"Een gezonde &amp; natuurlijke darmflora\",\"potentialAction\":[{\"@type\":\"SearchAction\",\"target\":{\"@type\":\"EntryPoint\",\"urlTemplate\":\"https:\/\/gezonde-darmflora.nl\/es\/?s={search_term_string}\"},\"query-input\":{\"@type\":\"PropertyValueSpecification\",\"valueRequired\":true,\"valueName\":\"search_term_string\"}}],\"inLanguage\":\"es\"}]}<\/script>\n<!-- \/ Yoast SEO plugin. -->","yoast_head_json":{"title":"\u00bfBacterias buenas y malas en tu intestino y c\u00f3mo mejorarlas?","robots":{"index":"index","follow":"follow","max-snippet":"max-snippet:-1","max-image-preview":"max-image-preview:large","max-video-preview":"max-video-preview:-1"},"canonical":"https:\/\/gezonde-darmflora.nl\/es\/flora-intestinal\/bacterias-buenas-y-malas\/","og_locale":"es_ES","og_type":"article","og_title":"\u00bfBacterias buenas y malas en tu intestino y c\u00f3mo mejorarlas?","og_description":"[vc_row full_width=\u00bbstretch_row_content_no_spaces\u00bb][vc_column][\/vc_column][\/vc_row][vc_row equal_height=\u00bbyes\u00bb][vc_column offset=\u00bbvc_col-md-8&#8243;][vc_column_text]Tu cuerpo alberga hasta cien billones de bacterias que son la base de tu salud. La importancia de las bacterias en nuestro intestino Las bacterias buenas son importantes para mantenerse sano. Tu flora intestinal es el motor de tu sistema inmunitario y no quieres que ese motor falle. Las Bifiobacterias y los\u2026 Leer m\u00e1s &raquo;","og_url":"https:\/\/gezonde-darmflora.nl\/es\/flora-intestinal\/bacterias-buenas-y-malas\/","og_site_name":"Gezonde Darmflora","article_modified_time":"2025-01-27T15:19:34+00:00","og_image":[{"url":"https:\/\/gezonde-darmflora.nl\/wp-content\/uploads\/2020\/08\/soorten-darmbacterien-300x300.png","type":"","width":"","height":""}],"twitter_card":"summary_large_image","twitter_misc":{"Tiempo de lectura":"7 minutos"},"schema":{"@context":"https:\/\/schema.org","@graph":[{"@type":"WebPage","@id":"https:\/\/gezonde-darmflora.nl\/es\/flora-intestinal\/bacterias-buenas-y-malas\/","url":"https:\/\/gezonde-darmflora.nl\/es\/flora-intestinal\/bacterias-buenas-y-malas\/","name":"\u00bfBacterias buenas y malas en tu intestino y c\u00f3mo mejorarlas?","isPartOf":{"@id":"https:\/\/gezonde-darmflora.nl\/es\/#website"},"primaryImageOfPage":{"@id":"https:\/\/gezonde-darmflora.nl\/es\/flora-intestinal\/bacterias-buenas-y-malas\/#primaryimage"},"image":{"@id":"https:\/\/gezonde-darmflora.nl\/es\/flora-intestinal\/bacterias-buenas-y-malas\/#primaryimage"},"thumbnailUrl":"https:\/\/gezonde-darmflora.nl\/wp-content\/uploads\/2020\/08\/soorten-darmbacterien-300x300.png","datePublished":"2020-07-28T12:22:55+00:00","dateModified":"2025-01-27T15:19:34+00:00","breadcrumb":{"@id":"https:\/\/gezonde-darmflora.nl\/es\/flora-intestinal\/bacterias-buenas-y-malas\/#breadcrumb"},"inLanguage":"es","potentialAction":[{"@type":"ReadAction","target":["https:\/\/gezonde-darmflora.nl\/es\/flora-intestinal\/bacterias-buenas-y-malas\/"]}]},{"@type":"ImageObject","inLanguage":"es","@id":"https:\/\/gezonde-darmflora.nl\/es\/flora-intestinal\/bacterias-buenas-y-malas\/#primaryimage","url":"https:\/\/gezonde-darmflora.nl\/wp-content\/uploads\/2020\/08\/soorten-darmbacterien-300x300.png","contentUrl":"https:\/\/gezonde-darmflora.nl\/wp-content\/uploads\/2020\/08\/soorten-darmbacterien-300x300.png"},{"@type":"BreadcrumbList","@id":"https:\/\/gezonde-darmflora.nl\/es\/flora-intestinal\/bacterias-buenas-y-malas\/#breadcrumb","itemListElement":[{"@type":"ListItem","position":1,"name":"Home","item":"https:\/\/gezonde-darmflora.nl\/es\/"},{"@type":"ListItem","position":2,"name":"Flora intestinal","item":"https:\/\/gezonde-darmflora.nl\/es\/flora-intestinal\/"},{"@type":"ListItem","position":3,"name":"Bacterias buenas y malas"}]},{"@type":"WebSite","@id":"https:\/\/gezonde-darmflora.nl\/es\/#website","url":"https:\/\/gezonde-darmflora.nl\/es\/","name":"Gezonde Darmflora","description":"Een gezonde &amp; natuurlijke darmflora","potentialAction":[{"@type":"SearchAction","target":{"@type":"EntryPoint","urlTemplate":"https:\/\/gezonde-darmflora.nl\/es\/?s={search_term_string}"},"query-input":{"@type":"PropertyValueSpecification","valueRequired":true,"valueName":"search_term_string"}}],"inLanguage":"es"}]}},"_links":{"self":[{"href":"https:\/\/gezonde-darmflora.nl\/es\/wp-json\/wp\/v2\/pages\/14928","targetHints":{"allow":["GET"]}}],"collection":[{"href":"https:\/\/gezonde-darmflora.nl\/es\/wp-json\/wp\/v2\/pages"}],"about":[{"href":"https:\/\/gezonde-darmflora.nl\/es\/wp-json\/wp\/v2\/types\/page"}],"author":[{"embeddable":true,"href":"https:\/\/gezonde-darmflora.nl\/es\/wp-json\/wp\/v2\/users\/4"}],"replies":[{"embeddable":true,"href":"https:\/\/gezonde-darmflora.nl\/es\/wp-json\/wp\/v2\/comments?post=14928"}],"version-history":[{"count":1,"href":"https:\/\/gezonde-darmflora.nl\/es\/wp-json\/wp\/v2\/pages\/14928\/revisions"}],"predecessor-version":[{"id":14936,"href":"https:\/\/gezonde-darmflora.nl\/es\/wp-json\/wp\/v2\/pages\/14928\/revisions\/14936"}],"up":[{"embeddable":true,"href":"https:\/\/gezonde-darmflora.nl\/es\/wp-json\/wp\/v2\/pages\/15383"}],"wp:attachment":[{"href":"https:\/\/gezonde-darmflora.nl\/es\/wp-json\/wp\/v2\/media?parent=14928"}],"curies":[{"name":"wp","href":"https:\/\/api.w.org\/{rel}","templated":true}]}}